{"id":80107,"date":"2022-11-14T17:58:58","date_gmt":"2022-11-14T16:58:58","guid":{"rendered":"https:\/\/onlinelotto365.com\/?page_id=80107"},"modified":"2022-11-14T17:58:58","modified_gmt":"2022-11-14T16:58:58","slug":"euromillions","status":"publish","type":"page","link":"https:\/\/onlinelotto365.com\/lv\/uzvarot-loterijas-numurus\/euromillions\/","title":{"rendered":"Skat\u012bt Euromillions laim\u0113ju\u0161os numurus"},"content":{"rendered":"<p>M\u0113s zin\u0101m, ka m\u016bsu vietn\u0113 ir pieejamas daudzas starptautisk\u0101s loterijas sp\u0113les, un tas var j\u016bs nedaudz mulsin\u0101t. Ta\u010du tam nav j\u0101b\u016bt tik mulsino\u0161am, k\u0101 jums \u0161\u0137iet. Un jums ar\u012b nav j\u0101b\u016bt tik sare\u017e\u0123\u012btam, lai atrastu v\u0113lam\u0101s sp\u0113les laim\u012bgos skait\u013cus. Bet varb\u016bt j\u016bs esat dom\u0101jis p\u0101rbaud\u012bt citur. Av\u012bze un telev\u012bzija ir da\u017eas no iesp\u0113j\u0101m, ta\u010du, ja vien neesat viet\u0113jais iedz\u012bvot\u0101js, var b\u016bt gr\u016bti atrast rezult\u0101tus k\u0101d\u0101 no \u0161\u012bm viet\u0101m.<br \/>\n<a href=\"https:\/\/redfoxlotto.com\/play\/euromillions\/?ref=a8564250a2&amp;medium=ol365\" target=\"_blank\" rel=\"noopener noreferrer\"><img decoding=\"async\" class=\"aligncenter\" src=\"https:\/\/redfoxlotto.com\/image?size=8&amp;lottery=euromillions\" alt=\"euromillions\" \/><\/a><\/p>\n<p>J\u016bs varat ar\u012b izv\u0113l\u0113ties apmekl\u0113t EuroMillions loterijas ofici\u0101lo t\u012bmek\u013ca vietni. T\u0101 ir viena no lab\u0101kaj\u0101m viet\u0101m, kur ieg\u016bt rezult\u0101tus, jo tie ir pieejami fakti, un j\u016bs pat varat v\u0113rot izlozes tie\u0161raidi. V\u0113rot \u0161o izlozi tie\u0161raid\u0113 var b\u016bt jautri un aizraujo\u0161i, jo \u012bpa\u0161i, ja j\u016bs esat tas, kur\u0161 vinn\u0113, un j\u016bs varat v\u0113rot, k\u0101 izkr\u012bt j\u016bsu skait\u013ci. Ta\u010du tas var aiz\u0146emt daudz laika, un ne visas loteriju sp\u0113les patie\u0161\u0101m tiek p\u0101rraid\u012btas.<\/p>\n<p>Kad izloze ir izloz\u0113ta, v\u0113l viena iesp\u0113ja ir p\u0101rbaud\u012bt YouTube, lai uzzin\u0101tu, vai varat ieg\u016bt videoierakstu, kur\u0101 redzams izlozes norise vai k\u0101ds cits, kas atkl\u0101j skait\u013cus p\u0113c izlozes.<\/p>\n<p>Tom\u0113r vislab\u0101kais veids, k\u0101 ieg\u016bt laim\u0113ju\u0161os skait\u013cus, ir p\u0101rbaud\u012bt m\u016bsu t\u012bmek\u013ca vietn\u0113 un p\u0101rbaud\u012bt rezult\u0101tus. Tas viss ir pieejams m\u016bsu loterijas rezult\u0101tu lap\u0101, kur\u0101 redz\u0113siet jebkuras m\u016bsu vietn\u0113 nop\u0113rkam\u0101s loto sp\u0113les laim\u0113ju\u0161os skait\u013cus.<\/p>\n<h2>K\u0101 uzzin\u0101t, vai j\u016bsu tie\u0161saistes bi\u013cete ir laim\u0113jusi?<\/h2>\n<p>V\u0113l lab\u0101k ir tas, ka, ja j\u016bs patie\u0161\u0101m esat ieg\u0101d\u0101jies \u0161\u012bs sp\u0113les bi\u013ceti, jums pat nav j\u0101uztraucas par to, lai apmekl\u0113tu rezult\u0101tu lapu. J\u016bs varat vienk\u0101r\u0161i doties tie\u0161i uz savu kontu un lapu ar bi\u013cet\u0113m.<\/p>\n<p>No turienes j\u016bs varat redz\u0113t laim\u0113ju\u0161os skait\u013cus un sal\u012bdzin\u0101t savus skait\u013cus. Un m\u0113s izce\u013cam skait\u013cus, kas sakr\u012bt, lai j\u016bs tos nepalaistu gar\u0101m. Turkl\u0101t m\u0113s par\u016bp\u0113simies par to, lai j\u016bs sa\u0146emtu laimestus no j\u016bsu numuriem, ja j\u016bsu laimestu summa ir maz\u0101ka par 2500 eiro. Ja t\u0101 ir liel\u0101ka, viss, kas jums j\u0101dara, ir j\u0101aizpilda veidlapa, un m\u0113s joproj\u0101m pal\u012bdz\u0113sim jums par visu par\u016bp\u0113ties.<\/p>\n<h2>EuroMillions rezult\u0101tu arh\u012bvs<\/h2>\n<p>Mums ir vair\u0101kas jomas, kur\u0101s varat apskat\u012bt jaun\u0101kos EuroMillions laim\u0113ju\u0161os skait\u013cus un citu sp\u0113\u013cu rezult\u0101tus, ta\u010du ir ar\u012b iesp\u0113jas apskat\u012bt ar\u012b vec\u0101kos laim\u0113ju\u0161os skait\u013cus. Ja v\u0113laties p\u0101rliecin\u0101ties, ka t\u012bkla sp\u0113lei izv\u0113laties pareizos skait\u013cus, vec\u0101ku sp\u0113\u013cu apl\u016bko\u0161ana var\u0113tu b\u016bt labs veids, k\u0101 izdar\u012bt \u0161o izv\u0113li.<\/p>\n<h2>Mana bi\u013cete ir laim\u0113jusi, kas notiks t\u0101l\u0101k?<\/h2>\n<p><img loading=\"lazy\" decoding=\"async\" class=\"alignright wp-image-3645\" src=\"https:\/\/onlinelotto365.com\/wp-content\/uploads\/2020\/11\/online_lottery-129-300x300.jpg\" alt=\"Euromillions laim\u012bgie skait\u013ci\" width=\"210\" height=\"210\" srcset=\"https:\/\/onlinelotto365.com\/wp-content\/uploads\/2020\/11\/online_lottery-129-300x300.jpg 300w, https:\/\/onlinelotto365.com\/wp-content\/uploads\/2020\/11\/online_lottery-129-100x100.jpg 100w, https:\/\/onlinelotto365.com\/wp-content\/uploads\/2020\/11\/online_lottery-129-150x150.jpg 150w, https:\/\/onlinelotto365.com\/wp-content\/uploads\/2020\/11\/online_lottery-129.jpg 320w\" sizes=\"auto, (max-width: 210px) 100vw, 210px\" \/><br \/>\nM\u0113s jau min\u0113j\u0101m, ka jebkuru laim\u0113to balvu, kas ir maz\u0101ka par 2500 eiro, m\u016bsu klientu apkalpo\u0161anas komanda ieskait\u012bs j\u016bsu kont\u0101. Tikl\u012bdz nauda b\u016bs j\u016bsu kont\u0101, j\u016bs var\u0113siet to iz\u0146emt, izmantot vai dar\u012bt jebko citu, ko v\u0113laties. Tas atvieglos jums iesp\u0113ju turpin\u0101t sp\u0113l\u0113t vai izmantot savu naudu, kam vien v\u0113laties.<br \/>\nJ\u016bs ne tikai var\u0113siet iz\u0146emt naudu no jebkura konta, kur\u0101 jau esat veicis pirkumus, vai iemaks\u0101t sav\u0101 kont\u0101 papildu naudu. Tas ietver bankas kontus, kred\u012btkartes un citus kontus.<\/p>\n","protected":false},"excerpt":{"rendered":"<p>M\u0113s zin\u0101m, ka m\u016bsu vietn\u0113 ir pieejamas daudzas starptautisk\u0101s loterijas sp\u0113les, un tas var j\u016bs nedaudz mulsin\u0101t. Ta\u010du tam nav j\u0101b\u016bt tik mulsino\u0161am, k\u0101 jums \u0161\u0137iet. Un jums ar\u012b nav j\u0101b\u016bt tik sare\u017e\u0123\u012btam, lai atrastu v\u0113lam\u0101s sp\u0113les laim\u012bgos skait\u013cus. Bet varb\u016bt j\u016bs esat dom\u0101jis p\u0101rbaud\u012bt citur. Av\u012bze un telev\u012bzija ir da\u017eas no iesp\u0113j\u0101m, ta\u010du, ja [&hellip;]<\/p>\n","protected":false},"author":1,"featured_media":0,"parent":5850,"menu_order":3,"comment_status":"closed","ping_status":"closed","template":"euromillions-results.php","meta":{"_et_pb_use_builder":"","_et_pb_old_content":"","_et_gb_content_width":"","exclude_from_search":false,"footnotes":""},"class_list":["post-80107","page","type-page","status-publish","hentry"],"yoast_head":"<!-- This site is optimized with the Yoast SEO plugin v23.4 - https:\/\/yoast.com\/wordpress\/plugins\/seo\/ -->\n<title>Uzvar\u0113ju\u0161ie skait\u013ci Euromillions | Skatiet jaun\u0101k\u0101s balvas un rezult\u0101tus Euromillions<\/title>\n<meta name=\"description\" content=\"Sal\u012bdziniet savu Euromillions bi\u013ceti ar laim\u012bgajiem skait\u013ciem - skatiet visus loterijas rezult\u0101tus \u0161eit.\" \/>\n<meta name=\"robots\" content=\"index, follow, max-snippet:-1, max-image-preview:large, max-video-preview:-1\" \/>\n<link rel=\"canonical\" href=\"https:\/\/onlinelotto365.com\/lv\/uzvarot-loterijas-numurus\/euromillions\/\" \/>\n<meta property=\"og:locale\" content=\"lv_LV\" \/>\n<meta property=\"og:type\" content=\"article\" \/>\n<meta property=\"og:title\" content=\"Uzvar\u0113ju\u0161ie skait\u013ci Euromillions | Skatiet jaun\u0101k\u0101s balvas un rezult\u0101tus Euromillions\" \/>\n<meta property=\"og:description\" content=\"Sal\u012bdziniet savu Euromillions bi\u013ceti ar laim\u012bgajiem skait\u013ciem - skatiet visus loterijas rezult\u0101tus \u0161eit.\" \/>\n<meta property=\"og:url\" content=\"https:\/\/onlinelotto365.com\/lv\/uzvarot-loterijas-numurus\/euromillions\/\" \/>\n<meta property=\"og:site_name\" content=\"OnlineLotto365\" \/>\n<meta property=\"og:image\" content=\"https:\/\/redfoxlotto.com\/image?size=8&amp;lottery=euromillions\" \/>\n<meta name=\"twitter:card\" content=\"summary_large_image\" \/>\n<meta name=\"twitter:label1\" content=\"Est. reading time\" \/>\n\t<meta name=\"twitter:data1\" content=\"3 minutes\" \/>\n<script type=\"application\/ld+json\" class=\"yoast-schema-graph\">{\"@context\":\"https:\/\/schema.org\",\"@graph\":[{\"@type\":\"WebPage\",\"@id\":\"https:\/\/onlinelotto365.com\/lv\/uzvarot-loterijas-numurus\/euromillions\/\",\"url\":\"https:\/\/onlinelotto365.com\/lv\/uzvarot-loterijas-numurus\/euromillions\/\",\"name\":\"Uzvar\u0113ju\u0161ie skait\u013ci Euromillions | Skatiet jaun\u0101k\u0101s balvas un rezult\u0101tus Euromillions\",\"isPartOf\":{\"@id\":\"https:\/\/onlinelotto365.com\/lv\/#website\"},\"primaryImageOfPage\":{\"@id\":\"https:\/\/onlinelotto365.com\/lv\/uzvarot-loterijas-numurus\/euromillions\/#primaryimage\"},\"image\":{\"@id\":\"https:\/\/onlinelotto365.com\/lv\/uzvarot-loterijas-numurus\/euromillions\/#primaryimage\"},\"thumbnailUrl\":\"https:\/\/redfoxlotto.com\/image?size=8&amp;lottery=euromillions\",\"datePublished\":\"2022-11-14T16:58:58+00:00\",\"dateModified\":\"2022-11-14T16:58:58+00:00\",\"description\":\"Sal\u012bdziniet savu Euromillions bi\u013ceti ar laim\u012bgajiem skait\u013ciem - skatiet visus loterijas rezult\u0101tus \u0161eit.\",\"breadcrumb\":{\"@id\":\"https:\/\/onlinelotto365.com\/lv\/uzvarot-loterijas-numurus\/euromillions\/#breadcrumb\"},\"inLanguage\":\"lv-LV\",\"potentialAction\":[{\"@type\":\"ReadAction\",\"target\":[\"https:\/\/onlinelotto365.com\/lv\/uzvarot-loterijas-numurus\/euromillions\/\"]}]},{\"@type\":\"ImageObject\",\"inLanguage\":\"lv-LV\",\"@id\":\"https:\/\/onlinelotto365.com\/lv\/uzvarot-loterijas-numurus\/euromillions\/#primaryimage\",\"url\":\"https:\/\/redfoxlotto.com\/image?size=8&amp;lottery=euromillions\",\"contentUrl\":\"https:\/\/redfoxlotto.com\/image?size=8&amp;lottery=euromillions\"},{\"@type\":\"BreadcrumbList\",\"@id\":\"https:\/\/onlinelotto365.com\/lv\/uzvarot-loterijas-numurus\/euromillions\/#breadcrumb\",\"itemListElement\":[{\"@type\":\"ListItem\",\"position\":1,\"name\":\"Home\",\"item\":\"https:\/\/onlinelotto365.com\/lv\/\"},{\"@type\":\"ListItem\",\"position\":2,\"name\":\"Atrodiet uzvar\u0113t\u0101ju ciparus un rezult\u0101tus jaun\u0101kaj\u0101m izloz\u0113m\",\"item\":\"https:\/\/onlinelotto365.com\/lv\/winning-numbers\/\"},{\"@type\":\"ListItem\",\"position\":3,\"name\":\"Skat\u012bt Euromillions laim\u0113ju\u0161os numurus\"}]},{\"@type\":\"WebSite\",\"@id\":\"https:\/\/onlinelotto365.com\/lv\/#website\",\"url\":\"https:\/\/onlinelotto365.com\/lv\/\",\"name\":\"OnlineLotto365\",\"description\":\"\",\"potentialAction\":[{\"@type\":\"SearchAction\",\"target\":{\"@type\":\"EntryPoint\",\"urlTemplate\":\"https:\/\/onlinelotto365.com\/lv\/?s={search_term_string}\"},\"query-input\":{\"@type\":\"PropertyValueSpecification\",\"valueRequired\":true,\"valueName\":\"search_term_string\"}}],\"inLanguage\":\"lv-LV\"}]}<\/script>\n<!-- \/ Yoast SEO plugin. -->","yoast_head_json":{"title":"Uzvar\u0113ju\u0161ie skait\u013ci Euromillions | Skatiet jaun\u0101k\u0101s balvas un rezult\u0101tus Euromillions","description":"Sal\u012bdziniet savu Euromillions bi\u013ceti ar laim\u012bgajiem skait\u013ciem - skatiet visus loterijas rezult\u0101tus \u0161eit.","robots":{"index":"index","follow":"follow","max-snippet":"max-snippet:-1","max-image-preview":"max-image-preview:large","max-video-preview":"max-video-preview:-1"},"canonical":"https:\/\/onlinelotto365.com\/lv\/uzvarot-loterijas-numurus\/euromillions\/","og_locale":"lv_LV","og_type":"article","og_title":"Uzvar\u0113ju\u0161ie skait\u013ci Euromillions | Skatiet jaun\u0101k\u0101s balvas un rezult\u0101tus Euromillions","og_description":"Sal\u012bdziniet savu Euromillions bi\u013ceti ar laim\u012bgajiem skait\u013ciem - skatiet visus loterijas rezult\u0101tus \u0161eit.","og_url":"https:\/\/onlinelotto365.com\/lv\/uzvarot-loterijas-numurus\/euromillions\/","og_site_name":"OnlineLotto365","og_image":[{"url":"https:\/\/redfoxlotto.com\/image?size=8&amp;lottery=euromillions"}],"twitter_card":"summary_large_image","twitter_misc":{"Est. reading time":"3 minutes"},"schema":{"@context":"https:\/\/schema.org","@graph":[{"@type":"WebPage","@id":"https:\/\/onlinelotto365.com\/lv\/uzvarot-loterijas-numurus\/euromillions\/","url":"https:\/\/onlinelotto365.com\/lv\/uzvarot-loterijas-numurus\/euromillions\/","name":"Uzvar\u0113ju\u0161ie skait\u013ci Euromillions | Skatiet jaun\u0101k\u0101s balvas un rezult\u0101tus Euromillions","isPartOf":{"@id":"https:\/\/onlinelotto365.com\/lv\/#website"},"primaryImageOfPage":{"@id":"https:\/\/onlinelotto365.com\/lv\/uzvarot-loterijas-numurus\/euromillions\/#primaryimage"},"image":{"@id":"https:\/\/onlinelotto365.com\/lv\/uzvarot-loterijas-numurus\/euromillions\/#primaryimage"},"thumbnailUrl":"https:\/\/redfoxlotto.com\/image?size=8&amp;lottery=euromillions","datePublished":"2022-11-14T16:58:58+00:00","dateModified":"2022-11-14T16:58:58+00:00","description":"Sal\u012bdziniet savu Euromillions bi\u013ceti ar laim\u012bgajiem skait\u013ciem - skatiet visus loterijas rezult\u0101tus \u0161eit.","breadcrumb":{"@id":"https:\/\/onlinelotto365.com\/lv\/uzvarot-loterijas-numurus\/euromillions\/#breadcrumb"},"inLanguage":"lv-LV","potentialAction":[{"@type":"ReadAction","target":["https:\/\/onlinelotto365.com\/lv\/uzvarot-loterijas-numurus\/euromillions\/"]}]},{"@type":"ImageObject","inLanguage":"lv-LV","@id":"https:\/\/onlinelotto365.com\/lv\/uzvarot-loterijas-numurus\/euromillions\/#primaryimage","url":"https:\/\/redfoxlotto.com\/image?size=8&amp;lottery=euromillions","contentUrl":"https:\/\/redfoxlotto.com\/image?size=8&amp;lottery=euromillions"},{"@type":"BreadcrumbList","@id":"https:\/\/onlinelotto365.com\/lv\/uzvarot-loterijas-numurus\/euromillions\/#breadcrumb","itemListElement":[{"@type":"ListItem","position":1,"name":"Home","item":"https:\/\/onlinelotto365.com\/lv\/"},{"@type":"ListItem","position":2,"name":"Atrodiet uzvar\u0113t\u0101ju ciparus un rezult\u0101tus jaun\u0101kaj\u0101m izloz\u0113m","item":"https:\/\/onlinelotto365.com\/lv\/winning-numbers\/"},{"@type":"ListItem","position":3,"name":"Skat\u012bt Euromillions laim\u0113ju\u0161os numurus"}]},{"@type":"WebSite","@id":"https:\/\/onlinelotto365.com\/lv\/#website","url":"https:\/\/onlinelotto365.com\/lv\/","name":"OnlineLotto365","description":"","potentialAction":[{"@type":"SearchAction","target":{"@type":"EntryPoint","urlTemplate":"https:\/\/onlinelotto365.com\/lv\/?s={search_term_string}"},"query-input":{"@type":"PropertyValueSpecification","valueRequired":true,"valueName":"search_term_string"}}],"inLanguage":"lv-LV"}]}},"_links":{"self":[{"href":"https:\/\/onlinelotto365.com\/lv\/wp-json\/wp\/v2\/pages\/80107","targetHints":{"allow":["GET"]}}],"collection":[{"href":"https:\/\/onlinelotto365.com\/lv\/wp-json\/wp\/v2\/pages"}],"about":[{"href":"https:\/\/onlinelotto365.com\/lv\/wp-json\/wp\/v2\/types\/page"}],"author":[{"embeddable":true,"href":"https:\/\/onlinelotto365.com\/lv\/wp-json\/wp\/v2\/users\/1"}],"replies":[{"embeddable":true,"href":"https:\/\/onlinelotto365.com\/lv\/wp-json\/wp\/v2\/comments?post=80107"}],"version-history":[{"count":0,"href":"https:\/\/onlinelotto365.com\/lv\/wp-json\/wp\/v2\/pages\/80107\/revisions"}],"up":[{"embeddable":true,"href":"https:\/\/onlinelotto365.com\/lv\/wp-json\/wp\/v2\/pages\/5850"}],"wp:attachment":[{"href":"https:\/\/onlinelotto365.com\/lv\/wp-json\/wp\/v2\/media?parent=80107"}],"curies":[{"name":"wp","href":"https:\/\/api.w.org\/{rel}","templated":true}]}}