{"id":80139,"date":"2022-11-15T07:32:59","date_gmt":"2022-11-15T06:32:59","guid":{"rendered":"https:\/\/onlinelotto365.com\/?page_id=80139"},"modified":"2022-11-15T07:32:59","modified_gmt":"2022-11-15T06:32:59","slug":"mega-miljoni","status":"publish","type":"page","link":"https:\/\/onlinelotto365.com\/lv\/uzvarot-loterijas-numurus\/mega-miljoni\/","title":{"rendered":"P\u0101rbaudiet Mega Millions uzvar\u0113t\u0101ju numurus \u0161eit"},"content":{"rendered":"<p>\u0145emot v\u0113r\u0101 visas starptautisk\u0101s loterijas, kuras varat sp\u0113l\u0113t m\u016bsu vietn\u0113, laim\u0113ju\u0161o numuru un rezult\u0101tu ieg\u016b\u0161ana var sag\u0101d\u0101t probl\u0113mas. Iesp\u0113jams, j\u016bs nevar\u0113siet atrast Mega Millions laim\u0113ju\u0161os skait\u013cus sav\u0101 laikrakst\u0101. J\u016bs var\u0113tu mekl\u0113t jums pieejamu telev\u012bzijas kan\u0101lu, kas sav\u0101s zi\u0146\u0101s iek\u013cauj izlozes rezult\u0101tus, ta\u010du tas pras\u012btu zin\u0101mu izp\u0113ti.<br \/>\n<a href=\"https:\/\/redfoxlotto.com\/play\/mega-millions\/?ref=a8564250a2&amp;medium=ol365\" target=\"_blank\" rel=\"noopener noreferrer\"><img decoding=\"async\" class=\"aligncenter\" src=\"https:\/\/redfoxlotto.com\/image?size=8&amp;lottery=mega-millions\" alt=\"Mega Millions\" \/><\/a><br \/>\nViena no iesp\u0113j\u0101m b\u016btu p\u0101rbaud\u012bt, vai ofici\u0101laj\u0101 Mega Millions loterijas t\u012bmek\u013ca vietn\u0113 tiek p\u0101rraid\u012bta izlozes proced\u016bras tie\u0161raide. Redz\u0113t izloz\u0113tos skait\u013cus tie\u0161raid\u0113, protams, ir \u013coti aizraujo\u0161i. Tas b\u016btu ar\u012b \u0101tr\u0101kais veids, k\u0101 uzzin\u0101t, vai j\u016bsu skait\u013ci ir laim\u0113ju\u0161i. Ta\u010du liel\u0101k\u0101 da\u013ca loteriju nepied\u0101v\u0101 izlozes tie\u0161raidi re\u0101llaik\u0101.<\/p>\n<p>Ja laik\u0101, kad v\u0113laties p\u0101rbaud\u012bt laim\u0113ju\u0161os skait\u013cus, izloze jau ir notikusi, varat doties uz Youtube un mekl\u0113t video, kur\u0101 redzams jaun\u0101kais Mega Millions izlozes izlozes izn\u0101kums.<\/p>\n<p>Ta\u010du \u013coti \u0113rts veids, k\u0101 p\u0101rbaud\u012bt laim\u0113ju\u0161os skait\u013cus, k\u0101 ar\u012b Mega Millions rezult\u0101tus un balvas, ir m\u016bsu pa\u0161u loterijas rezult\u0101tu lapa. Vien\u0101 lap\u0101 j\u016bs varat atrast visu m\u016bsu pied\u0101v\u0101to loteriju laim\u0113ju\u0161os skait\u013cus.<\/p>\n<h2>K\u0101 uzzin\u0101t, vai j\u016bsu tie\u0161saistes bi\u013cete ir laim\u0113jusi<\/h2>\n<p>Un tas k\u013c\u016bst v\u0113l lab\u0101k! Ja esat ieg\u0101d\u0101jies Mega Millions bi\u013ceti m\u016bsu vietn\u0113, varat apskat\u012bt savu kontu (protams, vispirms ir j\u0101piesak\u0101s) un sada\u013cu, kur\u0101 glab\u0101jas j\u016bsu bi\u013cetes. Katras loterijas, kur\u0101 esat piedal\u012bjies, laim\u0113ju\u0161ie skait\u013ci ir redzami tie\u0161i blakus tiem skait\u013ciem, kurus esat izv\u0113l\u0113jies. Visi j\u016bsu bi\u013cetes skait\u013ci, kas atbilst izlozes rezult\u0101tiem, ar\u012b b\u016bs apz\u012bm\u0113ti ar kr\u0101su. Kad zin\u0101t, cik skait\u013cus esat pareizi izv\u0113l\u0113jies, varat p\u0101rbaud\u012bt, cik daudz esat laim\u0113jis. Turkl\u0101t atcerieties, ka visi laimesti, kuru summa ir maz\u0101ka par \u20ac2500, tiks ieskait\u012bti j\u016bsu sp\u0113l\u0113t\u0101ja kont\u0101, tikl\u012bdz loterija b\u016bs apstiprin\u0101jusi ofici\u0101los rezult\u0101tus.<\/p>\n<h2>Mega Millions rezult\u0101tu arh\u012bvs<\/h2>\n<p>M\u016bsu vietnes lap\u0101s, kur\u0101s redzami jaun\u0101kie Mega Millions rezult\u0101ti, varat p\u0101rbaud\u012bt ar\u012b iepriek\u0161\u0113jo izlo\u017eu rezult\u0101tus. Daudzi sp\u0113l\u0113t\u0101ji to izmanto, lai p\u0101rbaud\u012btu, kuri skait\u013ci ir izloz\u0113ti p\u0113d\u0113j\u0101 laik\u0101 vai kuri skait\u013ci nav izloz\u0113ti iepriek\u0161. T\u0101 ir \u013coti popul\u0101ra loterijas strat\u0113\u0123ija &#8211; izmantot \u0161o inform\u0101ciju, izv\u0113loties n\u0101kam\u0101s bi\u013cetes numurus.<\/p>\n<h2>Mana bi\u013cete ir laim\u0113jusi, kas notiks t\u0101l\u0101k?<\/h2>\n<p>K\u0101 jau min\u0113j\u0101m, laimesti, kuru summa ir maz\u0101ka par 2500 eiro, tiks ieskait\u012bti tie\u0161i j\u016bsu klienta kont\u0101 m\u016bsu t\u012bmek\u013ca vietn\u0113. No turienes j\u016bs varat iz\u0146emt visu laimestu vai t\u0101 da\u013cu, ja vien j\u016bsu kont\u0101 ir vismaz \u20ac10. Vai ar\u012b da\u013cu no t\u0101s varat izmantot, lai ieg\u0101d\u0101tos jaunas bi\u013cetes. Ja nolemjat iz\u0146emt l\u012bdzek\u013cus uz kred\u012btkarti vai bankas kontu, jums b\u016bs j\u0101uzr\u0101da mums da\u017ei identifik\u0101cijas dokumenti. T\u0101 ir m\u016bsu maks\u0101jumu apstr\u0101d\u0101t\u0101ju pras\u012bba saist\u012bb\u0101 ar likumiem pret naudas atmazg\u0101\u0161anu. T\u0101pat j\u016bs nevarat izmantot t\u0101du izmaksas metodi, kas iepriek\u0161 nav izmantota pirkumam vai iemaksai.<\/p>\n","protected":false},"excerpt":{"rendered":"<p>\u0145emot v\u0113r\u0101 visas starptautisk\u0101s loterijas, kuras varat sp\u0113l\u0113t m\u016bsu vietn\u0113, laim\u0113ju\u0161o numuru un rezult\u0101tu ieg\u016b\u0161ana var sag\u0101d\u0101t probl\u0113mas. Iesp\u0113jams, j\u016bs nevar\u0113siet atrast Mega Millions laim\u0113ju\u0161os skait\u013cus sav\u0101 laikrakst\u0101. J\u016bs var\u0113tu mekl\u0113t jums pieejamu telev\u012bzijas kan\u0101lu, kas sav\u0101s zi\u0146\u0101s iek\u013cauj izlozes rezult\u0101tus, ta\u010du tas pras\u012btu zin\u0101mu izp\u0113ti. Viena no iesp\u0113j\u0101m b\u016btu p\u0101rbaud\u012bt, vai ofici\u0101laj\u0101 Mega Millions [&hellip;]<\/p>\n","protected":false},"author":1,"featured_media":0,"parent":5850,"menu_order":2,"comment_status":"closed","ping_status":"closed","template":"megamillion-results.php","meta":{"_et_pb_use_builder":"","_et_pb_old_content":"","_et_gb_content_width":"","exclude_from_search":false,"footnotes":""},"class_list":["post-80139","page","type-page","status-publish","hentry"],"yoast_head":"<!-- This site is optimized with the Yoast SEO plugin v23.4 - https:\/\/yoast.com\/wordpress\/plugins\/seo\/ -->\n<title>Mega Millions laim\u0113ju\u0161ie skait\u013ci | Jaun\u0101kie izlozes rezult\u0101ti un Mega Millions balvas<\/title>\n<meta name=\"description\" content=\"K\u0101 izmantot m\u016bsu vietni, lai viegli atrastu Mega Millions laim\u0113ju\u0161os numurus un rezult\u0101tus?\" \/>\n<meta name=\"robots\" content=\"index, follow, max-snippet:-1, max-image-preview:large, max-video-preview:-1\" \/>\n<link rel=\"canonical\" href=\"https:\/\/onlinelotto365.com\/lv\/uzvarot-loterijas-numurus\/mega-miljoni\/\" \/>\n<meta property=\"og:locale\" content=\"lv_LV\" \/>\n<meta property=\"og:type\" content=\"article\" \/>\n<meta property=\"og:title\" content=\"Mega Millions laim\u0113ju\u0161ie skait\u013ci | Jaun\u0101kie izlozes rezult\u0101ti un Mega Millions balvas\" \/>\n<meta property=\"og:description\" content=\"K\u0101 izmantot m\u016bsu vietni, lai viegli atrastu Mega Millions laim\u0113ju\u0161os numurus un rezult\u0101tus?\" \/>\n<meta property=\"og:url\" content=\"https:\/\/onlinelotto365.com\/lv\/uzvarot-loterijas-numurus\/mega-miljoni\/\" \/>\n<meta property=\"og:site_name\" content=\"OnlineLotto365\" \/>\n<meta property=\"og:image\" content=\"https:\/\/redfoxlotto.com\/image?size=8&amp;lottery=mega-millions\" \/>\n<meta name=\"twitter:card\" content=\"summary_large_image\" \/>\n<meta name=\"twitter:label1\" content=\"Est. reading time\" \/>\n\t<meta name=\"twitter:data1\" content=\"2 minutes\" \/>\n<script type=\"application\/ld+json\" class=\"yoast-schema-graph\">{\"@context\":\"https:\/\/schema.org\",\"@graph\":[{\"@type\":\"WebPage\",\"@id\":\"https:\/\/onlinelotto365.com\/lv\/uzvarot-loterijas-numurus\/mega-miljoni\/\",\"url\":\"https:\/\/onlinelotto365.com\/lv\/uzvarot-loterijas-numurus\/mega-miljoni\/\",\"name\":\"Mega Millions laim\u0113ju\u0161ie skait\u013ci | Jaun\u0101kie izlozes rezult\u0101ti un Mega Millions balvas\",\"isPartOf\":{\"@id\":\"https:\/\/onlinelotto365.com\/lv\/#website\"},\"primaryImageOfPage\":{\"@id\":\"https:\/\/onlinelotto365.com\/lv\/uzvarot-loterijas-numurus\/mega-miljoni\/#primaryimage\"},\"image\":{\"@id\":\"https:\/\/onlinelotto365.com\/lv\/uzvarot-loterijas-numurus\/mega-miljoni\/#primaryimage\"},\"thumbnailUrl\":\"https:\/\/redfoxlotto.com\/image?size=8&amp;lottery=mega-millions\",\"datePublished\":\"2022-11-15T06:32:59+00:00\",\"dateModified\":\"2022-11-15T06:32:59+00:00\",\"description\":\"K\u0101 izmantot m\u016bsu vietni, lai viegli atrastu Mega Millions laim\u0113ju\u0161os numurus un rezult\u0101tus?\",\"breadcrumb\":{\"@id\":\"https:\/\/onlinelotto365.com\/lv\/uzvarot-loterijas-numurus\/mega-miljoni\/#breadcrumb\"},\"inLanguage\":\"lv-LV\",\"potentialAction\":[{\"@type\":\"ReadAction\",\"target\":[\"https:\/\/onlinelotto365.com\/lv\/uzvarot-loterijas-numurus\/mega-miljoni\/\"]}]},{\"@type\":\"ImageObject\",\"inLanguage\":\"lv-LV\",\"@id\":\"https:\/\/onlinelotto365.com\/lv\/uzvarot-loterijas-numurus\/mega-miljoni\/#primaryimage\",\"url\":\"https:\/\/redfoxlotto.com\/image?size=8&amp;lottery=mega-millions\",\"contentUrl\":\"https:\/\/redfoxlotto.com\/image?size=8&amp;lottery=mega-millions\"},{\"@type\":\"BreadcrumbList\",\"@id\":\"https:\/\/onlinelotto365.com\/lv\/uzvarot-loterijas-numurus\/mega-miljoni\/#breadcrumb\",\"itemListElement\":[{\"@type\":\"ListItem\",\"position\":1,\"name\":\"Home\",\"item\":\"https:\/\/onlinelotto365.com\/lv\/\"},{\"@type\":\"ListItem\",\"position\":2,\"name\":\"Atrodiet uzvar\u0113t\u0101ju ciparus un rezult\u0101tus jaun\u0101kaj\u0101m izloz\u0113m\",\"item\":\"https:\/\/onlinelotto365.com\/lv\/winning-numbers\/\"},{\"@type\":\"ListItem\",\"position\":3,\"name\":\"P\u0101rbaudiet Mega Millions uzvar\u0113t\u0101ju numurus \u0161eit\"}]},{\"@type\":\"WebSite\",\"@id\":\"https:\/\/onlinelotto365.com\/lv\/#website\",\"url\":\"https:\/\/onlinelotto365.com\/lv\/\",\"name\":\"OnlineLotto365\",\"description\":\"\",\"potentialAction\":[{\"@type\":\"SearchAction\",\"target\":{\"@type\":\"EntryPoint\",\"urlTemplate\":\"https:\/\/onlinelotto365.com\/lv\/?s={search_term_string}\"},\"query-input\":{\"@type\":\"PropertyValueSpecification\",\"valueRequired\":true,\"valueName\":\"search_term_string\"}}],\"inLanguage\":\"lv-LV\"}]}<\/script>\n<!-- \/ Yoast SEO plugin. -->","yoast_head_json":{"title":"Mega Millions laim\u0113ju\u0161ie skait\u013ci | Jaun\u0101kie izlozes rezult\u0101ti un Mega Millions balvas","description":"K\u0101 izmantot m\u016bsu vietni, lai viegli atrastu Mega Millions laim\u0113ju\u0161os numurus un rezult\u0101tus?","robots":{"index":"index","follow":"follow","max-snippet":"max-snippet:-1","max-image-preview":"max-image-preview:large","max-video-preview":"max-video-preview:-1"},"canonical":"https:\/\/onlinelotto365.com\/lv\/uzvarot-loterijas-numurus\/mega-miljoni\/","og_locale":"lv_LV","og_type":"article","og_title":"Mega Millions laim\u0113ju\u0161ie skait\u013ci | Jaun\u0101kie izlozes rezult\u0101ti un Mega Millions balvas","og_description":"K\u0101 izmantot m\u016bsu vietni, lai viegli atrastu Mega Millions laim\u0113ju\u0161os numurus un rezult\u0101tus?","og_url":"https:\/\/onlinelotto365.com\/lv\/uzvarot-loterijas-numurus\/mega-miljoni\/","og_site_name":"OnlineLotto365","og_image":[{"url":"https:\/\/redfoxlotto.com\/image?size=8&amp;lottery=mega-millions"}],"twitter_card":"summary_large_image","twitter_misc":{"Est. reading time":"2 minutes"},"schema":{"@context":"https:\/\/schema.org","@graph":[{"@type":"WebPage","@id":"https:\/\/onlinelotto365.com\/lv\/uzvarot-loterijas-numurus\/mega-miljoni\/","url":"https:\/\/onlinelotto365.com\/lv\/uzvarot-loterijas-numurus\/mega-miljoni\/","name":"Mega Millions laim\u0113ju\u0161ie skait\u013ci | Jaun\u0101kie izlozes rezult\u0101ti un Mega Millions balvas","isPartOf":{"@id":"https:\/\/onlinelotto365.com\/lv\/#website"},"primaryImageOfPage":{"@id":"https:\/\/onlinelotto365.com\/lv\/uzvarot-loterijas-numurus\/mega-miljoni\/#primaryimage"},"image":{"@id":"https:\/\/onlinelotto365.com\/lv\/uzvarot-loterijas-numurus\/mega-miljoni\/#primaryimage"},"thumbnailUrl":"https:\/\/redfoxlotto.com\/image?size=8&amp;lottery=mega-millions","datePublished":"2022-11-15T06:32:59+00:00","dateModified":"2022-11-15T06:32:59+00:00","description":"K\u0101 izmantot m\u016bsu vietni, lai viegli atrastu Mega Millions laim\u0113ju\u0161os numurus un rezult\u0101tus?","breadcrumb":{"@id":"https:\/\/onlinelotto365.com\/lv\/uzvarot-loterijas-numurus\/mega-miljoni\/#breadcrumb"},"inLanguage":"lv-LV","potentialAction":[{"@type":"ReadAction","target":["https:\/\/onlinelotto365.com\/lv\/uzvarot-loterijas-numurus\/mega-miljoni\/"]}]},{"@type":"ImageObject","inLanguage":"lv-LV","@id":"https:\/\/onlinelotto365.com\/lv\/uzvarot-loterijas-numurus\/mega-miljoni\/#primaryimage","url":"https:\/\/redfoxlotto.com\/image?size=8&amp;lottery=mega-millions","contentUrl":"https:\/\/redfoxlotto.com\/image?size=8&amp;lottery=mega-millions"},{"@type":"BreadcrumbList","@id":"https:\/\/onlinelotto365.com\/lv\/uzvarot-loterijas-numurus\/mega-miljoni\/#breadcrumb","itemListElement":[{"@type":"ListItem","position":1,"name":"Home","item":"https:\/\/onlinelotto365.com\/lv\/"},{"@type":"ListItem","position":2,"name":"Atrodiet uzvar\u0113t\u0101ju ciparus un rezult\u0101tus jaun\u0101kaj\u0101m izloz\u0113m","item":"https:\/\/onlinelotto365.com\/lv\/winning-numbers\/"},{"@type":"ListItem","position":3,"name":"P\u0101rbaudiet Mega Millions uzvar\u0113t\u0101ju numurus \u0161eit"}]},{"@type":"WebSite","@id":"https:\/\/onlinelotto365.com\/lv\/#website","url":"https:\/\/onlinelotto365.com\/lv\/","name":"OnlineLotto365","description":"","potentialAction":[{"@type":"SearchAction","target":{"@type":"EntryPoint","urlTemplate":"https:\/\/onlinelotto365.com\/lv\/?s={search_term_string}"},"query-input":{"@type":"PropertyValueSpecification","valueRequired":true,"valueName":"search_term_string"}}],"inLanguage":"lv-LV"}]}},"_links":{"self":[{"href":"https:\/\/onlinelotto365.com\/lv\/wp-json\/wp\/v2\/pages\/80139","targetHints":{"allow":["GET"]}}],"collection":[{"href":"https:\/\/onlinelotto365.com\/lv\/wp-json\/wp\/v2\/pages"}],"about":[{"href":"https:\/\/onlinelotto365.com\/lv\/wp-json\/wp\/v2\/types\/page"}],"author":[{"embeddable":true,"href":"https:\/\/onlinelotto365.com\/lv\/wp-json\/wp\/v2\/users\/1"}],"replies":[{"embeddable":true,"href":"https:\/\/onlinelotto365.com\/lv\/wp-json\/wp\/v2\/comments?post=80139"}],"version-history":[{"count":0,"href":"https:\/\/onlinelotto365.com\/lv\/wp-json\/wp\/v2\/pages\/80139\/revisions"}],"up":[{"embeddable":true,"href":"https:\/\/onlinelotto365.com\/lv\/wp-json\/wp\/v2\/pages\/5850"}],"wp:attachment":[{"href":"https:\/\/onlinelotto365.com\/lv\/wp-json\/wp\/v2\/media?parent=80139"}],"curies":[{"name":"wp","href":"https:\/\/api.w.org\/{rel}","templated":true}]}}