{"id":80171,"date":"2022-11-15T08:36:03","date_gmt":"2022-11-15T07:36:03","guid":{"rendered":"https:\/\/onlinelotto365.com\/?page_id=80171"},"modified":"2022-11-15T08:36:03","modified_gmt":"2022-11-15T07:36:03","slug":"powerball","status":"publish","type":"page","link":"https:\/\/onlinelotto365.com\/lv\/uzvarot-loterijas-numurus\/powerball\/","title":{"rendered":"Powerball izlozes rezult\u0101ti"},"content":{"rendered":"<h2>P\u0101rbaudiet Powerball uzvar\u0113t\u0101ju numurus \u0161eit<\/h2>\n<p>Ja dz\u012bvojat ASV, ir viegli atrast Powerball laimesta numurus. \u012apa\u0161i gad\u012bjumos, kad laimests ir \u013coti liels, rezult\u0101ti tiek p\u0101rraid\u012bti zi\u0146\u0101s un public\u0113ti visos laikrakstos.<br \/>\n<a href=\"https:\/\/redfoxlotto.com\/play\/powerball\/?ref=a8564250a2&amp;medium=ol365\" target=\"_blank\" rel=\"noopener noreferrer\"><img decoding=\"async\" class=\"aligncenter\" src=\"https:\/\/redfoxlotto.com\/image?size=8&amp;lottery=powerball\" alt=\"Powerball\" \/><\/a><br \/>\nBet ko dar\u012bt, ja nedz\u012bvojat ASV, k\u0101 j\u016bs varat uzzin\u0101t Powerball laim\u0113ju\u0161os skait\u013cus? K\u0101 atrast rezult\u0101tus un uzzin\u0101t, cik daudz esat laim\u0113jis?<\/p>\n<h2>K\u0101 uzzin\u0101t, vai j\u016bsu tie\u0161saistes bi\u013cete ir laim\u0113jusi?<\/h2>\n<p>Ja esat ieg\u0101d\u0101jies bi\u013ceti tie\u0161saist\u0113, tas paties\u012bb\u0101 ir diezgan vienk\u0101r\u0161i. Atgriezieties m\u016bsu vietn\u0113, piesakieties, izmantojot savu lietot\u0101jv\u0101rdu un paroli, un p\u0113c tam dodieties uz sada\u013cu, kur\u0101 digit\u0101li ir saglab\u0101ta j\u016bsu pirkuma bi\u013cete. J\u016bsu izsp\u0113l\u0113tie skait\u013ci tiks izcelti cit\u0101 kr\u0101s\u0101, ja tie sakrit\u012bs ar izlozes dienas izlozes skait\u013ciem, uz kuru ieg\u0101d\u0101j\u0101ties bi\u013ceti.<\/p>\n<p>Protams, varat ar\u012b atv\u0113rt m\u016bsu rezult\u0101tu p\u0101rskata lapu un sal\u012bdzin\u0101t izlozes rezult\u0101tus ar savu bi\u013ceti. Da\u017ei m\u016bsu klienti labpr\u0101t izdruk\u0101 savas tie\u0161saistes bi\u013cetes un p\u0113c tam izdruk\u0101 atz\u012bm\u0113 laim\u0113ju\u0161os skait\u013cus, lai redz\u0113tu, vai vi\u0146i ir vinn\u0113ju\u0161i.<\/p>\n<h2>Powerball rezult\u0101tu arh\u012bvs<\/h2>\n<p>M\u016bsu loterijas rezult\u0101tu p\u0101rskata lap\u0101 varat apl\u016bkot ar\u012b iepriek\u0161\u0113jo ned\u0113\u013cu laim\u0113ju\u0161os skait\u013cus. Tas var pal\u012bdz\u0113t jums, izv\u0113loties savu laim\u012bgo numuru izv\u0113les strat\u0113\u0123iju. Piem\u0113ram, j\u016bs varat m\u0113\u0123in\u0101t atrast skait\u013cus, kas jau sen ir izloz\u0113ti, un p\u0113c tam izveidot loterijas bi\u013ceti, izmantojot tikai \u0161os skait\u013cus.<\/p>\n<p>Vai ar\u012b varat izv\u0113l\u0113ties Powerball laim\u012bgos skait\u013cus, noskaidrojot, kuri skait\u013ci ir izloz\u0113ti bie\u017e\u0101k nek\u0101 citi skait\u013ci. Daudzi sp\u0113l\u0113t\u0101ji izmanto \u0161o divu meto\u017eu kombin\u0101ciju, lai izv\u0113l\u0113tos savus person\u012bgos loterijas numurus.<\/p>\n<p>Ja nevarat izlemt, kurus skait\u013cus izv\u0113l\u0113ties laimesta bi\u013cetei, izv\u0113lieties \u0161o metodi: P\u0101rbaudiet, k\u0101di ir biju\u0161ie laim\u0113ju\u0161ie skait\u013ci k\u0101d\u0101 cit\u0101 loterij\u0101, kuras skait\u013cu diapazons ir l\u012bdz\u012bgs tai, kuru pl\u0101nojat sp\u0113l\u0113t. Atrodiet \u0161ajos iepriek\u0161\u0113jos rezult\u0101tos sev t\u012bkamu laim\u0113ju\u0161o kombin\u0101ciju un p\u0113c tam izmantojiet \u0161os vec\u0101kos laim\u0113ju\u0161os skait\u013cus, lai izsp\u0113l\u0113tu jaunu Powerball bi\u013ceti.<\/p>\n<h2>Mana bi\u013cete ir laim\u0113jusi, kas notiks t\u0101l\u0101k?<\/h2>\n<p><img loading=\"lazy\" decoding=\"async\" class=\"size-full wp-image-50704 alignright\" src=\"https:\/\/onlinelotto365.com\/wp-content\/uploads\/2021\/01\/online_lottery-136.jpg\" alt=\"loterijas rezult\u0101ti\" width=\"297\" height=\"101\" \/><br \/>\nApsveicam, labi jums veicas! Protams, m\u0113s vienm\u0113r priec\u0101jamies, ja k\u0101dam no m\u016bsu klientiem ir bi\u013cete ar laim\u0113ju\u0161o Powerball. Neatkar\u012bgi no t\u0101, vai tas ir maz\u0101ks vai liel\u0101ks laimests, m\u0113s par\u016bp\u0113simies par izmaksu j\u016bsu viet\u0101, protams, bez maksas!<\/p>\n<p>Ja laim\u0113jum\u0101 ir 2500 \u20ac vai maz\u0101k &#8211; laim\u0113t\u0101 summa tiks ieskait\u012bta j\u016bsu bilanc\u0113 m\u016bsu vietn\u0113. No turienes varat to sa\u0146emt skaidr\u0101 naud\u0101 vai izmantot atlikumu, lai ieg\u0101d\u0101tos vair\u0101k bi\u013ce\u0161u.<\/p>\n<p>Laimests, kas p\u0101rsniedz 2500 eiro &#8211; m\u016bsu atbalsta komanda pal\u012bdz\u0113s jums sa\u0146emt vinnestu. P\u0113c tam, kad b\u016bsiet iesniedzis inform\u0101ciju par savu identit\u0101ti un v\u0113lamo maks\u0101juma veidu (bankas p\u0101rskait\u012bjumu vai \u010deku), J\u016bs sa\u0146emsiet maks\u0101jumu tie\u0161i J\u016bsu izv\u0113l\u0113taj\u0101 veid\u0101.<\/p>\n","protected":false},"excerpt":{"rendered":"<p>P\u0101rbaudiet Powerball uzvar\u0113t\u0101ju numurus \u0161eit Ja dz\u012bvojat ASV, ir viegli atrast Powerball laimesta numurus. \u012apa\u0161i gad\u012bjumos, kad laimests ir \u013coti liels, rezult\u0101ti tiek p\u0101rraid\u012bti zi\u0146\u0101s un public\u0113ti visos laikrakstos. Bet ko dar\u012bt, ja nedz\u012bvojat ASV, k\u0101 j\u016bs varat uzzin\u0101t Powerball laim\u0113ju\u0161os skait\u013cus? K\u0101 atrast rezult\u0101tus un uzzin\u0101t, cik daudz esat laim\u0113jis? K\u0101 uzzin\u0101t, vai j\u016bsu [&hellip;]<\/p>\n","protected":false},"author":1,"featured_media":0,"parent":5850,"menu_order":1,"comment_status":"closed","ping_status":"closed","template":"powerball-usa-info.php","meta":{"_et_pb_use_builder":"","_et_pb_old_content":"","_et_gb_content_width":"","exclude_from_search":false,"footnotes":""},"class_list":["post-80171","page","type-page","status-publish","hentry"],"yoast_head":"<!-- This site is optimized with the Yoast SEO plugin v23.4 - https:\/\/yoast.com\/wordpress\/plugins\/seo\/ -->\n<title>Powerball laim\u0113ju\u0161ie skait\u013ci | P\u0101rbaudiet Powerball ASV rezult\u0101tus un laimestus<\/title>\n<meta name=\"description\" content=\"V\u0113laties uzzin\u0101t, vai j\u016bsu Powerball bi\u013cete ir laim\u0113jusi? P\u0101rbaudiet laim\u0113ju\u0161os skait\u013cus m\u016bsu vietn\u0113!\" \/>\n<meta name=\"robots\" content=\"index, follow, max-snippet:-1, max-image-preview:large, max-video-preview:-1\" \/>\n<link rel=\"canonical\" href=\"https:\/\/onlinelotto365.com\/lv\/uzvarot-loterijas-numurus\/powerball\/\" \/>\n<meta property=\"og:locale\" content=\"lv_LV\" \/>\n<meta property=\"og:type\" content=\"article\" \/>\n<meta property=\"og:title\" content=\"Powerball laim\u0113ju\u0161ie skait\u013ci | P\u0101rbaudiet Powerball ASV rezult\u0101tus un laimestus\" \/>\n<meta property=\"og:description\" content=\"V\u0113laties uzzin\u0101t, vai j\u016bsu Powerball bi\u013cete ir laim\u0113jusi? P\u0101rbaudiet laim\u0113ju\u0161os skait\u013cus m\u016bsu vietn\u0113!\" \/>\n<meta property=\"og:url\" content=\"https:\/\/onlinelotto365.com\/lv\/uzvarot-loterijas-numurus\/powerball\/\" \/>\n<meta property=\"og:site_name\" content=\"OnlineLotto365\" \/>\n<meta property=\"og:image\" content=\"https:\/\/redfoxlotto.com\/image?size=8&amp;lottery=powerball\" \/>\n<meta name=\"twitter:card\" content=\"summary_large_image\" \/>\n<meta name=\"twitter:label1\" content=\"Est. reading time\" \/>\n\t<meta name=\"twitter:data1\" content=\"3 minutes\" \/>\n<script type=\"application\/ld+json\" class=\"yoast-schema-graph\">{\"@context\":\"https:\/\/schema.org\",\"@graph\":[{\"@type\":\"WebPage\",\"@id\":\"https:\/\/onlinelotto365.com\/lv\/uzvarot-loterijas-numurus\/powerball\/\",\"url\":\"https:\/\/onlinelotto365.com\/lv\/uzvarot-loterijas-numurus\/powerball\/\",\"name\":\"Powerball laim\u0113ju\u0161ie skait\u013ci | P\u0101rbaudiet Powerball ASV rezult\u0101tus un laimestus\",\"isPartOf\":{\"@id\":\"https:\/\/onlinelotto365.com\/lv\/#website\"},\"primaryImageOfPage\":{\"@id\":\"https:\/\/onlinelotto365.com\/lv\/uzvarot-loterijas-numurus\/powerball\/#primaryimage\"},\"image\":{\"@id\":\"https:\/\/onlinelotto365.com\/lv\/uzvarot-loterijas-numurus\/powerball\/#primaryimage\"},\"thumbnailUrl\":\"https:\/\/redfoxlotto.com\/image?size=8&amp;lottery=powerball\",\"datePublished\":\"2022-11-15T07:36:03+00:00\",\"dateModified\":\"2022-11-15T07:36:03+00:00\",\"description\":\"V\u0113laties uzzin\u0101t, vai j\u016bsu Powerball bi\u013cete ir laim\u0113jusi? P\u0101rbaudiet laim\u0113ju\u0161os skait\u013cus m\u016bsu vietn\u0113!\",\"breadcrumb\":{\"@id\":\"https:\/\/onlinelotto365.com\/lv\/uzvarot-loterijas-numurus\/powerball\/#breadcrumb\"},\"inLanguage\":\"lv-LV\",\"potentialAction\":[{\"@type\":\"ReadAction\",\"target\":[\"https:\/\/onlinelotto365.com\/lv\/uzvarot-loterijas-numurus\/powerball\/\"]}]},{\"@type\":\"ImageObject\",\"inLanguage\":\"lv-LV\",\"@id\":\"https:\/\/onlinelotto365.com\/lv\/uzvarot-loterijas-numurus\/powerball\/#primaryimage\",\"url\":\"https:\/\/redfoxlotto.com\/image?size=8&amp;lottery=powerball\",\"contentUrl\":\"https:\/\/redfoxlotto.com\/image?size=8&amp;lottery=powerball\"},{\"@type\":\"BreadcrumbList\",\"@id\":\"https:\/\/onlinelotto365.com\/lv\/uzvarot-loterijas-numurus\/powerball\/#breadcrumb\",\"itemListElement\":[{\"@type\":\"ListItem\",\"position\":1,\"name\":\"Home\",\"item\":\"https:\/\/onlinelotto365.com\/lv\/\"},{\"@type\":\"ListItem\",\"position\":2,\"name\":\"Atrodiet uzvar\u0113t\u0101ju ciparus un rezult\u0101tus jaun\u0101kaj\u0101m izloz\u0113m\",\"item\":\"https:\/\/onlinelotto365.com\/lv\/winning-numbers\/\"},{\"@type\":\"ListItem\",\"position\":3,\"name\":\"Powerball izlozes rezult\u0101ti\"}]},{\"@type\":\"WebSite\",\"@id\":\"https:\/\/onlinelotto365.com\/lv\/#website\",\"url\":\"https:\/\/onlinelotto365.com\/lv\/\",\"name\":\"OnlineLotto365\",\"description\":\"\",\"potentialAction\":[{\"@type\":\"SearchAction\",\"target\":{\"@type\":\"EntryPoint\",\"urlTemplate\":\"https:\/\/onlinelotto365.com\/lv\/?s={search_term_string}\"},\"query-input\":{\"@type\":\"PropertyValueSpecification\",\"valueRequired\":true,\"valueName\":\"search_term_string\"}}],\"inLanguage\":\"lv-LV\"}]}<\/script>\n<!-- \/ Yoast SEO plugin. -->","yoast_head_json":{"title":"Powerball laim\u0113ju\u0161ie skait\u013ci | P\u0101rbaudiet Powerball ASV rezult\u0101tus un laimestus","description":"V\u0113laties uzzin\u0101t, vai j\u016bsu Powerball bi\u013cete ir laim\u0113jusi? P\u0101rbaudiet laim\u0113ju\u0161os skait\u013cus m\u016bsu vietn\u0113!","robots":{"index":"index","follow":"follow","max-snippet":"max-snippet:-1","max-image-preview":"max-image-preview:large","max-video-preview":"max-video-preview:-1"},"canonical":"https:\/\/onlinelotto365.com\/lv\/uzvarot-loterijas-numurus\/powerball\/","og_locale":"lv_LV","og_type":"article","og_title":"Powerball laim\u0113ju\u0161ie skait\u013ci | P\u0101rbaudiet Powerball ASV rezult\u0101tus un laimestus","og_description":"V\u0113laties uzzin\u0101t, vai j\u016bsu Powerball bi\u013cete ir laim\u0113jusi? P\u0101rbaudiet laim\u0113ju\u0161os skait\u013cus m\u016bsu vietn\u0113!","og_url":"https:\/\/onlinelotto365.com\/lv\/uzvarot-loterijas-numurus\/powerball\/","og_site_name":"OnlineLotto365","og_image":[{"url":"https:\/\/redfoxlotto.com\/image?size=8&amp;lottery=powerball"}],"twitter_card":"summary_large_image","twitter_misc":{"Est. reading time":"3 minutes"},"schema":{"@context":"https:\/\/schema.org","@graph":[{"@type":"WebPage","@id":"https:\/\/onlinelotto365.com\/lv\/uzvarot-loterijas-numurus\/powerball\/","url":"https:\/\/onlinelotto365.com\/lv\/uzvarot-loterijas-numurus\/powerball\/","name":"Powerball laim\u0113ju\u0161ie skait\u013ci | P\u0101rbaudiet Powerball ASV rezult\u0101tus un laimestus","isPartOf":{"@id":"https:\/\/onlinelotto365.com\/lv\/#website"},"primaryImageOfPage":{"@id":"https:\/\/onlinelotto365.com\/lv\/uzvarot-loterijas-numurus\/powerball\/#primaryimage"},"image":{"@id":"https:\/\/onlinelotto365.com\/lv\/uzvarot-loterijas-numurus\/powerball\/#primaryimage"},"thumbnailUrl":"https:\/\/redfoxlotto.com\/image?size=8&amp;lottery=powerball","datePublished":"2022-11-15T07:36:03+00:00","dateModified":"2022-11-15T07:36:03+00:00","description":"V\u0113laties uzzin\u0101t, vai j\u016bsu Powerball bi\u013cete ir laim\u0113jusi? P\u0101rbaudiet laim\u0113ju\u0161os skait\u013cus m\u016bsu vietn\u0113!","breadcrumb":{"@id":"https:\/\/onlinelotto365.com\/lv\/uzvarot-loterijas-numurus\/powerball\/#breadcrumb"},"inLanguage":"lv-LV","potentialAction":[{"@type":"ReadAction","target":["https:\/\/onlinelotto365.com\/lv\/uzvarot-loterijas-numurus\/powerball\/"]}]},{"@type":"ImageObject","inLanguage":"lv-LV","@id":"https:\/\/onlinelotto365.com\/lv\/uzvarot-loterijas-numurus\/powerball\/#primaryimage","url":"https:\/\/redfoxlotto.com\/image?size=8&amp;lottery=powerball","contentUrl":"https:\/\/redfoxlotto.com\/image?size=8&amp;lottery=powerball"},{"@type":"BreadcrumbList","@id":"https:\/\/onlinelotto365.com\/lv\/uzvarot-loterijas-numurus\/powerball\/#breadcrumb","itemListElement":[{"@type":"ListItem","position":1,"name":"Home","item":"https:\/\/onlinelotto365.com\/lv\/"},{"@type":"ListItem","position":2,"name":"Atrodiet uzvar\u0113t\u0101ju ciparus un rezult\u0101tus jaun\u0101kaj\u0101m izloz\u0113m","item":"https:\/\/onlinelotto365.com\/lv\/winning-numbers\/"},{"@type":"ListItem","position":3,"name":"Powerball izlozes rezult\u0101ti"}]},{"@type":"WebSite","@id":"https:\/\/onlinelotto365.com\/lv\/#website","url":"https:\/\/onlinelotto365.com\/lv\/","name":"OnlineLotto365","description":"","potentialAction":[{"@type":"SearchAction","target":{"@type":"EntryPoint","urlTemplate":"https:\/\/onlinelotto365.com\/lv\/?s={search_term_string}"},"query-input":{"@type":"PropertyValueSpecification","valueRequired":true,"valueName":"search_term_string"}}],"inLanguage":"lv-LV"}]}},"_links":{"self":[{"href":"https:\/\/onlinelotto365.com\/lv\/wp-json\/wp\/v2\/pages\/80171","targetHints":{"allow":["GET"]}}],"collection":[{"href":"https:\/\/onlinelotto365.com\/lv\/wp-json\/wp\/v2\/pages"}],"about":[{"href":"https:\/\/onlinelotto365.com\/lv\/wp-json\/wp\/v2\/types\/page"}],"author":[{"embeddable":true,"href":"https:\/\/onlinelotto365.com\/lv\/wp-json\/wp\/v2\/users\/1"}],"replies":[{"embeddable":true,"href":"https:\/\/onlinelotto365.com\/lv\/wp-json\/wp\/v2\/comments?post=80171"}],"version-history":[{"count":0,"href":"https:\/\/onlinelotto365.com\/lv\/wp-json\/wp\/v2\/pages\/80171\/revisions"}],"up":[{"embeddable":true,"href":"https:\/\/onlinelotto365.com\/lv\/wp-json\/wp\/v2\/pages\/5850"}],"wp:attachment":[{"href":"https:\/\/onlinelotto365.com\/lv\/wp-json\/wp\/v2\/media?parent=80171"}],"curies":[{"name":"wp","href":"https:\/\/api.w.org\/{rel}","templated":true}]}}