{"id":80223,"date":"2022-11-15T11:51:27","date_gmt":"2022-11-15T10:51:27","guid":{"rendered":"https:\/\/onlinelotto365.com\/?page_id=80223"},"modified":"2022-11-15T11:51:27","modified_gmt":"2022-11-15T10:51:27","slug":"superenalotto","status":"publish","type":"page","link":"https:\/\/onlinelotto365.com\/lv\/pirkt-biletes\/superenalotto\/","title":{"rendered":"K\u0101 ieg\u0101d\u0101ties Superenalotto bi\u013cetes tie\u0161saist\u0113"},"content":{"rendered":"<p>Vai j\u016bs interes\u0113 ieg\u0101d\u0101ties Superenalotto bi\u013cetes no Latvijas tie\u0161saist\u0113, bet nezin\u0101t, k\u0101 to izdar\u012bt? Tad j\u016bs esat \u012bstaj\u0101 viet\u0101, jo m\u0113s par\u016bp\u0113simies par to j\u016bsu viet\u0101. Viss, kas jums j\u0101dara, ir j\u0101seko vienk\u0101r\u0161iem so\u013ciem, kurus m\u0113s apl\u016bkosim t\u0101l\u0101k, un j\u016bs \u0101tri ieg\u016bsiet savas bi\u013cetes.<br \/>\n<a href=\"https:\/\/redfoxlotto.com\/play\/superenalotto\/?ref=a8564250a2&amp;medium=ol365\" target=\"_blank\" rel=\"noopener noreferrer\"><img decoding=\"async\" class=\"aligncenter\" src=\"https:\/\/redfoxlotto.com\/image?size=8&amp;lottery=superenalotto\" alt=\"superenalotto\" \/><\/a><\/p>\n<ul>\n<li>Izv\u0113lieties loterijas sp\u0113li, kuras bi\u013cetes v\u0113laties ieg\u0101d\u0101ties, un izv\u0113lieties skait\u013cus, kurus v\u0113laties sp\u0113l\u0113t, vai ar\u012b izv\u0113lieties \u0101tr\u0101s izv\u0113les iesp\u0113ju, lai dators var\u0113tu izv\u0113l\u0113ties j\u016bsu viet\u0101.<\/li>\n<li>Pievienojiet papildu bi\u013cetes vai papildu loterijas, lai izveidotu savu pas\u016bt\u012bjumu.<\/li>\n<li>Izv\u0113lieties iesp\u0113ju samaks\u0101t tagad<\/li>\n<li>Izveidojiet m\u016bsu kontu vai piesakieties sav\u0101 kont\u0101, lai ieg\u0101d\u0101tos bi\u013cetes.<\/li>\n<li>Tiem, kam ir j\u0101re\u0123istr\u0113 konts, sav\u0101 e-past\u0101 b\u016bs j\u0101mekl\u0113 verifik\u0101cijas saite, lai p\u0101rliecin\u0101tos, ka vi\u0146u konts ir piln\u012bb\u0101 izveidots.<\/li>\n<li>Atcerieties, ka saite var non\u0101kt j\u016bsu surog\u0101tpasta map\u0113, ja m\u016bsu e-pasta adrese nav pievienota j\u016bsu adre\u0161u gr\u0101matai, t\u0101p\u0113c p\u0101rliecinieties, ka t\u0101 ir divreiz p\u0101rbaud\u012bta.<\/li>\n<li>Izv\u0113lieties maks\u0101juma ikonu ekr\u0101na aug\u0161da\u013c\u0101.<\/li>\n<li>Izv\u0113lieties maks\u0101juma veidu un izpildiet nor\u0101d\u012bjumus, lai pabeigtu maks\u0101juma procesu.<\/li>\n<\/ul>\n<h2>K\u0101 apmaks\u0101t Superenalotto bi\u013ceti tie\u0161saist\u0113<\/h2>\n<p>M\u0113s nodro\u0161in\u0101m, ka maks\u0101jums par Superenalotto bi\u013ceti no Latvijas<br \/>\np\u0113c iesp\u0113jas vienk\u0101r\u0161\u0101k, pied\u0101v\u0101jot pla\u0161u da\u017e\u0101du maks\u0101jumu meto\u017eu kl\u0101stu. Jums atliek tikai izv\u0113l\u0113ties sev piem\u0113rot\u0101ko, un j\u016bs \u0101tri vien var\u0113siet doties ce\u013c\u0101.<\/p>\n<p>Kad esat gatavs ieg\u0101d\u0101ties bi\u013cetes tie\u0161saist\u0113, jums tikai j\u0101izv\u0113las:<\/p>\n<ul>\n<li>Izmantot v\u0113lamo maks\u0101jumu metodi, lai tie\u0161i samaks\u0101tu par bi\u013cet\u0113m.<\/li>\n<li>iemaks\u0101t naudu sav\u0101 kont\u0101 un izmantot \u0161o naudu bi\u013ce\u0161u ieg\u0101dei.<\/li>\n<\/ul>\n<p>Tikai p\u0101rliecinieties, ka sav\u0101 kont\u0101 iemaks\u0101jat vair\u0101k naudas nek\u0101 summa, kas nepiecie\u0161ama bi\u013ce\u0161u ieg\u0101dei, ja izv\u0113laties maks\u0101t \u0161\u0101d\u0101 veid\u0101.<\/p>\n<h2>Vair\u0101k inform\u0101cijas par Superenalotto<\/h2>\n<ul>\n<li>Valsts: It\u0101lija<\/li>\n<li>Galveno numuru diapazons: 90<\/li>\n<li>J\u016bs izv\u0113laties: 6<\/li>\n<li>Izlozes dienas, stundas: Otrdiena, ceturtdiena, sestdiena, 19:00 GMT, 21:00 CET.<\/li>\n<li>Minim\u0101lais d\u017eekpots: \u20ac 2 miljoni<\/li>\n<li>Maksim\u0101lais d\u017eekpots: nav<\/li>\n<li>D\u017eekpota laim\u0113\u0161anas varb\u016bt\u012bba: 1 pret 622614630<\/li>\n<li>2. l\u012bme\u0146a laimesta varb\u016bt\u012bba: 1 pret 103769105.<\/li>\n<li>Iesp\u0113ja laim\u0113t jebkur\u0101 l\u012bmen\u012b: 1 pret 20,58<\/li>\n<li>Balvu l\u012bme\u0146u skaits: 6<\/li>\n<\/ul>\n<h2>Superenalotto bi\u013ce\u0161u ieg\u0101des tie\u0161saist\u0113 priek\u0161roc\u012bbas<\/h2>\n<ul>\n<li>Bi\u013cetes var ieg\u0101d\u0101ties no jebkuras Jums \u0113rt\u0101k\u0101s vietas, tostarp no Latvijas.<\/li>\n<li>Izv\u0113lieties no vair\u0101k\u0101m da\u017e\u0101d\u0101m loterij\u0101m<\/li>\n<li>Ieg\u016bstiet vislab\u0101k\u0101s izredzes laim\u0113t loterij\u0101s, kur\u0101s ir lab\u0101kie d\u017eekpoti<\/li>\n<li>Pievienojiet naudu sav\u0101 kont\u0101, lai tie\u0161i samaks\u0101tu par bi\u013cet\u0113m<\/li>\n<li>Nav j\u0101uztraucas par bi\u013cetes nozaud\u0113\u0161anu<\/li>\n<li>T\u016bl\u012bt\u0113ji pazi\u0146ojumi par laimestu<\/li>\n<li>Gad\u012bjuma skait\u013cu \u0123enerators \u0101trai bi\u013ce\u0161u izv\u0113lei<\/li>\n<\/ul>\n<h2>Vai ir likum\u012bgi ieg\u0101d\u0101ties Superenalotto bi\u013cetes tie\u0161saist\u0113?<\/h2>\n<p>Ko dar\u012bt, ja esat noba\u017e\u012bjies par to, vai loto bi\u013ce\u0161u pirk\u0161ana tie\u0161saist\u0113 ir likum\u012bga? Vai pat tradicion\u0101l\u0101 veid\u0101? Ja j\u016bsu dz\u012bvesvietas valst\u012b ir sp\u0113k\u0101 da\u017ei stingri likumi, j\u016bs varat b\u016bt noraiz\u0113jies, ta\u010du jums nav nepiecie\u0161ams. Tas ir t\u0101p\u0113c, ka m\u016bsu pakalpojums iev\u0113ro noteikumus un nodro\u0161ina, ka j\u016bs sa\u0146emsiet savu laimestu neatkar\u012bgi no t\u0101, cik daudz vinn\u0113jat un kur dz\u012bvojat. Lai izmantotu \u0161o pakalpojumu, jums tikai j\u0101b\u016bt 18 gadus vecam.<\/p>\n<h2>K\u0101 es varu sa\u0146emt naudu, ja laim\u0113ju Superenalotto tie\u0161saist\u0113?<\/h2>\n<p><img loading=\"lazy\" decoding=\"async\" class=\"alignright size-medium wp-image-3615\" src=\"https:\/\/onlinelotto365.com\/wp-content\/uploads\/2020\/11\/online_lottery-52-300x169.jpg\" alt=\"sp\u0113l\u0113t superenalotto online Lielbrit\u0101nija\" width=\"300\" height=\"169\" srcset=\"https:\/\/onlinelotto365.com\/wp-content\/uploads\/2020\/11\/online_lottery-52-300x169.jpg 300w, https:\/\/onlinelotto365.com\/wp-content\/uploads\/2020\/11\/online_lottery-52.jpg 462w\" sizes=\"auto, (max-width: 300px) 100vw, 300px\" \/><br \/>\nJa vinn\u0113si, izmaksas process ir vienk\u0101r\u0161s, jo tev ir j\u0101dara pavisam nedaudz. Turkl\u0101t jums nav j\u0101uztraucas ar\u012b par to, ka zaud\u0113siet savu laimestu. M\u0113s ne\u0146emam komisijas maksu, kad J\u016bs vinn\u0113siet, un m\u0113s neiekas\u0113jam no Jums nek\u0101du komisijas maksu, ja vien J\u016bs neizv\u0113laties veikt bankas p\u0101rskait\u012bjumu. T\u0101d\u0101 gad\u012bjum\u0101, ja banka mums iekas\u0113 maksu par p\u0101rskait\u012bjumu, m\u0113s \u0161o maksu p\u0101rskait\u0101m t\u0101l\u0101k, un no J\u016bsu vinnesta var tikt ietur\u0113ta neliela summa.<\/p>\n<p><strong>Pret\u0113j\u0101 gad\u012bjum\u0101 jums j\u0101zina divas lietas:<\/strong><\/p>\n<ul>\n<li>vinnesti, kas ir maz\u0101ki par \u20ac2500, tiek uzreiz p\u0101rskait\u012bti tie\u0161i uz J\u016bsu sp\u0113l\u0113t\u0101ja kontu, lai J\u016bs tos var\u0113tu izmantot, k\u0101 vien v\u0113laties.<\/li>\n<li>Summ\u0101m, kas p\u0101rsniedz \u20ac2500, b\u016bs j\u0101veic papildu posms. M\u016bsu atbalsta dienests sazin\u0101sies ar jums, nor\u0101dot veidlapu, kas jums j\u0101aizpilda loterijas komisijas komisijas vajadz\u012bb\u0101m. Veidlap\u0101 b\u016bs detaliz\u0113ti nor\u0101d\u012bts, k\u0101 v\u0113laties, lai tiktu veikti maks\u0101jumi, un j\u016bs var\u0113siet sa\u0146emt bankas p\u0101rskait\u012bjumu vai \u010deku par laim\u0113to summu.<\/li>\n<\/ul>\n","protected":false},"excerpt":{"rendered":"<p>Vai j\u016bs interes\u0113 ieg\u0101d\u0101ties Superenalotto bi\u013cetes no Latvijas tie\u0161saist\u0113, bet nezin\u0101t, k\u0101 to izdar\u012bt? Tad j\u016bs esat \u012bstaj\u0101 viet\u0101, jo m\u0113s par\u016bp\u0113simies par to j\u016bsu viet\u0101. Viss, kas jums j\u0101dara, ir j\u0101seko vienk\u0101r\u0161iem so\u013ciem, kurus m\u0113s apl\u016bkosim t\u0101l\u0101k, un j\u016bs \u0101tri ieg\u016bsiet savas bi\u013cetes. Izv\u0113lieties loterijas sp\u0113li, kuras bi\u013cetes v\u0113laties ieg\u0101d\u0101ties, un izv\u0113lieties skait\u013cus, kurus [&hellip;]<\/p>\n","protected":false},"author":1,"featured_media":0,"parent":5646,"menu_order":5,"comment_status":"closed","ping_status":"closed","template":"superenalotto-info.php","meta":{"_et_pb_use_builder":"","_et_pb_old_content":"","_et_gb_content_width":"","exclude_from_search":false,"footnotes":""},"class_list":["post-80223","page","type-page","status-publish","hentry"],"yoast_head":"<!-- This site is optimized with the Yoast SEO plugin v23.4 - https:\/\/yoast.com\/wordpress\/plugins\/seo\/ -->\n<title>Par Superenalotto bi\u013ce\u0161u ieg\u0101di tie\u0161saist\u0113 no Latvijas<\/title>\n<meta name=\"description\" content=\"Uzziniet, k\u0101 ieg\u0101d\u0101ties Superenalotto bi\u013cetes no jebkuras vietas, ieskaitot Latviju\" \/>\n<meta name=\"robots\" content=\"index, follow, max-snippet:-1, max-image-preview:large, max-video-preview:-1\" \/>\n<link rel=\"canonical\" href=\"https:\/\/onlinelotto365.com\/lv\/pirkt-biletes\/superenalotto\/\" \/>\n<meta property=\"og:locale\" content=\"lv_LV\" \/>\n<meta property=\"og:type\" content=\"article\" \/>\n<meta property=\"og:title\" content=\"Par Superenalotto bi\u013ce\u0161u ieg\u0101di tie\u0161saist\u0113 no Latvijas\" \/>\n<meta property=\"og:description\" content=\"Uzziniet, k\u0101 ieg\u0101d\u0101ties Superenalotto bi\u013cetes no jebkuras vietas, ieskaitot Latviju\" \/>\n<meta property=\"og:url\" content=\"https:\/\/onlinelotto365.com\/lv\/pirkt-biletes\/superenalotto\/\" \/>\n<meta property=\"og:site_name\" content=\"OnlineLotto365\" \/>\n<meta property=\"og:image\" content=\"https:\/\/redfoxlotto.com\/image?size=8&amp;lottery=superenalotto\" \/>\n<meta name=\"twitter:card\" content=\"summary_large_image\" \/>\n<meta name=\"twitter:label1\" content=\"Est. reading time\" \/>\n\t<meta name=\"twitter:data1\" content=\"3 minutes\" \/>\n<script type=\"application\/ld+json\" class=\"yoast-schema-graph\">{\"@context\":\"https:\/\/schema.org\",\"@graph\":[{\"@type\":\"WebPage\",\"@id\":\"https:\/\/onlinelotto365.com\/lv\/pirkt-biletes\/superenalotto\/\",\"url\":\"https:\/\/onlinelotto365.com\/lv\/pirkt-biletes\/superenalotto\/\",\"name\":\"Par Superenalotto bi\u013ce\u0161u ieg\u0101di tie\u0161saist\u0113 no Latvijas\",\"isPartOf\":{\"@id\":\"https:\/\/onlinelotto365.com\/lv\/#website\"},\"primaryImageOfPage\":{\"@id\":\"https:\/\/onlinelotto365.com\/lv\/pirkt-biletes\/superenalotto\/#primaryimage\"},\"image\":{\"@id\":\"https:\/\/onlinelotto365.com\/lv\/pirkt-biletes\/superenalotto\/#primaryimage\"},\"thumbnailUrl\":\"https:\/\/redfoxlotto.com\/image?size=8&amp;lottery=superenalotto\",\"datePublished\":\"2022-11-15T10:51:27+00:00\",\"dateModified\":\"2022-11-15T10:51:27+00:00\",\"description\":\"Uzziniet, k\u0101 ieg\u0101d\u0101ties Superenalotto bi\u013cetes no jebkuras vietas, ieskaitot Latviju\",\"breadcrumb\":{\"@id\":\"https:\/\/onlinelotto365.com\/lv\/pirkt-biletes\/superenalotto\/#breadcrumb\"},\"inLanguage\":\"lv-LV\",\"potentialAction\":[{\"@type\":\"ReadAction\",\"target\":[\"https:\/\/onlinelotto365.com\/lv\/pirkt-biletes\/superenalotto\/\"]}]},{\"@type\":\"ImageObject\",\"inLanguage\":\"lv-LV\",\"@id\":\"https:\/\/onlinelotto365.com\/lv\/pirkt-biletes\/superenalotto\/#primaryimage\",\"url\":\"https:\/\/redfoxlotto.com\/image?size=8&amp;lottery=superenalotto\",\"contentUrl\":\"https:\/\/redfoxlotto.com\/image?size=8&amp;lottery=superenalotto\"},{\"@type\":\"BreadcrumbList\",\"@id\":\"https:\/\/onlinelotto365.com\/lv\/pirkt-biletes\/superenalotto\/#breadcrumb\",\"itemListElement\":[{\"@type\":\"ListItem\",\"position\":1,\"name\":\"Home\",\"item\":\"https:\/\/onlinelotto365.com\/lv\/\"},{\"@type\":\"ListItem\",\"position\":2,\"name\":\"K\u0101p\u0113c pirkt loterijas bi\u013cetes internet\u0101 ir lo\u0123isk\u0101k\",\"item\":\"https:\/\/onlinelotto365.com\/lv\/pirkt-biletes\/\"},{\"@type\":\"ListItem\",\"position\":3,\"name\":\"K\u0101 ieg\u0101d\u0101ties Superenalotto bi\u013cetes tie\u0161saist\u0113\"}]},{\"@type\":\"WebSite\",\"@id\":\"https:\/\/onlinelotto365.com\/lv\/#website\",\"url\":\"https:\/\/onlinelotto365.com\/lv\/\",\"name\":\"OnlineLotto365\",\"description\":\"\",\"potentialAction\":[{\"@type\":\"SearchAction\",\"target\":{\"@type\":\"EntryPoint\",\"urlTemplate\":\"https:\/\/onlinelotto365.com\/lv\/?s={search_term_string}\"},\"query-input\":{\"@type\":\"PropertyValueSpecification\",\"valueRequired\":true,\"valueName\":\"search_term_string\"}}],\"inLanguage\":\"lv-LV\"}]}<\/script>\n<!-- \/ Yoast SEO plugin. -->","yoast_head_json":{"title":"Par Superenalotto bi\u013ce\u0161u ieg\u0101di tie\u0161saist\u0113 no Latvijas","description":"Uzziniet, k\u0101 ieg\u0101d\u0101ties Superenalotto bi\u013cetes no jebkuras vietas, ieskaitot Latviju","robots":{"index":"index","follow":"follow","max-snippet":"max-snippet:-1","max-image-preview":"max-image-preview:large","max-video-preview":"max-video-preview:-1"},"canonical":"https:\/\/onlinelotto365.com\/lv\/pirkt-biletes\/superenalotto\/","og_locale":"lv_LV","og_type":"article","og_title":"Par Superenalotto bi\u013ce\u0161u ieg\u0101di tie\u0161saist\u0113 no Latvijas","og_description":"Uzziniet, k\u0101 ieg\u0101d\u0101ties Superenalotto bi\u013cetes no jebkuras vietas, ieskaitot Latviju","og_url":"https:\/\/onlinelotto365.com\/lv\/pirkt-biletes\/superenalotto\/","og_site_name":"OnlineLotto365","og_image":[{"url":"https:\/\/redfoxlotto.com\/image?size=8&amp;lottery=superenalotto"}],"twitter_card":"summary_large_image","twitter_misc":{"Est. reading time":"3 minutes"},"schema":{"@context":"https:\/\/schema.org","@graph":[{"@type":"WebPage","@id":"https:\/\/onlinelotto365.com\/lv\/pirkt-biletes\/superenalotto\/","url":"https:\/\/onlinelotto365.com\/lv\/pirkt-biletes\/superenalotto\/","name":"Par Superenalotto bi\u013ce\u0161u ieg\u0101di tie\u0161saist\u0113 no Latvijas","isPartOf":{"@id":"https:\/\/onlinelotto365.com\/lv\/#website"},"primaryImageOfPage":{"@id":"https:\/\/onlinelotto365.com\/lv\/pirkt-biletes\/superenalotto\/#primaryimage"},"image":{"@id":"https:\/\/onlinelotto365.com\/lv\/pirkt-biletes\/superenalotto\/#primaryimage"},"thumbnailUrl":"https:\/\/redfoxlotto.com\/image?size=8&amp;lottery=superenalotto","datePublished":"2022-11-15T10:51:27+00:00","dateModified":"2022-11-15T10:51:27+00:00","description":"Uzziniet, k\u0101 ieg\u0101d\u0101ties Superenalotto bi\u013cetes no jebkuras vietas, ieskaitot Latviju","breadcrumb":{"@id":"https:\/\/onlinelotto365.com\/lv\/pirkt-biletes\/superenalotto\/#breadcrumb"},"inLanguage":"lv-LV","potentialAction":[{"@type":"ReadAction","target":["https:\/\/onlinelotto365.com\/lv\/pirkt-biletes\/superenalotto\/"]}]},{"@type":"ImageObject","inLanguage":"lv-LV","@id":"https:\/\/onlinelotto365.com\/lv\/pirkt-biletes\/superenalotto\/#primaryimage","url":"https:\/\/redfoxlotto.com\/image?size=8&amp;lottery=superenalotto","contentUrl":"https:\/\/redfoxlotto.com\/image?size=8&amp;lottery=superenalotto"},{"@type":"BreadcrumbList","@id":"https:\/\/onlinelotto365.com\/lv\/pirkt-biletes\/superenalotto\/#breadcrumb","itemListElement":[{"@type":"ListItem","position":1,"name":"Home","item":"https:\/\/onlinelotto365.com\/lv\/"},{"@type":"ListItem","position":2,"name":"K\u0101p\u0113c pirkt loterijas bi\u013cetes internet\u0101 ir lo\u0123isk\u0101k","item":"https:\/\/onlinelotto365.com\/lv\/pirkt-biletes\/"},{"@type":"ListItem","position":3,"name":"K\u0101 ieg\u0101d\u0101ties Superenalotto bi\u013cetes tie\u0161saist\u0113"}]},{"@type":"WebSite","@id":"https:\/\/onlinelotto365.com\/lv\/#website","url":"https:\/\/onlinelotto365.com\/lv\/","name":"OnlineLotto365","description":"","potentialAction":[{"@type":"SearchAction","target":{"@type":"EntryPoint","urlTemplate":"https:\/\/onlinelotto365.com\/lv\/?s={search_term_string}"},"query-input":{"@type":"PropertyValueSpecification","valueRequired":true,"valueName":"search_term_string"}}],"inLanguage":"lv-LV"}]}},"_links":{"self":[{"href":"https:\/\/onlinelotto365.com\/lv\/wp-json\/wp\/v2\/pages\/80223","targetHints":{"allow":["GET"]}}],"collection":[{"href":"https:\/\/onlinelotto365.com\/lv\/wp-json\/wp\/v2\/pages"}],"about":[{"href":"https:\/\/onlinelotto365.com\/lv\/wp-json\/wp\/v2\/types\/page"}],"author":[{"embeddable":true,"href":"https:\/\/onlinelotto365.com\/lv\/wp-json\/wp\/v2\/users\/1"}],"replies":[{"embeddable":true,"href":"https:\/\/onlinelotto365.com\/lv\/wp-json\/wp\/v2\/comments?post=80223"}],"version-history":[{"count":0,"href":"https:\/\/onlinelotto365.com\/lv\/wp-json\/wp\/v2\/pages\/80223\/revisions"}],"up":[{"embeddable":true,"href":"https:\/\/onlinelotto365.com\/lv\/wp-json\/wp\/v2\/pages\/5646"}],"wp:attachment":[{"href":"https:\/\/onlinelotto365.com\/lv\/wp-json\/wp\/v2\/media?parent=80223"}],"curies":[{"name":"wp","href":"https:\/\/api.w.org\/{rel}","templated":true}]}}