{"id":80253,"date":"2022-11-16T07:23:57","date_gmt":"2022-11-16T06:23:57","guid":{"rendered":"https:\/\/onlinelotto365.com\/?page_id=80253"},"modified":"2022-11-16T07:23:57","modified_gmt":"2022-11-16T06:23:57","slug":"el-gordo","status":"publish","type":"page","link":"https:\/\/onlinelotto365.com\/lv\/pirkt-biletes\/el-gordo\/","title":{"rendered":"K\u0101 ieg\u0101d\u0101ties El Gordo bi\u013cetes tie\u0161saist\u0113"},"content":{"rendered":"<p>Vai esat zi\u0146k\u0101r\u012bgs par El Gordo bi\u013ce\u0161u ieg\u0101di tie\u0161saist\u0113, dz\u012bvojot Latvij\u0101? Tad j\u016bs noteikti nev\u0113l\u0113sieties palaist gar\u0101m \u0161o rakstu, jo m\u0113s j\u016bs iepaz\u012bstin\u0101sim ar \u0161o procesu, lai j\u016bs var\u0113tu ieg\u016bt v\u0113lam\u0101s bi\u013cetes bez probl\u0113m\u0101m un bez nepiecie\u0161am\u012bbas doties uz valsti, kur\u0101 parasti sp\u0113l\u0113 \u0161o sp\u0113li.<br \/>\n<a href=\"https:\/\/redfoxlotto.com\/play\/el-gordo-primitiva\/?ref=a8564250a2&amp;medium=ol365\" target=\"_blank\" rel=\"noopener noreferrer\"><img decoding=\"async\" class=\"aligncenter\" src=\"https:\/\/redfoxlotto.com\/image?size=8&amp;lottery=el-gordo-primitiva\" alt=\"el gordo\" \/><\/a><\/p>\n<ul>\n<li>Apmekl\u0113jiet loterijas, kur\u0101 v\u0113laties sp\u0113l\u0113t, galveno lapu un izv\u0113lieties skait\u013cus, kurus v\u0113laties uz bi\u013cet\u0113m.<\/li>\n<li>Pievienojiet v\u0113l vair\u0101k t\u0101s pa\u0161as sp\u0113les vai citu sp\u0113\u013cu, kuras v\u0113laties sp\u0113l\u0113t, bi\u013ce\u0161u, lai j\u016bsu pas\u016bt\u012bjums b\u016btu pilns.<\/li>\n<li>Izv\u0113lieties iesp\u0113ju samaks\u0101t tagad<\/li>\n<li>P\u0101rejiet sava konta re\u0123istr\u0101cijas procesu, ja nekad iepriek\u0161 neesat ieg\u0101d\u0101jies no mums, vai piesakieties eso\u0161aj\u0101 kont\u0101, ja jums jau ir konts.<\/li>\n<li>P\u0101rbaudiet savu e-pastu, lai sa\u0146emtu verifik\u0101cijas saiti kontiem, kuriem nepiecie\u0161ama verifik\u0101cija un re\u0123istr\u0101cija.<\/li>\n<li>Ja e-pasta v\u0113stule nav redzama j\u016bsu ies\u016btn\u0113, p\u0101rbaudiet, vai t\u0101 nav non\u0101kusi surog\u0101tpasta map\u0113, lai p\u0101rliecin\u0101tos, ka t\u0101 nav tur nok\u013cuvusi.<\/li>\n<li>Noklik\u0161\u0137iniet uz iepirkumu groza, lai apmaks\u0101tu pas\u016bt\u012bjumu.<\/li>\n<li>Izv\u0113lieties maks\u0101juma iesp\u0113ju, ko v\u0113laties izmantot, un izpildiet maks\u0101juma nor\u0101d\u012bjumus.<\/li>\n<\/ul>\n<h2>K\u0101 apmaks\u0101t bi\u013ceti uz El Gordo tie\u0161saist\u0113<\/h2>\n<p>Maks\u0101juma veik\u0161ana par bi\u013cet\u0113m ir vienk\u0101r\u0161a un \u0101tra, jo m\u0113s v\u0113lamies, lai m\u016bsu klienti no Latvijas var\u0113tu izv\u0113l\u0113ties sev v\u0113lam\u0101s bi\u013cetes tad, kad vi\u0146i to v\u0113las.<br \/>\nJ\u016bs varat izv\u0113l\u0113ties apmaks\u0101t savas bi\u013cetes, veicot vienu no \u0161iem darb\u012bbas veidiem:<\/p>\n<ul>\n<li>Ievadiet maks\u0101juma metodi, lai veiktu pirkumu tie\u0161i<\/li>\n<li>Pievienot naudu sav\u0101 kont\u0101, lai veiktu maks\u0101jumu tie\u0161i no turienes<\/li>\n<\/ul>\n<p>P\u0101rliecinieties, ka sav\u0101 sp\u0113l\u0113t\u0101ja kont\u0101 esat pievienojis vair\u0101k nek\u0101 pietiekamu summu, ja pl\u0101nojat veikt pirkumu tie\u0161i \u0161eit.<\/p>\n<h2>Vair\u0101k inform\u0101cijas par El Gordo<\/h2>\n<ul>\n<li>Valsts: Sp\u0101nija<\/li>\n<li>Galveno numuru diapazons: 54<\/li>\n<li>J\u016bs izv\u0113laties: 5<\/li>\n<li>Papildu skait\u013cu diapazons: nav<\/li>\n<li>J\u016bs izv\u0113laties: nav<\/li>\n<li>Izlozes dienas, stundas: Sv\u0113tdiena, 21:30 CET, 21:30 CET, 21:30 CET<\/li>\n<li>Minim\u0101lais d\u017eekpots: \u20ac 4 miljoni<\/li>\n<li>Maksim\u0101lais d\u017eekpots: nav<\/li>\n<li>D\u017eekpota laim\u0113\u0161anas varb\u016bt\u012bba: 1 pret 31625100<\/li>\n<li>2. l\u012bme\u0146a laimesta varb\u016bt\u012bba: 1 pret 3513900<\/li>\n<li>Iesp\u0113ja laim\u0113t jebkur\u0101 l\u012bmen\u012b: 1 pret 6,16<\/li>\n<li>Balvu l\u012bme\u0146u skaits: 9<\/li>\n<\/ul>\n<h2>Priek\u0161roc\u012bbas, p\u0113rkot El Gordo bi\u013cetes tie\u0161saist\u0113<\/h2>\n<ul>\n<li>Ieg\u016bstiet v\u0113lam\u0101s bi\u013cetes, neizejot no m\u0101j\u0101m<\/li>\n<li>Izv\u0113lieties no v\u0113l vair\u0101k loterijas sp\u0113l\u0113m<\/li>\n<li>Ieg\u016bstiet v\u0113l liel\u0101kas izredzes laim\u0113t, izv\u0113loties loterijas sp\u0113les ar lab\u0101kajiem d\u017eekpotiem.<\/li>\n<li>Pievienojiet naudu savam kontam un samaks\u0101jiet par bi\u013cet\u0113m, izmantojot loterijas l\u012bdzek\u013cu atlikumu.<\/li>\n<li>Viegli sekojiet l\u012bdzi sav\u0101m bi\u013cet\u0113m<\/li>\n<li>Sa\u0146emiet t\u016bl\u012bt\u0113ju pazi\u0146ojumu par laimestu bi\u013cet\u0113m<\/li>\n<li>\u013baujiet datoram izv\u0113l\u0113ties j\u016bsu izmantoto bi\u013ce\u0161u numurus.<\/li>\n<\/ul>\n<h2>Vai ir likum\u012bgi ieg\u0101d\u0101ties El Gordo bi\u013cetes tie\u0161saist\u0113?<\/h2>\n<p>Nav j\u0101uztraucas par to, vai bi\u013ce\u0161u ieg\u0101de un pirk\u0161ana tie\u0161saist\u0113 vai tradicion\u0101l\u0101 veid\u0101 Latvij\u0101 ir leg\u0101la. M\u016bsu sist\u0113ma visu dara leg\u0101li un saska\u0146\u0101 ar noteikumiem. Nemaz nerun\u0101jot par to, ka j\u016bs sa\u0146emsiet savu maks\u0101jumu un laimestu neatkar\u012bgi no t\u0101, kas notiks. M\u0113s par\u016bp\u0113simies, lai tas p\u0113c iesp\u0113jas \u0101tr\u0101k tiktu p\u0101rskait\u012bts uz j\u016bsu kontu.<br \/>\nViss, kas Jums ir j\u0101dara, ir j\u0101b\u016bt 18 gadu vecumam, lai var\u0113tu izmantot m\u016bsu vietni.<\/p>\n<h2>K\u0101 es varu sa\u0146emt naudu, ja laim\u0113ju El Gordo tie\u0161saist\u0113?<\/h2>\n<p><img loading=\"lazy\" decoding=\"async\" class=\"alignright wp-image-3585\" src=\"https:\/\/onlinelotto365.com\/wp-content\/uploads\/2020\/11\/online_lottery-106.jpg\" alt=\"sp\u0113l\u0113t el gordo tie\u0161saist\u0113 Latvija\" width=\"282\" height=\"169\" \/><br \/>\nM\u0113s zin\u0101m, ka jums ir \u0101rk\u0101rt\u012bgi svar\u012bgi sa\u0146emt samaksu, t\u0101p\u0113c m\u0113s \u0161im procesam velt\u0101m \u013coti daudz laika un p\u016b\u013cu. M\u0113s nodro\u0161in\u0101m, ka J\u016bs sa\u0146emat visu savu laimestu bez komisijas maksas vai komisijas maksas. Vien\u012bg\u0101 reize, kad J\u016bs mums kaut ko maks\u0101jat, ir tad, ja par savu maks\u0101juma veidu izv\u0113laties bankas p\u0101rskait\u012bjumu. Da\u017e\u0101s viet\u0101s par p\u0101rskait\u012bjumu uz Latviju var b\u016bt j\u0101maks\u0101 bankas komisijas maksa, un m\u0113s \u0161o nelielo komisijas maksu p\u0101rskait\u012bsim ar\u012b Jums.<\/p>\n<h2>Cit\u0101di maks\u0101jums notiek vien\u0101 no diviem veidiem:<\/h2>\n<ul>\n<li>Ja laim\u0113siet maz\u0101k nek\u0101 2500 eiro, m\u0113s autom\u0101tiski iemaks\u0101sim \u0161o summu tie\u0161i j\u016bsu kont\u0101, lai jums nekas cits neb\u016btu j\u0101dara.<\/li>\n<li>Ja laim\u0113siet vair\u0101k nek\u0101 \u20ac2500, Jums b\u016bs j\u0101gaida m\u016bsu atbalsta dienesta e-pasta v\u0113stule, lai J\u016bs var\u0113tu aizpild\u012bt piepras\u012bjuma veidlapu. Tas \u013caus jums sa\u0146emt savu laimestu tie\u0161i ar bankas p\u0101rskait\u012bjumu vai ar \u010deku, kas jums tiks nos\u016bt\u012bts.<\/li>\n<\/ul>\n","protected":false},"excerpt":{"rendered":"<p>Vai esat zi\u0146k\u0101r\u012bgs par El Gordo bi\u013ce\u0161u ieg\u0101di tie\u0161saist\u0113, dz\u012bvojot Latvij\u0101? Tad j\u016bs noteikti nev\u0113l\u0113sieties palaist gar\u0101m \u0161o rakstu, jo m\u0113s j\u016bs iepaz\u012bstin\u0101sim ar \u0161o procesu, lai j\u016bs var\u0113tu ieg\u016bt v\u0113lam\u0101s bi\u013cetes bez probl\u0113m\u0101m un bez nepiecie\u0161am\u012bbas doties uz valsti, kur\u0101 parasti sp\u0113l\u0113 \u0161o sp\u0113li. Apmekl\u0113jiet loterijas, kur\u0101 v\u0113laties sp\u0113l\u0113t, galveno lapu un izv\u0113lieties skait\u013cus, [&hellip;]<\/p>\n","protected":false},"author":1,"featured_media":0,"parent":5646,"menu_order":6,"comment_status":"closed","ping_status":"closed","template":"el-gordo-info.php","meta":{"_et_pb_use_builder":"","_et_pb_old_content":"","_et_gb_content_width":"","exclude_from_search":false,"footnotes":""},"class_list":["post-80253","page","type-page","status-publish","hentry"],"yoast_head":"<!-- This site is optimized with the Yoast SEO plugin v23.4 - https:\/\/yoast.com\/wordpress\/plugins\/seo\/ -->\n<title>El Gordo no Latvijas - k\u0101 ieg\u0101d\u0101ties bi\u013cetes internet\u0101<\/title>\n<meta name=\"description\" content=\"\u0160\u012b Sp\u0101nijas loterija tagad ir pieejama no Latvijas - p\u0113rciet bi\u013cetes tie\u0161saist\u0113\" \/>\n<meta name=\"robots\" content=\"index, follow, max-snippet:-1, max-image-preview:large, max-video-preview:-1\" \/>\n<link rel=\"canonical\" href=\"https:\/\/onlinelotto365.com\/lv\/pirkt-biletes\/el-gordo\/\" \/>\n<meta property=\"og:locale\" content=\"lv_LV\" \/>\n<meta property=\"og:type\" content=\"article\" \/>\n<meta property=\"og:title\" content=\"El Gordo no Latvijas - k\u0101 ieg\u0101d\u0101ties bi\u013cetes internet\u0101\" \/>\n<meta property=\"og:description\" content=\"\u0160\u012b Sp\u0101nijas loterija tagad ir pieejama no Latvijas - p\u0113rciet bi\u013cetes tie\u0161saist\u0113\" \/>\n<meta property=\"og:url\" content=\"https:\/\/onlinelotto365.com\/lv\/pirkt-biletes\/el-gordo\/\" \/>\n<meta property=\"og:site_name\" content=\"OnlineLotto365\" \/>\n<meta property=\"og:image\" content=\"https:\/\/redfoxlotto.com\/image?size=8&amp;lottery=el-gordo-primitiva\" \/>\n<meta name=\"twitter:card\" content=\"summary_large_image\" \/>\n<meta name=\"twitter:label1\" content=\"Est. reading time\" \/>\n\t<meta name=\"twitter:data1\" content=\"3 minutes\" \/>\n<script type=\"application\/ld+json\" class=\"yoast-schema-graph\">{\"@context\":\"https:\/\/schema.org\",\"@graph\":[{\"@type\":\"WebPage\",\"@id\":\"https:\/\/onlinelotto365.com\/lv\/pirkt-biletes\/el-gordo\/\",\"url\":\"https:\/\/onlinelotto365.com\/lv\/pirkt-biletes\/el-gordo\/\",\"name\":\"El Gordo no Latvijas - k\u0101 ieg\u0101d\u0101ties bi\u013cetes internet\u0101\",\"isPartOf\":{\"@id\":\"https:\/\/onlinelotto365.com\/lv\/#website\"},\"primaryImageOfPage\":{\"@id\":\"https:\/\/onlinelotto365.com\/lv\/pirkt-biletes\/el-gordo\/#primaryimage\"},\"image\":{\"@id\":\"https:\/\/onlinelotto365.com\/lv\/pirkt-biletes\/el-gordo\/#primaryimage\"},\"thumbnailUrl\":\"https:\/\/redfoxlotto.com\/image?size=8&amp;lottery=el-gordo-primitiva\",\"datePublished\":\"2022-11-16T06:23:57+00:00\",\"dateModified\":\"2022-11-16T06:23:57+00:00\",\"description\":\"\u0160\u012b Sp\u0101nijas loterija tagad ir pieejama no Latvijas - p\u0113rciet bi\u013cetes tie\u0161saist\u0113\",\"breadcrumb\":{\"@id\":\"https:\/\/onlinelotto365.com\/lv\/pirkt-biletes\/el-gordo\/#breadcrumb\"},\"inLanguage\":\"lv-LV\",\"potentialAction\":[{\"@type\":\"ReadAction\",\"target\":[\"https:\/\/onlinelotto365.com\/lv\/pirkt-biletes\/el-gordo\/\"]}]},{\"@type\":\"ImageObject\",\"inLanguage\":\"lv-LV\",\"@id\":\"https:\/\/onlinelotto365.com\/lv\/pirkt-biletes\/el-gordo\/#primaryimage\",\"url\":\"https:\/\/redfoxlotto.com\/image?size=8&amp;lottery=el-gordo-primitiva\",\"contentUrl\":\"https:\/\/redfoxlotto.com\/image?size=8&amp;lottery=el-gordo-primitiva\"},{\"@type\":\"BreadcrumbList\",\"@id\":\"https:\/\/onlinelotto365.com\/lv\/pirkt-biletes\/el-gordo\/#breadcrumb\",\"itemListElement\":[{\"@type\":\"ListItem\",\"position\":1,\"name\":\"Home\",\"item\":\"https:\/\/onlinelotto365.com\/lv\/\"},{\"@type\":\"ListItem\",\"position\":2,\"name\":\"K\u0101p\u0113c pirkt loterijas bi\u013cetes internet\u0101 ir lo\u0123isk\u0101k\",\"item\":\"https:\/\/onlinelotto365.com\/lv\/pirkt-biletes\/\"},{\"@type\":\"ListItem\",\"position\":3,\"name\":\"K\u0101 ieg\u0101d\u0101ties El Gordo bi\u013cetes tie\u0161saist\u0113\"}]},{\"@type\":\"WebSite\",\"@id\":\"https:\/\/onlinelotto365.com\/lv\/#website\",\"url\":\"https:\/\/onlinelotto365.com\/lv\/\",\"name\":\"OnlineLotto365\",\"description\":\"\",\"potentialAction\":[{\"@type\":\"SearchAction\",\"target\":{\"@type\":\"EntryPoint\",\"urlTemplate\":\"https:\/\/onlinelotto365.com\/lv\/?s={search_term_string}\"},\"query-input\":{\"@type\":\"PropertyValueSpecification\",\"valueRequired\":true,\"valueName\":\"search_term_string\"}}],\"inLanguage\":\"lv-LV\"}]}<\/script>\n<!-- \/ Yoast SEO plugin. -->","yoast_head_json":{"title":"El Gordo no Latvijas - k\u0101 ieg\u0101d\u0101ties bi\u013cetes internet\u0101","description":"\u0160\u012b Sp\u0101nijas loterija tagad ir pieejama no Latvijas - p\u0113rciet bi\u013cetes tie\u0161saist\u0113","robots":{"index":"index","follow":"follow","max-snippet":"max-snippet:-1","max-image-preview":"max-image-preview:large","max-video-preview":"max-video-preview:-1"},"canonical":"https:\/\/onlinelotto365.com\/lv\/pirkt-biletes\/el-gordo\/","og_locale":"lv_LV","og_type":"article","og_title":"El Gordo no Latvijas - k\u0101 ieg\u0101d\u0101ties bi\u013cetes internet\u0101","og_description":"\u0160\u012b Sp\u0101nijas loterija tagad ir pieejama no Latvijas - p\u0113rciet bi\u013cetes tie\u0161saist\u0113","og_url":"https:\/\/onlinelotto365.com\/lv\/pirkt-biletes\/el-gordo\/","og_site_name":"OnlineLotto365","og_image":[{"url":"https:\/\/redfoxlotto.com\/image?size=8&amp;lottery=el-gordo-primitiva"}],"twitter_card":"summary_large_image","twitter_misc":{"Est. reading time":"3 minutes"},"schema":{"@context":"https:\/\/schema.org","@graph":[{"@type":"WebPage","@id":"https:\/\/onlinelotto365.com\/lv\/pirkt-biletes\/el-gordo\/","url":"https:\/\/onlinelotto365.com\/lv\/pirkt-biletes\/el-gordo\/","name":"El Gordo no Latvijas - k\u0101 ieg\u0101d\u0101ties bi\u013cetes internet\u0101","isPartOf":{"@id":"https:\/\/onlinelotto365.com\/lv\/#website"},"primaryImageOfPage":{"@id":"https:\/\/onlinelotto365.com\/lv\/pirkt-biletes\/el-gordo\/#primaryimage"},"image":{"@id":"https:\/\/onlinelotto365.com\/lv\/pirkt-biletes\/el-gordo\/#primaryimage"},"thumbnailUrl":"https:\/\/redfoxlotto.com\/image?size=8&amp;lottery=el-gordo-primitiva","datePublished":"2022-11-16T06:23:57+00:00","dateModified":"2022-11-16T06:23:57+00:00","description":"\u0160\u012b Sp\u0101nijas loterija tagad ir pieejama no Latvijas - p\u0113rciet bi\u013cetes tie\u0161saist\u0113","breadcrumb":{"@id":"https:\/\/onlinelotto365.com\/lv\/pirkt-biletes\/el-gordo\/#breadcrumb"},"inLanguage":"lv-LV","potentialAction":[{"@type":"ReadAction","target":["https:\/\/onlinelotto365.com\/lv\/pirkt-biletes\/el-gordo\/"]}]},{"@type":"ImageObject","inLanguage":"lv-LV","@id":"https:\/\/onlinelotto365.com\/lv\/pirkt-biletes\/el-gordo\/#primaryimage","url":"https:\/\/redfoxlotto.com\/image?size=8&amp;lottery=el-gordo-primitiva","contentUrl":"https:\/\/redfoxlotto.com\/image?size=8&amp;lottery=el-gordo-primitiva"},{"@type":"BreadcrumbList","@id":"https:\/\/onlinelotto365.com\/lv\/pirkt-biletes\/el-gordo\/#breadcrumb","itemListElement":[{"@type":"ListItem","position":1,"name":"Home","item":"https:\/\/onlinelotto365.com\/lv\/"},{"@type":"ListItem","position":2,"name":"K\u0101p\u0113c pirkt loterijas bi\u013cetes internet\u0101 ir lo\u0123isk\u0101k","item":"https:\/\/onlinelotto365.com\/lv\/pirkt-biletes\/"},{"@type":"ListItem","position":3,"name":"K\u0101 ieg\u0101d\u0101ties El Gordo bi\u013cetes tie\u0161saist\u0113"}]},{"@type":"WebSite","@id":"https:\/\/onlinelotto365.com\/lv\/#website","url":"https:\/\/onlinelotto365.com\/lv\/","name":"OnlineLotto365","description":"","potentialAction":[{"@type":"SearchAction","target":{"@type":"EntryPoint","urlTemplate":"https:\/\/onlinelotto365.com\/lv\/?s={search_term_string}"},"query-input":{"@type":"PropertyValueSpecification","valueRequired":true,"valueName":"search_term_string"}}],"inLanguage":"lv-LV"}]}},"_links":{"self":[{"href":"https:\/\/onlinelotto365.com\/lv\/wp-json\/wp\/v2\/pages\/80253","targetHints":{"allow":["GET"]}}],"collection":[{"href":"https:\/\/onlinelotto365.com\/lv\/wp-json\/wp\/v2\/pages"}],"about":[{"href":"https:\/\/onlinelotto365.com\/lv\/wp-json\/wp\/v2\/types\/page"}],"author":[{"embeddable":true,"href":"https:\/\/onlinelotto365.com\/lv\/wp-json\/wp\/v2\/users\/1"}],"replies":[{"embeddable":true,"href":"https:\/\/onlinelotto365.com\/lv\/wp-json\/wp\/v2\/comments?post=80253"}],"version-history":[{"count":0,"href":"https:\/\/onlinelotto365.com\/lv\/wp-json\/wp\/v2\/pages\/80253\/revisions"}],"up":[{"embeddable":true,"href":"https:\/\/onlinelotto365.com\/lv\/wp-json\/wp\/v2\/pages\/5646"}],"wp:attachment":[{"href":"https:\/\/onlinelotto365.com\/lv\/wp-json\/wp\/v2\/media?parent=80253"}],"curies":[{"name":"wp","href":"https:\/\/api.w.org\/{rel}","templated":true}]}}