{"id":80285,"date":"2022-11-16T10:08:15","date_gmt":"2022-11-16T09:08:15","guid":{"rendered":"https:\/\/onlinelotto365.com\/?page_id=80285"},"modified":"2022-11-16T10:08:15","modified_gmt":"2022-11-16T09:08:15","slug":"la-primitiva","status":"publish","type":"page","link":"https:\/\/onlinelotto365.com\/lv\/pirkt-biletes\/la-primitiva\/","title":{"rendered":"K\u0101 ieg\u0101d\u0101ties La Primitiva bi\u013cetes tie\u0161saist\u0113"},"content":{"rendered":"<p>Ja v\u0113laties ieg\u0101d\u0101ties La Primitiva bi\u013cetes tie\u0161saist\u0113, bet joproj\u0101m neesat \u012bsti p\u0101rliecin\u0101ts, k\u0101 to izdar\u012bt, tad p\u0101rliecinieties, ka esat apskat\u012bjis \u0161o procesu. Tas ir daudz vienk\u0101r\u0161\u0101k, nek\u0101 j\u016bs dom\u0101jat par Latviju.<br \/>\nlotto faniem, un j\u016bs var\u0113tu sagaid\u012bt izlozi \u0101tr\u0101k, nek\u0101 dom\u0101jat.<br \/>\n<a href=\"https:\/\/redfoxlotto.com\/play\/la-primitiva\/?ref=a8564250a2&amp;medium=ol365\" target=\"_blank\" rel=\"noopener noreferrer\"><img decoding=\"async\" class=\"aligncenter\" src=\"https:\/\/redfoxlotto.com\/image?size=8&amp;lottery=la-primitiva\" alt=\" la primitiva\" \/><\/a><\/p>\n<ul>\n<li>Izv\u0113lieties loterijas sp\u0113li, kuru v\u0113laties sp\u0113l\u0113t, un izv\u0113lieties skait\u013cus katrai no sav\u0101m bi\u013cet\u0113m. Vai ar\u012b \u013caujiet datoram izv\u0113l\u0113ties bi\u013ce\u0161u numurus j\u016bsu viet\u0101.<\/li>\n<li>Pievienojiet savam pas\u016bt\u012bjumam tik daudz da\u017e\u0101du bi\u013ce\u0161u un loterijas sp\u0113\u013cu, cik v\u0113laties, pirms esat gatavs izrakst\u012bties.<\/li>\n<li>Izv\u0113lieties iesp\u0113ju samaks\u0101t tagad<\/li>\n<li>Re\u0123istr\u0113jiet jaunu kontu, ja v\u0113l nekad neesat pie mums pircis, vai piesakieties, ja esat jau eso\u0161ais klients.<\/li>\n<li>Pabeidziet re\u0123istr\u0101cijas procesu, noklik\u0161\u0137inot uz p\u0101rbaudes saites, kas tiek nos\u016bt\u012bta uz j\u016bsu e-pasta adresi.<\/li>\n<li>P\u0101rbaudiet gan savu ies\u016btni, gan surog\u0101tpasta mapi, lai atrastu apstiprin\u0101juma e-pasta v\u0113stuli.<\/li>\n<li>Dodieties uz iepirkumu grozu t\u012bmek\u013ca vietn\u0113<\/li>\n<li>Sekojiet nor\u0101d\u012bjumiem, lai izv\u0113l\u0113tos maks\u0101juma iesp\u0113ju un samaks\u0101tu par bi\u013cet\u0113m.<\/li>\n<li>K\u0101 samaks\u0101t par La Primitiva bi\u013ceti tie\u0161saist\u0113<\/li>\n<li>J\u016bs varat izv\u0113l\u0113ties vienu no vair\u0101k\u0101m da\u017e\u0101d\u0101m maks\u0101jumu iesp\u0113j\u0101m, kas m\u016bsu lietot\u0101jiem ir \u013coti dro\u0161as. M\u0113s \u013caujam jums izv\u0113l\u0113ties \u0113rt\u0101ko iesp\u0113ju.<\/li>\n<\/ul>\n<p>Izv\u0113lieties vienu no div\u0101m iesp\u0113j\u0101m, lai s\u0101ktu:<\/p>\n<p>Veiciet maks\u0101jumu tie\u0161i ar kred\u012btkarti, bankas kontu vai citu maks\u0101jumu veidu.<br \/>\nPievienojiet naudu sav\u0101 kont\u0101 un izmantojiet to, lai ieg\u0101d\u0101tos bi\u013cetes no sava sp\u0113l\u0113t\u0101ja konta.<\/p>\n<p>Tiem, kas pievieno naudu sav\u0101 sp\u0113l\u0113t\u0101ja kont\u0101, lai veiktu pirkumu, b\u016bs j\u0101iemaks\u0101 vair\u0101k nek\u0101 pietiekami daudz naudas, lai veiktu izv\u0113l\u0113to pirkumu.<\/p>\n<h2>Vair\u0101k inform\u0101cijas par La Primitiva<\/h2>\n<ul>\n<li>Valsts: Sp\u0101nija<\/li>\n<li>Galveno numuru diapazons: 49<\/li>\n<li>J\u016bs izv\u0113laties: 6<\/li>\n<li>Papildu skait\u013cu diapazons:<\/li>\n<li>J\u016bs izv\u0113laties: 1<\/li>\n<li>Izlozes dienas, stundas: Ceturtdiena, sestdiena, 21:30 CET, 21:30 CET, 21:30 CET<\/li>\n<li>Minim\u0101lais d\u017eekpots: \u20ac 2 miljoni<\/li>\n<li>Maksim\u0101lais d\u017eekpots: nav<\/li>\n<li>D\u017eekpota laim\u0113\u0161anas varb\u016bt\u012bba: 1 pret 15537573<\/li>\n<li>2. l\u012bme\u0146a laimesta varb\u016bt\u012bba: 1 pret 542008<\/li>\n<li>Iesp\u0113ja laim\u0113t jebkur\u0101 l\u012bmen\u012b: 1 pret 8,43<\/li>\n<li>Balvu l\u012bme\u0146u skaits: 9<\/li>\n<\/ul>\n<h2>La Primitiva bi\u013ce\u0161u ieg\u0101des tie\u0161saist\u0113 priek\u0161roc\u012bbas<\/h2>\n<ul>\n<li>Izv\u0113lieties bi\u013cetes, neizejot no m\u0101j\u0101m<\/li>\n<li>Izv\u0113lieties no v\u0113l vair\u0101k loterijas iesp\u0113j\u0101m<\/li>\n<li>Apskatiet da\u017e\u0101dus d\u017eekpotus, lai uzzin\u0101tu, kur j\u016bs varat vinn\u0113t visvair\u0101k.<\/li>\n<li>Ielieciet naudu sav\u0101 kont\u0101, lai samaks\u0101tu par bi\u013cet\u0113m.<\/li>\n<li>Nav j\u0101uztraucas par bi\u013ce\u0161u nozaud\u0113\u0161anu<\/li>\n<li>J\u016bs sa\u0146emsiet pazi\u0146ojumu, ja vinn\u0113siet<\/li>\n<li>J\u016bs varat izv\u0113l\u0113ties nejau\u0161i \u0123ener\u0113tu bi\u013ceti<\/li>\n<\/ul>\n<h2>Vai La Primitiva bi\u013cetes var ieg\u0101d\u0101ties tie\u0161saist\u0113?<\/h2>\n<p>Da\u017ei cilv\u0113ki uztraucas par to, vai vi\u0146u dz\u012bvesvietas valst\u012b ir at\u013cauts ieg\u0101d\u0101ties loterijas bi\u013cetes tie\u0161saist\u0113. Vai vi\u0146i visp\u0101r var ieg\u0101d\u0101ties bi\u013cetes tradicion\u0101l\u0101 veid\u0101. Ta\u010du jums nav j\u0101uztraucas par to, vai ir likum\u012bgi izmantot m\u016bsu sist\u0113mu, jo m\u0113s r\u016bp\u0113jamies par noteikumiem, kas attiecas uz teritoriju, kur\u0101 loterija tiek r\u012bkota. T\u0101d\u0113j\u0101di j\u016bs sa\u0146emat savu laimestu neatkar\u012bgi no t\u0101, kas notiek un cik daudz j\u016bs vinn\u0113jat.<br \/>\nJums tikai j\u0101b\u016bt vismaz 18 gadus vecam, lai var\u0113tu izmantot m\u016bsu pakalpojumu.<\/p>\n<h2>K\u0101 es varu sa\u0146emt naudu, ja laim\u0113ju La Primitiva tie\u0161saist\u0113?<\/h2>\n<p><img loading=\"lazy\" decoding=\"async\" class=\"alignright wp-image-3535\" src=\"https:\/\/onlinelotto365.com\/wp-content\/uploads\/2020\/11\/online_lottery-141-296x300.jpg\" alt=\"la primitiva tie\u0161saist\u0113\" width=\"164\" height=\"166\" srcset=\"https:\/\/onlinelotto365.com\/wp-content\/uploads\/2020\/11\/online_lottery-141-296x300.jpg 296w, https:\/\/onlinelotto365.com\/wp-content\/uploads\/2020\/11\/online_lottery-141-100x100.jpg 100w, https:\/\/onlinelotto365.com\/wp-content\/uploads\/2020\/11\/online_lottery-141.jpg 491w\" sizes=\"auto, (max-width: 164px) 100vw, 164px\" \/><br \/>\nKad runa ir par naudas sa\u0146em\u0161anu, m\u0113s zin\u0101m, cik svar\u012bgi jums tas ir. T\u0101p\u0113c m\u0113s padar\u0101m maks\u0101jumu procesu p\u0113c iesp\u0113jas vienk\u0101r\u0161\u0101ku. Turkl\u0101t m\u0113s to dar\u0101m, neiekas\u0113jot no jums nek\u0101du komisijas maksu. Vismaz, ja vien j\u016bs nev\u0113laties, lai j\u016bsu maks\u0101jums tiktu nos\u016bt\u012bts ar bankas p\u0101rskait\u012bjumu. T\u0101d\u0101 gad\u012bjum\u0101 j\u016bsu banka var iekas\u0113t no mums komisijas maksu. \u0160\u0101d\u0101 gad\u012bjum\u0101 m\u0113s \u0161o maksu p\u0101rskait\u0101m jums.<br \/>\nViss, kas jums ir j\u0101dara, ir j\u0101zina, kas notiek, kad j\u016bs vinn\u0113siet:<\/p>\n<ul>\n<li>Ja vinn\u0113jat maz\u0101k nek\u0101 2500 eiro, jums nekas nav j\u0101dara, jo m\u0113s par visu par\u016bp\u0113simies j\u016bsu viet\u0101. M\u0113s nodro\u0161in\u0101m, ka visu savu naudu J\u016bs sa\u0146emat tie\u0161i sav\u0101 sp\u0113l\u0113t\u0101ja kont\u0101.<\/li>\n<li>Ja laim\u0113siet vair\u0101k nek\u0101 \u20ac2500, var\u0113siet sa\u0146emt savu naudu ar \u010deku vai bankas p\u0101rskait\u012bjumu. \u0160\u0101d\u0101 gad\u012bjum\u0101 jums b\u016bs j\u0101aizpilda piepras\u012bjuma veidlapa, kuru jums nos\u016bt\u012bs m\u016bsu atbalsta komanda, un tad m\u0113s jums pal\u012bdz\u0113sim nok\u0101rtot p\u0101r\u0113jo.<\/li>\n<\/ul>\n","protected":false},"excerpt":{"rendered":"<p>Ja v\u0113laties ieg\u0101d\u0101ties La Primitiva bi\u013cetes tie\u0161saist\u0113, bet joproj\u0101m neesat \u012bsti p\u0101rliecin\u0101ts, k\u0101 to izdar\u012bt, tad p\u0101rliecinieties, ka esat apskat\u012bjis \u0161o procesu. Tas ir daudz vienk\u0101r\u0161\u0101k, nek\u0101 j\u016bs dom\u0101jat par Latviju. lotto faniem, un j\u016bs var\u0113tu sagaid\u012bt izlozi \u0101tr\u0101k, nek\u0101 dom\u0101jat. Izv\u0113lieties loterijas sp\u0113li, kuru v\u0113laties sp\u0113l\u0113t, un izv\u0113lieties skait\u013cus katrai no sav\u0101m bi\u013cet\u0113m. Vai [&hellip;]<\/p>\n","protected":false},"author":1,"featured_media":0,"parent":5646,"menu_order":7,"comment_status":"closed","ping_status":"closed","template":"la-primitiva-info.php","meta":{"_et_pb_use_builder":"","_et_pb_old_content":"","_et_gb_content_width":"","exclude_from_search":false,"footnotes":""},"class_list":["post-80285","page","type-page","status-publish","hentry"],"yoast_head":"<!-- This site is optimized with the Yoast SEO plugin v23.4 - https:\/\/yoast.com\/wordpress\/plugins\/seo\/ -->\n<title>La Primitiva bi\u013ce\u0161u ieg\u0101de tie\u0161saist\u0113 | La Primitiva no Latvijas<\/title>\n<meta name=\"description\" content=\"Uzziniet, k\u0101 ieg\u0101d\u0101ties bi\u013cetes uz Sp\u0101nijas loteriju La Primitiva no Latvijas\" \/>\n<meta name=\"robots\" content=\"index, follow, max-snippet:-1, max-image-preview:large, max-video-preview:-1\" \/>\n<link rel=\"canonical\" href=\"https:\/\/onlinelotto365.com\/lv\/pirkt-biletes\/la-primitiva\/\" \/>\n<meta property=\"og:locale\" content=\"lv_LV\" \/>\n<meta property=\"og:type\" content=\"article\" \/>\n<meta property=\"og:title\" content=\"La Primitiva bi\u013ce\u0161u ieg\u0101de tie\u0161saist\u0113 | La Primitiva no Latvijas\" \/>\n<meta property=\"og:description\" content=\"Uzziniet, k\u0101 ieg\u0101d\u0101ties bi\u013cetes uz Sp\u0101nijas loteriju La Primitiva no Latvijas\" \/>\n<meta property=\"og:url\" content=\"https:\/\/onlinelotto365.com\/lv\/pirkt-biletes\/la-primitiva\/\" \/>\n<meta property=\"og:site_name\" content=\"OnlineLotto365\" \/>\n<meta property=\"og:image\" content=\"https:\/\/redfoxlotto.com\/image?size=8&amp;lottery=la-primitiva\" \/>\n<meta name=\"twitter:card\" content=\"summary_large_image\" \/>\n<meta name=\"twitter:label1\" content=\"Est. reading time\" \/>\n\t<meta name=\"twitter:data1\" content=\"3 minutes\" \/>\n<script type=\"application\/ld+json\" class=\"yoast-schema-graph\">{\"@context\":\"https:\/\/schema.org\",\"@graph\":[{\"@type\":\"WebPage\",\"@id\":\"https:\/\/onlinelotto365.com\/lv\/pirkt-biletes\/la-primitiva\/\",\"url\":\"https:\/\/onlinelotto365.com\/lv\/pirkt-biletes\/la-primitiva\/\",\"name\":\"La Primitiva bi\u013ce\u0161u ieg\u0101de tie\u0161saist\u0113 | La Primitiva no Latvijas\",\"isPartOf\":{\"@id\":\"https:\/\/onlinelotto365.com\/lv\/#website\"},\"primaryImageOfPage\":{\"@id\":\"https:\/\/onlinelotto365.com\/lv\/pirkt-biletes\/la-primitiva\/#primaryimage\"},\"image\":{\"@id\":\"https:\/\/onlinelotto365.com\/lv\/pirkt-biletes\/la-primitiva\/#primaryimage\"},\"thumbnailUrl\":\"https:\/\/redfoxlotto.com\/image?size=8&amp;lottery=la-primitiva\",\"datePublished\":\"2022-11-16T09:08:15+00:00\",\"dateModified\":\"2022-11-16T09:08:15+00:00\",\"description\":\"Uzziniet, k\u0101 ieg\u0101d\u0101ties bi\u013cetes uz Sp\u0101nijas loteriju La Primitiva no Latvijas\",\"breadcrumb\":{\"@id\":\"https:\/\/onlinelotto365.com\/lv\/pirkt-biletes\/la-primitiva\/#breadcrumb\"},\"inLanguage\":\"lv-LV\",\"potentialAction\":[{\"@type\":\"ReadAction\",\"target\":[\"https:\/\/onlinelotto365.com\/lv\/pirkt-biletes\/la-primitiva\/\"]}]},{\"@type\":\"ImageObject\",\"inLanguage\":\"lv-LV\",\"@id\":\"https:\/\/onlinelotto365.com\/lv\/pirkt-biletes\/la-primitiva\/#primaryimage\",\"url\":\"https:\/\/redfoxlotto.com\/image?size=8&amp;lottery=la-primitiva\",\"contentUrl\":\"https:\/\/redfoxlotto.com\/image?size=8&amp;lottery=la-primitiva\"},{\"@type\":\"BreadcrumbList\",\"@id\":\"https:\/\/onlinelotto365.com\/lv\/pirkt-biletes\/la-primitiva\/#breadcrumb\",\"itemListElement\":[{\"@type\":\"ListItem\",\"position\":1,\"name\":\"Home\",\"item\":\"https:\/\/onlinelotto365.com\/lv\/\"},{\"@type\":\"ListItem\",\"position\":2,\"name\":\"K\u0101p\u0113c pirkt loterijas bi\u013cetes internet\u0101 ir lo\u0123isk\u0101k\",\"item\":\"https:\/\/onlinelotto365.com\/lv\/pirkt-biletes\/\"},{\"@type\":\"ListItem\",\"position\":3,\"name\":\"K\u0101 ieg\u0101d\u0101ties La Primitiva bi\u013cetes tie\u0161saist\u0113\"}]},{\"@type\":\"WebSite\",\"@id\":\"https:\/\/onlinelotto365.com\/lv\/#website\",\"url\":\"https:\/\/onlinelotto365.com\/lv\/\",\"name\":\"OnlineLotto365\",\"description\":\"\",\"potentialAction\":[{\"@type\":\"SearchAction\",\"target\":{\"@type\":\"EntryPoint\",\"urlTemplate\":\"https:\/\/onlinelotto365.com\/lv\/?s={search_term_string}\"},\"query-input\":{\"@type\":\"PropertyValueSpecification\",\"valueRequired\":true,\"valueName\":\"search_term_string\"}}],\"inLanguage\":\"lv-LV\"}]}<\/script>\n<!-- \/ Yoast SEO plugin. -->","yoast_head_json":{"title":"La Primitiva bi\u013ce\u0161u ieg\u0101de tie\u0161saist\u0113 | La Primitiva no Latvijas","description":"Uzziniet, k\u0101 ieg\u0101d\u0101ties bi\u013cetes uz Sp\u0101nijas loteriju La Primitiva no Latvijas","robots":{"index":"index","follow":"follow","max-snippet":"max-snippet:-1","max-image-preview":"max-image-preview:large","max-video-preview":"max-video-preview:-1"},"canonical":"https:\/\/onlinelotto365.com\/lv\/pirkt-biletes\/la-primitiva\/","og_locale":"lv_LV","og_type":"article","og_title":"La Primitiva bi\u013ce\u0161u ieg\u0101de tie\u0161saist\u0113 | La Primitiva no Latvijas","og_description":"Uzziniet, k\u0101 ieg\u0101d\u0101ties bi\u013cetes uz Sp\u0101nijas loteriju La Primitiva no Latvijas","og_url":"https:\/\/onlinelotto365.com\/lv\/pirkt-biletes\/la-primitiva\/","og_site_name":"OnlineLotto365","og_image":[{"url":"https:\/\/redfoxlotto.com\/image?size=8&amp;lottery=la-primitiva"}],"twitter_card":"summary_large_image","twitter_misc":{"Est. reading time":"3 minutes"},"schema":{"@context":"https:\/\/schema.org","@graph":[{"@type":"WebPage","@id":"https:\/\/onlinelotto365.com\/lv\/pirkt-biletes\/la-primitiva\/","url":"https:\/\/onlinelotto365.com\/lv\/pirkt-biletes\/la-primitiva\/","name":"La Primitiva bi\u013ce\u0161u ieg\u0101de tie\u0161saist\u0113 | La Primitiva no Latvijas","isPartOf":{"@id":"https:\/\/onlinelotto365.com\/lv\/#website"},"primaryImageOfPage":{"@id":"https:\/\/onlinelotto365.com\/lv\/pirkt-biletes\/la-primitiva\/#primaryimage"},"image":{"@id":"https:\/\/onlinelotto365.com\/lv\/pirkt-biletes\/la-primitiva\/#primaryimage"},"thumbnailUrl":"https:\/\/redfoxlotto.com\/image?size=8&amp;lottery=la-primitiva","datePublished":"2022-11-16T09:08:15+00:00","dateModified":"2022-11-16T09:08:15+00:00","description":"Uzziniet, k\u0101 ieg\u0101d\u0101ties bi\u013cetes uz Sp\u0101nijas loteriju La Primitiva no Latvijas","breadcrumb":{"@id":"https:\/\/onlinelotto365.com\/lv\/pirkt-biletes\/la-primitiva\/#breadcrumb"},"inLanguage":"lv-LV","potentialAction":[{"@type":"ReadAction","target":["https:\/\/onlinelotto365.com\/lv\/pirkt-biletes\/la-primitiva\/"]}]},{"@type":"ImageObject","inLanguage":"lv-LV","@id":"https:\/\/onlinelotto365.com\/lv\/pirkt-biletes\/la-primitiva\/#primaryimage","url":"https:\/\/redfoxlotto.com\/image?size=8&amp;lottery=la-primitiva","contentUrl":"https:\/\/redfoxlotto.com\/image?size=8&amp;lottery=la-primitiva"},{"@type":"BreadcrumbList","@id":"https:\/\/onlinelotto365.com\/lv\/pirkt-biletes\/la-primitiva\/#breadcrumb","itemListElement":[{"@type":"ListItem","position":1,"name":"Home","item":"https:\/\/onlinelotto365.com\/lv\/"},{"@type":"ListItem","position":2,"name":"K\u0101p\u0113c pirkt loterijas bi\u013cetes internet\u0101 ir lo\u0123isk\u0101k","item":"https:\/\/onlinelotto365.com\/lv\/pirkt-biletes\/"},{"@type":"ListItem","position":3,"name":"K\u0101 ieg\u0101d\u0101ties La Primitiva bi\u013cetes tie\u0161saist\u0113"}]},{"@type":"WebSite","@id":"https:\/\/onlinelotto365.com\/lv\/#website","url":"https:\/\/onlinelotto365.com\/lv\/","name":"OnlineLotto365","description":"","potentialAction":[{"@type":"SearchAction","target":{"@type":"EntryPoint","urlTemplate":"https:\/\/onlinelotto365.com\/lv\/?s={search_term_string}"},"query-input":{"@type":"PropertyValueSpecification","valueRequired":true,"valueName":"search_term_string"}}],"inLanguage":"lv-LV"}]}},"_links":{"self":[{"href":"https:\/\/onlinelotto365.com\/lv\/wp-json\/wp\/v2\/pages\/80285","targetHints":{"allow":["GET"]}}],"collection":[{"href":"https:\/\/onlinelotto365.com\/lv\/wp-json\/wp\/v2\/pages"}],"about":[{"href":"https:\/\/onlinelotto365.com\/lv\/wp-json\/wp\/v2\/types\/page"}],"author":[{"embeddable":true,"href":"https:\/\/onlinelotto365.com\/lv\/wp-json\/wp\/v2\/users\/1"}],"replies":[{"embeddable":true,"href":"https:\/\/onlinelotto365.com\/lv\/wp-json\/wp\/v2\/comments?post=80285"}],"version-history":[{"count":0,"href":"https:\/\/onlinelotto365.com\/lv\/wp-json\/wp\/v2\/pages\/80285\/revisions"}],"up":[{"embeddable":true,"href":"https:\/\/onlinelotto365.com\/lv\/wp-json\/wp\/v2\/pages\/5646"}],"wp:attachment":[{"href":"https:\/\/onlinelotto365.com\/lv\/wp-json\/wp\/v2\/media?parent=80285"}],"curies":[{"name":"wp","href":"https:\/\/api.w.org\/{rel}","templated":true}]}}