{"id":80317,"date":"2022-11-16T12:24:02","date_gmt":"2022-11-16T11:24:02","guid":{"rendered":"https:\/\/onlinelotto365.com\/?page_id=80317"},"modified":"2022-11-16T12:24:02","modified_gmt":"2022-11-16T11:24:02","slug":"bonoloto","status":"publish","type":"page","link":"https:\/\/onlinelotto365.com\/lv\/pirkt-biletes\/bonoloto\/","title":{"rendered":"K\u0101 ieg\u0101d\u0101ties BonoLoto bi\u013cetes tie\u0161saist\u0113"},"content":{"rendered":"<p>Ja tu dz\u012bvo Latvij\u0101 un v\u0113lies uzzin\u0101t, k\u0101 sp\u0113l\u0113t BonoLoto tie\u0161saist\u0113 un k\u0101 ieg\u0101d\u0101ties bi\u013cetes, esi \u012bstaj\u0101 viet\u0101. M\u0113s varam jums pal\u012bdz\u0113t vis\u0101 \u0161aj\u0101 proces\u0101, un tas b\u016bs daudz vienk\u0101r\u0161\u0101k, nek\u0101 j\u016bs dom\u0101jat. Viss, kas jums j\u0101dara, ir j\u0101seko t\u0101l\u0101k izkl\u0101st\u012btajiem so\u013ciem.<br \/>\n<a href=\"https:\/\/redfoxlotto.com\/play\/bonoloto\/?ref=a8564250a2&amp;medium=ol365\" target=\"_blank\" rel=\"noopener noreferrer\"><img decoding=\"async\" class=\"aligncenter\" src=\"https:\/\/redfoxlotto.com\/image?size=8&amp;lottery=bonoloto\" alt=\"BonoLoto\" \/><\/a><\/p>\n<ul>\n<li>Dodieties uz loto sp\u0113les, kuru v\u0113laties sp\u0113l\u0113t, piem\u0113ram, BonoLoto, lapu. P\u0113c tam izv\u0113lieties visas bi\u013cetes, kuras v\u0113laties, tostarp numurus, kurus v\u0113laties sp\u0113l\u0113t.<\/li>\n<li>Pievienojiet pas\u016bt\u012bjumam papildu bi\u013cetes BonoLoto vai cit\u0101m sp\u0113l\u0113m, l\u012bdz esat gatavs izrakst\u012bties.<\/li>\n<li>Izv\u0113lieties pogu, lai samaks\u0101tu tagad<\/li>\n<li>Piesakieties sav\u0101 kont\u0101 vai izv\u0113lieties iesp\u0113ju izveidot piln\u012bgi jaunu kontu un veiciet re\u0123istr\u0113\u0161an\u0101s procesu.<\/li>\n<li>Ja veidojat jaunu kontu, jums b\u016bs j\u0101dodas uz savu e-pastu, lai sa\u0146emtu verifik\u0101cijas saiti, kas \u013caus pabeigt procesu.<\/li>\n<li>Ja saiti nesa\u0146emat, p\u0101rliecinieties, ka esat p\u0101rbaud\u012bjis surog\u0101tpasta mapi, lai redz\u0113tu, vai t\u0101 par\u0101d\u0101s tur, nevis parastaj\u0101 pastkast\u012bt\u0113.<\/li>\n<li>Dodieties uz izrakst\u012b\u0161an\u0101s lapu vietn\u0113 un s\u0101ciet maks\u0101juma procesu.<\/li>\n<li>Izv\u0113lieties maks\u0101juma metodi un pabeidziet apmaksu.<\/li>\n<\/ul>\n<h2>K\u0101 samaks\u0101t par BonoLoto bi\u013ceti tie\u0161saist\u0113<\/h2>\n<p>Jums b\u016bs daudz da\u017e\u0101du maks\u0101jumu meto\u017eu, ko varat izmantot, lai ieg\u0101d\u0101tos BonoLoto bi\u013cetes un daudz ko citu.<br \/>\nIeg\u0101d\u0101jieties bi\u013cetes, izv\u0113loties vienu no \u0161\u012bm div\u0101m visp\u0101r\u0113j\u0101m iesp\u0113j\u0101m, lai s\u0101ktu darbu:<\/p>\n<ul>\n<li>Veiciet maks\u0101jumu par savu pas\u016bt\u012bjumu tie\u0161i ar kred\u012btkarti vai finan\u0161u kontu.<\/li>\n<li>Veiciet naudas iemaksu sav\u0101 sp\u0113l\u0113t\u0101ja kont\u0101 m\u016bsu t\u012bmek\u013ca vietn\u0113 un izmantojiet savu sp\u0113l\u0113t\u0101ja kontu, lai veiktu pirkumu.<\/li>\n<\/ul>\n<p>Tiem, kas izv\u0113las iemaks\u0101t naudu sav\u0101 sp\u0113l\u0113t\u0101ja kont\u0101, p\u0101rliecinieties, ka esat pievienojis vair\u0101k naudas, nek\u0101 nepiecie\u0161ams j\u016bsu pa\u0161reiz\u0113jam pas\u016bt\u012bjumam, lai to var\u0113tu apstr\u0101d\u0101t.<\/p>\n<h2>Vair\u0101k inform\u0101cijas par BonoLoto<\/h2>\n<ul>\n<li>Valsts: Sp\u0101nija<\/li>\n<li>Galveno numuru diapazons: 49<\/li>\n<li>J\u016bs izv\u0113laties: 6<\/li>\n<li>Izlozes dienas, stundas: katru dienu, iz\u0146emot sv\u0113tdienas, 21:30 CET, 21:30 CET<\/li>\n<li>Minim\u0101lais d\u017eekpots: 400000<\/li>\n<li>Maksim\u0101lais d\u017eekpots: nav<\/li>\n<li>D\u017eekpota laim\u0113\u0161anas varb\u016bt\u012bba: 1 pret 13983816<\/li>\n<li>2. l\u012bme\u0146a laimesta varb\u016bt\u012bba: 1 pret 2330636<\/li>\n<li>Iesp\u0113ja laim\u0113t jebkur\u0101 l\u012bmen\u012b: 1 pret 8,43<\/li>\n<li>Balvu l\u012bme\u0146u skaits: 6<\/li>\n<\/ul>\n<h2>BonoLoto bi\u013ce\u0161u ieg\u0101des tie\u0161saist\u0113 priek\u0161roc\u012bbas<\/h2>\n<ul>\n<li>Palieciet m\u0101j\u0101s un joproj\u0101m sa\u0146emiet v\u0113lam\u0101s bi\u013cetes no Latvijas vai jebkuras citas valsts<\/li>\n<li>Izv\u0113lieties no pla\u0161a da\u017e\u0101du loteriju sp\u0113\u013cu kl\u0101sta no visas pasaules<\/li>\n<li>Ieg\u016bstiet liel\u0101kas iesp\u0113jas laim\u0113t lielas balvas, izv\u0113loties lab\u0101kos d\u017eekpotus.<\/li>\n<li>Ielieciet naudu sav\u0101 kont\u0101, lai samaks\u0101tu par bi\u013cet\u0113m<\/li>\n<li>Neuztraucieties par to, ka k\u0101dreiz atkal pazaud\u0113siet bi\u013ceti.<\/li>\n<li>Nekad nepalaidiet gar\u0101m laimestu ar t\u016bl\u012bt\u0113jiem pazi\u0146ojumiem<\/li>\n<li>Izmantojiet nejau\u0161o skait\u013cu \u0123eneratoru, lai izv\u0113l\u0113tos skait\u013cus j\u016bsu viet\u0101.<\/li>\n<\/ul>\n<h2>Vai ir likum\u012bgi ieg\u0101d\u0101ties BonoLoto bi\u013cetes tie\u0161saist\u0113?<\/h2>\n<p>J\u016bs varat justies nedaudz noraiz\u0113jies par \u0161\u0101da veida sp\u0113les sp\u0113l\u0113\u0161anu, ja nezin\u0101t par tie\u0161saistes loto likum\u012bbu j\u016bsu dz\u012bvesvietas valst\u012b. Ta\u010du j\u016bs varat piln\u012bb\u0101 uztic\u0113ties m\u016bsu dienestam, kas jums pal\u012bdz\u0113s. M\u0113s p\u0101rliecin\u0101mies, ka tiek iev\u0113roti visi t\u0101s valsts noteikumi, kur\u0101 tiek sp\u0113l\u0113ts loto.<\/p>\n<p>T\u0101d\u0113j\u0101di, ja j\u016bs vinn\u0113siet k\u0101du balvu, tostarp d\u017eekpotu, jums neb\u016bs j\u0101uztraucas par to, vai var\u0113siet to piepras\u012bt. J\u016bs garant\u0113ti sa\u0146emsiet laimestu, ko esat nopeln\u012bjis.<br \/>\nVien\u012bgais noteikums ir t\u0101ds, ka jums j\u0101b\u016bt vismaz 18 gadu vecumam, lai var\u0113tu sp\u0113l\u0113t.<\/p>\n<h2>K\u0101 es varu sa\u0146emt naudu, ja laim\u0113ju BonoLoto tie\u0161saist\u0113?<\/h2>\n<p><img loading=\"lazy\" decoding=\"async\" class=\"alignright wp-image-3675\" src=\"https:\/\/onlinelotto365.com\/wp-content\/uploads\/2020\/11\/online_lottery-117-300x217.jpg\" alt=\"nopirkt bonoloto bi\u013cetes tie\u0161saist\u0113\" width=\"195\" height=\"141\" srcset=\"https:\/\/onlinelotto365.com\/wp-content\/uploads\/2020\/11\/online_lottery-117-300x217.jpg 300w, https:\/\/onlinelotto365.com\/wp-content\/uploads\/2020\/11\/online_lottery-117.jpg 320w\" sizes=\"auto, (max-width: 195px) 100vw, 195px\" \/><br \/>\nMaks\u0101jumi ir svar\u012bgi, un j\u016bs v\u0113laties b\u016bt p\u0101rliecin\u0101ts, ka sa\u0146emsiet visu naudu, kas jums pien\u0101kas. Ar mums tas nav probl\u0113ma, jo m\u0113s no jums neiekas\u0113jam komisijas maksu par laimestiem. J\u016bs visu to sa\u0146emsiet tie\u0161i sav\u0101 kont\u0101.<\/p>\n<p>Vien\u012bgais gad\u012bjums, kad m\u0113s pat iekas\u0113jam komisijas maksu, ir tad, ja j\u016bs izv\u0113laties, lai j\u016bsu nauda tiktu p\u0101rskait\u012bta uz j\u016bsu banku. Ja j\u016bsu banka par \u0161o p\u0101rskait\u012bjumu iekas\u0113 komisijas maksu, tad m\u0113s \u0161o maksu p\u0101rskait\u012bsim uz j\u016bsu kontu.<br \/>\nTom\u0113r, kad jums ir ties\u012bbas sa\u0146emt maks\u0101jumu, notiks viena no div\u0101m liet\u0101m:<\/p>\n<ul>\n<li>Ja laim\u0113siet maz\u0101k nek\u0101 2500 eiro, naudu sav\u0101 kont\u0101 sa\u0146emsiet praktiski uzreiz, un ar to var\u0113siet r\u012bkoties, k\u0101 vien v\u0113laties.<\/li>\n<li>Ja laim\u0113siet vair\u0101k nek\u0101 \u20ac2500, laim\u0113t\u0101 summa jums tiks nos\u016bt\u012bta vai nu k\u0101 bankas p\u0101rskait\u012bjums, vai k\u0101 \u010deks. J\u016bs var\u0113siet izv\u0113l\u0113ties, ko v\u0113laties, aizpildot piepras\u012bjuma veidlapu, ko jums nos\u016bt\u012bs m\u016bsu darbinieki. \u0160\u0101d\u0101 veid\u0101 j\u016bs sa\u0146emsiet savu naudu da\u017eu dienu laik\u0101.<\/li>\n<\/ul>\n","protected":false},"excerpt":{"rendered":"<p>Ja tu dz\u012bvo Latvij\u0101 un v\u0113lies uzzin\u0101t, k\u0101 sp\u0113l\u0113t BonoLoto tie\u0161saist\u0113 un k\u0101 ieg\u0101d\u0101ties bi\u013cetes, esi \u012bstaj\u0101 viet\u0101. M\u0113s varam jums pal\u012bdz\u0113t vis\u0101 \u0161aj\u0101 proces\u0101, un tas b\u016bs daudz vienk\u0101r\u0161\u0101k, nek\u0101 j\u016bs dom\u0101jat. Viss, kas jums j\u0101dara, ir j\u0101seko t\u0101l\u0101k izkl\u0101st\u012btajiem so\u013ciem. Dodieties uz loto sp\u0113les, kuru v\u0113laties sp\u0113l\u0113t, piem\u0113ram, BonoLoto, lapu. P\u0113c tam izv\u0113lieties [&hellip;]<\/p>\n","protected":false},"author":1,"featured_media":0,"parent":5646,"menu_order":8,"comment_status":"closed","ping_status":"closed","template":"template-rightsidebar.php","meta":{"_et_pb_use_builder":"","_et_pb_old_content":"","_et_gb_content_width":"","exclude_from_search":false,"footnotes":""},"class_list":["post-80317","page","type-page","status-publish","hentry"],"yoast_head":"<!-- This site is optimized with the Yoast SEO plugin v23.4 - https:\/\/yoast.com\/wordpress\/plugins\/seo\/ -->\n<title>BonoLoto bi\u013cetes internet\u0101 | K\u0101 ieg\u0101d\u0101ties bi\u013cetes no Latvijas<\/title>\n<meta name=\"description\" content=\"M\u016bsu m\u0101jas lap\u0101 j\u016bs varat ieg\u0101d\u0101ties Bonoloto bi\u013cetes tie\u0161saist\u0113 un leg\u0101li\" \/>\n<meta name=\"robots\" content=\"index, follow, max-snippet:-1, max-image-preview:large, max-video-preview:-1\" \/>\n<link rel=\"canonical\" href=\"https:\/\/onlinelotto365.com\/lv\/pirkt-biletes\/bonoloto\/\" \/>\n<meta property=\"og:locale\" content=\"lv_LV\" \/>\n<meta property=\"og:type\" content=\"article\" \/>\n<meta property=\"og:title\" content=\"BonoLoto bi\u013cetes internet\u0101 | K\u0101 ieg\u0101d\u0101ties bi\u013cetes no Latvijas\" \/>\n<meta property=\"og:description\" content=\"M\u016bsu m\u0101jas lap\u0101 j\u016bs varat ieg\u0101d\u0101ties Bonoloto bi\u013cetes tie\u0161saist\u0113 un leg\u0101li\" \/>\n<meta property=\"og:url\" content=\"https:\/\/onlinelotto365.com\/lv\/pirkt-biletes\/bonoloto\/\" \/>\n<meta property=\"og:site_name\" content=\"OnlineLotto365\" \/>\n<meta property=\"og:image\" content=\"https:\/\/redfoxlotto.com\/image?size=8&amp;lottery=bonoloto\" \/>\n<meta name=\"twitter:card\" content=\"summary_large_image\" \/>\n<meta name=\"twitter:label1\" content=\"Est. reading time\" \/>\n\t<meta name=\"twitter:data1\" content=\"4 minutes\" \/>\n<script type=\"application\/ld+json\" class=\"yoast-schema-graph\">{\"@context\":\"https:\/\/schema.org\",\"@graph\":[{\"@type\":\"WebPage\",\"@id\":\"https:\/\/onlinelotto365.com\/lv\/pirkt-biletes\/bonoloto\/\",\"url\":\"https:\/\/onlinelotto365.com\/lv\/pirkt-biletes\/bonoloto\/\",\"name\":\"BonoLoto bi\u013cetes internet\u0101 | K\u0101 ieg\u0101d\u0101ties bi\u013cetes no Latvijas\",\"isPartOf\":{\"@id\":\"https:\/\/onlinelotto365.com\/lv\/#website\"},\"primaryImageOfPage\":{\"@id\":\"https:\/\/onlinelotto365.com\/lv\/pirkt-biletes\/bonoloto\/#primaryimage\"},\"image\":{\"@id\":\"https:\/\/onlinelotto365.com\/lv\/pirkt-biletes\/bonoloto\/#primaryimage\"},\"thumbnailUrl\":\"https:\/\/redfoxlotto.com\/image?size=8&amp;lottery=bonoloto\",\"datePublished\":\"2022-11-16T11:24:02+00:00\",\"dateModified\":\"2022-11-16T11:24:02+00:00\",\"description\":\"M\u016bsu m\u0101jas lap\u0101 j\u016bs varat ieg\u0101d\u0101ties Bonoloto bi\u013cetes tie\u0161saist\u0113 un leg\u0101li\",\"breadcrumb\":{\"@id\":\"https:\/\/onlinelotto365.com\/lv\/pirkt-biletes\/bonoloto\/#breadcrumb\"},\"inLanguage\":\"lv-LV\",\"potentialAction\":[{\"@type\":\"ReadAction\",\"target\":[\"https:\/\/onlinelotto365.com\/lv\/pirkt-biletes\/bonoloto\/\"]}]},{\"@type\":\"ImageObject\",\"inLanguage\":\"lv-LV\",\"@id\":\"https:\/\/onlinelotto365.com\/lv\/pirkt-biletes\/bonoloto\/#primaryimage\",\"url\":\"https:\/\/redfoxlotto.com\/image?size=8&amp;lottery=bonoloto\",\"contentUrl\":\"https:\/\/redfoxlotto.com\/image?size=8&amp;lottery=bonoloto\"},{\"@type\":\"BreadcrumbList\",\"@id\":\"https:\/\/onlinelotto365.com\/lv\/pirkt-biletes\/bonoloto\/#breadcrumb\",\"itemListElement\":[{\"@type\":\"ListItem\",\"position\":1,\"name\":\"Home\",\"item\":\"https:\/\/onlinelotto365.com\/lv\/\"},{\"@type\":\"ListItem\",\"position\":2,\"name\":\"K\u0101p\u0113c pirkt loterijas bi\u013cetes internet\u0101 ir lo\u0123isk\u0101k\",\"item\":\"https:\/\/onlinelotto365.com\/lv\/pirkt-biletes\/\"},{\"@type\":\"ListItem\",\"position\":3,\"name\":\"K\u0101 ieg\u0101d\u0101ties BonoLoto bi\u013cetes tie\u0161saist\u0113\"}]},{\"@type\":\"WebSite\",\"@id\":\"https:\/\/onlinelotto365.com\/lv\/#website\",\"url\":\"https:\/\/onlinelotto365.com\/lv\/\",\"name\":\"OnlineLotto365\",\"description\":\"\",\"potentialAction\":[{\"@type\":\"SearchAction\",\"target\":{\"@type\":\"EntryPoint\",\"urlTemplate\":\"https:\/\/onlinelotto365.com\/lv\/?s={search_term_string}\"},\"query-input\":{\"@type\":\"PropertyValueSpecification\",\"valueRequired\":true,\"valueName\":\"search_term_string\"}}],\"inLanguage\":\"lv-LV\"}]}<\/script>\n<!-- \/ Yoast SEO plugin. -->","yoast_head_json":{"title":"BonoLoto bi\u013cetes internet\u0101 | K\u0101 ieg\u0101d\u0101ties bi\u013cetes no Latvijas","description":"M\u016bsu m\u0101jas lap\u0101 j\u016bs varat ieg\u0101d\u0101ties Bonoloto bi\u013cetes tie\u0161saist\u0113 un leg\u0101li","robots":{"index":"index","follow":"follow","max-snippet":"max-snippet:-1","max-image-preview":"max-image-preview:large","max-video-preview":"max-video-preview:-1"},"canonical":"https:\/\/onlinelotto365.com\/lv\/pirkt-biletes\/bonoloto\/","og_locale":"lv_LV","og_type":"article","og_title":"BonoLoto bi\u013cetes internet\u0101 | K\u0101 ieg\u0101d\u0101ties bi\u013cetes no Latvijas","og_description":"M\u016bsu m\u0101jas lap\u0101 j\u016bs varat ieg\u0101d\u0101ties Bonoloto bi\u013cetes tie\u0161saist\u0113 un leg\u0101li","og_url":"https:\/\/onlinelotto365.com\/lv\/pirkt-biletes\/bonoloto\/","og_site_name":"OnlineLotto365","og_image":[{"url":"https:\/\/redfoxlotto.com\/image?size=8&amp;lottery=bonoloto"}],"twitter_card":"summary_large_image","twitter_misc":{"Est. reading time":"4 minutes"},"schema":{"@context":"https:\/\/schema.org","@graph":[{"@type":"WebPage","@id":"https:\/\/onlinelotto365.com\/lv\/pirkt-biletes\/bonoloto\/","url":"https:\/\/onlinelotto365.com\/lv\/pirkt-biletes\/bonoloto\/","name":"BonoLoto bi\u013cetes internet\u0101 | K\u0101 ieg\u0101d\u0101ties bi\u013cetes no Latvijas","isPartOf":{"@id":"https:\/\/onlinelotto365.com\/lv\/#website"},"primaryImageOfPage":{"@id":"https:\/\/onlinelotto365.com\/lv\/pirkt-biletes\/bonoloto\/#primaryimage"},"image":{"@id":"https:\/\/onlinelotto365.com\/lv\/pirkt-biletes\/bonoloto\/#primaryimage"},"thumbnailUrl":"https:\/\/redfoxlotto.com\/image?size=8&amp;lottery=bonoloto","datePublished":"2022-11-16T11:24:02+00:00","dateModified":"2022-11-16T11:24:02+00:00","description":"M\u016bsu m\u0101jas lap\u0101 j\u016bs varat ieg\u0101d\u0101ties Bonoloto bi\u013cetes tie\u0161saist\u0113 un leg\u0101li","breadcrumb":{"@id":"https:\/\/onlinelotto365.com\/lv\/pirkt-biletes\/bonoloto\/#breadcrumb"},"inLanguage":"lv-LV","potentialAction":[{"@type":"ReadAction","target":["https:\/\/onlinelotto365.com\/lv\/pirkt-biletes\/bonoloto\/"]}]},{"@type":"ImageObject","inLanguage":"lv-LV","@id":"https:\/\/onlinelotto365.com\/lv\/pirkt-biletes\/bonoloto\/#primaryimage","url":"https:\/\/redfoxlotto.com\/image?size=8&amp;lottery=bonoloto","contentUrl":"https:\/\/redfoxlotto.com\/image?size=8&amp;lottery=bonoloto"},{"@type":"BreadcrumbList","@id":"https:\/\/onlinelotto365.com\/lv\/pirkt-biletes\/bonoloto\/#breadcrumb","itemListElement":[{"@type":"ListItem","position":1,"name":"Home","item":"https:\/\/onlinelotto365.com\/lv\/"},{"@type":"ListItem","position":2,"name":"K\u0101p\u0113c pirkt loterijas bi\u013cetes internet\u0101 ir lo\u0123isk\u0101k","item":"https:\/\/onlinelotto365.com\/lv\/pirkt-biletes\/"},{"@type":"ListItem","position":3,"name":"K\u0101 ieg\u0101d\u0101ties BonoLoto bi\u013cetes tie\u0161saist\u0113"}]},{"@type":"WebSite","@id":"https:\/\/onlinelotto365.com\/lv\/#website","url":"https:\/\/onlinelotto365.com\/lv\/","name":"OnlineLotto365","description":"","potentialAction":[{"@type":"SearchAction","target":{"@type":"EntryPoint","urlTemplate":"https:\/\/onlinelotto365.com\/lv\/?s={search_term_string}"},"query-input":{"@type":"PropertyValueSpecification","valueRequired":true,"valueName":"search_term_string"}}],"inLanguage":"lv-LV"}]}},"_links":{"self":[{"href":"https:\/\/onlinelotto365.com\/lv\/wp-json\/wp\/v2\/pages\/80317","targetHints":{"allow":["GET"]}}],"collection":[{"href":"https:\/\/onlinelotto365.com\/lv\/wp-json\/wp\/v2\/pages"}],"about":[{"href":"https:\/\/onlinelotto365.com\/lv\/wp-json\/wp\/v2\/types\/page"}],"author":[{"embeddable":true,"href":"https:\/\/onlinelotto365.com\/lv\/wp-json\/wp\/v2\/users\/1"}],"replies":[{"embeddable":true,"href":"https:\/\/onlinelotto365.com\/lv\/wp-json\/wp\/v2\/comments?post=80317"}],"version-history":[{"count":0,"href":"https:\/\/onlinelotto365.com\/lv\/wp-json\/wp\/v2\/pages\/80317\/revisions"}],"up":[{"embeddable":true,"href":"https:\/\/onlinelotto365.com\/lv\/wp-json\/wp\/v2\/pages\/5646"}],"wp:attachment":[{"href":"https:\/\/onlinelotto365.com\/lv\/wp-json\/wp\/v2\/media?parent=80317"}],"curies":[{"name":"wp","href":"https:\/\/api.w.org\/{rel}","templated":true}]}}