{"id":80355,"date":"2022-11-17T08:03:45","date_gmt":"2022-11-17T07:03:45","guid":{"rendered":"https:\/\/onlinelotto365.com\/?page_id=80355"},"modified":"2022-11-17T08:03:45","modified_gmt":"2022-11-17T07:03:45","slug":"uk-lottery","status":"publish","type":"page","link":"https:\/\/onlinelotto365.com\/lv\/pirkt-biletes\/uk-lottery\/","title":{"rendered":"K\u0101 ieg\u0101d\u0101ties AK loterijas bi\u013cetes tie\u0161saist\u0113"},"content":{"rendered":"<p>Ja j\u016bs v\u0113laties ieg\u0101d\u0101ties Apvienot\u0101s Karalistes loterijas bi\u013cetes Latvij\u0101, jums nav j\u0101uztraucas, jo m\u0113s esam sagatavoju\u0161i visu procesu \u0101tri un vienk\u0101r\u0161i. Jums tikai j\u0101iepaz\u012bstas ar t\u0101l\u0101k izkl\u0101st\u012btajiem vienk\u0101r\u0161ajiem so\u013ciem, un j\u016bs b\u016bsiet gatavs uzreiz.<br \/>\n<a href=\"https:\/\/redfoxlotto.com\/play\/lotto-uk\/?ref=a8564250a2&amp;medium=ol365\" target=\"_blank\" rel=\"noopener noreferrer\"><img decoding=\"async\" class=\"aligncenter\" src=\"https:\/\/redfoxlotto.com\/image?size=8&amp;lottery=lotto-uk\" alt=\"uk loterija\" \/><\/a><\/p>\n<ul>\n<li>Nok\u013c\u016bstiet pareizaj\u0101 lap\u0101, kur\u0101 atrodama loterijas sp\u0113le, kuru v\u0113laties sp\u0113l\u0113t, piem\u0113ram, Lielbrit\u0101nijas loterija. Un p\u0113c tam izv\u0113lieties skait\u013cus, kurus v\u0113laties iek\u013caut sav\u0101 bi\u013cet\u0113.<\/li>\n<li>Izv\u0113lieties visas papildu loterijas bi\u013cetes, ko v\u0113laties \u0161ai vai cit\u0101m loterijas sp\u0113l\u0113m, kuras gatavojaties sp\u0113l\u0113t.<\/li>\n<li>Izv\u0113lieties iesp\u0113ju samaks\u0101t par bi\u013cet\u0113m<\/li>\n<li>Veiciet konta re\u0123istr\u0113\u0161anas procesu, ja esat jauns lietot\u0101js, vai pierakstieties sav\u0101 kont\u0101, ja jau esat eso\u0161ais lietot\u0101js.<\/li>\n<li>Tiem, kam v\u0113l ir j\u0101re\u0123istr\u0113jas, da\u017eu min\u016b\u0161u laik\u0101 sav\u0101 ies\u016btn\u0113 vai surog\u0101tpasta map\u0113 sa\u0146emsiet verifik\u0101cijas e-pasta v\u0113stuli.<\/li>\n<li>Ja da\u017eu min\u016b\u0161u laik\u0101 neesat sa\u0146\u0113mis e-pasta v\u0113stuli, p\u0101rbaudiet surog\u0101tpasta mapi, lai p\u0101rliecin\u0101tos, vai esat to sa\u0146\u0113mis.<\/li>\n<li>Atgriezieties t\u012bmek\u013ca vietn\u0113 un izv\u0113lieties iepirkumu grozu, lai samaks\u0101tu par bi\u013cet\u0113m.<\/li>\n<li>Izv\u0113lieties maks\u0101juma veidu un izpildiet maks\u0101juma nor\u0101d\u012bjumus.<\/li>\n<\/ul>\n<h2>K\u0101 samaks\u0101t par Apvienot\u0101s Karalistes loterijas bi\u013ceti tie\u0161saist\u0113<\/h2>\n<p>M\u016bsu klientiem no Latvijas un cit\u0101m valst\u012bm m\u0113s pied\u0101v\u0101jam vair\u0101kas da\u017e\u0101das piln\u012bgi dro\u0161as maks\u0101jumu metodes. T\u0101d\u0113j\u0101di j\u016bs varat izv\u0113l\u0113ties sev piem\u0113rot\u0101ko metodi.<br \/>\nIzv\u0113lieties vienu no div\u0101m da\u017e\u0101d\u0101m kop\u0113j\u0101m maks\u0101jumu iesp\u0113j\u0101m:<\/p>\n<p>Maks\u0101jiet par katru pas\u016bt\u012bjumu, izmantojot v\u0113lamo maks\u0101jumu p\u0113c savas izv\u0113les.<br \/>\nIelieciet naudu sav\u0101 kont\u0101 un izmantojiet to, lai ieg\u0101d\u0101tos v\u0113lam\u0101s bi\u013cetes.<\/p>\n<p>Ja izv\u0113laties iemaks\u0101t naudu tie\u0161i sav\u0101 kont\u0101, p\u0101rliecinieties, ka iemaks\u0101jat vair\u0101k nek\u0101 bi\u013ce\u0161u ieg\u0101dei nepiecie\u0161amo summu.<\/p>\n<h2>Vair\u0101k inform\u0101cijas par AK loteriju<\/h2>\n<ul>\n<li>Valsts: Lielbrit\u0101nijas loterija<\/li>\n<li>Galveno skait\u013cu diapazons: 59<\/li>\n<li>J\u016bs izv\u0113laties: 6<\/li>\n<li>Papildu skait\u013cu diapazons:<\/li>\n<li>J\u016bs izv\u0113laties:<\/li>\n<li>Izloz\u0113jiet dienas, stundas: Tre\u0161diena, sestdiena, , 19:30 UTC, 19:30 CET.<\/li>\n<li>Minim\u0101lais d\u017eekpots: GBP 2,5 miljoni<\/li>\n<li>Maksim\u0101lais d\u017eekpots: GBP 22 miljoni.<\/li>\n<li>D\u017eekpota laim\u0113\u0161anas varb\u016bt\u012bba: 1 pret 45057474<\/li>\n<li>2. l\u012bme\u0146a laimesta varb\u016bt\u012bba: 1 pret 7509579<\/li>\n<li>Iesp\u0113ja laim\u0113t jebkur\u0101 l\u012bmen\u012b: 1 pret 9,27<\/li>\n<li>Balvu l\u012bme\u0146u skaits: 6<\/li>\n<\/ul>\n<h2>Apvienot\u0101s Karalistes loterijas bi\u013ce\u0161u ieg\u0101des tie\u0161saist\u0113 priek\u0161roc\u012bbas<\/h2>\n<ul>\n<li>Ieg\u016bstiet v\u0113lam\u0101s bi\u013cetes, neizejot no m\u0101j\u0101m<\/li>\n<li>Izv\u0113l\u0113ties no pla\u0161a da\u017e\u0101du loteriju sp\u0113\u013cu kl\u0101sta.<\/li>\n<li>Ieg\u016bstiet vislab\u0101k\u0101s izredzes uz lielu laimestu, izv\u0113loties no da\u017e\u0101d\u0101m sp\u0113l\u0113m.<\/li>\n<li>Pievienojiet naudu tie\u0161i savam maks\u0101jumu kontam, lai samaks\u0101tu par bi\u013cet\u0113m.<\/li>\n<li>Nav j\u0101uztraucas par bi\u013ce\u0161u pazaud\u0113\u0161anu<\/li>\n<li>Pazi\u0146ojumi par laimestiem tiek nos\u016bt\u012bti tie\u0161i jums<\/li>\n<li>Vieglas izv\u0113les iesp\u0113jas, ja nev\u0113laties pa\u0161i izv\u0113l\u0113ties skait\u013cus<\/li>\n<\/ul>\n<h2>Vai ir likum\u012bgi ieg\u0101d\u0101ties Apvienot\u0101s Karalistes loterijas bi\u013cetes tie\u0161saist\u0113?<\/h2>\n<p>Nav nek\u0101du ba\u017eu par Apvienot\u0101s Karalistes loterijas bi\u013ce\u0161u ieg\u0101des likum\u012bbu tie\u0161saist\u0113 no Latvijas vai tradicion\u0101l\u0101kaj\u0101 veid\u0101. J\u016bs varat b\u016bt dro\u0161i, ka neatkar\u012bgi no t\u0101, kas notiks, j\u016bs sa\u0146emsiet savas bi\u013cetes un jums neb\u016bs j\u0101uztraucas pat par to, ka jums tiks pie\u0161\u0137irts d\u017eekpots.<\/p>\n<p>M\u0113s par\u016bp\u0113simies par to, lai j\u016bs sa\u0146emtu naudu, un jums neb\u016bs j\u0101uztraucas par to, vai pakalpojums ir leg\u0101ls atbilsto\u0161i j\u016bsu dz\u012bvesvietas valstij. Tikai p\u0101rliecinieties, ka jums ir 18 vai vair\u0101k gadu, lai ieg\u0101d\u0101tos bi\u013cetes pie mums.<\/p>\n<h2>K\u0101 es varu sa\u0146emt naudu, ja laim\u0113ju Apvienot\u0101s Karalistes loterij\u0101 tie\u0161saist\u0113?<\/h2>\n<p><img loading=\"lazy\" decoding=\"async\" class=\"alignright size-medium wp-image-3655\" src=\"https:\/\/onlinelotto365.com\/wp-content\/uploads\/2020\/11\/online_lottery-59-300x182.jpg\" alt=\"sp\u0113l\u0113t uk loterija online\" width=\"300\" height=\"182\" srcset=\"https:\/\/onlinelotto365.com\/wp-content\/uploads\/2020\/11\/online_lottery-59-300x182.jpg 300w, https:\/\/onlinelotto365.com\/wp-content\/uploads\/2020\/11\/online_lottery-59.jpg 320w\" sizes=\"auto, (max-width: 300px) 100vw, 300px\" \/><br \/>\nM\u0113s zin\u0101m, ka naudas sa\u0146em\u0161ana ir viena no svar\u012bg\u0101kaj\u0101m sast\u0101vda\u013c\u0101m, t\u0101p\u0113c m\u0113s v\u0113lamies nodro\u0161in\u0101t, lai maks\u0101juma process b\u016btu p\u0113c iesp\u0113jas vienk\u0101r\u0161\u0101ks. M\u0113s ar\u012b ne\u0146emam nek\u0101du komisijas maksu no j\u016bsu laimestiem, t\u0101p\u0113c j\u016bs sa\u0146emat visu laimestu. M\u0113s iekas\u0113jam komisijas maksu tikai tad, ja j\u016bs piepras\u0101t bankas p\u0101rskait\u012bjumu un banka mums iekas\u0113 komisijas maksu. \u0160\u012b summa var tikt p\u0101rskait\u012bta jums.<br \/>\nPret\u0113j\u0101 gad\u012bjum\u0101 vienk\u0101r\u0161i apskatiet, kas notiek ar j\u016bsu maks\u0101jumiem \u0161eit:<\/p>\n<ul>\n<li>Maks\u0101jumi, kuru summa ir maz\u0101ka par 2500 eiro, tiks autom\u0101tiski p\u0101rskait\u012bti j\u016bsu kont\u0101. Jums nekas nav j\u0101dara<\/li>\n<li>Maks\u0101jumiem, kas p\u0101rsniedz \u20ac 2500, b\u016bs nepiecie\u0161ama piepras\u012bjuma veidlapa, kuru var iesniegt loterijas komisijai. To jums nos\u016bt\u012bs m\u016bsu atbalsta dienests, un j\u016bs var\u0113siet izv\u0113l\u0113ties, vai v\u0113laties, lai nauda tiktu nos\u016bt\u012bta ar \u010deku vai bankas p\u0101rskait\u012bjumu.<\/li>\n<\/ul>\n","protected":false},"excerpt":{"rendered":"<p>Ja j\u016bs v\u0113laties ieg\u0101d\u0101ties Apvienot\u0101s Karalistes loterijas bi\u013cetes Latvij\u0101, jums nav j\u0101uztraucas, jo m\u0113s esam sagatavoju\u0161i visu procesu \u0101tri un vienk\u0101r\u0161i. Jums tikai j\u0101iepaz\u012bstas ar t\u0101l\u0101k izkl\u0101st\u012btajiem vienk\u0101r\u0161ajiem so\u013ciem, un j\u016bs b\u016bsiet gatavs uzreiz. Nok\u013c\u016bstiet pareizaj\u0101 lap\u0101, kur\u0101 atrodama loterijas sp\u0113le, kuru v\u0113laties sp\u0113l\u0113t, piem\u0113ram, Lielbrit\u0101nijas loterija. Un p\u0113c tam izv\u0113lieties skait\u013cus, kurus v\u0113laties iek\u013caut [&hellip;]<\/p>\n","protected":false},"author":1,"featured_media":0,"parent":5646,"menu_order":9,"comment_status":"closed","ping_status":"closed","template":"lotto-uk-info.php","meta":{"_et_pb_use_builder":"","_et_pb_old_content":"","_et_gb_content_width":"","exclude_from_search":false,"footnotes":""},"class_list":["post-80355","page","type-page","status-publish","hentry"],"yoast_head":"<!-- This site is optimized with the Yoast SEO plugin v23.4 - https:\/\/yoast.com\/wordpress\/plugins\/seo\/ -->\n<title>Nopirkt bi\u013cetes UK Lottery tie\u0161saist\u0113 no Latvijas | UK Lottery info, k\u0101 ieg\u0101d\u0101ties bi\u013cetes<\/title>\n<meta name=\"description\" content=\"Nodro\u0161in\u0101m iesp\u0113ju Latvijas lotto sp\u0113l\u0113t\u0101jiem ieg\u0101d\u0101ties bi\u013cetes uz Lielbrit\u0101nijas loteriju UK Lottery.\" \/>\n<meta name=\"robots\" content=\"index, follow, max-snippet:-1, max-image-preview:large, max-video-preview:-1\" \/>\n<link rel=\"canonical\" href=\"https:\/\/onlinelotto365.com\/lv\/pirkt-biletes\/uk-lottery\/\" \/>\n<meta property=\"og:locale\" content=\"lv_LV\" \/>\n<meta property=\"og:type\" content=\"article\" \/>\n<meta property=\"og:title\" content=\"Nopirkt bi\u013cetes UK Lottery tie\u0161saist\u0113 no Latvijas | UK Lottery info, k\u0101 ieg\u0101d\u0101ties bi\u013cetes\" \/>\n<meta property=\"og:description\" content=\"Nodro\u0161in\u0101m iesp\u0113ju Latvijas lotto sp\u0113l\u0113t\u0101jiem ieg\u0101d\u0101ties bi\u013cetes uz Lielbrit\u0101nijas loteriju UK Lottery.\" \/>\n<meta property=\"og:url\" content=\"https:\/\/onlinelotto365.com\/lv\/pirkt-biletes\/uk-lottery\/\" \/>\n<meta property=\"og:site_name\" content=\"OnlineLotto365\" \/>\n<meta property=\"og:image\" content=\"https:\/\/redfoxlotto.com\/image?size=8&amp;lottery=lotto-uk\" \/>\n<meta name=\"twitter:card\" content=\"summary_large_image\" \/>\n<meta name=\"twitter:label1\" content=\"Est. reading time\" \/>\n\t<meta name=\"twitter:data1\" content=\"3 minutes\" \/>\n<script type=\"application\/ld+json\" class=\"yoast-schema-graph\">{\"@context\":\"https:\/\/schema.org\",\"@graph\":[{\"@type\":\"WebPage\",\"@id\":\"https:\/\/onlinelotto365.com\/lv\/pirkt-biletes\/uk-lottery\/\",\"url\":\"https:\/\/onlinelotto365.com\/lv\/pirkt-biletes\/uk-lottery\/\",\"name\":\"Nopirkt bi\u013cetes UK Lottery tie\u0161saist\u0113 no Latvijas | UK Lottery info, k\u0101 ieg\u0101d\u0101ties bi\u013cetes\",\"isPartOf\":{\"@id\":\"https:\/\/onlinelotto365.com\/lv\/#website\"},\"primaryImageOfPage\":{\"@id\":\"https:\/\/onlinelotto365.com\/lv\/pirkt-biletes\/uk-lottery\/#primaryimage\"},\"image\":{\"@id\":\"https:\/\/onlinelotto365.com\/lv\/pirkt-biletes\/uk-lottery\/#primaryimage\"},\"thumbnailUrl\":\"https:\/\/redfoxlotto.com\/image?size=8&amp;lottery=lotto-uk\",\"datePublished\":\"2022-11-17T07:03:45+00:00\",\"dateModified\":\"2022-11-17T07:03:45+00:00\",\"description\":\"Nodro\u0161in\u0101m iesp\u0113ju Latvijas lotto sp\u0113l\u0113t\u0101jiem ieg\u0101d\u0101ties bi\u013cetes uz Lielbrit\u0101nijas loteriju UK Lottery.\",\"breadcrumb\":{\"@id\":\"https:\/\/onlinelotto365.com\/lv\/pirkt-biletes\/uk-lottery\/#breadcrumb\"},\"inLanguage\":\"lv-LV\",\"potentialAction\":[{\"@type\":\"ReadAction\",\"target\":[\"https:\/\/onlinelotto365.com\/lv\/pirkt-biletes\/uk-lottery\/\"]}]},{\"@type\":\"ImageObject\",\"inLanguage\":\"lv-LV\",\"@id\":\"https:\/\/onlinelotto365.com\/lv\/pirkt-biletes\/uk-lottery\/#primaryimage\",\"url\":\"https:\/\/redfoxlotto.com\/image?size=8&amp;lottery=lotto-uk\",\"contentUrl\":\"https:\/\/redfoxlotto.com\/image?size=8&amp;lottery=lotto-uk\"},{\"@type\":\"BreadcrumbList\",\"@id\":\"https:\/\/onlinelotto365.com\/lv\/pirkt-biletes\/uk-lottery\/#breadcrumb\",\"itemListElement\":[{\"@type\":\"ListItem\",\"position\":1,\"name\":\"Home\",\"item\":\"https:\/\/onlinelotto365.com\/lv\/\"},{\"@type\":\"ListItem\",\"position\":2,\"name\":\"K\u0101p\u0113c pirkt loterijas bi\u013cetes internet\u0101 ir lo\u0123isk\u0101k\",\"item\":\"https:\/\/onlinelotto365.com\/lv\/pirkt-biletes\/\"},{\"@type\":\"ListItem\",\"position\":3,\"name\":\"K\u0101 ieg\u0101d\u0101ties AK loterijas bi\u013cetes tie\u0161saist\u0113\"}]},{\"@type\":\"WebSite\",\"@id\":\"https:\/\/onlinelotto365.com\/lv\/#website\",\"url\":\"https:\/\/onlinelotto365.com\/lv\/\",\"name\":\"OnlineLotto365\",\"description\":\"\",\"potentialAction\":[{\"@type\":\"SearchAction\",\"target\":{\"@type\":\"EntryPoint\",\"urlTemplate\":\"https:\/\/onlinelotto365.com\/lv\/?s={search_term_string}\"},\"query-input\":{\"@type\":\"PropertyValueSpecification\",\"valueRequired\":true,\"valueName\":\"search_term_string\"}}],\"inLanguage\":\"lv-LV\"}]}<\/script>\n<!-- \/ Yoast SEO plugin. -->","yoast_head_json":{"title":"Nopirkt bi\u013cetes UK Lottery tie\u0161saist\u0113 no Latvijas | UK Lottery info, k\u0101 ieg\u0101d\u0101ties bi\u013cetes","description":"Nodro\u0161in\u0101m iesp\u0113ju Latvijas lotto sp\u0113l\u0113t\u0101jiem ieg\u0101d\u0101ties bi\u013cetes uz Lielbrit\u0101nijas loteriju UK Lottery.","robots":{"index":"index","follow":"follow","max-snippet":"max-snippet:-1","max-image-preview":"max-image-preview:large","max-video-preview":"max-video-preview:-1"},"canonical":"https:\/\/onlinelotto365.com\/lv\/pirkt-biletes\/uk-lottery\/","og_locale":"lv_LV","og_type":"article","og_title":"Nopirkt bi\u013cetes UK Lottery tie\u0161saist\u0113 no Latvijas | UK Lottery info, k\u0101 ieg\u0101d\u0101ties bi\u013cetes","og_description":"Nodro\u0161in\u0101m iesp\u0113ju Latvijas lotto sp\u0113l\u0113t\u0101jiem ieg\u0101d\u0101ties bi\u013cetes uz Lielbrit\u0101nijas loteriju UK Lottery.","og_url":"https:\/\/onlinelotto365.com\/lv\/pirkt-biletes\/uk-lottery\/","og_site_name":"OnlineLotto365","og_image":[{"url":"https:\/\/redfoxlotto.com\/image?size=8&amp;lottery=lotto-uk"}],"twitter_card":"summary_large_image","twitter_misc":{"Est. reading time":"3 minutes"},"schema":{"@context":"https:\/\/schema.org","@graph":[{"@type":"WebPage","@id":"https:\/\/onlinelotto365.com\/lv\/pirkt-biletes\/uk-lottery\/","url":"https:\/\/onlinelotto365.com\/lv\/pirkt-biletes\/uk-lottery\/","name":"Nopirkt bi\u013cetes UK Lottery tie\u0161saist\u0113 no Latvijas | UK Lottery info, k\u0101 ieg\u0101d\u0101ties bi\u013cetes","isPartOf":{"@id":"https:\/\/onlinelotto365.com\/lv\/#website"},"primaryImageOfPage":{"@id":"https:\/\/onlinelotto365.com\/lv\/pirkt-biletes\/uk-lottery\/#primaryimage"},"image":{"@id":"https:\/\/onlinelotto365.com\/lv\/pirkt-biletes\/uk-lottery\/#primaryimage"},"thumbnailUrl":"https:\/\/redfoxlotto.com\/image?size=8&amp;lottery=lotto-uk","datePublished":"2022-11-17T07:03:45+00:00","dateModified":"2022-11-17T07:03:45+00:00","description":"Nodro\u0161in\u0101m iesp\u0113ju Latvijas lotto sp\u0113l\u0113t\u0101jiem ieg\u0101d\u0101ties bi\u013cetes uz Lielbrit\u0101nijas loteriju UK Lottery.","breadcrumb":{"@id":"https:\/\/onlinelotto365.com\/lv\/pirkt-biletes\/uk-lottery\/#breadcrumb"},"inLanguage":"lv-LV","potentialAction":[{"@type":"ReadAction","target":["https:\/\/onlinelotto365.com\/lv\/pirkt-biletes\/uk-lottery\/"]}]},{"@type":"ImageObject","inLanguage":"lv-LV","@id":"https:\/\/onlinelotto365.com\/lv\/pirkt-biletes\/uk-lottery\/#primaryimage","url":"https:\/\/redfoxlotto.com\/image?size=8&amp;lottery=lotto-uk","contentUrl":"https:\/\/redfoxlotto.com\/image?size=8&amp;lottery=lotto-uk"},{"@type":"BreadcrumbList","@id":"https:\/\/onlinelotto365.com\/lv\/pirkt-biletes\/uk-lottery\/#breadcrumb","itemListElement":[{"@type":"ListItem","position":1,"name":"Home","item":"https:\/\/onlinelotto365.com\/lv\/"},{"@type":"ListItem","position":2,"name":"K\u0101p\u0113c pirkt loterijas bi\u013cetes internet\u0101 ir lo\u0123isk\u0101k","item":"https:\/\/onlinelotto365.com\/lv\/pirkt-biletes\/"},{"@type":"ListItem","position":3,"name":"K\u0101 ieg\u0101d\u0101ties AK loterijas bi\u013cetes tie\u0161saist\u0113"}]},{"@type":"WebSite","@id":"https:\/\/onlinelotto365.com\/lv\/#website","url":"https:\/\/onlinelotto365.com\/lv\/","name":"OnlineLotto365","description":"","potentialAction":[{"@type":"SearchAction","target":{"@type":"EntryPoint","urlTemplate":"https:\/\/onlinelotto365.com\/lv\/?s={search_term_string}"},"query-input":{"@type":"PropertyValueSpecification","valueRequired":true,"valueName":"search_term_string"}}],"inLanguage":"lv-LV"}]}},"_links":{"self":[{"href":"https:\/\/onlinelotto365.com\/lv\/wp-json\/wp\/v2\/pages\/80355","targetHints":{"allow":["GET"]}}],"collection":[{"href":"https:\/\/onlinelotto365.com\/lv\/wp-json\/wp\/v2\/pages"}],"about":[{"href":"https:\/\/onlinelotto365.com\/lv\/wp-json\/wp\/v2\/types\/page"}],"author":[{"embeddable":true,"href":"https:\/\/onlinelotto365.com\/lv\/wp-json\/wp\/v2\/users\/1"}],"replies":[{"embeddable":true,"href":"https:\/\/onlinelotto365.com\/lv\/wp-json\/wp\/v2\/comments?post=80355"}],"version-history":[{"count":0,"href":"https:\/\/onlinelotto365.com\/lv\/wp-json\/wp\/v2\/pages\/80355\/revisions"}],"up":[{"embeddable":true,"href":"https:\/\/onlinelotto365.com\/lv\/wp-json\/wp\/v2\/pages\/5646"}],"wp:attachment":[{"href":"https:\/\/onlinelotto365.com\/lv\/wp-json\/wp\/v2\/media?parent=80355"}],"curies":[{"name":"wp","href":"https:\/\/api.w.org\/{rel}","templated":true}]}}