{"id":80399,"date":"2022-11-17T11:29:47","date_gmt":"2022-11-17T10:29:47","guid":{"rendered":"https:\/\/onlinelotto365.com\/?page_id=80399"},"modified":"2022-11-17T11:29:47","modified_gmt":"2022-11-17T10:29:47","slug":"set-for-life","status":"publish","type":"page","link":"https:\/\/onlinelotto365.com\/lv\/pirkt-biletes\/set-for-life\/","title":{"rendered":"K\u0101 ieg\u0101d\u0101ties Set for life bi\u013cetes tie\u0161saist\u0113"},"content":{"rendered":"<p>Ja v\u0113laties ieg\u0101d\u0101ties bi\u013cetes uz Set for Life jau tagad, jums j\u0101zina, k\u0101 to izdar\u012bt. Ja j\u016bs dz\u012bvojat Latvij\u0101, jums tas b\u016bs viegli un j\u016bs, iesp\u0113jams, jau zin\u0101t, k\u0101 ieg\u0101d\u0101ties bi\u013cetes. Bet k\u0101 ir ar citu valstu, piem\u0113ram, Austr\u0101lijas, lotto sp\u0113l\u0113t\u0101jiem? Nu, tas ir \u013coti vienk\u0101r\u0161s process, un m\u0113s varam jums pal\u012bdz\u0113t to s\u0101kt \u012bs\u0101 laik\u0101. Jums tikai j\u0101iev\u0113ro turpm\u0101k izkl\u0101st\u012btie so\u013ci. T\u0101l\u0101k j\u016bs var\u0113siet ieg\u016bt bi\u013cetes, ko v\u0113laties n\u0101kamaj\u0101 izloz\u0113.<br \/>\n<a href=\"https:\/\/redfoxlotto.com\/play\/set-for-life-uk\/?ref=a8564250a2&amp;medium=ol365\" target=\"_blank\" rel=\"noopener noreferrer\"><img decoding=\"async\" class=\"aligncenter\" src=\"https:\/\/redfoxlotto.com\/image?size=8&amp;lottery=set-for-life-uk\" alt=\"&quot;Set\" \/><\/a><\/p>\n<ul>\n<li>Dodieties uz loterijas Set for Life lapu un izv\u0113lieties v\u0113lamo bi\u013ce\u0161u skaitu, k\u0101 ar\u012b atlasiet katrai no \u0161\u012bm bi\u013cet\u0113m v\u0113lamos skait\u013cus.<\/li>\n<li>Izv\u0113lieties papildu bi\u013cetes Set for Life vai cit\u0101m loto sp\u0113l\u0113m, lai piepild\u012btu savu grozu.<\/li>\n<li>Izv\u0113lieties iesp\u0113ju samaks\u0101t tagad<\/li>\n<li>Izpildiet nor\u0101d\u012bjumus, lai pieteiktos sav\u0101 kont\u0101 vai s\u0101ktu jauna konta izveides procesu.<\/li>\n<li>Pabeidziet verifik\u0101cijas procesu, ieejot sav\u0101 kont\u0101 un noklik\u0161\u0137inot uz saites sav\u0101 e-past\u0101.<\/li>\n<li>P\u0101rbaudiet surog\u0101tpasta mapi, ja e-pasta v\u0113stule nav redzama pastkast\u0113, lai p\u0101rliecin\u0101tos, ka esat to sa\u0146\u0113mis.<\/li>\n<li>Kad esat apstiprin\u0101jis savu kontu, ieejiet t\u012bmek\u013ca vietnes iepirkumu groz\u0101.<\/li>\n<li>Izv\u0113lieties v\u0113lamo maks\u0101\u0161anas metodi un veiciet maks\u0101juma procesu.<\/li>\n<\/ul>\n<h2>K\u0101 tie\u0161saist\u0113 samaks\u0101t par Set for life bi\u013ceti<\/h2>\n<p>Kad runa ir par bi\u013ce\u0161u apmaksu, j\u016bs redz\u0113siet, ka t\u0101 ir ne tikai vienk\u0101r\u0161a, bet ar\u012b piln\u012bgi dro\u0161a un pied\u0101v\u0101 daudz iesp\u0113ju.<br \/>\nIzv\u0113lieties maks\u0101t par bi\u013cet\u0113m, izmantojot:<\/p>\n<p>veicot tie\u0161o pirkumu ar izv\u0113l\u0113to maks\u0101jumu metodi<br \/>\niemaks\u0101jot naudu sav\u0101 kont\u0101 un izmantojot to pirkuma veik\u0161anai.<\/p>\n<p>Ja izv\u0113laties iemaks\u0101t naudu sav\u0101 kont\u0101, p\u0101rliecinieties, ka esat iemaks\u0101jis ar\u012b nelielu papildu summu, lai j\u016bsu izv\u0113l\u0113tais maks\u0101jums tiktu veikts.<\/p>\n<h2>Vair\u0101k inform\u0101cijas par Set for life<\/h2>\n<ul>\n<li>Valsts: Latvija<\/li>\n<li>Galveno numuru diapazons: 45<\/li>\n<li>J\u016bs izv\u0113laties: 5<\/li>\n<li>Papildu skait\u013cu diapazons: 10<\/li>\n<li>J\u016bs izv\u0113laties: 1<\/li>\n<li>Izlozes dienas, stundas: Pirmdiena, ceturtdiena, 20:00 GMT, 21:00 CET.<\/li>\n<li>Minim\u0101lais d\u017eekpots:<\/li>\n<li>Maksim\u0101lais d\u017eekpots:<\/li>\n<li>D\u017eekpota laim\u0113\u0161anas varb\u016bt\u012bba: 1 pret 15339390<\/li>\n<li>2. l\u012bme\u0146a laimestu iesp\u0113jam\u012bba: 1 pret 1704377<\/li>\n<li>Iesp\u0113ja laim\u0113t jebkur\u0101 l\u012bmen\u012b: 1 pret 12,4<\/li>\n<li>Balvu l\u012bme\u0146u skaits: 8<\/li>\n<\/ul>\n<h2>Set for life bi\u013ce\u0161u ieg\u0101des tie\u0161saist\u0113 priek\u0161roc\u012bbas<\/h2>\n<ul>\n<li>Neiziet no m\u0101j\u0101m, lai ieg\u0101d\u0101tos bi\u013cetes.<\/li>\n<li>Jums nav ierobe\u017eojumu sp\u0113l\u0113t loterijas no Austr\u0101lijas<\/li>\n<li>Varat izv\u0113l\u0113ties no da\u017e\u0101d\u0101m loterij\u0101m no visas pasaules.<\/li>\n<li>Izv\u0113lieties sp\u0113les ar visaugst\u0101kajiem d\u017eekpotiem, lai palielin\u0101tu savas izredzes.<\/li>\n<li>Izmantojiet savu konta atlikumu, lai ieg\u0101d\u0101tos v\u0113lam\u0101s bi\u013cetes.<\/li>\n<li>Vienm\u0113r sekojiet l\u012bdzi sav\u0101m bi\u013cet\u0113m<\/li>\n<li>Sa\u0146emiet pazi\u0146ojumu, ja j\u016bsu bi\u013cete ir laim\u0113jusi<\/li>\n<li>Neuztraucieties par bi\u013ce\u0161u izv\u0113li, izmantojot \u0101tro izv\u0113li<\/li>\n<\/ul>\n<h2>Vai ir likum\u012bgi ieg\u0101d\u0101ties Set for life bi\u013cetes tie\u0161saist\u0113?<\/h2>\n<p>Jums nav j\u0101uztraucas par bi\u013ce\u0161u ieg\u0101des likum\u012bbu tie\u0161saist\u0113 vai tradicion\u0101laj\u0101 veid\u0101. J\u016bs varat mier\u012bgi atp\u016bsties un uztic\u0113ties, ka m\u0113s par\u016bp\u0113simies par to, lai tiktu iev\u0113roti visi t\u0101s valsts noteikumi, no kuras n\u0101k \u0161\u012bs sp\u0113les. Viss, kas jums j\u0101dara, ir j\u0101ieg\u0101d\u0101jas bi\u013cete, un m\u0113s garant\u0113jam, ka, ja jums pien\u0101kas balva, tostarp d\u017eekpots, j\u016bs to sa\u0146emsiet.<br \/>\nLai izmantotu m\u016bsu vietni, jums j\u0101b\u016bt vismaz 18 gadus vecam.<\/p>\n<h2>K\u0101 es sa\u0146em\u0161u naudu, ja laim\u0113\u0161u Set for life tie\u0161saist\u0113?<\/h2>\n<p>J\u016bs v\u0113laties, lai jums tiktu izmaks\u0101ts katrs cents, kas jums pien\u0101kas, kad kaut ko vinn\u0113siet, un tie\u0161i to m\u0113s ar\u012b dar\u0101m. M\u0113s nodro\u0161in\u0101m, ka j\u016bs vienm\u0113r sa\u0146emat visu naudu bez komisijas maksas un bez maksas, kas tiek ietur\u0113ta no j\u016bsu laimesta.<br \/>\nVien\u012bgais gad\u012bjums, kad jums kaut kas j\u0101maks\u0101, ir tad, ja j\u016bs nolemjat veikt bankas p\u0101rskait\u012bjumu. Ja banka mums iekas\u0113 maksu, kas var notikt ar starptautiskajiem p\u0101rskait\u012bjumiem, m\u0113s iekas\u0113jam maksu no j\u016bsu konta. Tas ir vien\u012bgais iemesls, k\u0101d\u0113\u013c m\u0113s kaut ko ieturam no j\u016bsu laimestiem.<br \/>\nUn, ja j\u016bs vinn\u0113siet, j\u016bs sa\u0146emsiet savu naudu tikai vien\u0101 no p\u0101ris veidiem:<\/p>\n<ul>\n<li>Jebkura summa, kas ir maz\u0101ka par 2500 eiro, ir vienk\u0101r\u0161a, jo m\u016bsu atbalsta komanda p\u0101rskait\u012bs naudu tie\u0161i j\u016bsu kont\u0101.<\/li>\n<li>Jebkura summa virs \u20ac2500 jums joproj\u0101m b\u016bs vienk\u0101r\u0161a, jo m\u016bsu atbalsta komanda pal\u012bdz\u0113s jums \u0161aj\u0101 proces\u0101. M\u0113s jums nos\u016bt\u012bsim piepras\u012bjuma veidlapu, lai j\u016bs var\u0113tu to aizpild\u012bt un pazi\u0146ot mums, vai v\u0113laties, lai nauda tiktu p\u0101rskait\u012bta uz j\u016bsu banku vai nos\u016bt\u012bta k\u0101 \u010deks.<\/li>\n<\/ul>\n","protected":false},"excerpt":{"rendered":"<p>Ja v\u0113laties ieg\u0101d\u0101ties bi\u013cetes uz Set for Life jau tagad, jums j\u0101zina, k\u0101 to izdar\u012bt. Ja j\u016bs dz\u012bvojat Latvij\u0101, jums tas b\u016bs viegli un j\u016bs, iesp\u0113jams, jau zin\u0101t, k\u0101 ieg\u0101d\u0101ties bi\u013cetes. Bet k\u0101 ir ar citu valstu, piem\u0113ram, Austr\u0101lijas, lotto sp\u0113l\u0113t\u0101jiem? Nu, tas ir \u013coti vienk\u0101r\u0161s process, un m\u0113s varam jums pal\u012bdz\u0113t to s\u0101kt \u012bs\u0101 [&hellip;]<\/p>\n","protected":false},"author":1,"featured_media":0,"parent":5646,"menu_order":10,"comment_status":"closed","ping_status":"closed","template":"set-for-life-info.php","meta":{"_et_pb_use_builder":"","_et_pb_old_content":"","_et_gb_content_width":"","exclude_from_search":false,"footnotes":""},"class_list":["post-80399","page","type-page","status-publish","hentry"],"yoast_head":"<!-- This site is optimized with the Yoast SEO plugin v23.4 - https:\/\/yoast.com\/wordpress\/plugins\/seo\/ -->\n<title>Pirkt bi\u013cetes uz Set for life internet\u0101 no Austr\u0101lijas | Set for life loterija info, k\u0101 ieg\u0101d\u0101ties bi\u013cetes<\/title>\n<meta name=\"description\" content=\"Set for life loterij\u0101 var uzvar\u0113t no Austr\u0101lijas - nopirkt bi\u013cetes tie\u0161saist\u0113 \u0161eit\" \/>\n<meta name=\"robots\" content=\"index, follow, max-snippet:-1, max-image-preview:large, max-video-preview:-1\" \/>\n<link rel=\"canonical\" href=\"https:\/\/onlinelotto365.com\/lv\/pirkt-biletes\/set-for-life\/\" \/>\n<meta property=\"og:locale\" content=\"lv_LV\" \/>\n<meta property=\"og:type\" content=\"article\" \/>\n<meta property=\"og:title\" content=\"Pirkt bi\u013cetes uz Set for life internet\u0101 no Austr\u0101lijas | Set for life loterija info, k\u0101 ieg\u0101d\u0101ties bi\u013cetes\" \/>\n<meta property=\"og:description\" content=\"Set for life loterij\u0101 var uzvar\u0113t no Austr\u0101lijas - nopirkt bi\u013cetes tie\u0161saist\u0113 \u0161eit\" \/>\n<meta property=\"og:url\" content=\"https:\/\/onlinelotto365.com\/lv\/pirkt-biletes\/set-for-life\/\" \/>\n<meta property=\"og:site_name\" content=\"OnlineLotto365\" \/>\n<meta property=\"og:image\" content=\"https:\/\/redfoxlotto.com\/image?size=8&amp;lottery=set-for-life-uk\" \/>\n<meta name=\"twitter:card\" content=\"summary_large_image\" \/>\n<meta name=\"twitter:label1\" content=\"Est. reading time\" \/>\n\t<meta name=\"twitter:data1\" content=\"3 minutes\" \/>\n<script type=\"application\/ld+json\" class=\"yoast-schema-graph\">{\"@context\":\"https:\/\/schema.org\",\"@graph\":[{\"@type\":\"WebPage\",\"@id\":\"https:\/\/onlinelotto365.com\/lv\/pirkt-biletes\/set-for-life\/\",\"url\":\"https:\/\/onlinelotto365.com\/lv\/pirkt-biletes\/set-for-life\/\",\"name\":\"Pirkt bi\u013cetes uz Set for life internet\u0101 no Austr\u0101lijas | Set for life loterija info, k\u0101 ieg\u0101d\u0101ties bi\u013cetes\",\"isPartOf\":{\"@id\":\"https:\/\/onlinelotto365.com\/lv\/#website\"},\"primaryImageOfPage\":{\"@id\":\"https:\/\/onlinelotto365.com\/lv\/pirkt-biletes\/set-for-life\/#primaryimage\"},\"image\":{\"@id\":\"https:\/\/onlinelotto365.com\/lv\/pirkt-biletes\/set-for-life\/#primaryimage\"},\"thumbnailUrl\":\"https:\/\/redfoxlotto.com\/image?size=8&amp;lottery=set-for-life-uk\",\"datePublished\":\"2022-11-17T10:29:47+00:00\",\"dateModified\":\"2022-11-17T10:29:47+00:00\",\"description\":\"Set for life loterij\u0101 var uzvar\u0113t no Austr\u0101lijas - nopirkt bi\u013cetes tie\u0161saist\u0113 \u0161eit\",\"breadcrumb\":{\"@id\":\"https:\/\/onlinelotto365.com\/lv\/pirkt-biletes\/set-for-life\/#breadcrumb\"},\"inLanguage\":\"lv-LV\",\"potentialAction\":[{\"@type\":\"ReadAction\",\"target\":[\"https:\/\/onlinelotto365.com\/lv\/pirkt-biletes\/set-for-life\/\"]}]},{\"@type\":\"ImageObject\",\"inLanguage\":\"lv-LV\",\"@id\":\"https:\/\/onlinelotto365.com\/lv\/pirkt-biletes\/set-for-life\/#primaryimage\",\"url\":\"https:\/\/redfoxlotto.com\/image?size=8&amp;lottery=set-for-life-uk\",\"contentUrl\":\"https:\/\/redfoxlotto.com\/image?size=8&amp;lottery=set-for-life-uk\"},{\"@type\":\"BreadcrumbList\",\"@id\":\"https:\/\/onlinelotto365.com\/lv\/pirkt-biletes\/set-for-life\/#breadcrumb\",\"itemListElement\":[{\"@type\":\"ListItem\",\"position\":1,\"name\":\"Home\",\"item\":\"https:\/\/onlinelotto365.com\/lv\/\"},{\"@type\":\"ListItem\",\"position\":2,\"name\":\"K\u0101p\u0113c pirkt loterijas bi\u013cetes internet\u0101 ir lo\u0123isk\u0101k\",\"item\":\"https:\/\/onlinelotto365.com\/lv\/pirkt-biletes\/\"},{\"@type\":\"ListItem\",\"position\":3,\"name\":\"K\u0101 ieg\u0101d\u0101ties Set for life bi\u013cetes tie\u0161saist\u0113\"}]},{\"@type\":\"WebSite\",\"@id\":\"https:\/\/onlinelotto365.com\/lv\/#website\",\"url\":\"https:\/\/onlinelotto365.com\/lv\/\",\"name\":\"OnlineLotto365\",\"description\":\"\",\"potentialAction\":[{\"@type\":\"SearchAction\",\"target\":{\"@type\":\"EntryPoint\",\"urlTemplate\":\"https:\/\/onlinelotto365.com\/lv\/?s={search_term_string}\"},\"query-input\":{\"@type\":\"PropertyValueSpecification\",\"valueRequired\":true,\"valueName\":\"search_term_string\"}}],\"inLanguage\":\"lv-LV\"}]}<\/script>\n<!-- \/ Yoast SEO plugin. -->","yoast_head_json":{"title":"Pirkt bi\u013cetes uz Set for life internet\u0101 no Austr\u0101lijas | Set for life loterija info, k\u0101 ieg\u0101d\u0101ties bi\u013cetes","description":"Set for life loterij\u0101 var uzvar\u0113t no Austr\u0101lijas - nopirkt bi\u013cetes tie\u0161saist\u0113 \u0161eit","robots":{"index":"index","follow":"follow","max-snippet":"max-snippet:-1","max-image-preview":"max-image-preview:large","max-video-preview":"max-video-preview:-1"},"canonical":"https:\/\/onlinelotto365.com\/lv\/pirkt-biletes\/set-for-life\/","og_locale":"lv_LV","og_type":"article","og_title":"Pirkt bi\u013cetes uz Set for life internet\u0101 no Austr\u0101lijas | Set for life loterija info, k\u0101 ieg\u0101d\u0101ties bi\u013cetes","og_description":"Set for life loterij\u0101 var uzvar\u0113t no Austr\u0101lijas - nopirkt bi\u013cetes tie\u0161saist\u0113 \u0161eit","og_url":"https:\/\/onlinelotto365.com\/lv\/pirkt-biletes\/set-for-life\/","og_site_name":"OnlineLotto365","og_image":[{"url":"https:\/\/redfoxlotto.com\/image?size=8&amp;lottery=set-for-life-uk"}],"twitter_card":"summary_large_image","twitter_misc":{"Est. reading time":"3 minutes"},"schema":{"@context":"https:\/\/schema.org","@graph":[{"@type":"WebPage","@id":"https:\/\/onlinelotto365.com\/lv\/pirkt-biletes\/set-for-life\/","url":"https:\/\/onlinelotto365.com\/lv\/pirkt-biletes\/set-for-life\/","name":"Pirkt bi\u013cetes uz Set for life internet\u0101 no Austr\u0101lijas | Set for life loterija info, k\u0101 ieg\u0101d\u0101ties bi\u013cetes","isPartOf":{"@id":"https:\/\/onlinelotto365.com\/lv\/#website"},"primaryImageOfPage":{"@id":"https:\/\/onlinelotto365.com\/lv\/pirkt-biletes\/set-for-life\/#primaryimage"},"image":{"@id":"https:\/\/onlinelotto365.com\/lv\/pirkt-biletes\/set-for-life\/#primaryimage"},"thumbnailUrl":"https:\/\/redfoxlotto.com\/image?size=8&amp;lottery=set-for-life-uk","datePublished":"2022-11-17T10:29:47+00:00","dateModified":"2022-11-17T10:29:47+00:00","description":"Set for life loterij\u0101 var uzvar\u0113t no Austr\u0101lijas - nopirkt bi\u013cetes tie\u0161saist\u0113 \u0161eit","breadcrumb":{"@id":"https:\/\/onlinelotto365.com\/lv\/pirkt-biletes\/set-for-life\/#breadcrumb"},"inLanguage":"lv-LV","potentialAction":[{"@type":"ReadAction","target":["https:\/\/onlinelotto365.com\/lv\/pirkt-biletes\/set-for-life\/"]}]},{"@type":"ImageObject","inLanguage":"lv-LV","@id":"https:\/\/onlinelotto365.com\/lv\/pirkt-biletes\/set-for-life\/#primaryimage","url":"https:\/\/redfoxlotto.com\/image?size=8&amp;lottery=set-for-life-uk","contentUrl":"https:\/\/redfoxlotto.com\/image?size=8&amp;lottery=set-for-life-uk"},{"@type":"BreadcrumbList","@id":"https:\/\/onlinelotto365.com\/lv\/pirkt-biletes\/set-for-life\/#breadcrumb","itemListElement":[{"@type":"ListItem","position":1,"name":"Home","item":"https:\/\/onlinelotto365.com\/lv\/"},{"@type":"ListItem","position":2,"name":"K\u0101p\u0113c pirkt loterijas bi\u013cetes internet\u0101 ir lo\u0123isk\u0101k","item":"https:\/\/onlinelotto365.com\/lv\/pirkt-biletes\/"},{"@type":"ListItem","position":3,"name":"K\u0101 ieg\u0101d\u0101ties Set for life bi\u013cetes tie\u0161saist\u0113"}]},{"@type":"WebSite","@id":"https:\/\/onlinelotto365.com\/lv\/#website","url":"https:\/\/onlinelotto365.com\/lv\/","name":"OnlineLotto365","description":"","potentialAction":[{"@type":"SearchAction","target":{"@type":"EntryPoint","urlTemplate":"https:\/\/onlinelotto365.com\/lv\/?s={search_term_string}"},"query-input":{"@type":"PropertyValueSpecification","valueRequired":true,"valueName":"search_term_string"}}],"inLanguage":"lv-LV"}]}},"_links":{"self":[{"href":"https:\/\/onlinelotto365.com\/lv\/wp-json\/wp\/v2\/pages\/80399","targetHints":{"allow":["GET"]}}],"collection":[{"href":"https:\/\/onlinelotto365.com\/lv\/wp-json\/wp\/v2\/pages"}],"about":[{"href":"https:\/\/onlinelotto365.com\/lv\/wp-json\/wp\/v2\/types\/page"}],"author":[{"embeddable":true,"href":"https:\/\/onlinelotto365.com\/lv\/wp-json\/wp\/v2\/users\/1"}],"replies":[{"embeddable":true,"href":"https:\/\/onlinelotto365.com\/lv\/wp-json\/wp\/v2\/comments?post=80399"}],"version-history":[{"count":0,"href":"https:\/\/onlinelotto365.com\/lv\/wp-json\/wp\/v2\/pages\/80399\/revisions"}],"up":[{"embeddable":true,"href":"https:\/\/onlinelotto365.com\/lv\/wp-json\/wp\/v2\/pages\/5646"}],"wp:attachment":[{"href":"https:\/\/onlinelotto365.com\/lv\/wp-json\/wp\/v2\/media?parent=80399"}],"curies":[{"name":"wp","href":"https:\/\/api.w.org\/{rel}","templated":true}]}}