{"id":80441,"date":"2022-11-18T07:49:49","date_gmt":"2022-11-18T06:49:49","guid":{"rendered":"https:\/\/onlinelotto365.com\/?page_id=80441"},"modified":"2022-11-18T07:49:49","modified_gmt":"2022-11-18T06:49:49","slug":"german-lotto","status":"publish","type":"page","link":"https:\/\/onlinelotto365.com\/lv\/pirkt-biletes\/german-lotto\/","title":{"rendered":"K\u0101 ieg\u0101d\u0101ties bi\u013cetes tie\u0161saist\u0113 uz V\u0101cijas Lotto"},"content":{"rendered":"<p>Vai neesat \u012bsti p\u0101rliecin\u0101ts, k\u0101 ieg\u0101d\u0101ties V\u0101cijas Lotto bi\u013cetes tie\u0161saist\u0113? Tad j\u016bs esat non\u0101cis \u012bstaj\u0101 viet\u0101, jo m\u0113s j\u016bs iepaz\u012bstin\u0101sim ar \u013coti vienk\u0101r\u0161u procesu, k\u0101 no bi\u013ce\u0161u ieg\u0101des Latvij\u0101 non\u0101kt l\u012bdz izlozes gaid\u012b\u0161anai, lai uzzin\u0101tu, vai esat laim\u0113jis kaut ko lielu.<br \/>\n<a href=\"https:\/\/redfoxlotto.com\/play\/lotto-6aus49\/?ref=a8564250a2&amp;medium=ol365\" target=\"_blank\" rel=\"noopener noreferrer\"><img decoding=\"async\" class=\"aligncenter\" src=\"https:\/\/redfoxlotto.com\/image?size=8&amp;lottery=lotto-6aus49\" alt=\"German Lotto 6aus49\" \/><\/a><\/p>\n<ul>\n<li>Dodieties uz t\u0101s loto sp\u0113les t\u012bmek\u013ca vietni, kuru v\u0113laties sp\u0113l\u0113t, un izv\u0113lieties v\u0113lamo bi\u013ce\u0161u skaitu un skait\u013cus, kurus v\u0113laties sp\u0113l\u0113t.<\/li>\n<li>Ieg\u0101d\u0101jieties tik daudz bi\u013ce\u0161u, cik v\u0113laties \u0161ai un cit\u0101m sp\u0113l\u0113m.<\/li>\n<li>Noklik\u0161\u0137iniet uz pogas, lai samaks\u0101tu tagad<\/li>\n<li>Piesakieties sav\u0101 pa\u0161reiz\u0113j\u0101 kont\u0101, lai apstr\u0101d\u0101tu maks\u0101jumu, vai izveidojiet jaunu kontu un pabeidziet re\u0123istr\u0101cijas procesu.<\/li>\n<li>Tiem, kam ir j\u0101izveido konts, tas b\u016bs ar\u012b j\u0101apstiprina no sava e-pasta konta.<\/li>\n<li>P\u0101rliecinieties, vai e-pasta v\u0113stule ir nos\u016bt\u012bta uz j\u016bsu ies\u016btni, k\u0101 ar\u012b surog\u0101tpasta mapi, un noklik\u0161\u0137iniet uz saites.<\/li>\n<li>Kad esat apstiprin\u0101jis savu kontu, dodieties uz iepirkumu grozu, lai ieg\u0101d\u0101tos preces.<\/li>\n<li>Veiciet maks\u0101juma procesu saska\u0146\u0101 ar sniegtajiem nor\u0101d\u012bjumiem.<\/li>\n<\/ul>\n<h2>K\u0101 tie\u0161saist\u0113 samaks\u0101t par V\u0101cijas Lotto bi\u013ceti<\/h2>\n<p>Kad ir pien\u0101cis laiks samaks\u0101t par bi\u013cet\u0113m, varat izv\u0113l\u0113ties vienu no vair\u0101k\u0101m piln\u012bgi dro\u0161\u0101m maks\u0101jumu iesp\u0113j\u0101m.<br \/>\nKatra no \u0161\u012bm iesp\u0113j\u0101m ietilpst vien\u0101 no div\u0101m da\u017e\u0101d\u0101m kategorij\u0101m:<\/p>\n<p>Apmaks\u0101jiet par bi\u013cet\u0113m, pirkuma br\u012bd\u012b nor\u0101dot maks\u0101juma veidu.<br \/>\nApmaks\u0101jiet par bi\u013cet\u0113m, pievienojot naudu savam sp\u0113l\u0113t\u0101ja kontam un izmantojot to pirkuma veik\u0161anai.<\/p>\n<p>P\u0101rliecinieties, ka, pievienojot naudu kont\u0101, t\u0101s ir pietiekami daudz, lai segtu vair\u0101k nek\u0101 pa\u0161reiz\u0113j\u0101 dar\u012bjuma izmaksas, lai dar\u012bjums tiktu apstiprin\u0101ts.<\/p>\n<h2>Pla\u0161\u0101ka inform\u0101cija par German Lotto<\/h2>\n<ul>\n<li>Valsts: V\u0101cija<\/li>\n<li>Galveno skait\u013cu diapazons: 49<\/li>\n<li>J\u016bs izv\u0113laties: 6<\/li>\n<li>Jums autom\u0101tiski tiks izv\u0113l\u0113ts papildu numurs<\/li>\n<li>Izlozes dienas, stundas: Sestdiena, 20:25 CET, 20:25 CET, 20:25 CET<\/li>\n<li>Minim\u0101lais d\u017eekpots: \u20ac 1 miljons<\/li>\n<li>Maksim\u0101lais d\u017eekpots: p\u0113c 12 izloz\u0113m<\/li>\n<li>D\u017eekpota laim\u0113\u0161anas varb\u016bt\u012bba: 1 pret 125854344<\/li>\n<li>2. l\u012bme\u0146a laimesta varb\u016bt\u012bba: 1 pret 13983816.<\/li>\n<li>Iesp\u0113ja laim\u0113t jebkur\u0101 l\u012bmen\u012b: 1 pret 31<\/li>\n<li>Balvu l\u012bme\u0146u skaits: 9<\/li>\n<\/ul>\n<h2>Priek\u0161roc\u012bbas p\u0113rkot V\u0101cijas Lotto bi\u013cetes tie\u0161saist\u0113<\/h2>\n<ul>\n<li>Ieg\u0101d\u0101jieties bi\u013cetes no savas \u0113rt\u0101s vietas m\u0101j\u0101s<\/li>\n<li>Ieg\u0101d\u0101jieties visus v\u0113lamos loterijas sp\u0113\u013cu veidus.<\/li>\n<li>Ieg\u016bstiet lab\u0101kas izredzes uz lab\u0101kajiem d\u017eekpotiem, pareizi izv\u0113loties sp\u0113les.<\/li>\n<li>Ieg\u016bstiet \u0113rtas apmaksas iesp\u0113jas, pievienojot naudu pirkumam tie\u0161i sav\u0101 sp\u0113l\u0113t\u0101ja kont\u0101.<\/li>\n<li>Viegli uzglab\u0101jiet visas savas loto bi\u013cetes.<\/li>\n<li>Sa\u0146emiet t\u016bl\u012bt\u0113ju pazi\u0146ojumu par laimestiem<\/li>\n<li>Ieg\u016bstiet vienk\u0101r\u0161as izv\u0113les iesp\u0113jas, lai jums neb\u016btu j\u0101izv\u0113las skait\u013ci.<\/li>\n<\/ul>\n<h2>Vai ir likum\u012bgi ieg\u0101d\u0101ties V\u0101cijas Lotto bi\u013cetes tie\u0161saist\u0113?<\/h2>\n<p>Ja esat ba\u017e\u012bjies par bi\u013ce\u0161u ieg\u0101di tie\u0161saist\u0113, jo atrodaties Latvij\u0101<br \/>\nun nezin\u0101t noteikumus, jums nav j\u0101uztraucas. M\u0113s varam pal\u012bdz\u0113t jums atbr\u012bvoties no da\u017e\u0101m raiz\u0113m, jo m\u0113s nodro\u0161in\u0101m, ka tiek iev\u0113roti visi noteikumi valst\u012b, no kuras n\u0101k loterija.<br \/>\nTas pal\u012bdz jums justies p\u0101rliecin\u0101t\u0101k un garant\u0113, ka laim\u0113t\u0101 nauda garant\u0113ti non\u0101ks tie\u0161i pie jums.<br \/>\nVien\u012bgais noteikums ir t\u0101ds, ka jums j\u0101b\u016bt vismaz 18 gadus vecam, lai var\u0113tu sp\u0113l\u0113t.<\/p>\n<h2>K\u0101 es varu sa\u0146emt samaksu, ja vinn\u0113ju V\u0101cijas Lotto tie\u0161saist\u0113?<\/h2>\n<p><img loading=\"lazy\" decoding=\"async\" class=\"alignright wp-image-3633\" src=\"https:\/\/onlinelotto365.com\/wp-content\/uploads\/2020\/11\/online_lottery-41-300x102.jpg\" alt=\"German lotto online uk\" width=\"376\" height=\"128\" srcset=\"https:\/\/onlinelotto365.com\/wp-content\/uploads\/2020\/11\/online_lottery-41-300x102.jpg 300w, https:\/\/onlinelotto365.com\/wp-content\/uploads\/2020\/11\/online_lottery-41.jpg 593w\" sizes=\"auto, (max-width: 376px) 100vw, 376px\" \/><br \/>\nKad runa ir par laimesta sa\u0146em\u0161anu, m\u0113s jau zin\u0101m, ka j\u016bs nev\u0113laties upur\u0113t. J\u016bs v\u0113laties sa\u0146emt visu naudu, kas jums pien\u0101kas, un m\u0113s varam jums pal\u012bdz\u0113t to izdar\u012bt. Paties\u012bb\u0101 m\u0113s varam jums pal\u012bdz\u0113t uzreiz, jo m\u0113s ne\u0146emsim komisijas maksu no j\u016bsu laimesta.<\/p>\n<p>M\u0113s ar\u012b neiekas\u0113sim no jums nek\u0101du maksu. Tie\u0161i t\u0101, ja vien j\u016bs neizv\u0113l\u0113sieties, lai j\u016bsu nauda tiktu p\u0101rskait\u012bta uz j\u016bsu banku, m\u0113s no jums nepras\u012bsim maksu par neko, ko m\u0113s dar\u012bsim. Ja izv\u0113laties veikt naudas p\u0101rskait\u012bjumu, m\u0113s iekas\u0113jam maksu, jo j\u016bsu banka iekas\u0113 maksu.<\/p>\n<p><strong>Kas notiek, kad j\u016bs vinn\u0113siet:<\/strong><\/p>\n<ul>\n<li>Ja vinnests ir maz\u0101ks par 2500 eiro, jums nekas nav j\u0101dara. M\u0113s par visu par\u016bp\u0113simies, ieskaitot naudu j\u016bsu kont\u0101.<\/li>\n<li>Tiem, kas vinn\u0113 vair\u0101k nek\u0101 \u20ac2500, m\u016bsu atbalsta komanda jums nos\u016bt\u012bs piepras\u012bjuma veidlapu. \u0160aj\u0101 veidlap\u0101 j\u016bs var\u0113siet izlemt, vai v\u0113laties, lai jums izmaks\u0101 naudu ar \u010deku vai ar bankas p\u0101rskait\u012bjumu. P\u0113c tam j\u016bs varat vienk\u0101r\u0161i s\u0113d\u0113t un gaid\u012bt, kad p\u0113c da\u017e\u0101m dien\u0101m nauda pien\u0101ks pie jums.<\/li>\n<\/ul>\n","protected":false},"excerpt":{"rendered":"<p>Vai neesat \u012bsti p\u0101rliecin\u0101ts, k\u0101 ieg\u0101d\u0101ties V\u0101cijas Lotto bi\u013cetes tie\u0161saist\u0113? Tad j\u016bs esat non\u0101cis \u012bstaj\u0101 viet\u0101, jo m\u0113s j\u016bs iepaz\u012bstin\u0101sim ar \u013coti vienk\u0101r\u0161u procesu, k\u0101 no bi\u013ce\u0161u ieg\u0101des Latvij\u0101 non\u0101kt l\u012bdz izlozes gaid\u012b\u0161anai, lai uzzin\u0101tu, vai esat laim\u0113jis kaut ko lielu. Dodieties uz t\u0101s loto sp\u0113les t\u012bmek\u013ca vietni, kuru v\u0113laties sp\u0113l\u0113t, un izv\u0113lieties v\u0113lamo bi\u013ce\u0161u [&hellip;]<\/p>\n","protected":false},"author":1,"featured_media":0,"parent":5646,"menu_order":11,"comment_status":"closed","ping_status":"closed","template":"lotto-german-info.php","meta":{"_et_pb_use_builder":"","_et_pb_old_content":"","_et_gb_content_width":"","exclude_from_search":false,"footnotes":""},"class_list":["post-80441","page","type-page","status-publish","hentry"],"yoast_head":"<!-- This site is optimized with the Yoast SEO plugin v23.4 - https:\/\/yoast.com\/wordpress\/plugins\/seo\/ -->\n<title>Tagad nopirkt V\u0101cijas Lotto bi\u013cetes tie\u0161saist\u0113 no Latvijas<\/title>\n<meta name=\"description\" content=\"Ja dz\u012bvojat Latvij\u0101, joproj\u0101m varat ieg\u0101d\u0101ties V\u0101cijas Lotto bi\u013cetes tie\u0161saist\u0113.\" \/>\n<meta name=\"robots\" content=\"index, follow, max-snippet:-1, max-image-preview:large, max-video-preview:-1\" \/>\n<link rel=\"canonical\" href=\"https:\/\/onlinelotto365.com\/lv\/pirkt-biletes\/german-lotto\/\" \/>\n<meta property=\"og:locale\" content=\"lv_LV\" \/>\n<meta property=\"og:type\" content=\"article\" \/>\n<meta property=\"og:title\" content=\"Tagad nopirkt V\u0101cijas Lotto bi\u013cetes tie\u0161saist\u0113 no Latvijas\" \/>\n<meta property=\"og:description\" content=\"Ja dz\u012bvojat Latvij\u0101, joproj\u0101m varat ieg\u0101d\u0101ties V\u0101cijas Lotto bi\u013cetes tie\u0161saist\u0113.\" \/>\n<meta property=\"og:url\" content=\"https:\/\/onlinelotto365.com\/lv\/pirkt-biletes\/german-lotto\/\" \/>\n<meta property=\"og:site_name\" content=\"OnlineLotto365\" \/>\n<meta property=\"og:image\" content=\"https:\/\/redfoxlotto.com\/image?size=8&amp;lottery=lotto-6aus49\" \/>\n<meta name=\"twitter:card\" content=\"summary_large_image\" \/>\n<meta name=\"twitter:label1\" content=\"Est. reading time\" \/>\n\t<meta name=\"twitter:data1\" content=\"3 minutes\" \/>\n<script type=\"application\/ld+json\" class=\"yoast-schema-graph\">{\"@context\":\"https:\/\/schema.org\",\"@graph\":[{\"@type\":\"WebPage\",\"@id\":\"https:\/\/onlinelotto365.com\/lv\/pirkt-biletes\/german-lotto\/\",\"url\":\"https:\/\/onlinelotto365.com\/lv\/pirkt-biletes\/german-lotto\/\",\"name\":\"Tagad nopirkt V\u0101cijas Lotto bi\u013cetes tie\u0161saist\u0113 no Latvijas\",\"isPartOf\":{\"@id\":\"https:\/\/onlinelotto365.com\/lv\/#website\"},\"primaryImageOfPage\":{\"@id\":\"https:\/\/onlinelotto365.com\/lv\/pirkt-biletes\/german-lotto\/#primaryimage\"},\"image\":{\"@id\":\"https:\/\/onlinelotto365.com\/lv\/pirkt-biletes\/german-lotto\/#primaryimage\"},\"thumbnailUrl\":\"https:\/\/redfoxlotto.com\/image?size=8&amp;lottery=lotto-6aus49\",\"datePublished\":\"2022-11-18T06:49:49+00:00\",\"dateModified\":\"2022-11-18T06:49:49+00:00\",\"description\":\"Ja dz\u012bvojat Latvij\u0101, joproj\u0101m varat ieg\u0101d\u0101ties V\u0101cijas Lotto bi\u013cetes tie\u0161saist\u0113.\",\"breadcrumb\":{\"@id\":\"https:\/\/onlinelotto365.com\/lv\/pirkt-biletes\/german-lotto\/#breadcrumb\"},\"inLanguage\":\"lv-LV\",\"potentialAction\":[{\"@type\":\"ReadAction\",\"target\":[\"https:\/\/onlinelotto365.com\/lv\/pirkt-biletes\/german-lotto\/\"]}]},{\"@type\":\"ImageObject\",\"inLanguage\":\"lv-LV\",\"@id\":\"https:\/\/onlinelotto365.com\/lv\/pirkt-biletes\/german-lotto\/#primaryimage\",\"url\":\"https:\/\/redfoxlotto.com\/image?size=8&amp;lottery=lotto-6aus49\",\"contentUrl\":\"https:\/\/redfoxlotto.com\/image?size=8&amp;lottery=lotto-6aus49\"},{\"@type\":\"BreadcrumbList\",\"@id\":\"https:\/\/onlinelotto365.com\/lv\/pirkt-biletes\/german-lotto\/#breadcrumb\",\"itemListElement\":[{\"@type\":\"ListItem\",\"position\":1,\"name\":\"Home\",\"item\":\"https:\/\/onlinelotto365.com\/lv\/\"},{\"@type\":\"ListItem\",\"position\":2,\"name\":\"K\u0101p\u0113c pirkt loterijas bi\u013cetes internet\u0101 ir lo\u0123isk\u0101k\",\"item\":\"https:\/\/onlinelotto365.com\/lv\/pirkt-biletes\/\"},{\"@type\":\"ListItem\",\"position\":3,\"name\":\"K\u0101 ieg\u0101d\u0101ties bi\u013cetes tie\u0161saist\u0113 uz V\u0101cijas Lotto\"}]},{\"@type\":\"WebSite\",\"@id\":\"https:\/\/onlinelotto365.com\/lv\/#website\",\"url\":\"https:\/\/onlinelotto365.com\/lv\/\",\"name\":\"OnlineLotto365\",\"description\":\"\",\"potentialAction\":[{\"@type\":\"SearchAction\",\"target\":{\"@type\":\"EntryPoint\",\"urlTemplate\":\"https:\/\/onlinelotto365.com\/lv\/?s={search_term_string}\"},\"query-input\":{\"@type\":\"PropertyValueSpecification\",\"valueRequired\":true,\"valueName\":\"search_term_string\"}}],\"inLanguage\":\"lv-LV\"}]}<\/script>\n<!-- \/ Yoast SEO plugin. -->","yoast_head_json":{"title":"Tagad nopirkt V\u0101cijas Lotto bi\u013cetes tie\u0161saist\u0113 no Latvijas","description":"Ja dz\u012bvojat Latvij\u0101, joproj\u0101m varat ieg\u0101d\u0101ties V\u0101cijas Lotto bi\u013cetes tie\u0161saist\u0113.","robots":{"index":"index","follow":"follow","max-snippet":"max-snippet:-1","max-image-preview":"max-image-preview:large","max-video-preview":"max-video-preview:-1"},"canonical":"https:\/\/onlinelotto365.com\/lv\/pirkt-biletes\/german-lotto\/","og_locale":"lv_LV","og_type":"article","og_title":"Tagad nopirkt V\u0101cijas Lotto bi\u013cetes tie\u0161saist\u0113 no Latvijas","og_description":"Ja dz\u012bvojat Latvij\u0101, joproj\u0101m varat ieg\u0101d\u0101ties V\u0101cijas Lotto bi\u013cetes tie\u0161saist\u0113.","og_url":"https:\/\/onlinelotto365.com\/lv\/pirkt-biletes\/german-lotto\/","og_site_name":"OnlineLotto365","og_image":[{"url":"https:\/\/redfoxlotto.com\/image?size=8&amp;lottery=lotto-6aus49"}],"twitter_card":"summary_large_image","twitter_misc":{"Est. reading time":"3 minutes"},"schema":{"@context":"https:\/\/schema.org","@graph":[{"@type":"WebPage","@id":"https:\/\/onlinelotto365.com\/lv\/pirkt-biletes\/german-lotto\/","url":"https:\/\/onlinelotto365.com\/lv\/pirkt-biletes\/german-lotto\/","name":"Tagad nopirkt V\u0101cijas Lotto bi\u013cetes tie\u0161saist\u0113 no Latvijas","isPartOf":{"@id":"https:\/\/onlinelotto365.com\/lv\/#website"},"primaryImageOfPage":{"@id":"https:\/\/onlinelotto365.com\/lv\/pirkt-biletes\/german-lotto\/#primaryimage"},"image":{"@id":"https:\/\/onlinelotto365.com\/lv\/pirkt-biletes\/german-lotto\/#primaryimage"},"thumbnailUrl":"https:\/\/redfoxlotto.com\/image?size=8&amp;lottery=lotto-6aus49","datePublished":"2022-11-18T06:49:49+00:00","dateModified":"2022-11-18T06:49:49+00:00","description":"Ja dz\u012bvojat Latvij\u0101, joproj\u0101m varat ieg\u0101d\u0101ties V\u0101cijas Lotto bi\u013cetes tie\u0161saist\u0113.","breadcrumb":{"@id":"https:\/\/onlinelotto365.com\/lv\/pirkt-biletes\/german-lotto\/#breadcrumb"},"inLanguage":"lv-LV","potentialAction":[{"@type":"ReadAction","target":["https:\/\/onlinelotto365.com\/lv\/pirkt-biletes\/german-lotto\/"]}]},{"@type":"ImageObject","inLanguage":"lv-LV","@id":"https:\/\/onlinelotto365.com\/lv\/pirkt-biletes\/german-lotto\/#primaryimage","url":"https:\/\/redfoxlotto.com\/image?size=8&amp;lottery=lotto-6aus49","contentUrl":"https:\/\/redfoxlotto.com\/image?size=8&amp;lottery=lotto-6aus49"},{"@type":"BreadcrumbList","@id":"https:\/\/onlinelotto365.com\/lv\/pirkt-biletes\/german-lotto\/#breadcrumb","itemListElement":[{"@type":"ListItem","position":1,"name":"Home","item":"https:\/\/onlinelotto365.com\/lv\/"},{"@type":"ListItem","position":2,"name":"K\u0101p\u0113c pirkt loterijas bi\u013cetes internet\u0101 ir lo\u0123isk\u0101k","item":"https:\/\/onlinelotto365.com\/lv\/pirkt-biletes\/"},{"@type":"ListItem","position":3,"name":"K\u0101 ieg\u0101d\u0101ties bi\u013cetes tie\u0161saist\u0113 uz V\u0101cijas Lotto"}]},{"@type":"WebSite","@id":"https:\/\/onlinelotto365.com\/lv\/#website","url":"https:\/\/onlinelotto365.com\/lv\/","name":"OnlineLotto365","description":"","potentialAction":[{"@type":"SearchAction","target":{"@type":"EntryPoint","urlTemplate":"https:\/\/onlinelotto365.com\/lv\/?s={search_term_string}"},"query-input":{"@type":"PropertyValueSpecification","valueRequired":true,"valueName":"search_term_string"}}],"inLanguage":"lv-LV"}]}},"_links":{"self":[{"href":"https:\/\/onlinelotto365.com\/lv\/wp-json\/wp\/v2\/pages\/80441","targetHints":{"allow":["GET"]}}],"collection":[{"href":"https:\/\/onlinelotto365.com\/lv\/wp-json\/wp\/v2\/pages"}],"about":[{"href":"https:\/\/onlinelotto365.com\/lv\/wp-json\/wp\/v2\/types\/page"}],"author":[{"embeddable":true,"href":"https:\/\/onlinelotto365.com\/lv\/wp-json\/wp\/v2\/users\/1"}],"replies":[{"embeddable":true,"href":"https:\/\/onlinelotto365.com\/lv\/wp-json\/wp\/v2\/comments?post=80441"}],"version-history":[{"count":0,"href":"https:\/\/onlinelotto365.com\/lv\/wp-json\/wp\/v2\/pages\/80441\/revisions"}],"up":[{"embeddable":true,"href":"https:\/\/onlinelotto365.com\/lv\/wp-json\/wp\/v2\/pages\/5646"}],"wp:attachment":[{"href":"https:\/\/onlinelotto365.com\/lv\/wp-json\/wp\/v2\/media?parent=80441"}],"curies":[{"name":"wp","href":"https:\/\/api.w.org\/{rel}","templated":true}]}}