{"id":80473,"date":"2022-11-18T11:06:22","date_gmt":"2022-11-18T10:06:22","guid":{"rendered":"https:\/\/onlinelotto365.com\/?page_id=80473"},"modified":"2022-11-18T11:06:22","modified_gmt":"2022-11-18T10:06:22","slug":"mega-sena","status":"publish","type":"page","link":"https:\/\/onlinelotto365.com\/lv\/pirkt-biletes\/mega-sena\/","title":{"rendered":"K\u0101 ieg\u0101d\u0101ties Mega-Sena Brazil bi\u013cetes tie\u0161saist\u0113"},"content":{"rendered":"<p>Vai v\u0113laties uzzin\u0101t, k\u0101 ieg\u016bt nepiecie\u0161am\u0101s bi\u013cetes uz &#8220;Mega-Sena&#8221;, lai gan dz\u012bvojat Latvij\u0101 vai k\u0101d\u0101 cit\u0101 valst\u012b \u0101rpus Braz\u012blijas? Tad jums vajadz\u0113tu las\u012bt t\u0101l\u0101k, jo m\u0113s varam jums pal\u012bdz\u0113t vis\u0101 \u0161aj\u0101 proces\u0101 un nodro\u0161in\u0101t, ka j\u016bs esat ce\u013c\u0101 uz to, lai ieg\u016btu bi\u013cetes uz vis\u0101m sp\u0113l\u0113m, kuras v\u0113laties sp\u0113l\u0113t.<br \/>\n<a href=\"https:\/\/redfoxlotto.com\/play\/mega-sena\/?ref=a8564250a2&amp;medium=ol365\" target=\"_blank\" rel=\"noopener noreferrer\"><img decoding=\"async\" class=\"aligncenter\" src=\"https:\/\/redfoxlotto.com\/image?size=8&amp;lottery=mega-sena\" alt=\"mega-sena\" \/><\/a><\/p>\n<ul>\n<li>Viss, kas Jums j\u0101dara, lai s\u0101ktu, ir j\u0101izv\u0113las sp\u0113le, kuru J\u016bs v\u0113laties sp\u0113l\u0113t, un j\u0101izv\u0113las bi\u013ce\u0161u numuri, kurus J\u016bs v\u0113laties uz \u0161o sp\u0113li.<\/li>\n<li>Pievienojiet tik daudz bi\u013ce\u0161u, cik v\u0113laties, lai sp\u0113l\u0113tu \u0161o sp\u0113li vai jebkuru citu sp\u0113li, kuru v\u0113laties sp\u0113l\u0113t.<\/li>\n<li>Noklik\u0161\u0137iniet uz pogas, lai s\u0101ktu izrakst\u012b\u0161an\u0101s procesu.<\/li>\n<li>Lai ieg\u0101d\u0101tos bi\u013cetes, ieejiet sav\u0101 pa\u0161reiz\u0113j\u0101 kont\u0101 vai izveidojiet jaunu kontu.<\/li>\n<li>Ja jums ir j\u0101izveido jauns konts, jums b\u016bs j\u0101iziet re\u0123istr\u0101cijas process. Uz j\u016bsu e-pastu tiks nos\u016bt\u012bta verifik\u0101cijas saite.<\/li>\n<li>Ja e-pasta v\u0113stule nav redzama j\u016bsu ies\u016btn\u0113, p\u0101rbaudiet surog\u0101tpasta mapi, lai p\u0101rliecin\u0101tos, ka t\u0101 ir sa\u0146emta.<\/li>\n<li>Kad esat apstiprin\u0101jis savu kontu, dodieties uz iepirkumu grozu vietn\u0113.<\/li>\n<li>Sekojiet nor\u0101d\u012bjumiem, lai samaks\u0101tu par bi\u013cet\u0113m, izmantojot izv\u0113l\u0113to maks\u0101\u0161anas metodi.<\/li>\n<\/ul>\n<h2>K\u0101 tie\u0161saist\u0113 samaks\u0101t par Mega-Sena bi\u013ceti<\/h2>\n<p>Jums ir svar\u012bgi par bi\u013cet\u0113m nor\u0113\u0137in\u0101ties dro\u0161\u0101 veid\u0101, un m\u0113s to padar\u0101m p\u0113c iesp\u0113jas vienk\u0101r\u0161\u0101ku, pied\u0101v\u0101jot daudz da\u017e\u0101du tie\u0161o maks\u0101jumu iesp\u0113ju, k\u0101 ar\u012b sekund\u0101ro iesp\u0113ju ieg\u0101d\u0101ties bi\u013cetes. Jums tikai j\u0101s\u0101k ar vienu no div\u0101m turpm\u0101k min\u0113taj\u0101m iesp\u0113j\u0101m.<\/p>\n<p>Maks\u0101jiet tie\u0161i, izmantojot savu iecien\u012bt\u0101ko maks\u0101jumu metodi<br \/>\nPievienojiet naudu sav\u0101 sp\u0113l\u0113t\u0101ja kont\u0101, lai j\u016bs var\u0113tu ieg\u0101d\u0101ties bi\u013cetes tie\u0161i no konta.<\/p>\n<p>P\u0101rliecinieties, ka sav\u0101 sp\u0113l\u0113t\u0101ja kont\u0101 esat pievienojis nedaudz vair\u0101k, ja izv\u0113laties \u0161o metodi. T\u0101d\u0101 veid\u0101 j\u016bsu konta atlikums var\u0113s apmaks\u0101t pirkumu.<\/p>\n<h2>Vair\u0101k inform\u0101cijas par Mega-Sena<\/h2>\n<ul>\n<li>Valsts: .<\/li>\n<li>Galveno numuru diapazons: 60<\/li>\n<li>J\u016bs izv\u0113laties: 6<\/li>\n<li>Izlozes dienas, stundas: Tre\u0161diena, sestdiena, 20:00 GMT -3, 24:00 CET.<\/li>\n<li>Minim\u0101lais d\u017eekpots: R$ 2 miljoni<\/li>\n<li>Maksim\u0101lais d\u017eekpots: nav<\/li>\n<li>D\u017eekpota laim\u0113\u0161anas varb\u016bt\u012bba: 1 pret 50063860<\/li>\n<li>2. l\u012bme\u0146a laimesta varb\u016bt\u012bba: 1 pret 15451809.<\/li>\n<li>Iesp\u0113ja laim\u0113t jebkur\u0101 l\u012bmen\u012b: 1 pret 2297,56<\/li>\n<li>Balvu l\u012bme\u0146u skaits: 3<\/li>\n<\/ul>\n<h2>Mega-Sena bi\u013ce\u0161u ieg\u0101des tie\u0161saist\u0113 priek\u0161roc\u012bbas<\/h2>\n<ul>\n<li>Nav nepiecie\u0161ams ce\u013cot &#8211; vienk\u0101r\u0161i ieg\u0101d\u0101jieties bi\u013cetes no m\u0101j\u0101m.<\/li>\n<li>Izv\u0113lieties no da\u017e\u0101d\u0101m loterijas sp\u0113l\u0113m<\/li>\n<li>Ieg\u016bstiet vislab\u0101k\u0101s izredzes laim\u0113t sp\u0113les ar lieliem d\u017eekpotiem.<\/li>\n<li>Ielieciet naudu tie\u0161i sav\u0101 kont\u0101, lai to izmantotu pirkuma apmaksai.<\/li>\n<li>Viegli sekot l\u012bdzi sav\u0101m bi\u013cet\u0113m<\/li>\n<li>Sa\u0146emiet pazi\u0146ojumus, kad laim\u0113jat ar sav\u0101m bi\u013cet\u0113m<\/li>\n<li>Izmantojiet \u0101tr\u0101s izv\u0113les iesp\u0113ju, lai ieg\u016btu bi\u013cetes, neizv\u0113loties numurus.<\/li>\n<\/ul>\n<h2>Vai ir likum\u012bgi ieg\u0101d\u0101ties Mega-Sena bi\u013cetes tie\u0161saist\u0113?<\/h2>\n<p>Daudzi cilv\u0113ki uztraucas par to, vai vi\u0146i var ieg\u0101d\u0101ties Mega Sena loto bi\u013cetes tie\u0161saist\u0113, jo Latvija ir vi\u0146u dz\u012bvesvietas valsts. Vai varb\u016bt vi\u0146i dz\u012bvo cit\u0101 valst\u012b, bet ne Braz\u012blij\u0101. M\u0113s pal\u012bdzam jums atbr\u012bvoties no da\u017e\u0101m ba\u017e\u0101m, p\u0101rliecinoties, ka viss, ko m\u0113s dar\u0101m, ir balst\u012bts uz loterijas r\u012bkot\u0101jas valsts noteikumiem. T\u0101d\u0113j\u0101di jums b\u016bs viegl\u0101k ieg\u0101d\u0101ties bi\u013cetes un justies komfortabli. Turkl\u0101t j\u016bs garant\u0113ti sa\u0146emat visu laim\u0113to naudu, tostarp d\u017eekpotu.<\/p>\n<h2>K\u0101 es varu sa\u0146emt naudu, ja laim\u0113ju Mega-Sena tie\u0161saist\u0113?<\/h2>\n<p><img loading=\"lazy\" decoding=\"async\" class=\"alignright wp-image-3660\" src=\"https:\/\/onlinelotto365.com\/wp-content\/uploads\/2020\/11\/online_lottery-133-300x212.jpg\" alt=\"mega-sena online Latvij\u0101\" width=\"177\" height=\"125\" srcset=\"https:\/\/onlinelotto365.com\/wp-content\/uploads\/2020\/11\/online_lottery-133-300x212.jpg 300w, https:\/\/onlinelotto365.com\/wp-content\/uploads\/2020\/11\/online_lottery-133.jpg 320w\" sizes=\"auto, (max-width: 177px) 100vw, 177px\" \/><br \/>\nKad runa ir par maks\u0101jumu veik\u0161anu uzvar\u0113t\u0101jiem, m\u0113s to dar\u0101m vislab\u0101kaj\u0101 veid\u0101, pie\u0161\u0137irot jums katru centu. Jums nav j\u0101maks\u0101 mums komisijas maksa par jebkuru laim\u0113to summu, neatkar\u012bgi no t\u0101, vai tas ir neliels laimests vai pat d\u017eekpots. Jums ar\u012b nav j\u0101maks\u0101 mums nek\u0101das komisijas maksas, ja vien j\u016bs neizv\u0113laties bankas p\u0101rskait\u012bjumu.<br \/>\nIzmantojot visus p\u0101r\u0113jos maks\u0101\u0161anas veidus, J\u016bs sa\u0146emsiet visu laim\u0113to naudu. Izmantojot bankas p\u0101rskait\u012bjumu, m\u0113s da\u017ek\u0101rt sa\u0146emam komisijas maksu no bankas, un \u0161\u012b maksa tiek ietur\u0113ta no J\u016bsu laimesta p\u0101rskait\u012bjuma laik\u0101.<\/p>\n<p><strong>Tom\u0113r, kad j\u016bs vinn\u0113siet, jums j\u0101zina, k\u0101ds process notiek, lai j\u016bs sa\u0146emtu naudu:<\/strong><\/p>\n<ul>\n<li>Ikviens, kur\u0161 vinn\u0113 maz\u0101k par 2500 eiro, sa\u0146ems naudu tie\u0161i sav\u0101 kont\u0101, un vi\u0146am neb\u016bs nekas j\u0101dara.<\/li>\n<li>Savuk\u0101rt ikvienam, kur\u0161 vinn\u0113 vair\u0101k nek\u0101 \u20ac2500, m\u016bsu atbalsta dienests l\u016bgs aizpild\u012bt pieteikuma veidlapu. Tas \u013caus jums sa\u0146emt naudu vien\u0101 no diviem veidiem. J\u016bs varat izv\u0113l\u0113ties vai nu sa\u0146emt \u010deku visai summai, vai ar\u012b veikt bankas p\u0101rskait\u012bjumu. Jebkur\u0101 gad\u012bjum\u0101 naudu uz jebkuru valsti, tostarp Latviju, j\u016bs sa\u0146emsiet da\u017eu dienu laik\u0101.<\/li>\n<\/ul>\n","protected":false},"excerpt":{"rendered":"<p>Vai v\u0113laties uzzin\u0101t, k\u0101 ieg\u016bt nepiecie\u0161am\u0101s bi\u013cetes uz &#8220;Mega-Sena&#8221;, lai gan dz\u012bvojat Latvij\u0101 vai k\u0101d\u0101 cit\u0101 valst\u012b \u0101rpus Braz\u012blijas? Tad jums vajadz\u0113tu las\u012bt t\u0101l\u0101k, jo m\u0113s varam jums pal\u012bdz\u0113t vis\u0101 \u0161aj\u0101 proces\u0101 un nodro\u0161in\u0101t, ka j\u016bs esat ce\u013c\u0101 uz to, lai ieg\u016btu bi\u013cetes uz vis\u0101m sp\u0113l\u0113m, kuras v\u0113laties sp\u0113l\u0113t. Viss, kas Jums j\u0101dara, lai s\u0101ktu, [&hellip;]<\/p>\n","protected":false},"author":1,"featured_media":0,"parent":5646,"menu_order":12,"comment_status":"closed","ping_status":"closed","template":"megasena-info.php","meta":{"_et_pb_use_builder":"","_et_pb_old_content":"","_et_gb_content_width":"","exclude_from_search":false,"footnotes":""},"class_list":["post-80473","page","type-page","status-publish","hentry"],"yoast_head":"<!-- This site is optimized with the Yoast SEO plugin v23.4 - https:\/\/yoast.com\/wordpress\/plugins\/seo\/ -->\n<title>Nopirkt bi\u013cetes uz Mega-Sena no Latvijas | Par Mega-Sena un k\u0101 ieg\u0101d\u0101ties bi\u013cetes<\/title>\n<meta name=\"description\" content=\"\u0160\u012b ir lieliska loterija no Braz\u012blijas, un tagad j\u016bs varat ieg\u0101d\u0101ties bi\u013cetes tie\u0161saist\u0113.\" \/>\n<meta name=\"robots\" content=\"index, follow, max-snippet:-1, max-image-preview:large, max-video-preview:-1\" \/>\n<link rel=\"canonical\" href=\"https:\/\/onlinelotto365.com\/lv\/pirkt-biletes\/mega-sena\/\" \/>\n<meta property=\"og:locale\" content=\"lv_LV\" \/>\n<meta property=\"og:type\" content=\"article\" \/>\n<meta property=\"og:title\" content=\"Nopirkt bi\u013cetes uz Mega-Sena no Latvijas | Par Mega-Sena un k\u0101 ieg\u0101d\u0101ties bi\u013cetes\" \/>\n<meta property=\"og:description\" content=\"\u0160\u012b ir lieliska loterija no Braz\u012blijas, un tagad j\u016bs varat ieg\u0101d\u0101ties bi\u013cetes tie\u0161saist\u0113.\" \/>\n<meta property=\"og:url\" content=\"https:\/\/onlinelotto365.com\/lv\/pirkt-biletes\/mega-sena\/\" \/>\n<meta property=\"og:site_name\" content=\"OnlineLotto365\" \/>\n<meta property=\"og:image\" content=\"https:\/\/redfoxlotto.com\/image?size=8&amp;lottery=mega-sena\" \/>\n<meta name=\"twitter:card\" content=\"summary_large_image\" \/>\n<meta name=\"twitter:label1\" content=\"Est. reading time\" \/>\n\t<meta name=\"twitter:data1\" content=\"4 minutes\" \/>\n<script type=\"application\/ld+json\" class=\"yoast-schema-graph\">{\"@context\":\"https:\/\/schema.org\",\"@graph\":[{\"@type\":\"WebPage\",\"@id\":\"https:\/\/onlinelotto365.com\/lv\/pirkt-biletes\/mega-sena\/\",\"url\":\"https:\/\/onlinelotto365.com\/lv\/pirkt-biletes\/mega-sena\/\",\"name\":\"Nopirkt bi\u013cetes uz Mega-Sena no Latvijas | Par Mega-Sena un k\u0101 ieg\u0101d\u0101ties bi\u013cetes\",\"isPartOf\":{\"@id\":\"https:\/\/onlinelotto365.com\/lv\/#website\"},\"primaryImageOfPage\":{\"@id\":\"https:\/\/onlinelotto365.com\/lv\/pirkt-biletes\/mega-sena\/#primaryimage\"},\"image\":{\"@id\":\"https:\/\/onlinelotto365.com\/lv\/pirkt-biletes\/mega-sena\/#primaryimage\"},\"thumbnailUrl\":\"https:\/\/redfoxlotto.com\/image?size=8&amp;lottery=mega-sena\",\"datePublished\":\"2022-11-18T10:06:22+00:00\",\"dateModified\":\"2022-11-18T10:06:22+00:00\",\"description\":\"\u0160\u012b ir lieliska loterija no Braz\u012blijas, un tagad j\u016bs varat ieg\u0101d\u0101ties bi\u013cetes tie\u0161saist\u0113.\",\"breadcrumb\":{\"@id\":\"https:\/\/onlinelotto365.com\/lv\/pirkt-biletes\/mega-sena\/#breadcrumb\"},\"inLanguage\":\"lv-LV\",\"potentialAction\":[{\"@type\":\"ReadAction\",\"target\":[\"https:\/\/onlinelotto365.com\/lv\/pirkt-biletes\/mega-sena\/\"]}]},{\"@type\":\"ImageObject\",\"inLanguage\":\"lv-LV\",\"@id\":\"https:\/\/onlinelotto365.com\/lv\/pirkt-biletes\/mega-sena\/#primaryimage\",\"url\":\"https:\/\/redfoxlotto.com\/image?size=8&amp;lottery=mega-sena\",\"contentUrl\":\"https:\/\/redfoxlotto.com\/image?size=8&amp;lottery=mega-sena\"},{\"@type\":\"BreadcrumbList\",\"@id\":\"https:\/\/onlinelotto365.com\/lv\/pirkt-biletes\/mega-sena\/#breadcrumb\",\"itemListElement\":[{\"@type\":\"ListItem\",\"position\":1,\"name\":\"Home\",\"item\":\"https:\/\/onlinelotto365.com\/lv\/\"},{\"@type\":\"ListItem\",\"position\":2,\"name\":\"K\u0101p\u0113c pirkt loterijas bi\u013cetes internet\u0101 ir lo\u0123isk\u0101k\",\"item\":\"https:\/\/onlinelotto365.com\/lv\/pirkt-biletes\/\"},{\"@type\":\"ListItem\",\"position\":3,\"name\":\"K\u0101 ieg\u0101d\u0101ties Mega-Sena Brazil bi\u013cetes tie\u0161saist\u0113\"}]},{\"@type\":\"WebSite\",\"@id\":\"https:\/\/onlinelotto365.com\/lv\/#website\",\"url\":\"https:\/\/onlinelotto365.com\/lv\/\",\"name\":\"OnlineLotto365\",\"description\":\"\",\"potentialAction\":[{\"@type\":\"SearchAction\",\"target\":{\"@type\":\"EntryPoint\",\"urlTemplate\":\"https:\/\/onlinelotto365.com\/lv\/?s={search_term_string}\"},\"query-input\":{\"@type\":\"PropertyValueSpecification\",\"valueRequired\":true,\"valueName\":\"search_term_string\"}}],\"inLanguage\":\"lv-LV\"}]}<\/script>\n<!-- \/ Yoast SEO plugin. -->","yoast_head_json":{"title":"Nopirkt bi\u013cetes uz Mega-Sena no Latvijas | Par Mega-Sena un k\u0101 ieg\u0101d\u0101ties bi\u013cetes","description":"\u0160\u012b ir lieliska loterija no Braz\u012blijas, un tagad j\u016bs varat ieg\u0101d\u0101ties bi\u013cetes tie\u0161saist\u0113.","robots":{"index":"index","follow":"follow","max-snippet":"max-snippet:-1","max-image-preview":"max-image-preview:large","max-video-preview":"max-video-preview:-1"},"canonical":"https:\/\/onlinelotto365.com\/lv\/pirkt-biletes\/mega-sena\/","og_locale":"lv_LV","og_type":"article","og_title":"Nopirkt bi\u013cetes uz Mega-Sena no Latvijas | Par Mega-Sena un k\u0101 ieg\u0101d\u0101ties bi\u013cetes","og_description":"\u0160\u012b ir lieliska loterija no Braz\u012blijas, un tagad j\u016bs varat ieg\u0101d\u0101ties bi\u013cetes tie\u0161saist\u0113.","og_url":"https:\/\/onlinelotto365.com\/lv\/pirkt-biletes\/mega-sena\/","og_site_name":"OnlineLotto365","og_image":[{"url":"https:\/\/redfoxlotto.com\/image?size=8&amp;lottery=mega-sena"}],"twitter_card":"summary_large_image","twitter_misc":{"Est. reading time":"4 minutes"},"schema":{"@context":"https:\/\/schema.org","@graph":[{"@type":"WebPage","@id":"https:\/\/onlinelotto365.com\/lv\/pirkt-biletes\/mega-sena\/","url":"https:\/\/onlinelotto365.com\/lv\/pirkt-biletes\/mega-sena\/","name":"Nopirkt bi\u013cetes uz Mega-Sena no Latvijas | Par Mega-Sena un k\u0101 ieg\u0101d\u0101ties bi\u013cetes","isPartOf":{"@id":"https:\/\/onlinelotto365.com\/lv\/#website"},"primaryImageOfPage":{"@id":"https:\/\/onlinelotto365.com\/lv\/pirkt-biletes\/mega-sena\/#primaryimage"},"image":{"@id":"https:\/\/onlinelotto365.com\/lv\/pirkt-biletes\/mega-sena\/#primaryimage"},"thumbnailUrl":"https:\/\/redfoxlotto.com\/image?size=8&amp;lottery=mega-sena","datePublished":"2022-11-18T10:06:22+00:00","dateModified":"2022-11-18T10:06:22+00:00","description":"\u0160\u012b ir lieliska loterija no Braz\u012blijas, un tagad j\u016bs varat ieg\u0101d\u0101ties bi\u013cetes tie\u0161saist\u0113.","breadcrumb":{"@id":"https:\/\/onlinelotto365.com\/lv\/pirkt-biletes\/mega-sena\/#breadcrumb"},"inLanguage":"lv-LV","potentialAction":[{"@type":"ReadAction","target":["https:\/\/onlinelotto365.com\/lv\/pirkt-biletes\/mega-sena\/"]}]},{"@type":"ImageObject","inLanguage":"lv-LV","@id":"https:\/\/onlinelotto365.com\/lv\/pirkt-biletes\/mega-sena\/#primaryimage","url":"https:\/\/redfoxlotto.com\/image?size=8&amp;lottery=mega-sena","contentUrl":"https:\/\/redfoxlotto.com\/image?size=8&amp;lottery=mega-sena"},{"@type":"BreadcrumbList","@id":"https:\/\/onlinelotto365.com\/lv\/pirkt-biletes\/mega-sena\/#breadcrumb","itemListElement":[{"@type":"ListItem","position":1,"name":"Home","item":"https:\/\/onlinelotto365.com\/lv\/"},{"@type":"ListItem","position":2,"name":"K\u0101p\u0113c pirkt loterijas bi\u013cetes internet\u0101 ir lo\u0123isk\u0101k","item":"https:\/\/onlinelotto365.com\/lv\/pirkt-biletes\/"},{"@type":"ListItem","position":3,"name":"K\u0101 ieg\u0101d\u0101ties Mega-Sena Brazil bi\u013cetes tie\u0161saist\u0113"}]},{"@type":"WebSite","@id":"https:\/\/onlinelotto365.com\/lv\/#website","url":"https:\/\/onlinelotto365.com\/lv\/","name":"OnlineLotto365","description":"","potentialAction":[{"@type":"SearchAction","target":{"@type":"EntryPoint","urlTemplate":"https:\/\/onlinelotto365.com\/lv\/?s={search_term_string}"},"query-input":{"@type":"PropertyValueSpecification","valueRequired":true,"valueName":"search_term_string"}}],"inLanguage":"lv-LV"}]}},"_links":{"self":[{"href":"https:\/\/onlinelotto365.com\/lv\/wp-json\/wp\/v2\/pages\/80473","targetHints":{"allow":["GET"]}}],"collection":[{"href":"https:\/\/onlinelotto365.com\/lv\/wp-json\/wp\/v2\/pages"}],"about":[{"href":"https:\/\/onlinelotto365.com\/lv\/wp-json\/wp\/v2\/types\/page"}],"author":[{"embeddable":true,"href":"https:\/\/onlinelotto365.com\/lv\/wp-json\/wp\/v2\/users\/1"}],"replies":[{"embeddable":true,"href":"https:\/\/onlinelotto365.com\/lv\/wp-json\/wp\/v2\/comments?post=80473"}],"version-history":[{"count":0,"href":"https:\/\/onlinelotto365.com\/lv\/wp-json\/wp\/v2\/pages\/80473\/revisions"}],"up":[{"embeddable":true,"href":"https:\/\/onlinelotto365.com\/lv\/wp-json\/wp\/v2\/pages\/5646"}],"wp:attachment":[{"href":"https:\/\/onlinelotto365.com\/lv\/wp-json\/wp\/v2\/media?parent=80473"}],"curies":[{"name":"wp","href":"https:\/\/api.w.org\/{rel}","templated":true}]}}