{"id":80514,"date":"2022-11-21T07:31:12","date_gmt":"2022-11-21T06:31:12","guid":{"rendered":"https:\/\/onlinelotto365.com\/?page_id=80514"},"modified":"2022-11-21T07:45:48","modified_gmt":"2022-11-21T06:45:48","slug":"powerball-australia","status":"publish","type":"page","link":"https:\/\/onlinelotto365.com\/lv\/pirkt-biletes\/powerball-australia\/","title":{"rendered":"K\u0101 ieg\u0101d\u0101ties Powerball Australia bi\u013cetes tie\u0161saist\u0113"},"content":{"rendered":"<p>V\u0113laties uzzin\u0101t, k\u0101 ieg\u0101d\u0101ties Powerball Australia bi\u013cetes tie\u0161saist\u0113? M\u0113s esam to sadal\u012bju\u0161i da\u017eos vienk\u0101r\u0161os so\u013cos m\u016bsu klientiem no Latvijas un cit\u0101m valst\u012bm, lai j\u016bs var\u0113tu s\u0101kt \u0161o procesu jau tagad. Un j\u016bs to varat izdar\u012bt daudz \u0101tr\u0101k un vienk\u0101r\u0161\u0101k, nek\u0101 j\u016bs dom\u0101jat.<br \/>\n<a href=\"https:\/\/redfoxlotto.com\/play\/powerball-au\/?ref=a8564250a2&amp;medium=ol365\" target=\"_blank\" rel=\"noopener noreferrer\"><img decoding=\"async\" class=\"aligncenter\" src=\"https:\/\/redfoxlotto.com\/image?size=8&amp;lottery=powerball-au\" alt=\"Powerball Austr\u0101lija\" \/><\/a><\/p>\n<ul>\n<li>Dodieties uz Powerball Australia lapu un izv\u0113lieties sev v\u0113lam\u0101s bi\u013cetes un to numurus vai \u013caujiet datoram izv\u0113l\u0113ties bi\u013cetes j\u016bsu viet\u0101.<\/li>\n<li>Pirms pabeig\u0161anas pas\u016bt\u012bjumam pievienojiet tik daudz bi\u013ce\u0161u un sp\u0113\u013cu, cik v\u0113laties.<\/li>\n<li>Noklik\u0161\u0137iniet uz pogas, lai samaks\u0101tu tagad<\/li>\n<li>Izveidojiet kontu m\u016bsu t\u012bmek\u013ca vietn\u0113 vai, ja jums jau ir konts, piesakieties sav\u0101 pa\u0161reiz\u0113j\u0101 kont\u0101.<\/li>\n<li>Tiem, kam nepiecie\u0161ams izveidot kontu, tas b\u016bs j\u0101re\u0123istr\u0113, izmantojot savu e-pasta adresi.<\/li>\n<li>P\u0101rbaudiet savu surog\u0101tpasta mapi, k\u0101 ar\u012b parasto pastkasti, lai sa\u0146emtu verifik\u0101cijas e-pasta v\u0113stuli.<\/li>\n<li>Dodieties uz savu grozu, lai pabeigtu pirkumu<\/li>\n<li>Izv\u0113lieties maks\u0101juma metodi, ko v\u0113laties izmantot, un veiciet maks\u0101juma procesu.<\/li>\n<\/ul>\n<h2>K\u0101 samaks\u0101t par Powerball Australia bi\u013ceti tie\u0161saist\u0113<\/h2>\n<p>J\u016bs varat izv\u0113l\u0113ties vienu no vair\u0101k\u0101m da\u017e\u0101d\u0101m maks\u0101jumu iesp\u0113j\u0101m, un visas t\u0101s ir tikpat dro\u0161as, k\u0101 j\u016bs var\u0113tu sagaid\u012bt, p\u0113rkot kaut ko tie\u0161saist\u0113 no Latvijas.<br \/>\nIeg\u0101d\u0101jieties bi\u013cetes, izmantojot:<\/p>\n<p>apmaks\u0101jot pas\u016bt\u012bjumu tie\u0161i, izmantojot v\u0113lamo maks\u0101juma veidu<br \/>\niemaks\u0101jot naudu sav\u0101 sp\u0113l\u0113t\u0101ja kont\u0101 un izmantojot to bi\u013ce\u0161u ieg\u0101dei.<\/p>\n<p>Atcerieties, ka, izv\u0113loties \u0161o iesp\u0113ju, jums sav\u0101 sp\u0113l\u0113t\u0101ja kont\u0101 b\u016bs j\u0101iemaks\u0101 vair\u0101k nek\u0101 pietiekami daudz naudas, lai ieg\u0101d\u0101tos v\u0113lam\u0101s bi\u013cetes.<\/p>\n<h2>Vair\u0101k inform\u0101cijas par Powerball Australia<\/h2>\n<ul>\n<li>Valsts: Australia .<\/li>\n<li>Galveno skait\u013cu diapazons: 35<\/li>\n<li>J\u016bs izv\u0113laties: 7<\/li>\n<li>Papildu skait\u013cu diapazons: 20<\/li>\n<li>J\u016bs izv\u0113laties: 1<\/li>\n<li>Izlozes dienas, stundas: Ceturtdiena, 21:30 GMT+11, 10:30 CET<\/li>\n<li>Minim\u0101lais d\u017eekpots: AU$ 3 miljoni<\/li>\n<li>Maksim\u0101lais d\u017eekpots: AU$ 150 miljoni<\/li>\n<li>D\u017eekpota laim\u0113\u0161anas varb\u016bt\u012bba: 1 pret 134490400<\/li>\n<li>2. l\u012bme\u0146a laimesta varb\u016bt\u012bba: 1 pret 7078443<\/li>\n<li>Iesp\u0113ja laim\u0113t jebkur\u0101 l\u012bmen\u012b: 1 pret 24,87<\/li>\n<li>Balvu l\u012bme\u0146u skaits: 7<\/li>\n<\/ul>\n<h2>Powerball Australia bi\u013ce\u0161u ieg\u0101des priek\u0161roc\u012bbas tie\u0161saist\u0113<\/h2>\n<ul>\n<li>Ieg\u016bstiet v\u0113lam\u0101s bi\u013cetes, neizejot no m\u0101j\u0101m.<\/li>\n<li>Ieg\u0101d\u0101ties bi\u013cetes uz daudzu da\u017e\u0101du veidu loterij\u0101m<\/li>\n<li>Ieg\u016bstiet liel\u0101kas izredzes laim\u0113t lielu d\u017eekpotu, izv\u0113loties lab\u0101kos variantus.<\/li>\n<li>Ielieciet naudu sav\u0101 kont\u0101 un izmantojiet to bi\u013ce\u0161u ieg\u0101dei<\/li>\n<li>Neuztraucieties par bi\u013ce\u0161u nozaud\u0113\u0161anu<\/li>\n<li>Pazi\u0146ojumi, ja j\u016bsu bi\u013cete ir laim\u0113jusi<\/li>\n<li>Izv\u0113lieties nejau\u0161as bi\u013cetes, izmantojot numuru \u0123eneratoru<\/li>\n<\/ul>\n<h2>Vai Latvij\u0101 ir likum\u012bgi ieg\u0101d\u0101ties Powerball Australia bi\u013cetes tie\u0161saist\u0113?<\/h2>\n<p>Nav j\u0101uztraucas par bi\u013ce\u0161u ieg\u0101di tie\u0161saist\u0113 vai tradicion\u0101l\u0101 veid\u0101, ja runa ir par j\u016bsu dz\u012bvesvietas valsts noteikumiem. M\u0113s r\u016bp\u0113jamies par to, lai tiktu iev\u0113roti loterijas norises valsts noteikumi un j\u016bs var\u0113tu sa\u0146emt savu laimestu. Pat ja vinn\u0113siet d\u017eekpotu, jums neb\u016bs probl\u0113mu sa\u0146emt naudu.<br \/>\nIkvienam, kas izmanto m\u016bsu pakalpojumu, ir j\u0101b\u016bt vismaz 18 gadus vecam.<\/p>\n<h2>K\u0101 es varu sa\u0146emt naudu, ja laim\u0113ju Powerball Australia tie\u0161saist\u0113?<\/h2>\n<p><img loading=\"lazy\" decoding=\"async\" class=\"alignright wp-image-3631\" src=\"https:\/\/onlinelotto365.com\/wp-content\/uploads\/2020\/11\/online_lottery-40-300x200.jpg\" alt=\"powerball australia online\" width=\"252\" height=\"168\" srcset=\"https:\/\/onlinelotto365.com\/wp-content\/uploads\/2020\/11\/online_lottery-40-300x200.jpg 300w, https:\/\/onlinelotto365.com\/wp-content\/uploads\/2020\/11\/online_lottery-40.jpg 424w\" sizes=\"auto, (max-width: 252px) 100vw, 252px\" \/><br \/>\nM\u0113s zin\u0101m, ka j\u016bs v\u0113laties sa\u0146emt savu laimestu p\u0113c iesp\u0113jas \u0101tr\u0101k, un j\u016bs noteikti nev\u0113laties, lai no \u0161\u012b laimesta nauda tiktu izmaks\u0101ta k\u0101dam citam. T\u0101p\u0113c m\u0113s nekad ne\u0146emam komisijas maksu no J\u016bsu laimestiem. Ja J\u016bs vinn\u0113siet, J\u016bs sa\u0146emat naudu. Vien\u012bgais gad\u012bjums, kad m\u0113s \u0146emam komisijas maksu, ir tad, ja j\u016bs izv\u0113laties, lai nauda tiktu p\u0101rskait\u012bta ar bankas p\u0101rskait\u012bjumu uz j\u016bsu banku, kas iekas\u0113 no mums komisijas maksu, kura tiek novirz\u012bta jums.<br \/>\nJa j\u016bs vinn\u0113siet naudu, jums tikai j\u0101patur tas pr\u0101t\u0101:<\/p>\n<ul>\n<li>Summas l\u012bdz \u20ac2500 tiek autom\u0101tiski p\u0101rskait\u012btas J\u016bsu sp\u0113l\u0113t\u0101ja kont\u0101, Jums neko nedarot.<\/li>\n<li>Summas virs \u20ac2500 tiek izmaks\u0101tas ar \u010deku vai bankas p\u0101rskait\u012bjumu, un Jums ir j\u0101aizpilda veidlapa, kuru nos\u016bt\u012bs atbalsta dienests. \u0160\u0101d\u0101 veid\u0101 j\u016bs varat sa\u0146emt naudu, kas ir noskaidrota ar loterijas komisijas starpniec\u012bbu.<\/li>\n<\/ul>\n","protected":false},"excerpt":{"rendered":"<p>V\u0113laties uzzin\u0101t, k\u0101 ieg\u0101d\u0101ties Powerball Australia bi\u013cetes tie\u0161saist\u0113? M\u0113s esam to sadal\u012bju\u0161i da\u017eos vienk\u0101r\u0161os so\u013cos m\u016bsu klientiem no Latvijas un cit\u0101m valst\u012bm, lai j\u016bs var\u0113tu s\u0101kt \u0161o procesu jau tagad. Un j\u016bs to varat izdar\u012bt daudz \u0101tr\u0101k un vienk\u0101r\u0161\u0101k, nek\u0101 j\u016bs dom\u0101jat. Dodieties uz Powerball Australia lapu un izv\u0113lieties sev v\u0113lam\u0101s bi\u013cetes un to numurus [&hellip;]<\/p>\n","protected":false},"author":1,"featured_media":0,"parent":5646,"menu_order":13,"comment_status":"closed","ping_status":"closed","template":"powerball-au-info.php","meta":{"_et_pb_use_builder":"","_et_pb_old_content":"","_et_gb_content_width":"","exclude_from_search":false,"footnotes":""},"class_list":["post-80514","page","type-page","status-publish","hentry"],"yoast_head":"<!-- This site is optimized with the Yoast SEO plugin v23.4 - https:\/\/yoast.com\/wordpress\/plugins\/seo\/ -->\n<title>Nopirkt bi\u013cetes uz Powerball Australia no Latvijas, izmantojot tie\u0161saistes servisu<\/title>\n<meta name=\"description\" content=\"Ieg\u0101d\u0101jieties Powerball Austr\u0101lija bi\u013cetes tie\u0161saist\u0113 - m\u0113s to \u013caujam ar\u012b Latvijas sp\u0113l\u0113t\u0101jiem\" \/>\n<meta name=\"robots\" content=\"index, follow, max-snippet:-1, max-image-preview:large, max-video-preview:-1\" \/>\n<link rel=\"canonical\" href=\"https:\/\/onlinelotto365.com\/lv\/pirkt-biletes\/powerball-australia\/\" \/>\n<meta property=\"og:locale\" content=\"lv_LV\" \/>\n<meta property=\"og:type\" content=\"article\" \/>\n<meta property=\"og:title\" content=\"Nopirkt bi\u013cetes uz Powerball Australia no Latvijas, izmantojot tie\u0161saistes servisu\" \/>\n<meta property=\"og:description\" content=\"Ieg\u0101d\u0101jieties Powerball Austr\u0101lija bi\u013cetes tie\u0161saist\u0113 - m\u0113s to \u013caujam ar\u012b Latvijas sp\u0113l\u0113t\u0101jiem\" \/>\n<meta property=\"og:url\" content=\"https:\/\/onlinelotto365.com\/lv\/pirkt-biletes\/powerball-australia\/\" \/>\n<meta property=\"og:site_name\" content=\"OnlineLotto365\" \/>\n<meta property=\"article:modified_time\" content=\"2022-11-21T06:45:48+00:00\" \/>\n<meta property=\"og:image\" content=\"https:\/\/redfoxlotto.com\/image?size=8&amp;lottery=powerball-au\" \/>\n<meta name=\"twitter:card\" content=\"summary_large_image\" \/>\n<meta name=\"twitter:label1\" content=\"Est. reading time\" \/>\n\t<meta name=\"twitter:data1\" content=\"3 minutes\" \/>\n<script type=\"application\/ld+json\" class=\"yoast-schema-graph\">{\"@context\":\"https:\/\/schema.org\",\"@graph\":[{\"@type\":\"WebPage\",\"@id\":\"https:\/\/onlinelotto365.com\/lv\/pirkt-biletes\/powerball-australia\/\",\"url\":\"https:\/\/onlinelotto365.com\/lv\/pirkt-biletes\/powerball-australia\/\",\"name\":\"Nopirkt bi\u013cetes uz Powerball Australia no Latvijas, izmantojot tie\u0161saistes servisu\",\"isPartOf\":{\"@id\":\"https:\/\/onlinelotto365.com\/lv\/#website\"},\"primaryImageOfPage\":{\"@id\":\"https:\/\/onlinelotto365.com\/lv\/pirkt-biletes\/powerball-australia\/#primaryimage\"},\"image\":{\"@id\":\"https:\/\/onlinelotto365.com\/lv\/pirkt-biletes\/powerball-australia\/#primaryimage\"},\"thumbnailUrl\":\"https:\/\/redfoxlotto.com\/image?size=8&amp;lottery=powerball-au\",\"datePublished\":\"2022-11-21T06:31:12+00:00\",\"dateModified\":\"2022-11-21T06:45:48+00:00\",\"description\":\"Ieg\u0101d\u0101jieties Powerball Austr\u0101lija bi\u013cetes tie\u0161saist\u0113 - m\u0113s to \u013caujam ar\u012b Latvijas sp\u0113l\u0113t\u0101jiem\",\"breadcrumb\":{\"@id\":\"https:\/\/onlinelotto365.com\/lv\/pirkt-biletes\/powerball-australia\/#breadcrumb\"},\"inLanguage\":\"lv-LV\",\"potentialAction\":[{\"@type\":\"ReadAction\",\"target\":[\"https:\/\/onlinelotto365.com\/lv\/pirkt-biletes\/powerball-australia\/\"]}]},{\"@type\":\"ImageObject\",\"inLanguage\":\"lv-LV\",\"@id\":\"https:\/\/onlinelotto365.com\/lv\/pirkt-biletes\/powerball-australia\/#primaryimage\",\"url\":\"https:\/\/redfoxlotto.com\/image?size=8&amp;lottery=powerball-au\",\"contentUrl\":\"https:\/\/redfoxlotto.com\/image?size=8&amp;lottery=powerball-au\"},{\"@type\":\"BreadcrumbList\",\"@id\":\"https:\/\/onlinelotto365.com\/lv\/pirkt-biletes\/powerball-australia\/#breadcrumb\",\"itemListElement\":[{\"@type\":\"ListItem\",\"position\":1,\"name\":\"Home\",\"item\":\"https:\/\/onlinelotto365.com\/lv\/\"},{\"@type\":\"ListItem\",\"position\":2,\"name\":\"K\u0101p\u0113c pirkt loterijas bi\u013cetes internet\u0101 ir lo\u0123isk\u0101k\",\"item\":\"https:\/\/onlinelotto365.com\/lv\/pirkt-biletes\/\"},{\"@type\":\"ListItem\",\"position\":3,\"name\":\"K\u0101 ieg\u0101d\u0101ties Powerball Australia bi\u013cetes tie\u0161saist\u0113\"}]},{\"@type\":\"WebSite\",\"@id\":\"https:\/\/onlinelotto365.com\/lv\/#website\",\"url\":\"https:\/\/onlinelotto365.com\/lv\/\",\"name\":\"OnlineLotto365\",\"description\":\"\",\"potentialAction\":[{\"@type\":\"SearchAction\",\"target\":{\"@type\":\"EntryPoint\",\"urlTemplate\":\"https:\/\/onlinelotto365.com\/lv\/?s={search_term_string}\"},\"query-input\":{\"@type\":\"PropertyValueSpecification\",\"valueRequired\":true,\"valueName\":\"search_term_string\"}}],\"inLanguage\":\"lv-LV\"}]}<\/script>\n<!-- \/ Yoast SEO plugin. -->","yoast_head_json":{"title":"Nopirkt bi\u013cetes uz Powerball Australia no Latvijas, izmantojot tie\u0161saistes servisu","description":"Ieg\u0101d\u0101jieties Powerball Austr\u0101lija bi\u013cetes tie\u0161saist\u0113 - m\u0113s to \u013caujam ar\u012b Latvijas sp\u0113l\u0113t\u0101jiem","robots":{"index":"index","follow":"follow","max-snippet":"max-snippet:-1","max-image-preview":"max-image-preview:large","max-video-preview":"max-video-preview:-1"},"canonical":"https:\/\/onlinelotto365.com\/lv\/pirkt-biletes\/powerball-australia\/","og_locale":"lv_LV","og_type":"article","og_title":"Nopirkt bi\u013cetes uz Powerball Australia no Latvijas, izmantojot tie\u0161saistes servisu","og_description":"Ieg\u0101d\u0101jieties Powerball Austr\u0101lija bi\u013cetes tie\u0161saist\u0113 - m\u0113s to \u013caujam ar\u012b Latvijas sp\u0113l\u0113t\u0101jiem","og_url":"https:\/\/onlinelotto365.com\/lv\/pirkt-biletes\/powerball-australia\/","og_site_name":"OnlineLotto365","article_modified_time":"2022-11-21T06:45:48+00:00","og_image":[{"url":"https:\/\/redfoxlotto.com\/image?size=8&amp;lottery=powerball-au"}],"twitter_card":"summary_large_image","twitter_misc":{"Est. reading time":"3 minutes"},"schema":{"@context":"https:\/\/schema.org","@graph":[{"@type":"WebPage","@id":"https:\/\/onlinelotto365.com\/lv\/pirkt-biletes\/powerball-australia\/","url":"https:\/\/onlinelotto365.com\/lv\/pirkt-biletes\/powerball-australia\/","name":"Nopirkt bi\u013cetes uz Powerball Australia no Latvijas, izmantojot tie\u0161saistes servisu","isPartOf":{"@id":"https:\/\/onlinelotto365.com\/lv\/#website"},"primaryImageOfPage":{"@id":"https:\/\/onlinelotto365.com\/lv\/pirkt-biletes\/powerball-australia\/#primaryimage"},"image":{"@id":"https:\/\/onlinelotto365.com\/lv\/pirkt-biletes\/powerball-australia\/#primaryimage"},"thumbnailUrl":"https:\/\/redfoxlotto.com\/image?size=8&amp;lottery=powerball-au","datePublished":"2022-11-21T06:31:12+00:00","dateModified":"2022-11-21T06:45:48+00:00","description":"Ieg\u0101d\u0101jieties Powerball Austr\u0101lija bi\u013cetes tie\u0161saist\u0113 - m\u0113s to \u013caujam ar\u012b Latvijas sp\u0113l\u0113t\u0101jiem","breadcrumb":{"@id":"https:\/\/onlinelotto365.com\/lv\/pirkt-biletes\/powerball-australia\/#breadcrumb"},"inLanguage":"lv-LV","potentialAction":[{"@type":"ReadAction","target":["https:\/\/onlinelotto365.com\/lv\/pirkt-biletes\/powerball-australia\/"]}]},{"@type":"ImageObject","inLanguage":"lv-LV","@id":"https:\/\/onlinelotto365.com\/lv\/pirkt-biletes\/powerball-australia\/#primaryimage","url":"https:\/\/redfoxlotto.com\/image?size=8&amp;lottery=powerball-au","contentUrl":"https:\/\/redfoxlotto.com\/image?size=8&amp;lottery=powerball-au"},{"@type":"BreadcrumbList","@id":"https:\/\/onlinelotto365.com\/lv\/pirkt-biletes\/powerball-australia\/#breadcrumb","itemListElement":[{"@type":"ListItem","position":1,"name":"Home","item":"https:\/\/onlinelotto365.com\/lv\/"},{"@type":"ListItem","position":2,"name":"K\u0101p\u0113c pirkt loterijas bi\u013cetes internet\u0101 ir lo\u0123isk\u0101k","item":"https:\/\/onlinelotto365.com\/lv\/pirkt-biletes\/"},{"@type":"ListItem","position":3,"name":"K\u0101 ieg\u0101d\u0101ties Powerball Australia bi\u013cetes tie\u0161saist\u0113"}]},{"@type":"WebSite","@id":"https:\/\/onlinelotto365.com\/lv\/#website","url":"https:\/\/onlinelotto365.com\/lv\/","name":"OnlineLotto365","description":"","potentialAction":[{"@type":"SearchAction","target":{"@type":"EntryPoint","urlTemplate":"https:\/\/onlinelotto365.com\/lv\/?s={search_term_string}"},"query-input":{"@type":"PropertyValueSpecification","valueRequired":true,"valueName":"search_term_string"}}],"inLanguage":"lv-LV"}]}},"_links":{"self":[{"href":"https:\/\/onlinelotto365.com\/lv\/wp-json\/wp\/v2\/pages\/80514","targetHints":{"allow":["GET"]}}],"collection":[{"href":"https:\/\/onlinelotto365.com\/lv\/wp-json\/wp\/v2\/pages"}],"about":[{"href":"https:\/\/onlinelotto365.com\/lv\/wp-json\/wp\/v2\/types\/page"}],"author":[{"embeddable":true,"href":"https:\/\/onlinelotto365.com\/lv\/wp-json\/wp\/v2\/users\/1"}],"replies":[{"embeddable":true,"href":"https:\/\/onlinelotto365.com\/lv\/wp-json\/wp\/v2\/comments?post=80514"}],"version-history":[{"count":0,"href":"https:\/\/onlinelotto365.com\/lv\/wp-json\/wp\/v2\/pages\/80514\/revisions"}],"up":[{"embeddable":true,"href":"https:\/\/onlinelotto365.com\/lv\/wp-json\/wp\/v2\/pages\/5646"}],"wp:attachment":[{"href":"https:\/\/onlinelotto365.com\/lv\/wp-json\/wp\/v2\/media?parent=80514"}],"curies":[{"name":"wp","href":"https:\/\/api.w.org\/{rel}","templated":true}]}}