{"id":80543,"date":"2022-11-21T11:26:50","date_gmt":"2022-11-21T10:26:50","guid":{"rendered":"https:\/\/onlinelotto365.com\/?page_id=80543"},"modified":"2022-11-21T11:26:50","modified_gmt":"2022-11-21T10:26:50","slug":"oz-lotto","status":"publish","type":"page","link":"https:\/\/onlinelotto365.com\/lv\/pirkt-biletes\/oz-lotto\/","title":{"rendered":"K\u0101 nopirkt Oz Lotto bi\u013cetes tie\u0161saist\u0113"},"content":{"rendered":"<p>Jums paveic\u0101s, jo m\u0113s esam aprakst\u012bju\u0161i, kas jums j\u0101dara, lai sa\u0146emtu Oz Lotto bi\u013cetes tie\u0161i \u0161eit un no Latvijas.<br \/>\nar\u012b no Latvijas. J\u016bs varat viegli ieg\u0101d\u0101ties bi\u013cetes tie\u0161saist\u0113, ja tikai sekosiet \u0161iem vienk\u0101r\u0161ajiem so\u013ciem, kurus esam jums izkl\u0101st\u012bju\u0161i.<br \/>\n<a href=\"https:\/\/redfoxlotto.com\/play\/oz-lotto\/?ref=a8564250a2&amp;medium=ol365\" target=\"_blank\" rel=\"noopener noreferrer\"><img decoding=\"async\" class=\"aligncenter\" src=\"https:\/\/redfoxlotto.com\/image?size=8&amp;lottery=oz-lotto\" alt=\"Oz Lotto\" \/><\/a><\/p>\n<ul>\n<li>Dodieties uz loterijas lapu, kur\u0101 v\u0113laties sp\u0113l\u0113t, un izv\u0113lieties v\u0113lamos skait\u013cus. Vai ar\u012b \u013caujiet datoram izv\u0113l\u0113ties skait\u013cus j\u016bsu viet\u0101.<\/li>\n<li>Pievienojiet bi\u013cetes v\u0113l vair\u0101k\u0101m loterij\u0101m un ar\u012b \u0161ai sp\u0113lei.<\/li>\n<li>Samaks\u0101jiet par bi\u013cet\u0113m tie\u0161i tagad<\/li>\n<li>Re\u0123istr\u0113jiet jaunu kontu vai pierakstieties sav\u0101 pa\u0161reiz\u0113j\u0101 kont\u0101, lai veiktu maks\u0101jumu procesu.<\/li>\n<li>Lai s\u0101ktu darbu, p\u0101rliecinieties, ka kontos, kuros ir j\u0101re\u0123istr\u0113jas, p\u0101rbaudiet savu e-pastu, lai sa\u0146emtu verifik\u0101cijas saiti.<\/li>\n<li>Ja e-pasta v\u0113stuli nesa\u0146\u0113m\u0101t sav\u0101 parastaj\u0101 pastkast\u012bt\u0113, mekl\u0113jiet surog\u0101tpasta map\u0113 un noklik\u0161\u0137iniet uz verifik\u0101cijas saites.<\/li>\n<li>Dodieties uz savu iepirkumu grozu, lai ieg\u0101d\u0101tos bi\u013cetes<\/li>\n<li>Pabeidziet maks\u0101juma procesu, lai sa\u0146emtu bi\u013cetes<\/li>\n<\/ul>\n<h2>K\u0101 tie\u0161saist\u0113 samaks\u0101t par Oz Lotto bi\u013ceti<\/h2>\n<p>Lai samaks\u0101tu par Oz Lotto bi\u013cet\u0113m, varat izv\u0113l\u0113ties vienu no vair\u0101k\u0101m piln\u012bgi dro\u0161\u0101m iesp\u0113j\u0101m.<br \/>\nKatra no t\u0101m ietilpst div\u0101s da\u017e\u0101d\u0101s kategorij\u0101s:<\/p>\n<p>Apmaks\u0101jiet pas\u016bt\u012bjumu ar jebkuru izv\u0113l\u0113to maks\u0101jumu metodi<br \/>\niemaks\u0101jiet naudu sav\u0101 sp\u0113l\u0113t\u0101ja kont\u0101 un izmantojiet \u0161o naudu pirkuma veik\u0161anai.<\/p>\n<p>P\u0101rliecinieties, ka iemaks\u0101jat vair\u0101k naudas, nek\u0101 nepiecie\u0161ams pirkuma veik\u0161anai, ja gatavojaties izmantot savu sp\u0113l\u0113t\u0101ja kontu.<\/p>\n<h2>Vair\u0101k inform\u0101cijas par Oz Lotto<\/h2>\n<ul>\n<li>Valsts: Australia<\/li>\n<li>Galveno skait\u013cu diapazons: 45<\/li>\n<li>J\u016bs izv\u0113laties: 7<\/li>\n<li>Izlozes dienas, stundas: Otrdiena, 21:30 GMT+11, 10:30 CET.<\/li>\n<li>Minim\u0101lais d\u017eekpots: AU$ 2 miljoni<\/li>\n<li>Maksim\u0101lais d\u017eekpots: nav<\/li>\n<li>D\u017eekpota laim\u0113\u0161anas varb\u016bt\u012bba: 1 pret 45379620<\/li>\n<li>2. l\u012bme\u0146a laimesta varb\u016bt\u012bba: 1 pret 3241401<\/li>\n<li>Iesp\u0113ja laim\u0113t jebkur\u0101 l\u012bmen\u012b: 1 pret 54,59<\/li>\n<li>Balvu l\u012bme\u0146u skaits: 7<\/li>\n<\/ul>\n<h2>Priek\u0161roc\u012bbas p\u0113rkot Oz Lotto bi\u013cetes tie\u0161saist\u0113<\/h2>\n<ul>\n<li>Jums nav j\u0101iziet no m\u0101j\u0101m, lai izv\u0113l\u0113tos bi\u013cetes.<\/li>\n<li>J\u016bs varat izv\u0113l\u0113ties no daudz\u0101m da\u017e\u0101d\u0101m iesp\u0113j\u0101m<\/li>\n<li>Apl\u016bkojiet d\u017eekpotu summas, lai izlemtu, kuru loteriju v\u0113laties ieg\u0101d\u0101ties.<\/li>\n<li>Pievienojiet naudu tie\u0161i savam sp\u0113l\u0113t\u0101ja kontam un izmantojiet to bi\u013ce\u0161u ieg\u0101dei.<\/li>\n<li>Nekad neuztraucieties par bi\u013ce\u0161u pazaud\u0113\u0161anu<\/li>\n<li>Sa\u0146emiet pazi\u0146ojumus, ja kaut ko vinn\u0113siet<\/li>\n<li>Izmantojiet \u0101tr\u0101s izv\u0113les iesp\u0113ju, lai ieg\u016btu bi\u013cetes, neizv\u0113loties numurus.<\/li>\n<\/ul>\n<h2>Vai ir likum\u012bgi ieg\u0101d\u0101ties Oz Lotto bi\u013cetes tie\u0161saist\u0113?<\/h2>\n<p>Iesp\u0113jams, neesat p\u0101rliecin\u0101ts, vai j\u016bsu dz\u012bvesvietas valst\u012b ir at\u013cauts ieg\u0101d\u0101ties loterijas bi\u013cetes tie\u0161saist\u0113 vai pat tradicion\u0101l\u0101 veid\u0101. Jums nav j\u0101uztraucas, vai Latvij\u0101<br \/>\nvai kur citur, jo m\u0113s par\u016bp\u0113simies par noteikumiem, kas attiecas uz valsti, kur\u0101 tiek sp\u0113l\u0113ta \u0161\u012b sp\u0113le. Jums nav j\u0101uztraucas par to, vai ir likum\u012bgi izmantot m\u016bsu sniegto pakalpojumu, ja vien esat sasniedzis vismaz 18 gadu vecumu. M\u0113s par\u016bp\u0113simies par to, lai j\u016bs sa\u0146emtu samaksu neatkar\u012bgi no situ\u0101cijas.<\/p>\n<h2>K\u0101 es varu sa\u0146emt samaksu, ja vinn\u0113ju Oz Lotto tie\u0161saist\u0113?<\/h2>\n<p><img loading=\"lazy\" decoding=\"async\" class=\"alignright wp-image-3659\" src=\"https:\/\/onlinelotto365.com\/wp-content\/uploads\/2020\/11\/online_lottery-4-300x300.jpg\" alt=\"Oz lotto no Apvienot\u0101s Karalistes\" width=\"246\" height=\"246\" srcset=\"https:\/\/onlinelotto365.com\/wp-content\/uploads\/2020\/11\/online_lottery-4-300x300.jpg 300w, https:\/\/onlinelotto365.com\/wp-content\/uploads\/2020\/11\/online_lottery-4-100x100.jpg 100w, https:\/\/onlinelotto365.com\/wp-content\/uploads\/2020\/11\/online_lottery-4-150x150.jpg 150w, https:\/\/onlinelotto365.com\/wp-content\/uploads\/2020\/11\/online_lottery-4.jpg 320w\" sizes=\"auto, (max-width: 246px) 100vw, 246px\" \/><br \/>\nMaks\u0101jumi ir svar\u012bga procesa da\u013ca, kad runa ir par j\u016bsu loterijas sp\u0113l\u0113\u0161anu. M\u0113s v\u0113lamies b\u016bt p\u0101rliecin\u0101ti, ka j\u016bs sa\u0146emat visu savu naudu, t\u0101p\u0113c m\u0113s g\u0101d\u0101jam, lai no jums netiktu iekas\u0113ta komisijas maksa, ja j\u016bs kaut ko vinn\u0113siet.<\/p>\n<p>No jums netiks iekas\u0113ta ar\u012b nek\u0101da maksa, ja vien j\u016bs neizv\u0113l\u0113sieties veikt bankas p\u0101rskait\u012bjumu, lai sa\u0146emtu naudu sav\u0101 kont\u0101. T\u0101d\u0101 gad\u012bjum\u0101 no jums, iesp\u0113jams, tiks iekas\u0113ta maksa t\u0101d\u0101 apm\u0113r\u0101, k\u0101du banka iekas\u0113 par p\u0101rskait\u012bjumu.<\/p>\n<p><strong>Pret\u0113j\u0101 gad\u012bjum\u0101 paturiet to pr\u0101t\u0101:<\/strong><\/p>\n<ul>\n<li>Ja J\u016bs vinn\u0113siet maz\u0101k nek\u0101 \u20ac2500, nauda J\u016bsu kont\u0101 tiks ieskait\u012bta autom\u0101tiski. Jums par neko neb\u016bs j\u0101uztraucas.<\/li>\n<li>Ja laim\u0113siet vair\u0101k nek\u0101 \u20ac2500, nauda b\u016bs j\u0101nog\u0101d\u0101 pa attiec\u012bgajiem kan\u0101liem. Tas noz\u012bm\u0113, ka j\u016bs sa\u0146emsiet no mums e-pastu par to, k\u0101 aizpild\u012bt pieteikuma veidlapu loterijas komisijai. P\u0113c tam nauda tiks p\u0101rskait\u012bta uz j\u016bsu bankas kontu vai nos\u016bt\u012bta ar \u010deku tie\u0161i jums.<\/li>\n<\/ul>\n","protected":false},"excerpt":{"rendered":"<p>Jums paveic\u0101s, jo m\u0113s esam aprakst\u012bju\u0161i, kas jums j\u0101dara, lai sa\u0146emtu Oz Lotto bi\u013cetes tie\u0161i \u0161eit un no Latvijas. ar\u012b no Latvijas. J\u016bs varat viegli ieg\u0101d\u0101ties bi\u013cetes tie\u0161saist\u0113, ja tikai sekosiet \u0161iem vienk\u0101r\u0161ajiem so\u013ciem, kurus esam jums izkl\u0101st\u012bju\u0161i. Dodieties uz loterijas lapu, kur\u0101 v\u0113laties sp\u0113l\u0113t, un izv\u0113lieties v\u0113lamos skait\u013cus. Vai ar\u012b \u013caujiet datoram izv\u0113l\u0113ties skait\u013cus [&hellip;]<\/p>\n","protected":false},"author":1,"featured_media":0,"parent":5646,"menu_order":14,"comment_status":"closed","ping_status":"closed","template":"template-rightsidebar.php","meta":{"_et_pb_use_builder":"","_et_pb_old_content":"","_et_gb_content_width":"","exclude_from_search":false,"footnotes":""},"class_list":["post-80543","page","type-page","status-publish","hentry"],"yoast_head":"<!-- This site is optimized with the Yoast SEO plugin v23.4 - https:\/\/yoast.com\/wordpress\/plugins\/seo\/ -->\n<title>Ieg\u0101d\u0101joties bi\u013cetes uz Oz Lotto tie\u0161saist\u0113 no Latvijas<\/title>\n<meta name=\"description\" content=\"Ieg\u0101d\u0101jieties bi\u013cetes uz Austr\u0101lijas Oz Lotto no Latvijas\" \/>\n<meta name=\"robots\" content=\"index, follow, max-snippet:-1, max-image-preview:large, max-video-preview:-1\" \/>\n<link rel=\"canonical\" href=\"https:\/\/onlinelotto365.com\/lv\/pirkt-biletes\/oz-lotto\/\" \/>\n<meta property=\"og:locale\" content=\"lv_LV\" \/>\n<meta property=\"og:type\" content=\"article\" \/>\n<meta property=\"og:title\" content=\"Ieg\u0101d\u0101joties bi\u013cetes uz Oz Lotto tie\u0161saist\u0113 no Latvijas\" \/>\n<meta property=\"og:description\" content=\"Ieg\u0101d\u0101jieties bi\u013cetes uz Austr\u0101lijas Oz Lotto no Latvijas\" \/>\n<meta property=\"og:url\" content=\"https:\/\/onlinelotto365.com\/lv\/pirkt-biletes\/oz-lotto\/\" \/>\n<meta property=\"og:site_name\" content=\"OnlineLotto365\" \/>\n<meta property=\"og:image\" content=\"https:\/\/redfoxlotto.com\/image?size=8&amp;lottery=oz-lotto\" \/>\n<meta name=\"twitter:card\" content=\"summary_large_image\" \/>\n<meta name=\"twitter:label1\" content=\"Est. reading time\" \/>\n\t<meta name=\"twitter:data1\" content=\"3 minutes\" \/>\n<script type=\"application\/ld+json\" class=\"yoast-schema-graph\">{\"@context\":\"https:\/\/schema.org\",\"@graph\":[{\"@type\":\"WebPage\",\"@id\":\"https:\/\/onlinelotto365.com\/lv\/pirkt-biletes\/oz-lotto\/\",\"url\":\"https:\/\/onlinelotto365.com\/lv\/pirkt-biletes\/oz-lotto\/\",\"name\":\"Ieg\u0101d\u0101joties bi\u013cetes uz Oz Lotto tie\u0161saist\u0113 no Latvijas\",\"isPartOf\":{\"@id\":\"https:\/\/onlinelotto365.com\/lv\/#website\"},\"primaryImageOfPage\":{\"@id\":\"https:\/\/onlinelotto365.com\/lv\/pirkt-biletes\/oz-lotto\/#primaryimage\"},\"image\":{\"@id\":\"https:\/\/onlinelotto365.com\/lv\/pirkt-biletes\/oz-lotto\/#primaryimage\"},\"thumbnailUrl\":\"https:\/\/redfoxlotto.com\/image?size=8&amp;lottery=oz-lotto\",\"datePublished\":\"2022-11-21T10:26:50+00:00\",\"dateModified\":\"2022-11-21T10:26:50+00:00\",\"description\":\"Ieg\u0101d\u0101jieties bi\u013cetes uz Austr\u0101lijas Oz Lotto no Latvijas\",\"breadcrumb\":{\"@id\":\"https:\/\/onlinelotto365.com\/lv\/pirkt-biletes\/oz-lotto\/#breadcrumb\"},\"inLanguage\":\"lv-LV\",\"potentialAction\":[{\"@type\":\"ReadAction\",\"target\":[\"https:\/\/onlinelotto365.com\/lv\/pirkt-biletes\/oz-lotto\/\"]}]},{\"@type\":\"ImageObject\",\"inLanguage\":\"lv-LV\",\"@id\":\"https:\/\/onlinelotto365.com\/lv\/pirkt-biletes\/oz-lotto\/#primaryimage\",\"url\":\"https:\/\/redfoxlotto.com\/image?size=8&amp;lottery=oz-lotto\",\"contentUrl\":\"https:\/\/redfoxlotto.com\/image?size=8&amp;lottery=oz-lotto\"},{\"@type\":\"BreadcrumbList\",\"@id\":\"https:\/\/onlinelotto365.com\/lv\/pirkt-biletes\/oz-lotto\/#breadcrumb\",\"itemListElement\":[{\"@type\":\"ListItem\",\"position\":1,\"name\":\"Home\",\"item\":\"https:\/\/onlinelotto365.com\/lv\/\"},{\"@type\":\"ListItem\",\"position\":2,\"name\":\"K\u0101p\u0113c pirkt loterijas bi\u013cetes internet\u0101 ir lo\u0123isk\u0101k\",\"item\":\"https:\/\/onlinelotto365.com\/lv\/pirkt-biletes\/\"},{\"@type\":\"ListItem\",\"position\":3,\"name\":\"K\u0101 nopirkt Oz Lotto bi\u013cetes tie\u0161saist\u0113\"}]},{\"@type\":\"WebSite\",\"@id\":\"https:\/\/onlinelotto365.com\/lv\/#website\",\"url\":\"https:\/\/onlinelotto365.com\/lv\/\",\"name\":\"OnlineLotto365\",\"description\":\"\",\"potentialAction\":[{\"@type\":\"SearchAction\",\"target\":{\"@type\":\"EntryPoint\",\"urlTemplate\":\"https:\/\/onlinelotto365.com\/lv\/?s={search_term_string}\"},\"query-input\":{\"@type\":\"PropertyValueSpecification\",\"valueRequired\":true,\"valueName\":\"search_term_string\"}}],\"inLanguage\":\"lv-LV\"}]}<\/script>\n<!-- \/ Yoast SEO plugin. -->","yoast_head_json":{"title":"Ieg\u0101d\u0101joties bi\u013cetes uz Oz Lotto tie\u0161saist\u0113 no Latvijas","description":"Ieg\u0101d\u0101jieties bi\u013cetes uz Austr\u0101lijas Oz Lotto no Latvijas","robots":{"index":"index","follow":"follow","max-snippet":"max-snippet:-1","max-image-preview":"max-image-preview:large","max-video-preview":"max-video-preview:-1"},"canonical":"https:\/\/onlinelotto365.com\/lv\/pirkt-biletes\/oz-lotto\/","og_locale":"lv_LV","og_type":"article","og_title":"Ieg\u0101d\u0101joties bi\u013cetes uz Oz Lotto tie\u0161saist\u0113 no Latvijas","og_description":"Ieg\u0101d\u0101jieties bi\u013cetes uz Austr\u0101lijas Oz Lotto no Latvijas","og_url":"https:\/\/onlinelotto365.com\/lv\/pirkt-biletes\/oz-lotto\/","og_site_name":"OnlineLotto365","og_image":[{"url":"https:\/\/redfoxlotto.com\/image?size=8&amp;lottery=oz-lotto"}],"twitter_card":"summary_large_image","twitter_misc":{"Est. reading time":"3 minutes"},"schema":{"@context":"https:\/\/schema.org","@graph":[{"@type":"WebPage","@id":"https:\/\/onlinelotto365.com\/lv\/pirkt-biletes\/oz-lotto\/","url":"https:\/\/onlinelotto365.com\/lv\/pirkt-biletes\/oz-lotto\/","name":"Ieg\u0101d\u0101joties bi\u013cetes uz Oz Lotto tie\u0161saist\u0113 no Latvijas","isPartOf":{"@id":"https:\/\/onlinelotto365.com\/lv\/#website"},"primaryImageOfPage":{"@id":"https:\/\/onlinelotto365.com\/lv\/pirkt-biletes\/oz-lotto\/#primaryimage"},"image":{"@id":"https:\/\/onlinelotto365.com\/lv\/pirkt-biletes\/oz-lotto\/#primaryimage"},"thumbnailUrl":"https:\/\/redfoxlotto.com\/image?size=8&amp;lottery=oz-lotto","datePublished":"2022-11-21T10:26:50+00:00","dateModified":"2022-11-21T10:26:50+00:00","description":"Ieg\u0101d\u0101jieties bi\u013cetes uz Austr\u0101lijas Oz Lotto no Latvijas","breadcrumb":{"@id":"https:\/\/onlinelotto365.com\/lv\/pirkt-biletes\/oz-lotto\/#breadcrumb"},"inLanguage":"lv-LV","potentialAction":[{"@type":"ReadAction","target":["https:\/\/onlinelotto365.com\/lv\/pirkt-biletes\/oz-lotto\/"]}]},{"@type":"ImageObject","inLanguage":"lv-LV","@id":"https:\/\/onlinelotto365.com\/lv\/pirkt-biletes\/oz-lotto\/#primaryimage","url":"https:\/\/redfoxlotto.com\/image?size=8&amp;lottery=oz-lotto","contentUrl":"https:\/\/redfoxlotto.com\/image?size=8&amp;lottery=oz-lotto"},{"@type":"BreadcrumbList","@id":"https:\/\/onlinelotto365.com\/lv\/pirkt-biletes\/oz-lotto\/#breadcrumb","itemListElement":[{"@type":"ListItem","position":1,"name":"Home","item":"https:\/\/onlinelotto365.com\/lv\/"},{"@type":"ListItem","position":2,"name":"K\u0101p\u0113c pirkt loterijas bi\u013cetes internet\u0101 ir lo\u0123isk\u0101k","item":"https:\/\/onlinelotto365.com\/lv\/pirkt-biletes\/"},{"@type":"ListItem","position":3,"name":"K\u0101 nopirkt Oz Lotto bi\u013cetes tie\u0161saist\u0113"}]},{"@type":"WebSite","@id":"https:\/\/onlinelotto365.com\/lv\/#website","url":"https:\/\/onlinelotto365.com\/lv\/","name":"OnlineLotto365","description":"","potentialAction":[{"@type":"SearchAction","target":{"@type":"EntryPoint","urlTemplate":"https:\/\/onlinelotto365.com\/lv\/?s={search_term_string}"},"query-input":{"@type":"PropertyValueSpecification","valueRequired":true,"valueName":"search_term_string"}}],"inLanguage":"lv-LV"}]}},"_links":{"self":[{"href":"https:\/\/onlinelotto365.com\/lv\/wp-json\/wp\/v2\/pages\/80543","targetHints":{"allow":["GET"]}}],"collection":[{"href":"https:\/\/onlinelotto365.com\/lv\/wp-json\/wp\/v2\/pages"}],"about":[{"href":"https:\/\/onlinelotto365.com\/lv\/wp-json\/wp\/v2\/types\/page"}],"author":[{"embeddable":true,"href":"https:\/\/onlinelotto365.com\/lv\/wp-json\/wp\/v2\/users\/1"}],"replies":[{"embeddable":true,"href":"https:\/\/onlinelotto365.com\/lv\/wp-json\/wp\/v2\/comments?post=80543"}],"version-history":[{"count":0,"href":"https:\/\/onlinelotto365.com\/lv\/wp-json\/wp\/v2\/pages\/80543\/revisions"}],"up":[{"embeddable":true,"href":"https:\/\/onlinelotto365.com\/lv\/wp-json\/wp\/v2\/pages\/5646"}],"wp:attachment":[{"href":"https:\/\/onlinelotto365.com\/lv\/wp-json\/wp\/v2\/media?parent=80543"}],"curies":[{"name":"wp","href":"https:\/\/api.w.org\/{rel}","templated":true}]}}