{"id":80579,"date":"2022-11-21T13:52:02","date_gmt":"2022-11-21T12:52:02","guid":{"rendered":"https:\/\/onlinelotto365.com\/?page_id=80579"},"modified":"2022-11-21T13:52:02","modified_gmt":"2022-11-21T12:52:02","slug":"saturday-lotto-australia","status":"publish","type":"page","link":"https:\/\/onlinelotto365.com\/lv\/pirkt-biletes\/saturday-lotto-australia\/","title":{"rendered":"K\u0101 nopirkt sestdiena Lotto Austr\u0101lija bi\u013cetes tie\u0161saist\u0113"},"content":{"rendered":"<p>Ja neesat \u012bsti p\u0101rliecin\u0101ts, k\u0101 ieg\u0101d\u0101ties Saturday Lotto Australia bi\u013cetes tie\u0161saist\u0113, jums noder\u0113s \u0161\u012b soli pa solim izstr\u0101d\u0101t\u0101 rokasgr\u0101mata, kas pal\u012bdz\u0113s jums to izdar\u012bt \u0101tri. Jums par neko neb\u016bs j\u0101uztraucas, jo m\u0113s jums pal\u012bdz\u0113sim.<br \/>\n<a href=\"https:\/\/redfoxlotto.com\/play\/saturday-lotto-au\/?ref=a8564250a2&amp;medium=ol365\" target=\"_blank\" rel=\"noopener noreferrer\"><img decoding=\"async\" class=\"aligncenter\" src=\"https:\/\/redfoxlotto.com\/image?size=8&amp;lottery=saturday-lotto-au\" alt=\"Saturday Lotto Austr\u0101lija\" \/><\/a><\/p>\n<ul>\n<li>Dodieties uz Saturday Lotto Australia lapu un izv\u0113lieties skait\u013cus, kurus v\u0113laties sp\u0113l\u0113t uz katras bi\u013cetes.<\/li>\n<li>Pievienojiet vair\u0101k bi\u013ce\u0161u tai pa\u0161ai sp\u0113lei vai da\u017e\u0101d\u0101m sp\u0113l\u0113m.<\/li>\n<li>P\u0101rejiet uz opciju &#8220;Maks\u0101t tagad&#8221;.<\/li>\n<li>Piesakieties sav\u0101 pa\u0161reiz\u0113j\u0101 kont\u0101 vai izv\u0113lieties iesp\u0113ju re\u0123istr\u0113t jaunu kontu un sekojiet nor\u0101d\u012bjumiem.<\/li>\n<li>Jaunu kontu gad\u012bjum\u0101 p\u0101rbaudiet savu e-pasta ies\u016btni, lai sa\u0146emtu apstiprin\u0101juma e-pastu ar verifik\u0101cijas saiti.<\/li>\n<li>Ja apstiprin\u0101juma e-pasta v\u0113stuli neredzat, p\u0101rbaudiet savu surog\u0101tpasta mapi un noklik\u0161\u0137iniet uz saites.<\/li>\n<li>Dodieties uz savu iepirkumu grozu<\/li>\n<li>Izv\u0113lieties maks\u0101juma iesp\u0113ju, ko v\u0113laties izmantot, un veiciet maks\u0101juma procesu.<\/li>\n<\/ul>\n<h2>K\u0101 samaks\u0101t par Saturday Lotto Australia bi\u013ceti tie\u0161saist\u0113<\/h2>\n<p>Kad esat gatavs ieg\u0101d\u0101ties n\u0101kam\u0101s loterijas bi\u013cetes pie mums no Latvijas, varat izmantot vienu no daudz\u0101m da\u017e\u0101d\u0101m dro\u0161\u0101m maks\u0101jumu iesp\u0113j\u0101m.<br \/>\nIzv\u0113lieties k\u0101du no \u0161\u012bm da\u017e\u0101daj\u0101m iesp\u0113j\u0101m:<\/p>\n<p>Apmaks\u0101jiet pas\u016bt\u012bjumu tie\u0161i, izmantojot v\u0113lamo maks\u0101jumu metodi.<br \/>\nIelieciet naudu sav\u0101 kont\u0101 un izmantojiet to, lai ieg\u0101d\u0101tos bi\u013cetes<\/p>\n<p>P\u0101rliecinieties, ka pirkuma apm\u0113rs ir vair\u0101k nek\u0101 pietiekams, ja esat nol\u0113mis iemaks\u0101t naudu sav\u0101 kont\u0101.<\/p>\n<h2>Vair\u0101k inform\u0101cijas par Saturday Lotto Australia<\/h2>\n<ul>\n<li>Valsts: Austr\u0101lija<\/li>\n<li>Galveno skait\u013cu diapazons: 45<\/li>\n<li>J\u016bs izv\u0113laties: 6<\/li>\n<li>Izlozes dienas, stundas: Sestdiena, 21:30 GMT+11, 10:30 CET.<\/li>\n<li>Minim\u0101lais d\u017eekpots: AU$ 5 miljoni<\/li>\n<li>Maksim\u0101lais d\u017eekpots: AU$ 150 miljoni<\/li>\n<li>D\u017eekpota laim\u0113\u0161anas varb\u016bt\u012bba: 1 pret 8145060<\/li>\n<li>2. l\u012bme\u0146a laimesta varb\u016bt\u012bba: 1 pret 678755.<\/li>\n<li>Iesp\u0113ja laim\u0113t jebkur\u0101 l\u012bmen\u012b: 1 pret 85,44<\/li>\n<li>Balvu l\u012bme\u0146u skaits: 6<\/li>\n<\/ul>\n<h2>Priek\u0161roc\u012bbas p\u0113rkot Saturday Lotto Australia bi\u013cetes tie\u0161saist\u0113<\/h2>\n<ul>\n<li>Ieg\u0101d\u0101jieties v\u0113lam\u0101s bi\u013cetes un nekad neejiet pa durv\u012bm.<\/li>\n<li>Izv\u0113lieties no daudz\u0101m da\u017e\u0101d\u0101m loterijas sp\u0113l\u0113m.<\/li>\n<li>Ieg\u016bstiet liel\u0101kas izredzes laim\u0113t, izv\u0113loties liel\u0101kos d\u017eekpotus.<\/li>\n<li>Ielieciet naudu kont\u0101 un p\u0113c tam samaks\u0101jiet par bi\u013cet\u0113m.<\/li>\n<li>Viegli sekojiet l\u012bdzi sav\u0101m bi\u013cet\u0113m<\/li>\n<li>Katru reizi sa\u0146emiet pazi\u0146ojumus par laimestiem<\/li>\n<li>Izmantojiet \u0101tro izv\u0113li, lai ieg\u016btu bi\u013cetes, neizv\u0113loties numurus.<\/li>\n<\/ul>\n<h2>Vai ir likum\u012bgi ieg\u0101d\u0101ties Saturday Lotto Australia bi\u013cetes tie\u0161saist\u0113?<\/h2>\n<p>Iesp\u0113jams, j\u016bs uztrauc, vai, kam\u0113r esat Latvijas iedz\u012bvot\u0101js, loterijas bi\u013cetes var ieg\u0101d\u0101ties \u0161\u0101d\u0101 veid\u0101, vai tas tie\u0161\u0101m ir likum\u012bgi j\u016bsu dz\u012bvesvietas valst\u012b. Nu, jums nav j\u0101uztraucas, jo m\u0113s par\u016bp\u0113simies par to, lai viss b\u016btu likum\u012bgi atbilsto\u0161i valstij, kur\u0101 tiek ieg\u0101d\u0101tas bi\u013cetes, tostarp valstij, kur\u0101 atrodas loterija. Jums nav j\u0101uztraucas ne par ko citu, k\u0101 tikai par to, lai p\u0101rliecin\u0101tos, ka esat pietiekami vecs, lai likum\u012bgi ieg\u0101d\u0101tos bi\u013cetes. Lai izmantotu m\u016bsu vietni, jums ir j\u0101b\u016bt 18 gadu vecumam.<\/p>\n<h2>K\u0101 es varu sa\u0146emt samaksu, ja es vinn\u0113ju Saturday Lotto Australia tie\u0161saist\u0113?<\/h2>\n<p><img loading=\"lazy\" decoding=\"async\" class=\"alignright wp-image-3694\" src=\"https:\/\/onlinelotto365.com\/wp-content\/uploads\/2020\/11\/online_lottery-11-300x300.jpeg\" alt=\"ieg\u0101d\u0101ties bi\u013cetes sestdienas lotto tie\u0161saist\u0113\" width=\"187\" height=\"187\" srcset=\"https:\/\/onlinelotto365.com\/wp-content\/uploads\/2020\/11\/online_lottery-11-300x300.jpeg 300w, https:\/\/onlinelotto365.com\/wp-content\/uploads\/2020\/11\/online_lottery-11-100x100.jpeg 100w, https:\/\/onlinelotto365.com\/wp-content\/uploads\/2020\/11\/online_lottery-11-150x150.jpeg 150w, https:\/\/onlinelotto365.com\/wp-content\/uploads\/2020\/11\/online_lottery-11.jpeg 480w\" sizes=\"auto, (max-width: 187px) 100vw, 187px\" \/><br \/>\nM\u0113s zin\u0101m, ka j\u016bs nev\u0113laties, lai k\u0101ds pa\u0146em da\u013cu no j\u016bsu laimesta, t\u0101p\u0113c m\u0113s par to g\u0101d\u0101jam. J\u016bs nekad nemaks\u0101siet mums komisijas maksu, kad laim\u0113siet savas iecien\u012bt\u0101k\u0101s loterijas sp\u0113les. Un jums nav j\u0101uztraucas ar\u012b par to, ka j\u016bs mums maks\u0101siet komisijas maksu par laimestiem.<\/p>\n<p>Vien\u012bgais gad\u012bjums, kad J\u016bs k\u0101dreiz maks\u0101siet komisijas maksu, ir tad, ja izv\u0113l\u0113sieties savu loterijas laimestu p\u0101rskait\u012bt ar bankas p\u0101rskait\u012bjumu, piem\u0113ram, uz banku Latvij\u0101. \u0160\u0101di p\u0101rskait\u012bjumi da\u017ek\u0101rt mums var izmaks\u0101t komisijas maksu, jo bankas iekas\u0113 maksu par starptautiskiem p\u0101rskait\u012bjumiem. \u0160\u012b maksa var tikt p\u0101rnesta uz jums un ietur\u0113ta no j\u016bsu laimestiem.<br \/>\n<strong>Kad runa ir par izmaksu, jums vienk\u0101r\u0161i j\u0101atceras:<\/strong><\/p>\n<ul>\n<li>Maks\u0101jumi, kas nep\u0101rsniedz \u20ac2500, tiek ieskait\u012bti j\u016bsu kont\u0101. Jums nekas nav j\u0101dara, jo m\u0113s visu izdar\u012bsim j\u016bsu viet\u0101.<\/li>\n<li>Maks\u0101jumi virs \u20ac2500 tiek izmaks\u0101ti ar bankas p\u0101rskait\u012bjumu vai \u010deku. Ar jums sazin\u0101sies m\u016bsu atbalsta dienests, lai aizpild\u012btu veidlapu, kas \u013caus mums noskaidrot, k\u0101 jums nog\u0101d\u0101t naudu. P\u0113c tam jums tikai da\u017eas dienas j\u0101gaida, l\u012bdz t\u0101 tiks sa\u0146emta.<\/li>\n<\/ul>\n","protected":false},"excerpt":{"rendered":"<p>Ja neesat \u012bsti p\u0101rliecin\u0101ts, k\u0101 ieg\u0101d\u0101ties Saturday Lotto Australia bi\u013cetes tie\u0161saist\u0113, jums noder\u0113s \u0161\u012b soli pa solim izstr\u0101d\u0101t\u0101 rokasgr\u0101mata, kas pal\u012bdz\u0113s jums to izdar\u012bt \u0101tri. Jums par neko neb\u016bs j\u0101uztraucas, jo m\u0113s jums pal\u012bdz\u0113sim. Dodieties uz Saturday Lotto Australia lapu un izv\u0113lieties skait\u013cus, kurus v\u0113laties sp\u0113l\u0113t uz katras bi\u013cetes. Pievienojiet vair\u0101k bi\u013ce\u0161u tai pa\u0161ai sp\u0113lei [&hellip;]<\/p>\n","protected":false},"author":1,"featured_media":0,"parent":5646,"menu_order":15,"comment_status":"closed","ping_status":"closed","template":"saturday-lotto-info.php","meta":{"_et_pb_use_builder":"","_et_pb_old_content":"","_et_gb_content_width":"","exclude_from_search":false,"footnotes":""},"class_list":["post-80579","page","type-page","status-publish","hentry"],"yoast_head":"<!-- This site is optimized with the Yoast SEO plugin v23.4 - https:\/\/yoast.com\/wordpress\/plugins\/seo\/ -->\n<title>K\u0101 ieg\u0101d\u0101ties bi\u013cetes uz Saturday Lotto Australia, ja esat Latvijas iedz\u012bvot\u0101js<\/title>\n<meta name=\"description\" content=\"Latvijas iedz\u012bvot\u0101ji tagad var ieg\u0101d\u0101ties bi\u013cetes uz Saturday lotto Australia\" \/>\n<meta name=\"robots\" content=\"index, follow, max-snippet:-1, max-image-preview:large, max-video-preview:-1\" \/>\n<link rel=\"canonical\" href=\"https:\/\/onlinelotto365.com\/lv\/pirkt-biletes\/saturday-lotto-australia\/\" \/>\n<meta property=\"og:locale\" content=\"lv_LV\" \/>\n<meta property=\"og:type\" content=\"article\" \/>\n<meta property=\"og:title\" content=\"K\u0101 ieg\u0101d\u0101ties bi\u013cetes uz Saturday Lotto Australia, ja esat Latvijas iedz\u012bvot\u0101js\" \/>\n<meta property=\"og:description\" content=\"Latvijas iedz\u012bvot\u0101ji tagad var ieg\u0101d\u0101ties bi\u013cetes uz Saturday lotto Australia\" \/>\n<meta property=\"og:url\" content=\"https:\/\/onlinelotto365.com\/lv\/pirkt-biletes\/saturday-lotto-australia\/\" \/>\n<meta property=\"og:site_name\" content=\"OnlineLotto365\" \/>\n<meta property=\"og:image\" content=\"https:\/\/redfoxlotto.com\/image?size=8&amp;lottery=saturday-lotto-au\" \/>\n<meta name=\"twitter:card\" content=\"summary_large_image\" \/>\n<meta name=\"twitter:label1\" content=\"Est. reading time\" \/>\n\t<meta name=\"twitter:data1\" content=\"3 minutes\" \/>\n<script type=\"application\/ld+json\" class=\"yoast-schema-graph\">{\"@context\":\"https:\/\/schema.org\",\"@graph\":[{\"@type\":\"WebPage\",\"@id\":\"https:\/\/onlinelotto365.com\/lv\/pirkt-biletes\/saturday-lotto-australia\/\",\"url\":\"https:\/\/onlinelotto365.com\/lv\/pirkt-biletes\/saturday-lotto-australia\/\",\"name\":\"K\u0101 ieg\u0101d\u0101ties bi\u013cetes uz Saturday Lotto Australia, ja esat Latvijas iedz\u012bvot\u0101js\",\"isPartOf\":{\"@id\":\"https:\/\/onlinelotto365.com\/lv\/#website\"},\"primaryImageOfPage\":{\"@id\":\"https:\/\/onlinelotto365.com\/lv\/pirkt-biletes\/saturday-lotto-australia\/#primaryimage\"},\"image\":{\"@id\":\"https:\/\/onlinelotto365.com\/lv\/pirkt-biletes\/saturday-lotto-australia\/#primaryimage\"},\"thumbnailUrl\":\"https:\/\/redfoxlotto.com\/image?size=8&amp;lottery=saturday-lotto-au\",\"datePublished\":\"2022-11-21T12:52:02+00:00\",\"dateModified\":\"2022-11-21T12:52:02+00:00\",\"description\":\"Latvijas iedz\u012bvot\u0101ji tagad var ieg\u0101d\u0101ties bi\u013cetes uz Saturday lotto Australia\",\"breadcrumb\":{\"@id\":\"https:\/\/onlinelotto365.com\/lv\/pirkt-biletes\/saturday-lotto-australia\/#breadcrumb\"},\"inLanguage\":\"lv-LV\",\"potentialAction\":[{\"@type\":\"ReadAction\",\"target\":[\"https:\/\/onlinelotto365.com\/lv\/pirkt-biletes\/saturday-lotto-australia\/\"]}]},{\"@type\":\"ImageObject\",\"inLanguage\":\"lv-LV\",\"@id\":\"https:\/\/onlinelotto365.com\/lv\/pirkt-biletes\/saturday-lotto-australia\/#primaryimage\",\"url\":\"https:\/\/redfoxlotto.com\/image?size=8&amp;lottery=saturday-lotto-au\",\"contentUrl\":\"https:\/\/redfoxlotto.com\/image?size=8&amp;lottery=saturday-lotto-au\"},{\"@type\":\"BreadcrumbList\",\"@id\":\"https:\/\/onlinelotto365.com\/lv\/pirkt-biletes\/saturday-lotto-australia\/#breadcrumb\",\"itemListElement\":[{\"@type\":\"ListItem\",\"position\":1,\"name\":\"Home\",\"item\":\"https:\/\/onlinelotto365.com\/lv\/\"},{\"@type\":\"ListItem\",\"position\":2,\"name\":\"K\u0101p\u0113c pirkt loterijas bi\u013cetes internet\u0101 ir lo\u0123isk\u0101k\",\"item\":\"https:\/\/onlinelotto365.com\/lv\/pirkt-biletes\/\"},{\"@type\":\"ListItem\",\"position\":3,\"name\":\"K\u0101 nopirkt sestdiena Lotto Austr\u0101lija bi\u013cetes tie\u0161saist\u0113\"}]},{\"@type\":\"WebSite\",\"@id\":\"https:\/\/onlinelotto365.com\/lv\/#website\",\"url\":\"https:\/\/onlinelotto365.com\/lv\/\",\"name\":\"OnlineLotto365\",\"description\":\"\",\"potentialAction\":[{\"@type\":\"SearchAction\",\"target\":{\"@type\":\"EntryPoint\",\"urlTemplate\":\"https:\/\/onlinelotto365.com\/lv\/?s={search_term_string}\"},\"query-input\":{\"@type\":\"PropertyValueSpecification\",\"valueRequired\":true,\"valueName\":\"search_term_string\"}}],\"inLanguage\":\"lv-LV\"}]}<\/script>\n<!-- \/ Yoast SEO plugin. -->","yoast_head_json":{"title":"K\u0101 ieg\u0101d\u0101ties bi\u013cetes uz Saturday Lotto Australia, ja esat Latvijas iedz\u012bvot\u0101js","description":"Latvijas iedz\u012bvot\u0101ji tagad var ieg\u0101d\u0101ties bi\u013cetes uz Saturday lotto Australia","robots":{"index":"index","follow":"follow","max-snippet":"max-snippet:-1","max-image-preview":"max-image-preview:large","max-video-preview":"max-video-preview:-1"},"canonical":"https:\/\/onlinelotto365.com\/lv\/pirkt-biletes\/saturday-lotto-australia\/","og_locale":"lv_LV","og_type":"article","og_title":"K\u0101 ieg\u0101d\u0101ties bi\u013cetes uz Saturday Lotto Australia, ja esat Latvijas iedz\u012bvot\u0101js","og_description":"Latvijas iedz\u012bvot\u0101ji tagad var ieg\u0101d\u0101ties bi\u013cetes uz Saturday lotto Australia","og_url":"https:\/\/onlinelotto365.com\/lv\/pirkt-biletes\/saturday-lotto-australia\/","og_site_name":"OnlineLotto365","og_image":[{"url":"https:\/\/redfoxlotto.com\/image?size=8&amp;lottery=saturday-lotto-au"}],"twitter_card":"summary_large_image","twitter_misc":{"Est. reading time":"3 minutes"},"schema":{"@context":"https:\/\/schema.org","@graph":[{"@type":"WebPage","@id":"https:\/\/onlinelotto365.com\/lv\/pirkt-biletes\/saturday-lotto-australia\/","url":"https:\/\/onlinelotto365.com\/lv\/pirkt-biletes\/saturday-lotto-australia\/","name":"K\u0101 ieg\u0101d\u0101ties bi\u013cetes uz Saturday Lotto Australia, ja esat Latvijas iedz\u012bvot\u0101js","isPartOf":{"@id":"https:\/\/onlinelotto365.com\/lv\/#website"},"primaryImageOfPage":{"@id":"https:\/\/onlinelotto365.com\/lv\/pirkt-biletes\/saturday-lotto-australia\/#primaryimage"},"image":{"@id":"https:\/\/onlinelotto365.com\/lv\/pirkt-biletes\/saturday-lotto-australia\/#primaryimage"},"thumbnailUrl":"https:\/\/redfoxlotto.com\/image?size=8&amp;lottery=saturday-lotto-au","datePublished":"2022-11-21T12:52:02+00:00","dateModified":"2022-11-21T12:52:02+00:00","description":"Latvijas iedz\u012bvot\u0101ji tagad var ieg\u0101d\u0101ties bi\u013cetes uz Saturday lotto Australia","breadcrumb":{"@id":"https:\/\/onlinelotto365.com\/lv\/pirkt-biletes\/saturday-lotto-australia\/#breadcrumb"},"inLanguage":"lv-LV","potentialAction":[{"@type":"ReadAction","target":["https:\/\/onlinelotto365.com\/lv\/pirkt-biletes\/saturday-lotto-australia\/"]}]},{"@type":"ImageObject","inLanguage":"lv-LV","@id":"https:\/\/onlinelotto365.com\/lv\/pirkt-biletes\/saturday-lotto-australia\/#primaryimage","url":"https:\/\/redfoxlotto.com\/image?size=8&amp;lottery=saturday-lotto-au","contentUrl":"https:\/\/redfoxlotto.com\/image?size=8&amp;lottery=saturday-lotto-au"},{"@type":"BreadcrumbList","@id":"https:\/\/onlinelotto365.com\/lv\/pirkt-biletes\/saturday-lotto-australia\/#breadcrumb","itemListElement":[{"@type":"ListItem","position":1,"name":"Home","item":"https:\/\/onlinelotto365.com\/lv\/"},{"@type":"ListItem","position":2,"name":"K\u0101p\u0113c pirkt loterijas bi\u013cetes internet\u0101 ir lo\u0123isk\u0101k","item":"https:\/\/onlinelotto365.com\/lv\/pirkt-biletes\/"},{"@type":"ListItem","position":3,"name":"K\u0101 nopirkt sestdiena Lotto Austr\u0101lija bi\u013cetes tie\u0161saist\u0113"}]},{"@type":"WebSite","@id":"https:\/\/onlinelotto365.com\/lv\/#website","url":"https:\/\/onlinelotto365.com\/lv\/","name":"OnlineLotto365","description":"","potentialAction":[{"@type":"SearchAction","target":{"@type":"EntryPoint","urlTemplate":"https:\/\/onlinelotto365.com\/lv\/?s={search_term_string}"},"query-input":{"@type":"PropertyValueSpecification","valueRequired":true,"valueName":"search_term_string"}}],"inLanguage":"lv-LV"}]}},"_links":{"self":[{"href":"https:\/\/onlinelotto365.com\/lv\/wp-json\/wp\/v2\/pages\/80579","targetHints":{"allow":["GET"]}}],"collection":[{"href":"https:\/\/onlinelotto365.com\/lv\/wp-json\/wp\/v2\/pages"}],"about":[{"href":"https:\/\/onlinelotto365.com\/lv\/wp-json\/wp\/v2\/types\/page"}],"author":[{"embeddable":true,"href":"https:\/\/onlinelotto365.com\/lv\/wp-json\/wp\/v2\/users\/1"}],"replies":[{"embeddable":true,"href":"https:\/\/onlinelotto365.com\/lv\/wp-json\/wp\/v2\/comments?post=80579"}],"version-history":[{"count":0,"href":"https:\/\/onlinelotto365.com\/lv\/wp-json\/wp\/v2\/pages\/80579\/revisions"}],"up":[{"embeddable":true,"href":"https:\/\/onlinelotto365.com\/lv\/wp-json\/wp\/v2\/pages\/5646"}],"wp:attachment":[{"href":"https:\/\/onlinelotto365.com\/lv\/wp-json\/wp\/v2\/media?parent=80579"}],"curies":[{"name":"wp","href":"https:\/\/api.w.org\/{rel}","templated":true}]}}