{"id":80604,"date":"2022-11-22T08:02:53","date_gmt":"2022-11-22T07:02:53","guid":{"rendered":"https:\/\/onlinelotto365.com\/?page_id=80604"},"modified":"2022-11-22T08:02:53","modified_gmt":"2022-11-22T07:02:53","slug":"mon-wed-lotto","status":"publish","type":"page","link":"https:\/\/onlinelotto365.com\/lv\/pirkt-biletes\/mon-wed-lotto\/","title":{"rendered":"K\u0101 ieg\u0101d\u0101ties Mon &#038; Wed Lotto Australia bi\u013cetes tie\u0161saist\u0113"},"content":{"rendered":"<p>M\u0113s esam aprakst\u012bju\u0161i da\u017e\u0101dus so\u013cus, kas jums j\u0101iev\u0113ro, ja v\u0113laties ieg\u0101d\u0101ties Mon &amp; Wed Lotto Australia bi\u013cetes m\u016bsu vietn\u0113. Tas ir vienk\u0101r\u0161i un viegli, un, izpildot \u0161os so\u013cus, j\u016bs redz\u0113siet, ka j\u016bsu bi\u013cetes ir gatavas \u0101tri.<br \/>\n<a href=\"https:\/\/redfoxlotto.com\/play\/monday-wednesday-lotto-au\/?ref=a8564250a2&amp;medium=ol365\" target=\"_blank\" rel=\"noopener noreferrer\"><img decoding=\"async\" class=\"aligncenter\" src=\"https:\/\/redfoxlotto.com\/image?size=8&amp;lottery=monday-wednesday-lotto-au\" alt=\"Mon &amp; amp; Wed Lotto Australia\" \/><\/a><\/p>\n<ul>\n<li>Dodieties uz loterijas, kuru v\u0113laties sp\u0113l\u0113t, lapu un izv\u0113lieties skait\u013cus, kurus v\u0113laties sp\u0113l\u0113t uz katras bi\u013cetes.<\/li>\n<li>Pievienojiet tik daudz \u0161\u012bs vai jebkuras citas sp\u0113les bi\u013ce\u0161u, cik v\u0113laties, lai izveidotu savu pas\u016bt\u012bjumu.<\/li>\n<li>Izv\u0113lieties iesp\u0113ju samaks\u0101t tagad<\/li>\n<li>Piesakieties sav\u0101 pa\u0161reiz\u0113j\u0101 kont\u0101 vai veiciet jauna konta izveides un re\u0123istr\u0101cijas procesu.<\/li>\n<li>Dodieties uz savu e-pasta adresi, lai sa\u0146emtu verifik\u0101cijas saiti konta re\u0123istr\u0113\u0161anai un pirkuma veik\u0161anai.<\/li>\n<li>P\u0101rbaudiet savu surog\u0101tpasta mapi, lai p\u0101rliecin\u0101tos, vai e-pasts tur nav nos\u016bt\u012bts k\u013c\u016bdas d\u0113\u013c, ja to neredzat sav\u0101 pastkast\u012bt\u0113.<\/li>\n<li>Iepirkumu groz\u0101 veiciet izrakst\u012b\u0161an\u0101s procesu<\/li>\n<li>Izv\u0113lieties maks\u0101juma metodi, ko v\u0113laties izmantot, un izpildiet nor\u0101d\u012bjumus, lai apstr\u0101d\u0101tu maks\u0101jumu.<\/li>\n<\/ul>\n<h2>K\u0101 samaks\u0101t par savu Mon &amp; Wed Lotto Australia bi\u013ceti tie\u0161saist\u0113<\/h2>\n<p>Kad runa ir par maks\u0101juma veik\u0161anu, jums ir vair\u0101kas da\u017e\u0101das piln\u012bgi dro\u0161as iesp\u0113jas. Viss, kas jums j\u0101dara, ir j\u0101paskat\u0101s \u0161eit un j\u0101redz, k\u0101das b\u016bs da\u017eas no \u0161\u012bm iesp\u0113j\u0101m.<br \/>\nIeg\u0101d\u0101jieties bi\u013cetes, izv\u0113loties vienu no div\u0101m iesp\u0113j\u0101m:<\/p>\n<p>Maks\u0101jiet tie\u0161i, izmantojot j\u016bsu izv\u0113l\u0113tu maks\u0101jumu metodi.<br \/>\nPievienojiet naudu sp\u0113l\u0113t\u0101ja kont\u0101 un izmantojiet \u0161o kontu, lai ieg\u0101d\u0101tos bi\u013cetes.<\/p>\n<p>Nepie\u013caujiet k\u013c\u016bdu, ja sav\u0101 kont\u0101 iemaks\u0101jat p\u0101r\u0101k mazu summu, lai samaks\u0101tu par bi\u013cet\u0113m. Jums ir nepiecie\u0161ams nedaudz vair\u0101k, nek\u0101 j\u016bsu groz\u0101 nor\u0101d\u012bt\u0101 summa.<\/p>\n<h2>Vair\u0101k inform\u0101cijas par Mon &amp; Wed Lotto Australia<\/h2>\n<ul>\n<li>Valsts: Austr\u0101lija<\/li>\n<li>Galveno skait\u013cu diapazons: 45<\/li>\n<li>J\u016bs izv\u0113laties: 6<\/li>\n<li>Izlozes dienas, stundas: Pirmdiena, tre\u0161diena, 21:30 GMT+11, 10:30 CET.<\/li>\n<li>Minim\u0101lais d\u017eekpots: AU$ 2,5 milj.<\/li>\n<li>Maksim\u0101lais d\u017eekpots: fiks\u0113ts d\u017eekpots<\/li>\n<li>D\u017eekpota laim\u0113\u0161anas varb\u016bt\u012bba: 1 pret 8145060<\/li>\n<li>2. l\u012bme\u0146a laimesta varb\u016bt\u012bba: 1 pret 678755<\/li>\n<li>Iesp\u0113ja laim\u0113t jebkur\u0101 l\u012bmen\u012b: 1 pret 85,44<\/li>\n<li>Balvu l\u012bme\u0146u skaits: 6<\/li>\n<\/ul>\n<h2>Priek\u0161roc\u012bbas p\u0113rkot Mon &amp; Wed Lotto Australia bi\u013cetes tie\u0161saist\u0113<\/h2>\n<ul>\n<li>Ieg\u0101d\u0101jieties loto bi\u013cetes no m\u0101j\u0101m, neuztraucoties par do\u0161anos \u0101r\u0101.<\/li>\n<li>Izv\u0113lieties no vis\u0101m sav\u0101m iecien\u012bt\u0101kaj\u0101m bi\u013cet\u0113m un v\u0113l da\u017e\u0101m cit\u0101m.<\/li>\n<li>Ieg\u016bstiet lab\u0101kas izredzes, izv\u0113loties sp\u0113les ar visaugst\u0101kaj\u0101m d\u017eekpota summ\u0101m.<\/li>\n<li>Izmantojiet savu konta atlikumu, lai ieg\u0101d\u0101tos bi\u013cetes, iemaks\u0101jot naudu.<\/li>\n<li>Sekojiet sav\u0101m bi\u013cet\u0113m, izmantojot tie\u0161saistes kontu<\/li>\n<li>Sa\u0146emiet pazi\u0146ojumus, kad vien jums ir laimesta bi\u013cete.<\/li>\n<li>Izmantojiet nejau\u0161o skait\u013cu \u0123eneratoru, lai izv\u0113l\u0113tos bi\u013cetes j\u016bsu viet\u0101.<\/li>\n<\/ul>\n<h2>Vai ir likum\u012bgi ieg\u0101d\u0101ties Mon &amp; Wed Lotto Australia bi\u013cetes tie\u0161saist\u0113?<\/h2>\n<p><img loading=\"lazy\" decoding=\"async\" class=\"alignright wp-image-3685\" src=\"https:\/\/onlinelotto365.com\/wp-content\/uploads\/2020\/11\/online_lottery-4-300x192.jpeg\" alt=\"mon wed lotto australia online\" width=\"255\" height=\"163\" srcset=\"https:\/\/onlinelotto365.com\/wp-content\/uploads\/2020\/11\/online_lottery-4-300x192.jpeg 300w, https:\/\/onlinelotto365.com\/wp-content\/uploads\/2020\/11\/online_lottery-4-600x383.jpeg 600w, https:\/\/onlinelotto365.com\/wp-content\/uploads\/2020\/11\/online_lottery-4.jpeg 751w\" sizes=\"auto, (max-width: 255px) 100vw, 255px\" \/><br \/>\nDaudzi cilv\u0113ki uztraucas, ka bi\u013ce\u0161u ieg\u0101de tie\u0161saist\u0113 ir nelikum\u012bga vai ka bi\u013ce\u0161u ieg\u0101de tradicion\u0101l\u0101 veid\u0101 vi\u0146u valst\u012b var\u0113tu b\u016bt nelikum\u012bga. M\u0113s p\u0101rliecin\u0101mies, ka tiek iev\u0113roti visi noteikumi valst\u012b, no kuras n\u0101k pati loterija. M\u0113s nodro\u0161in\u0101sim, ka ar\u012b j\u016bs sa\u0146emsiet savu loterijas laimestu. Neatkar\u012bgi no t\u0101, vai esat laim\u0113jis nelielu vai lielu laimestu, m\u0113s pal\u012bdz\u0113sim jums sa\u0146emt to, ko mekl\u0113jat un kas jums pien\u0101kas.<br \/>\nVisiem m\u016bsu vietnes lietot\u0101jiem j\u0101b\u016bt vismaz 18 gadus veciem.<\/p>\n<h2>K\u0101 es varu sa\u0146emt naudu, ja vinn\u0113ju Mon &amp; Wed Lotto Australia tie\u0161saist\u0113?<\/h2>\n<p>Ieg\u016bt laimestu m\u016bsu klientiem ir vissvar\u012bg\u0101k\u0101 procesa da\u013ca, un m\u0113s to dar\u0101m, r\u016bp\u0113joties, lai neb\u016btu nek\u0101du komisijas maksu. Jums nav j\u0101uztraucas par to, ka m\u0113s kaut ko iz\u0146emsim no j\u016bsu laimestiem, ja vien j\u016bs neizv\u0113laties veikt bankas p\u0101rskait\u012bjumu.<br \/>\n\u0160is maks\u0101juma veids, jo \u012bpa\u0161i, ja tas tiek veikts k\u0101 starptautisks dar\u012bjums, mums var izmaks\u0101t d\u0101rgi, ja banka iekas\u0113 komisijas maksu. \u0160\u0101d\u0101 gad\u012bjum\u0101 izmaksas var tikt p\u0101rnestas uz Jums un ietur\u0113tas no J\u016bsu vinnesta.<br \/>\nIr divi da\u017e\u0101di maks\u0101jumu veik\u0161anas veidi.<\/p>\n<ul>\n<li>Maks\u0101jumi, kuru summa ir maz\u0101ka par \u20ac2500, tiks veikti bez j\u016bsu ieguld\u012bjuma. M\u016bsu komanda nodro\u0161ina, ka nauda tiek ieskait\u012bta tie\u0161i j\u016bsu kont\u0101.<\/li>\n<li>Savuk\u0101rt laimestu summas, kas p\u0101rsniedz \u20ac2500, tiek apstr\u0101d\u0101tas cit\u0101d\u0101 veid\u0101. \u0160\u012bs summas ir j\u0101apstr\u0101d\u0101 ar loterijas komisiju, un tas noz\u012bm\u0113, ka mums ir j\u0101aizpilda pieteikuma veidlapa. M\u0113s nos\u016bt\u012bsim jums \u0161o veidlapu, un viss, kas jums j\u0101dara, ir j\u0101aizpilda un j\u0101pazi\u0146o, vai v\u0113laties sa\u0146emt naudu ar bankas p\u0101rskait\u012bjumu vai \u010deku.<\/li>\n<\/ul>\n","protected":false},"excerpt":{"rendered":"<p>M\u0113s esam aprakst\u012bju\u0161i da\u017e\u0101dus so\u013cus, kas jums j\u0101iev\u0113ro, ja v\u0113laties ieg\u0101d\u0101ties Mon &amp; Wed Lotto Australia bi\u013cetes m\u016bsu vietn\u0113. Tas ir vienk\u0101r\u0161i un viegli, un, izpildot \u0161os so\u013cus, j\u016bs redz\u0113siet, ka j\u016bsu bi\u013cetes ir gatavas \u0101tri. Dodieties uz loterijas, kuru v\u0113laties sp\u0113l\u0113t, lapu un izv\u0113lieties skait\u013cus, kurus v\u0113laties sp\u0113l\u0113t uz katras bi\u013cetes. Pievienojiet tik daudz [&hellip;]<\/p>\n","protected":false},"author":1,"featured_media":0,"parent":5646,"menu_order":16,"comment_status":"closed","ping_status":"closed","template":"template-rightsidebar.php","meta":{"_et_pb_use_builder":"","_et_pb_old_content":"","_et_gb_content_width":"","exclude_from_search":false,"footnotes":""},"class_list":["post-80604","page","type-page","status-publish","hentry"],"yoast_head":"<!-- This site is optimized with the Yoast SEO plugin v23.4 - https:\/\/yoast.com\/wordpress\/plugins\/seo\/ -->\n<title>Tie\u0161saistes bi\u013ce\u0161u ieg\u0101de Mon &amp; Wed Lotto Australia<\/title>\n<meta name=\"description\" content=\"Neatkar\u012bgi no t\u0101, kur J\u016bs dz\u012bvojat, un neatkar\u012bgi no t\u0101, ko J\u016bs mekl\u0113jat, J\u016bs varat ieg\u0101d\u0101ties Mon &amp; Wed Lotto Australia bi\u013cetes \u0161eit!\" \/>\n<meta name=\"robots\" content=\"index, follow, max-snippet:-1, max-image-preview:large, max-video-preview:-1\" \/>\n<link rel=\"canonical\" href=\"https:\/\/onlinelotto365.com\/lv\/pirkt-biletes\/mon-wed-lotto\/\" \/>\n<meta property=\"og:locale\" content=\"lv_LV\" \/>\n<meta property=\"og:type\" content=\"article\" \/>\n<meta property=\"og:title\" content=\"Tie\u0161saistes bi\u013ce\u0161u ieg\u0101de Mon &amp; Wed Lotto Australia\" \/>\n<meta property=\"og:description\" content=\"Neatkar\u012bgi no t\u0101, kur J\u016bs dz\u012bvojat, un neatkar\u012bgi no t\u0101, ko J\u016bs mekl\u0113jat, J\u016bs varat ieg\u0101d\u0101ties Mon &amp; Wed Lotto Australia bi\u013cetes \u0161eit!\" \/>\n<meta property=\"og:url\" content=\"https:\/\/onlinelotto365.com\/lv\/pirkt-biletes\/mon-wed-lotto\/\" \/>\n<meta property=\"og:site_name\" content=\"OnlineLotto365\" \/>\n<meta property=\"og:image\" content=\"https:\/\/redfoxlotto.com\/image?size=8&amp;lottery=monday-wednesday-lotto-au\" \/>\n<meta name=\"twitter:card\" content=\"summary_large_image\" \/>\n<meta name=\"twitter:label1\" content=\"Est. reading time\" \/>\n\t<meta name=\"twitter:data1\" content=\"3 minutes\" \/>\n<script type=\"application\/ld+json\" class=\"yoast-schema-graph\">{\"@context\":\"https:\/\/schema.org\",\"@graph\":[{\"@type\":\"WebPage\",\"@id\":\"https:\/\/onlinelotto365.com\/lv\/pirkt-biletes\/mon-wed-lotto\/\",\"url\":\"https:\/\/onlinelotto365.com\/lv\/pirkt-biletes\/mon-wed-lotto\/\",\"name\":\"Tie\u0161saistes bi\u013ce\u0161u ieg\u0101de Mon & Wed Lotto Australia\",\"isPartOf\":{\"@id\":\"https:\/\/onlinelotto365.com\/lv\/#website\"},\"primaryImageOfPage\":{\"@id\":\"https:\/\/onlinelotto365.com\/lv\/pirkt-biletes\/mon-wed-lotto\/#primaryimage\"},\"image\":{\"@id\":\"https:\/\/onlinelotto365.com\/lv\/pirkt-biletes\/mon-wed-lotto\/#primaryimage\"},\"thumbnailUrl\":\"https:\/\/redfoxlotto.com\/image?size=8&amp;lottery=monday-wednesday-lotto-au\",\"datePublished\":\"2022-11-22T07:02:53+00:00\",\"dateModified\":\"2022-11-22T07:02:53+00:00\",\"description\":\"Neatkar\u012bgi no t\u0101, kur J\u016bs dz\u012bvojat, un neatkar\u012bgi no t\u0101, ko J\u016bs mekl\u0113jat, J\u016bs varat ieg\u0101d\u0101ties Mon & Wed Lotto Australia bi\u013cetes \u0161eit!\",\"breadcrumb\":{\"@id\":\"https:\/\/onlinelotto365.com\/lv\/pirkt-biletes\/mon-wed-lotto\/#breadcrumb\"},\"inLanguage\":\"lv-LV\",\"potentialAction\":[{\"@type\":\"ReadAction\",\"target\":[\"https:\/\/onlinelotto365.com\/lv\/pirkt-biletes\/mon-wed-lotto\/\"]}]},{\"@type\":\"ImageObject\",\"inLanguage\":\"lv-LV\",\"@id\":\"https:\/\/onlinelotto365.com\/lv\/pirkt-biletes\/mon-wed-lotto\/#primaryimage\",\"url\":\"https:\/\/redfoxlotto.com\/image?size=8&amp;lottery=monday-wednesday-lotto-au\",\"contentUrl\":\"https:\/\/redfoxlotto.com\/image?size=8&amp;lottery=monday-wednesday-lotto-au\"},{\"@type\":\"BreadcrumbList\",\"@id\":\"https:\/\/onlinelotto365.com\/lv\/pirkt-biletes\/mon-wed-lotto\/#breadcrumb\",\"itemListElement\":[{\"@type\":\"ListItem\",\"position\":1,\"name\":\"Home\",\"item\":\"https:\/\/onlinelotto365.com\/lv\/\"},{\"@type\":\"ListItem\",\"position\":2,\"name\":\"K\u0101p\u0113c pirkt loterijas bi\u013cetes internet\u0101 ir lo\u0123isk\u0101k\",\"item\":\"https:\/\/onlinelotto365.com\/lv\/pirkt-biletes\/\"},{\"@type\":\"ListItem\",\"position\":3,\"name\":\"K\u0101 ieg\u0101d\u0101ties Mon &#038; Wed Lotto Australia bi\u013cetes tie\u0161saist\u0113\"}]},{\"@type\":\"WebSite\",\"@id\":\"https:\/\/onlinelotto365.com\/lv\/#website\",\"url\":\"https:\/\/onlinelotto365.com\/lv\/\",\"name\":\"OnlineLotto365\",\"description\":\"\",\"potentialAction\":[{\"@type\":\"SearchAction\",\"target\":{\"@type\":\"EntryPoint\",\"urlTemplate\":\"https:\/\/onlinelotto365.com\/lv\/?s={search_term_string}\"},\"query-input\":{\"@type\":\"PropertyValueSpecification\",\"valueRequired\":true,\"valueName\":\"search_term_string\"}}],\"inLanguage\":\"lv-LV\"}]}<\/script>\n<!-- \/ Yoast SEO plugin. -->","yoast_head_json":{"title":"Tie\u0161saistes bi\u013ce\u0161u ieg\u0101de Mon & Wed Lotto Australia","description":"Neatkar\u012bgi no t\u0101, kur J\u016bs dz\u012bvojat, un neatkar\u012bgi no t\u0101, ko J\u016bs mekl\u0113jat, J\u016bs varat ieg\u0101d\u0101ties Mon & Wed Lotto Australia bi\u013cetes \u0161eit!","robots":{"index":"index","follow":"follow","max-snippet":"max-snippet:-1","max-image-preview":"max-image-preview:large","max-video-preview":"max-video-preview:-1"},"canonical":"https:\/\/onlinelotto365.com\/lv\/pirkt-biletes\/mon-wed-lotto\/","og_locale":"lv_LV","og_type":"article","og_title":"Tie\u0161saistes bi\u013ce\u0161u ieg\u0101de Mon & Wed Lotto Australia","og_description":"Neatkar\u012bgi no t\u0101, kur J\u016bs dz\u012bvojat, un neatkar\u012bgi no t\u0101, ko J\u016bs mekl\u0113jat, J\u016bs varat ieg\u0101d\u0101ties Mon & Wed Lotto Australia bi\u013cetes \u0161eit!","og_url":"https:\/\/onlinelotto365.com\/lv\/pirkt-biletes\/mon-wed-lotto\/","og_site_name":"OnlineLotto365","og_image":[{"url":"https:\/\/redfoxlotto.com\/image?size=8&amp;lottery=monday-wednesday-lotto-au"}],"twitter_card":"summary_large_image","twitter_misc":{"Est. reading time":"3 minutes"},"schema":{"@context":"https:\/\/schema.org","@graph":[{"@type":"WebPage","@id":"https:\/\/onlinelotto365.com\/lv\/pirkt-biletes\/mon-wed-lotto\/","url":"https:\/\/onlinelotto365.com\/lv\/pirkt-biletes\/mon-wed-lotto\/","name":"Tie\u0161saistes bi\u013ce\u0161u ieg\u0101de Mon & Wed Lotto Australia","isPartOf":{"@id":"https:\/\/onlinelotto365.com\/lv\/#website"},"primaryImageOfPage":{"@id":"https:\/\/onlinelotto365.com\/lv\/pirkt-biletes\/mon-wed-lotto\/#primaryimage"},"image":{"@id":"https:\/\/onlinelotto365.com\/lv\/pirkt-biletes\/mon-wed-lotto\/#primaryimage"},"thumbnailUrl":"https:\/\/redfoxlotto.com\/image?size=8&amp;lottery=monday-wednesday-lotto-au","datePublished":"2022-11-22T07:02:53+00:00","dateModified":"2022-11-22T07:02:53+00:00","description":"Neatkar\u012bgi no t\u0101, kur J\u016bs dz\u012bvojat, un neatkar\u012bgi no t\u0101, ko J\u016bs mekl\u0113jat, J\u016bs varat ieg\u0101d\u0101ties Mon & Wed Lotto Australia bi\u013cetes \u0161eit!","breadcrumb":{"@id":"https:\/\/onlinelotto365.com\/lv\/pirkt-biletes\/mon-wed-lotto\/#breadcrumb"},"inLanguage":"lv-LV","potentialAction":[{"@type":"ReadAction","target":["https:\/\/onlinelotto365.com\/lv\/pirkt-biletes\/mon-wed-lotto\/"]}]},{"@type":"ImageObject","inLanguage":"lv-LV","@id":"https:\/\/onlinelotto365.com\/lv\/pirkt-biletes\/mon-wed-lotto\/#primaryimage","url":"https:\/\/redfoxlotto.com\/image?size=8&amp;lottery=monday-wednesday-lotto-au","contentUrl":"https:\/\/redfoxlotto.com\/image?size=8&amp;lottery=monday-wednesday-lotto-au"},{"@type":"BreadcrumbList","@id":"https:\/\/onlinelotto365.com\/lv\/pirkt-biletes\/mon-wed-lotto\/#breadcrumb","itemListElement":[{"@type":"ListItem","position":1,"name":"Home","item":"https:\/\/onlinelotto365.com\/lv\/"},{"@type":"ListItem","position":2,"name":"K\u0101p\u0113c pirkt loterijas bi\u013cetes internet\u0101 ir lo\u0123isk\u0101k","item":"https:\/\/onlinelotto365.com\/lv\/pirkt-biletes\/"},{"@type":"ListItem","position":3,"name":"K\u0101 ieg\u0101d\u0101ties Mon &#038; Wed Lotto Australia bi\u013cetes tie\u0161saist\u0113"}]},{"@type":"WebSite","@id":"https:\/\/onlinelotto365.com\/lv\/#website","url":"https:\/\/onlinelotto365.com\/lv\/","name":"OnlineLotto365","description":"","potentialAction":[{"@type":"SearchAction","target":{"@type":"EntryPoint","urlTemplate":"https:\/\/onlinelotto365.com\/lv\/?s={search_term_string}"},"query-input":{"@type":"PropertyValueSpecification","valueRequired":true,"valueName":"search_term_string"}}],"inLanguage":"lv-LV"}]}},"_links":{"self":[{"href":"https:\/\/onlinelotto365.com\/lv\/wp-json\/wp\/v2\/pages\/80604","targetHints":{"allow":["GET"]}}],"collection":[{"href":"https:\/\/onlinelotto365.com\/lv\/wp-json\/wp\/v2\/pages"}],"about":[{"href":"https:\/\/onlinelotto365.com\/lv\/wp-json\/wp\/v2\/types\/page"}],"author":[{"embeddable":true,"href":"https:\/\/onlinelotto365.com\/lv\/wp-json\/wp\/v2\/users\/1"}],"replies":[{"embeddable":true,"href":"https:\/\/onlinelotto365.com\/lv\/wp-json\/wp\/v2\/comments?post=80604"}],"version-history":[{"count":0,"href":"https:\/\/onlinelotto365.com\/lv\/wp-json\/wp\/v2\/pages\/80604\/revisions"}],"up":[{"embeddable":true,"href":"https:\/\/onlinelotto365.com\/lv\/wp-json\/wp\/v2\/pages\/5646"}],"wp:attachment":[{"href":"https:\/\/onlinelotto365.com\/lv\/wp-json\/wp\/v2\/media?parent=80604"}],"curies":[{"name":"wp","href":"https:\/\/api.w.org\/{rel}","templated":true}]}}