{"id":80673,"date":"2022-11-22T11:26:06","date_gmt":"2022-11-22T10:26:06","guid":{"rendered":"https:\/\/onlinelotto365.com\/?page_id=80673"},"modified":"2022-11-22T11:26:06","modified_gmt":"2022-11-22T10:26:06","slug":"el-gordo","status":"publish","type":"page","link":"https:\/\/onlinelotto365.com\/lv\/uzvarot-loterijas-numurus\/el-gordo\/","title":{"rendered":"P\u0101rbaudiet El Gordo rezult\u0101tus un vinnestus \u0161eit"},"content":{"rendered":"<p>M\u0113s zin\u0101m, ka m\u0113s pied\u0101v\u0101jam virkni da\u017e\u0101du starptautisku loteriju, un var rasties neliels apjukums, m\u0113\u0123inot noskaidrot laim\u012bgos skait\u013cus. Daudzi cilv\u0113ki mekl\u0113 laikrakst\u0101, lai uzzin\u0101tu savu iecien\u012bt\u0101ko sp\u0113\u013cu laimesta numurus, ta\u010du, ja nedz\u012bvojat \u0161aj\u0101 apgabal\u0101, atrast El Gordo numurus var b\u016bt sare\u017e\u0123\u012bti. Tas pats attiecas uz m\u0113\u0123in\u0101jumiem v\u0113rot izlozi vai redz\u0113t laim\u0113ju\u0161os skait\u013cus telev\u012bzij\u0101.<br \/>\n<a href=\"https:\/\/redfoxlotto.com\/play\/el-gordo-primitiva\/?ref=a8564250a2&amp;medium=ol365\" target=\"_blank\" rel=\"noopener noreferrer\"><img decoding=\"async\" class=\"aligncenter\" src=\"https:\/\/redfoxlotto.com\/image?size=8&amp;lottery=el-gordo-primitiva\" alt=\"el gordo\" \/><\/a><br \/>\nV\u0113l viena iesp\u0113ja ir apskat\u012bt El Gordo ofici\u0101lo t\u012bmek\u013ca vietni un uzzin\u0101t, vai t\u0101 pied\u0101v\u0101 izlozes procesa tie\u0161raidi. T\u0101m sp\u0113l\u0113m, kas to pied\u0101v\u0101, t\u0101 var b\u016bt jautra un interesanta iesp\u0113ja ikvienam.<\/p>\n<p>Ta\u010du ir daudz sp\u0113\u013cu, kas \u0161\u0101du iesp\u0113ju nepied\u0101v\u0101. T\u0101 viet\u0101 jums b\u016bs j\u0101gaida, kam\u0113r izloze beigsies un viss b\u016bs pazi\u0146ots, lai redz\u0113tu rezult\u0101tus.<br \/>\nVisbeidzot, ja izloze jau ir beigusies, j\u016bs varat doties uz YouTube un tur atrast El Gordo izlozi. Ta\u010du \u0161\u012b ir v\u0113l viena joma, kur\u0101 jums var neizdoties. J\u016bsu z\u012bm\u0113jumam var neb\u016bt nekas pieejams.<\/p>\n<p>Tom\u0113r viens no lab\u0101kajiem un vienk\u0101r\u0161\u0101kajiem veidiem, k\u0101 atrast laim\u0113ju\u0161os skait\u013cus, ir m\u016bsu t\u012bmek\u013ca vietne. P\u0101rbaudiet m\u016bsu laim\u0113ju\u0161o numuru un rezult\u0101tu lapas, lai atrastu El Gordo un jebkuras citas m\u016bsu pieejam\u0101s loterijas rezult\u0101tus.<\/p>\n<h2>K\u0101 uzzin\u0101t, vai j\u016bsu tie\u0161saistes bi\u013cete ir laim\u0113jusi<\/h2>\n<p>V\u0113l lab\u0101k ir tas, ka jums pat nav j\u0101dodas uz loterijas rezult\u0101tu lapu. Ja esat ieg\u0101d\u0101jies bi\u013cetes, varat doties tie\u0161i uz savu kontu. No turienes j\u016bs var\u0113siet redz\u0113t ne tikai laim\u0113ju\u0161os skait\u013cus, bet ar\u012b to, k\u0101 sakr\u012bt j\u016bsu skait\u013ci. J\u016bs varat redz\u0113t skait\u013cu sal\u012bdzin\u0101jumu un p\u0113c tam redz\u0113t, kuri skait\u013ci sakr\u012bt un cik daudz j\u016bs faktiski esat vinn\u0113jis. Ja esat laim\u0113jis maz\u0101k nek\u0101 2500 eiro, jums pat nav nekas j\u0101dara, jo laimests b\u016bs tie\u0161i j\u016bsu kont\u0101.<\/p>\n<h2>El Gordo rezult\u0101tu arh\u012bvs<\/h2>\n<p>Ja v\u0113laties apskat\u012bt vecos numurus un redz\u0113t, k\u0101di tie bija, varat to ar\u012b viegli izdar\u012bt. Paties\u012bb\u0101 jebkur\u0101 m\u016bsu t\u012bmek\u013ca vietnes lap\u0101, kur\u0101 J\u016bs varat apskat\u012bt jaun\u0101kos El Gordo rezult\u0101tus, J\u016bs var\u0113siet p\u0101rbaud\u012bt ar\u012b da\u017eus vec\u0101kus skait\u013cus. T\u0101d\u0113j\u0101di jums b\u016bs viegl\u0101k noskaidrot, kurus numurus v\u0113laties sp\u0113l\u0113t n\u0101kamaj\u0101 reiz\u0113.<\/p>\n<h2>Mana bi\u013cete ir vinn\u0113jusi, kas notiks t\u0101l\u0101k?<\/h2>\n<p><img loading=\"lazy\" decoding=\"async\" class=\"alignright wp-image-3573\" src=\"https:\/\/onlinelotto365.com\/wp-content\/uploads\/2020\/11\/online_lottery-96-300x212.jpg\" alt=\"El Gordo rezult\u0101ti\" width=\"166\" height=\"117\" srcset=\"https:\/\/onlinelotto365.com\/wp-content\/uploads\/2020\/11\/online_lottery-96-300x212.jpg 300w, https:\/\/onlinelotto365.com\/wp-content\/uploads\/2020\/11\/online_lottery-96.jpg 320w\" sizes=\"auto, (max-width: 166px) 100vw, 166px\" \/><br \/>\nJa vinn\u0113jat, jums b\u016bs viegli sa\u0146emt savu naudu, jo m\u0113s to iemaks\u0101jam tie\u0161i j\u016bsu kont\u0101, tikl\u012bdz rezult\u0101ti ir apstiprin\u0101ti. Ja laimests ir maz\u0101ks par 2500 eiro, naudu sa\u0146emsiet tikpat \u0101tri. Tad, ja summa ir liel\u0101ka par \u20ac10, j\u016bs varat iz\u0146emt naudu sav\u0101 kont\u0101.<br \/>\nVai ar\u012b j\u016bs varat atst\u0101t naudu sav\u0101 sp\u0113l\u0113t\u0101ja kont\u0101 un izmantot to, lai ieg\u0101d\u0101tos v\u0113l vair\u0101k bi\u013ce\u0161u papildu sp\u0113l\u0113m. Tikai paturiet pr\u0101t\u0101, ka naudas iz\u0146em\u0161anai b\u016bs nepiecie\u0161ami da\u017ei dokumenti, lai iev\u0113rotu feder\u0101los noteikumus. Jums ar\u012b j\u0101izmanto metode, kuru jau esat izmantojis iemaksai.<\/p>\n","protected":false},"excerpt":{"rendered":"<p>M\u0113s zin\u0101m, ka m\u0113s pied\u0101v\u0101jam virkni da\u017e\u0101du starptautisku loteriju, un var rasties neliels apjukums, m\u0113\u0123inot noskaidrot laim\u012bgos skait\u013cus. Daudzi cilv\u0113ki mekl\u0113 laikrakst\u0101, lai uzzin\u0101tu savu iecien\u012bt\u0101ko sp\u0113\u013cu laimesta numurus, ta\u010du, ja nedz\u012bvojat \u0161aj\u0101 apgabal\u0101, atrast El Gordo numurus var b\u016bt sare\u017e\u0123\u012bti. Tas pats attiecas uz m\u0113\u0123in\u0101jumiem v\u0113rot izlozi vai redz\u0113t laim\u0113ju\u0161os skait\u013cus telev\u012bzij\u0101. V\u0113l viena [&hellip;]<\/p>\n","protected":false},"author":1,"featured_media":0,"parent":5850,"menu_order":6,"comment_status":"closed","ping_status":"closed","template":"el-gordo-results.php","meta":{"_et_pb_use_builder":"","_et_pb_old_content":"","_et_gb_content_width":"","exclude_from_search":false,"footnotes":""},"class_list":["post-80673","page","type-page","status-publish","hentry"],"yoast_head":"<!-- This site is optimized with the Yoast SEO plugin v23.4 - https:\/\/yoast.com\/wordpress\/plugins\/seo\/ -->\n<title>El Gordo laim\u012bgie skait\u013ci | El Gordo izlozes rezult\u0101ti un balvas<\/title>\n<meta name=\"description\" content=\"El Gordo un daudzu citu loteriju laim\u012bgie skait\u013ci, rezult\u0101ti un balvas, kas vienm\u0113r tiek atjaunin\u0101ti m\u016bsu vietn\u0113\" \/>\n<meta name=\"robots\" content=\"index, follow, max-snippet:-1, max-image-preview:large, max-video-preview:-1\" \/>\n<link rel=\"canonical\" href=\"https:\/\/onlinelotto365.com\/lv\/uzvarot-loterijas-numurus\/el-gordo\/\" \/>\n<meta property=\"og:locale\" content=\"lv_LV\" \/>\n<meta property=\"og:type\" content=\"article\" \/>\n<meta property=\"og:title\" content=\"El Gordo laim\u012bgie skait\u013ci | El Gordo izlozes rezult\u0101ti un balvas\" \/>\n<meta property=\"og:description\" content=\"El Gordo un daudzu citu loteriju laim\u012bgie skait\u013ci, rezult\u0101ti un balvas, kas vienm\u0113r tiek atjaunin\u0101ti m\u016bsu vietn\u0113\" \/>\n<meta property=\"og:url\" content=\"https:\/\/onlinelotto365.com\/lv\/uzvarot-loterijas-numurus\/el-gordo\/\" \/>\n<meta property=\"og:site_name\" content=\"OnlineLotto365\" \/>\n<meta property=\"og:image\" content=\"https:\/\/redfoxlotto.com\/image?size=8&amp;lottery=el-gordo-primitiva\" \/>\n<meta name=\"twitter:card\" content=\"summary_large_image\" \/>\n<meta name=\"twitter:label1\" content=\"Est. reading time\" \/>\n\t<meta name=\"twitter:data1\" content=\"2 minutes\" \/>\n<script type=\"application\/ld+json\" class=\"yoast-schema-graph\">{\"@context\":\"https:\/\/schema.org\",\"@graph\":[{\"@type\":\"WebPage\",\"@id\":\"https:\/\/onlinelotto365.com\/lv\/uzvarot-loterijas-numurus\/el-gordo\/\",\"url\":\"https:\/\/onlinelotto365.com\/lv\/uzvarot-loterijas-numurus\/el-gordo\/\",\"name\":\"El Gordo laim\u012bgie skait\u013ci | El Gordo izlozes rezult\u0101ti un balvas\",\"isPartOf\":{\"@id\":\"https:\/\/onlinelotto365.com\/lv\/#website\"},\"primaryImageOfPage\":{\"@id\":\"https:\/\/onlinelotto365.com\/lv\/uzvarot-loterijas-numurus\/el-gordo\/#primaryimage\"},\"image\":{\"@id\":\"https:\/\/onlinelotto365.com\/lv\/uzvarot-loterijas-numurus\/el-gordo\/#primaryimage\"},\"thumbnailUrl\":\"https:\/\/redfoxlotto.com\/image?size=8&amp;lottery=el-gordo-primitiva\",\"datePublished\":\"2022-11-22T10:26:06+00:00\",\"dateModified\":\"2022-11-22T10:26:06+00:00\",\"description\":\"El Gordo un daudzu citu loteriju laim\u012bgie skait\u013ci, rezult\u0101ti un balvas, kas vienm\u0113r tiek atjaunin\u0101ti m\u016bsu vietn\u0113\",\"breadcrumb\":{\"@id\":\"https:\/\/onlinelotto365.com\/lv\/uzvarot-loterijas-numurus\/el-gordo\/#breadcrumb\"},\"inLanguage\":\"lv-LV\",\"potentialAction\":[{\"@type\":\"ReadAction\",\"target\":[\"https:\/\/onlinelotto365.com\/lv\/uzvarot-loterijas-numurus\/el-gordo\/\"]}]},{\"@type\":\"ImageObject\",\"inLanguage\":\"lv-LV\",\"@id\":\"https:\/\/onlinelotto365.com\/lv\/uzvarot-loterijas-numurus\/el-gordo\/#primaryimage\",\"url\":\"https:\/\/redfoxlotto.com\/image?size=8&amp;lottery=el-gordo-primitiva\",\"contentUrl\":\"https:\/\/redfoxlotto.com\/image?size=8&amp;lottery=el-gordo-primitiva\"},{\"@type\":\"BreadcrumbList\",\"@id\":\"https:\/\/onlinelotto365.com\/lv\/uzvarot-loterijas-numurus\/el-gordo\/#breadcrumb\",\"itemListElement\":[{\"@type\":\"ListItem\",\"position\":1,\"name\":\"Home\",\"item\":\"https:\/\/onlinelotto365.com\/lv\/\"},{\"@type\":\"ListItem\",\"position\":2,\"name\":\"Atrodiet uzvar\u0113t\u0101ju ciparus un rezult\u0101tus jaun\u0101kaj\u0101m izloz\u0113m\",\"item\":\"https:\/\/onlinelotto365.com\/lv\/winning-numbers\/\"},{\"@type\":\"ListItem\",\"position\":3,\"name\":\"P\u0101rbaudiet El Gordo rezult\u0101tus un vinnestus \u0161eit\"}]},{\"@type\":\"WebSite\",\"@id\":\"https:\/\/onlinelotto365.com\/lv\/#website\",\"url\":\"https:\/\/onlinelotto365.com\/lv\/\",\"name\":\"OnlineLotto365\",\"description\":\"\",\"potentialAction\":[{\"@type\":\"SearchAction\",\"target\":{\"@type\":\"EntryPoint\",\"urlTemplate\":\"https:\/\/onlinelotto365.com\/lv\/?s={search_term_string}\"},\"query-input\":{\"@type\":\"PropertyValueSpecification\",\"valueRequired\":true,\"valueName\":\"search_term_string\"}}],\"inLanguage\":\"lv-LV\"}]}<\/script>\n<!-- \/ Yoast SEO plugin. -->","yoast_head_json":{"title":"El Gordo laim\u012bgie skait\u013ci | El Gordo izlozes rezult\u0101ti un balvas","description":"El Gordo un daudzu citu loteriju laim\u012bgie skait\u013ci, rezult\u0101ti un balvas, kas vienm\u0113r tiek atjaunin\u0101ti m\u016bsu vietn\u0113","robots":{"index":"index","follow":"follow","max-snippet":"max-snippet:-1","max-image-preview":"max-image-preview:large","max-video-preview":"max-video-preview:-1"},"canonical":"https:\/\/onlinelotto365.com\/lv\/uzvarot-loterijas-numurus\/el-gordo\/","og_locale":"lv_LV","og_type":"article","og_title":"El Gordo laim\u012bgie skait\u013ci | El Gordo izlozes rezult\u0101ti un balvas","og_description":"El Gordo un daudzu citu loteriju laim\u012bgie skait\u013ci, rezult\u0101ti un balvas, kas vienm\u0113r tiek atjaunin\u0101ti m\u016bsu vietn\u0113","og_url":"https:\/\/onlinelotto365.com\/lv\/uzvarot-loterijas-numurus\/el-gordo\/","og_site_name":"OnlineLotto365","og_image":[{"url":"https:\/\/redfoxlotto.com\/image?size=8&amp;lottery=el-gordo-primitiva"}],"twitter_card":"summary_large_image","twitter_misc":{"Est. reading time":"2 minutes"},"schema":{"@context":"https:\/\/schema.org","@graph":[{"@type":"WebPage","@id":"https:\/\/onlinelotto365.com\/lv\/uzvarot-loterijas-numurus\/el-gordo\/","url":"https:\/\/onlinelotto365.com\/lv\/uzvarot-loterijas-numurus\/el-gordo\/","name":"El Gordo laim\u012bgie skait\u013ci | El Gordo izlozes rezult\u0101ti un balvas","isPartOf":{"@id":"https:\/\/onlinelotto365.com\/lv\/#website"},"primaryImageOfPage":{"@id":"https:\/\/onlinelotto365.com\/lv\/uzvarot-loterijas-numurus\/el-gordo\/#primaryimage"},"image":{"@id":"https:\/\/onlinelotto365.com\/lv\/uzvarot-loterijas-numurus\/el-gordo\/#primaryimage"},"thumbnailUrl":"https:\/\/redfoxlotto.com\/image?size=8&amp;lottery=el-gordo-primitiva","datePublished":"2022-11-22T10:26:06+00:00","dateModified":"2022-11-22T10:26:06+00:00","description":"El Gordo un daudzu citu loteriju laim\u012bgie skait\u013ci, rezult\u0101ti un balvas, kas vienm\u0113r tiek atjaunin\u0101ti m\u016bsu vietn\u0113","breadcrumb":{"@id":"https:\/\/onlinelotto365.com\/lv\/uzvarot-loterijas-numurus\/el-gordo\/#breadcrumb"},"inLanguage":"lv-LV","potentialAction":[{"@type":"ReadAction","target":["https:\/\/onlinelotto365.com\/lv\/uzvarot-loterijas-numurus\/el-gordo\/"]}]},{"@type":"ImageObject","inLanguage":"lv-LV","@id":"https:\/\/onlinelotto365.com\/lv\/uzvarot-loterijas-numurus\/el-gordo\/#primaryimage","url":"https:\/\/redfoxlotto.com\/image?size=8&amp;lottery=el-gordo-primitiva","contentUrl":"https:\/\/redfoxlotto.com\/image?size=8&amp;lottery=el-gordo-primitiva"},{"@type":"BreadcrumbList","@id":"https:\/\/onlinelotto365.com\/lv\/uzvarot-loterijas-numurus\/el-gordo\/#breadcrumb","itemListElement":[{"@type":"ListItem","position":1,"name":"Home","item":"https:\/\/onlinelotto365.com\/lv\/"},{"@type":"ListItem","position":2,"name":"Atrodiet uzvar\u0113t\u0101ju ciparus un rezult\u0101tus jaun\u0101kaj\u0101m izloz\u0113m","item":"https:\/\/onlinelotto365.com\/lv\/winning-numbers\/"},{"@type":"ListItem","position":3,"name":"P\u0101rbaudiet El Gordo rezult\u0101tus un vinnestus \u0161eit"}]},{"@type":"WebSite","@id":"https:\/\/onlinelotto365.com\/lv\/#website","url":"https:\/\/onlinelotto365.com\/lv\/","name":"OnlineLotto365","description":"","potentialAction":[{"@type":"SearchAction","target":{"@type":"EntryPoint","urlTemplate":"https:\/\/onlinelotto365.com\/lv\/?s={search_term_string}"},"query-input":{"@type":"PropertyValueSpecification","valueRequired":true,"valueName":"search_term_string"}}],"inLanguage":"lv-LV"}]}},"_links":{"self":[{"href":"https:\/\/onlinelotto365.com\/lv\/wp-json\/wp\/v2\/pages\/80673","targetHints":{"allow":["GET"]}}],"collection":[{"href":"https:\/\/onlinelotto365.com\/lv\/wp-json\/wp\/v2\/pages"}],"about":[{"href":"https:\/\/onlinelotto365.com\/lv\/wp-json\/wp\/v2\/types\/page"}],"author":[{"embeddable":true,"href":"https:\/\/onlinelotto365.com\/lv\/wp-json\/wp\/v2\/users\/1"}],"replies":[{"embeddable":true,"href":"https:\/\/onlinelotto365.com\/lv\/wp-json\/wp\/v2\/comments?post=80673"}],"version-history":[{"count":0,"href":"https:\/\/onlinelotto365.com\/lv\/wp-json\/wp\/v2\/pages\/80673\/revisions"}],"up":[{"embeddable":true,"href":"https:\/\/onlinelotto365.com\/lv\/wp-json\/wp\/v2\/pages\/5850"}],"wp:attachment":[{"href":"https:\/\/onlinelotto365.com\/lv\/wp-json\/wp\/v2\/media?parent=80673"}],"curies":[{"name":"wp","href":"https:\/\/api.w.org\/{rel}","templated":true}]}}