{"id":80706,"date":"2022-11-22T12:42:38","date_gmt":"2022-11-22T11:42:38","guid":{"rendered":"https:\/\/onlinelotto365.com\/?page_id=80706"},"modified":"2022-11-22T12:42:38","modified_gmt":"2022-11-22T11:42:38","slug":"la-primitiva","status":"publish","type":"page","link":"https:\/\/onlinelotto365.com\/lv\/uzvarot-loterijas-numurus\/la-primitiva\/","title":{"rendered":"La Primitiva izlozes rezult\u0101ti"},"content":{"rendered":"<p>M\u0113s pied\u0101v\u0101jam daudz da\u017e\u0101du starptautisku loteriju sp\u0113\u013cu, un m\u0113s zin\u0101m, ka j\u016bs v\u0113laties \u0101tri atrast laim\u012bgos skait\u013cus. T\u0101p\u0113c da\u017ei cilv\u0113ki izv\u0113las mekl\u0113t skait\u013cus av\u012bz\u0113. Ta\u010du La Primitiva laim\u0113ju\u0161os skait\u013cus atrast laikrakst\u0101 var b\u016bt sare\u017e\u0123\u012bti. T\u0101pat k\u0101 \u0161o numuru atra\u0161ana telev\u012bzij\u0101, jo jums ir j\u0101veic izp\u0113te, lai atrastu pareizo kan\u0101lu.<br \/>\n<a href=\"https:\/\/redfoxlotto.com\/play\/la-primitiva\/?ref=a8564250a2&amp;medium=ol365\" target=\"_blank\" rel=\"noopener noreferrer\"><img decoding=\"async\" class=\"aligncenter\" src=\"https:\/\/redfoxlotto.com\/image?size=8&amp;lottery=la-primitiva\" alt=\" la primitiva\" \/><\/a><br \/>\nV\u0113l viena iesp\u0113ja ir apmekl\u0113t La Primitiva t\u012bmek\u013ca vietni un noskaidrot, vai taj\u0101 tiek r\u0101d\u012bta sp\u0113les izloze tie\u0161raid\u0113. Ja t\u0101 notiek, to var b\u016bt aizraujo\u0161i v\u0113rot. Tom\u0113r, ja t\u0101 nenotiek, bet t\u0101 nenotiek daudz\u0101s loteriju sp\u0113l\u0113s, tad jums n\u0101ksies gaid\u012bt v\u0113l k\u0101du br\u012bdi.<\/p>\n<p>P\u0113c izlozes da\u017ek\u0101rt jaun\u0101ko La Primitiva izlozi var atrast YouTube. Ta\u010du, lai to izdar\u012btu, p\u0113c izlozes k\u0101du laiku ir j\u0101gaida.<\/p>\n<p>Tom\u0113r \u0113rt\u0101kais veids, k\u0101 uzzin\u0101t skait\u013cus, ir apskat\u012bt m\u016bsu t\u012bmek\u013ca vietni. M\u0113s pied\u0101v\u0101jam La Primitiva laim\u0113ju\u0161os numurus, rezult\u0101tus un pat laimestu summas tie\u0161i m\u016bsu vietn\u0113, un m\u0113s iek\u013caujam ar\u012b citas m\u016bsu pied\u0101v\u0101t\u0101s loterijas.<\/p>\n<h2>K\u0101 uzzin\u0101t, vai j\u016bsu tie\u0161saistes bi\u013cete ir laim\u0113jusi<\/h2>\n<p>Ja esat ieg\u0101d\u0101jies La Primitiva bi\u013cetes, jums pat nav j\u0101dodas uz rezult\u0101tu lapu. J\u016bs varat ieiet sav\u0101 kont\u0101 un apskat\u012bt savas bi\u013cetes. Tie\u0161i taj\u0101 pa\u0161\u0101 ekr\u0101n\u0101 j\u016bs redz\u0113siet katras izsp\u0113l\u0113t\u0101s sp\u0113les laim\u0113ju\u0161os skait\u013cus. Un j\u016bs redz\u0113siet izceltus numurus, kas sakr\u012bt ar j\u016bsu bi\u013cetes un laimestu numuriem.<br \/>\nJa jums b\u016bs pareizs skaitlis, j\u016bs b\u016bsiet uzvar\u0113t\u0101js, un j\u016bs var\u0113siet redz\u0113t, cik daudz esat vinn\u0113jis. J\u016bs ar\u012b uzzin\u0101siet, ka laimests (par jebkuru summu, kas ir maz\u0101ka par 2500 eiro) jau ir pieejams J\u016bsu kont\u0101, tikl\u012bdz rezult\u0101ti ir p\u0101rbaud\u012bti.<\/p>\n<h2>La Primitiva rezult\u0101tu arh\u012bvs<\/h2>\n<p>Tiem, kuri v\u0113las izv\u0113l\u0113ties n\u0101kam\u0101s izlozes numurus, m\u0113s zin\u0101m, ka var b\u016bt svar\u012bgi p\u0101rbaud\u012bt vec\u0101kas bi\u013cetes un vec\u0101kus numurus. T\u0101p\u0113c m\u0113s nodro\u0161in\u0101m, lai jebkur\u0101 lap\u0101, kur\u0101 ir jaun\u0101kie La Primitiva rezult\u0101ti, b\u016btu pieejami ar\u012b vec\u0101ki skait\u013ci. J\u016bs tos varat p\u0101rbaud\u012bt jebkur\u0101 laik\u0101, lai uzzin\u0101tu jebkuru iemeslu.<\/p>\n<h2>Mana bi\u013cete ir vinn\u0113jusi, kas notiks t\u0101l\u0101k?<\/h2>\n<p>Ja J\u016bsu bi\u013cete ir laim\u0113jusi, Jums atliek tikai aps\u0113sties un atp\u016bsties, jo m\u0113s par\u016bp\u0113simies par Jums. M\u0113s ieskait\u0101m jebkuru summu, kas ir maz\u0101ka par 2500 eiro, tie\u0161i j\u016bsu kont\u0101, t\u0101p\u0113c jums nav j\u0101pieprasa \u0161\u012b summa vai j\u0101veic papildu darb\u012bbas. P\u0113c tam, ja kont\u0101 ir vismaz \u20ac10, j\u016bs varat iz\u0146emt naudu uz savu bankas kontu vai kred\u012btkarti.<br \/>\n<img loading=\"lazy\" decoding=\"async\" class=\"alignright wp-image-3572\" src=\"https:\/\/onlinelotto365.com\/wp-content\/uploads\/2020\/11\/online_lottery-25-300x212.jpg\" alt=\" La Primitiva laim\u0113ju\u0161ie skait\u013ci\" width=\"232\" height=\"165\" srcset=\"https:\/\/onlinelotto365.com\/wp-content\/uploads\/2020\/11\/online_lottery-25-300x212.jpg 300w, https:\/\/onlinelotto365.com\/wp-content\/uploads\/2020\/11\/online_lottery-25.jpg 320w\" sizes=\"auto, (max-width: 232px) 100vw, 232px\" \/><br \/>\nJums tikai j\u0101p\u0101rliecin\u0101s, ka \u0161o karti vai kontu esat izmantojis jau iepriek\u0161. Jums b\u016bs j\u0101aizpilda ar\u012b da\u017ei dokumenti, lai p\u0101rliecin\u0101tos, ka m\u0113s iev\u0113rojam m\u016bsu maks\u0101jumu apstr\u0101d\u0101t\u0101ja noteikumus. \u0160ie dokumenti aizsarg\u0101 m\u016bs, bet tie aizsarg\u0101 ar\u012b j\u016bs, jo nodro\u0161ina, ka tikai j\u016bs varat iz\u0146emt naudu no konta.<\/p>\n","protected":false},"excerpt":{"rendered":"<p>M\u0113s pied\u0101v\u0101jam daudz da\u017e\u0101du starptautisku loteriju sp\u0113\u013cu, un m\u0113s zin\u0101m, ka j\u016bs v\u0113laties \u0101tri atrast laim\u012bgos skait\u013cus. T\u0101p\u0113c da\u017ei cilv\u0113ki izv\u0113las mekl\u0113t skait\u013cus av\u012bz\u0113. Ta\u010du La Primitiva laim\u0113ju\u0161os skait\u013cus atrast laikrakst\u0101 var b\u016bt sare\u017e\u0123\u012bti. T\u0101pat k\u0101 \u0161o numuru atra\u0161ana telev\u012bzij\u0101, jo jums ir j\u0101veic izp\u0113te, lai atrastu pareizo kan\u0101lu. V\u0113l viena iesp\u0113ja ir apmekl\u0113t La [&hellip;]<\/p>\n","protected":false},"author":1,"featured_media":0,"parent":5850,"menu_order":7,"comment_status":"closed","ping_status":"closed","template":"la-primitiva-results.php","meta":{"_et_pb_use_builder":"","_et_pb_old_content":"","_et_gb_content_width":"","exclude_from_search":false,"footnotes":""},"class_list":["post-80706","page","type-page","status-publish","hentry"],"yoast_head":"<!-- This site is optimized with the Yoast SEO plugin v23.4 - https:\/\/yoast.com\/wordpress\/plugins\/seo\/ -->\n<title>Jaun\u0101kie izlozes rezult\u0101ti, laim\u012bgie skait\u013ci La Primitiva<\/title>\n<meta name=\"description\" content=\"Sa\u0146emiet jaun\u0101kos Sp\u0101nijas izlozes La Primitiva laim\u0113ju\u0161os skait\u013cus, k\u0101 ar\u012b citus rezult\u0101tus.\" \/>\n<meta name=\"robots\" content=\"index, follow, max-snippet:-1, max-image-preview:large, max-video-preview:-1\" \/>\n<link rel=\"canonical\" href=\"https:\/\/onlinelotto365.com\/lv\/uzvarot-loterijas-numurus\/la-primitiva\/\" \/>\n<meta property=\"og:locale\" content=\"lv_LV\" \/>\n<meta property=\"og:type\" content=\"article\" \/>\n<meta property=\"og:title\" content=\"Jaun\u0101kie izlozes rezult\u0101ti, laim\u012bgie skait\u013ci La Primitiva\" \/>\n<meta property=\"og:description\" content=\"Sa\u0146emiet jaun\u0101kos Sp\u0101nijas izlozes La Primitiva laim\u0113ju\u0161os skait\u013cus, k\u0101 ar\u012b citus rezult\u0101tus.\" \/>\n<meta property=\"og:url\" content=\"https:\/\/onlinelotto365.com\/lv\/uzvarot-loterijas-numurus\/la-primitiva\/\" \/>\n<meta property=\"og:site_name\" content=\"OnlineLotto365\" \/>\n<meta property=\"og:image\" content=\"https:\/\/redfoxlotto.com\/image?size=8&amp;lottery=la-primitiva\" \/>\n<meta name=\"twitter:card\" content=\"summary_large_image\" \/>\n<meta name=\"twitter:label1\" content=\"Est. reading time\" \/>\n\t<meta name=\"twitter:data1\" content=\"3 minutes\" \/>\n<script type=\"application\/ld+json\" class=\"yoast-schema-graph\">{\"@context\":\"https:\/\/schema.org\",\"@graph\":[{\"@type\":\"WebPage\",\"@id\":\"https:\/\/onlinelotto365.com\/lv\/uzvarot-loterijas-numurus\/la-primitiva\/\",\"url\":\"https:\/\/onlinelotto365.com\/lv\/uzvarot-loterijas-numurus\/la-primitiva\/\",\"name\":\"Jaun\u0101kie izlozes rezult\u0101ti, laim\u012bgie skait\u013ci La Primitiva\",\"isPartOf\":{\"@id\":\"https:\/\/onlinelotto365.com\/lv\/#website\"},\"primaryImageOfPage\":{\"@id\":\"https:\/\/onlinelotto365.com\/lv\/uzvarot-loterijas-numurus\/la-primitiva\/#primaryimage\"},\"image\":{\"@id\":\"https:\/\/onlinelotto365.com\/lv\/uzvarot-loterijas-numurus\/la-primitiva\/#primaryimage\"},\"thumbnailUrl\":\"https:\/\/redfoxlotto.com\/image?size=8&amp;lottery=la-primitiva\",\"datePublished\":\"2022-11-22T11:42:38+00:00\",\"dateModified\":\"2022-11-22T11:42:38+00:00\",\"description\":\"Sa\u0146emiet jaun\u0101kos Sp\u0101nijas izlozes La Primitiva laim\u0113ju\u0161os skait\u013cus, k\u0101 ar\u012b citus rezult\u0101tus.\",\"breadcrumb\":{\"@id\":\"https:\/\/onlinelotto365.com\/lv\/uzvarot-loterijas-numurus\/la-primitiva\/#breadcrumb\"},\"inLanguage\":\"lv-LV\",\"potentialAction\":[{\"@type\":\"ReadAction\",\"target\":[\"https:\/\/onlinelotto365.com\/lv\/uzvarot-loterijas-numurus\/la-primitiva\/\"]}]},{\"@type\":\"ImageObject\",\"inLanguage\":\"lv-LV\",\"@id\":\"https:\/\/onlinelotto365.com\/lv\/uzvarot-loterijas-numurus\/la-primitiva\/#primaryimage\",\"url\":\"https:\/\/redfoxlotto.com\/image?size=8&amp;lottery=la-primitiva\",\"contentUrl\":\"https:\/\/redfoxlotto.com\/image?size=8&amp;lottery=la-primitiva\"},{\"@type\":\"BreadcrumbList\",\"@id\":\"https:\/\/onlinelotto365.com\/lv\/uzvarot-loterijas-numurus\/la-primitiva\/#breadcrumb\",\"itemListElement\":[{\"@type\":\"ListItem\",\"position\":1,\"name\":\"Home\",\"item\":\"https:\/\/onlinelotto365.com\/lv\/\"},{\"@type\":\"ListItem\",\"position\":2,\"name\":\"Atrodiet uzvar\u0113t\u0101ju ciparus un rezult\u0101tus jaun\u0101kaj\u0101m izloz\u0113m\",\"item\":\"https:\/\/onlinelotto365.com\/lv\/winning-numbers\/\"},{\"@type\":\"ListItem\",\"position\":3,\"name\":\"La Primitiva izlozes rezult\u0101ti\"}]},{\"@type\":\"WebSite\",\"@id\":\"https:\/\/onlinelotto365.com\/lv\/#website\",\"url\":\"https:\/\/onlinelotto365.com\/lv\/\",\"name\":\"OnlineLotto365\",\"description\":\"\",\"potentialAction\":[{\"@type\":\"SearchAction\",\"target\":{\"@type\":\"EntryPoint\",\"urlTemplate\":\"https:\/\/onlinelotto365.com\/lv\/?s={search_term_string}\"},\"query-input\":{\"@type\":\"PropertyValueSpecification\",\"valueRequired\":true,\"valueName\":\"search_term_string\"}}],\"inLanguage\":\"lv-LV\"}]}<\/script>\n<!-- \/ Yoast SEO plugin. -->","yoast_head_json":{"title":"Jaun\u0101kie izlozes rezult\u0101ti, laim\u012bgie skait\u013ci La Primitiva","description":"Sa\u0146emiet jaun\u0101kos Sp\u0101nijas izlozes La Primitiva laim\u0113ju\u0161os skait\u013cus, k\u0101 ar\u012b citus rezult\u0101tus.","robots":{"index":"index","follow":"follow","max-snippet":"max-snippet:-1","max-image-preview":"max-image-preview:large","max-video-preview":"max-video-preview:-1"},"canonical":"https:\/\/onlinelotto365.com\/lv\/uzvarot-loterijas-numurus\/la-primitiva\/","og_locale":"lv_LV","og_type":"article","og_title":"Jaun\u0101kie izlozes rezult\u0101ti, laim\u012bgie skait\u013ci La Primitiva","og_description":"Sa\u0146emiet jaun\u0101kos Sp\u0101nijas izlozes La Primitiva laim\u0113ju\u0161os skait\u013cus, k\u0101 ar\u012b citus rezult\u0101tus.","og_url":"https:\/\/onlinelotto365.com\/lv\/uzvarot-loterijas-numurus\/la-primitiva\/","og_site_name":"OnlineLotto365","og_image":[{"url":"https:\/\/redfoxlotto.com\/image?size=8&amp;lottery=la-primitiva"}],"twitter_card":"summary_large_image","twitter_misc":{"Est. reading time":"3 minutes"},"schema":{"@context":"https:\/\/schema.org","@graph":[{"@type":"WebPage","@id":"https:\/\/onlinelotto365.com\/lv\/uzvarot-loterijas-numurus\/la-primitiva\/","url":"https:\/\/onlinelotto365.com\/lv\/uzvarot-loterijas-numurus\/la-primitiva\/","name":"Jaun\u0101kie izlozes rezult\u0101ti, laim\u012bgie skait\u013ci La Primitiva","isPartOf":{"@id":"https:\/\/onlinelotto365.com\/lv\/#website"},"primaryImageOfPage":{"@id":"https:\/\/onlinelotto365.com\/lv\/uzvarot-loterijas-numurus\/la-primitiva\/#primaryimage"},"image":{"@id":"https:\/\/onlinelotto365.com\/lv\/uzvarot-loterijas-numurus\/la-primitiva\/#primaryimage"},"thumbnailUrl":"https:\/\/redfoxlotto.com\/image?size=8&amp;lottery=la-primitiva","datePublished":"2022-11-22T11:42:38+00:00","dateModified":"2022-11-22T11:42:38+00:00","description":"Sa\u0146emiet jaun\u0101kos Sp\u0101nijas izlozes La Primitiva laim\u0113ju\u0161os skait\u013cus, k\u0101 ar\u012b citus rezult\u0101tus.","breadcrumb":{"@id":"https:\/\/onlinelotto365.com\/lv\/uzvarot-loterijas-numurus\/la-primitiva\/#breadcrumb"},"inLanguage":"lv-LV","potentialAction":[{"@type":"ReadAction","target":["https:\/\/onlinelotto365.com\/lv\/uzvarot-loterijas-numurus\/la-primitiva\/"]}]},{"@type":"ImageObject","inLanguage":"lv-LV","@id":"https:\/\/onlinelotto365.com\/lv\/uzvarot-loterijas-numurus\/la-primitiva\/#primaryimage","url":"https:\/\/redfoxlotto.com\/image?size=8&amp;lottery=la-primitiva","contentUrl":"https:\/\/redfoxlotto.com\/image?size=8&amp;lottery=la-primitiva"},{"@type":"BreadcrumbList","@id":"https:\/\/onlinelotto365.com\/lv\/uzvarot-loterijas-numurus\/la-primitiva\/#breadcrumb","itemListElement":[{"@type":"ListItem","position":1,"name":"Home","item":"https:\/\/onlinelotto365.com\/lv\/"},{"@type":"ListItem","position":2,"name":"Atrodiet uzvar\u0113t\u0101ju ciparus un rezult\u0101tus jaun\u0101kaj\u0101m izloz\u0113m","item":"https:\/\/onlinelotto365.com\/lv\/winning-numbers\/"},{"@type":"ListItem","position":3,"name":"La Primitiva izlozes rezult\u0101ti"}]},{"@type":"WebSite","@id":"https:\/\/onlinelotto365.com\/lv\/#website","url":"https:\/\/onlinelotto365.com\/lv\/","name":"OnlineLotto365","description":"","potentialAction":[{"@type":"SearchAction","target":{"@type":"EntryPoint","urlTemplate":"https:\/\/onlinelotto365.com\/lv\/?s={search_term_string}"},"query-input":{"@type":"PropertyValueSpecification","valueRequired":true,"valueName":"search_term_string"}}],"inLanguage":"lv-LV"}]}},"_links":{"self":[{"href":"https:\/\/onlinelotto365.com\/lv\/wp-json\/wp\/v2\/pages\/80706","targetHints":{"allow":["GET"]}}],"collection":[{"href":"https:\/\/onlinelotto365.com\/lv\/wp-json\/wp\/v2\/pages"}],"about":[{"href":"https:\/\/onlinelotto365.com\/lv\/wp-json\/wp\/v2\/types\/page"}],"author":[{"embeddable":true,"href":"https:\/\/onlinelotto365.com\/lv\/wp-json\/wp\/v2\/users\/1"}],"replies":[{"embeddable":true,"href":"https:\/\/onlinelotto365.com\/lv\/wp-json\/wp\/v2\/comments?post=80706"}],"version-history":[{"count":0,"href":"https:\/\/onlinelotto365.com\/lv\/wp-json\/wp\/v2\/pages\/80706\/revisions"}],"up":[{"embeddable":true,"href":"https:\/\/onlinelotto365.com\/lv\/wp-json\/wp\/v2\/pages\/5850"}],"wp:attachment":[{"href":"https:\/\/onlinelotto365.com\/lv\/wp-json\/wp\/v2\/media?parent=80706"}],"curies":[{"name":"wp","href":"https:\/\/api.w.org\/{rel}","templated":true}]}}