{"id":80738,"date":"2022-11-22T13:30:08","date_gmt":"2022-11-22T12:30:08","guid":{"rendered":"https:\/\/onlinelotto365.com\/?page_id=80738"},"modified":"2022-11-22T13:33:27","modified_gmt":"2022-11-22T12:33:27","slug":"bonoloto","status":"publish","type":"page","link":"https:\/\/onlinelotto365.com\/lv\/uzvarot-loterijas-numurus\/bonoloto\/","title":{"rendered":"Sp\u0101\u0146u Bonoloto rezult\u0101ti"},"content":{"rendered":"<p>Starptautisk\u0101s loterijas sp\u0113les var b\u016bt \u013coti jautras, ta\u010du jums ir j\u0101zina, k\u0101 p\u0101rbaud\u012bt laim\u0113ju\u0161os skait\u013cus. Viens no veidiem, k\u0101 noskaidrot laim\u0113ju\u0161os BonoLoto numurus, ir doties uz laikrakstu. Ta\u010du tikai viet\u0113jos laikrakstos parasti b\u016bs atrodami rezult\u0101ti, kurus j\u016bs mekl\u0113jat.<br \/>\n<a href=\"https:\/\/redfoxlotto.com\/play\/bonoloto\/?ref=a8564250a2&amp;medium=ol365\" target=\"_blank\" rel=\"noopener noreferrer\"><img decoding=\"async\" class=\"aligncenter\" src=\"https:\/\/redfoxlotto.com\/image?size=8&amp;lottery=bonoloto\" alt=\"BonoLoto\" \/><\/a><br \/>\nV\u0113l viena iesp\u0113ja ir apskat\u012bt telev\u012bzijas stacijas, ta\u010du ar\u012b tur j\u016bs varat neatrast inform\u0101ciju, ko mekl\u0113jat. Jums ir j\u0101dz\u012bvo pareizaj\u0101 apgabal\u0101 un j\u0101zina, kad p\u0101rbaud\u012bt skait\u013cus.<\/p>\n<p>T\u0101l\u0101k varat apskat\u012bt BonoLoto ofici\u0101lo t\u012bmek\u013ca vietni, lai uzzin\u0101tu, vai t\u0101 pied\u0101v\u0101 tie\u0161raidi tie\u0161saist\u0113. Sp\u0113l\u0113m, kas to pied\u0101v\u0101, tas var b\u016bt aizraujo\u0161i ikvienam, jo j\u016bs varat aizrauties, skatoties uz skait\u013ciem, kas uzreiz par\u0101d\u0101s. Ta\u010du paturiet pr\u0101t\u0101, ka ne visas loteriju sp\u0113les pied\u0101v\u0101 \u0161o iesp\u0113ju.<\/p>\n<p>Visbeidzot, j\u016bs varat iel\u016bkoties vietn\u0113 YouTube, lai noskaidrotu, vai k\u0101ds ir public\u0113jis izlozes tie\u0161raides video vai ar\u012b ir ierakst\u012bjis laim\u0113ju\u0161os skait\u013cus k\u0101d\u0101 cit\u0101 veid\u0101, lai dal\u012btos ar BonoLoto izlozi.<\/p>\n<p>Tom\u0113r vis\u0113rt\u0101kais veids, k\u0101 j\u016bs varat uzzin\u0101t laim\u0113ju\u0161os skait\u013cus, noteikti ir, apmekl\u0113jot m\u016bsu t\u012bmek\u013ca vietni. M\u0113s sniegsim jums visus BonoLoto, k\u0101 ar\u012b jebkuru citu m\u016bsu vietn\u0113 pieejamo sp\u0113\u013cu laimesta numurus, lai j\u016bs var\u0113tu sekot l\u012bdzi visiem izlozes numuriem vienuviet.<\/p>\n<h2>K\u0101 uzzin\u0101t, vai j\u016bsu tie\u0161saistes bi\u013cete ir laim\u0113jusi?<\/h2>\n<p>Tie, kas jau ir ieg\u0101d\u0101ju\u0161ies BonoLoto bi\u013ceti, var ieiet sav\u0101 kont\u0101. Piesakieties un dodieties uz lapu, kur\u0101 ir j\u016bsu bi\u013cetes. Tikl\u012bdz tur b\u016bsiet, var\u0113siet apskat\u012bt jebkuras sp\u0113les, uz kuru bi\u013cetes esat ieg\u0101d\u0101jies, rezult\u0101tus. T\u0101d\u0113j\u0101di jums b\u016bs daudz viegl\u0101k redz\u0113t, kuri skait\u013ci jums ir sakritu\u0161i un kuri ne. J\u016bs ar\u012b var\u0113siet uzreiz sa\u0146emt savu naudu, ja esat laim\u0113jis maz\u0101k nek\u0101 2500 eiro. Tas ir t\u0101p\u0113c, ka \u0161\u012bs summas tiek ieskait\u012btas tie\u0161i j\u016bsu kont\u0101, un jums nav nekas j\u0101dara.<\/p>\n<h2>BonoLoto rezult\u0101tu arh\u012bvs<\/h2>\n<p>Ja mekl\u0113jat vecos BonoLoto numurus, jums nav t\u0101lu j\u0101mekl\u0113. Tas ir t\u0101p\u0113c, ka m\u0113s esam par\u016bp\u0113ju\u0161ies par visu j\u016bsu viet\u0101. M\u0113s pat esam ievietoju\u0161i visus vecos numurus taj\u0101 pa\u0161\u0101 viet\u0101, kur jaun\u0101kos numurus, lai jums neb\u016btu j\u0101uztraucas par to mekl\u0113\u0161anu. Tas ir t\u0101p\u0113c, ka m\u0113s zin\u0101m, cik svar\u012bgi jums ir sp\u0113t atrast \u0161os numurus, kad tos v\u0113laties.<\/p>\n<h2>Mana bi\u013cete ir laim\u0113jusi, kas notiks t\u0101l\u0101k?<\/h2>\n<p><img loading=\"lazy\" decoding=\"async\" class=\"alignright wp-image-3651\" src=\"https:\/\/onlinelotto365.com\/wp-content\/uploads\/2020\/11\/online_lottery-79-300x292.jpg\" alt=\"bonoloto laim\u0113ju\u0161ie skait\u013ci\" width=\"148\" height=\"145\" srcset=\"https:\/\/onlinelotto365.com\/wp-content\/uploads\/2020\/11\/online_lottery-79-300x292.jpg 300w, https:\/\/onlinelotto365.com\/wp-content\/uploads\/2020\/11\/online_lottery-79.jpg 320w\" sizes=\"auto, (max-width: 148px) 100vw, 148px\" \/><br \/>\nM\u0113s jau run\u0101j\u0101m par to, ka, ja j\u016bs vinn\u0113siet k\u0101du no mazaj\u0101m balv\u0101m jebkur\u0101 loto sp\u0113l\u0113, jums nav j\u0101uztraucas par savas naudas sa\u0146em\u0161anu. Tas ir t\u0101p\u0113c, ka m\u0113s par\u016bp\u0113simies, lai t\u0101 tiktu ieskait\u012bta tie\u0161i j\u016bsu kont\u0101. Jebkura summa, kas ir maz\u0101ka par \u20ac2500, tiks autom\u0101tiski pievienota j\u016bsu kontam, lai t\u0101 b\u016btu pieejama, kad vien j\u016bs to v\u0113l\u0113sieties.<br \/>\nTas noteikti b\u016bs Jums \u0113rti, un tas pal\u012bdz\u0113s Jums s\u0101kt izmantot \u0161o naudu. Tas ir t\u0101p\u0113c, ka j\u016bs var\u0113siet to izmantot, lai ieg\u0101d\u0101tos vair\u0101k bi\u013ce\u0161u, kad vien v\u0113l\u0113sieties. Ja summa ir liel\u0101ka par 10 eiro, j\u016bs pat varat iz\u0146emt naudu jebkur\u0101 kont\u0101, kuru jau iepriek\u0161 izmantoj\u0101t m\u016bsu vietn\u0113.<\/p>\n","protected":false},"excerpt":{"rendered":"<p>Starptautisk\u0101s loterijas sp\u0113les var b\u016bt \u013coti jautras, ta\u010du jums ir j\u0101zina, k\u0101 p\u0101rbaud\u012bt laim\u0113ju\u0161os skait\u013cus. Viens no veidiem, k\u0101 noskaidrot laim\u0113ju\u0161os BonoLoto numurus, ir doties uz laikrakstu. Ta\u010du tikai viet\u0113jos laikrakstos parasti b\u016bs atrodami rezult\u0101ti, kurus j\u016bs mekl\u0113jat. V\u0113l viena iesp\u0113ja ir apskat\u012bt telev\u012bzijas stacijas, ta\u010du ar\u012b tur j\u016bs varat neatrast inform\u0101ciju, ko mekl\u0113jat. Jums [&hellip;]<\/p>\n","protected":false},"author":1,"featured_media":0,"parent":5850,"menu_order":8,"comment_status":"closed","ping_status":"closed","template":"template-rightsidebar.php","meta":{"_et_pb_use_builder":"","_et_pb_old_content":"","_et_gb_content_width":"","exclude_from_search":false,"footnotes":""},"class_list":["post-80738","page","type-page","status-publish","hentry"],"yoast_head":"<!-- This site is optimized with the Yoast SEO plugin v23.4 - https:\/\/yoast.com\/wordpress\/plugins\/seo\/ -->\n<title>Sp\u0101nijas BonoLoto rezult\u0101ti un balvas<\/title>\n<meta name=\"description\" content=\"Skatiet \u0161eit, lai uzzin\u0101tu, vai j\u016bsu Bonoloto bi\u013cetes ir vinn\u0113ju\u0161as\" \/>\n<meta name=\"robots\" content=\"index, follow, max-snippet:-1, max-image-preview:large, max-video-preview:-1\" \/>\n<link rel=\"canonical\" href=\"https:\/\/onlinelotto365.com\/lv\/uzvarot-loterijas-numurus\/bonoloto\/\" \/>\n<meta property=\"og:locale\" content=\"lv_LV\" \/>\n<meta property=\"og:type\" content=\"article\" \/>\n<meta property=\"og:title\" content=\"Sp\u0101nijas BonoLoto rezult\u0101ti un balvas\" \/>\n<meta property=\"og:description\" content=\"Skatiet \u0161eit, lai uzzin\u0101tu, vai j\u016bsu Bonoloto bi\u013cetes ir vinn\u0113ju\u0161as\" \/>\n<meta property=\"og:url\" content=\"https:\/\/onlinelotto365.com\/lv\/uzvarot-loterijas-numurus\/bonoloto\/\" \/>\n<meta property=\"og:site_name\" content=\"OnlineLotto365\" \/>\n<meta property=\"article:modified_time\" content=\"2022-11-22T12:33:27+00:00\" \/>\n<meta property=\"og:image\" content=\"https:\/\/redfoxlotto.com\/image?size=8&amp;lottery=bonoloto\" \/>\n<meta name=\"twitter:card\" content=\"summary_large_image\" \/>\n<meta name=\"twitter:label1\" content=\"Est. reading time\" \/>\n\t<meta name=\"twitter:data1\" content=\"3 minutes\" \/>\n<script type=\"application\/ld+json\" class=\"yoast-schema-graph\">{\"@context\":\"https:\/\/schema.org\",\"@graph\":[{\"@type\":\"WebPage\",\"@id\":\"https:\/\/onlinelotto365.com\/lv\/uzvarot-loterijas-numurus\/bonoloto\/\",\"url\":\"https:\/\/onlinelotto365.com\/lv\/uzvarot-loterijas-numurus\/bonoloto\/\",\"name\":\"Sp\u0101nijas BonoLoto rezult\u0101ti un balvas\",\"isPartOf\":{\"@id\":\"https:\/\/onlinelotto365.com\/lv\/#website\"},\"primaryImageOfPage\":{\"@id\":\"https:\/\/onlinelotto365.com\/lv\/uzvarot-loterijas-numurus\/bonoloto\/#primaryimage\"},\"image\":{\"@id\":\"https:\/\/onlinelotto365.com\/lv\/uzvarot-loterijas-numurus\/bonoloto\/#primaryimage\"},\"thumbnailUrl\":\"https:\/\/redfoxlotto.com\/image?size=8&amp;lottery=bonoloto\",\"datePublished\":\"2022-11-22T12:30:08+00:00\",\"dateModified\":\"2022-11-22T12:33:27+00:00\",\"description\":\"Skatiet \u0161eit, lai uzzin\u0101tu, vai j\u016bsu Bonoloto bi\u013cetes ir vinn\u0113ju\u0161as\",\"breadcrumb\":{\"@id\":\"https:\/\/onlinelotto365.com\/lv\/uzvarot-loterijas-numurus\/bonoloto\/#breadcrumb\"},\"inLanguage\":\"lv-LV\",\"potentialAction\":[{\"@type\":\"ReadAction\",\"target\":[\"https:\/\/onlinelotto365.com\/lv\/uzvarot-loterijas-numurus\/bonoloto\/\"]}]},{\"@type\":\"ImageObject\",\"inLanguage\":\"lv-LV\",\"@id\":\"https:\/\/onlinelotto365.com\/lv\/uzvarot-loterijas-numurus\/bonoloto\/#primaryimage\",\"url\":\"https:\/\/redfoxlotto.com\/image?size=8&amp;lottery=bonoloto\",\"contentUrl\":\"https:\/\/redfoxlotto.com\/image?size=8&amp;lottery=bonoloto\"},{\"@type\":\"BreadcrumbList\",\"@id\":\"https:\/\/onlinelotto365.com\/lv\/uzvarot-loterijas-numurus\/bonoloto\/#breadcrumb\",\"itemListElement\":[{\"@type\":\"ListItem\",\"position\":1,\"name\":\"Home\",\"item\":\"https:\/\/onlinelotto365.com\/lv\/\"},{\"@type\":\"ListItem\",\"position\":2,\"name\":\"Atrodiet uzvar\u0113t\u0101ju ciparus un rezult\u0101tus jaun\u0101kaj\u0101m izloz\u0113m\",\"item\":\"https:\/\/onlinelotto365.com\/lv\/winning-numbers\/\"},{\"@type\":\"ListItem\",\"position\":3,\"name\":\"Sp\u0101\u0146u Bonoloto rezult\u0101ti\"}]},{\"@type\":\"WebSite\",\"@id\":\"https:\/\/onlinelotto365.com\/lv\/#website\",\"url\":\"https:\/\/onlinelotto365.com\/lv\/\",\"name\":\"OnlineLotto365\",\"description\":\"\",\"potentialAction\":[{\"@type\":\"SearchAction\",\"target\":{\"@type\":\"EntryPoint\",\"urlTemplate\":\"https:\/\/onlinelotto365.com\/lv\/?s={search_term_string}\"},\"query-input\":{\"@type\":\"PropertyValueSpecification\",\"valueRequired\":true,\"valueName\":\"search_term_string\"}}],\"inLanguage\":\"lv-LV\"}]}<\/script>\n<!-- \/ Yoast SEO plugin. -->","yoast_head_json":{"title":"Sp\u0101nijas BonoLoto rezult\u0101ti un balvas","description":"Skatiet \u0161eit, lai uzzin\u0101tu, vai j\u016bsu Bonoloto bi\u013cetes ir vinn\u0113ju\u0161as","robots":{"index":"index","follow":"follow","max-snippet":"max-snippet:-1","max-image-preview":"max-image-preview:large","max-video-preview":"max-video-preview:-1"},"canonical":"https:\/\/onlinelotto365.com\/lv\/uzvarot-loterijas-numurus\/bonoloto\/","og_locale":"lv_LV","og_type":"article","og_title":"Sp\u0101nijas BonoLoto rezult\u0101ti un balvas","og_description":"Skatiet \u0161eit, lai uzzin\u0101tu, vai j\u016bsu Bonoloto bi\u013cetes ir vinn\u0113ju\u0161as","og_url":"https:\/\/onlinelotto365.com\/lv\/uzvarot-loterijas-numurus\/bonoloto\/","og_site_name":"OnlineLotto365","article_modified_time":"2022-11-22T12:33:27+00:00","og_image":[{"url":"https:\/\/redfoxlotto.com\/image?size=8&amp;lottery=bonoloto"}],"twitter_card":"summary_large_image","twitter_misc":{"Est. reading time":"3 minutes"},"schema":{"@context":"https:\/\/schema.org","@graph":[{"@type":"WebPage","@id":"https:\/\/onlinelotto365.com\/lv\/uzvarot-loterijas-numurus\/bonoloto\/","url":"https:\/\/onlinelotto365.com\/lv\/uzvarot-loterijas-numurus\/bonoloto\/","name":"Sp\u0101nijas BonoLoto rezult\u0101ti un balvas","isPartOf":{"@id":"https:\/\/onlinelotto365.com\/lv\/#website"},"primaryImageOfPage":{"@id":"https:\/\/onlinelotto365.com\/lv\/uzvarot-loterijas-numurus\/bonoloto\/#primaryimage"},"image":{"@id":"https:\/\/onlinelotto365.com\/lv\/uzvarot-loterijas-numurus\/bonoloto\/#primaryimage"},"thumbnailUrl":"https:\/\/redfoxlotto.com\/image?size=8&amp;lottery=bonoloto","datePublished":"2022-11-22T12:30:08+00:00","dateModified":"2022-11-22T12:33:27+00:00","description":"Skatiet \u0161eit, lai uzzin\u0101tu, vai j\u016bsu Bonoloto bi\u013cetes ir vinn\u0113ju\u0161as","breadcrumb":{"@id":"https:\/\/onlinelotto365.com\/lv\/uzvarot-loterijas-numurus\/bonoloto\/#breadcrumb"},"inLanguage":"lv-LV","potentialAction":[{"@type":"ReadAction","target":["https:\/\/onlinelotto365.com\/lv\/uzvarot-loterijas-numurus\/bonoloto\/"]}]},{"@type":"ImageObject","inLanguage":"lv-LV","@id":"https:\/\/onlinelotto365.com\/lv\/uzvarot-loterijas-numurus\/bonoloto\/#primaryimage","url":"https:\/\/redfoxlotto.com\/image?size=8&amp;lottery=bonoloto","contentUrl":"https:\/\/redfoxlotto.com\/image?size=8&amp;lottery=bonoloto"},{"@type":"BreadcrumbList","@id":"https:\/\/onlinelotto365.com\/lv\/uzvarot-loterijas-numurus\/bonoloto\/#breadcrumb","itemListElement":[{"@type":"ListItem","position":1,"name":"Home","item":"https:\/\/onlinelotto365.com\/lv\/"},{"@type":"ListItem","position":2,"name":"Atrodiet uzvar\u0113t\u0101ju ciparus un rezult\u0101tus jaun\u0101kaj\u0101m izloz\u0113m","item":"https:\/\/onlinelotto365.com\/lv\/winning-numbers\/"},{"@type":"ListItem","position":3,"name":"Sp\u0101\u0146u Bonoloto rezult\u0101ti"}]},{"@type":"WebSite","@id":"https:\/\/onlinelotto365.com\/lv\/#website","url":"https:\/\/onlinelotto365.com\/lv\/","name":"OnlineLotto365","description":"","potentialAction":[{"@type":"SearchAction","target":{"@type":"EntryPoint","urlTemplate":"https:\/\/onlinelotto365.com\/lv\/?s={search_term_string}"},"query-input":{"@type":"PropertyValueSpecification","valueRequired":true,"valueName":"search_term_string"}}],"inLanguage":"lv-LV"}]}},"_links":{"self":[{"href":"https:\/\/onlinelotto365.com\/lv\/wp-json\/wp\/v2\/pages\/80738","targetHints":{"allow":["GET"]}}],"collection":[{"href":"https:\/\/onlinelotto365.com\/lv\/wp-json\/wp\/v2\/pages"}],"about":[{"href":"https:\/\/onlinelotto365.com\/lv\/wp-json\/wp\/v2\/types\/page"}],"author":[{"embeddable":true,"href":"https:\/\/onlinelotto365.com\/lv\/wp-json\/wp\/v2\/users\/1"}],"replies":[{"embeddable":true,"href":"https:\/\/onlinelotto365.com\/lv\/wp-json\/wp\/v2\/comments?post=80738"}],"version-history":[{"count":0,"href":"https:\/\/onlinelotto365.com\/lv\/wp-json\/wp\/v2\/pages\/80738\/revisions"}],"up":[{"embeddable":true,"href":"https:\/\/onlinelotto365.com\/lv\/wp-json\/wp\/v2\/pages\/5850"}],"wp:attachment":[{"href":"https:\/\/onlinelotto365.com\/lv\/wp-json\/wp\/v2\/media?parent=80738"}],"curies":[{"name":"wp","href":"https:\/\/api.w.org\/{rel}","templated":true}]}}