{"id":80770,"date":"2022-11-23T07:27:38","date_gmt":"2022-11-23T06:27:38","guid":{"rendered":"https:\/\/onlinelotto365.com\/?page_id=80770"},"modified":"2022-11-23T07:27:38","modified_gmt":"2022-11-23T06:27:38","slug":"uk-lottery","status":"publish","type":"page","link":"https:\/\/onlinelotto365.com\/lv\/uzvarot-loterijas-numurus\/uk-lottery\/","title":{"rendered":"Apvienot\u0101s Karalistes loterijas rezult\u0101ti"},"content":{"rendered":"<p>Ir daudz da\u017e\u0101du starptautisku sp\u0113\u013cu, un m\u0113s to pied\u0101v\u0101jam \u013coti daudz. Tas var noz\u012bm\u0113t, ka p\u0113c izlozes jums b\u016bs gr\u016bti atrast rezult\u0101tus. Da\u017ei v\u0113las mekl\u0113t laikrakst\u0101, ta\u010du j\u016bsu viet\u0113j\u0101 laikrakst\u0101 var neb\u016bt Apvienot\u0101s Karalistes loterijas rezult\u0101tu. No otras puses, ar\u012b telev\u012bzijas stacij\u0101s var neb\u016bt \u0161o rezult\u0101tu, vai ar\u012b var paiet laiks, l\u012bdz atrad\u012bsiet pareizo kan\u0101lu, kur\u0101 tie ir.<br \/>\n<a href=\"https:\/\/redfoxlotto.com\/play\/lotto-uk\/?ref=a8564250a2&amp;medium=ol365\" target=\"_blank\" rel=\"noopener noreferrer\"><img decoding=\"async\" class=\"aligncenter\" src=\"https:\/\/redfoxlotto.com\/image?size=8&amp;lottery=lotto-uk\" alt=\"uk loterija\" \/><\/a><\/p>\n<p>V\u0113l viena iesp\u0113ja ir apskat\u012bt Apvienot\u0101s Karalistes loterijas ofici\u0101lo t\u012bmek\u013ca vietni, kur\u0101 var b\u016bt izlozes procesa tie\u0161raide. Ta\u010du ne visas loterijas pied\u0101v\u0101 \u0161\u0101da veida tie\u0161raides sist\u0113mu, un pat tad, ja t\u0101 tiek pied\u0101v\u0101ta, jums ir j\u0101b\u016bt tur \u012bstaj\u0101 laik\u0101. T\u0101tad, k\u0101du veidu j\u016bs varat izmantot, lai uzzin\u0101tu Apvienot\u0101s Karalistes loterijas rezult\u0101tus?<br \/>\nV\u0113l viena iesp\u0113ja ir p\u0101rbaud\u012bt YouTube jaun\u0101ko Apvienot\u0101s Karalistes loterijas izlozi, ja t\u0101 jau ir beigusies. Da\u017ereiz cilv\u0113ki aug\u0161upiel\u0101d\u0113 ierakstu vai k\u0101d\u0101 veid\u0101 public\u0113 laim\u0113ju\u0161os skait\u013cus.<\/p>\n<p>Tom\u0113r visvienk\u0101r\u0161\u0101kais veids, k\u0101 j\u016bs varat uzzin\u0101t laim\u0113ju\u0161os skait\u013cus, ir p\u0101rbaud\u012bt m\u016bsu t\u012bmek\u013ca vietni. M\u016bsu loterijas rezult\u0101tu lap\u0101 j\u016bs redz\u0113siet Apvienot\u0101s Karalistes loterijas, k\u0101 ar\u012b visu citu mums pieejamo loteriju sp\u0113\u013cu rezult\u0101tus un balvas.<\/p>\n<h2>K\u0101 uzzin\u0101t, vai j\u016bsu tie\u0161saistes bi\u013cete ir vinn\u0113jusi?<\/h2>\n<p>V\u0113l lab\u0101k jums ir tas, ka j\u016bs varat p\u0101rbaud\u012bt sava konta lapu, ja jau esat ieg\u0101d\u0101jies bi\u013cetes. J\u016bsu konta lap\u0101 m\u0113s jums par\u0101d\u012bsim jebkuras j\u016bsu bi\u013cetes laim\u0113ju\u0161os skait\u013cus un sal\u012bdzin\u0101sim tos ar j\u016bsu pa\u0161u bi\u013ceti. M\u0113s pat izcelsim skait\u013cus, kas sakr\u012bt.<br \/>\nUn, ja laim\u0113siet maz\u0101k nek\u0101 2500 eiro, jums nekas nav j\u0101dara, jo nauda jau tiks ieskait\u012bta tie\u0161i j\u016bsu sp\u0113l\u0113t\u0101ja kont\u0101, tikl\u012bdz rezult\u0101ti tiks p\u0101rbaud\u012bti. T\u0101d\u0113j\u0101di jums b\u016bs viegl\u0101k ieg\u0101d\u0101ties vair\u0101k bi\u013ce\u0161u n\u0101kamajam izloz\u0113jumam.<\/p>\n<h2>Apvienot\u0101s Karalistes loterijas rezult\u0101tu arh\u012bvs<\/h2>\n<p>Katr\u0101 no m\u016bsu t\u012bmek\u013ca vietnes lap\u0101m, kur\u0101s redz\u0113siet pa\u0161reiz\u0113jos laim\u0113ju\u0161os skait\u013cus, b\u016bs redzami ar\u012b vecie Apvienot\u0101s Karalistes loterijas rezult\u0101ti. J\u016bs var\u0113siet p\u0101rbaud\u012bt iepriek\u0161\u0113jos izlozes rezult\u0101tus, lai atrastu vec\u0101s bi\u013cetes vai noskaidrotu, ar k\u0101diem skait\u013ciem v\u0113laties sp\u0113l\u0113t n\u0101kamaj\u0101 izloz\u0113. Galu gal\u0101 daudziem cilv\u0113kiem pat\u012bk p\u0101rbaud\u012bt vecos skait\u013cus, lai izv\u0113l\u0113tos savus.<\/p>\n<h2>Mana bi\u013cete ir vinn\u0113jusi, kas notiks t\u0101l\u0101k?<\/h2>\n<p><img loading=\"lazy\" decoding=\"async\" class=\"alignright wp-image-3550\" src=\"https:\/\/onlinelotto365.com\/wp-content\/uploads\/2020\/11\/online_lottery-108-300x232.jpg\" alt=\"uk loterija rezult\u0101ti\" width=\"146\" height=\"113\" srcset=\"https:\/\/onlinelotto365.com\/wp-content\/uploads\/2020\/11\/online_lottery-108-300x232.jpg 300w, https:\/\/onlinelotto365.com\/wp-content\/uploads\/2020\/11\/online_lottery-108.jpg 320w\" sizes=\"auto, (max-width: 146px) 100vw, 146px\" \/><br \/>\nJa jums ir laim\u0113jus\u012b bi\u013cete un jums pien\u0101kas maz\u0101k nek\u0101 2500 eiro, jums nav j\u0101dara nekas. M\u0113s par visu par\u016bp\u0113simies j\u016bsu viet\u0101 un nodro\u0161in\u0101sim, lai j\u016bs sa\u0146emtu laimestu tie\u0161i sav\u0101 kont\u0101. Ja v\u0113laties izmantot \u0161o naudu, varat to izmantot, lai ieg\u0101d\u0101tos v\u0113l vair\u0101k bi\u013ce\u0161u. Ja nev\u0113laties, naudu varat iz\u0146emt, ja vien jums ir pieejami vismaz 10 eiro. \u0160\u012b nauda j\u0101iz\u0146em, izmantojot maks\u0101jumu metodi, kas jau ir izmantota m\u016bsu vietn\u0113, un, lai iev\u0113rotu feder\u0101los noteikumus, jums var n\u0101kties p\u0101rbaud\u012bt savu identit\u0101ti.<\/p>\n","protected":false},"excerpt":{"rendered":"<p>Ir daudz da\u017e\u0101du starptautisku sp\u0113\u013cu, un m\u0113s to pied\u0101v\u0101jam \u013coti daudz. Tas var noz\u012bm\u0113t, ka p\u0113c izlozes jums b\u016bs gr\u016bti atrast rezult\u0101tus. Da\u017ei v\u0113las mekl\u0113t laikrakst\u0101, ta\u010du j\u016bsu viet\u0113j\u0101 laikrakst\u0101 var neb\u016bt Apvienot\u0101s Karalistes loterijas rezult\u0101tu. No otras puses, ar\u012b telev\u012bzijas stacij\u0101s var neb\u016bt \u0161o rezult\u0101tu, vai ar\u012b var paiet laiks, l\u012bdz atrad\u012bsiet pareizo kan\u0101lu, [&hellip;]<\/p>\n","protected":false},"author":1,"featured_media":0,"parent":5850,"menu_order":9,"comment_status":"closed","ping_status":"closed","template":"lotto-uk-results.php","meta":{"_et_pb_use_builder":"","_et_pb_old_content":"","_et_gb_content_width":"","exclude_from_search":false,"footnotes":""},"class_list":["post-80770","page","type-page","status-publish","hentry"],"yoast_head":"<!-- This site is optimized with the Yoast SEO plugin v23.4 - https:\/\/yoast.com\/wordpress\/plugins\/seo\/ -->\n<title>Rezult\u0101ti, uzvar\u0113t\u0101ju numurus AK loterijas<\/title>\n<meta name=\"description\" content=\"Uzreiz p\u0113c izlozes, skat\u012bt rezult\u0101tus un numurus Apvienot\u0101s Karalistes loterijas \u0161eit\" \/>\n<meta name=\"robots\" content=\"index, follow, max-snippet:-1, max-image-preview:large, max-video-preview:-1\" \/>\n<link rel=\"canonical\" href=\"https:\/\/onlinelotto365.com\/lv\/uzvarot-loterijas-numurus\/uk-lottery\/\" \/>\n<meta property=\"og:locale\" content=\"lv_LV\" \/>\n<meta property=\"og:type\" content=\"article\" \/>\n<meta property=\"og:title\" content=\"Rezult\u0101ti, uzvar\u0113t\u0101ju numurus AK loterijas\" \/>\n<meta property=\"og:description\" content=\"Uzreiz p\u0113c izlozes, skat\u012bt rezult\u0101tus un numurus Apvienot\u0101s Karalistes loterijas \u0161eit\" \/>\n<meta property=\"og:url\" content=\"https:\/\/onlinelotto365.com\/lv\/uzvarot-loterijas-numurus\/uk-lottery\/\" \/>\n<meta property=\"og:site_name\" content=\"OnlineLotto365\" \/>\n<meta property=\"og:image\" content=\"https:\/\/redfoxlotto.com\/image?size=8&amp;lottery=lotto-uk\" \/>\n<meta name=\"twitter:card\" content=\"summary_large_image\" \/>\n<meta name=\"twitter:label1\" content=\"Est. reading time\" \/>\n\t<meta name=\"twitter:data1\" content=\"2 minutes\" \/>\n<script type=\"application\/ld+json\" class=\"yoast-schema-graph\">{\"@context\":\"https:\/\/schema.org\",\"@graph\":[{\"@type\":\"WebPage\",\"@id\":\"https:\/\/onlinelotto365.com\/lv\/uzvarot-loterijas-numurus\/uk-lottery\/\",\"url\":\"https:\/\/onlinelotto365.com\/lv\/uzvarot-loterijas-numurus\/uk-lottery\/\",\"name\":\"Rezult\u0101ti, uzvar\u0113t\u0101ju numurus AK loterijas\",\"isPartOf\":{\"@id\":\"https:\/\/onlinelotto365.com\/lv\/#website\"},\"primaryImageOfPage\":{\"@id\":\"https:\/\/onlinelotto365.com\/lv\/uzvarot-loterijas-numurus\/uk-lottery\/#primaryimage\"},\"image\":{\"@id\":\"https:\/\/onlinelotto365.com\/lv\/uzvarot-loterijas-numurus\/uk-lottery\/#primaryimage\"},\"thumbnailUrl\":\"https:\/\/redfoxlotto.com\/image?size=8&amp;lottery=lotto-uk\",\"datePublished\":\"2022-11-23T06:27:38+00:00\",\"dateModified\":\"2022-11-23T06:27:38+00:00\",\"description\":\"Uzreiz p\u0113c izlozes, skat\u012bt rezult\u0101tus un numurus Apvienot\u0101s Karalistes loterijas \u0161eit\",\"breadcrumb\":{\"@id\":\"https:\/\/onlinelotto365.com\/lv\/uzvarot-loterijas-numurus\/uk-lottery\/#breadcrumb\"},\"inLanguage\":\"lv-LV\",\"potentialAction\":[{\"@type\":\"ReadAction\",\"target\":[\"https:\/\/onlinelotto365.com\/lv\/uzvarot-loterijas-numurus\/uk-lottery\/\"]}]},{\"@type\":\"ImageObject\",\"inLanguage\":\"lv-LV\",\"@id\":\"https:\/\/onlinelotto365.com\/lv\/uzvarot-loterijas-numurus\/uk-lottery\/#primaryimage\",\"url\":\"https:\/\/redfoxlotto.com\/image?size=8&amp;lottery=lotto-uk\",\"contentUrl\":\"https:\/\/redfoxlotto.com\/image?size=8&amp;lottery=lotto-uk\"},{\"@type\":\"BreadcrumbList\",\"@id\":\"https:\/\/onlinelotto365.com\/lv\/uzvarot-loterijas-numurus\/uk-lottery\/#breadcrumb\",\"itemListElement\":[{\"@type\":\"ListItem\",\"position\":1,\"name\":\"Home\",\"item\":\"https:\/\/onlinelotto365.com\/lv\/\"},{\"@type\":\"ListItem\",\"position\":2,\"name\":\"Atrodiet uzvar\u0113t\u0101ju ciparus un rezult\u0101tus jaun\u0101kaj\u0101m izloz\u0113m\",\"item\":\"https:\/\/onlinelotto365.com\/lv\/winning-numbers\/\"},{\"@type\":\"ListItem\",\"position\":3,\"name\":\"Apvienot\u0101s Karalistes loterijas rezult\u0101ti\"}]},{\"@type\":\"WebSite\",\"@id\":\"https:\/\/onlinelotto365.com\/lv\/#website\",\"url\":\"https:\/\/onlinelotto365.com\/lv\/\",\"name\":\"OnlineLotto365\",\"description\":\"\",\"potentialAction\":[{\"@type\":\"SearchAction\",\"target\":{\"@type\":\"EntryPoint\",\"urlTemplate\":\"https:\/\/onlinelotto365.com\/lv\/?s={search_term_string}\"},\"query-input\":{\"@type\":\"PropertyValueSpecification\",\"valueRequired\":true,\"valueName\":\"search_term_string\"}}],\"inLanguage\":\"lv-LV\"}]}<\/script>\n<!-- \/ Yoast SEO plugin. -->","yoast_head_json":{"title":"Rezult\u0101ti, uzvar\u0113t\u0101ju numurus AK loterijas","description":"Uzreiz p\u0113c izlozes, skat\u012bt rezult\u0101tus un numurus Apvienot\u0101s Karalistes loterijas \u0161eit","robots":{"index":"index","follow":"follow","max-snippet":"max-snippet:-1","max-image-preview":"max-image-preview:large","max-video-preview":"max-video-preview:-1"},"canonical":"https:\/\/onlinelotto365.com\/lv\/uzvarot-loterijas-numurus\/uk-lottery\/","og_locale":"lv_LV","og_type":"article","og_title":"Rezult\u0101ti, uzvar\u0113t\u0101ju numurus AK loterijas","og_description":"Uzreiz p\u0113c izlozes, skat\u012bt rezult\u0101tus un numurus Apvienot\u0101s Karalistes loterijas \u0161eit","og_url":"https:\/\/onlinelotto365.com\/lv\/uzvarot-loterijas-numurus\/uk-lottery\/","og_site_name":"OnlineLotto365","og_image":[{"url":"https:\/\/redfoxlotto.com\/image?size=8&amp;lottery=lotto-uk"}],"twitter_card":"summary_large_image","twitter_misc":{"Est. reading time":"2 minutes"},"schema":{"@context":"https:\/\/schema.org","@graph":[{"@type":"WebPage","@id":"https:\/\/onlinelotto365.com\/lv\/uzvarot-loterijas-numurus\/uk-lottery\/","url":"https:\/\/onlinelotto365.com\/lv\/uzvarot-loterijas-numurus\/uk-lottery\/","name":"Rezult\u0101ti, uzvar\u0113t\u0101ju numurus AK loterijas","isPartOf":{"@id":"https:\/\/onlinelotto365.com\/lv\/#website"},"primaryImageOfPage":{"@id":"https:\/\/onlinelotto365.com\/lv\/uzvarot-loterijas-numurus\/uk-lottery\/#primaryimage"},"image":{"@id":"https:\/\/onlinelotto365.com\/lv\/uzvarot-loterijas-numurus\/uk-lottery\/#primaryimage"},"thumbnailUrl":"https:\/\/redfoxlotto.com\/image?size=8&amp;lottery=lotto-uk","datePublished":"2022-11-23T06:27:38+00:00","dateModified":"2022-11-23T06:27:38+00:00","description":"Uzreiz p\u0113c izlozes, skat\u012bt rezult\u0101tus un numurus Apvienot\u0101s Karalistes loterijas \u0161eit","breadcrumb":{"@id":"https:\/\/onlinelotto365.com\/lv\/uzvarot-loterijas-numurus\/uk-lottery\/#breadcrumb"},"inLanguage":"lv-LV","potentialAction":[{"@type":"ReadAction","target":["https:\/\/onlinelotto365.com\/lv\/uzvarot-loterijas-numurus\/uk-lottery\/"]}]},{"@type":"ImageObject","inLanguage":"lv-LV","@id":"https:\/\/onlinelotto365.com\/lv\/uzvarot-loterijas-numurus\/uk-lottery\/#primaryimage","url":"https:\/\/redfoxlotto.com\/image?size=8&amp;lottery=lotto-uk","contentUrl":"https:\/\/redfoxlotto.com\/image?size=8&amp;lottery=lotto-uk"},{"@type":"BreadcrumbList","@id":"https:\/\/onlinelotto365.com\/lv\/uzvarot-loterijas-numurus\/uk-lottery\/#breadcrumb","itemListElement":[{"@type":"ListItem","position":1,"name":"Home","item":"https:\/\/onlinelotto365.com\/lv\/"},{"@type":"ListItem","position":2,"name":"Atrodiet uzvar\u0113t\u0101ju ciparus un rezult\u0101tus jaun\u0101kaj\u0101m izloz\u0113m","item":"https:\/\/onlinelotto365.com\/lv\/winning-numbers\/"},{"@type":"ListItem","position":3,"name":"Apvienot\u0101s Karalistes loterijas rezult\u0101ti"}]},{"@type":"WebSite","@id":"https:\/\/onlinelotto365.com\/lv\/#website","url":"https:\/\/onlinelotto365.com\/lv\/","name":"OnlineLotto365","description":"","potentialAction":[{"@type":"SearchAction","target":{"@type":"EntryPoint","urlTemplate":"https:\/\/onlinelotto365.com\/lv\/?s={search_term_string}"},"query-input":{"@type":"PropertyValueSpecification","valueRequired":true,"valueName":"search_term_string"}}],"inLanguage":"lv-LV"}]}},"_links":{"self":[{"href":"https:\/\/onlinelotto365.com\/lv\/wp-json\/wp\/v2\/pages\/80770","targetHints":{"allow":["GET"]}}],"collection":[{"href":"https:\/\/onlinelotto365.com\/lv\/wp-json\/wp\/v2\/pages"}],"about":[{"href":"https:\/\/onlinelotto365.com\/lv\/wp-json\/wp\/v2\/types\/page"}],"author":[{"embeddable":true,"href":"https:\/\/onlinelotto365.com\/lv\/wp-json\/wp\/v2\/users\/1"}],"replies":[{"embeddable":true,"href":"https:\/\/onlinelotto365.com\/lv\/wp-json\/wp\/v2\/comments?post=80770"}],"version-history":[{"count":0,"href":"https:\/\/onlinelotto365.com\/lv\/wp-json\/wp\/v2\/pages\/80770\/revisions"}],"up":[{"embeddable":true,"href":"https:\/\/onlinelotto365.com\/lv\/wp-json\/wp\/v2\/pages\/5850"}],"wp:attachment":[{"href":"https:\/\/onlinelotto365.com\/lv\/wp-json\/wp\/v2\/media?parent=80770"}],"curies":[{"name":"wp","href":"https:\/\/api.w.org\/{rel}","templated":true}]}}