{"id":80806,"date":"2022-11-23T08:28:21","date_gmt":"2022-11-23T07:28:21","guid":{"rendered":"https:\/\/onlinelotto365.com\/?page_id=80806"},"modified":"2022-11-23T08:28:21","modified_gmt":"2022-11-23T07:28:21","slug":"set-for-life","status":"publish","type":"page","link":"https:\/\/onlinelotto365.com\/lv\/uzvarot-loterijas-numurus\/set-for-life\/","title":{"rendered":"Izlozes &#8220;Set for life&#8221; rezult\u0101ti"},"content":{"rendered":"<p>Starptautisk\u0101s loterijas sp\u0113les var b\u016bt \u013coti jautras, ta\u010du, lai atrastu laim\u012bgos skait\u013cus, ir j\u0101pieliek p\u016bles. J\u016bsu viet\u0113j\u0101 laikrakst\u0101 var neb\u016bt pieejami &#8220;Set for Life&#8221; skait\u013ci. Tas ir t\u0101p\u0113c, ka j\u016bs, iesp\u0113jams, neatrodaties pareizaj\u0101 apgabal\u0101.<br \/>\n<a href=\"https:\/\/redfoxlotto.com\/play\/set-for-life-uk\/?ref=a8564250a2&amp;medium=ol365\" target=\"_blank\" rel=\"noopener noreferrer\"><img decoding=\"async\" class=\"aligncenter\" src=\"https:\/\/redfoxlotto.com\/image?size=8&amp;lottery=set-for-life-uk\" alt=\"set for life\" \/><\/a><\/p>\n<p>Tas pats attiecas uz rezult\u0101tu skat\u012b\u0161anos telev\u012bzij\u0101. Ja neatrodaties pareizaj\u0101 apgabal\u0101, jums n\u0101ksies krietni pap\u016bl\u0113ties, lai atrastu kan\u0101lu, kas r\u0101da rezult\u0101tus.<br \/>\nVarat ar\u012b apskat\u012bt ofici\u0101lo Set for Life t\u012bmek\u013ca vietni, lai uzzin\u0101tu, vai taj\u0101 ir tie\u0161raide, kur\u0101 tiek p\u0101rraid\u012bti laim\u0113ju\u0161ie skait\u013ci. Ja t\u0101 ir, iesp\u0113jams, v\u0113l\u0113sieties to p\u0101rbaud\u012bt, jo izlozes v\u0113ro\u0161ana tie\u0161raid\u0113 ir viena no aizraujo\u0161\u0101kaj\u0101m iesp\u0113j\u0101m. No otras puses, ne katra loterijas sp\u0113le pied\u0101v\u0101 \u0161\u0101du iesp\u0113ju, un j\u016bs varat to neatrast.<\/p>\n<p>V\u0113l viena vieta, kur mekl\u0113t, ir YouTube. Da\u017ereiz tur var atrast izlozes videoierakstus p\u0113c izlozes, un j\u016bs, iesp\u0113jams, var\u0113siet uzzin\u0101t laim\u0113ju\u0161os skait\u013cus.<\/p>\n<p>Vis\u0113rt\u0101kais veids, k\u0101 atrast Set for Life laimesta numurus, ir apmekl\u0113t m\u016bsu t\u012bmek\u013ca vietni. Mums ir pieejami visi laim\u012bgie skait\u013ci vis\u0101m m\u016bsu pied\u0101v\u0101taj\u0101m sp\u0113l\u0113m. T\u0101d\u0113j\u0101di j\u016bs varat atrast Set for Life un daudz ko citu.<\/p>\n<h2>K\u0101 uzzin\u0101t, vai j\u016bsu tie\u0161saistes bi\u013cete ir laim\u0113jusi?<\/h2>\n<p>Ja jau esat ieg\u0101d\u0101jies Set for Life bi\u013cetes pie mums, tas k\u013c\u016bst v\u0113l izdev\u012bg\u0101k. Tas ir t\u0101p\u0113c, ka m\u0113s v\u0113l vair\u0101k atvieglojam j\u016bsu jau ieg\u016bto bi\u013ce\u0161u p\u0101rbaudi. J\u016bs varat p\u0101rbaud\u012bt lapu, kur\u0101 glab\u0101jas visas j\u016bsu bi\u013cetes, un tur atrad\u012bsiet ne tikai savas bi\u013cetes numurus, bet ar\u012b laim\u0113ju\u0161\u0101s bi\u013cetes numurus. M\u0113s pat par\u016bp\u0113simies par to, lai j\u016bs zin\u0101tu, kuri skait\u013ci sakr\u012bt, tos apz\u012bm\u0113jot ar kr\u0101su. T\u0101d\u0113j\u0101di jums pat nevajadz\u0113s pa\u0161iem apskat\u012bt iesp\u0113jas. Tad, ja laimesta summa b\u016bs maz\u0101ka par 2500 eiro, jums neb\u016bs j\u0101uztraucas, jo m\u0113s naudu uzreiz ieskait\u012bsim j\u016bsu kont\u0101.<\/p>\n<h2>Uzst\u0101d\u012bts uz m\u016b\u017eu rezult\u0101tu arh\u012bvs<\/h2>\n<p>Tiem, kas v\u0113las apskat\u012bt Set for Life vecos skait\u013cus, to var izdar\u012bt pavisam vienk\u0101r\u0161i. M\u016bsu arh\u012bva numuri ir pieejami visur, kur ir jaun\u0101kie rezult\u0101ti. T\u0101d\u0113j\u0101di j\u016bs varat redz\u0113t, kuri skait\u013ci tiek izloz\u0113ti visbie\u017e\u0101k un kuriem skait\u013ciem, iesp\u0113jams, ir gaid\u0101ma v\u0113l viena izloze.<\/p>\n<h2>Mana bi\u013cete ir laim\u0113jusi, kas notiks t\u0101l\u0101k?<\/h2>\n<p>Ja ar savu loterijas bi\u013ceti Set for Life esat laim\u0113jis, jums atliek tikai gaid\u012bt un skat\u012bties, kas notiks. Tas ir t\u0101p\u0113c, ka m\u0113s par liel\u0101ko da\u013cu lietu par\u016bp\u0113simies par jums. J\u016bs varat gaid\u012bt jebkuru summu, kas ir maz\u0101ka par 2500 eiro, jo m\u0113s to nekav\u0113joties ieskait\u012bsim j\u016bsu kont\u0101, tikl\u012bdz laimestu skait\u013ci b\u016bs p\u0101rbaud\u012bti.<br \/>\n<img loading=\"lazy\" decoding=\"async\" class=\"alignright wp-image-3543\" src=\"https:\/\/onlinelotto365.com\/wp-content\/uploads\/2020\/11\/online_lottery-3-300x300.jpg\" alt=\"set for life laim\u0113ju\u0161ie skait\u013ci\" width=\"187\" height=\"187\" srcset=\"https:\/\/onlinelotto365.com\/wp-content\/uploads\/2020\/11\/online_lottery-3-300x300.jpg 300w, https:\/\/onlinelotto365.com\/wp-content\/uploads\/2020\/11\/online_lottery-3-100x100.jpg 100w, https:\/\/onlinelotto365.com\/wp-content\/uploads\/2020\/11\/online_lottery-3-150x150.jpg 150w, https:\/\/onlinelotto365.com\/wp-content\/uploads\/2020\/11\/online_lottery-3.jpg 320w\" sizes=\"auto, (max-width: 187px) 100vw, 187px\" \/><br \/>\nP\u0113c tam, ja j\u016bsu kont\u0101 b\u016bs vismaz \u20ac10, jums b\u016bs iesp\u0113ja iz\u0146emt naudu sav\u0101 bankas kont\u0101. Jums tikai j\u0101p\u0101rliecin\u0101s, ka izmantojat kontu, kuru jau iepriek\u0161 izmantoj\u0101t m\u016bsu sist\u0113m\u0101. Un jums b\u016bs nepiecie\u0161ams apstiprin\u0101t savu identit\u0101ti un inform\u0101ciju m\u016bsu maks\u0101jumu apstr\u0101d\u0101t\u0101jam. Tas ir vienk\u0101r\u0161s process, ko var veikt, izmantojot tikai da\u017eas veidlapas, un, pirms j\u016bs to paman\u012bsiet, j\u016bsu nauda b\u016bs pieejama.<\/p>\n","protected":false},"excerpt":{"rendered":"<p>Starptautisk\u0101s loterijas sp\u0113les var b\u016bt \u013coti jautras, ta\u010du, lai atrastu laim\u012bgos skait\u013cus, ir j\u0101pieliek p\u016bles. J\u016bsu viet\u0113j\u0101 laikrakst\u0101 var neb\u016bt pieejami &#8220;Set for Life&#8221; skait\u013ci. Tas ir t\u0101p\u0113c, ka j\u016bs, iesp\u0113jams, neatrodaties pareizaj\u0101 apgabal\u0101. Tas pats attiecas uz rezult\u0101tu skat\u012b\u0161anos telev\u012bzij\u0101. Ja neatrodaties pareizaj\u0101 apgabal\u0101, jums n\u0101ksies krietni pap\u016bl\u0113ties, lai atrastu kan\u0101lu, kas r\u0101da rezult\u0101tus. [&hellip;]<\/p>\n","protected":false},"author":1,"featured_media":0,"parent":5850,"menu_order":10,"comment_status":"closed","ping_status":"closed","template":"set-for-life-results.php","meta":{"_et_pb_use_builder":"","_et_pb_old_content":"","_et_gb_content_width":"","exclude_from_search":false,"footnotes":""},"class_list":["post-80806","page","type-page","status-publish","hentry"],"yoast_head":"<!-- This site is optimized with the Yoast SEO plugin v23.4 - https:\/\/yoast.com\/wordpress\/plugins\/seo\/ -->\n<title>Jaun\u0101kie laim\u0113ju\u0161ie skait\u013ci un laimestu summas Set for life izloz\u0113<\/title>\n<meta name=\"description\" content=\"Vai esat sp\u0113l\u0113jis Set for life loterij\u0101? Mums ir jaun\u0101kie un iepriek\u0161\u0113jie laim\u0113ju\u0161ie skait\u013ci\" \/>\n<meta name=\"robots\" content=\"index, follow, max-snippet:-1, max-image-preview:large, max-video-preview:-1\" \/>\n<link rel=\"canonical\" href=\"https:\/\/onlinelotto365.com\/lv\/uzvarot-loterijas-numurus\/set-for-life\/\" \/>\n<meta property=\"og:locale\" content=\"lv_LV\" \/>\n<meta property=\"og:type\" content=\"article\" \/>\n<meta property=\"og:title\" content=\"Jaun\u0101kie laim\u0113ju\u0161ie skait\u013ci un laimestu summas Set for life izloz\u0113\" \/>\n<meta property=\"og:description\" content=\"Vai esat sp\u0113l\u0113jis Set for life loterij\u0101? Mums ir jaun\u0101kie un iepriek\u0161\u0113jie laim\u0113ju\u0161ie skait\u013ci\" \/>\n<meta property=\"og:url\" content=\"https:\/\/onlinelotto365.com\/lv\/uzvarot-loterijas-numurus\/set-for-life\/\" \/>\n<meta property=\"og:site_name\" content=\"OnlineLotto365\" \/>\n<meta property=\"og:image\" content=\"https:\/\/redfoxlotto.com\/image?size=8&amp;lottery=set-for-life-uk\" \/>\n<meta name=\"twitter:card\" content=\"summary_large_image\" \/>\n<meta name=\"twitter:label1\" content=\"Est. reading time\" \/>\n\t<meta name=\"twitter:data1\" content=\"3 minutes\" \/>\n<script type=\"application\/ld+json\" class=\"yoast-schema-graph\">{\"@context\":\"https:\/\/schema.org\",\"@graph\":[{\"@type\":\"WebPage\",\"@id\":\"https:\/\/onlinelotto365.com\/lv\/uzvarot-loterijas-numurus\/set-for-life\/\",\"url\":\"https:\/\/onlinelotto365.com\/lv\/uzvarot-loterijas-numurus\/set-for-life\/\",\"name\":\"Jaun\u0101kie laim\u0113ju\u0161ie skait\u013ci un laimestu summas Set for life izloz\u0113\",\"isPartOf\":{\"@id\":\"https:\/\/onlinelotto365.com\/lv\/#website\"},\"primaryImageOfPage\":{\"@id\":\"https:\/\/onlinelotto365.com\/lv\/uzvarot-loterijas-numurus\/set-for-life\/#primaryimage\"},\"image\":{\"@id\":\"https:\/\/onlinelotto365.com\/lv\/uzvarot-loterijas-numurus\/set-for-life\/#primaryimage\"},\"thumbnailUrl\":\"https:\/\/redfoxlotto.com\/image?size=8&amp;lottery=set-for-life-uk\",\"datePublished\":\"2022-11-23T07:28:21+00:00\",\"dateModified\":\"2022-11-23T07:28:21+00:00\",\"description\":\"Vai esat sp\u0113l\u0113jis Set for life loterij\u0101? Mums ir jaun\u0101kie un iepriek\u0161\u0113jie laim\u0113ju\u0161ie skait\u013ci\",\"breadcrumb\":{\"@id\":\"https:\/\/onlinelotto365.com\/lv\/uzvarot-loterijas-numurus\/set-for-life\/#breadcrumb\"},\"inLanguage\":\"lv-LV\",\"potentialAction\":[{\"@type\":\"ReadAction\",\"target\":[\"https:\/\/onlinelotto365.com\/lv\/uzvarot-loterijas-numurus\/set-for-life\/\"]}]},{\"@type\":\"ImageObject\",\"inLanguage\":\"lv-LV\",\"@id\":\"https:\/\/onlinelotto365.com\/lv\/uzvarot-loterijas-numurus\/set-for-life\/#primaryimage\",\"url\":\"https:\/\/redfoxlotto.com\/image?size=8&amp;lottery=set-for-life-uk\",\"contentUrl\":\"https:\/\/redfoxlotto.com\/image?size=8&amp;lottery=set-for-life-uk\"},{\"@type\":\"BreadcrumbList\",\"@id\":\"https:\/\/onlinelotto365.com\/lv\/uzvarot-loterijas-numurus\/set-for-life\/#breadcrumb\",\"itemListElement\":[{\"@type\":\"ListItem\",\"position\":1,\"name\":\"Home\",\"item\":\"https:\/\/onlinelotto365.com\/lv\/\"},{\"@type\":\"ListItem\",\"position\":2,\"name\":\"Atrodiet uzvar\u0113t\u0101ju ciparus un rezult\u0101tus jaun\u0101kaj\u0101m izloz\u0113m\",\"item\":\"https:\/\/onlinelotto365.com\/lv\/winning-numbers\/\"},{\"@type\":\"ListItem\",\"position\":3,\"name\":\"Izlozes &#8220;Set for life&#8221; rezult\u0101ti\"}]},{\"@type\":\"WebSite\",\"@id\":\"https:\/\/onlinelotto365.com\/lv\/#website\",\"url\":\"https:\/\/onlinelotto365.com\/lv\/\",\"name\":\"OnlineLotto365\",\"description\":\"\",\"potentialAction\":[{\"@type\":\"SearchAction\",\"target\":{\"@type\":\"EntryPoint\",\"urlTemplate\":\"https:\/\/onlinelotto365.com\/lv\/?s={search_term_string}\"},\"query-input\":{\"@type\":\"PropertyValueSpecification\",\"valueRequired\":true,\"valueName\":\"search_term_string\"}}],\"inLanguage\":\"lv-LV\"}]}<\/script>\n<!-- \/ Yoast SEO plugin. -->","yoast_head_json":{"title":"Jaun\u0101kie laim\u0113ju\u0161ie skait\u013ci un laimestu summas Set for life izloz\u0113","description":"Vai esat sp\u0113l\u0113jis Set for life loterij\u0101? Mums ir jaun\u0101kie un iepriek\u0161\u0113jie laim\u0113ju\u0161ie skait\u013ci","robots":{"index":"index","follow":"follow","max-snippet":"max-snippet:-1","max-image-preview":"max-image-preview:large","max-video-preview":"max-video-preview:-1"},"canonical":"https:\/\/onlinelotto365.com\/lv\/uzvarot-loterijas-numurus\/set-for-life\/","og_locale":"lv_LV","og_type":"article","og_title":"Jaun\u0101kie laim\u0113ju\u0161ie skait\u013ci un laimestu summas Set for life izloz\u0113","og_description":"Vai esat sp\u0113l\u0113jis Set for life loterij\u0101? Mums ir jaun\u0101kie un iepriek\u0161\u0113jie laim\u0113ju\u0161ie skait\u013ci","og_url":"https:\/\/onlinelotto365.com\/lv\/uzvarot-loterijas-numurus\/set-for-life\/","og_site_name":"OnlineLotto365","og_image":[{"url":"https:\/\/redfoxlotto.com\/image?size=8&amp;lottery=set-for-life-uk"}],"twitter_card":"summary_large_image","twitter_misc":{"Est. reading time":"3 minutes"},"schema":{"@context":"https:\/\/schema.org","@graph":[{"@type":"WebPage","@id":"https:\/\/onlinelotto365.com\/lv\/uzvarot-loterijas-numurus\/set-for-life\/","url":"https:\/\/onlinelotto365.com\/lv\/uzvarot-loterijas-numurus\/set-for-life\/","name":"Jaun\u0101kie laim\u0113ju\u0161ie skait\u013ci un laimestu summas Set for life izloz\u0113","isPartOf":{"@id":"https:\/\/onlinelotto365.com\/lv\/#website"},"primaryImageOfPage":{"@id":"https:\/\/onlinelotto365.com\/lv\/uzvarot-loterijas-numurus\/set-for-life\/#primaryimage"},"image":{"@id":"https:\/\/onlinelotto365.com\/lv\/uzvarot-loterijas-numurus\/set-for-life\/#primaryimage"},"thumbnailUrl":"https:\/\/redfoxlotto.com\/image?size=8&amp;lottery=set-for-life-uk","datePublished":"2022-11-23T07:28:21+00:00","dateModified":"2022-11-23T07:28:21+00:00","description":"Vai esat sp\u0113l\u0113jis Set for life loterij\u0101? Mums ir jaun\u0101kie un iepriek\u0161\u0113jie laim\u0113ju\u0161ie skait\u013ci","breadcrumb":{"@id":"https:\/\/onlinelotto365.com\/lv\/uzvarot-loterijas-numurus\/set-for-life\/#breadcrumb"},"inLanguage":"lv-LV","potentialAction":[{"@type":"ReadAction","target":["https:\/\/onlinelotto365.com\/lv\/uzvarot-loterijas-numurus\/set-for-life\/"]}]},{"@type":"ImageObject","inLanguage":"lv-LV","@id":"https:\/\/onlinelotto365.com\/lv\/uzvarot-loterijas-numurus\/set-for-life\/#primaryimage","url":"https:\/\/redfoxlotto.com\/image?size=8&amp;lottery=set-for-life-uk","contentUrl":"https:\/\/redfoxlotto.com\/image?size=8&amp;lottery=set-for-life-uk"},{"@type":"BreadcrumbList","@id":"https:\/\/onlinelotto365.com\/lv\/uzvarot-loterijas-numurus\/set-for-life\/#breadcrumb","itemListElement":[{"@type":"ListItem","position":1,"name":"Home","item":"https:\/\/onlinelotto365.com\/lv\/"},{"@type":"ListItem","position":2,"name":"Atrodiet uzvar\u0113t\u0101ju ciparus un rezult\u0101tus jaun\u0101kaj\u0101m izloz\u0113m","item":"https:\/\/onlinelotto365.com\/lv\/winning-numbers\/"},{"@type":"ListItem","position":3,"name":"Izlozes &#8220;Set for life&#8221; rezult\u0101ti"}]},{"@type":"WebSite","@id":"https:\/\/onlinelotto365.com\/lv\/#website","url":"https:\/\/onlinelotto365.com\/lv\/","name":"OnlineLotto365","description":"","potentialAction":[{"@type":"SearchAction","target":{"@type":"EntryPoint","urlTemplate":"https:\/\/onlinelotto365.com\/lv\/?s={search_term_string}"},"query-input":{"@type":"PropertyValueSpecification","valueRequired":true,"valueName":"search_term_string"}}],"inLanguage":"lv-LV"}]}},"_links":{"self":[{"href":"https:\/\/onlinelotto365.com\/lv\/wp-json\/wp\/v2\/pages\/80806","targetHints":{"allow":["GET"]}}],"collection":[{"href":"https:\/\/onlinelotto365.com\/lv\/wp-json\/wp\/v2\/pages"}],"about":[{"href":"https:\/\/onlinelotto365.com\/lv\/wp-json\/wp\/v2\/types\/page"}],"author":[{"embeddable":true,"href":"https:\/\/onlinelotto365.com\/lv\/wp-json\/wp\/v2\/users\/1"}],"replies":[{"embeddable":true,"href":"https:\/\/onlinelotto365.com\/lv\/wp-json\/wp\/v2\/comments?post=80806"}],"version-history":[{"count":0,"href":"https:\/\/onlinelotto365.com\/lv\/wp-json\/wp\/v2\/pages\/80806\/revisions"}],"up":[{"embeddable":true,"href":"https:\/\/onlinelotto365.com\/lv\/wp-json\/wp\/v2\/pages\/5850"}],"wp:attachment":[{"href":"https:\/\/onlinelotto365.com\/lv\/wp-json\/wp\/v2\/media?parent=80806"}],"curies":[{"name":"wp","href":"https:\/\/api.w.org\/{rel}","templated":true}]}}