{"id":80839,"date":"2022-11-23T11:41:30","date_gmt":"2022-11-23T10:41:30","guid":{"rendered":"https:\/\/onlinelotto365.com\/?page_id=80839"},"modified":"2022-11-23T11:41:30","modified_gmt":"2022-11-23T10:41:30","slug":"german-lotto","status":"publish","type":"page","link":"https:\/\/onlinelotto365.com\/lv\/uzvarot-loterijas-numurus\/german-lotto\/","title":{"rendered":"Skat\u012bt V\u0101cijas Lotto uzvar\u0113t\u0101ju numurus \u0161eit"},"content":{"rendered":"<p>Starptautisk\u0101s loterijas sp\u0113les var b\u016bt nedaudz gr\u016bt\u0101k izsekot, jo, iesp\u0113jams, nedz\u012bvojat taj\u0101 pa\u0161\u0101 apgabal\u0101, kur\u0101 t\u0101s tiek izloz\u0113tas. Iesp\u0113jams, j\u016bs nevar\u0113siet p\u0101rbaud\u012bt V\u0101cijas Lotto rezult\u0101tus sav\u0101 viet\u0113j\u0101 laikrakst\u0101. Un j\u016bs, iesp\u0113jams, nevar\u0113siet atrast \u0161os V\u0101cijas Lotto laimestu numurus ar\u012b telev\u012bzij\u0101. Ja j\u016bs tos atrad\u012bsiet k\u0101d\u0101 no \u0161\u012bm viet\u0101m, jums b\u016bs j\u0101veic pamat\u012bga izp\u0113te, lai tos atrastu.<br \/>\n<a href=\"https:\/\/redfoxlotto.com\/play\/lotto-6aus49\/?ref=a8564250a2&amp;medium=ol365\" target=\"_blank\" rel=\"noopener noreferrer\"><img decoding=\"async\" class=\"aligncenter\" src=\"https:\/\/redfoxlotto.com\/image?size=8&amp;lottery=lotto-6aus49\" alt=\"V\u0101cijas Lotto 6aus49\" \/><\/a><br \/>\nJ\u016bs varat padom\u0101t ar\u012b par iesp\u0113ju apmekl\u0113t V\u0101cijas Lotto t\u012bmek\u013ca vietni. Da\u017ereiz \u0161\u012bs ofici\u0101l\u0101s vietnes pied\u0101v\u0101 tie\u0161raides izlozes, lai j\u016bs var\u0113tu redz\u0113t rezult\u0101tus, tikl\u012bdz tie tiek sa\u0146emti. Tom\u0113r ne vis\u0101s sp\u0113l\u0113s ir \u0161\u0101da iesp\u0113ja, un var gad\u012bties, ka jums neb\u016bs iesp\u0113jas atrast rezult\u0101tus pat ofici\u0101laj\u0101 vietn\u0113.<\/p>\n<p>J\u016bs varat ar\u012b apskat\u012bt YouTube, lai uzzin\u0101tu, vai k\u0101ds nav aug\u0161upiel\u0101d\u0113jis tie\u0161raides izlozes video vai pat video ar rezult\u0101tiem k\u0101du laiku p\u0113c izlozes norises.<\/p>\n<p>Tom\u0113r visvienk\u0101r\u0161\u0101kais veids, k\u0101 ieg\u016bt mekl\u0113jamos rezult\u0101tus, ir iel\u016bkoties m\u016bsu t\u012bmek\u013ca vietn\u0113. M\u0113s pal\u012bdz\u0113sim jums atrast V\u0101cijas Lotto rezult\u0101tus tie\u0161i m\u016bsu rezult\u0101tu lap\u0101. Tie\u0161i tur m\u0113s dal\u0101mies ar visu m\u016bsu vietn\u0113 pieejamo loterijas sp\u0113\u013cu laimestu numuriem.<\/p>\n<h2>K\u0101 uzzin\u0101t, vai j\u016bsu tie\u0161saistes bi\u013cete ir vinn\u0113jusi?<\/h2>\n<p>Tiem, kas pie mums ieg\u0101d\u0101ju\u0161ies V\u0101cijas Lotto bi\u013cetes, b\u016bs v\u0113l viegl\u0101k uzzin\u0101t rezult\u0101tus. Tas ir t\u0101p\u0113c, ka viss, kas jums j\u0101dara, ir j\u0101paskat\u0101s sava konta lap\u0101. Tur j\u016bs var\u0113siet apskat\u012bt bi\u013cetes, kuras esat ieg\u0101d\u0101jies jebkurai no m\u016bsu pied\u0101v\u0101taj\u0101m sp\u0113l\u0113m. Tad taj\u0101 pa\u0161\u0101 viet\u0101 varat apskat\u012bt ar\u012b laim\u0113ju\u0161os skait\u013cus.<br \/>\nM\u0113s pat izcelsim visus skait\u013cus, kurus esat vinn\u0113jis, lai j\u016bs zin\u0101tu, ko esat vinn\u0113jis. Un, ja laim\u0113siet maz\u0101k nek\u0101 2500 \u20ac, m\u0113s par\u016bp\u0113simies par to, lai \u0161\u012b summa tiktu ieskait\u012bta j\u016bsu kont\u0101, tikl\u012bdz sp\u0113le b\u016bs ofici\u0101li apstiprin\u0101jusi skait\u013cus. Jums tas ir tik vienk\u0101r\u0161i.<\/p>\n<h2>V\u0101cijas Lotto rezult\u0101tu arh\u012bvs<\/h2>\n<p>M\u016bsu t\u012bmek\u013ca vietnes lap\u0101s, kur\u0101s ir jaun\u0101kie V\u0101cijas Lotto skait\u013ci, redz\u0113siet ar\u012b visus vecos skait\u013cus no m\u016bsu arh\u012bva. Tas t\u0101p\u0113c, ka m\u0113s zin\u0101m, ka daudzi cilv\u0113ki v\u0113las zin\u0101t vec\u0101kos skait\u013cus, lai pal\u012bdz\u0113tu izv\u0113l\u0113ties skait\u013cus, kurus vi\u0146i v\u0113las izmantot n\u0101kamaj\u0101m bi\u013cet\u0113m. M\u0113s tos ievietojam jebkur\u0101 lap\u0101, kur\u0101 tiek r\u0101d\u012bti jaunie skait\u013ci.<\/p>\n<h2>Mana bi\u013cete ir laim\u0113jusi, kas notiks t\u0101l\u0101k?<\/h2>\n<p><img loading=\"lazy\" decoding=\"async\" class=\"alignright size-medium wp-image-3593\" src=\"https:\/\/onlinelotto365.com\/wp-content\/uploads\/2020\/11\/online_lottery-39-300x150.jpg\" alt=\"V\u0101cijas lotto laim\u012bgie skait\u013ci\" width=\"300\" height=\"150\" srcset=\"https:\/\/onlinelotto365.com\/wp-content\/uploads\/2020\/11\/online_lottery-39-300x150.jpg 300w, https:\/\/onlinelotto365.com\/wp-content\/uploads\/2020\/11\/online_lottery-39.jpg 490w\" sizes=\"auto, (max-width: 300px) 100vw, 300px\" \/><br \/>\nJa esat vinn\u0113jis V\u0101cijas Lotto un j\u016bsu laimestu bi\u013cetes v\u0113rt\u012bba ir maz\u0101ka par 2500 eiro, m\u0113s par\u016bp\u0113simies par naudas ieskait\u012b\u0161anu j\u016bsu kont\u0101, tikl\u012bdz visi laimestu skait\u013ci b\u016bs p\u0101rbaud\u012bti. Tas noz\u012bm\u0113, ka jums nekas nav j\u0101dara. Ja laimestu bi\u013cetes v\u0113rt\u012bba ir liel\u0101ka par \u20ac2500, jums b\u016bs j\u0101aizpilda veidlapa, ta\u010du m\u0113s jums pal\u012bdz\u0113sim \u0161aj\u0101 proces\u0101. P\u0113c tam, ja j\u016bsu kont\u0101 ir vismaz 10 \u20ac, jums b\u016bs iesp\u0113ja iz\u0146emt naudu jebkur\u0101 bankas vai kred\u012btkartes kont\u0101, ko jau esat izmantojis m\u016bsu vietn\u0113. Ja j\u016bs v\u0113l neesat izmantojis kontu m\u016bsu vietn\u0113, j\u016bs nevar\u0113siet taj\u0101 iz\u0146emt naudu.<\/p>\n","protected":false},"excerpt":{"rendered":"<p>Starptautisk\u0101s loterijas sp\u0113les var b\u016bt nedaudz gr\u016bt\u0101k izsekot, jo, iesp\u0113jams, nedz\u012bvojat taj\u0101 pa\u0161\u0101 apgabal\u0101, kur\u0101 t\u0101s tiek izloz\u0113tas. Iesp\u0113jams, j\u016bs nevar\u0113siet p\u0101rbaud\u012bt V\u0101cijas Lotto rezult\u0101tus sav\u0101 viet\u0113j\u0101 laikrakst\u0101. Un j\u016bs, iesp\u0113jams, nevar\u0113siet atrast \u0161os V\u0101cijas Lotto laimestu numurus ar\u012b telev\u012bzij\u0101. Ja j\u016bs tos atrad\u012bsiet k\u0101d\u0101 no \u0161\u012bm viet\u0101m, jums b\u016bs j\u0101veic pamat\u012bga izp\u0113te, lai tos [&hellip;]<\/p>\n","protected":false},"author":1,"featured_media":0,"parent":5850,"menu_order":11,"comment_status":"closed","ping_status":"closed","template":"lotto-german-results.php","meta":{"_et_pb_use_builder":"","_et_pb_old_content":"","_et_gb_content_width":"","exclude_from_search":false,"footnotes":""},"class_list":["post-80839","page","type-page","status-publish","hentry"],"yoast_head":"<!-- This site is optimized with the Yoast SEO plugin v23.4 - https:\/\/yoast.com\/wordpress\/plugins\/seo\/ -->\n<title>Uzvar\u0113ju\u0161ie skait\u013ci V\u0101cijas Lotto | Izlozes rezult\u0101ti un laim\u0113t\u0101s summas V\u0101cijas Lotto<\/title>\n<meta name=\"description\" content=\"Ja v\u0113laties atrast V\u0101cijas loterijas 6aus49 laim\u0113ju\u0161os skait\u013cus, skatiet \u0161eit!\" \/>\n<meta name=\"robots\" content=\"index, follow, max-snippet:-1, max-image-preview:large, max-video-preview:-1\" \/>\n<link rel=\"canonical\" href=\"https:\/\/onlinelotto365.com\/lv\/uzvarot-loterijas-numurus\/german-lotto\/\" \/>\n<meta property=\"og:locale\" content=\"lv_LV\" \/>\n<meta property=\"og:type\" content=\"article\" \/>\n<meta property=\"og:title\" content=\"Uzvar\u0113ju\u0161ie skait\u013ci V\u0101cijas Lotto | Izlozes rezult\u0101ti un laim\u0113t\u0101s summas V\u0101cijas Lotto\" \/>\n<meta property=\"og:description\" content=\"Ja v\u0113laties atrast V\u0101cijas loterijas 6aus49 laim\u0113ju\u0161os skait\u013cus, skatiet \u0161eit!\" \/>\n<meta property=\"og:url\" content=\"https:\/\/onlinelotto365.com\/lv\/uzvarot-loterijas-numurus\/german-lotto\/\" \/>\n<meta property=\"og:site_name\" content=\"OnlineLotto365\" \/>\n<meta property=\"og:image\" content=\"https:\/\/redfoxlotto.com\/image?size=8&amp;lottery=lotto-6aus49\" \/>\n<meta name=\"twitter:card\" content=\"summary_large_image\" \/>\n<meta name=\"twitter:label1\" content=\"Est. reading time\" \/>\n\t<meta name=\"twitter:data1\" content=\"3 minutes\" \/>\n<script type=\"application\/ld+json\" class=\"yoast-schema-graph\">{\"@context\":\"https:\/\/schema.org\",\"@graph\":[{\"@type\":\"WebPage\",\"@id\":\"https:\/\/onlinelotto365.com\/lv\/uzvarot-loterijas-numurus\/german-lotto\/\",\"url\":\"https:\/\/onlinelotto365.com\/lv\/uzvarot-loterijas-numurus\/german-lotto\/\",\"name\":\"Uzvar\u0113ju\u0161ie skait\u013ci V\u0101cijas Lotto | Izlozes rezult\u0101ti un laim\u0113t\u0101s summas V\u0101cijas Lotto\",\"isPartOf\":{\"@id\":\"https:\/\/onlinelotto365.com\/lv\/#website\"},\"primaryImageOfPage\":{\"@id\":\"https:\/\/onlinelotto365.com\/lv\/uzvarot-loterijas-numurus\/german-lotto\/#primaryimage\"},\"image\":{\"@id\":\"https:\/\/onlinelotto365.com\/lv\/uzvarot-loterijas-numurus\/german-lotto\/#primaryimage\"},\"thumbnailUrl\":\"https:\/\/redfoxlotto.com\/image?size=8&amp;lottery=lotto-6aus49\",\"datePublished\":\"2022-11-23T10:41:30+00:00\",\"dateModified\":\"2022-11-23T10:41:30+00:00\",\"description\":\"Ja v\u0113laties atrast V\u0101cijas loterijas 6aus49 laim\u0113ju\u0161os skait\u013cus, skatiet \u0161eit!\",\"breadcrumb\":{\"@id\":\"https:\/\/onlinelotto365.com\/lv\/uzvarot-loterijas-numurus\/german-lotto\/#breadcrumb\"},\"inLanguage\":\"lv-LV\",\"potentialAction\":[{\"@type\":\"ReadAction\",\"target\":[\"https:\/\/onlinelotto365.com\/lv\/uzvarot-loterijas-numurus\/german-lotto\/\"]}]},{\"@type\":\"ImageObject\",\"inLanguage\":\"lv-LV\",\"@id\":\"https:\/\/onlinelotto365.com\/lv\/uzvarot-loterijas-numurus\/german-lotto\/#primaryimage\",\"url\":\"https:\/\/redfoxlotto.com\/image?size=8&amp;lottery=lotto-6aus49\",\"contentUrl\":\"https:\/\/redfoxlotto.com\/image?size=8&amp;lottery=lotto-6aus49\"},{\"@type\":\"BreadcrumbList\",\"@id\":\"https:\/\/onlinelotto365.com\/lv\/uzvarot-loterijas-numurus\/german-lotto\/#breadcrumb\",\"itemListElement\":[{\"@type\":\"ListItem\",\"position\":1,\"name\":\"Home\",\"item\":\"https:\/\/onlinelotto365.com\/lv\/\"},{\"@type\":\"ListItem\",\"position\":2,\"name\":\"Atrodiet uzvar\u0113t\u0101ju ciparus un rezult\u0101tus jaun\u0101kaj\u0101m izloz\u0113m\",\"item\":\"https:\/\/onlinelotto365.com\/lv\/winning-numbers\/\"},{\"@type\":\"ListItem\",\"position\":3,\"name\":\"Skat\u012bt V\u0101cijas Lotto uzvar\u0113t\u0101ju numurus \u0161eit\"}]},{\"@type\":\"WebSite\",\"@id\":\"https:\/\/onlinelotto365.com\/lv\/#website\",\"url\":\"https:\/\/onlinelotto365.com\/lv\/\",\"name\":\"OnlineLotto365\",\"description\":\"\",\"potentialAction\":[{\"@type\":\"SearchAction\",\"target\":{\"@type\":\"EntryPoint\",\"urlTemplate\":\"https:\/\/onlinelotto365.com\/lv\/?s={search_term_string}\"},\"query-input\":{\"@type\":\"PropertyValueSpecification\",\"valueRequired\":true,\"valueName\":\"search_term_string\"}}],\"inLanguage\":\"lv-LV\"}]}<\/script>\n<!-- \/ Yoast SEO plugin. -->","yoast_head_json":{"title":"Uzvar\u0113ju\u0161ie skait\u013ci V\u0101cijas Lotto | Izlozes rezult\u0101ti un laim\u0113t\u0101s summas V\u0101cijas Lotto","description":"Ja v\u0113laties atrast V\u0101cijas loterijas 6aus49 laim\u0113ju\u0161os skait\u013cus, skatiet \u0161eit!","robots":{"index":"index","follow":"follow","max-snippet":"max-snippet:-1","max-image-preview":"max-image-preview:large","max-video-preview":"max-video-preview:-1"},"canonical":"https:\/\/onlinelotto365.com\/lv\/uzvarot-loterijas-numurus\/german-lotto\/","og_locale":"lv_LV","og_type":"article","og_title":"Uzvar\u0113ju\u0161ie skait\u013ci V\u0101cijas Lotto | Izlozes rezult\u0101ti un laim\u0113t\u0101s summas V\u0101cijas Lotto","og_description":"Ja v\u0113laties atrast V\u0101cijas loterijas 6aus49 laim\u0113ju\u0161os skait\u013cus, skatiet \u0161eit!","og_url":"https:\/\/onlinelotto365.com\/lv\/uzvarot-loterijas-numurus\/german-lotto\/","og_site_name":"OnlineLotto365","og_image":[{"url":"https:\/\/redfoxlotto.com\/image?size=8&amp;lottery=lotto-6aus49"}],"twitter_card":"summary_large_image","twitter_misc":{"Est. reading time":"3 minutes"},"schema":{"@context":"https:\/\/schema.org","@graph":[{"@type":"WebPage","@id":"https:\/\/onlinelotto365.com\/lv\/uzvarot-loterijas-numurus\/german-lotto\/","url":"https:\/\/onlinelotto365.com\/lv\/uzvarot-loterijas-numurus\/german-lotto\/","name":"Uzvar\u0113ju\u0161ie skait\u013ci V\u0101cijas Lotto | Izlozes rezult\u0101ti un laim\u0113t\u0101s summas V\u0101cijas Lotto","isPartOf":{"@id":"https:\/\/onlinelotto365.com\/lv\/#website"},"primaryImageOfPage":{"@id":"https:\/\/onlinelotto365.com\/lv\/uzvarot-loterijas-numurus\/german-lotto\/#primaryimage"},"image":{"@id":"https:\/\/onlinelotto365.com\/lv\/uzvarot-loterijas-numurus\/german-lotto\/#primaryimage"},"thumbnailUrl":"https:\/\/redfoxlotto.com\/image?size=8&amp;lottery=lotto-6aus49","datePublished":"2022-11-23T10:41:30+00:00","dateModified":"2022-11-23T10:41:30+00:00","description":"Ja v\u0113laties atrast V\u0101cijas loterijas 6aus49 laim\u0113ju\u0161os skait\u013cus, skatiet \u0161eit!","breadcrumb":{"@id":"https:\/\/onlinelotto365.com\/lv\/uzvarot-loterijas-numurus\/german-lotto\/#breadcrumb"},"inLanguage":"lv-LV","potentialAction":[{"@type":"ReadAction","target":["https:\/\/onlinelotto365.com\/lv\/uzvarot-loterijas-numurus\/german-lotto\/"]}]},{"@type":"ImageObject","inLanguage":"lv-LV","@id":"https:\/\/onlinelotto365.com\/lv\/uzvarot-loterijas-numurus\/german-lotto\/#primaryimage","url":"https:\/\/redfoxlotto.com\/image?size=8&amp;lottery=lotto-6aus49","contentUrl":"https:\/\/redfoxlotto.com\/image?size=8&amp;lottery=lotto-6aus49"},{"@type":"BreadcrumbList","@id":"https:\/\/onlinelotto365.com\/lv\/uzvarot-loterijas-numurus\/german-lotto\/#breadcrumb","itemListElement":[{"@type":"ListItem","position":1,"name":"Home","item":"https:\/\/onlinelotto365.com\/lv\/"},{"@type":"ListItem","position":2,"name":"Atrodiet uzvar\u0113t\u0101ju ciparus un rezult\u0101tus jaun\u0101kaj\u0101m izloz\u0113m","item":"https:\/\/onlinelotto365.com\/lv\/winning-numbers\/"},{"@type":"ListItem","position":3,"name":"Skat\u012bt V\u0101cijas Lotto uzvar\u0113t\u0101ju numurus \u0161eit"}]},{"@type":"WebSite","@id":"https:\/\/onlinelotto365.com\/lv\/#website","url":"https:\/\/onlinelotto365.com\/lv\/","name":"OnlineLotto365","description":"","potentialAction":[{"@type":"SearchAction","target":{"@type":"EntryPoint","urlTemplate":"https:\/\/onlinelotto365.com\/lv\/?s={search_term_string}"},"query-input":{"@type":"PropertyValueSpecification","valueRequired":true,"valueName":"search_term_string"}}],"inLanguage":"lv-LV"}]}},"_links":{"self":[{"href":"https:\/\/onlinelotto365.com\/lv\/wp-json\/wp\/v2\/pages\/80839","targetHints":{"allow":["GET"]}}],"collection":[{"href":"https:\/\/onlinelotto365.com\/lv\/wp-json\/wp\/v2\/pages"}],"about":[{"href":"https:\/\/onlinelotto365.com\/lv\/wp-json\/wp\/v2\/types\/page"}],"author":[{"embeddable":true,"href":"https:\/\/onlinelotto365.com\/lv\/wp-json\/wp\/v2\/users\/1"}],"replies":[{"embeddable":true,"href":"https:\/\/onlinelotto365.com\/lv\/wp-json\/wp\/v2\/comments?post=80839"}],"version-history":[{"count":0,"href":"https:\/\/onlinelotto365.com\/lv\/wp-json\/wp\/v2\/pages\/80839\/revisions"}],"up":[{"embeddable":true,"href":"https:\/\/onlinelotto365.com\/lv\/wp-json\/wp\/v2\/pages\/5850"}],"wp:attachment":[{"href":"https:\/\/onlinelotto365.com\/lv\/wp-json\/wp\/v2\/media?parent=80839"}],"curies":[{"name":"wp","href":"https:\/\/api.w.org\/{rel}","templated":true}]}}