{"id":80871,"date":"2022-11-23T12:33:05","date_gmt":"2022-11-23T11:33:05","guid":{"rendered":"https:\/\/onlinelotto365.com\/?page_id=80871"},"modified":"2022-11-23T12:33:05","modified_gmt":"2022-11-23T11:33:05","slug":"mega-sena","status":"publish","type":"page","link":"https:\/\/onlinelotto365.com\/lv\/uzvarot-loterijas-numurus\/mega-sena\/","title":{"rendered":"Mega-Sena no Braz\u012blijas &#8211; jaun\u0101k\u0101s uzvar\u0113t\u0101ju numuri"},"content":{"rendered":"<p>Ir daudz da\u017e\u0101du sp\u0113\u013cu, un j\u016bs v\u0113laties b\u016bt p\u0101rliecin\u0101ts, ka p\u0113c iesp\u0113jas \u0101tr\u0101k atrad\u012bsiet laim\u012bgos skait\u013cus. Tas ir iesp\u0113jams da\u017e\u0101dos veidos, ja vien j\u016bs zin\u0101t, kur mekl\u0113t. Laim\u012bgie skait\u013ci da\u017ek\u0101rt ir pieejami av\u012bz\u0113, ja dz\u012bvojat apgabal\u0101, kur t\u0101 ir viet\u0113j\u0101 sp\u0113le. Tas var noz\u012bm\u0113t, ka Mega S\u0113nas rezult\u0101ti j\u016bsu re\u0123ion\u0101 nav pieejami. Turkl\u0101t da\u017eos apgabalos laim\u0113ju\u0161os skait\u013cus r\u0101da telev\u012bzij\u0101, un tas b\u016bs iesp\u0113jams tikai tad, ja dz\u012bvojat noteiktos apgabalos.<br \/>\n<a href=\"https:\/\/redfoxlotto.com\/play\/mega-sena\/?ref=a8564250a2&amp;medium=ol365\" target=\"_blank\" rel=\"noopener noreferrer\"><img decoding=\"async\" class=\"aligncenter\" src=\"https:\/\/redfoxlotto.com\/image?size=8&amp;lottery=mega-sena\" alt=\"mega-sena\" \/><\/a><br \/>\nV\u0113l viena iesp\u0113ja ir iel\u016bkoties Mega-Sena loterijas t\u012bmek\u013ca vietn\u0113, lai uzzin\u0101tu, vai taj\u0101 ir tie\u0161raides p\u0101rraide, kad izlozes izloze tiek izloz\u0113ta. Ne vis\u0101s sp\u0113l\u0113s tas tiek dar\u012bts, bet taj\u0101s, kur\u0101s tas tiek dar\u012bts, tas var b\u016bt aizraujo\u0161s piedz\u012bvojums visiem, kas to v\u0113ro. \u012apa\u0161i, ja j\u016bs patie\u0161\u0101m esat uzvar\u0113t\u0101js un v\u0113rojat, k\u0101 tiek izloz\u0113ti j\u016bsu skait\u013ci.<\/p>\n<p>Ir ar\u012b iesp\u0113ja p\u0101riet uz YouTube. Da\u017ereiz cilv\u0113ki tie\u0161saist\u0113 aug\u0161upiel\u0101d\u0113 tie\u0161raides videoklipus ar izlozes norisi, un, iesp\u0113jams, j\u016bs var\u0113siet noskat\u012bties jaun\u0101ko Mega Sena izlozi.<\/p>\n<p>Tom\u0113r visvienk\u0101r\u0161\u0101kais veids, k\u0101 uzzin\u0101t laim\u0113ju\u0161os skait\u013cus, b\u016bs p\u0101rbaud\u012bt m\u016bsu t\u012bmek\u013ca vietni. M\u0113s varam nodro\u0161in\u0101t jums piek\u013cuvi visiem Mega Sena, k\u0101 ar\u012b jebkuras citas sp\u0113les laim\u012bgajiem numuriem, kas jums ir pieejami. T\u0101d\u0113j\u0101di jums b\u016bs viegl\u0101k atrast v\u0113lamos rezult\u0101tus.<\/p>\n<h2>K\u0101 uzzin\u0101t, vai j\u016bsu tie\u0161saistes bi\u013cete ir laim\u0113jusi?<\/h2>\n<p>V\u0113l lab\u0101k ir tas, ka j\u016bs varat tie\u0161i ieiet sav\u0101 kont\u0101 un uzzin\u0101t ar\u012b jebkuras sp\u0113les, uz kuru esat ieg\u0101d\u0101jies bi\u013cetes, rezult\u0101tus. Vienk\u0101r\u0161i dodieties uz t\u012bmek\u013ca vietnes sada\u013cu, kur\u0101 ir saglab\u0101tas j\u016bsu bi\u013cetes, un j\u016bs varat atrast laim\u0113ju\u0161os skait\u013cus, kas attiecas uz \u0161\u012bm bi\u013cet\u0113m.<\/p>\n<p>P\u0113c tam j\u016bs pat varat redz\u0113t, kuri laim\u0113ju\u0161ie skait\u013ci atbilst j\u016bsu pa\u0161reiz\u0113jiem skait\u013ciem, lai redz\u0113tu, cik daudz jau esat vinn\u0113jis. Ja t\u0101 ir maz\u0101ka par 2500 \u20ac, m\u0113s par\u016bp\u0113simies par \u0161\u012bs naudas sa\u0146em\u0161anu tie\u0161i j\u016bsu kont\u0101, lai j\u016bs var\u0113tu s\u0101kt to t\u0113r\u0113t vai iz\u0146emt sav\u0101 kont\u0101. Jums tikai j\u0101p\u0101rliecin\u0101s, ka nauda tiek p\u0101rskait\u012bta uz kontu, kuru jau esat izmantojis pie mums.<\/p>\n<h2>Mega-Sena rezult\u0101tu arh\u012bvs<\/h2>\n<p><img loading=\"lazy\" decoding=\"async\" class=\"alignright wp-image-3640\" src=\"https:\/\/onlinelotto365.com\/wp-content\/uploads\/2020\/11\/lottery_balls1-300x160.jpg\" alt=\"mega-sena rezult\u0101ti\" width=\"249\" height=\"133\" srcset=\"https:\/\/onlinelotto365.com\/wp-content\/uploads\/2020\/11\/lottery_balls1-300x160.jpg 300w, https:\/\/onlinelotto365.com\/wp-content\/uploads\/2020\/11\/lottery_balls1.jpg 472w\" sizes=\"auto, (max-width: 249px) 100vw, 249px\" \/><br \/>\nTiem, kas v\u0113las piek\u013c\u016bt vec\u0101kiem Mega-Sena skait\u013ciem, jums b\u016bs v\u0113rts r\u016bp\u012bgi apl\u016bkot t\u012bmek\u013ca lapas, kur\u0101s jau ir pieejami jaun\u0101kie skait\u013ci. Tur ir pieejami ar\u012b visi vec\u0101kie skait\u013ci, t\u0101p\u0113c jums nav j\u0101uztraucas par to, ka varat palaist gar\u0101m lab\u0101ko inform\u0101ciju, lai izv\u0113l\u0113tos n\u0101kamo numuru komplektu.<\/p>\n","protected":false},"excerpt":{"rendered":"<p>Ir daudz da\u017e\u0101du sp\u0113\u013cu, un j\u016bs v\u0113laties b\u016bt p\u0101rliecin\u0101ts, ka p\u0113c iesp\u0113jas \u0101tr\u0101k atrad\u012bsiet laim\u012bgos skait\u013cus. Tas ir iesp\u0113jams da\u017e\u0101dos veidos, ja vien j\u016bs zin\u0101t, kur mekl\u0113t. Laim\u012bgie skait\u013ci da\u017ek\u0101rt ir pieejami av\u012bz\u0113, ja dz\u012bvojat apgabal\u0101, kur t\u0101 ir viet\u0113j\u0101 sp\u0113le. Tas var noz\u012bm\u0113t, ka Mega S\u0113nas rezult\u0101ti j\u016bsu re\u0123ion\u0101 nav pieejami. Turkl\u0101t da\u017eos apgabalos [&hellip;]<\/p>\n","protected":false},"author":1,"featured_media":0,"parent":5850,"menu_order":12,"comment_status":"closed","ping_status":"closed","template":"megasena-results.php","meta":{"_et_pb_use_builder":"","_et_pb_old_content":"","_et_gb_content_width":"","exclude_from_search":false,"footnotes":""},"class_list":["post-80871","page","type-page","status-publish","hentry"],"yoast_head":"<!-- This site is optimized with the Yoast SEO plugin v23.4 - https:\/\/yoast.com\/wordpress\/plugins\/seo\/ -->\n<title>Jaun\u0101kie Mega-Sena izlozes rezult\u0101ti un balvas<\/title>\n<meta name=\"description\" content=\"Mega-Sena Braz\u012blijas un daudzu citu pasaules m\u0113roga loteriju rezult\u0101ti atrodami \u0161eit\" \/>\n<meta name=\"robots\" content=\"index, follow, max-snippet:-1, max-image-preview:large, max-video-preview:-1\" \/>\n<link rel=\"canonical\" href=\"https:\/\/onlinelotto365.com\/lv\/uzvarot-loterijas-numurus\/mega-sena\/\" \/>\n<meta property=\"og:locale\" content=\"lv_LV\" \/>\n<meta property=\"og:type\" content=\"article\" \/>\n<meta property=\"og:title\" content=\"Jaun\u0101kie Mega-Sena izlozes rezult\u0101ti un balvas\" \/>\n<meta property=\"og:description\" content=\"Mega-Sena Braz\u012blijas un daudzu citu pasaules m\u0113roga loteriju rezult\u0101ti atrodami \u0161eit\" \/>\n<meta property=\"og:url\" content=\"https:\/\/onlinelotto365.com\/lv\/uzvarot-loterijas-numurus\/mega-sena\/\" \/>\n<meta property=\"og:site_name\" content=\"OnlineLotto365\" \/>\n<meta property=\"og:image\" content=\"https:\/\/redfoxlotto.com\/image?size=8&amp;lottery=mega-sena\" \/>\n<meta name=\"twitter:card\" content=\"summary_large_image\" \/>\n<meta name=\"twitter:label1\" content=\"Est. reading time\" \/>\n\t<meta name=\"twitter:data1\" content=\"2 minutes\" \/>\n<script type=\"application\/ld+json\" class=\"yoast-schema-graph\">{\"@context\":\"https:\/\/schema.org\",\"@graph\":[{\"@type\":\"WebPage\",\"@id\":\"https:\/\/onlinelotto365.com\/lv\/uzvarot-loterijas-numurus\/mega-sena\/\",\"url\":\"https:\/\/onlinelotto365.com\/lv\/uzvarot-loterijas-numurus\/mega-sena\/\",\"name\":\"Jaun\u0101kie Mega-Sena izlozes rezult\u0101ti un balvas\",\"isPartOf\":{\"@id\":\"https:\/\/onlinelotto365.com\/lv\/#website\"},\"primaryImageOfPage\":{\"@id\":\"https:\/\/onlinelotto365.com\/lv\/uzvarot-loterijas-numurus\/mega-sena\/#primaryimage\"},\"image\":{\"@id\":\"https:\/\/onlinelotto365.com\/lv\/uzvarot-loterijas-numurus\/mega-sena\/#primaryimage\"},\"thumbnailUrl\":\"https:\/\/redfoxlotto.com\/image?size=8&amp;lottery=mega-sena\",\"datePublished\":\"2022-11-23T11:33:05+00:00\",\"dateModified\":\"2022-11-23T11:33:05+00:00\",\"description\":\"Mega-Sena Braz\u012blijas un daudzu citu pasaules m\u0113roga loteriju rezult\u0101ti atrodami \u0161eit\",\"breadcrumb\":{\"@id\":\"https:\/\/onlinelotto365.com\/lv\/uzvarot-loterijas-numurus\/mega-sena\/#breadcrumb\"},\"inLanguage\":\"lv-LV\",\"potentialAction\":[{\"@type\":\"ReadAction\",\"target\":[\"https:\/\/onlinelotto365.com\/lv\/uzvarot-loterijas-numurus\/mega-sena\/\"]}]},{\"@type\":\"ImageObject\",\"inLanguage\":\"lv-LV\",\"@id\":\"https:\/\/onlinelotto365.com\/lv\/uzvarot-loterijas-numurus\/mega-sena\/#primaryimage\",\"url\":\"https:\/\/redfoxlotto.com\/image?size=8&amp;lottery=mega-sena\",\"contentUrl\":\"https:\/\/redfoxlotto.com\/image?size=8&amp;lottery=mega-sena\"},{\"@type\":\"BreadcrumbList\",\"@id\":\"https:\/\/onlinelotto365.com\/lv\/uzvarot-loterijas-numurus\/mega-sena\/#breadcrumb\",\"itemListElement\":[{\"@type\":\"ListItem\",\"position\":1,\"name\":\"Home\",\"item\":\"https:\/\/onlinelotto365.com\/lv\/\"},{\"@type\":\"ListItem\",\"position\":2,\"name\":\"Atrodiet uzvar\u0113t\u0101ju ciparus un rezult\u0101tus jaun\u0101kaj\u0101m izloz\u0113m\",\"item\":\"https:\/\/onlinelotto365.com\/lv\/winning-numbers\/\"},{\"@type\":\"ListItem\",\"position\":3,\"name\":\"Mega-Sena no Braz\u012blijas &#8211; jaun\u0101k\u0101s uzvar\u0113t\u0101ju numuri\"}]},{\"@type\":\"WebSite\",\"@id\":\"https:\/\/onlinelotto365.com\/lv\/#website\",\"url\":\"https:\/\/onlinelotto365.com\/lv\/\",\"name\":\"OnlineLotto365\",\"description\":\"\",\"potentialAction\":[{\"@type\":\"SearchAction\",\"target\":{\"@type\":\"EntryPoint\",\"urlTemplate\":\"https:\/\/onlinelotto365.com\/lv\/?s={search_term_string}\"},\"query-input\":{\"@type\":\"PropertyValueSpecification\",\"valueRequired\":true,\"valueName\":\"search_term_string\"}}],\"inLanguage\":\"lv-LV\"}]}<\/script>\n<!-- \/ Yoast SEO plugin. -->","yoast_head_json":{"title":"Jaun\u0101kie Mega-Sena izlozes rezult\u0101ti un balvas","description":"Mega-Sena Braz\u012blijas un daudzu citu pasaules m\u0113roga loteriju rezult\u0101ti atrodami \u0161eit","robots":{"index":"index","follow":"follow","max-snippet":"max-snippet:-1","max-image-preview":"max-image-preview:large","max-video-preview":"max-video-preview:-1"},"canonical":"https:\/\/onlinelotto365.com\/lv\/uzvarot-loterijas-numurus\/mega-sena\/","og_locale":"lv_LV","og_type":"article","og_title":"Jaun\u0101kie Mega-Sena izlozes rezult\u0101ti un balvas","og_description":"Mega-Sena Braz\u012blijas un daudzu citu pasaules m\u0113roga loteriju rezult\u0101ti atrodami \u0161eit","og_url":"https:\/\/onlinelotto365.com\/lv\/uzvarot-loterijas-numurus\/mega-sena\/","og_site_name":"OnlineLotto365","og_image":[{"url":"https:\/\/redfoxlotto.com\/image?size=8&amp;lottery=mega-sena"}],"twitter_card":"summary_large_image","twitter_misc":{"Est. reading time":"2 minutes"},"schema":{"@context":"https:\/\/schema.org","@graph":[{"@type":"WebPage","@id":"https:\/\/onlinelotto365.com\/lv\/uzvarot-loterijas-numurus\/mega-sena\/","url":"https:\/\/onlinelotto365.com\/lv\/uzvarot-loterijas-numurus\/mega-sena\/","name":"Jaun\u0101kie Mega-Sena izlozes rezult\u0101ti un balvas","isPartOf":{"@id":"https:\/\/onlinelotto365.com\/lv\/#website"},"primaryImageOfPage":{"@id":"https:\/\/onlinelotto365.com\/lv\/uzvarot-loterijas-numurus\/mega-sena\/#primaryimage"},"image":{"@id":"https:\/\/onlinelotto365.com\/lv\/uzvarot-loterijas-numurus\/mega-sena\/#primaryimage"},"thumbnailUrl":"https:\/\/redfoxlotto.com\/image?size=8&amp;lottery=mega-sena","datePublished":"2022-11-23T11:33:05+00:00","dateModified":"2022-11-23T11:33:05+00:00","description":"Mega-Sena Braz\u012blijas un daudzu citu pasaules m\u0113roga loteriju rezult\u0101ti atrodami \u0161eit","breadcrumb":{"@id":"https:\/\/onlinelotto365.com\/lv\/uzvarot-loterijas-numurus\/mega-sena\/#breadcrumb"},"inLanguage":"lv-LV","potentialAction":[{"@type":"ReadAction","target":["https:\/\/onlinelotto365.com\/lv\/uzvarot-loterijas-numurus\/mega-sena\/"]}]},{"@type":"ImageObject","inLanguage":"lv-LV","@id":"https:\/\/onlinelotto365.com\/lv\/uzvarot-loterijas-numurus\/mega-sena\/#primaryimage","url":"https:\/\/redfoxlotto.com\/image?size=8&amp;lottery=mega-sena","contentUrl":"https:\/\/redfoxlotto.com\/image?size=8&amp;lottery=mega-sena"},{"@type":"BreadcrumbList","@id":"https:\/\/onlinelotto365.com\/lv\/uzvarot-loterijas-numurus\/mega-sena\/#breadcrumb","itemListElement":[{"@type":"ListItem","position":1,"name":"Home","item":"https:\/\/onlinelotto365.com\/lv\/"},{"@type":"ListItem","position":2,"name":"Atrodiet uzvar\u0113t\u0101ju ciparus un rezult\u0101tus jaun\u0101kaj\u0101m izloz\u0113m","item":"https:\/\/onlinelotto365.com\/lv\/winning-numbers\/"},{"@type":"ListItem","position":3,"name":"Mega-Sena no Braz\u012blijas &#8211; jaun\u0101k\u0101s uzvar\u0113t\u0101ju numuri"}]},{"@type":"WebSite","@id":"https:\/\/onlinelotto365.com\/lv\/#website","url":"https:\/\/onlinelotto365.com\/lv\/","name":"OnlineLotto365","description":"","potentialAction":[{"@type":"SearchAction","target":{"@type":"EntryPoint","urlTemplate":"https:\/\/onlinelotto365.com\/lv\/?s={search_term_string}"},"query-input":{"@type":"PropertyValueSpecification","valueRequired":true,"valueName":"search_term_string"}}],"inLanguage":"lv-LV"}]}},"_links":{"self":[{"href":"https:\/\/onlinelotto365.com\/lv\/wp-json\/wp\/v2\/pages\/80871","targetHints":{"allow":["GET"]}}],"collection":[{"href":"https:\/\/onlinelotto365.com\/lv\/wp-json\/wp\/v2\/pages"}],"about":[{"href":"https:\/\/onlinelotto365.com\/lv\/wp-json\/wp\/v2\/types\/page"}],"author":[{"embeddable":true,"href":"https:\/\/onlinelotto365.com\/lv\/wp-json\/wp\/v2\/users\/1"}],"replies":[{"embeddable":true,"href":"https:\/\/onlinelotto365.com\/lv\/wp-json\/wp\/v2\/comments?post=80871"}],"version-history":[{"count":0,"href":"https:\/\/onlinelotto365.com\/lv\/wp-json\/wp\/v2\/pages\/80871\/revisions"}],"up":[{"embeddable":true,"href":"https:\/\/onlinelotto365.com\/lv\/wp-json\/wp\/v2\/pages\/5850"}],"wp:attachment":[{"href":"https:\/\/onlinelotto365.com\/lv\/wp-json\/wp\/v2\/media?parent=80871"}],"curies":[{"name":"wp","href":"https:\/\/api.w.org\/{rel}","templated":true}]}}