{"id":80903,"date":"2022-11-23T13:30:53","date_gmt":"2022-11-23T12:30:53","guid":{"rendered":"https:\/\/onlinelotto365.com\/?page_id=80903"},"modified":"2022-11-23T13:30:53","modified_gmt":"2022-11-23T12:30:53","slug":"powerball-australia","status":"publish","type":"page","link":"https:\/\/onlinelotto365.com\/lv\/uzvarot-loterijas-numurus\/powerball-australia\/","title":{"rendered":"Powerball Austr\u0101lija &#8211; jaun\u0101k\u0101s un iepriek\u0161\u0113j\u0101s uzvar\u0113t\u0101ju numurus, rezult\u0101ti"},"content":{"rendered":"<p>Starptautiskaj\u0101s loterij\u0101s rezult\u0101tus var m\u0113\u0123in\u0101t p\u0101rbaud\u012bt laikrakst\u0101, ta\u010du maz ticams, ka Powerball Australia laim\u0113ju\u0161os skait\u013cus atrad\u012bsiet sav\u0101 viet\u0113j\u0101 laikrakst\u0101. Iesp\u0113jams, tos neatrad\u012bsiet ar\u012b viet\u0113j\u0101 telev\u012bzijas kan\u0101l\u0101. Ja atrad\u012bsiet, tas pras\u012bs zin\u0101mu laiku un p\u016bles, lai atrastu pareizo kan\u0101lu.<\/p>\n<p>V\u0113l viena iesp\u0113ja ir p\u0101rbaud\u012bt Powerball Australia t\u012bmek\u013ca vietni, lai uzzin\u0101tu, vai t\u0101 pied\u0101v\u0101 izlozes tie\u0161raides iesp\u0113ju. Ja t\u0101 tiek pied\u0101v\u0101ta, iesp\u0113jams, var\u0113siet v\u0113rot izlozi un g\u016bt piln\u012bgu baud\u012bjumu no izlozes numuru izlozes tie\u0161raid\u0113. Ta\u010du ne visas sp\u0113les pied\u0101v\u0101 \u0161o iesp\u0113ju, un j\u016bs varat piln\u012bb\u0101 palaist gar\u0101m \u0161o pieredzi.<br \/>\nVarat ar\u012b mekl\u0113t vietn\u0113 YouTube, lai uzzin\u0101tu, vai ir pieejams Powerball Australia izlozes tie\u0161raides ieraksts. Tas var\u0113tu b\u016bt labs veids, k\u0101 uzzin\u0101t rezult\u0101tus p\u0113c izlozes.<br \/>\n<a href=\"https:\/\/redfoxlotto.com\/play\/powerball-au\/?ref=a8564250a2&amp;medium=ol365\" target=\"_blank\" rel=\"noopener noreferrer\"><img decoding=\"async\" class=\"aligncenter\" src=\"https:\/\/redfoxlotto.com\/image?size=8&amp;lottery=powerball-au\" alt=\"Powerball Australia\" \/><\/a><br \/>\nTom\u0113r vislab\u0101kais veids, k\u0101 j\u016bs varat atrast Powerball Australia rezult\u0101tus, ir apmekl\u0113t m\u016bsu t\u012bmek\u013ca vietni. J\u016bs var\u0113siet atrast \u0161\u012bs un jebkuras citas m\u016bsu pieejam\u0101s sp\u0113les rezult\u0101tus, t\u0101p\u0113c jums nav j\u0101uztraucas, ka kaut ko palaid\u012bsiet gar\u0101m.<\/p>\n<h2>K\u0101 uzzin\u0101t, vai j\u016bsu tie\u0161saistes bi\u013cete ir vinn\u0113jusi?<\/h2>\n<p>Ko dar\u012bt, ja jau esat ieg\u0101d\u0101jies savas bi\u013cetes uz Powerball Australia? Tad jums ir v\u0113l viegl\u0101k noskaidrot laim\u0113ju\u0161os skait\u013cus. T\u0101 viet\u0101, lai p\u0101rbaud\u012btu parasto loterijas rezult\u0101tu lapu, j\u016bs varat p\u0101rbaud\u012bt bi\u013ce\u0161u lapu sav\u0101 kont\u0101. Tas \u013caus jums redz\u0113t laim\u0113ju\u0161os skait\u013cus sal\u012bdzin\u0101jum\u0101 ar saviem, kas b\u016bs v\u0113l lab\u0101k piem\u0113rots j\u016bsu vajadz\u012bb\u0101m.<\/p>\n<p>J\u016bs varat mekl\u0113t, vai j\u016bsu bi\u013cet\u0113 ir izcelti k\u0101di skait\u013ci, kas noz\u012bm\u0113, ka tie sakr\u012bt ar laimestu ieguvu\u0161ajiem skait\u013ciem. Tad j\u016bs varat redz\u0113t, cik daudz esat vinn\u0113jis. Un, ja t\u0101 b\u016bs maz\u0101ka par 2500 eiro, t\u0101 tiks ieskait\u012bta j\u016bsu kont\u0101.<\/p>\n<h2>Powerball Australia rezult\u0101tu arh\u012bvs<\/h2>\n<p>M\u016bsu vietn\u0113 m\u0113s Jums \u013caujam \u0113rti p\u0101rbaud\u012bt ne tikai pa\u0161reiz\u0113jos loterijas Powerball Australia un citus loterijas skait\u013cus, bet ar\u012b vecos skait\u013cus. Viens no popul\u0101r\u0101kajiem veidiem, k\u0101 cilv\u0113ki izv\u0113las savus skait\u013cus, ir apl\u016bkot k\u0101du no vec\u0101kajiem skait\u013ciem, t\u0101p\u0113c m\u0113s esam par\u016bp\u0113ju\u0161ies, lai \u0161os skait\u013cus j\u016bs var\u0113tu atrast jebkur\u0101 lap\u0101, kur\u0101 m\u0113s pied\u0101v\u0101jam pa\u0161reiz\u0113jos laimesta skait\u013cus.<\/p>\n<h2>Mana bi\u013cete ir laim\u0113jusi, kas notiek t\u0101l\u0101k?<\/h2>\n<p>Ja j\u016bsu bi\u013cete ir laim\u0113jusi, jums atliek tikai aps\u0113sties un \u013caut mums pal\u012bdz\u0113t jums sa\u0146emt pien\u0101ko\u0161os naudu. Ja laim\u0113j\u0101t maz\u0101k nek\u0101 2500 eiro, m\u0113s tos ieskait\u012bsim j\u016bsu sp\u0113l\u0113t\u0101ja kont\u0101, tikl\u012bdz rezult\u0101ti tiks p\u0101rbaud\u012bti. P\u0113c tam j\u016bs var\u0113siet iz\u0146emt naudu, ja j\u016bsu kont\u0101 b\u016bs 10 \u20ac.<\/p>\n","protected":false},"excerpt":{"rendered":"<p>Starptautiskaj\u0101s loterij\u0101s rezult\u0101tus var m\u0113\u0123in\u0101t p\u0101rbaud\u012bt laikrakst\u0101, ta\u010du maz ticams, ka Powerball Australia laim\u0113ju\u0161os skait\u013cus atrad\u012bsiet sav\u0101 viet\u0113j\u0101 laikrakst\u0101. Iesp\u0113jams, tos neatrad\u012bsiet ar\u012b viet\u0113j\u0101 telev\u012bzijas kan\u0101l\u0101. Ja atrad\u012bsiet, tas pras\u012bs zin\u0101mu laiku un p\u016bles, lai atrastu pareizo kan\u0101lu. V\u0113l viena iesp\u0113ja ir p\u0101rbaud\u012bt Powerball Australia t\u012bmek\u013ca vietni, lai uzzin\u0101tu, vai t\u0101 pied\u0101v\u0101 izlozes tie\u0161raides iesp\u0113ju. [&hellip;]<\/p>\n","protected":false},"author":1,"featured_media":0,"parent":5850,"menu_order":13,"comment_status":"closed","ping_status":"closed","template":"powerball-au-results.php","meta":{"_et_pb_use_builder":"","_et_pb_old_content":"","_et_gb_content_width":"","exclude_from_search":false,"footnotes":""},"class_list":["post-80903","page","type-page","status-publish","hentry"],"yoast_head":"<!-- This site is optimized with the Yoast SEO plugin v23.4 - https:\/\/yoast.com\/wordpress\/plugins\/seo\/ -->\n<title>Jaun\u0101kie un iepriek\u0161\u0113jie izlozes rezult\u0101ti un laim\u0113ju\u0161ie skait\u013ci Powerball Australia<\/title>\n<meta name=\"description\" content=\"M\u0113s public\u0113jam Powerball Australia laim\u0113ju\u0161os skait\u013cus uzreiz p\u0113c izlozes.\" \/>\n<meta name=\"robots\" content=\"index, follow, max-snippet:-1, max-image-preview:large, max-video-preview:-1\" \/>\n<link rel=\"canonical\" href=\"https:\/\/onlinelotto365.com\/lv\/uzvarot-loterijas-numurus\/powerball-australia\/\" \/>\n<meta property=\"og:locale\" content=\"lv_LV\" \/>\n<meta property=\"og:type\" content=\"article\" \/>\n<meta property=\"og:title\" content=\"Jaun\u0101kie un iepriek\u0161\u0113jie izlozes rezult\u0101ti un laim\u0113ju\u0161ie skait\u013ci Powerball Australia\" \/>\n<meta property=\"og:description\" content=\"M\u0113s public\u0113jam Powerball Australia laim\u0113ju\u0161os skait\u013cus uzreiz p\u0113c izlozes.\" \/>\n<meta property=\"og:url\" content=\"https:\/\/onlinelotto365.com\/lv\/uzvarot-loterijas-numurus\/powerball-australia\/\" \/>\n<meta property=\"og:site_name\" content=\"OnlineLotto365\" \/>\n<meta property=\"og:image\" content=\"https:\/\/redfoxlotto.com\/image?size=8&amp;lottery=powerball-au\" \/>\n<meta name=\"twitter:card\" content=\"summary_large_image\" \/>\n<meta name=\"twitter:label1\" content=\"Est. reading time\" \/>\n\t<meta name=\"twitter:data1\" content=\"2 minutes\" \/>\n<script type=\"application\/ld+json\" class=\"yoast-schema-graph\">{\"@context\":\"https:\/\/schema.org\",\"@graph\":[{\"@type\":\"WebPage\",\"@id\":\"https:\/\/onlinelotto365.com\/lv\/uzvarot-loterijas-numurus\/powerball-australia\/\",\"url\":\"https:\/\/onlinelotto365.com\/lv\/uzvarot-loterijas-numurus\/powerball-australia\/\",\"name\":\"Jaun\u0101kie un iepriek\u0161\u0113jie izlozes rezult\u0101ti un laim\u0113ju\u0161ie skait\u013ci Powerball Australia\",\"isPartOf\":{\"@id\":\"https:\/\/onlinelotto365.com\/lv\/#website\"},\"primaryImageOfPage\":{\"@id\":\"https:\/\/onlinelotto365.com\/lv\/uzvarot-loterijas-numurus\/powerball-australia\/#primaryimage\"},\"image\":{\"@id\":\"https:\/\/onlinelotto365.com\/lv\/uzvarot-loterijas-numurus\/powerball-australia\/#primaryimage\"},\"thumbnailUrl\":\"https:\/\/redfoxlotto.com\/image?size=8&amp;lottery=powerball-au\",\"datePublished\":\"2022-11-23T12:30:53+00:00\",\"dateModified\":\"2022-11-23T12:30:53+00:00\",\"description\":\"M\u0113s public\u0113jam Powerball Australia laim\u0113ju\u0161os skait\u013cus uzreiz p\u0113c izlozes.\",\"breadcrumb\":{\"@id\":\"https:\/\/onlinelotto365.com\/lv\/uzvarot-loterijas-numurus\/powerball-australia\/#breadcrumb\"},\"inLanguage\":\"lv-LV\",\"potentialAction\":[{\"@type\":\"ReadAction\",\"target\":[\"https:\/\/onlinelotto365.com\/lv\/uzvarot-loterijas-numurus\/powerball-australia\/\"]}]},{\"@type\":\"ImageObject\",\"inLanguage\":\"lv-LV\",\"@id\":\"https:\/\/onlinelotto365.com\/lv\/uzvarot-loterijas-numurus\/powerball-australia\/#primaryimage\",\"url\":\"https:\/\/redfoxlotto.com\/image?size=8&amp;lottery=powerball-au\",\"contentUrl\":\"https:\/\/redfoxlotto.com\/image?size=8&amp;lottery=powerball-au\"},{\"@type\":\"BreadcrumbList\",\"@id\":\"https:\/\/onlinelotto365.com\/lv\/uzvarot-loterijas-numurus\/powerball-australia\/#breadcrumb\",\"itemListElement\":[{\"@type\":\"ListItem\",\"position\":1,\"name\":\"Home\",\"item\":\"https:\/\/onlinelotto365.com\/lv\/\"},{\"@type\":\"ListItem\",\"position\":2,\"name\":\"Atrodiet uzvar\u0113t\u0101ju ciparus un rezult\u0101tus jaun\u0101kaj\u0101m izloz\u0113m\",\"item\":\"https:\/\/onlinelotto365.com\/lv\/winning-numbers\/\"},{\"@type\":\"ListItem\",\"position\":3,\"name\":\"Powerball Austr\u0101lija &#8211; jaun\u0101k\u0101s un iepriek\u0161\u0113j\u0101s uzvar\u0113t\u0101ju numurus, rezult\u0101ti\"}]},{\"@type\":\"WebSite\",\"@id\":\"https:\/\/onlinelotto365.com\/lv\/#website\",\"url\":\"https:\/\/onlinelotto365.com\/lv\/\",\"name\":\"OnlineLotto365\",\"description\":\"\",\"potentialAction\":[{\"@type\":\"SearchAction\",\"target\":{\"@type\":\"EntryPoint\",\"urlTemplate\":\"https:\/\/onlinelotto365.com\/lv\/?s={search_term_string}\"},\"query-input\":{\"@type\":\"PropertyValueSpecification\",\"valueRequired\":true,\"valueName\":\"search_term_string\"}}],\"inLanguage\":\"lv-LV\"}]}<\/script>\n<!-- \/ Yoast SEO plugin. -->","yoast_head_json":{"title":"Jaun\u0101kie un iepriek\u0161\u0113jie izlozes rezult\u0101ti un laim\u0113ju\u0161ie skait\u013ci Powerball Australia","description":"M\u0113s public\u0113jam Powerball Australia laim\u0113ju\u0161os skait\u013cus uzreiz p\u0113c izlozes.","robots":{"index":"index","follow":"follow","max-snippet":"max-snippet:-1","max-image-preview":"max-image-preview:large","max-video-preview":"max-video-preview:-1"},"canonical":"https:\/\/onlinelotto365.com\/lv\/uzvarot-loterijas-numurus\/powerball-australia\/","og_locale":"lv_LV","og_type":"article","og_title":"Jaun\u0101kie un iepriek\u0161\u0113jie izlozes rezult\u0101ti un laim\u0113ju\u0161ie skait\u013ci Powerball Australia","og_description":"M\u0113s public\u0113jam Powerball Australia laim\u0113ju\u0161os skait\u013cus uzreiz p\u0113c izlozes.","og_url":"https:\/\/onlinelotto365.com\/lv\/uzvarot-loterijas-numurus\/powerball-australia\/","og_site_name":"OnlineLotto365","og_image":[{"url":"https:\/\/redfoxlotto.com\/image?size=8&amp;lottery=powerball-au"}],"twitter_card":"summary_large_image","twitter_misc":{"Est. reading time":"2 minutes"},"schema":{"@context":"https:\/\/schema.org","@graph":[{"@type":"WebPage","@id":"https:\/\/onlinelotto365.com\/lv\/uzvarot-loterijas-numurus\/powerball-australia\/","url":"https:\/\/onlinelotto365.com\/lv\/uzvarot-loterijas-numurus\/powerball-australia\/","name":"Jaun\u0101kie un iepriek\u0161\u0113jie izlozes rezult\u0101ti un laim\u0113ju\u0161ie skait\u013ci Powerball Australia","isPartOf":{"@id":"https:\/\/onlinelotto365.com\/lv\/#website"},"primaryImageOfPage":{"@id":"https:\/\/onlinelotto365.com\/lv\/uzvarot-loterijas-numurus\/powerball-australia\/#primaryimage"},"image":{"@id":"https:\/\/onlinelotto365.com\/lv\/uzvarot-loterijas-numurus\/powerball-australia\/#primaryimage"},"thumbnailUrl":"https:\/\/redfoxlotto.com\/image?size=8&amp;lottery=powerball-au","datePublished":"2022-11-23T12:30:53+00:00","dateModified":"2022-11-23T12:30:53+00:00","description":"M\u0113s public\u0113jam Powerball Australia laim\u0113ju\u0161os skait\u013cus uzreiz p\u0113c izlozes.","breadcrumb":{"@id":"https:\/\/onlinelotto365.com\/lv\/uzvarot-loterijas-numurus\/powerball-australia\/#breadcrumb"},"inLanguage":"lv-LV","potentialAction":[{"@type":"ReadAction","target":["https:\/\/onlinelotto365.com\/lv\/uzvarot-loterijas-numurus\/powerball-australia\/"]}]},{"@type":"ImageObject","inLanguage":"lv-LV","@id":"https:\/\/onlinelotto365.com\/lv\/uzvarot-loterijas-numurus\/powerball-australia\/#primaryimage","url":"https:\/\/redfoxlotto.com\/image?size=8&amp;lottery=powerball-au","contentUrl":"https:\/\/redfoxlotto.com\/image?size=8&amp;lottery=powerball-au"},{"@type":"BreadcrumbList","@id":"https:\/\/onlinelotto365.com\/lv\/uzvarot-loterijas-numurus\/powerball-australia\/#breadcrumb","itemListElement":[{"@type":"ListItem","position":1,"name":"Home","item":"https:\/\/onlinelotto365.com\/lv\/"},{"@type":"ListItem","position":2,"name":"Atrodiet uzvar\u0113t\u0101ju ciparus un rezult\u0101tus jaun\u0101kaj\u0101m izloz\u0113m","item":"https:\/\/onlinelotto365.com\/lv\/winning-numbers\/"},{"@type":"ListItem","position":3,"name":"Powerball Austr\u0101lija &#8211; jaun\u0101k\u0101s un iepriek\u0161\u0113j\u0101s uzvar\u0113t\u0101ju numurus, rezult\u0101ti"}]},{"@type":"WebSite","@id":"https:\/\/onlinelotto365.com\/lv\/#website","url":"https:\/\/onlinelotto365.com\/lv\/","name":"OnlineLotto365","description":"","potentialAction":[{"@type":"SearchAction","target":{"@type":"EntryPoint","urlTemplate":"https:\/\/onlinelotto365.com\/lv\/?s={search_term_string}"},"query-input":{"@type":"PropertyValueSpecification","valueRequired":true,"valueName":"search_term_string"}}],"inLanguage":"lv-LV"}]}},"_links":{"self":[{"href":"https:\/\/onlinelotto365.com\/lv\/wp-json\/wp\/v2\/pages\/80903","targetHints":{"allow":["GET"]}}],"collection":[{"href":"https:\/\/onlinelotto365.com\/lv\/wp-json\/wp\/v2\/pages"}],"about":[{"href":"https:\/\/onlinelotto365.com\/lv\/wp-json\/wp\/v2\/types\/page"}],"author":[{"embeddable":true,"href":"https:\/\/onlinelotto365.com\/lv\/wp-json\/wp\/v2\/users\/1"}],"replies":[{"embeddable":true,"href":"https:\/\/onlinelotto365.com\/lv\/wp-json\/wp\/v2\/comments?post=80903"}],"version-history":[{"count":0,"href":"https:\/\/onlinelotto365.com\/lv\/wp-json\/wp\/v2\/pages\/80903\/revisions"}],"up":[{"embeddable":true,"href":"https:\/\/onlinelotto365.com\/lv\/wp-json\/wp\/v2\/pages\/5850"}],"wp:attachment":[{"href":"https:\/\/onlinelotto365.com\/lv\/wp-json\/wp\/v2\/media?parent=80903"}],"curies":[{"name":"wp","href":"https:\/\/api.w.org\/{rel}","templated":true}]}}