{"id":80936,"date":"2022-11-23T21:52:34","date_gmt":"2022-11-23T20:52:34","guid":{"rendered":"https:\/\/onlinelotto365.com\/?page_id=80936"},"modified":"2022-11-23T21:52:34","modified_gmt":"2022-11-23T20:52:34","slug":"oz-lotto","status":"publish","type":"page","link":"https:\/\/onlinelotto365.com\/lv\/uzvarot-loterijas-numurus\/oz-lotto\/","title":{"rendered":"Uzvarot numurus no Oz Lotto"},"content":{"rendered":"<p>M\u016bsu vietn\u0113 ir daudz starptautisku loteriju iesp\u0113ju, un, sp\u0113l\u0113jot \u0161\u012bs sp\u0113les, j\u016bs v\u0113laties b\u016bt p\u0101rliecin\u0101ts, ka varat p\u0101rbaud\u012bt laim\u0113ju\u0161os skait\u013cus. Viens no veidiem ir laikrakst\u0101, ta\u010du atrast Oz Lotto rezult\u0101tus laikrakst\u0101 var b\u016bt sare\u017e\u0123\u012bti. V\u0113l viena iesp\u0113ja ir telev\u012bzij\u0101, ta\u010du atrast pareizo kan\u0101lu, lai noskat\u012btos izlozi vai redz\u0113tu rezult\u0101tus, ar\u012b var b\u016bt sare\u017e\u0123\u012bta situ\u0101cija vairumam cilv\u0113ku.<br \/>\n<a href=\"https:\/\/redfoxlotto.com\/play\/oz-lotto\/?ref=a8564250a2&amp;medium=ol365\" target=\"_blank\" rel=\"noopener noreferrer\"><img decoding=\"async\" class=\"aligncenter\" src=\"https:\/\/redfoxlotto.com\/image?size=8&amp;lottery=oz-lotto\" alt=\"Oz Lotto\" \/><\/a><br \/>\nT\u0101l\u0101k j\u016bs varat p\u0101rbaud\u012bt ofici\u0101lo Oz Lotto t\u012bmek\u013ca vietni un p\u0101rliecin\u0101ties, vai tur varat uzzin\u0101t rezult\u0101tus. Da\u017eas sp\u0113les \u013cauj v\u0113rot izlozi tie\u0161raid\u0113 sav\u0101 t\u012bmek\u013ca vietn\u0113. Ta\u010du paturiet pr\u0101t\u0101, ka tas nav iesp\u0113jams vis\u0101s lotto sp\u0113l\u0113s, un j\u016bs varat palikt bez \u0161\u0101das iesp\u0113jas.<\/p>\n<p>Da\u017ek\u0101rt p\u0113c izlozes var veikt mekl\u0113\u0161anu YouTube, lai uzzin\u0101tu jaun\u0101k\u0101s Oz Lotto izlozes rezult\u0101tus. Ar\u012b tie ne vienm\u0113r ir pieejami, ta\u010du da\u017ek\u0101rt k\u0101ds public\u0113 tie\u0161raides izlozes vai numuru video.<\/p>\n<p>Tom\u0113r vislab\u0101kais, ko varat dar\u012bt, ja v\u0113laties uzzin\u0101t jaun\u0101kos laim\u0113ju\u0161os skait\u013cus, ir p\u0101rbaud\u012bt m\u016bsu t\u012bmek\u013ca vietni un m\u016bsu loto rezult\u0101tu lapu. Tur m\u0113s ievietojam katras loterijas sp\u0113les rezult\u0101tus, ko varat ieg\u0101d\u0101ties m\u016bsu vietn\u0113, lai j\u016bs zin\u0101tu, kur mekl\u0113t.<\/p>\n<h2>K\u0101 uzzin\u0101t, vai j\u016bsu tie\u0161saistes bi\u013cete ir laim\u0113jusi?<\/h2>\n<p>Tie, kuri ir ieg\u0101d\u0101ju\u0161ies bi\u013cetes uz k\u0101du no m\u016bsu pied\u0101v\u0101taj\u0101m sp\u0113l\u0113m, var pieteikties sav\u0101 kont\u0101 un doties uz lapu, kur\u0101 ir saglab\u0101tas j\u016bsu bi\u013cetes. \u0160aj\u0101 lap\u0101 j\u016bs atrad\u012bsiet visu nepiecie\u0161amo inform\u0101ciju. J\u016bs var\u0113siet apskat\u012bt savas loto bi\u013cetes, k\u0101 ar\u012b laim\u0113ju\u0161os skait\u013cus.<br \/>\nJa jums b\u016bs paveicies un k\u0101ds no skait\u013ciem sakrit\u012bs, ekr\u0101n\u0101 redz\u0113siet ar\u012b izceltus skait\u013cus, kas sakrit\u012bs. Varat ar\u012b p\u0101rbaud\u012bt, cik daudz skait\u013cu ir sakritu\u0161i un k\u0101du balvu esat vinn\u0113jis. Ja tas ir maz\u0101ks par 2500 eiro, j\u016bs varat apskat\u012bt savu kontu un atrast to tie\u0161i sav\u0101 sp\u0113l\u0113t\u0101ja kont\u0101, tikl\u012bdz rezult\u0101ti tiks p\u0101rbaud\u012bti.<\/p>\n<h2>Oz Lotto rezult\u0101tu arh\u012bvs<\/h2>\n<p>Tiem, kas v\u0113las apskat\u012bt vec\u0101kus Oz Lotto vai citu loteriju sp\u0113les numurus, varat viegli atrast arh\u012bvu, kas ir saist\u012bts ar jebkuru lapu, kur\u0101 ir redzami pa\u0161reiz\u0113jie skait\u013ci. T\u0101d\u0113j\u0101di jums b\u016bs viegl\u0101k atrast mekl\u0113jamos skait\u013cus, lai pal\u012bdz\u0113tu jums ar turpm\u0101kajiem izloz\u0113m.<\/p>\n<h2>Mana bi\u013cete ir vinn\u0113jusi, kas notiks t\u0101l\u0101k?<\/h2>\n<p><img loading=\"lazy\" decoding=\"async\" class=\"alignright wp-image-3624\" src=\"https:\/\/onlinelotto365.com\/wp-content\/uploads\/2020\/11\/online_lottery-74-200x300.jpg\" alt=\"oz lotto laim\u012bgie skait\u013ci\" width=\"123\" height=\"185\" srcset=\"https:\/\/onlinelotto365.com\/wp-content\/uploads\/2020\/11\/online_lottery-74-200x300.jpg 200w, https:\/\/onlinelotto365.com\/wp-content\/uploads\/2020\/11\/online_lottery-74.jpg 320w\" sizes=\"auto, (max-width: 123px) 100vw, 123px\" \/><br \/>\nM\u0113s jau run\u0101j\u0101m par to, k\u0101 j\u016bs varat sa\u0146emt savu laimestu, ja j\u016bsu bi\u013cete sakr\u012bt ar laimestu numuriem, bet apl\u016bkosim to ar\u012b nedaudz s\u012bk\u0101k. Ja j\u016bsu bi\u013cetes v\u0113rt\u012bba ir maz\u0101ka par 2500 eiro, nauda tiks autom\u0101tiski ieskait\u012bta j\u016bsu kont\u0101, tikl\u012bdz laimestu skait\u013ci tiks apstiprin\u0101ti.<\/p>\n<p>P\u0113c tam, ja j\u016bsu kont\u0101 ir vismaz 10 \u20ac, \u0161o naudu var\u0113siet iz\u0146emt, izmantojot jebkuru maks\u0101jumu metodi, ko jau esat izmantojis sav\u0101 kont\u0101. Jums tikai j\u0101aizpilda p\u0101ris veidlapas, lai apstiprin\u0101tu savu identit\u0101ti, un nauda acumirkl\u012b non\u0101ks j\u016bsu kont\u0101. Vai ar\u012b varat atst\u0101t naudu tur, kur t\u0101 ir, un izmantot to, lai v\u0113l\u0101k ieg\u0101d\u0101tos v\u0113l vair\u0101k bi\u013ce\u0161u.<\/p>\n","protected":false},"excerpt":{"rendered":"<p>M\u016bsu vietn\u0113 ir daudz starptautisku loteriju iesp\u0113ju, un, sp\u0113l\u0113jot \u0161\u012bs sp\u0113les, j\u016bs v\u0113laties b\u016bt p\u0101rliecin\u0101ts, ka varat p\u0101rbaud\u012bt laim\u0113ju\u0161os skait\u013cus. Viens no veidiem ir laikrakst\u0101, ta\u010du atrast Oz Lotto rezult\u0101tus laikrakst\u0101 var b\u016bt sare\u017e\u0123\u012bti. V\u0113l viena iesp\u0113ja ir telev\u012bzij\u0101, ta\u010du atrast pareizo kan\u0101lu, lai noskat\u012btos izlozi vai redz\u0113tu rezult\u0101tus, ar\u012b var b\u016bt sare\u017e\u0123\u012bta situ\u0101cija vairumam [&hellip;]<\/p>\n","protected":false},"author":1,"featured_media":0,"parent":5850,"menu_order":14,"comment_status":"closed","ping_status":"closed","template":"template-rightsidebar.php","meta":{"_et_pb_use_builder":"","_et_pb_old_content":"","_et_gb_content_width":"","exclude_from_search":false,"footnotes":""},"class_list":["post-80936","page","type-page","status-publish","hentry"],"yoast_head":"<!-- This site is optimized with the Yoast SEO plugin v23.4 - https:\/\/yoast.com\/wordpress\/plugins\/seo\/ -->\n<title>Oz Lotto izlozes rezult\u0101ti un balvas<\/title>\n<meta name=\"description\" content=\"Vai mekl\u0113jat Oz Lotto izlozes rezult\u0101tus? \u0160eit ir laim\u0113ju\u0161ie skait\u013ci\" \/>\n<meta name=\"robots\" content=\"index, follow, max-snippet:-1, max-image-preview:large, max-video-preview:-1\" \/>\n<link rel=\"canonical\" href=\"https:\/\/onlinelotto365.com\/lv\/uzvarot-loterijas-numurus\/oz-lotto\/\" \/>\n<meta property=\"og:locale\" content=\"lv_LV\" \/>\n<meta property=\"og:type\" content=\"article\" \/>\n<meta property=\"og:title\" content=\"Oz Lotto izlozes rezult\u0101ti un balvas\" \/>\n<meta property=\"og:description\" content=\"Vai mekl\u0113jat Oz Lotto izlozes rezult\u0101tus? \u0160eit ir laim\u0113ju\u0161ie skait\u013ci\" \/>\n<meta property=\"og:url\" content=\"https:\/\/onlinelotto365.com\/lv\/uzvarot-loterijas-numurus\/oz-lotto\/\" \/>\n<meta property=\"og:site_name\" content=\"OnlineLotto365\" \/>\n<meta property=\"og:image\" content=\"https:\/\/redfoxlotto.com\/image?size=8&amp;lottery=oz-lotto\" \/>\n<meta name=\"twitter:card\" content=\"summary_large_image\" \/>\n<meta name=\"twitter:label1\" content=\"Est. reading time\" \/>\n\t<meta name=\"twitter:data1\" content=\"3 minutes\" \/>\n<script type=\"application\/ld+json\" class=\"yoast-schema-graph\">{\"@context\":\"https:\/\/schema.org\",\"@graph\":[{\"@type\":\"WebPage\",\"@id\":\"https:\/\/onlinelotto365.com\/lv\/uzvarot-loterijas-numurus\/oz-lotto\/\",\"url\":\"https:\/\/onlinelotto365.com\/lv\/uzvarot-loterijas-numurus\/oz-lotto\/\",\"name\":\"Oz Lotto izlozes rezult\u0101ti un balvas\",\"isPartOf\":{\"@id\":\"https:\/\/onlinelotto365.com\/lv\/#website\"},\"primaryImageOfPage\":{\"@id\":\"https:\/\/onlinelotto365.com\/lv\/uzvarot-loterijas-numurus\/oz-lotto\/#primaryimage\"},\"image\":{\"@id\":\"https:\/\/onlinelotto365.com\/lv\/uzvarot-loterijas-numurus\/oz-lotto\/#primaryimage\"},\"thumbnailUrl\":\"https:\/\/redfoxlotto.com\/image?size=8&amp;lottery=oz-lotto\",\"datePublished\":\"2022-11-23T20:52:34+00:00\",\"dateModified\":\"2022-11-23T20:52:34+00:00\",\"description\":\"Vai mekl\u0113jat Oz Lotto izlozes rezult\u0101tus? \u0160eit ir laim\u0113ju\u0161ie skait\u013ci\",\"breadcrumb\":{\"@id\":\"https:\/\/onlinelotto365.com\/lv\/uzvarot-loterijas-numurus\/oz-lotto\/#breadcrumb\"},\"inLanguage\":\"lv-LV\",\"potentialAction\":[{\"@type\":\"ReadAction\",\"target\":[\"https:\/\/onlinelotto365.com\/lv\/uzvarot-loterijas-numurus\/oz-lotto\/\"]}]},{\"@type\":\"ImageObject\",\"inLanguage\":\"lv-LV\",\"@id\":\"https:\/\/onlinelotto365.com\/lv\/uzvarot-loterijas-numurus\/oz-lotto\/#primaryimage\",\"url\":\"https:\/\/redfoxlotto.com\/image?size=8&amp;lottery=oz-lotto\",\"contentUrl\":\"https:\/\/redfoxlotto.com\/image?size=8&amp;lottery=oz-lotto\"},{\"@type\":\"BreadcrumbList\",\"@id\":\"https:\/\/onlinelotto365.com\/lv\/uzvarot-loterijas-numurus\/oz-lotto\/#breadcrumb\",\"itemListElement\":[{\"@type\":\"ListItem\",\"position\":1,\"name\":\"Home\",\"item\":\"https:\/\/onlinelotto365.com\/lv\/\"},{\"@type\":\"ListItem\",\"position\":2,\"name\":\"Atrodiet uzvar\u0113t\u0101ju ciparus un rezult\u0101tus jaun\u0101kaj\u0101m izloz\u0113m\",\"item\":\"https:\/\/onlinelotto365.com\/lv\/winning-numbers\/\"},{\"@type\":\"ListItem\",\"position\":3,\"name\":\"Uzvarot numurus no Oz Lotto\"}]},{\"@type\":\"WebSite\",\"@id\":\"https:\/\/onlinelotto365.com\/lv\/#website\",\"url\":\"https:\/\/onlinelotto365.com\/lv\/\",\"name\":\"OnlineLotto365\",\"description\":\"\",\"potentialAction\":[{\"@type\":\"SearchAction\",\"target\":{\"@type\":\"EntryPoint\",\"urlTemplate\":\"https:\/\/onlinelotto365.com\/lv\/?s={search_term_string}\"},\"query-input\":{\"@type\":\"PropertyValueSpecification\",\"valueRequired\":true,\"valueName\":\"search_term_string\"}}],\"inLanguage\":\"lv-LV\"}]}<\/script>\n<!-- \/ Yoast SEO plugin. -->","yoast_head_json":{"title":"Oz Lotto izlozes rezult\u0101ti un balvas","description":"Vai mekl\u0113jat Oz Lotto izlozes rezult\u0101tus? \u0160eit ir laim\u0113ju\u0161ie skait\u013ci","robots":{"index":"index","follow":"follow","max-snippet":"max-snippet:-1","max-image-preview":"max-image-preview:large","max-video-preview":"max-video-preview:-1"},"canonical":"https:\/\/onlinelotto365.com\/lv\/uzvarot-loterijas-numurus\/oz-lotto\/","og_locale":"lv_LV","og_type":"article","og_title":"Oz Lotto izlozes rezult\u0101ti un balvas","og_description":"Vai mekl\u0113jat Oz Lotto izlozes rezult\u0101tus? \u0160eit ir laim\u0113ju\u0161ie skait\u013ci","og_url":"https:\/\/onlinelotto365.com\/lv\/uzvarot-loterijas-numurus\/oz-lotto\/","og_site_name":"OnlineLotto365","og_image":[{"url":"https:\/\/redfoxlotto.com\/image?size=8&amp;lottery=oz-lotto"}],"twitter_card":"summary_large_image","twitter_misc":{"Est. reading time":"3 minutes"},"schema":{"@context":"https:\/\/schema.org","@graph":[{"@type":"WebPage","@id":"https:\/\/onlinelotto365.com\/lv\/uzvarot-loterijas-numurus\/oz-lotto\/","url":"https:\/\/onlinelotto365.com\/lv\/uzvarot-loterijas-numurus\/oz-lotto\/","name":"Oz Lotto izlozes rezult\u0101ti un balvas","isPartOf":{"@id":"https:\/\/onlinelotto365.com\/lv\/#website"},"primaryImageOfPage":{"@id":"https:\/\/onlinelotto365.com\/lv\/uzvarot-loterijas-numurus\/oz-lotto\/#primaryimage"},"image":{"@id":"https:\/\/onlinelotto365.com\/lv\/uzvarot-loterijas-numurus\/oz-lotto\/#primaryimage"},"thumbnailUrl":"https:\/\/redfoxlotto.com\/image?size=8&amp;lottery=oz-lotto","datePublished":"2022-11-23T20:52:34+00:00","dateModified":"2022-11-23T20:52:34+00:00","description":"Vai mekl\u0113jat Oz Lotto izlozes rezult\u0101tus? \u0160eit ir laim\u0113ju\u0161ie skait\u013ci","breadcrumb":{"@id":"https:\/\/onlinelotto365.com\/lv\/uzvarot-loterijas-numurus\/oz-lotto\/#breadcrumb"},"inLanguage":"lv-LV","potentialAction":[{"@type":"ReadAction","target":["https:\/\/onlinelotto365.com\/lv\/uzvarot-loterijas-numurus\/oz-lotto\/"]}]},{"@type":"ImageObject","inLanguage":"lv-LV","@id":"https:\/\/onlinelotto365.com\/lv\/uzvarot-loterijas-numurus\/oz-lotto\/#primaryimage","url":"https:\/\/redfoxlotto.com\/image?size=8&amp;lottery=oz-lotto","contentUrl":"https:\/\/redfoxlotto.com\/image?size=8&amp;lottery=oz-lotto"},{"@type":"BreadcrumbList","@id":"https:\/\/onlinelotto365.com\/lv\/uzvarot-loterijas-numurus\/oz-lotto\/#breadcrumb","itemListElement":[{"@type":"ListItem","position":1,"name":"Home","item":"https:\/\/onlinelotto365.com\/lv\/"},{"@type":"ListItem","position":2,"name":"Atrodiet uzvar\u0113t\u0101ju ciparus un rezult\u0101tus jaun\u0101kaj\u0101m izloz\u0113m","item":"https:\/\/onlinelotto365.com\/lv\/winning-numbers\/"},{"@type":"ListItem","position":3,"name":"Uzvarot numurus no Oz Lotto"}]},{"@type":"WebSite","@id":"https:\/\/onlinelotto365.com\/lv\/#website","url":"https:\/\/onlinelotto365.com\/lv\/","name":"OnlineLotto365","description":"","potentialAction":[{"@type":"SearchAction","target":{"@type":"EntryPoint","urlTemplate":"https:\/\/onlinelotto365.com\/lv\/?s={search_term_string}"},"query-input":{"@type":"PropertyValueSpecification","valueRequired":true,"valueName":"search_term_string"}}],"inLanguage":"lv-LV"}]}},"_links":{"self":[{"href":"https:\/\/onlinelotto365.com\/lv\/wp-json\/wp\/v2\/pages\/80936","targetHints":{"allow":["GET"]}}],"collection":[{"href":"https:\/\/onlinelotto365.com\/lv\/wp-json\/wp\/v2\/pages"}],"about":[{"href":"https:\/\/onlinelotto365.com\/lv\/wp-json\/wp\/v2\/types\/page"}],"author":[{"embeddable":true,"href":"https:\/\/onlinelotto365.com\/lv\/wp-json\/wp\/v2\/users\/1"}],"replies":[{"embeddable":true,"href":"https:\/\/onlinelotto365.com\/lv\/wp-json\/wp\/v2\/comments?post=80936"}],"version-history":[{"count":0,"href":"https:\/\/onlinelotto365.com\/lv\/wp-json\/wp\/v2\/pages\/80936\/revisions"}],"up":[{"embeddable":true,"href":"https:\/\/onlinelotto365.com\/lv\/wp-json\/wp\/v2\/pages\/5850"}],"wp:attachment":[{"href":"https:\/\/onlinelotto365.com\/lv\/wp-json\/wp\/v2\/media?parent=80936"}],"curies":[{"name":"wp","href":"https:\/\/api.w.org\/{rel}","templated":true}]}}