{"id":80966,"date":"2022-11-25T09:01:39","date_gmt":"2022-11-25T08:01:39","guid":{"rendered":"https:\/\/onlinelotto365.com\/?page_id=80966"},"modified":"2022-11-25T09:01:39","modified_gmt":"2022-11-25T08:01:39","slug":"saturday-lotto-australia","status":"publish","type":"page","link":"https:\/\/onlinelotto365.com\/lv\/uzvarot-loterijas-numurus\/saturday-lotto-australia\/","title":{"rendered":"P\u0101rbaudiet uzvar\u0113t\u0101ju numurus un summas sestdiena Lotto Austr\u0101lija"},"content":{"rendered":"<p>M\u016bsu vietn\u0113 ir daudz da\u017e\u0101du starptautisku sp\u0113\u013cu, un m\u0113s zin\u0101m, ka j\u016bs v\u0113laties p\u0113c iesp\u0113jas \u0101tr\u0101k ieg\u016bt laim\u012bgos skait\u013cus. Av\u012bze parasti nav laba vieta, kur atrast laim\u012bgos numurus sestdienas Lotto Australia. T\u0101pat nav p\u0101r\u0101k labi skat\u012bties TV kan\u0101lus un cer\u0113t, ka atrad\u012bsiet pareizos \u0161\u012bs sp\u0113les numurus. T\u0101tad, kur jums doties, lai uzzin\u0101tu rezult\u0101tus?<br \/>\n<a href=\"https:\/\/redfoxlotto.com\/play\/saturday-lotto-au\/?ref=a8564250a2&amp;medium=ol365\" target=\"_blank\" rel=\"noopener noreferrer\"><img decoding=\"async\" class=\"aligncenter\" src=\"https:\/\/redfoxlotto.com\/image?size=8&amp;lottery=saturday-lotto-au\" alt=\"Saturday Lotto Austr\u0101lija\" \/><\/a><br \/>\nLoterijas t\u012bmek\u013ca vietne ir viena no viet\u0101m, kur mekl\u0113t. Da\u017eas loteriju sp\u0113les pied\u0101v\u0101 savu izlozes tie\u0161raides, ta\u010du Saturday Lotto Australia var neb\u016bt viena no t\u0101m. Lai p\u0101rliecin\u0101tos, jums ir j\u0101p\u0101rbauda t\u012bmek\u013ca vietne, un tad jums ir j\u0101p\u0101rliecin\u0101s, ka skat\u0101ties \u012bstaj\u0101 laik\u0101, ja vi\u0146i pied\u0101v\u0101 izlozes tie\u0161raidi.<br \/>\nVisbeidzot, ja izloze jau ir notikusi, j\u016bs varat veikt mekl\u0113\u0161anu vietn\u0113 YouTube, lai atrastu rezult\u0101tus, kurus k\u0101ds jau ir public\u0113jis. Iesp\u0113jams, vi\u0146iem ir pieejams tie\u0161raides izlozes video, ko var ievietot.<\/p>\n<p>Tom\u0113r visvienk\u0101r\u0161\u0101kais veids, k\u0101 ieg\u016bt mekl\u0113jamos rezult\u0101tus, ir doties atpaka\u013c uz m\u016bsu t\u012bmek\u013ca vietni. Tur j\u016bs atrad\u012bsiet visus sestdienas Lotto Australia, k\u0101 ar\u012b citu sp\u0113\u013cu, kuras v\u0113laties sp\u0113l\u0113t, numurus. \u0160ie skait\u013ci ir pieejami m\u016bsu loterijas rezult\u0101tu lap\u0101, un tos ir viegli atrast.<\/p>\n<h2>K\u0101 uzzin\u0101t, vai j\u016bsu tie\u0161saistes bi\u013cete ir vinn\u0113jusi?<\/h2>\n<p>Ikvienam, kur\u0161 jau ir ieg\u0101d\u0101jies bi\u013cetes uz Saturday Lotto Australia m\u016bsu vietn\u0113, b\u016bs v\u0113l viegl\u0101k, jo j\u016bs varat vienk\u0101r\u0161i ieiet sav\u0101 kont\u0101. Piesakieties un apskatiet lapu, kur\u0101 glab\u0101jas j\u016bsu bi\u013cetes. Taj\u0101 atrad\u012bsiet ne tikai savu bi\u013ce\u0161u numurus, bet ar\u012b jebkuras sp\u0113les, kuru esat sp\u0113l\u0113jis, laim\u0113ju\u0161os numurus.<\/p>\n<p>Tur varat mekl\u0113t sakrit\u012bbas, kuras m\u0113s jums atz\u012bm\u0113sim da\u017e\u0101d\u0101s kr\u0101s\u0101s. T\u0101d\u0113j\u0101di J\u016bs redz\u0113siet, cik daudz esat vinn\u0113jis, un var\u0113siet redz\u0113t, kur J\u016bsu kont\u0101 ir nauda. Ja summa ir maz\u0101ka par 2500 eiro, m\u0113s to jau iemaks\u0101jam j\u016bsu kont\u0101, t\u0101p\u0113c jums nekas nav j\u0101dara.<\/p>\n<h2>Saturday Lotto Australia rezult\u0101tu arh\u012bvs<\/h2>\n<p>Tiem, kuri v\u0113las apskat\u012bt vec\u0101kus Sestdienas Lotto Austr\u0101lija numurus, jums nav par neko j\u0101uztraucas. M\u0113s esam par\u016bp\u0113ju\u0161ies par to, lai arh\u012bvs b\u016btu viegli atrodams, pievienojot to jebkurai lapai, kur\u0101 m\u0113s r\u0101d\u0101m aktu\u0101los loto rezult\u0101tus. T\u0101d\u0113j\u0101di j\u016bs varat p\u0101rbaud\u012bt visus v\u0113lamos numurus, pat no sen\u0101kiem periodiem.<\/p>\n<h2>Mana bi\u013cete ir vinn\u0113jusi, kas notiks t\u0101l\u0101k?<\/h2>\n<p><img loading=\"lazy\" decoding=\"async\" class=\"alignright wp-image-3649\" src=\"https:\/\/onlinelotto365.com\/wp-content\/uploads\/2020\/11\/online_lottery-90-300x225.jpg\" alt=\"laim\u0113ju\u0161ie skait\u013ci sestdienas lotto Austr\u0101lija\" width=\"207\" height=\"155\" srcset=\"https:\/\/onlinelotto365.com\/wp-content\/uploads\/2020\/11\/online_lottery-90-300x225.jpg 300w, https:\/\/onlinelotto365.com\/wp-content\/uploads\/2020\/11\/online_lottery-90.jpg 320w\" sizes=\"auto, (max-width: 207px) 100vw, 207px\" \/><br \/>\nM\u0113s jau esam run\u0101ju\u0161i par laimestiem, ko j\u016bs varat ieg\u016bt no sav\u0101m loterijas bi\u013cet\u0113m. Ja \u0161ie laimesti ir maz\u0101ki par 2500 eiro, jums nekas nav j\u0101dara, lai tos sa\u0146emtu. M\u0113s uzreiz ieskait\u012bsim naudu j\u016bsu sp\u0113l\u0113t\u0101ja kont\u0101. Ja laimestu summa ir liel\u0101ka par \u20ac2500, m\u0113s pal\u012bdz\u0113sim jums to piepras\u012b\u0161anas proces\u0101.<\/p>\n<p>Paturiet pr\u0101t\u0101 ar\u012b to, ka sav\u0101 kont\u0101 varat iz\u0146emt jebkuru naudu, ja vien taj\u0101 ir vismaz \u20ac10. Viss, kas Jums j\u0101dara, ir j\u0101izv\u0113las maks\u0101jumu metode, kuru kont\u0101 esat izmantojis jau iepriek\u0161, un j\u0101aizpilda da\u017eas p\u0101rbaudes formas m\u016bsu maks\u0101jumu apstr\u0101d\u0101t\u0101jam.<\/p>\n","protected":false},"excerpt":{"rendered":"<p>M\u016bsu vietn\u0113 ir daudz da\u017e\u0101du starptautisku sp\u0113\u013cu, un m\u0113s zin\u0101m, ka j\u016bs v\u0113laties p\u0113c iesp\u0113jas \u0101tr\u0101k ieg\u016bt laim\u012bgos skait\u013cus. Av\u012bze parasti nav laba vieta, kur atrast laim\u012bgos numurus sestdienas Lotto Australia. T\u0101pat nav p\u0101r\u0101k labi skat\u012bties TV kan\u0101lus un cer\u0113t, ka atrad\u012bsiet pareizos \u0161\u012bs sp\u0113les numurus. T\u0101tad, kur jums doties, lai uzzin\u0101tu rezult\u0101tus? Loterijas t\u012bmek\u013ca [&hellip;]<\/p>\n","protected":false},"author":1,"featured_media":0,"parent":5850,"menu_order":15,"comment_status":"closed","ping_status":"closed","template":"saturday-lotto-results.php","meta":{"_et_pb_use_builder":"","_et_pb_old_content":"","_et_gb_content_width":"","exclude_from_search":false,"footnotes":""},"class_list":["post-80966","page","type-page","status-publish","hentry"],"yoast_head":"<!-- This site is optimized with the Yoast SEO plugin v23.4 - https:\/\/yoast.com\/wordpress\/plugins\/seo\/ -->\n<title>P\u0101rbaudiet uzvar\u0113t\u0101ju numurus un summas sestdienas Lotto Austr\u0101lija<\/title>\n<meta name=\"description\" content=\"Izlozes rezult\u0101ti, laim\u0113ju\u0161ie skait\u013ci Sestdienas Lotto Austr\u0101lija, k\u0101 ar\u012b rezult\u0101tu arh\u012bvs\" \/>\n<meta name=\"robots\" content=\"index, follow, max-snippet:-1, max-image-preview:large, max-video-preview:-1\" \/>\n<link rel=\"canonical\" href=\"https:\/\/onlinelotto365.com\/lv\/uzvarot-loterijas-numurus\/saturday-lotto-australia\/\" \/>\n<meta property=\"og:locale\" content=\"lv_LV\" \/>\n<meta property=\"og:type\" content=\"article\" \/>\n<meta property=\"og:title\" content=\"P\u0101rbaudiet uzvar\u0113t\u0101ju numurus un summas sestdienas Lotto Austr\u0101lija\" \/>\n<meta property=\"og:description\" content=\"Izlozes rezult\u0101ti, laim\u0113ju\u0161ie skait\u013ci Sestdienas Lotto Austr\u0101lija, k\u0101 ar\u012b rezult\u0101tu arh\u012bvs\" \/>\n<meta property=\"og:url\" content=\"https:\/\/onlinelotto365.com\/lv\/uzvarot-loterijas-numurus\/saturday-lotto-australia\/\" \/>\n<meta property=\"og:site_name\" content=\"OnlineLotto365\" \/>\n<meta property=\"og:image\" content=\"https:\/\/redfoxlotto.com\/image?size=8&amp;lottery=saturday-lotto-au\" \/>\n<meta name=\"twitter:card\" content=\"summary_large_image\" \/>\n<meta name=\"twitter:label1\" content=\"Est. reading time\" \/>\n\t<meta name=\"twitter:data1\" content=\"2 minutes\" \/>\n<script type=\"application\/ld+json\" class=\"yoast-schema-graph\">{\"@context\":\"https:\/\/schema.org\",\"@graph\":[{\"@type\":\"WebPage\",\"@id\":\"https:\/\/onlinelotto365.com\/lv\/uzvarot-loterijas-numurus\/saturday-lotto-australia\/\",\"url\":\"https:\/\/onlinelotto365.com\/lv\/uzvarot-loterijas-numurus\/saturday-lotto-australia\/\",\"name\":\"P\u0101rbaudiet uzvar\u0113t\u0101ju numurus un summas sestdienas Lotto Austr\u0101lija\",\"isPartOf\":{\"@id\":\"https:\/\/onlinelotto365.com\/lv\/#website\"},\"primaryImageOfPage\":{\"@id\":\"https:\/\/onlinelotto365.com\/lv\/uzvarot-loterijas-numurus\/saturday-lotto-australia\/#primaryimage\"},\"image\":{\"@id\":\"https:\/\/onlinelotto365.com\/lv\/uzvarot-loterijas-numurus\/saturday-lotto-australia\/#primaryimage\"},\"thumbnailUrl\":\"https:\/\/redfoxlotto.com\/image?size=8&amp;lottery=saturday-lotto-au\",\"datePublished\":\"2022-11-25T08:01:39+00:00\",\"dateModified\":\"2022-11-25T08:01:39+00:00\",\"description\":\"Izlozes rezult\u0101ti, laim\u0113ju\u0161ie skait\u013ci Sestdienas Lotto Austr\u0101lija, k\u0101 ar\u012b rezult\u0101tu arh\u012bvs\",\"breadcrumb\":{\"@id\":\"https:\/\/onlinelotto365.com\/lv\/uzvarot-loterijas-numurus\/saturday-lotto-australia\/#breadcrumb\"},\"inLanguage\":\"lv-LV\",\"potentialAction\":[{\"@type\":\"ReadAction\",\"target\":[\"https:\/\/onlinelotto365.com\/lv\/uzvarot-loterijas-numurus\/saturday-lotto-australia\/\"]}]},{\"@type\":\"ImageObject\",\"inLanguage\":\"lv-LV\",\"@id\":\"https:\/\/onlinelotto365.com\/lv\/uzvarot-loterijas-numurus\/saturday-lotto-australia\/#primaryimage\",\"url\":\"https:\/\/redfoxlotto.com\/image?size=8&amp;lottery=saturday-lotto-au\",\"contentUrl\":\"https:\/\/redfoxlotto.com\/image?size=8&amp;lottery=saturday-lotto-au\"},{\"@type\":\"BreadcrumbList\",\"@id\":\"https:\/\/onlinelotto365.com\/lv\/uzvarot-loterijas-numurus\/saturday-lotto-australia\/#breadcrumb\",\"itemListElement\":[{\"@type\":\"ListItem\",\"position\":1,\"name\":\"Home\",\"item\":\"https:\/\/onlinelotto365.com\/lv\/\"},{\"@type\":\"ListItem\",\"position\":2,\"name\":\"Atrodiet uzvar\u0113t\u0101ju ciparus un rezult\u0101tus jaun\u0101kaj\u0101m izloz\u0113m\",\"item\":\"https:\/\/onlinelotto365.com\/lv\/winning-numbers\/\"},{\"@type\":\"ListItem\",\"position\":3,\"name\":\"P\u0101rbaudiet uzvar\u0113t\u0101ju numurus un summas sestdiena Lotto Austr\u0101lija\"}]},{\"@type\":\"WebSite\",\"@id\":\"https:\/\/onlinelotto365.com\/lv\/#website\",\"url\":\"https:\/\/onlinelotto365.com\/lv\/\",\"name\":\"OnlineLotto365\",\"description\":\"\",\"potentialAction\":[{\"@type\":\"SearchAction\",\"target\":{\"@type\":\"EntryPoint\",\"urlTemplate\":\"https:\/\/onlinelotto365.com\/lv\/?s={search_term_string}\"},\"query-input\":{\"@type\":\"PropertyValueSpecification\",\"valueRequired\":true,\"valueName\":\"search_term_string\"}}],\"inLanguage\":\"lv-LV\"}]}<\/script>\n<!-- \/ Yoast SEO plugin. -->","yoast_head_json":{"title":"P\u0101rbaudiet uzvar\u0113t\u0101ju numurus un summas sestdienas Lotto Austr\u0101lija","description":"Izlozes rezult\u0101ti, laim\u0113ju\u0161ie skait\u013ci Sestdienas Lotto Austr\u0101lija, k\u0101 ar\u012b rezult\u0101tu arh\u012bvs","robots":{"index":"index","follow":"follow","max-snippet":"max-snippet:-1","max-image-preview":"max-image-preview:large","max-video-preview":"max-video-preview:-1"},"canonical":"https:\/\/onlinelotto365.com\/lv\/uzvarot-loterijas-numurus\/saturday-lotto-australia\/","og_locale":"lv_LV","og_type":"article","og_title":"P\u0101rbaudiet uzvar\u0113t\u0101ju numurus un summas sestdienas Lotto Austr\u0101lija","og_description":"Izlozes rezult\u0101ti, laim\u0113ju\u0161ie skait\u013ci Sestdienas Lotto Austr\u0101lija, k\u0101 ar\u012b rezult\u0101tu arh\u012bvs","og_url":"https:\/\/onlinelotto365.com\/lv\/uzvarot-loterijas-numurus\/saturday-lotto-australia\/","og_site_name":"OnlineLotto365","og_image":[{"url":"https:\/\/redfoxlotto.com\/image?size=8&amp;lottery=saturday-lotto-au"}],"twitter_card":"summary_large_image","twitter_misc":{"Est. reading time":"2 minutes"},"schema":{"@context":"https:\/\/schema.org","@graph":[{"@type":"WebPage","@id":"https:\/\/onlinelotto365.com\/lv\/uzvarot-loterijas-numurus\/saturday-lotto-australia\/","url":"https:\/\/onlinelotto365.com\/lv\/uzvarot-loterijas-numurus\/saturday-lotto-australia\/","name":"P\u0101rbaudiet uzvar\u0113t\u0101ju numurus un summas sestdienas Lotto Austr\u0101lija","isPartOf":{"@id":"https:\/\/onlinelotto365.com\/lv\/#website"},"primaryImageOfPage":{"@id":"https:\/\/onlinelotto365.com\/lv\/uzvarot-loterijas-numurus\/saturday-lotto-australia\/#primaryimage"},"image":{"@id":"https:\/\/onlinelotto365.com\/lv\/uzvarot-loterijas-numurus\/saturday-lotto-australia\/#primaryimage"},"thumbnailUrl":"https:\/\/redfoxlotto.com\/image?size=8&amp;lottery=saturday-lotto-au","datePublished":"2022-11-25T08:01:39+00:00","dateModified":"2022-11-25T08:01:39+00:00","description":"Izlozes rezult\u0101ti, laim\u0113ju\u0161ie skait\u013ci Sestdienas Lotto Austr\u0101lija, k\u0101 ar\u012b rezult\u0101tu arh\u012bvs","breadcrumb":{"@id":"https:\/\/onlinelotto365.com\/lv\/uzvarot-loterijas-numurus\/saturday-lotto-australia\/#breadcrumb"},"inLanguage":"lv-LV","potentialAction":[{"@type":"ReadAction","target":["https:\/\/onlinelotto365.com\/lv\/uzvarot-loterijas-numurus\/saturday-lotto-australia\/"]}]},{"@type":"ImageObject","inLanguage":"lv-LV","@id":"https:\/\/onlinelotto365.com\/lv\/uzvarot-loterijas-numurus\/saturday-lotto-australia\/#primaryimage","url":"https:\/\/redfoxlotto.com\/image?size=8&amp;lottery=saturday-lotto-au","contentUrl":"https:\/\/redfoxlotto.com\/image?size=8&amp;lottery=saturday-lotto-au"},{"@type":"BreadcrumbList","@id":"https:\/\/onlinelotto365.com\/lv\/uzvarot-loterijas-numurus\/saturday-lotto-australia\/#breadcrumb","itemListElement":[{"@type":"ListItem","position":1,"name":"Home","item":"https:\/\/onlinelotto365.com\/lv\/"},{"@type":"ListItem","position":2,"name":"Atrodiet uzvar\u0113t\u0101ju ciparus un rezult\u0101tus jaun\u0101kaj\u0101m izloz\u0113m","item":"https:\/\/onlinelotto365.com\/lv\/winning-numbers\/"},{"@type":"ListItem","position":3,"name":"P\u0101rbaudiet uzvar\u0113t\u0101ju numurus un summas sestdiena Lotto Austr\u0101lija"}]},{"@type":"WebSite","@id":"https:\/\/onlinelotto365.com\/lv\/#website","url":"https:\/\/onlinelotto365.com\/lv\/","name":"OnlineLotto365","description":"","potentialAction":[{"@type":"SearchAction","target":{"@type":"EntryPoint","urlTemplate":"https:\/\/onlinelotto365.com\/lv\/?s={search_term_string}"},"query-input":{"@type":"PropertyValueSpecification","valueRequired":true,"valueName":"search_term_string"}}],"inLanguage":"lv-LV"}]}},"_links":{"self":[{"href":"https:\/\/onlinelotto365.com\/lv\/wp-json\/wp\/v2\/pages\/80966","targetHints":{"allow":["GET"]}}],"collection":[{"href":"https:\/\/onlinelotto365.com\/lv\/wp-json\/wp\/v2\/pages"}],"about":[{"href":"https:\/\/onlinelotto365.com\/lv\/wp-json\/wp\/v2\/types\/page"}],"author":[{"embeddable":true,"href":"https:\/\/onlinelotto365.com\/lv\/wp-json\/wp\/v2\/users\/1"}],"replies":[{"embeddable":true,"href":"https:\/\/onlinelotto365.com\/lv\/wp-json\/wp\/v2\/comments?post=80966"}],"version-history":[{"count":0,"href":"https:\/\/onlinelotto365.com\/lv\/wp-json\/wp\/v2\/pages\/80966\/revisions"}],"up":[{"embeddable":true,"href":"https:\/\/onlinelotto365.com\/lv\/wp-json\/wp\/v2\/pages\/5850"}],"wp:attachment":[{"href":"https:\/\/onlinelotto365.com\/lv\/wp-json\/wp\/v2\/media?parent=80966"}],"curies":[{"name":"wp","href":"https:\/\/api.w.org\/{rel}","templated":true}]}}