{"id":81000,"date":"2022-11-25T10:05:04","date_gmt":"2022-11-25T09:05:04","guid":{"rendered":"https:\/\/onlinelotto365.com\/?page_id=81000"},"modified":"2022-11-25T10:05:04","modified_gmt":"2022-11-25T09:05:04","slug":"mon-ned-lotto","status":"publish","type":"page","link":"https:\/\/onlinelotto365.com\/lv\/uzvarot-loterijas-numurus\/mon-ned-lotto\/","title":{"rendered":"Visi Mon &#038; Wed Lotto Australia rezult\u0101ti"},"content":{"rendered":"<p>Loterij\u0101 ir daudz da\u017e\u0101du starptautisku sp\u0113\u013cu, kuras varat sp\u0113l\u0113t. Un j\u016bs v\u0113laties p\u0113c iesp\u0113jas \u0101tr\u0101k ieg\u016bt to rezult\u0101tus. Viens no veidiem, k\u0101 to izdar\u012bt, ir samekl\u0113t laikrakstu, kas pied\u0101v\u0101 pirmdienas un tre\u0161dienas Lotto Australia laim\u0113ju\u0161os numurus. Ta\u010du tos var b\u016bt gr\u016bti atrast. V\u0113l viena iesp\u0113ja ir telev\u012bzija, ta\u010du ar\u012b ar \u0161iem kan\u0101liem var b\u016bt sare\u017e\u0123\u012bti. Ko dar\u012bt, ja j\u016bs nev\u0113laties veikt lielu izp\u0113ti?<br \/>\n<a href=\"https:\/\/redfoxlotto.com\/play\/monday-wednesday-lotto-au\/?ref=a8564250a2&amp;medium=ol365\" target=\"_blank\" rel=\"noopener noreferrer\"><img decoding=\"async\" class=\"aligncenter\" src=\"https:\/\/redfoxlotto.com\/image?size=8&amp;lottery=monday-wednesday-lotto-au\" alt=\"Mon &amp; amp; Wed Lotto Austr\u0101lija\" \/><\/a><\/p>\n<p>Apmekl\u0113jiet Mon &amp; Wed Lotto Australia t\u012bmek\u013ca vietni, lai uzzin\u0101tu, vai t\u0101 pied\u0101v\u0101 izlozes tie\u0161raid\u0113. Jebkuras sp\u0113les izlozes tie\u0161raid\u0113 var b\u016bt \u013coti jautras, jo t\u0101s sniedz jums t\u016bl\u012bt\u0113ju uztraukumu, kam\u0113r j\u016bs skat\u0101ties. Ta\u010du ne katra sp\u0113le pied\u0101v\u0101 \u0161\u0101da veida izlozes. Jums j\u0101p\u0101rliecin\u0101s, vai Mon &amp; Wed Lotto ir viena no t\u0101m, kur\u0101 tas ir pieejams.<\/p>\n<p>P\u0113c tam varat izv\u0113l\u0113ties p\u0101rbaud\u012bt YouTube, lai p\u0101rliecin\u0101tos, vai tur ir pieejami rezult\u0101ti. J\u016bs var\u0113tu p\u0101rsteigt tas, ka da\u017ei cilv\u0113ki public\u0113 izlozes rezult\u0101tus vai pat tie\u0161raides video no jebkuras sp\u0113les izlozes.<\/p>\n<p>Tom\u0113r visvienk\u0101r\u0161\u0101k\u0101 iesp\u0113ja jums b\u016bs apskat\u012bt m\u016bsu t\u012bmek\u013ca vietni. M\u0113s pied\u0101v\u0101jam visus vinn\u0113ju\u0161os skait\u013cus un balvu summas katrai sp\u0113lei, ko varat ieg\u0101d\u0101ties m\u016bsu vietn\u0113. T\u0101d\u0113j\u0101di jums b\u016bs daudz viegl\u0101k ieg\u016bt rezult\u0101tus vienuviet un tik \u0101tri, cik v\u0113laties.<\/p>\n<h2>K\u0101 uzzin\u0101t, vai j\u016bsu tie\u0161saistes bi\u013cete ir laim\u0113jusi?<\/h2>\n<p>V\u0113l lab\u0101ka zi\u0146a ir t\u0101, ka, ja esat ieg\u0101d\u0101jies bi\u013ceti Mon &amp; Wed Lotto Australia pie mums, j\u016bs varat doties tie\u0161i uz savu sp\u0113l\u0113t\u0101ja kontu, lai uzzin\u0101tu rezult\u0101tus. Tur atrad\u012bsiet ieg\u0101d\u0101t\u0101s bi\u013cetes, k\u0101 ar\u012b laim\u0113ju\u0161os skait\u013cus vis\u0101m sp\u0113l\u0113m, kuras esat izv\u0113l\u0113jies sp\u0113l\u0113t.<\/p>\n<p>J\u016bs var\u0113siet redz\u0113t, kuri J\u016bsu izv\u0113l\u0113tie skait\u013ci sakr\u012bt ar izloz\u0113tajiem skait\u013ciem, un J\u016bsu kont\u0101 autom\u0101tiski tiks ieskait\u012bta visa J\u016bsu vinnesta summa, kas ir maz\u0101ka par 2500 eiro. Kas var b\u016bt vienk\u0101r\u0161\u0101k par to?<\/p>\n<h2>Mon &amp; Wed Lotto Australia rezult\u0101tu arh\u012bvs<\/h2>\n<p>Jebkur\u0101 m\u016bsu vietnes lap\u0101, kur\u0101 redzami jaun\u0101kie Mon &amp; Wed Lotto Australia rezult\u0101ti, b\u016bs redzami ar\u012b vec\u0101ki skait\u013ci, kurus J\u016bs var\u0113tu v\u0113l\u0113ties p\u0101rbaud\u012bt. Tie var jums pal\u012bdz\u0113t, kad n\u0101kamreiz, p\u0113rkot bi\u013ceti, b\u016bs j\u0101izv\u0113las skait\u013ci, kurus v\u0113laties sp\u0113l\u0113t.<\/p>\n<h2>Mana bi\u013cete ir vinn\u0113jusi, kas notiks t\u0101l\u0101k?<\/h2>\n<p><img loading=\"lazy\" decoding=\"async\" class=\"alignright wp-image-3542\" src=\"https:\/\/onlinelotto365.com\/wp-content\/uploads\/2020\/11\/online_lottery-154-300x200.jpg\" alt=\"Mon &amp; amp; Wed Lotto laim\u0113ju\u0161ie skait\u013ci\" width=\"197\" height=\"131\" srcset=\"https:\/\/onlinelotto365.com\/wp-content\/uploads\/2020\/11\/online_lottery-154-300x200.jpg 300w, https:\/\/onlinelotto365.com\/wp-content\/uploads\/2020\/11\/online_lottery-154.jpg 320w\" sizes=\"auto, (max-width: 197px) 100vw, 197px\" \/><br \/>\nJa ar savu bi\u013ceti esat vinn\u0113jis, jums tikai j\u0101skat\u0101s, cik daudz jums pien\u0101kas. Ja t\u0101 ir maz\u0101ka par 2500 eiro, m\u0113s par\u016bp\u0113simies, lai t\u0101 tiktu apstiprin\u0101ta un p\u0113c iesp\u0113jas \u0101tr\u0101k non\u0101ktu j\u016bsu kont\u0101. P\u0113c tam, ja kont\u0101 ir vismaz 10 \u20ac, j\u016bs varat tos iz\u0146emt, izmantojot jebkuru maks\u0101jumu veidu, ko iepriek\u0161 izmantoj\u0101t sav\u0101 kont\u0101. Jums tikai j\u0101r\u016bp\u0113jas par da\u017eiem dokumentiem, kas \u013caus m\u016bsu maks\u0101jumu apstr\u0101d\u0101t\u0101jam zin\u0101t, kas esat un ka jums ir ties\u012bbas sa\u0146emt naudu. Ja j\u016bsu kont\u0101 ir maz\u0101k nek\u0101 10 eiro vai j\u016bs izv\u0113laties atst\u0101t naudu sav\u0101 kont\u0101, j\u016bs varat to izmantot, lai ieg\u0101d\u0101tos vair\u0101k bi\u013ce\u0161u.<\/p>\n","protected":false},"excerpt":{"rendered":"<p>Loterij\u0101 ir daudz da\u017e\u0101du starptautisku sp\u0113\u013cu, kuras varat sp\u0113l\u0113t. Un j\u016bs v\u0113laties p\u0113c iesp\u0113jas \u0101tr\u0101k ieg\u016bt to rezult\u0101tus. Viens no veidiem, k\u0101 to izdar\u012bt, ir samekl\u0113t laikrakstu, kas pied\u0101v\u0101 pirmdienas un tre\u0161dienas Lotto Australia laim\u0113ju\u0161os numurus. Ta\u010du tos var b\u016bt gr\u016bti atrast. V\u0113l viena iesp\u0113ja ir telev\u012bzija, ta\u010du ar\u012b ar \u0161iem kan\u0101liem var b\u016bt sare\u017e\u0123\u012bti. [&hellip;]<\/p>\n","protected":false},"author":1,"featured_media":0,"parent":5850,"menu_order":16,"comment_status":"closed","ping_status":"closed","template":"template-rightsidebar.php","meta":{"_et_pb_use_builder":"","_et_pb_old_content":"","_et_gb_content_width":"","exclude_from_search":false,"footnotes":""},"class_list":["post-81000","page","type-page","status-publish","hentry"],"yoast_head":"<!-- This site is optimized with the Yoast SEO plugin v23.4 - https:\/\/yoast.com\/wordpress\/plugins\/seo\/ -->\n<title>Mon &amp; Wed Lotto Austr\u0101lija uzvar\u0113t\u0101ju numurus<\/title>\n<meta name=\"description\" content=\"M\u016bsu vietn\u0113 j\u016bs atrad\u012bsiet jaun\u0101kos Mon &amp; Wed lotto laim\u0113ju\u0161os numurus un wo summas.\" \/>\n<meta name=\"robots\" content=\"index, follow, max-snippet:-1, max-image-preview:large, max-video-preview:-1\" \/>\n<link rel=\"canonical\" href=\"https:\/\/onlinelotto365.com\/lv\/uzvarot-loterijas-numurus\/mon-ned-lotto\/\" \/>\n<meta property=\"og:locale\" content=\"lv_LV\" \/>\n<meta property=\"og:type\" content=\"article\" \/>\n<meta property=\"og:title\" content=\"Mon &amp; Wed Lotto Austr\u0101lija uzvar\u0113t\u0101ju numurus\" \/>\n<meta property=\"og:description\" content=\"M\u016bsu vietn\u0113 j\u016bs atrad\u012bsiet jaun\u0101kos Mon &amp; Wed lotto laim\u0113ju\u0161os numurus un wo summas.\" \/>\n<meta property=\"og:url\" content=\"https:\/\/onlinelotto365.com\/lv\/uzvarot-loterijas-numurus\/mon-ned-lotto\/\" \/>\n<meta property=\"og:site_name\" content=\"OnlineLotto365\" \/>\n<meta property=\"og:image\" content=\"https:\/\/redfoxlotto.com\/image?size=8&amp;lottery=monday-wednesday-lotto-au\" \/>\n<meta name=\"twitter:card\" content=\"summary_large_image\" \/>\n<meta name=\"twitter:label1\" content=\"Est. reading time\" \/>\n\t<meta name=\"twitter:data1\" content=\"2 minutes\" \/>\n<script type=\"application\/ld+json\" class=\"yoast-schema-graph\">{\"@context\":\"https:\/\/schema.org\",\"@graph\":[{\"@type\":\"WebPage\",\"@id\":\"https:\/\/onlinelotto365.com\/lv\/uzvarot-loterijas-numurus\/mon-ned-lotto\/\",\"url\":\"https:\/\/onlinelotto365.com\/lv\/uzvarot-loterijas-numurus\/mon-ned-lotto\/\",\"name\":\"Mon & Wed Lotto Austr\u0101lija uzvar\u0113t\u0101ju numurus\",\"isPartOf\":{\"@id\":\"https:\/\/onlinelotto365.com\/lv\/#website\"},\"primaryImageOfPage\":{\"@id\":\"https:\/\/onlinelotto365.com\/lv\/uzvarot-loterijas-numurus\/mon-ned-lotto\/#primaryimage\"},\"image\":{\"@id\":\"https:\/\/onlinelotto365.com\/lv\/uzvarot-loterijas-numurus\/mon-ned-lotto\/#primaryimage\"},\"thumbnailUrl\":\"https:\/\/redfoxlotto.com\/image?size=8&amp;lottery=monday-wednesday-lotto-au\",\"datePublished\":\"2022-11-25T09:05:04+00:00\",\"dateModified\":\"2022-11-25T09:05:04+00:00\",\"description\":\"M\u016bsu vietn\u0113 j\u016bs atrad\u012bsiet jaun\u0101kos Mon & Wed lotto laim\u0113ju\u0161os numurus un wo summas.\",\"breadcrumb\":{\"@id\":\"https:\/\/onlinelotto365.com\/lv\/uzvarot-loterijas-numurus\/mon-ned-lotto\/#breadcrumb\"},\"inLanguage\":\"lv-LV\",\"potentialAction\":[{\"@type\":\"ReadAction\",\"target\":[\"https:\/\/onlinelotto365.com\/lv\/uzvarot-loterijas-numurus\/mon-ned-lotto\/\"]}]},{\"@type\":\"ImageObject\",\"inLanguage\":\"lv-LV\",\"@id\":\"https:\/\/onlinelotto365.com\/lv\/uzvarot-loterijas-numurus\/mon-ned-lotto\/#primaryimage\",\"url\":\"https:\/\/redfoxlotto.com\/image?size=8&amp;lottery=monday-wednesday-lotto-au\",\"contentUrl\":\"https:\/\/redfoxlotto.com\/image?size=8&amp;lottery=monday-wednesday-lotto-au\"},{\"@type\":\"BreadcrumbList\",\"@id\":\"https:\/\/onlinelotto365.com\/lv\/uzvarot-loterijas-numurus\/mon-ned-lotto\/#breadcrumb\",\"itemListElement\":[{\"@type\":\"ListItem\",\"position\":1,\"name\":\"Home\",\"item\":\"https:\/\/onlinelotto365.com\/lv\/\"},{\"@type\":\"ListItem\",\"position\":2,\"name\":\"Atrodiet uzvar\u0113t\u0101ju ciparus un rezult\u0101tus jaun\u0101kaj\u0101m izloz\u0113m\",\"item\":\"https:\/\/onlinelotto365.com\/lv\/winning-numbers\/\"},{\"@type\":\"ListItem\",\"position\":3,\"name\":\"Visi Mon &#038; Wed Lotto Australia rezult\u0101ti\"}]},{\"@type\":\"WebSite\",\"@id\":\"https:\/\/onlinelotto365.com\/lv\/#website\",\"url\":\"https:\/\/onlinelotto365.com\/lv\/\",\"name\":\"OnlineLotto365\",\"description\":\"\",\"potentialAction\":[{\"@type\":\"SearchAction\",\"target\":{\"@type\":\"EntryPoint\",\"urlTemplate\":\"https:\/\/onlinelotto365.com\/lv\/?s={search_term_string}\"},\"query-input\":{\"@type\":\"PropertyValueSpecification\",\"valueRequired\":true,\"valueName\":\"search_term_string\"}}],\"inLanguage\":\"lv-LV\"}]}<\/script>\n<!-- \/ Yoast SEO plugin. -->","yoast_head_json":{"title":"Mon & Wed Lotto Austr\u0101lija uzvar\u0113t\u0101ju numurus","description":"M\u016bsu vietn\u0113 j\u016bs atrad\u012bsiet jaun\u0101kos Mon & Wed lotto laim\u0113ju\u0161os numurus un wo summas.","robots":{"index":"index","follow":"follow","max-snippet":"max-snippet:-1","max-image-preview":"max-image-preview:large","max-video-preview":"max-video-preview:-1"},"canonical":"https:\/\/onlinelotto365.com\/lv\/uzvarot-loterijas-numurus\/mon-ned-lotto\/","og_locale":"lv_LV","og_type":"article","og_title":"Mon & Wed Lotto Austr\u0101lija uzvar\u0113t\u0101ju numurus","og_description":"M\u016bsu vietn\u0113 j\u016bs atrad\u012bsiet jaun\u0101kos Mon & Wed lotto laim\u0113ju\u0161os numurus un wo summas.","og_url":"https:\/\/onlinelotto365.com\/lv\/uzvarot-loterijas-numurus\/mon-ned-lotto\/","og_site_name":"OnlineLotto365","og_image":[{"url":"https:\/\/redfoxlotto.com\/image?size=8&amp;lottery=monday-wednesday-lotto-au"}],"twitter_card":"summary_large_image","twitter_misc":{"Est. reading time":"2 minutes"},"schema":{"@context":"https:\/\/schema.org","@graph":[{"@type":"WebPage","@id":"https:\/\/onlinelotto365.com\/lv\/uzvarot-loterijas-numurus\/mon-ned-lotto\/","url":"https:\/\/onlinelotto365.com\/lv\/uzvarot-loterijas-numurus\/mon-ned-lotto\/","name":"Mon & Wed Lotto Austr\u0101lija uzvar\u0113t\u0101ju numurus","isPartOf":{"@id":"https:\/\/onlinelotto365.com\/lv\/#website"},"primaryImageOfPage":{"@id":"https:\/\/onlinelotto365.com\/lv\/uzvarot-loterijas-numurus\/mon-ned-lotto\/#primaryimage"},"image":{"@id":"https:\/\/onlinelotto365.com\/lv\/uzvarot-loterijas-numurus\/mon-ned-lotto\/#primaryimage"},"thumbnailUrl":"https:\/\/redfoxlotto.com\/image?size=8&amp;lottery=monday-wednesday-lotto-au","datePublished":"2022-11-25T09:05:04+00:00","dateModified":"2022-11-25T09:05:04+00:00","description":"M\u016bsu vietn\u0113 j\u016bs atrad\u012bsiet jaun\u0101kos Mon & Wed lotto laim\u0113ju\u0161os numurus un wo summas.","breadcrumb":{"@id":"https:\/\/onlinelotto365.com\/lv\/uzvarot-loterijas-numurus\/mon-ned-lotto\/#breadcrumb"},"inLanguage":"lv-LV","potentialAction":[{"@type":"ReadAction","target":["https:\/\/onlinelotto365.com\/lv\/uzvarot-loterijas-numurus\/mon-ned-lotto\/"]}]},{"@type":"ImageObject","inLanguage":"lv-LV","@id":"https:\/\/onlinelotto365.com\/lv\/uzvarot-loterijas-numurus\/mon-ned-lotto\/#primaryimage","url":"https:\/\/redfoxlotto.com\/image?size=8&amp;lottery=monday-wednesday-lotto-au","contentUrl":"https:\/\/redfoxlotto.com\/image?size=8&amp;lottery=monday-wednesday-lotto-au"},{"@type":"BreadcrumbList","@id":"https:\/\/onlinelotto365.com\/lv\/uzvarot-loterijas-numurus\/mon-ned-lotto\/#breadcrumb","itemListElement":[{"@type":"ListItem","position":1,"name":"Home","item":"https:\/\/onlinelotto365.com\/lv\/"},{"@type":"ListItem","position":2,"name":"Atrodiet uzvar\u0113t\u0101ju ciparus un rezult\u0101tus jaun\u0101kaj\u0101m izloz\u0113m","item":"https:\/\/onlinelotto365.com\/lv\/winning-numbers\/"},{"@type":"ListItem","position":3,"name":"Visi Mon &#038; Wed Lotto Australia rezult\u0101ti"}]},{"@type":"WebSite","@id":"https:\/\/onlinelotto365.com\/lv\/#website","url":"https:\/\/onlinelotto365.com\/lv\/","name":"OnlineLotto365","description":"","potentialAction":[{"@type":"SearchAction","target":{"@type":"EntryPoint","urlTemplate":"https:\/\/onlinelotto365.com\/lv\/?s={search_term_string}"},"query-input":{"@type":"PropertyValueSpecification","valueRequired":true,"valueName":"search_term_string"}}],"inLanguage":"lv-LV"}]}},"_links":{"self":[{"href":"https:\/\/onlinelotto365.com\/lv\/wp-json\/wp\/v2\/pages\/81000","targetHints":{"allow":["GET"]}}],"collection":[{"href":"https:\/\/onlinelotto365.com\/lv\/wp-json\/wp\/v2\/pages"}],"about":[{"href":"https:\/\/onlinelotto365.com\/lv\/wp-json\/wp\/v2\/types\/page"}],"author":[{"embeddable":true,"href":"https:\/\/onlinelotto365.com\/lv\/wp-json\/wp\/v2\/users\/1"}],"replies":[{"embeddable":true,"href":"https:\/\/onlinelotto365.com\/lv\/wp-json\/wp\/v2\/comments?post=81000"}],"version-history":[{"count":0,"href":"https:\/\/onlinelotto365.com\/lv\/wp-json\/wp\/v2\/pages\/81000\/revisions"}],"up":[{"embeddable":true,"href":"https:\/\/onlinelotto365.com\/lv\/wp-json\/wp\/v2\/pages\/5850"}],"wp:attachment":[{"href":"https:\/\/onlinelotto365.com\/lv\/wp-json\/wp\/v2\/media?parent=81000"}],"curies":[{"name":"wp","href":"https:\/\/api.w.org\/{rel}","templated":true}]}}