{"id":81048,"date":"2022-11-25T11:03:36","date_gmt":"2022-11-25T10:03:36","guid":{"rendered":"https:\/\/onlinelotto365.com\/?page_id=81048"},"modified":"2022-11-25T11:03:36","modified_gmt":"2022-11-25T10:03:36","slug":"impressum","status":"publish","type":"page","link":"https:\/\/onlinelotto365.com\/lv\/impressum\/","title":{"rendered":"Impressumum"},"content":{"rendered":"<p><strong>T\u012bmek\u013ca vietnes administrators<\/strong><\/p>\n<p>Sporta t\u016brisms E.I.R.L<\/p>\n<p>Carretera Principal, Bluefish Condos Apt. E-2, Perla Marina<\/p>\n<p>Sosua, Puerto Plata<br \/>\nIndekss 47000<\/p>\n<p>Dominik\u0101nas Republika<\/p>\n<p>&nbsp;<\/p>\n","protected":false},"excerpt":{"rendered":"<p>T\u012bmek\u013ca vietnes administrators Sporta t\u016brisms E.I.R.L Carretera Principal, Bluefish Condos Apt. E-2, Perla Marina Sosua, Puerto Plata Indekss 47000 Dominik\u0101nas Republika &nbsp;<\/p>\n","protected":false},"author":1,"featured_media":0,"parent":0,"menu_order":12,"comment_status":"closed","ping_status":"closed","template":"template-rightsidebar.php","meta":{"_et_pb_use_builder":"","_et_pb_old_content":"","_et_gb_content_width":"","exclude_from_search":false,"footnotes":""},"class_list":["post-81048","page","type-page","status-publish","hentry"],"yoast_head":"<!-- This site is optimized with the Yoast SEO plugin v23.4 - https:\/\/yoast.com\/wordpress\/plugins\/seo\/ -->\n<title>Impressumum - OnlineLotto365<\/title>\n<meta name=\"robots\" content=\"index, follow, max-snippet:-1, max-image-preview:large, max-video-preview:-1\" \/>\n<link rel=\"canonical\" href=\"https:\/\/onlinelotto365.com\/lv\/impressum\/\" \/>\n<meta property=\"og:locale\" content=\"lv_LV\" \/>\n<meta property=\"og:type\" content=\"article\" \/>\n<meta property=\"og:title\" content=\"Impressumum - OnlineLotto365\" \/>\n<meta property=\"og:description\" content=\"T\u012bmek\u013ca vietnes administrators Sporta t\u016brisms E.I.R.L Carretera Principal, Bluefish Condos Apt. E-2, Perla Marina Sosua, Puerto Plata Indekss 47000 Dominik\u0101nas Republika &nbsp;\" \/>\n<meta property=\"og:url\" content=\"https:\/\/onlinelotto365.com\/lv\/impressum\/\" \/>\n<meta property=\"og:site_name\" content=\"OnlineLotto365\" \/>\n<meta name=\"twitter:card\" content=\"summary_large_image\" \/>\n<meta name=\"twitter:label1\" content=\"Est. reading time\" \/>\n\t<meta name=\"twitter:data1\" content=\"1 minute\" \/>\n<script type=\"application\/ld+json\" class=\"yoast-schema-graph\">{\"@context\":\"https:\/\/schema.org\",\"@graph\":[{\"@type\":\"WebPage\",\"@id\":\"https:\/\/onlinelotto365.com\/lv\/impressum\/\",\"url\":\"https:\/\/onlinelotto365.com\/lv\/impressum\/\",\"name\":\"Impressumum - OnlineLotto365\",\"isPartOf\":{\"@id\":\"https:\/\/onlinelotto365.com\/lv\/#website\"},\"datePublished\":\"2022-11-25T10:03:36+00:00\",\"dateModified\":\"2022-11-25T10:03:36+00:00\",\"breadcrumb\":{\"@id\":\"https:\/\/onlinelotto365.com\/lv\/impressum\/#breadcrumb\"},\"inLanguage\":\"lv-LV\",\"potentialAction\":[{\"@type\":\"ReadAction\",\"target\":[\"https:\/\/onlinelotto365.com\/lv\/impressum\/\"]}]},{\"@type\":\"BreadcrumbList\",\"@id\":\"https:\/\/onlinelotto365.com\/lv\/impressum\/#breadcrumb\",\"itemListElement\":[{\"@type\":\"ListItem\",\"position\":1,\"name\":\"Home\",\"item\":\"https:\/\/onlinelotto365.com\/lv\/\"},{\"@type\":\"ListItem\",\"position\":2,\"name\":\"Impressumum\"}]},{\"@type\":\"WebSite\",\"@id\":\"https:\/\/onlinelotto365.com\/lv\/#website\",\"url\":\"https:\/\/onlinelotto365.com\/lv\/\",\"name\":\"OnlineLotto365\",\"description\":\"\",\"potentialAction\":[{\"@type\":\"SearchAction\",\"target\":{\"@type\":\"EntryPoint\",\"urlTemplate\":\"https:\/\/onlinelotto365.com\/lv\/?s={search_term_string}\"},\"query-input\":{\"@type\":\"PropertyValueSpecification\",\"valueRequired\":true,\"valueName\":\"search_term_string\"}}],\"inLanguage\":\"lv-LV\"}]}<\/script>\n<!-- \/ Yoast SEO plugin. -->","yoast_head_json":{"title":"Impressumum - OnlineLotto365","robots":{"index":"index","follow":"follow","max-snippet":"max-snippet:-1","max-image-preview":"max-image-preview:large","max-video-preview":"max-video-preview:-1"},"canonical":"https:\/\/onlinelotto365.com\/lv\/impressum\/","og_locale":"lv_LV","og_type":"article","og_title":"Impressumum - OnlineLotto365","og_description":"T\u012bmek\u013ca vietnes administrators Sporta t\u016brisms E.I.R.L Carretera Principal, Bluefish Condos Apt. E-2, Perla Marina Sosua, Puerto Plata Indekss 47000 Dominik\u0101nas Republika &nbsp;","og_url":"https:\/\/onlinelotto365.com\/lv\/impressum\/","og_site_name":"OnlineLotto365","twitter_card":"summary_large_image","twitter_misc":{"Est. reading time":"1 minute"},"schema":{"@context":"https:\/\/schema.org","@graph":[{"@type":"WebPage","@id":"https:\/\/onlinelotto365.com\/lv\/impressum\/","url":"https:\/\/onlinelotto365.com\/lv\/impressum\/","name":"Impressumum - OnlineLotto365","isPartOf":{"@id":"https:\/\/onlinelotto365.com\/lv\/#website"},"datePublished":"2022-11-25T10:03:36+00:00","dateModified":"2022-11-25T10:03:36+00:00","breadcrumb":{"@id":"https:\/\/onlinelotto365.com\/lv\/impressum\/#breadcrumb"},"inLanguage":"lv-LV","potentialAction":[{"@type":"ReadAction","target":["https:\/\/onlinelotto365.com\/lv\/impressum\/"]}]},{"@type":"BreadcrumbList","@id":"https:\/\/onlinelotto365.com\/lv\/impressum\/#breadcrumb","itemListElement":[{"@type":"ListItem","position":1,"name":"Home","item":"https:\/\/onlinelotto365.com\/lv\/"},{"@type":"ListItem","position":2,"name":"Impressumum"}]},{"@type":"WebSite","@id":"https:\/\/onlinelotto365.com\/lv\/#website","url":"https:\/\/onlinelotto365.com\/lv\/","name":"OnlineLotto365","description":"","potentialAction":[{"@type":"SearchAction","target":{"@type":"EntryPoint","urlTemplate":"https:\/\/onlinelotto365.com\/lv\/?s={search_term_string}"},"query-input":{"@type":"PropertyValueSpecification","valueRequired":true,"valueName":"search_term_string"}}],"inLanguage":"lv-LV"}]}},"_links":{"self":[{"href":"https:\/\/onlinelotto365.com\/lv\/wp-json\/wp\/v2\/pages\/81048","targetHints":{"allow":["GET"]}}],"collection":[{"href":"https:\/\/onlinelotto365.com\/lv\/wp-json\/wp\/v2\/pages"}],"about":[{"href":"https:\/\/onlinelotto365.com\/lv\/wp-json\/wp\/v2\/types\/page"}],"author":[{"embeddable":true,"href":"https:\/\/onlinelotto365.com\/lv\/wp-json\/wp\/v2\/users\/1"}],"replies":[{"embeddable":true,"href":"https:\/\/onlinelotto365.com\/lv\/wp-json\/wp\/v2\/comments?post=81048"}],"version-history":[{"count":0,"href":"https:\/\/onlinelotto365.com\/lv\/wp-json\/wp\/v2\/pages\/81048\/revisions"}],"wp:attachment":[{"href":"https:\/\/onlinelotto365.com\/lv\/wp-json\/wp\/v2\/media?parent=81048"}],"curies":[{"name":"wp","href":"https:\/\/api.w.org\/{rel}","templated":true}]}}