{"id":84222,"date":"2023-09-28T08:32:14","date_gmt":"2023-09-28T07:32:14","guid":{"rendered":"https:\/\/onlinelotto365.com\/uzvarot-loterijas-numurus\/parbaudiet-eurojackpot-laimejusos-numurus-seit"},"modified":"2023-09-28T08:32:14","modified_gmt":"2023-09-28T07:32:14","slug":"parbaudiet-eurojackpot-laimejusos-numurus-seit","status":"publish","type":"page","link":"https:\/\/onlinelotto365.com\/lv\/uzvarot-loterijas-numurus\/parbaudiet-eurojackpot-laimejusos-numurus-seit\/","title":{"rendered":"P\u0101rbaudiet Eurojackpot laim\u0113ju\u0161os numurus \u0161eit"},"content":{"rendered":"<p>M\u016bsu t\u012bmek\u013ca vietn\u0113 ir pieejamas daudzas da\u017e\u0101das starptautisk\u0101s loterijas, un tas noz\u012bm\u0113, ka da\u017eiem var b\u016bt gr\u016bti atrast skait\u013cus un rezult\u0101tus. Un, ja runa ir par skait\u013cu atra\u0161anu citviet, situ\u0101cija var b\u016bt v\u0113l slikt\u0101ka. Eurojackpot rezult\u0101tus, iesp\u0113jams, neatrad\u012bsiet viet\u0113j\u0101 laikrakst\u0101, un tos var b\u016bt gr\u016bti atrast ar\u012b telev\u012bzij\u0101. \u012apa\u0161i t\u0101p\u0113c, ka tie bie\u017ei netiek p\u0101rraid\u012bti tie\u0161raid\u0113.<\/p>\n<p>J\u016bs varat ar\u012b apskat\u012bt Eurojackpot loterijas t\u012bmek\u013ca vietni, kur\u0101 ir pieejama rezult\u0101tu un izlozes tie\u0161raide. Tas var b\u016bt \u013coti jautri un \u013cauj daudz \u0101tr\u0101k uzzin\u0101t, vai esat laim\u0113jis. Ta\u010du tas ne vienm\u0113r ir iesp\u0113jams, un jums b\u016bs nepiecie\u0161ams pareizais laiks.<\/p>\n<p>Ja j\u016bs mekl\u0113jat skait\u013cus p\u0113c izlozes, vienm\u0113r varat p\u0101rbaud\u012bt YouTube, lai uzzin\u0101tu, vai izloze ir pieejama vai k\u0101dam ir videoieraksts ar laim\u0113ju\u0161ajiem skait\u013ciem.<\/p>\n<p>Visvienk\u0101r\u0161\u0101kais veids, k\u0101 atrast laim\u0113ju\u0161os skait\u013cus un pat apskat\u012bt visas balvas un rezult\u0101tus, ir apmekl\u0113t m\u016bsu t\u012bmek\u013ca vietni loterijas rezult\u0101tu lap\u0101 m\u016bsu loterijas rezult\u0101tu lap\u0101. Tur j\u016bs atrad\u012bsiet visus laim\u0113ju\u0161os skait\u013cus no Eurojackpot un vis\u0101m cit\u0101m m\u016bsu pied\u0101v\u0101taj\u0101m sp\u0113l\u0113m.<\/p>\n<h2>K\u0101 uzzin\u0101t, vai esat laim\u0113jis<\/h2>\n<p><img decoding=\"async\" class=\"aligncenter\" src=\"https:\/\/redfoxlotto.com\/image?size=8&amp;lottery=eurojackpot\" alt=\"eurojackpot\" \/><br \/>\nVai esat ieg\u0101d\u0101jies Eurojackpot bi\u013ceti? Ja esat to izdar\u012bjis, jums pat nav j\u0101dodas uz rezult\u0101tu lapu. Vienk\u0101r\u0161i dodieties uz savu kontu, un turpat blakus bi\u013cetei redz\u0113siet laim\u0113ju\u0161os skait\u013cus. J\u016bs pat var\u0113siet redz\u0113t, kuri skait\u013ci bija pareizi un kuri n\u0113, k\u0101 ar\u012b to, cik daudz laim\u0113j\u0101t. Ja esat laim\u0113jis maz\u0101k nek\u0101 2500 eiro, nauda tiks ieskait\u012bta j\u016bsu kont\u0101 uzreiz, tikl\u012bdz tiks apstiprin\u0101ti loterijas skait\u013ci.<\/p>\n<p>M\u016bsu vietn\u0113 redz\u0113siet jaun\u0101k\u0101 Eurojackpot izlozes izlozes rezult\u0101tus, ta\u010du jums b\u016bs pieejamas ar\u012b daudzas iesp\u0113jas p\u0101rbaud\u012bt vec\u0101ku izlo\u017eu rezult\u0101tus. T\u0101d\u0113j\u0101di j\u016bs varat p\u0101rbaud\u012bt vec\u0101kas bi\u013cetes vai ar\u012b, ja mekl\u0113jat lab\u0101kos skait\u013cus, kurus izm\u0113\u0123in\u0101t n\u0101kamaj\u0101 reiz\u0113, p\u0113rkot bi\u013ceti. Paties\u012bb\u0101 \u0161\u012b ir viena no popul\u0101r\u0101kaj\u0101m loteriju strat\u0113\u0123ij\u0101m, ko cilv\u0113ki izmanto.<\/p>\n<h2>Mana bi\u013cete vinn\u0113ja, kas notiks t\u0101l\u0101k?<\/h2>\n<p><img loading=\"lazy\" decoding=\"async\" class=\"alignright wp-image-25127\" src=\"https:\/\/onlinelotto365.com\/wp-content\/uploads\/2021\/01\/lottery_balls1-300x160-1.jpg\" alt=\"Eurojackpot winning numbers\" width=\"265\" height=\"142\" \/><br \/>\nM\u0113s jau run\u0101j\u0101m par balv\u0101m, kas ir zem\u0101kas par 2500 eiro. \u0160\u012bs balvas nekav\u0113joties tiek ieskait\u012btas j\u016bsu kont\u0101, un p\u0113c tam j\u016bs varat izv\u0113l\u0113ties ieg\u0101d\u0101ties vair\u0101k bi\u013ce\u0161u vai iz\u0146emt visu naudu vai t\u0101s da\u013cu. Jums tikai j\u0101p\u0101rliecin\u0101s, ka j\u016bsu kont\u0101 ir vismaz 10 eiro, lai tos var\u0113tu iz\u0146emt, izmantojot izv\u0113l\u0113to metodi.<\/p>\n<p>J\u016bs varat izv\u0113l\u0113ties iz\u0146emt naudu uz savu bankas kontu vai kred\u012btkarti, un m\u0113s ar\u012b to jums atvieglosim. M\u0113s v\u0113lamies, lai j\u016bs var\u0113tu sa\u0146emt savu naudu, ta\u010du mums ir j\u0101veic da\u017ei pas\u0101kumi, lai nauda non\u0101ktu j\u016bsu kont\u0101. Galu gal\u0101 tie\u0161saistes naudas p\u0101rskait\u012bjumiem piem\u0113ro stingrus noteikumus.<\/p>\n","protected":false},"excerpt":{"rendered":"<p>M\u016bsu t\u012bmek\u013ca vietn\u0113 ir pieejamas daudzas da\u017e\u0101das starptautisk\u0101s loterijas, un tas noz\u012bm\u0113, ka da\u017eiem var b\u016bt gr\u016bti atrast skait\u013cus un rezult\u0101tus. Un, ja runa ir par skait\u013cu atra\u0161anu citviet, situ\u0101cija var b\u016bt v\u0113l slikt\u0101ka. Eurojackpot rezult\u0101tus, iesp\u0113jams, neatrad\u012bsiet viet\u0113j\u0101 laikrakst\u0101, un tos var b\u016bt gr\u016bti atrast ar\u012b telev\u012bzij\u0101. \u012apa\u0161i t\u0101p\u0113c, ka tie bie\u017ei netiek p\u0101rraid\u012bti [&hellip;]<\/p>\n","protected":false},"author":1,"featured_media":0,"parent":5850,"menu_order":4,"comment_status":"closed","ping_status":"closed","template":"eurojackpot-results.php","meta":{"_et_pb_use_builder":"","_et_pb_old_content":"","_et_gb_content_width":"","exclude_from_search":false,"footnotes":""},"class_list":["post-84222","page","type-page","status-publish","hentry"],"yoast_head":"<!-- This site is optimized with the Yoast SEO plugin v23.4 - https:\/\/yoast.com\/wordpress\/plugins\/seo\/ -->\n<title>Eurojackpot laimestu skait\u013ci | Eurojackpot izlozes rezult\u0101tus un laimestus skatiet \u0161eit.<\/title>\n<meta name=\"description\" content=\"M\u0113s public\u0113jam Eurojackpot rezult\u0101tus un laimestu numurus, k\u0101 ar\u012b iepriek\u0161\u0113jo izlo\u017eu arh\u012bvu.\" \/>\n<meta name=\"robots\" content=\"index, follow, max-snippet:-1, max-image-preview:large, max-video-preview:-1\" \/>\n<link rel=\"canonical\" href=\"https:\/\/onlinelotto365.com\/lv\/uzvarot-loterijas-numurus\/parbaudiet-eurojackpot-laimejusos-numurus-seit\/\" \/>\n<meta property=\"og:locale\" content=\"lv_LV\" \/>\n<meta property=\"og:type\" content=\"article\" \/>\n<meta property=\"og:title\" content=\"Eurojackpot laimestu skait\u013ci | Eurojackpot izlozes rezult\u0101tus un laimestus skatiet \u0161eit.\" \/>\n<meta property=\"og:description\" content=\"M\u0113s public\u0113jam Eurojackpot rezult\u0101tus un laimestu numurus, k\u0101 ar\u012b iepriek\u0161\u0113jo izlo\u017eu arh\u012bvu.\" \/>\n<meta property=\"og:url\" content=\"https:\/\/onlinelotto365.com\/lv\/uzvarot-loterijas-numurus\/parbaudiet-eurojackpot-laimejusos-numurus-seit\/\" \/>\n<meta property=\"og:site_name\" content=\"OnlineLotto365\" \/>\n<meta property=\"og:image\" content=\"https:\/\/redfoxlotto.com\/image?size=8&amp;lottery=eurojackpot\" \/>\n<meta name=\"twitter:card\" content=\"summary_large_image\" \/>\n<meta name=\"twitter:label1\" content=\"Est. reading time\" \/>\n\t<meta name=\"twitter:data1\" content=\"3 minutes\" \/>\n<script type=\"application\/ld+json\" class=\"yoast-schema-graph\">{\"@context\":\"https:\/\/schema.org\",\"@graph\":[{\"@type\":\"WebPage\",\"@id\":\"https:\/\/onlinelotto365.com\/lv\/uzvarot-loterijas-numurus\/parbaudiet-eurojackpot-laimejusos-numurus-seit\/\",\"url\":\"https:\/\/onlinelotto365.com\/lv\/uzvarot-loterijas-numurus\/parbaudiet-eurojackpot-laimejusos-numurus-seit\/\",\"name\":\"Eurojackpot laimestu skait\u013ci | Eurojackpot izlozes rezult\u0101tus un laimestus skatiet \u0161eit.\",\"isPartOf\":{\"@id\":\"https:\/\/onlinelotto365.com\/lv\/#website\"},\"primaryImageOfPage\":{\"@id\":\"https:\/\/onlinelotto365.com\/lv\/uzvarot-loterijas-numurus\/parbaudiet-eurojackpot-laimejusos-numurus-seit\/#primaryimage\"},\"image\":{\"@id\":\"https:\/\/onlinelotto365.com\/lv\/uzvarot-loterijas-numurus\/parbaudiet-eurojackpot-laimejusos-numurus-seit\/#primaryimage\"},\"thumbnailUrl\":\"https:\/\/redfoxlotto.com\/image?size=8&amp;lottery=eurojackpot\",\"datePublished\":\"2023-09-28T07:32:14+00:00\",\"dateModified\":\"2023-09-28T07:32:14+00:00\",\"description\":\"M\u0113s public\u0113jam Eurojackpot rezult\u0101tus un laimestu numurus, k\u0101 ar\u012b iepriek\u0161\u0113jo izlo\u017eu arh\u012bvu.\",\"breadcrumb\":{\"@id\":\"https:\/\/onlinelotto365.com\/lv\/uzvarot-loterijas-numurus\/parbaudiet-eurojackpot-laimejusos-numurus-seit\/#breadcrumb\"},\"inLanguage\":\"lv-LV\",\"potentialAction\":[{\"@type\":\"ReadAction\",\"target\":[\"https:\/\/onlinelotto365.com\/lv\/uzvarot-loterijas-numurus\/parbaudiet-eurojackpot-laimejusos-numurus-seit\/\"]}]},{\"@type\":\"ImageObject\",\"inLanguage\":\"lv-LV\",\"@id\":\"https:\/\/onlinelotto365.com\/lv\/uzvarot-loterijas-numurus\/parbaudiet-eurojackpot-laimejusos-numurus-seit\/#primaryimage\",\"url\":\"https:\/\/redfoxlotto.com\/image?size=8&amp;lottery=eurojackpot\",\"contentUrl\":\"https:\/\/redfoxlotto.com\/image?size=8&amp;lottery=eurojackpot\"},{\"@type\":\"BreadcrumbList\",\"@id\":\"https:\/\/onlinelotto365.com\/lv\/uzvarot-loterijas-numurus\/parbaudiet-eurojackpot-laimejusos-numurus-seit\/#breadcrumb\",\"itemListElement\":[{\"@type\":\"ListItem\",\"position\":1,\"name\":\"Home\",\"item\":\"https:\/\/onlinelotto365.com\/lv\/\"},{\"@type\":\"ListItem\",\"position\":2,\"name\":\"Atrodiet uzvar\u0113t\u0101ju ciparus un rezult\u0101tus jaun\u0101kaj\u0101m izloz\u0113m\",\"item\":\"https:\/\/onlinelotto365.com\/lv\/winning-numbers\/\"},{\"@type\":\"ListItem\",\"position\":3,\"name\":\"P\u0101rbaudiet Eurojackpot laim\u0113ju\u0161os numurus \u0161eit\"}]},{\"@type\":\"WebSite\",\"@id\":\"https:\/\/onlinelotto365.com\/lv\/#website\",\"url\":\"https:\/\/onlinelotto365.com\/lv\/\",\"name\":\"OnlineLotto365\",\"description\":\"\",\"potentialAction\":[{\"@type\":\"SearchAction\",\"target\":{\"@type\":\"EntryPoint\",\"urlTemplate\":\"https:\/\/onlinelotto365.com\/lv\/?s={search_term_string}\"},\"query-input\":{\"@type\":\"PropertyValueSpecification\",\"valueRequired\":true,\"valueName\":\"search_term_string\"}}],\"inLanguage\":\"lv-LV\"}]}<\/script>\n<!-- \/ Yoast SEO plugin. -->","yoast_head_json":{"title":"Eurojackpot laimestu skait\u013ci | Eurojackpot izlozes rezult\u0101tus un laimestus skatiet \u0161eit.","description":"M\u0113s public\u0113jam Eurojackpot rezult\u0101tus un laimestu numurus, k\u0101 ar\u012b iepriek\u0161\u0113jo izlo\u017eu arh\u012bvu.","robots":{"index":"index","follow":"follow","max-snippet":"max-snippet:-1","max-image-preview":"max-image-preview:large","max-video-preview":"max-video-preview:-1"},"canonical":"https:\/\/onlinelotto365.com\/lv\/uzvarot-loterijas-numurus\/parbaudiet-eurojackpot-laimejusos-numurus-seit\/","og_locale":"lv_LV","og_type":"article","og_title":"Eurojackpot laimestu skait\u013ci | Eurojackpot izlozes rezult\u0101tus un laimestus skatiet \u0161eit.","og_description":"M\u0113s public\u0113jam Eurojackpot rezult\u0101tus un laimestu numurus, k\u0101 ar\u012b iepriek\u0161\u0113jo izlo\u017eu arh\u012bvu.","og_url":"https:\/\/onlinelotto365.com\/lv\/uzvarot-loterijas-numurus\/parbaudiet-eurojackpot-laimejusos-numurus-seit\/","og_site_name":"OnlineLotto365","og_image":[{"url":"https:\/\/redfoxlotto.com\/image?size=8&amp;lottery=eurojackpot"}],"twitter_card":"summary_large_image","twitter_misc":{"Est. reading time":"3 minutes"},"schema":{"@context":"https:\/\/schema.org","@graph":[{"@type":"WebPage","@id":"https:\/\/onlinelotto365.com\/lv\/uzvarot-loterijas-numurus\/parbaudiet-eurojackpot-laimejusos-numurus-seit\/","url":"https:\/\/onlinelotto365.com\/lv\/uzvarot-loterijas-numurus\/parbaudiet-eurojackpot-laimejusos-numurus-seit\/","name":"Eurojackpot laimestu skait\u013ci | Eurojackpot izlozes rezult\u0101tus un laimestus skatiet \u0161eit.","isPartOf":{"@id":"https:\/\/onlinelotto365.com\/lv\/#website"},"primaryImageOfPage":{"@id":"https:\/\/onlinelotto365.com\/lv\/uzvarot-loterijas-numurus\/parbaudiet-eurojackpot-laimejusos-numurus-seit\/#primaryimage"},"image":{"@id":"https:\/\/onlinelotto365.com\/lv\/uzvarot-loterijas-numurus\/parbaudiet-eurojackpot-laimejusos-numurus-seit\/#primaryimage"},"thumbnailUrl":"https:\/\/redfoxlotto.com\/image?size=8&amp;lottery=eurojackpot","datePublished":"2023-09-28T07:32:14+00:00","dateModified":"2023-09-28T07:32:14+00:00","description":"M\u0113s public\u0113jam Eurojackpot rezult\u0101tus un laimestu numurus, k\u0101 ar\u012b iepriek\u0161\u0113jo izlo\u017eu arh\u012bvu.","breadcrumb":{"@id":"https:\/\/onlinelotto365.com\/lv\/uzvarot-loterijas-numurus\/parbaudiet-eurojackpot-laimejusos-numurus-seit\/#breadcrumb"},"inLanguage":"lv-LV","potentialAction":[{"@type":"ReadAction","target":["https:\/\/onlinelotto365.com\/lv\/uzvarot-loterijas-numurus\/parbaudiet-eurojackpot-laimejusos-numurus-seit\/"]}]},{"@type":"ImageObject","inLanguage":"lv-LV","@id":"https:\/\/onlinelotto365.com\/lv\/uzvarot-loterijas-numurus\/parbaudiet-eurojackpot-laimejusos-numurus-seit\/#primaryimage","url":"https:\/\/redfoxlotto.com\/image?size=8&amp;lottery=eurojackpot","contentUrl":"https:\/\/redfoxlotto.com\/image?size=8&amp;lottery=eurojackpot"},{"@type":"BreadcrumbList","@id":"https:\/\/onlinelotto365.com\/lv\/uzvarot-loterijas-numurus\/parbaudiet-eurojackpot-laimejusos-numurus-seit\/#breadcrumb","itemListElement":[{"@type":"ListItem","position":1,"name":"Home","item":"https:\/\/onlinelotto365.com\/lv\/"},{"@type":"ListItem","position":2,"name":"Atrodiet uzvar\u0113t\u0101ju ciparus un rezult\u0101tus jaun\u0101kaj\u0101m izloz\u0113m","item":"https:\/\/onlinelotto365.com\/lv\/winning-numbers\/"},{"@type":"ListItem","position":3,"name":"P\u0101rbaudiet Eurojackpot laim\u0113ju\u0161os numurus \u0161eit"}]},{"@type":"WebSite","@id":"https:\/\/onlinelotto365.com\/lv\/#website","url":"https:\/\/onlinelotto365.com\/lv\/","name":"OnlineLotto365","description":"","potentialAction":[{"@type":"SearchAction","target":{"@type":"EntryPoint","urlTemplate":"https:\/\/onlinelotto365.com\/lv\/?s={search_term_string}"},"query-input":{"@type":"PropertyValueSpecification","valueRequired":true,"valueName":"search_term_string"}}],"inLanguage":"lv-LV"}]}},"_links":{"self":[{"href":"https:\/\/onlinelotto365.com\/lv\/wp-json\/wp\/v2\/pages\/84222","targetHints":{"allow":["GET"]}}],"collection":[{"href":"https:\/\/onlinelotto365.com\/lv\/wp-json\/wp\/v2\/pages"}],"about":[{"href":"https:\/\/onlinelotto365.com\/lv\/wp-json\/wp\/v2\/types\/page"}],"author":[{"embeddable":true,"href":"https:\/\/onlinelotto365.com\/lv\/wp-json\/wp\/v2\/users\/1"}],"replies":[{"embeddable":true,"href":"https:\/\/onlinelotto365.com\/lv\/wp-json\/wp\/v2\/comments?post=84222"}],"version-history":[{"count":0,"href":"https:\/\/onlinelotto365.com\/lv\/wp-json\/wp\/v2\/pages\/84222\/revisions"}],"up":[{"embeddable":true,"href":"https:\/\/onlinelotto365.com\/lv\/wp-json\/wp\/v2\/pages\/5850"}],"wp:attachment":[{"href":"https:\/\/onlinelotto365.com\/lv\/wp-json\/wp\/v2\/media?parent=84222"}],"curies":[{"name":"wp","href":"https:\/\/api.w.org\/{rel}","templated":true}]}}