{"id":84445,"date":"2023-10-03T13:05:05","date_gmt":"2023-10-03T12:05:05","guid":{"rendered":"https:\/\/onlinelotto365.com\/biezak-uzdotie-jautajumi"},"modified":"2023-10-03T13:05:05","modified_gmt":"2023-10-03T12:05:05","slug":"biezak-uzdotie-jautajumi","status":"publish","type":"page","link":"https:\/\/onlinelotto365.com\/lv\/biezak-uzdotie-jautajumi\/","title":{"rendered":"BIE\u017d\u0100K UZDOTIE JAUT\u0100JUMI"},"content":{"rendered":"<h1>Bie\u017ei uzdotie jaut\u0101jumi par tie\u0161saistes loteriju<\/h1>\n<p>\u0160eit J\u016bs atrad\u012bsiet atbildes uz visbie\u017e\u0101k uzdotajiem jaut\u0101jumiem par to, k\u0101 darbojas tie\u0161saistes loterijas pakalpojums.<\/p>\n<p>K\u0101 es varu sa\u0146emt bi\u013cetes?<\/p>\n<p>Tad viens no m\u016bsu a\u0123entiem uz vietas ieg\u0101d\u0101jas bi\u013ceti j\u016bsu v\u0101rd\u0101 un j\u016bsu uzdevum\u0101. P\u0113c tam bi\u013cete tiek sken\u0113ta un aug\u0161upiel\u0101d\u0113ta j\u016bsu klienta kont\u0101. M\u0113s nos\u016bt\u012bsim jums e-pastu, kad j\u016bs vinn\u0113siet, un m\u016bsu pakalpojums ietver ar\u012b laimestu sa\u0146em\u0161anu jums (s\u012bk\u0101ku inform\u0101ciju skatiet zem\u0101k). j\u016bs ar\u012b vinn\u0113siet.<\/p>\n<p>K\u0101das ir priek\u0161roc\u012bbas, sp\u0113l\u0113jot starptautisk\u0101s loterijas tie\u0161saist\u0113 ar m\u016bsu starpniec\u012bbu?<\/p>\n<ul>\n<li>J\u016bs varat izv\u0113l\u0113ties no daudz\u0101m loterij\u0101m, un J\u016bs vienm\u0113r gaida liels d\u017eekpots.<\/li>\n<li>j\u016bs sa\u0146emat \u012bstu bi\u013ceti<\/li>\n<li>J\u016bs varat sp\u0113l\u0113t no jebkuras vietas, kur J\u016bs atrodaties<\/li>\n<li>j\u016bs varat \u0113rti nor\u0113\u0137in\u0101ties tie\u0161saist\u0113, m\u0113s pied\u0101v\u0101jam vair\u0101kas iesp\u0113jas, tostarp kred\u012btkarti.<\/li>\n<li>j\u016bsu maz\u0101kais laimests l\u012bdz 2500 eiro uzreiz tiks ieskait\u012bts j\u016bsu sp\u0113l\u0113t\u0101ja kont\u0101.<\/li>\n<li>ja laimestu summa p\u0101rsniedz \u20ac2500, m\u0113s veiksim izmaksu tie\u0161i no loterijas bez maksas.<\/li>\n<\/ul>\n<p>Kas var sp\u0113l\u0113t loterij\u0101s?<\/p>\n<p>Loterij\u0101 var sp\u0113l\u0113t ikviens, ta\u010du jums j\u0101b\u016bt vec\u0101kam par 18 gadiem.<\/p>\n<p>Vai es varu sp\u0113l\u0113t loterij\u0101 no citas valsts?<\/p>\n<p>J\u0101. Neatkar\u012bgi no t\u0101, kur\u0101 valst\u012b j\u016bs dz\u012bvojat, j\u016bs varat piedal\u012bties vis\u0101s m\u016bsu t\u012bmek\u013ca vietn\u0113 redzamaj\u0101s loterij\u0101s.<\/p>\n<p>Vai es pats varu izlemt par saviem loto numuriem?<\/p>\n<p>J\u0101. J\u016bs varat izv\u0113l\u0113ties skait\u013cus manu\u0101li vai ar\u012b varat izmantot funkciju &#8220;\u0100tr\u0101 izv\u0113le&#8221; un \u0123ener\u0113t skait\u013cus p\u0113c nejau\u0161\u012bbas principa.<\/p>\n<p>K\u0101 es sa\u0146em\u0161u savu loterijas bi\u013ceti?<\/p>\n<p>P\u0113c veiksm\u012bgas apmaksas j\u016bs sa\u0146emsiet e-pastu ar pirkuma apstiprin\u0101jumu. J\u016bsu kont\u0101 b\u016bs redzami izv\u0113l\u0113tie skait\u013ci. Protams, pirk\u0161anas un sken\u0113\u0161anas process aiz\u0146em zin\u0101mu laiku, ta\u010du p\u0113c 2 vai 3 stund\u0101m, kad b\u016bsiet pieteicies sav\u0101 kont\u0101, var\u0113siet atrast iesken\u0113to bi\u013ceti.<\/p>\n<p>K\u0101 es varu samaks\u0101t par sav\u0101m loto bi\u013cet\u0113m?<\/p>\n<p>M\u0113s pied\u0101v\u0101jam da\u017e\u0101das apmaksas iesp\u0113jas, tostarp maks\u0101jumu ar kred\u012btkarti, t\u016bl\u012bt\u0113ju bankas p\u0101rskait\u012bjumu, da\u017e\u0101d\u0101m kriptoval\u016bt\u0101m u. c.<br \/>\nJ\u016bs varat ar\u012b vispirms iemaks\u0101t naudu sav\u0101 sp\u0113l\u0113t\u0101ja kont\u0101 un p\u0113c tam izmantot jauno atlikumu, lai jebkur\u0101 laik\u0101 ieg\u0101d\u0101tos bi\u013cetes. Ja jums ir atlikums, maks\u0101jumu process ir daudz \u0101tr\u0101ks!<\/p>\n<p>Vai j\u016bs iekas\u0113jat komisijas maksu, ja es vinn\u0113ju?<\/p>\n<p>N\u0113, m\u0113s nemaks\u0101jam. Visi J\u016bsu laimesti tiks izmaks\u0101ti piln\u0101 apm\u0113r\u0101, neiekas\u0113jot nek\u0101dus komisijas maks\u0101jumus, iz\u0146emot bankas p\u0101rskait\u012bjuma komisijas maksu da\u017eos gad\u012bjumos.<\/p>\n<p>K\u0101 es varu uzzin\u0101t, vai esmu laim\u0113jis?<\/p>\n<p>Vispirms m\u0113s nos\u016bt\u012bsim jums e-pastu ar inform\u0101ciju par j\u016bsu laimestu. T\u0101pat j\u016bs vienm\u0113r varat pieteikties sav\u0101 kont\u0101 un sada\u013c\u0101 &#8220;Manas bi\u013cetes&#8221; p\u0101rbaud\u012bt savu bi\u013ce\u0161u statusu. Atjaunin\u0101jumus ar visu loteriju laimestu numuriem var atrast m\u016bsu t\u012bmek\u013ca vietn\u0113.<\/p>\n<p>K\u0101 es varu sa\u0146emt naudu, ja laim\u0113ju?<\/p>\n<p>Ja vinn\u0113siet balvu l\u012bdz 2500 eiro, t\u0101 uzreiz tiks ieskait\u012bta j\u016bsu sp\u0113l\u0113t\u0101ja kont\u0101. Ja laimests ir liel\u0101ks, m\u0113s nos\u016bt\u012bsim jums piepras\u012bjuma veidlapu pa e-pastu. Jums ir j\u0101identific\u0113 sevi un j\u0101nor\u0101da pamatinform\u0101cija, piem\u0113ram, k\u0101 v\u0113laties sa\u0146emt naudu. P\u0113c tam m\u0113s iesniegsim j\u016bsu pras\u012bbu loterijas uz\u0146\u0113mumam. P\u0113c tam loterijas uz\u0146\u0113mums veiks tie\u0161u maks\u0101jumu jums.<br \/>\nJa v\u0113laties, varat ar\u012b sa\u0146emt savu bi\u013ceti k\u0101d\u0101 no m\u016bsu a\u0123entu birojiem un p\u0113c tam iesniegt to loterij\u0101 person\u012bgi.<\/p>\n<p>Vai j\u016bsu pakalpojums patie\u0161\u0101m ir likum\u012bgs?<\/p>\n<p>J\u0101, piln\u012bgi noteikti. Tas ir t\u0101pat, it k\u0101 j\u016bs b\u016btu atva\u013cin\u0101jum\u0101 loterijas valst\u012b un pats ieg\u0101d\u0101tos bi\u013ceti. Ja \u0161\u012b bi\u013cete vinn\u0113, jums ir t\u0101das pa\u0161as ties\u012bbas uz laimestu k\u0101 visiem p\u0101r\u0113jiem.<\/p>\n<p>K\u0101 es varu zin\u0101t, ka loterijas bi\u013cete tiek nopirkta man\u0101 v\u0101rd\u0101?<\/p>\n<p>Kad b\u016bsiet samaks\u0101jis par loterijas bi\u013ceti, vispirms sa\u0146emsiet maks\u0101juma apstiprin\u0101jumu. Nedaudz v\u0113l\u0101k m\u016bsu t\u012bmek\u013ca vietnes klientu zon\u0101 var\u0113siet apskat\u012bt savas bi\u013cetes sken\u0113jumu.<\/p>\n","protected":false},"excerpt":{"rendered":"<p>Bie\u017ei uzdotie jaut\u0101jumi par tie\u0161saistes loteriju \u0160eit J\u016bs atrad\u012bsiet atbildes uz visbie\u017e\u0101k uzdotajiem jaut\u0101jumiem par to, k\u0101 darbojas tie\u0161saistes loterijas pakalpojums. K\u0101 es varu sa\u0146emt bi\u013cetes? Tad viens no m\u016bsu a\u0123entiem uz vietas ieg\u0101d\u0101jas bi\u013ceti j\u016bsu v\u0101rd\u0101 un j\u016bsu uzdevum\u0101. P\u0113c tam bi\u013cete tiek sken\u0113ta un aug\u0161upiel\u0101d\u0113ta j\u016bsu klienta kont\u0101. M\u0113s nos\u016bt\u012bsim jums e-pastu, kad [&hellip;]<\/p>\n","protected":false},"author":1,"featured_media":0,"parent":0,"menu_order":50,"comment_status":"closed","ping_status":"closed","template":"","meta":{"_et_pb_use_builder":"","_et_pb_old_content":"","_et_gb_content_width":"","exclude_from_search":false,"footnotes":""},"class_list":["post-84445","page","type-page","status-publish","hentry"],"yoast_head":"<!-- This site is optimized with the Yoast SEO plugin v23.4 - https:\/\/yoast.com\/wordpress\/plugins\/seo\/ -->\n<title>Atbildes uz bie\u017e\u0101k uzdotajiem jaut\u0101jumiem par m\u016bsu tie\u0161saistes loterijas pakalpojumu<\/title>\n<meta name=\"description\" content=\"V\u0113laties uzzin\u0101t vair\u0101k par to, k\u0101 darbojas m\u016bsu tie\u0161saistes loterijas bi\u013ce\u0161u zi\u0146ne\u0161a pakalpojums? Atbildes uz bie\u017e\u0101k uzdotajiem jaut\u0101jumiem atrad\u012bsiet \u0161eit\" \/>\n<meta name=\"robots\" content=\"index, follow, max-snippet:-1, max-image-preview:large, max-video-preview:-1\" \/>\n<link rel=\"canonical\" href=\"https:\/\/onlinelotto365.com\/lv\/biezak-uzdotie-jautajumi\/\" \/>\n<meta property=\"og:locale\" content=\"lv_LV\" \/>\n<meta property=\"og:type\" content=\"article\" \/>\n<meta property=\"og:title\" content=\"Atbildes uz bie\u017e\u0101k uzdotajiem jaut\u0101jumiem par m\u016bsu tie\u0161saistes loterijas pakalpojumu\" \/>\n<meta property=\"og:description\" content=\"V\u0113laties uzzin\u0101t vair\u0101k par to, k\u0101 darbojas m\u016bsu tie\u0161saistes loterijas bi\u013ce\u0161u zi\u0146ne\u0161a pakalpojums? Atbildes uz bie\u017e\u0101k uzdotajiem jaut\u0101jumiem atrad\u012bsiet \u0161eit\" \/>\n<meta property=\"og:url\" content=\"https:\/\/onlinelotto365.com\/lv\/biezak-uzdotie-jautajumi\/\" \/>\n<meta property=\"og:site_name\" content=\"OnlineLotto365\" \/>\n<meta name=\"twitter:card\" content=\"summary_large_image\" \/>\n<meta name=\"twitter:label1\" content=\"Est. reading time\" \/>\n\t<meta name=\"twitter:data1\" content=\"4 minutes\" \/>\n<script type=\"application\/ld+json\" class=\"yoast-schema-graph\">{\"@context\":\"https:\/\/schema.org\",\"@graph\":[{\"@type\":\"WebPage\",\"@id\":\"https:\/\/onlinelotto365.com\/lv\/biezak-uzdotie-jautajumi\/\",\"url\":\"https:\/\/onlinelotto365.com\/lv\/biezak-uzdotie-jautajumi\/\",\"name\":\"Atbildes uz bie\u017e\u0101k uzdotajiem jaut\u0101jumiem par m\u016bsu tie\u0161saistes loterijas pakalpojumu\",\"isPartOf\":{\"@id\":\"https:\/\/onlinelotto365.com\/lv\/#website\"},\"datePublished\":\"2023-10-03T12:05:05+00:00\",\"dateModified\":\"2023-10-03T12:05:05+00:00\",\"description\":\"V\u0113laties uzzin\u0101t vair\u0101k par to, k\u0101 darbojas m\u016bsu tie\u0161saistes loterijas bi\u013ce\u0161u zi\u0146ne\u0161a pakalpojums? Atbildes uz bie\u017e\u0101k uzdotajiem jaut\u0101jumiem atrad\u012bsiet \u0161eit\",\"breadcrumb\":{\"@id\":\"https:\/\/onlinelotto365.com\/lv\/biezak-uzdotie-jautajumi\/#breadcrumb\"},\"inLanguage\":\"lv-LV\",\"potentialAction\":[{\"@type\":\"ReadAction\",\"target\":[\"https:\/\/onlinelotto365.com\/lv\/biezak-uzdotie-jautajumi\/\"]}]},{\"@type\":\"BreadcrumbList\",\"@id\":\"https:\/\/onlinelotto365.com\/lv\/biezak-uzdotie-jautajumi\/#breadcrumb\",\"itemListElement\":[{\"@type\":\"ListItem\",\"position\":1,\"name\":\"Home\",\"item\":\"https:\/\/onlinelotto365.com\/lv\/\"},{\"@type\":\"ListItem\",\"position\":2,\"name\":\"BIE\u017d\u0100K UZDOTIE JAUT\u0100JUMI\"}]},{\"@type\":\"WebSite\",\"@id\":\"https:\/\/onlinelotto365.com\/lv\/#website\",\"url\":\"https:\/\/onlinelotto365.com\/lv\/\",\"name\":\"OnlineLotto365\",\"description\":\"\",\"potentialAction\":[{\"@type\":\"SearchAction\",\"target\":{\"@type\":\"EntryPoint\",\"urlTemplate\":\"https:\/\/onlinelotto365.com\/lv\/?s={search_term_string}\"},\"query-input\":{\"@type\":\"PropertyValueSpecification\",\"valueRequired\":true,\"valueName\":\"search_term_string\"}}],\"inLanguage\":\"lv-LV\"}]}<\/script>\n<!-- \/ Yoast SEO plugin. -->","yoast_head_json":{"title":"Atbildes uz bie\u017e\u0101k uzdotajiem jaut\u0101jumiem par m\u016bsu tie\u0161saistes loterijas pakalpojumu","description":"V\u0113laties uzzin\u0101t vair\u0101k par to, k\u0101 darbojas m\u016bsu tie\u0161saistes loterijas bi\u013ce\u0161u zi\u0146ne\u0161a pakalpojums? Atbildes uz bie\u017e\u0101k uzdotajiem jaut\u0101jumiem atrad\u012bsiet \u0161eit","robots":{"index":"index","follow":"follow","max-snippet":"max-snippet:-1","max-image-preview":"max-image-preview:large","max-video-preview":"max-video-preview:-1"},"canonical":"https:\/\/onlinelotto365.com\/lv\/biezak-uzdotie-jautajumi\/","og_locale":"lv_LV","og_type":"article","og_title":"Atbildes uz bie\u017e\u0101k uzdotajiem jaut\u0101jumiem par m\u016bsu tie\u0161saistes loterijas pakalpojumu","og_description":"V\u0113laties uzzin\u0101t vair\u0101k par to, k\u0101 darbojas m\u016bsu tie\u0161saistes loterijas bi\u013ce\u0161u zi\u0146ne\u0161a pakalpojums? Atbildes uz bie\u017e\u0101k uzdotajiem jaut\u0101jumiem atrad\u012bsiet \u0161eit","og_url":"https:\/\/onlinelotto365.com\/lv\/biezak-uzdotie-jautajumi\/","og_site_name":"OnlineLotto365","twitter_card":"summary_large_image","twitter_misc":{"Est. reading time":"4 minutes"},"schema":{"@context":"https:\/\/schema.org","@graph":[{"@type":"WebPage","@id":"https:\/\/onlinelotto365.com\/lv\/biezak-uzdotie-jautajumi\/","url":"https:\/\/onlinelotto365.com\/lv\/biezak-uzdotie-jautajumi\/","name":"Atbildes uz bie\u017e\u0101k uzdotajiem jaut\u0101jumiem par m\u016bsu tie\u0161saistes loterijas pakalpojumu","isPartOf":{"@id":"https:\/\/onlinelotto365.com\/lv\/#website"},"datePublished":"2023-10-03T12:05:05+00:00","dateModified":"2023-10-03T12:05:05+00:00","description":"V\u0113laties uzzin\u0101t vair\u0101k par to, k\u0101 darbojas m\u016bsu tie\u0161saistes loterijas bi\u013ce\u0161u zi\u0146ne\u0161a pakalpojums? Atbildes uz bie\u017e\u0101k uzdotajiem jaut\u0101jumiem atrad\u012bsiet \u0161eit","breadcrumb":{"@id":"https:\/\/onlinelotto365.com\/lv\/biezak-uzdotie-jautajumi\/#breadcrumb"},"inLanguage":"lv-LV","potentialAction":[{"@type":"ReadAction","target":["https:\/\/onlinelotto365.com\/lv\/biezak-uzdotie-jautajumi\/"]}]},{"@type":"BreadcrumbList","@id":"https:\/\/onlinelotto365.com\/lv\/biezak-uzdotie-jautajumi\/#breadcrumb","itemListElement":[{"@type":"ListItem","position":1,"name":"Home","item":"https:\/\/onlinelotto365.com\/lv\/"},{"@type":"ListItem","position":2,"name":"BIE\u017d\u0100K UZDOTIE JAUT\u0100JUMI"}]},{"@type":"WebSite","@id":"https:\/\/onlinelotto365.com\/lv\/#website","url":"https:\/\/onlinelotto365.com\/lv\/","name":"OnlineLotto365","description":"","potentialAction":[{"@type":"SearchAction","target":{"@type":"EntryPoint","urlTemplate":"https:\/\/onlinelotto365.com\/lv\/?s={search_term_string}"},"query-input":{"@type":"PropertyValueSpecification","valueRequired":true,"valueName":"search_term_string"}}],"inLanguage":"lv-LV"}]}},"_links":{"self":[{"href":"https:\/\/onlinelotto365.com\/lv\/wp-json\/wp\/v2\/pages\/84445","targetHints":{"allow":["GET"]}}],"collection":[{"href":"https:\/\/onlinelotto365.com\/lv\/wp-json\/wp\/v2\/pages"}],"about":[{"href":"https:\/\/onlinelotto365.com\/lv\/wp-json\/wp\/v2\/types\/page"}],"author":[{"embeddable":true,"href":"https:\/\/onlinelotto365.com\/lv\/wp-json\/wp\/v2\/users\/1"}],"replies":[{"embeddable":true,"href":"https:\/\/onlinelotto365.com\/lv\/wp-json\/wp\/v2\/comments?post=84445"}],"version-history":[{"count":0,"href":"https:\/\/onlinelotto365.com\/lv\/wp-json\/wp\/v2\/pages\/84445\/revisions"}],"wp:attachment":[{"href":"https:\/\/onlinelotto365.com\/lv\/wp-json\/wp\/v2\/media?parent=84445"}],"curies":[{"name":"wp","href":"https:\/\/api.w.org\/{rel}","templated":true}]}}