{"id":12149,"date":"2020-12-21T14:15:22","date_gmt":"2020-12-21T13:15:22","guid":{"rendered":"http:\/\/onlinelotto365.net\/?page_id=12149"},"modified":"2021-03-13T07:56:33","modified_gmt":"2021-03-13T06:56:33","slug":"powerball","status":"publish","type":"page","link":"https:\/\/onlinelotto365.com\/no\/spille\/powerball\/","title":{"rendered":"Hvordan kan innbyggere i Norge spille Powerball online?"},"content":{"rendered":"<p>Det er faktisk ganske enkelt \u00e5 spille Powerball online, selv om du er i Norge. Og det er ganske praktisk ogs\u00e5.<\/p>\n<p>Pass p\u00e5 at du valgte riktig lotteri, nemlig Powerball. Deretter velger du tallene dine.<\/p>\n<p>Det er ogs\u00e5 en metode som mange spillere liker \u00e5 bruke &#8211; hurtigvalgfunksjonen. Alt du trenger \u00e5 gj\u00f8re er \u00e5 klikke p\u00e5 hurtigvalgknappen, og nettstedet vil velge noen tall tilfeldig for deg.<br \/>\n<a href=\"https:\/\/redfoxlotto.com\/play\/powerball\/?ref=a8564250a2&amp;medium=ol365\" target=\"_blank\" rel=\"noopener noreferrer\"><img loading=\"lazy\" decoding=\"async\" class=\"aligncenter\" src=\"https:\/\/redfoxlotto.com\/image?size=8&amp;lottery=powerball\" alt=\"powerball\" width=\"793\" height=\"98\" \/><\/a><br \/>\nN\u00e5r du er ferdig med \u00e5 plukke tallene for Powerball, kan du velge et annet lotteri, spille flere lottobilletter og legge dem til bestillingen din. N\u00e5r du er ferdig, klikker du for \u00e5 sjekke ut og trygt betale for billettene dine. P\u00e5 dette tidspunktet m\u00e5 du opprette en konto hos oss. Selvf\u00f8lgelig kan du ogs\u00e5 opprette kontoen din f\u00f8rst og deretter starte prosessen med \u00e5 bestille billettene dine.<\/p>\n<p>Etter at du har opprettet kontoen din, m\u00e5 registreringen din p\u00e5 nettstedet v\u00e5rt verifiseres. Vi sender deg en bekreftelses-e-post med en lenke. Det ville v\u00e6re lurt \u00e5 markere v\u00e5r e-postadresse som en p\u00e5litelig avsender. Dette sikrer at viktige meldinger som varslinger om gevinster faktisk vil n\u00e5 deg. Det er en av oppsidene ved \u00e5 spille Powerball online &#8211; du vil aldri g\u00e5 glipp av en seier fordi du alltid vil bli varslet av oss.<\/p>\n<p>V\u00e5r tjeneste har virkelig brakt lotteri spiller inn i det 21ste \u00e5rhundre, og dette er det st\u00f8rste som har skjedd med lotterier siden billettene f\u00f8rst gikk p\u00e5 salg. Hvis du ikke drar nytte av denne elektroniske tjenesten, g\u00e5r du virkelig glipp av alle de store lotterihandlingene som er der ute og venter p\u00e5 deg.<\/p>\n<h2>Om Powerball<\/h2>\n<p><img loading=\"lazy\" decoding=\"async\" class=\"size-medium wp-image-1521 alignright\" src=\"https:\/\/onlinelotto365.com\/wp-content\/uploads\/2020\/11\/online_lottery-133-300x212.jpg\" alt=\"powerball usa fra Norge\" width=\"300\" height=\"212\" \/><\/p>\n<ul>\n<li>Land: USA<\/li>\n<li>Hovedtallsomr\u00e5de: 69<\/li>\n<li>Du velger: 5<\/li>\n<li>Ekstra tallomr\u00e5de: 26<\/li>\n<li>Du velger: 1<\/li>\n<li>Tegn dager, timer: Onsdag, L\u00f8rdag, 21:00 EST, +1 dag 03:00 CET<\/li>\n<li>Minimum jackpot: $ 40 millioner<\/li>\n<li>Jackpot avkortet p\u00e5 maksimum: ingen<\/li>\n<li>Sannsynlighet for \u00e5 vinne Powerball jackpot: 1 i 175.223.510<\/li>\n<li>Sannsynlighet for en niv\u00e5 2 seier: 1 i 5.006.386<\/li>\n<li>Sannsynlighet for \u00e5 vinne i alle niv\u00e5er: 1 av 24,87<\/li>\n<li>Antall premieniv\u00e5er: 9<\/li>\n<\/ul>\n<h2>De beste funksjonene i Powerball<\/h2>\n<p>Uansett hvor store dr\u00f8mmene dine er, har Powerball Lotto makt til \u00e5 tilfredsstille dem alle, og litt til. Med jackpotter regelmessig i hundrevis av millioner dollar, er dette definitivt hva du vil kalle en gigantisk sum penger som skal vinnes.<\/p>\n<p>Hver gang det ikke er en jackpotvinner, vokser jackpotten, ofte til hundre millioner, to hundre millioner og til og med tre hundre millioner til tider. Jeg tror at de fleste av oss vil v\u00e6re enige om at selv minimum 40 millioner dollar ville v\u00e6re nok til \u00e5 ha oss leve ut alle v\u00e5re fantasier, men n\u00e5r det gjelder lotterier, jo st\u00f8rre, jo bedre. S\u00e5 hvis du er som de fleste mennesker og elsker \u00e5 spille st\u00f8rre, er dette definitivt for deg.<\/p>\n<h2>Hva annet du trenger \u00e5 vite om \u00e5 spille Powerball online<\/h2>\n<p>Powerball tilbyr jackpotvinnere to m\u00e5ter \u00e5 bli betalt sine gevinster p\u00e5. Du kan enten ta en engangsbetaling n\u00e5, eller du kan g\u00e5 for mye mer penger ved \u00e5 motta den i 30 \u00e5rlige avdrag.<\/p>\n<h2>Slik sjekker du Powerball-resultatene fra Norge<\/h2>\n<p>Det er flere m\u00e5ter \u00e5 sjekke vinnertallene og resultatene til Powerball fra Norge p\u00e5. Men hvis du har spilt Powerball online, er den enkleste m\u00e5ten \u00e5 komme tilbake hit hvor du kj\u00f8pte billetten din. I kontoen din kan du sammenligne tallene dine med tallene fra den siste trekningen. Du vil ogs\u00e5 f\u00e5 en e-postmelding n\u00e5r en av billettene dine har vunnet noe.<\/p>\n<h2>Du spilte Powerball online og vant &#8211; hva skjer n\u00e5?<\/h2>\n<p>V\u00e5r tjeneste inkluderer h\u00e5ndtering av utbetalingene for deg. Du trenger ikke \u00e5 bekymre deg for \u00e5 f\u00e5 betalt. Og vi tar ingen provisjon p\u00e5 gevinstene dine.<\/p>\n","protected":false},"excerpt":{"rendered":"<p>Det er faktisk ganske enkelt \u00e5 spille Powerball online, selv om du er i Norge. Og det er ganske praktisk ogs\u00e5. Pass p\u00e5 at du valgte riktig lotteri, nemlig Powerball. Deretter velger du tallene dine. Det er ogs\u00e5 en metode som mange spillere liker \u00e5 bruke &#8211; hurtigvalgfunksjonen. Alt du trenger \u00e5 gj\u00f8re er \u00e5 [&hellip;]<\/p>\n","protected":false},"author":1,"featured_media":0,"parent":5028,"menu_order":1,"comment_status":"closed","ping_status":"closed","template":"powerball-usa.php","meta":{"_et_pb_use_builder":"","_et_pb_old_content":"","_et_gb_content_width":"","exclude_from_search":false,"footnotes":""},"class_list":["post-12149","page","type-page","status-publish","hentry"],"yoast_head":"<!-- This site is optimized with the Yoast SEO plugin v23.4 - https:\/\/yoast.com\/wordpress\/plugins\/seo\/ -->\n<title>Spill Powerball online fra Norge | Kan jeg vinne Powerball fra Norge<\/title>\n<meta name=\"description\" content=\"Spill Powerball Lotto her - det st\u00f8rste amerikanske lotteriet, tilgjengelig online fra Norge og noe annet land\" \/>\n<meta name=\"robots\" content=\"index, follow, max-snippet:-1, max-image-preview:large, max-video-preview:-1\" \/>\n<link rel=\"canonical\" href=\"https:\/\/onlinelotto365.com\/no\/spille\/powerball\/\" \/>\n<meta property=\"og:locale\" content=\"nb_NO\" \/>\n<meta property=\"og:type\" content=\"article\" \/>\n<meta property=\"og:title\" content=\"Spill Powerball online fra Norge | Kan jeg vinne Powerball fra Norge\" \/>\n<meta property=\"og:description\" content=\"Spill Powerball Lotto her - det st\u00f8rste amerikanske lotteriet, tilgjengelig online fra Norge og noe annet land\" \/>\n<meta property=\"og:url\" content=\"https:\/\/onlinelotto365.com\/no\/spille\/powerball\/\" \/>\n<meta property=\"og:site_name\" content=\"OnlineLotto365\" \/>\n<meta property=\"article:modified_time\" content=\"2021-03-13T06:56:33+00:00\" \/>\n<meta property=\"og:image\" content=\"https:\/\/redfoxlotto.com\/image?size=8&amp;lottery=powerball\" \/>\n<meta name=\"twitter:card\" content=\"summary_large_image\" \/>\n<meta name=\"twitter:label1\" content=\"Ansl. lesetid\" \/>\n\t<meta name=\"twitter:data1\" content=\"4 minutter\" \/>\n<script type=\"application\/ld+json\" class=\"yoast-schema-graph\">{\"@context\":\"https:\/\/schema.org\",\"@graph\":[{\"@type\":\"WebPage\",\"@id\":\"https:\/\/onlinelotto365.com\/no\/spille\/powerball\/\",\"url\":\"https:\/\/onlinelotto365.com\/no\/spille\/powerball\/\",\"name\":\"Spill Powerball online fra Norge | Kan jeg vinne Powerball fra Norge\",\"isPartOf\":{\"@id\":\"https:\/\/onlinelotto365.com\/no\/#website\"},\"primaryImageOfPage\":{\"@id\":\"https:\/\/onlinelotto365.com\/no\/spille\/powerball\/#primaryimage\"},\"image\":{\"@id\":\"https:\/\/onlinelotto365.com\/no\/spille\/powerball\/#primaryimage\"},\"thumbnailUrl\":\"https:\/\/redfoxlotto.com\/image?size=8&amp;lottery=powerball\",\"datePublished\":\"2020-12-21T13:15:22+00:00\",\"dateModified\":\"2021-03-13T06:56:33+00:00\",\"description\":\"Spill Powerball Lotto her - det st\u00f8rste amerikanske lotteriet, tilgjengelig online fra Norge og noe annet land\",\"breadcrumb\":{\"@id\":\"https:\/\/onlinelotto365.com\/no\/spille\/powerball\/#breadcrumb\"},\"inLanguage\":\"nb-NO\",\"potentialAction\":[{\"@type\":\"ReadAction\",\"target\":[\"https:\/\/onlinelotto365.com\/no\/spille\/powerball\/\"]}]},{\"@type\":\"ImageObject\",\"inLanguage\":\"nb-NO\",\"@id\":\"https:\/\/onlinelotto365.com\/no\/spille\/powerball\/#primaryimage\",\"url\":\"https:\/\/redfoxlotto.com\/image?size=8&amp;lottery=powerball\",\"contentUrl\":\"https:\/\/redfoxlotto.com\/image?size=8&amp;lottery=powerball\"},{\"@type\":\"BreadcrumbList\",\"@id\":\"https:\/\/onlinelotto365.com\/no\/spille\/powerball\/#breadcrumb\",\"itemListElement\":[{\"@type\":\"ListItem\",\"position\":1,\"name\":\"Home\",\"item\":\"https:\/\/onlinelotto365.com\/no\/\"},{\"@type\":\"ListItem\",\"position\":2,\"name\":\"Spill hvilket som helst internasjonal lotteri du vil, uansett hvor du bor\",\"item\":\"https:\/\/onlinelotto365.com\/no\/play\/\"},{\"@type\":\"ListItem\",\"position\":3,\"name\":\"Hvordan kan innbyggere i Norge spille Powerball online?\"}]},{\"@type\":\"WebSite\",\"@id\":\"https:\/\/onlinelotto365.com\/no\/#website\",\"url\":\"https:\/\/onlinelotto365.com\/no\/\",\"name\":\"OnlineLotto365\",\"description\":\"\",\"potentialAction\":[{\"@type\":\"SearchAction\",\"target\":{\"@type\":\"EntryPoint\",\"urlTemplate\":\"https:\/\/onlinelotto365.com\/no\/?s={search_term_string}\"},\"query-input\":{\"@type\":\"PropertyValueSpecification\",\"valueRequired\":true,\"valueName\":\"search_term_string\"}}],\"inLanguage\":\"nb-NO\"}]}<\/script>\n<!-- \/ Yoast SEO plugin. -->","yoast_head_json":{"title":"Spill Powerball online fra Norge | Kan jeg vinne Powerball fra Norge","description":"Spill Powerball Lotto her - det st\u00f8rste amerikanske lotteriet, tilgjengelig online fra Norge og noe annet land","robots":{"index":"index","follow":"follow","max-snippet":"max-snippet:-1","max-image-preview":"max-image-preview:large","max-video-preview":"max-video-preview:-1"},"canonical":"https:\/\/onlinelotto365.com\/no\/spille\/powerball\/","og_locale":"nb_NO","og_type":"article","og_title":"Spill Powerball online fra Norge | Kan jeg vinne Powerball fra Norge","og_description":"Spill Powerball Lotto her - det st\u00f8rste amerikanske lotteriet, tilgjengelig online fra Norge og noe annet land","og_url":"https:\/\/onlinelotto365.com\/no\/spille\/powerball\/","og_site_name":"OnlineLotto365","article_modified_time":"2021-03-13T06:56:33+00:00","og_image":[{"url":"https:\/\/redfoxlotto.com\/image?size=8&amp;lottery=powerball"}],"twitter_card":"summary_large_image","twitter_misc":{"Ansl. lesetid":"4 minutter"},"schema":{"@context":"https:\/\/schema.org","@graph":[{"@type":"WebPage","@id":"https:\/\/onlinelotto365.com\/no\/spille\/powerball\/","url":"https:\/\/onlinelotto365.com\/no\/spille\/powerball\/","name":"Spill Powerball online fra Norge | Kan jeg vinne Powerball fra Norge","isPartOf":{"@id":"https:\/\/onlinelotto365.com\/no\/#website"},"primaryImageOfPage":{"@id":"https:\/\/onlinelotto365.com\/no\/spille\/powerball\/#primaryimage"},"image":{"@id":"https:\/\/onlinelotto365.com\/no\/spille\/powerball\/#primaryimage"},"thumbnailUrl":"https:\/\/redfoxlotto.com\/image?size=8&amp;lottery=powerball","datePublished":"2020-12-21T13:15:22+00:00","dateModified":"2021-03-13T06:56:33+00:00","description":"Spill Powerball Lotto her - det st\u00f8rste amerikanske lotteriet, tilgjengelig online fra Norge og noe annet land","breadcrumb":{"@id":"https:\/\/onlinelotto365.com\/no\/spille\/powerball\/#breadcrumb"},"inLanguage":"nb-NO","potentialAction":[{"@type":"ReadAction","target":["https:\/\/onlinelotto365.com\/no\/spille\/powerball\/"]}]},{"@type":"ImageObject","inLanguage":"nb-NO","@id":"https:\/\/onlinelotto365.com\/no\/spille\/powerball\/#primaryimage","url":"https:\/\/redfoxlotto.com\/image?size=8&amp;lottery=powerball","contentUrl":"https:\/\/redfoxlotto.com\/image?size=8&amp;lottery=powerball"},{"@type":"BreadcrumbList","@id":"https:\/\/onlinelotto365.com\/no\/spille\/powerball\/#breadcrumb","itemListElement":[{"@type":"ListItem","position":1,"name":"Home","item":"https:\/\/onlinelotto365.com\/no\/"},{"@type":"ListItem","position":2,"name":"Spill hvilket som helst internasjonal lotteri du vil, uansett hvor du bor","item":"https:\/\/onlinelotto365.com\/no\/play\/"},{"@type":"ListItem","position":3,"name":"Hvordan kan innbyggere i Norge spille Powerball online?"}]},{"@type":"WebSite","@id":"https:\/\/onlinelotto365.com\/no\/#website","url":"https:\/\/onlinelotto365.com\/no\/","name":"OnlineLotto365","description":"","potentialAction":[{"@type":"SearchAction","target":{"@type":"EntryPoint","urlTemplate":"https:\/\/onlinelotto365.com\/no\/?s={search_term_string}"},"query-input":{"@type":"PropertyValueSpecification","valueRequired":true,"valueName":"search_term_string"}}],"inLanguage":"nb-NO"}]}},"_links":{"self":[{"href":"https:\/\/onlinelotto365.com\/no\/wp-json\/wp\/v2\/pages\/12149","targetHints":{"allow":["GET"]}}],"collection":[{"href":"https:\/\/onlinelotto365.com\/no\/wp-json\/wp\/v2\/pages"}],"about":[{"href":"https:\/\/onlinelotto365.com\/no\/wp-json\/wp\/v2\/types\/page"}],"author":[{"embeddable":true,"href":"https:\/\/onlinelotto365.com\/no\/wp-json\/wp\/v2\/users\/1"}],"replies":[{"embeddable":true,"href":"https:\/\/onlinelotto365.com\/no\/wp-json\/wp\/v2\/comments?post=12149"}],"version-history":[{"count":0,"href":"https:\/\/onlinelotto365.com\/no\/wp-json\/wp\/v2\/pages\/12149\/revisions"}],"up":[{"embeddable":true,"href":"https:\/\/onlinelotto365.com\/no\/wp-json\/wp\/v2\/pages\/5028"}],"wp:attachment":[{"href":"https:\/\/onlinelotto365.com\/no\/wp-json\/wp\/v2\/media?parent=12149"}],"curies":[{"name":"wp","href":"https:\/\/api.w.org\/{rel}","templated":true}]}}