{"id":12151,"date":"2020-12-21T14:16:17","date_gmt":"2020-12-21T13:16:17","guid":{"rendered":"http:\/\/onlinelotto365.net\/?page_id=12151"},"modified":"2021-03-04T17:00:14","modified_gmt":"2021-03-04T16:00:14","slug":"mega-millions","status":"publish","type":"page","link":"https:\/\/onlinelotto365.com\/no\/spille\/mega-millions\/","title":{"rendered":"Mega Millions online"},"content":{"rendered":"<p>Ikke lenge siden, p\u00e5 Februar 13 2016, ble den st\u00f8rste US lotteri jackpotten i historien delt ut til tre heldige spillere. Med en utrolig jackpot p\u00e5 totalt 1,5 milliard USD, har lotto fans over hele USA brukt timer st\u00e5ende i k\u00f8 for en billett. Men hva med spillere fra Norge? Ble de ekskludert fra \u00e5 f\u00e5 tak i en Powerball billett hvis ikke de faktisk var tilstedet i USA p\u00e5 det tidspunktet? Nei, det var de ikke &#8211; selv om de hadde visst at de kunne spille Powerball eller Mega Millions lotto fra Norge!<\/p>\n<p><a href=\"https:\/\/redfoxlotto.com\/play\/mega-millions\/?ref=a8564250a2&amp;medium=ol365\" target=\"_blank\" rel=\"noopener noreferrer\"><img decoding=\"async\" class=\"aligncenter\" src=\"https:\/\/redfoxlotto.com\/image?size=8&amp;lottery=mega-millions\" alt=\"mega millions\" \/><\/a><\/p>\n<p>\u00c5penbart er det nettet som lar deg f\u00e5 tak i amerikanske billetter. Du m\u00e5 ikke bo i USA for \u00e5 ha en sjanse til \u00e5 vinne de utrolige jackpottene.<\/p>\n<p><img loading=\"lazy\" decoding=\"async\" class=\"alignright wp-image-1026\" src=\"https:\/\/onlinelotto365.com\/wp-content\/uploads\/2020\/11\/online_lottery-85.jpg\" alt=\"spille mega millions online\" width=\"189\" height=\"162\" \/><\/p>\n<ul>\n<li>Land: USA<\/li>\n<li>Hovednummeromr\u00e5det: 70<\/li>\n<li>Du m\u00e5 velge: 5<\/li>\n<li>Ekstra tall: 25<\/li>\n<li>Du m\u00e5 velge: 1<\/li>\n<li>Dager, trekningstider: Tirsdag, fredag,, 21:00 EST &#8211; + 1 dag 3:00 CET<\/li>\n<li>Jackpot starter ved: $ 40 millioner<\/li>\n<li>Jackpot er begrenset til: ingen<\/li>\n<li>Sjanse til \u00e5 vinne jackpotten: 1 i 175711536<\/li>\n<li>Sjanse til \u00e5 vinne andrepremie: 1 i 3819816<\/li>\n<li>Sjanse til \u00e5 vinne en premie: 1 p\u00e5 24,12<\/li>\n<li>Antall premiekategorier: 9<\/li>\n<\/ul>\n<p>For \u00e5 spille, kan du <span style=\"text-decoration: underline;\"><a href=\"https:\/\/redfoxlotto.com\/?ref=A8564250A2\" target=\"_blank\" rel=\"noopener\">f\u00f8lge linken til en nettlotto billett tjeneste som er kalt RedFoxLotto<\/a><\/span>. Du trenger kun \u00e5 velge lotto tallene, betale online og i l\u00f8pet av noen timer vil du ha tilgang til din billett for Powerball eller Mega Millions.<\/p>\n<h2>Spill Powerball eller Mega Millions lotto p\u00e5 nettet hvis du bor i Norge<\/h2>\n<p>Dette er hvordan det funker: etter du har bestemt tallene og betalt for billetten din, sender nettlotto tjenesten en agent til en lotto selger i USA. Agenten vil kj\u00f8pe en billett p\u00e5 dine vegne, v\u00e6re sikker p\u00e5 at tallene og navnet ditt er p\u00e5 lotto billetten, s\u00e5 skanner han den og sender en e-post til deg med en link til \u00e5 laste ned den skannede billetten.<\/p>\n<p>Hvis du vinner, vil prosedyren avhenge av hvor mye du har vunnet. Verdier under $500 vil bli send inn p\u00e5 kontoen din. Du kan enten ta ut pengene eller bruke det for \u00e5 kj\u00f8pe flere billetter. Hvis du skulle v\u00e6rt s\u00e5 heldig \u00e5 vunnet en st\u00f8rre mengde, vil RedFoxLotto sende deg ett skjema som du m\u00e5 fylle ut, og sende det tilbake til dem via e-post.<\/p>\n<p>RedFoxLotto sender formen til lotto kommisjonen som vil betale deg det du har tjent.\u00a0Det er viktig \u00e5 vite at RedFoxLotto er en lovlig og sikker tjeneste. Ved \u00e5 kj\u00f8pe en lotto billett p\u00e5 nettet, vil du ha en kontrakt med lotteriet selv &#8211; som sikrer at du f\u00e5r de pengene du tjener fra dem!<\/p>\n<h2>Andre lotterier som kan bli spilt fra Norge<\/h2>\n<p>Gjennom denne lotteri tjenesten, kan du kj\u00f8pe billetter for de 20 st\u00f8rste lotteriene internasjonalt.<\/p>\n","protected":false},"excerpt":{"rendered":"<p>Ikke lenge siden, p\u00e5 Februar 13 2016, ble den st\u00f8rste US lotteri jackpotten i historien delt ut til tre heldige spillere. Med en utrolig jackpot p\u00e5 totalt 1,5 milliard USD, har lotto fans over hele USA brukt timer st\u00e5ende i k\u00f8 for en billett. Men hva med spillere fra Norge? Ble de ekskludert fra \u00e5 [&hellip;]<\/p>\n","protected":false},"author":1,"featured_media":0,"parent":5028,"menu_order":2,"comment_status":"closed","ping_status":"closed","template":"megamillion.php","meta":{"_et_pb_use_builder":"","_et_pb_old_content":"","_et_gb_content_width":"","exclude_from_search":false,"footnotes":""},"class_list":["post-12151","page","type-page","status-publish","hentry"],"yoast_head":"<!-- This site is optimized with the Yoast SEO plugin v23.4 - https:\/\/yoast.com\/wordpress\/plugins\/seo\/ -->\n<title>Spill USA Lotto Mega Millions og Powerball fra Norge<\/title>\n<meta name=\"description\" content=\"N\u00e5 kan du ogs\u00e5 spille Mega Millions - v\u00e5r online tjeneste lar deg skaffe Mega Millions-billetter fra Norge\" \/>\n<meta name=\"robots\" content=\"index, follow, max-snippet:-1, max-image-preview:large, max-video-preview:-1\" \/>\n<link rel=\"canonical\" href=\"https:\/\/onlinelotto365.com\/no\/spille\/mega-millions\/\" \/>\n<meta property=\"og:locale\" content=\"nb_NO\" \/>\n<meta property=\"og:type\" content=\"article\" \/>\n<meta property=\"og:title\" content=\"Spill USA Lotto Mega Millions og Powerball fra Norge\" \/>\n<meta property=\"og:description\" content=\"N\u00e5 kan du ogs\u00e5 spille Mega Millions - v\u00e5r online tjeneste lar deg skaffe Mega Millions-billetter fra Norge\" \/>\n<meta property=\"og:url\" content=\"https:\/\/onlinelotto365.com\/no\/spille\/mega-millions\/\" \/>\n<meta property=\"og:site_name\" content=\"OnlineLotto365\" \/>\n<meta property=\"article:modified_time\" content=\"2021-03-04T16:00:14+00:00\" \/>\n<meta property=\"og:image\" content=\"https:\/\/redfoxlotto.com\/image?size=8&amp;lottery=mega-millions\" \/>\n<meta name=\"twitter:card\" content=\"summary_large_image\" \/>\n<meta name=\"twitter:label1\" content=\"Ansl. lesetid\" \/>\n\t<meta name=\"twitter:data1\" content=\"3 minutter\" \/>\n<script type=\"application\/ld+json\" class=\"yoast-schema-graph\">{\"@context\":\"https:\/\/schema.org\",\"@graph\":[{\"@type\":\"WebPage\",\"@id\":\"https:\/\/onlinelotto365.com\/no\/spille\/mega-millions\/\",\"url\":\"https:\/\/onlinelotto365.com\/no\/spille\/mega-millions\/\",\"name\":\"Spill USA Lotto Mega Millions og Powerball fra Norge\",\"isPartOf\":{\"@id\":\"https:\/\/onlinelotto365.com\/no\/#website\"},\"primaryImageOfPage\":{\"@id\":\"https:\/\/onlinelotto365.com\/no\/spille\/mega-millions\/#primaryimage\"},\"image\":{\"@id\":\"https:\/\/onlinelotto365.com\/no\/spille\/mega-millions\/#primaryimage\"},\"thumbnailUrl\":\"https:\/\/redfoxlotto.com\/image?size=8&amp;lottery=mega-millions\",\"datePublished\":\"2020-12-21T13:16:17+00:00\",\"dateModified\":\"2021-03-04T16:00:14+00:00\",\"description\":\"N\u00e5 kan du ogs\u00e5 spille Mega Millions - v\u00e5r online tjeneste lar deg skaffe Mega Millions-billetter fra Norge\",\"breadcrumb\":{\"@id\":\"https:\/\/onlinelotto365.com\/no\/spille\/mega-millions\/#breadcrumb\"},\"inLanguage\":\"nb-NO\",\"potentialAction\":[{\"@type\":\"ReadAction\",\"target\":[\"https:\/\/onlinelotto365.com\/no\/spille\/mega-millions\/\"]}]},{\"@type\":\"ImageObject\",\"inLanguage\":\"nb-NO\",\"@id\":\"https:\/\/onlinelotto365.com\/no\/spille\/mega-millions\/#primaryimage\",\"url\":\"https:\/\/redfoxlotto.com\/image?size=8&amp;lottery=mega-millions\",\"contentUrl\":\"https:\/\/redfoxlotto.com\/image?size=8&amp;lottery=mega-millions\"},{\"@type\":\"BreadcrumbList\",\"@id\":\"https:\/\/onlinelotto365.com\/no\/spille\/mega-millions\/#breadcrumb\",\"itemListElement\":[{\"@type\":\"ListItem\",\"position\":1,\"name\":\"Home\",\"item\":\"https:\/\/onlinelotto365.com\/no\/\"},{\"@type\":\"ListItem\",\"position\":2,\"name\":\"Spill hvilket som helst internasjonal lotteri du vil, uansett hvor du bor\",\"item\":\"https:\/\/onlinelotto365.com\/no\/play\/\"},{\"@type\":\"ListItem\",\"position\":3,\"name\":\"Mega Millions online\"}]},{\"@type\":\"WebSite\",\"@id\":\"https:\/\/onlinelotto365.com\/no\/#website\",\"url\":\"https:\/\/onlinelotto365.com\/no\/\",\"name\":\"OnlineLotto365\",\"description\":\"\",\"potentialAction\":[{\"@type\":\"SearchAction\",\"target\":{\"@type\":\"EntryPoint\",\"urlTemplate\":\"https:\/\/onlinelotto365.com\/no\/?s={search_term_string}\"},\"query-input\":{\"@type\":\"PropertyValueSpecification\",\"valueRequired\":true,\"valueName\":\"search_term_string\"}}],\"inLanguage\":\"nb-NO\"}]}<\/script>\n<!-- \/ Yoast SEO plugin. -->","yoast_head_json":{"title":"Spill USA Lotto Mega Millions og Powerball fra Norge","description":"N\u00e5 kan du ogs\u00e5 spille Mega Millions - v\u00e5r online tjeneste lar deg skaffe Mega Millions-billetter fra Norge","robots":{"index":"index","follow":"follow","max-snippet":"max-snippet:-1","max-image-preview":"max-image-preview:large","max-video-preview":"max-video-preview:-1"},"canonical":"https:\/\/onlinelotto365.com\/no\/spille\/mega-millions\/","og_locale":"nb_NO","og_type":"article","og_title":"Spill USA Lotto Mega Millions og Powerball fra Norge","og_description":"N\u00e5 kan du ogs\u00e5 spille Mega Millions - v\u00e5r online tjeneste lar deg skaffe Mega Millions-billetter fra Norge","og_url":"https:\/\/onlinelotto365.com\/no\/spille\/mega-millions\/","og_site_name":"OnlineLotto365","article_modified_time":"2021-03-04T16:00:14+00:00","og_image":[{"url":"https:\/\/redfoxlotto.com\/image?size=8&amp;lottery=mega-millions"}],"twitter_card":"summary_large_image","twitter_misc":{"Ansl. lesetid":"3 minutter"},"schema":{"@context":"https:\/\/schema.org","@graph":[{"@type":"WebPage","@id":"https:\/\/onlinelotto365.com\/no\/spille\/mega-millions\/","url":"https:\/\/onlinelotto365.com\/no\/spille\/mega-millions\/","name":"Spill USA Lotto Mega Millions og Powerball fra Norge","isPartOf":{"@id":"https:\/\/onlinelotto365.com\/no\/#website"},"primaryImageOfPage":{"@id":"https:\/\/onlinelotto365.com\/no\/spille\/mega-millions\/#primaryimage"},"image":{"@id":"https:\/\/onlinelotto365.com\/no\/spille\/mega-millions\/#primaryimage"},"thumbnailUrl":"https:\/\/redfoxlotto.com\/image?size=8&amp;lottery=mega-millions","datePublished":"2020-12-21T13:16:17+00:00","dateModified":"2021-03-04T16:00:14+00:00","description":"N\u00e5 kan du ogs\u00e5 spille Mega Millions - v\u00e5r online tjeneste lar deg skaffe Mega Millions-billetter fra Norge","breadcrumb":{"@id":"https:\/\/onlinelotto365.com\/no\/spille\/mega-millions\/#breadcrumb"},"inLanguage":"nb-NO","potentialAction":[{"@type":"ReadAction","target":["https:\/\/onlinelotto365.com\/no\/spille\/mega-millions\/"]}]},{"@type":"ImageObject","inLanguage":"nb-NO","@id":"https:\/\/onlinelotto365.com\/no\/spille\/mega-millions\/#primaryimage","url":"https:\/\/redfoxlotto.com\/image?size=8&amp;lottery=mega-millions","contentUrl":"https:\/\/redfoxlotto.com\/image?size=8&amp;lottery=mega-millions"},{"@type":"BreadcrumbList","@id":"https:\/\/onlinelotto365.com\/no\/spille\/mega-millions\/#breadcrumb","itemListElement":[{"@type":"ListItem","position":1,"name":"Home","item":"https:\/\/onlinelotto365.com\/no\/"},{"@type":"ListItem","position":2,"name":"Spill hvilket som helst internasjonal lotteri du vil, uansett hvor du bor","item":"https:\/\/onlinelotto365.com\/no\/play\/"},{"@type":"ListItem","position":3,"name":"Mega Millions online"}]},{"@type":"WebSite","@id":"https:\/\/onlinelotto365.com\/no\/#website","url":"https:\/\/onlinelotto365.com\/no\/","name":"OnlineLotto365","description":"","potentialAction":[{"@type":"SearchAction","target":{"@type":"EntryPoint","urlTemplate":"https:\/\/onlinelotto365.com\/no\/?s={search_term_string}"},"query-input":{"@type":"PropertyValueSpecification","valueRequired":true,"valueName":"search_term_string"}}],"inLanguage":"nb-NO"}]}},"_links":{"self":[{"href":"https:\/\/onlinelotto365.com\/no\/wp-json\/wp\/v2\/pages\/12151","targetHints":{"allow":["GET"]}}],"collection":[{"href":"https:\/\/onlinelotto365.com\/no\/wp-json\/wp\/v2\/pages"}],"about":[{"href":"https:\/\/onlinelotto365.com\/no\/wp-json\/wp\/v2\/types\/page"}],"author":[{"embeddable":true,"href":"https:\/\/onlinelotto365.com\/no\/wp-json\/wp\/v2\/users\/1"}],"replies":[{"embeddable":true,"href":"https:\/\/onlinelotto365.com\/no\/wp-json\/wp\/v2\/comments?post=12151"}],"version-history":[{"count":0,"href":"https:\/\/onlinelotto365.com\/no\/wp-json\/wp\/v2\/pages\/12151\/revisions"}],"up":[{"embeddable":true,"href":"https:\/\/onlinelotto365.com\/no\/wp-json\/wp\/v2\/pages\/5028"}],"wp:attachment":[{"href":"https:\/\/onlinelotto365.com\/no\/wp-json\/wp\/v2\/media?parent=12151"}],"curies":[{"name":"wp","href":"https:\/\/api.w.org\/{rel}","templated":true}]}}