{"id":12153,"date":"2020-12-21T14:17:37","date_gmt":"2020-12-21T13:17:37","guid":{"rendered":"http:\/\/onlinelotto365.net\/?page_id=12153"},"modified":"2021-03-04T17:28:41","modified_gmt":"2021-03-04T16:28:41","slug":"euromillions","status":"publish","type":"page","link":"https:\/\/onlinelotto365.com\/no\/spille\/euromillions\/","title":{"rendered":"EuroMillions er Europas st\u00f8rste lotteri"},"content":{"rendered":"<h2>Flere lotterier for lotto-spillere fra Norge<\/h2>\n<p>\u00c5 ha bare ditt lokale lotteri innen rekkevidde virker ikke s\u00e5 attraktivt for deg? I Norge er lotterier som Euromillions sikkert mye mer attraktive. \u00c5 v\u00e6re en borger i Norge, har du kanskje ikke v\u00e6rt i stand til \u00e5 f\u00e5 en billett til de lotteriene. Men vent &#8211; det er en l\u00f8sning n\u00e5!<\/p>\n<h2>RedFoxLotto gir deg tilgang til Euromillions<\/h2>\n<p><a href=\"https:\/\/redfoxlotto.com\/?ref=A8564250A2&amp;medium=ol365\" target=\"_blank\" rel=\"noopener\"><span style=\"text-decoration: underline;\">Hvis du bes\u00f8ker RedFoxLotto.com ved \u00e5 klikke p\u00e5 denne linken<\/span><\/a>, er det f\u00f8rste du ser en liste over ulike internasjonale lotterier. Listen er bestilt av st\u00f8rrelsen p\u00e5 jackpotten. Du kan enten finne Euromillions og klikke p\u00e5 dem, eller hvis du ser et annet lotteri med en enda h\u00f8yere jackpot, kan du gjerne velge den. Deretter velger du tallene dine. Ikke bekymre deg hvis du ikke vet hvor mange tall du m\u00e5 klikke p\u00e5. Nettstedet vil fortelle deg om du mangler et nummer. Selvf\u00f8lgelig kan du legge til flere billetter, og du kan til og med spille flere lotterier. Deretter registrerer du en konto med RedFoxlotto.<\/p>\n<p><a href=\"https:\/\/redfoxlotto.com\/play\/euromillions\/?ref=a8564250a2&amp;medium=ol365\" target=\"_blank\" rel=\"noopener noreferrer\"><img loading=\"lazy\" decoding=\"async\" class=\"aligncenter\" src=\"https:\/\/redfoxlotto.com\/image?size=8&amp;lottery=euromillions\" alt=\"Euromillions\" width=\"720\" height=\"90\" \/><\/a><\/p>\n<h2>Mer informasjon om Euromillions<\/h2>\n<ul>\n<li>Lotteri holdes der: diverse europeiske land<\/li>\n<li>Hvor mange hovedtall \u00e5 velge mellom: 50<\/li>\n<li>Du m\u00e5 velge: 5<\/li>\n<li>Hvor mange ekstra tall \u00e5 velge mellom: 12<\/li>\n<li>Du m\u00e5 velge: 2<\/li>\n<li>Tegnedager, timer: tirsdag, fredag \u200b\u200b19:30 GMT &#8211; 20:30 CET<\/li>\n<li>Minimum jackpot: \u20ac 17 millioner<\/li>\n<li>Maksimum jackpotbel\u00f8p: \u20ac 190 millioner<\/li>\n<li>Mulig tallkombinasjon for en jackpotgevinst: 1 i 186.450.880<\/li>\n<li>Mulig tallkombinasjon for en tier 2-seier: 1 p\u00e5 2.118.760<\/li>\n<li>Sannsynligheten for \u00e5 vinne i et hvilket som helst niv\u00e5: 1 p\u00e5 12,98<\/li>\n<li>Hvor mange premieniv\u00e5er: 13<\/li>\n<li>Spesielle trekning for Euromillions: tre ganger per \u00e5r er jackpoten satt til \u20ac 140 millioner<\/li>\n<\/ul>\n<p><img loading=\"lazy\" decoding=\"async\" class=\"alignright wp-image-1873\" style=\"font-size: 16px; font-weight: inherit;\" src=\"https:\/\/onlinelotto365.com\/wp-content\/uploads\/2020\/11\/online_lottery-167-300x197.jpg\" alt=\"spill euromillions online\" width=\"210\" height=\"138\" \/><\/p>\n<p>Du m\u00e5 bekrefte e-postadressen din &#8211; f\u00f8lg bare instruksjonene p\u00e5 skjermen. Betalingen er ogs\u00e5 lett nok. Det finnes en rekke alternativer som kredittkort, Skrill eller bankoverf\u00f8ring. N\u00e5r du har betalt, vil billetten vises i kontoen din. Du kan se tallene dine, og etter at tallene for lotteriene dine er tegnet, vil kontoen din ogs\u00e5 vise de trukket tallene ved siden av nummeret du valgte. Vinnende tall er uthevet slik at du raskt kan se om billettene dine har vunnet noe eller ikke.<\/p>\n<h2>Flere lotterier \u00e5 velge mellom for lotto-fans fra Norge<\/h2>\n<p>Ved siden av Euromillions anbefaler vi at du sjekker ut de store amerikanske lotteriene Powerball og Mega Millions. Deres jackpotter er ofte mye st\u00f8rre, mengder p\u00e5 over $ 300 millioner er ganske hyppige. Men det er ogs\u00e5 Italiens Superenalotto. Det beste du kan gj\u00f8re er \u00e5 sammenligne jackpots f\u00f8r du spiller. Alltid \u00e5 g\u00e5 til lotteriet med den st\u00f8rste jackpotten er absolutt en strategi som gir mening fra et \u00f8konomisk synspunkt! Ikke la det faktum at du bor i Norge holde deg fra \u00e5 spille Euromillions &#8211; spill online i dag!<\/p>\n","protected":false},"excerpt":{"rendered":"<p>Flere lotterier for lotto-spillere fra Norge \u00c5 ha bare ditt lokale lotteri innen rekkevidde virker ikke s\u00e5 attraktivt for deg? I Norge er lotterier som Euromillions sikkert mye mer attraktive. \u00c5 v\u00e6re en borger i Norge, har du kanskje ikke v\u00e6rt i stand til \u00e5 f\u00e5 en billett til de lotteriene. Men vent &#8211; det [&hellip;]<\/p>\n","protected":false},"author":1,"featured_media":0,"parent":5028,"menu_order":3,"comment_status":"closed","ping_status":"closed","template":"euromillions.php","meta":{"_et_pb_use_builder":"","_et_pb_old_content":"","_et_gb_content_width":"","exclude_from_search":false,"footnotes":""},"class_list":["post-12153","page","type-page","status-publish","hentry"],"yoast_head":"<!-- This site is optimized with the Yoast SEO plugin v23.4 - https:\/\/yoast.com\/wordpress\/plugins\/seo\/ -->\n<title>Spill Euromillions online fra Norge | Kan borgere i Norge delta i Euromillions ?<\/title>\n<meta name=\"description\" content=\"Spill EuroMillions Lotto, med en online billett, selv fra Norge.\" \/>\n<meta name=\"robots\" content=\"index, follow, max-snippet:-1, max-image-preview:large, max-video-preview:-1\" \/>\n<link rel=\"canonical\" href=\"https:\/\/onlinelotto365.com\/no\/spille\/euromillions\/\" \/>\n<meta property=\"og:locale\" content=\"nb_NO\" \/>\n<meta property=\"og:type\" content=\"article\" \/>\n<meta property=\"og:title\" content=\"Spill Euromillions online fra Norge | Kan borgere i Norge delta i Euromillions ?\" \/>\n<meta property=\"og:description\" content=\"Spill EuroMillions Lotto, med en online billett, selv fra Norge.\" \/>\n<meta property=\"og:url\" content=\"https:\/\/onlinelotto365.com\/no\/spille\/euromillions\/\" \/>\n<meta property=\"og:site_name\" content=\"OnlineLotto365\" \/>\n<meta property=\"article:modified_time\" content=\"2021-03-04T16:28:41+00:00\" \/>\n<meta property=\"og:image\" content=\"https:\/\/redfoxlotto.com\/image?size=8&amp;lottery=euromillions\" \/>\n<meta name=\"twitter:card\" content=\"summary_large_image\" \/>\n<meta name=\"twitter:label1\" content=\"Ansl. lesetid\" \/>\n\t<meta name=\"twitter:data1\" content=\"3 minutter\" \/>\n<script type=\"application\/ld+json\" class=\"yoast-schema-graph\">{\"@context\":\"https:\/\/schema.org\",\"@graph\":[{\"@type\":\"WebPage\",\"@id\":\"https:\/\/onlinelotto365.com\/no\/spille\/euromillions\/\",\"url\":\"https:\/\/onlinelotto365.com\/no\/spille\/euromillions\/\",\"name\":\"Spill Euromillions online fra Norge | Kan borgere i Norge delta i Euromillions ?\",\"isPartOf\":{\"@id\":\"https:\/\/onlinelotto365.com\/no\/#website\"},\"primaryImageOfPage\":{\"@id\":\"https:\/\/onlinelotto365.com\/no\/spille\/euromillions\/#primaryimage\"},\"image\":{\"@id\":\"https:\/\/onlinelotto365.com\/no\/spille\/euromillions\/#primaryimage\"},\"thumbnailUrl\":\"https:\/\/redfoxlotto.com\/image?size=8&amp;lottery=euromillions\",\"datePublished\":\"2020-12-21T13:17:37+00:00\",\"dateModified\":\"2021-03-04T16:28:41+00:00\",\"description\":\"Spill EuroMillions Lotto, med en online billett, selv fra Norge.\",\"breadcrumb\":{\"@id\":\"https:\/\/onlinelotto365.com\/no\/spille\/euromillions\/#breadcrumb\"},\"inLanguage\":\"nb-NO\",\"potentialAction\":[{\"@type\":\"ReadAction\",\"target\":[\"https:\/\/onlinelotto365.com\/no\/spille\/euromillions\/\"]}]},{\"@type\":\"ImageObject\",\"inLanguage\":\"nb-NO\",\"@id\":\"https:\/\/onlinelotto365.com\/no\/spille\/euromillions\/#primaryimage\",\"url\":\"https:\/\/redfoxlotto.com\/image?size=8&amp;lottery=euromillions\",\"contentUrl\":\"https:\/\/redfoxlotto.com\/image?size=8&amp;lottery=euromillions\"},{\"@type\":\"BreadcrumbList\",\"@id\":\"https:\/\/onlinelotto365.com\/no\/spille\/euromillions\/#breadcrumb\",\"itemListElement\":[{\"@type\":\"ListItem\",\"position\":1,\"name\":\"Home\",\"item\":\"https:\/\/onlinelotto365.com\/no\/\"},{\"@type\":\"ListItem\",\"position\":2,\"name\":\"Spill hvilket som helst internasjonal lotteri du vil, uansett hvor du bor\",\"item\":\"https:\/\/onlinelotto365.com\/no\/play\/\"},{\"@type\":\"ListItem\",\"position\":3,\"name\":\"EuroMillions er Europas st\u00f8rste lotteri\"}]},{\"@type\":\"WebSite\",\"@id\":\"https:\/\/onlinelotto365.com\/no\/#website\",\"url\":\"https:\/\/onlinelotto365.com\/no\/\",\"name\":\"OnlineLotto365\",\"description\":\"\",\"potentialAction\":[{\"@type\":\"SearchAction\",\"target\":{\"@type\":\"EntryPoint\",\"urlTemplate\":\"https:\/\/onlinelotto365.com\/no\/?s={search_term_string}\"},\"query-input\":{\"@type\":\"PropertyValueSpecification\",\"valueRequired\":true,\"valueName\":\"search_term_string\"}}],\"inLanguage\":\"nb-NO\"}]}<\/script>\n<!-- \/ Yoast SEO plugin. -->","yoast_head_json":{"title":"Spill Euromillions online fra Norge | Kan borgere i Norge delta i Euromillions ?","description":"Spill EuroMillions Lotto, med en online billett, selv fra Norge.","robots":{"index":"index","follow":"follow","max-snippet":"max-snippet:-1","max-image-preview":"max-image-preview:large","max-video-preview":"max-video-preview:-1"},"canonical":"https:\/\/onlinelotto365.com\/no\/spille\/euromillions\/","og_locale":"nb_NO","og_type":"article","og_title":"Spill Euromillions online fra Norge | Kan borgere i Norge delta i Euromillions ?","og_description":"Spill EuroMillions Lotto, med en online billett, selv fra Norge.","og_url":"https:\/\/onlinelotto365.com\/no\/spille\/euromillions\/","og_site_name":"OnlineLotto365","article_modified_time":"2021-03-04T16:28:41+00:00","og_image":[{"url":"https:\/\/redfoxlotto.com\/image?size=8&amp;lottery=euromillions"}],"twitter_card":"summary_large_image","twitter_misc":{"Ansl. lesetid":"3 minutter"},"schema":{"@context":"https:\/\/schema.org","@graph":[{"@type":"WebPage","@id":"https:\/\/onlinelotto365.com\/no\/spille\/euromillions\/","url":"https:\/\/onlinelotto365.com\/no\/spille\/euromillions\/","name":"Spill Euromillions online fra Norge | Kan borgere i Norge delta i Euromillions ?","isPartOf":{"@id":"https:\/\/onlinelotto365.com\/no\/#website"},"primaryImageOfPage":{"@id":"https:\/\/onlinelotto365.com\/no\/spille\/euromillions\/#primaryimage"},"image":{"@id":"https:\/\/onlinelotto365.com\/no\/spille\/euromillions\/#primaryimage"},"thumbnailUrl":"https:\/\/redfoxlotto.com\/image?size=8&amp;lottery=euromillions","datePublished":"2020-12-21T13:17:37+00:00","dateModified":"2021-03-04T16:28:41+00:00","description":"Spill EuroMillions Lotto, med en online billett, selv fra Norge.","breadcrumb":{"@id":"https:\/\/onlinelotto365.com\/no\/spille\/euromillions\/#breadcrumb"},"inLanguage":"nb-NO","potentialAction":[{"@type":"ReadAction","target":["https:\/\/onlinelotto365.com\/no\/spille\/euromillions\/"]}]},{"@type":"ImageObject","inLanguage":"nb-NO","@id":"https:\/\/onlinelotto365.com\/no\/spille\/euromillions\/#primaryimage","url":"https:\/\/redfoxlotto.com\/image?size=8&amp;lottery=euromillions","contentUrl":"https:\/\/redfoxlotto.com\/image?size=8&amp;lottery=euromillions"},{"@type":"BreadcrumbList","@id":"https:\/\/onlinelotto365.com\/no\/spille\/euromillions\/#breadcrumb","itemListElement":[{"@type":"ListItem","position":1,"name":"Home","item":"https:\/\/onlinelotto365.com\/no\/"},{"@type":"ListItem","position":2,"name":"Spill hvilket som helst internasjonal lotteri du vil, uansett hvor du bor","item":"https:\/\/onlinelotto365.com\/no\/play\/"},{"@type":"ListItem","position":3,"name":"EuroMillions er Europas st\u00f8rste lotteri"}]},{"@type":"WebSite","@id":"https:\/\/onlinelotto365.com\/no\/#website","url":"https:\/\/onlinelotto365.com\/no\/","name":"OnlineLotto365","description":"","potentialAction":[{"@type":"SearchAction","target":{"@type":"EntryPoint","urlTemplate":"https:\/\/onlinelotto365.com\/no\/?s={search_term_string}"},"query-input":{"@type":"PropertyValueSpecification","valueRequired":true,"valueName":"search_term_string"}}],"inLanguage":"nb-NO"}]}},"_links":{"self":[{"href":"https:\/\/onlinelotto365.com\/no\/wp-json\/wp\/v2\/pages\/12153","targetHints":{"allow":["GET"]}}],"collection":[{"href":"https:\/\/onlinelotto365.com\/no\/wp-json\/wp\/v2\/pages"}],"about":[{"href":"https:\/\/onlinelotto365.com\/no\/wp-json\/wp\/v2\/types\/page"}],"author":[{"embeddable":true,"href":"https:\/\/onlinelotto365.com\/no\/wp-json\/wp\/v2\/users\/1"}],"replies":[{"embeddable":true,"href":"https:\/\/onlinelotto365.com\/no\/wp-json\/wp\/v2\/comments?post=12153"}],"version-history":[{"count":0,"href":"https:\/\/onlinelotto365.com\/no\/wp-json\/wp\/v2\/pages\/12153\/revisions"}],"up":[{"embeddable":true,"href":"https:\/\/onlinelotto365.com\/no\/wp-json\/wp\/v2\/pages\/5028"}],"wp:attachment":[{"href":"https:\/\/onlinelotto365.com\/no\/wp-json\/wp\/v2\/media?parent=12153"}],"curies":[{"name":"wp","href":"https:\/\/api.w.org\/{rel}","templated":true}]}}