{"id":12155,"date":"2020-12-21T14:18:34","date_gmt":"2020-12-21T13:18:34","guid":{"rendered":"http:\/\/onlinelotto365.net\/?page_id=12155"},"modified":"2021-03-04T17:25:53","modified_gmt":"2021-03-04T16:25:53","slug":"eurojackpot","status":"publish","type":"page","link":"https:\/\/onlinelotto365.com\/no\/spille\/eurojackpot\/","title":{"rendered":"Kan jeg delta i EuroJackpot online?"},"content":{"rendered":"<p>Hvis, uansett grunn, kan du ikke kj\u00f8pe en billett til EuroJackpot i din lokale butikk, s\u00e5 har du fortsatt muligheten til \u00e5 spille for EuroJackpot online.<\/p>\n<p>Alt du trenger \u00e5 gj\u00f8re er \u00e5 <span style=\"text-decoration: underline;\"><a href=\"https:\/\/redfoxlotto.com\/?ref=A8564250A2\" target=\"_blank\" rel=\"noopener\">klikke p\u00e5 denne linken for \u00e5 komme til RedFoxLotto nettstedet<\/a>.<\/span> RedFoxLotto er en nettbasert tjeneste som lar deg delta i over 20 av de st\u00f8rste lotterier i verden, uansett hvor du er fra.<\/p>\n<p>Dette er gjort mulig ved et nettverk av ansatte som jobber for dette selskapet, som kj\u00f8per lodd opprinnelig bestilt online for sine kunder. De bestilte billetter kan betales med kredittkort (det finnes ogs\u00e5 en rekke andre alternativer for betaling) og kort tid senere, f\u00e5r kunden en bekreftelse p\u00e5 e-post, som er umiddelbart gyldig for neste trekning av den respektive lotteriet.<br \/>\n<a href=\"https:\/\/redfoxlotto.com\/play\/eurojackpot\/?ref=a8564250a2&amp;medium=ol365\" target=\"_blank\" rel=\"noopener noreferrer\"><img decoding=\"async\" class=\"aligncenter\" src=\"https:\/\/redfoxlotto.com\/image?size=8&amp;lottery=eurojackpot\" alt=\"Eurojackpot\" \/><\/a><\/p>\n<h2>Om Eurojackpot<\/h2>\n<ul>\n<li>Land: diverse Europeiske land, se ovenfor<\/li>\n<li>Hovednummeromr\u00e5det: 50<\/li>\n<li>Du m\u00e5 velge: 5<\/li>\n<li>Ekstra tall: 10<\/li>\n<li>Du m\u00e5 velge: 2<\/li>\n<li>Dager, timer med trekning: Fredag,,, 21:00 CET &#8211; 21:00 CET<\/li>\n<li>Jackpot starter ved: \u20ac 10 millioner<\/li>\n<li>Jackpot er begrenset til: \u20ac 90 millioner<\/li>\n<li>Sjanse til \u00e5 vinne jackpotten: 1 i 135600640<\/li>\n<li>Sjanse til \u00e5 vinne andreprisen: 1 i 2118760<\/li>\n<li>Sjanse til \u00e5 vinne en premie: 1 p\u00e5 26,39<\/li>\n<li>Antall premiekategorier: 12<\/li>\n<\/ul>\n<p>Deltakelse i Eurojackpot samt noen av de mer enn 20 lotteriene som tilbys p\u00e5 nettet, er helt lovlig, og n\u00e5r du har kj\u00f8pt billetten din, har du krav p\u00e5 den respektive lotterikommisjonen. Mindre gevinster p\u00e5 opptil $ 600 blir straks kreditert til RedFoxLotto-kontoen din, med st\u00f8rre gevinster vil det ta noen dager, da RedFoxLotto vil behandle dine gevinster for deg (gratis) ved \u00e5 h\u00e5ndtere det respektive lokale lotteriet.<\/p>\n<p>N\u00e5v\u00e6rende bel\u00f8p p\u00e5 de forskjellige jackpottene finner du til h\u00f8yre (eller under denne teksten, hvis du leser dette p\u00e5 mobiltelefonen din).<\/p>\n<h2>Hvordan fungerer Eurojackpot?<\/h2>\n<p><img loading=\"lazy\" decoding=\"async\" class=\"alignright wp-image-1158\" src=\"https:\/\/onlinelotto365.com\/wp-content\/uploads\/2020\/11\/online_lottery-98.jpg\" alt=\"spille eurojackpot online\" width=\"363\" height=\"272\" \/><\/p>\n<p>Dette lotteriet tilbys av flere europeiske land (Tyskland, Spania, Italia, Nederland, Estland, Finland, Danmark, Island, Kroatia, Ungarn, Latvia, Litauen, Norge, Polen, Sverige, Slovakia, Slovenia, Tsjekkia). Hvis du ikke bor eller bor i et av disse landene, kan du bare delta i Eurojackpotten ved \u00e5 bruke denne online billettjenesten.<\/p>\n<p>Jackpotten starter alltid p\u00e5 minst 10 millioner euro. Spilleren har et utvalg av 50 viktigste tall, som han kan velge 5. Det er ogs\u00e5 2 ekstra tall \u00e5 bli plukket (mellom 1 og 10). Jackpotten deles ut n\u00e5r en spiller har 5 + 2 riktige tall. Hvis jackpot overstiger bel\u00f8pet p\u00e5 90 millioner euro, s\u00e5 overskuddet er tatt over i andre klasse. Dette \u00f8ker s\u00e5 mye du kan vinne med 5 riktige viktigste tall og ett ekstra nummer. Den faktiske jackpotten p\u00e5 90 millioner euro forblir i spill til den faktisk er vunnet.<\/p>\n<p>I det siste, var det jackpot sprakk av en alenevinner mesteparten av tiden, har en deling av jackpot mellom flere spillere oppstod heller sjelden.<\/p>\n<p>Den matematiske sannsynligheten for \u00e5 vinne jackpot premien er 1:95 millioner &#8211; et stort antall, men de sjansene er fortsatt bedre enn de er for de store amerikanske lotterier som Powerball og Mega Millions.<\/p>\n<p>F\u00e5 en EuroJackpot billett n\u00e5 og delta i en av de st\u00f8rste lotterier i verden &#8211; kanskje den n\u00e5v\u00e6rende EuroJackpot venter p\u00e5 deg til \u00e5 vinne den!<\/p>\n","protected":false},"excerpt":{"rendered":"<p>Hvis, uansett grunn, kan du ikke kj\u00f8pe en billett til EuroJackpot i din lokale butikk, s\u00e5 har du fortsatt muligheten til \u00e5 spille for EuroJackpot online. Alt du trenger \u00e5 gj\u00f8re er \u00e5 klikke p\u00e5 denne linken for \u00e5 komme til RedFoxLotto nettstedet. RedFoxLotto er en nettbasert tjeneste som lar deg delta i over 20 [&hellip;]<\/p>\n","protected":false},"author":1,"featured_media":0,"parent":5028,"menu_order":4,"comment_status":"closed","ping_status":"closed","template":"eurojackpot.php","meta":{"_et_pb_use_builder":"","_et_pb_old_content":"","_et_gb_content_width":"","exclude_from_search":false,"footnotes":""},"class_list":["post-12155","page","type-page","status-publish","hentry"],"yoast_head":"<!-- This site is optimized with the Yoast SEO plugin v23.4 - https:\/\/yoast.com\/wordpress\/plugins\/seo\/ -->\n<title>Kan jeg delta i EuroJackpot online? | Eurojackpot online<\/title>\n<meta name=\"description\" content=\"N\u00e5 viser vi deg hvordan du kan delta online p\u00e5 Eurojackpot, fra hvor som helst i verden\" \/>\n<meta name=\"robots\" content=\"index, follow, max-snippet:-1, max-image-preview:large, max-video-preview:-1\" \/>\n<link rel=\"canonical\" href=\"https:\/\/onlinelotto365.com\/no\/spille\/eurojackpot\/\" \/>\n<meta property=\"og:locale\" content=\"nb_NO\" \/>\n<meta property=\"og:type\" content=\"article\" \/>\n<meta property=\"og:title\" content=\"Kan jeg delta i EuroJackpot online? | Eurojackpot online\" \/>\n<meta property=\"og:description\" content=\"N\u00e5 viser vi deg hvordan du kan delta online p\u00e5 Eurojackpot, fra hvor som helst i verden\" \/>\n<meta property=\"og:url\" content=\"https:\/\/onlinelotto365.com\/no\/spille\/eurojackpot\/\" \/>\n<meta property=\"og:site_name\" content=\"OnlineLotto365\" \/>\n<meta property=\"article:modified_time\" content=\"2021-03-04T16:25:53+00:00\" \/>\n<meta property=\"og:image\" content=\"https:\/\/redfoxlotto.com\/image?size=8&amp;lottery=eurojackpot\" \/>\n<meta name=\"twitter:card\" content=\"summary_large_image\" \/>\n<meta name=\"twitter:label1\" content=\"Ansl. lesetid\" \/>\n\t<meta name=\"twitter:data1\" content=\"3 minutter\" \/>\n<script type=\"application\/ld+json\" class=\"yoast-schema-graph\">{\"@context\":\"https:\/\/schema.org\",\"@graph\":[{\"@type\":\"WebPage\",\"@id\":\"https:\/\/onlinelotto365.com\/no\/spille\/eurojackpot\/\",\"url\":\"https:\/\/onlinelotto365.com\/no\/spille\/eurojackpot\/\",\"name\":\"Kan jeg delta i EuroJackpot online? | Eurojackpot online\",\"isPartOf\":{\"@id\":\"https:\/\/onlinelotto365.com\/no\/#website\"},\"primaryImageOfPage\":{\"@id\":\"https:\/\/onlinelotto365.com\/no\/spille\/eurojackpot\/#primaryimage\"},\"image\":{\"@id\":\"https:\/\/onlinelotto365.com\/no\/spille\/eurojackpot\/#primaryimage\"},\"thumbnailUrl\":\"https:\/\/redfoxlotto.com\/image?size=8&amp;lottery=eurojackpot\",\"datePublished\":\"2020-12-21T13:18:34+00:00\",\"dateModified\":\"2021-03-04T16:25:53+00:00\",\"description\":\"N\u00e5 viser vi deg hvordan du kan delta online p\u00e5 Eurojackpot, fra hvor som helst i verden\",\"breadcrumb\":{\"@id\":\"https:\/\/onlinelotto365.com\/no\/spille\/eurojackpot\/#breadcrumb\"},\"inLanguage\":\"nb-NO\",\"potentialAction\":[{\"@type\":\"ReadAction\",\"target\":[\"https:\/\/onlinelotto365.com\/no\/spille\/eurojackpot\/\"]}]},{\"@type\":\"ImageObject\",\"inLanguage\":\"nb-NO\",\"@id\":\"https:\/\/onlinelotto365.com\/no\/spille\/eurojackpot\/#primaryimage\",\"url\":\"https:\/\/redfoxlotto.com\/image?size=8&amp;lottery=eurojackpot\",\"contentUrl\":\"https:\/\/redfoxlotto.com\/image?size=8&amp;lottery=eurojackpot\"},{\"@type\":\"BreadcrumbList\",\"@id\":\"https:\/\/onlinelotto365.com\/no\/spille\/eurojackpot\/#breadcrumb\",\"itemListElement\":[{\"@type\":\"ListItem\",\"position\":1,\"name\":\"Home\",\"item\":\"https:\/\/onlinelotto365.com\/no\/\"},{\"@type\":\"ListItem\",\"position\":2,\"name\":\"Spill hvilket som helst internasjonal lotteri du vil, uansett hvor du bor\",\"item\":\"https:\/\/onlinelotto365.com\/no\/play\/\"},{\"@type\":\"ListItem\",\"position\":3,\"name\":\"Kan jeg delta i EuroJackpot online?\"}]},{\"@type\":\"WebSite\",\"@id\":\"https:\/\/onlinelotto365.com\/no\/#website\",\"url\":\"https:\/\/onlinelotto365.com\/no\/\",\"name\":\"OnlineLotto365\",\"description\":\"\",\"potentialAction\":[{\"@type\":\"SearchAction\",\"target\":{\"@type\":\"EntryPoint\",\"urlTemplate\":\"https:\/\/onlinelotto365.com\/no\/?s={search_term_string}\"},\"query-input\":{\"@type\":\"PropertyValueSpecification\",\"valueRequired\":true,\"valueName\":\"search_term_string\"}}],\"inLanguage\":\"nb-NO\"}]}<\/script>\n<!-- \/ Yoast SEO plugin. -->","yoast_head_json":{"title":"Kan jeg delta i EuroJackpot online? | Eurojackpot online","description":"N\u00e5 viser vi deg hvordan du kan delta online p\u00e5 Eurojackpot, fra hvor som helst i verden","robots":{"index":"index","follow":"follow","max-snippet":"max-snippet:-1","max-image-preview":"max-image-preview:large","max-video-preview":"max-video-preview:-1"},"canonical":"https:\/\/onlinelotto365.com\/no\/spille\/eurojackpot\/","og_locale":"nb_NO","og_type":"article","og_title":"Kan jeg delta i EuroJackpot online? | Eurojackpot online","og_description":"N\u00e5 viser vi deg hvordan du kan delta online p\u00e5 Eurojackpot, fra hvor som helst i verden","og_url":"https:\/\/onlinelotto365.com\/no\/spille\/eurojackpot\/","og_site_name":"OnlineLotto365","article_modified_time":"2021-03-04T16:25:53+00:00","og_image":[{"url":"https:\/\/redfoxlotto.com\/image?size=8&amp;lottery=eurojackpot"}],"twitter_card":"summary_large_image","twitter_misc":{"Ansl. lesetid":"3 minutter"},"schema":{"@context":"https:\/\/schema.org","@graph":[{"@type":"WebPage","@id":"https:\/\/onlinelotto365.com\/no\/spille\/eurojackpot\/","url":"https:\/\/onlinelotto365.com\/no\/spille\/eurojackpot\/","name":"Kan jeg delta i EuroJackpot online? | Eurojackpot online","isPartOf":{"@id":"https:\/\/onlinelotto365.com\/no\/#website"},"primaryImageOfPage":{"@id":"https:\/\/onlinelotto365.com\/no\/spille\/eurojackpot\/#primaryimage"},"image":{"@id":"https:\/\/onlinelotto365.com\/no\/spille\/eurojackpot\/#primaryimage"},"thumbnailUrl":"https:\/\/redfoxlotto.com\/image?size=8&amp;lottery=eurojackpot","datePublished":"2020-12-21T13:18:34+00:00","dateModified":"2021-03-04T16:25:53+00:00","description":"N\u00e5 viser vi deg hvordan du kan delta online p\u00e5 Eurojackpot, fra hvor som helst i verden","breadcrumb":{"@id":"https:\/\/onlinelotto365.com\/no\/spille\/eurojackpot\/#breadcrumb"},"inLanguage":"nb-NO","potentialAction":[{"@type":"ReadAction","target":["https:\/\/onlinelotto365.com\/no\/spille\/eurojackpot\/"]}]},{"@type":"ImageObject","inLanguage":"nb-NO","@id":"https:\/\/onlinelotto365.com\/no\/spille\/eurojackpot\/#primaryimage","url":"https:\/\/redfoxlotto.com\/image?size=8&amp;lottery=eurojackpot","contentUrl":"https:\/\/redfoxlotto.com\/image?size=8&amp;lottery=eurojackpot"},{"@type":"BreadcrumbList","@id":"https:\/\/onlinelotto365.com\/no\/spille\/eurojackpot\/#breadcrumb","itemListElement":[{"@type":"ListItem","position":1,"name":"Home","item":"https:\/\/onlinelotto365.com\/no\/"},{"@type":"ListItem","position":2,"name":"Spill hvilket som helst internasjonal lotteri du vil, uansett hvor du bor","item":"https:\/\/onlinelotto365.com\/no\/play\/"},{"@type":"ListItem","position":3,"name":"Kan jeg delta i EuroJackpot online?"}]},{"@type":"WebSite","@id":"https:\/\/onlinelotto365.com\/no\/#website","url":"https:\/\/onlinelotto365.com\/no\/","name":"OnlineLotto365","description":"","potentialAction":[{"@type":"SearchAction","target":{"@type":"EntryPoint","urlTemplate":"https:\/\/onlinelotto365.com\/no\/?s={search_term_string}"},"query-input":{"@type":"PropertyValueSpecification","valueRequired":true,"valueName":"search_term_string"}}],"inLanguage":"nb-NO"}]}},"_links":{"self":[{"href":"https:\/\/onlinelotto365.com\/no\/wp-json\/wp\/v2\/pages\/12155","targetHints":{"allow":["GET"]}}],"collection":[{"href":"https:\/\/onlinelotto365.com\/no\/wp-json\/wp\/v2\/pages"}],"about":[{"href":"https:\/\/onlinelotto365.com\/no\/wp-json\/wp\/v2\/types\/page"}],"author":[{"embeddable":true,"href":"https:\/\/onlinelotto365.com\/no\/wp-json\/wp\/v2\/users\/1"}],"replies":[{"embeddable":true,"href":"https:\/\/onlinelotto365.com\/no\/wp-json\/wp\/v2\/comments?post=12155"}],"version-history":[{"count":0,"href":"https:\/\/onlinelotto365.com\/no\/wp-json\/wp\/v2\/pages\/12155\/revisions"}],"up":[{"embeddable":true,"href":"https:\/\/onlinelotto365.com\/no\/wp-json\/wp\/v2\/pages\/5028"}],"wp:attachment":[{"href":"https:\/\/onlinelotto365.com\/no\/wp-json\/wp\/v2\/media?parent=12155"}],"curies":[{"name":"wp","href":"https:\/\/api.w.org\/{rel}","templated":true}]}}