{"id":12159,"date":"2020-12-21T14:20:51","date_gmt":"2020-12-21T13:20:51","guid":{"rendered":"http:\/\/onlinelotto365.net\/?page_id=12159"},"modified":"2021-03-04T17:22:16","modified_gmt":"2021-03-04T16:22:16","slug":"el-gordo","status":"publish","type":"page","link":"https:\/\/onlinelotto365.com\/no\/spille\/el-gordo\/","title":{"rendered":"Hvordan kan innbyggere i Norge delta i El Gordo?"},"content":{"rendered":"<h2>El Gordo Lotto Online<\/h2>\n<p>Hvis du bor i Spania s\u00e5 har jeg ikke fortelle deg hvor spennende El Gordo Lotto er. Men de fleste lotteri spillere ikke bor der, og de fleste har aldri h\u00f8rt om Spanias st\u00f8rste lotteri. Inntil nylig har det ikke spilte noen rolle i det hele tatt siden du ikke kunne spille det likevel som Spania var det eneste stedet du kan kj\u00f8pe billetter til det.<\/p>\n<p>Gjennom den magiske av internett, i disse dager, mer enn 150 000 spillere fra over 140 land liker \u00e5 spille El Gordo. Alt du trenger \u00e5 gj\u00f8re for \u00e5 kj\u00f8pe billetter n\u00e5 er \u00e5 vite hvor du kan kj\u00f8pe dem p\u00e5 nettet. Det er der vi er her for \u00e5 hjelpe deg.<\/p>\n<p>Det er en stor ny tjeneste kalt RedFoxLotto der du ikke bare kan kj\u00f8pe billetter til El Gordo Lotto p\u00e5 nettet fra Norge, kan du ogs\u00e5 kj\u00f8pe billetter online til alle verdens andre st\u00f8rste lotterier. De gj\u00f8r det utrolig enkelt for deg, og i l\u00f8pet av noen korte minutter kan du plukke opp s\u00e5 mange billetter som du \u00f8nsker til neste tegning, i tillegg til andre store lodd du vil.<\/p>\n<p>S\u00e5 gjennom denne elektroniske tjenesten, har spenningen av \u00e5 spille lotto vokst til episke proporsjoner. Ta hvor mye du nyte lotteriet n\u00e5 og multipliserer det med ti eller tjue ganger, og forestille seg hva som ville v\u00e6re. <a href=\"https:\/\/redfoxlotto.com\/?ref=A8564250A2\" target=\"_blank\" rel=\"noopener\">S\u00e5, bare registrere med RedFoxLotto her<\/a> og gj\u00f8r deg klar til \u00e5 gj\u00f8re alt skje.<\/p>\n<h2>Om El Gordo<\/h2>\n<ul>\n<li>Land: Spania<\/li>\n<li><span style=\"font-size: 16px;\"> Hovednummeromr\u00e5de: 54 <\/span><\/li>\n<li>Du velger: 5<\/li>\n<li>Ekstra tallomr\u00e5de: ingen<\/li>\n<li>Du velger: ingen<\/li>\n<li>Tegnedager, timer: s\u00f8ndag, 21.30 CET, 21.30 CET<\/li>\n<li>Minimum jackpot: \u20ac 4 millioner<\/li>\n<li>Jackpot maksimalt begrenset: ingen maksimum<\/li>\n<li>Sannsynligheten for \u00e5 vinne jackpotten: 1 p\u00e5 31.625.100<\/li>\n<li>Sannsynligheten for en seier i tier 2: 1 p\u00e5 3.513.900<\/li>\n<li>Sannsynligheten for \u00e5 vinne i et hvilket som helst niv\u00e5: 1 p\u00e5 6,16<\/li>\n<li>Spesielle begivenheter for El Gordo: Julespesial<\/li>\n<\/ul>\n<p><a href=\"https:\/\/redfoxlotto.com\/play\/el-gordo-primitiva\/?ref=a8564250a2&amp;medium=ol365\" target=\"_blank\" rel=\"noopener noreferrer\"><img decoding=\"async\" class=\"aligncenter\" src=\"https:\/\/redfoxlotto.com\/image?size=8&amp;lottery=el-gordo-primitiva\" alt=\"el gordo la primitiva\" \/><\/a><\/p>\n<h2>El Gordo betyr den store<\/h2>\n<p>El Gordo er jackpotter er alle store, som er noe som alle lotteri spillere absolutt elsker. Borte er de dagene der du m\u00e5tte vente en god stund, i h\u00e5p om at det jackpot p\u00e5 din favoritt lotteri ville vokse og vokse til den endelig fikk enorm nok til at folk falt over seg \u00e5 kj\u00f8pe billetter.<\/p>\n<p>N\u00e5 er det mange lotterier rundt om i verden som starter ut med enorme jackpotter og bare f\u00e5 mer og mer enorme. Dette lotteriet er definitivt en av disse. Som et eksempel p\u00e5 den tiden dette ble skrevet dagens jackpot er 23 millioner Euro.<\/p>\n<p>Og hvis du elsker store jackpotter som dette, som jeg er sikker p\u00e5 at vi alle gj\u00f8r, har RedFoxLotto mye mer for oss hvor det kom fra, med noen enda mye st\u00f8rre. Men det er ikke snakk om bare \u00e5 spille en, \u00f8nsker vi \u00e5 spille flere av disse minst, og El Gordo er absolutt en som er vel verdt \u00e5 spille.<\/p>\n<h2>Hvordan dette Lotto fungerer<\/h2>\n<p><img loading=\"lazy\" decoding=\"async\" class=\" wp-image-1829 alignright\" src=\"https:\/\/onlinelotto365.com\/wp-content\/uploads\/2020\/11\/online_lottery-163.jpg\" alt=\"el gordo spille online\" width=\"299\" height=\"216\" \/><\/p>\n<p>Det er totalt 9 forskjellige priskategorier med El Gordo. S\u00e5 selv om vi alle virkelig \u00f8nsker \u00e5 vinne jackpotter, det er sikkert fint n\u00e5r du vinner en premie p\u00e5 et bel\u00f8p, og Spanias mest popul\u00e6re lotteri gir deg en enda bedre mulighet til \u00e5 trekke dette av enn noen andre lotterier.<\/p>\n<p>Ogs\u00e5, i motsetning til noen land, er lotterivinster i Spania skattefrie. Du kan eller ikke kan ha \u00e5 erkl\u00e6re dine gevinster til myndighetene, avhengig av hvor du bor, men noen steder holde tilbake skatter med lotterigevinster selv om lotterigevinster kan v\u00e6re skattefritt i ditt land ,. Mens du kan gjenopprette pengene, er det en ulempe du ikke trenger \u00e5 bekymre deg for med El Gordo.<\/p>\n<p>Men selv i land som gj\u00f8r dette, n\u00e5r du treffer jackpot, de pengene som du f\u00e5r opp foran med eller uten skattetrekk vil sikkert tidevannet deg over i lang tid uansett, s\u00e5 dette burde egentlig ikke ang\u00e5r oss. Det burde heller ikke v\u00e6re \u00e5 reise til Spania for \u00e5 hente millioner. Du vil sannsynligvis gj\u00f8re mye mer p\u00e5 reise enn det, og du kan like godt starte din karriere som en jet setter med denne turen.<\/p>\n<h2>Hvorfor g\u00e5 glipp av El Gordo siden du ikke trenger n\u00e5<\/h2>\n<p>I mange \u00e5r har du hatt en god unnskyldning for \u00e5 ikke spille El Gordo Lotto hvis du ikke bor i Spania. Dette er heldigvis ikke lenger tilfelle skj\u00f8nt. Hvem vet hvor mye penger du kunne ha vunnet hvis du hadde v\u00e6rt \u00e5 spille denne og alle de andre st\u00f8rste lotterier i verden hele tiden?<\/p>\n<p>Vel du trenger \u00e5 lure p\u00e5 om dette ikke mer, s\u00e5 RedFoxLotto n\u00e5 bringer El Gordo rett hjem til deg, rett til der du sitter akkurat n\u00e5. Jeg vet at du elsker \u00e5 spille p\u00e5 lotteriet, eller du vil ikke lese dette. Hvorfor ikke unne deg et lodd akkurat n\u00e5? Mens du er i gang, hvorfor ikke du sjekke ut alt annet RedFoxLotto har \u00e5 tilby deg?<\/p>\n","protected":false},"excerpt":{"rendered":"<p>El Gordo Lotto Online Hvis du bor i Spania s\u00e5 har jeg ikke fortelle deg hvor spennende El Gordo Lotto er. Men de fleste lotteri spillere ikke bor der, og de fleste har aldri h\u00f8rt om Spanias st\u00f8rste lotteri. Inntil nylig har det ikke spilte noen rolle i det hele tatt siden du ikke kunne [&hellip;]<\/p>\n","protected":false},"author":1,"featured_media":0,"parent":5028,"menu_order":6,"comment_status":"closed","ping_status":"closed","template":"el-gordo.php","meta":{"_et_pb_use_builder":"","_et_pb_old_content":"","_et_gb_content_width":"","exclude_from_search":false,"footnotes":""},"class_list":["post-12159","page","type-page","status-publish","hentry"],"yoast_head":"<!-- This site is optimized with the Yoast SEO plugin v23.4 - https:\/\/yoast.com\/wordpress\/plugins\/seo\/ -->\n<title>Spill El Gordo online fra Norge | Kan jeg delta i El Gordo hvis jeg bor i Norge<\/title>\n<meta name=\"description\" content=\"Spill El Gordo Lotto her - Spanias st\u00f8rste lotteri, tilgjengelig online fra Norge\" \/>\n<meta name=\"robots\" content=\"index, follow, max-snippet:-1, max-image-preview:large, max-video-preview:-1\" \/>\n<link rel=\"canonical\" href=\"https:\/\/onlinelotto365.com\/no\/spille\/el-gordo\/\" \/>\n<meta property=\"og:locale\" content=\"nb_NO\" \/>\n<meta property=\"og:type\" content=\"article\" \/>\n<meta property=\"og:title\" content=\"Spill El Gordo online fra Norge | Kan jeg delta i El Gordo hvis jeg bor i Norge\" \/>\n<meta property=\"og:description\" content=\"Spill El Gordo Lotto her - Spanias st\u00f8rste lotteri, tilgjengelig online fra Norge\" \/>\n<meta property=\"og:url\" content=\"https:\/\/onlinelotto365.com\/no\/spille\/el-gordo\/\" \/>\n<meta property=\"og:site_name\" content=\"OnlineLotto365\" \/>\n<meta property=\"article:modified_time\" content=\"2021-03-04T16:22:16+00:00\" \/>\n<meta property=\"og:image\" content=\"https:\/\/redfoxlotto.com\/image?size=8&amp;lottery=el-gordo-primitiva\" \/>\n<meta name=\"twitter:card\" content=\"summary_large_image\" \/>\n<meta name=\"twitter:label1\" content=\"Ansl. lesetid\" \/>\n\t<meta name=\"twitter:data1\" content=\"4 minutter\" \/>\n<script type=\"application\/ld+json\" class=\"yoast-schema-graph\">{\"@context\":\"https:\/\/schema.org\",\"@graph\":[{\"@type\":\"WebPage\",\"@id\":\"https:\/\/onlinelotto365.com\/no\/spille\/el-gordo\/\",\"url\":\"https:\/\/onlinelotto365.com\/no\/spille\/el-gordo\/\",\"name\":\"Spill El Gordo online fra Norge | Kan jeg delta i El Gordo hvis jeg bor i Norge\",\"isPartOf\":{\"@id\":\"https:\/\/onlinelotto365.com\/no\/#website\"},\"primaryImageOfPage\":{\"@id\":\"https:\/\/onlinelotto365.com\/no\/spille\/el-gordo\/#primaryimage\"},\"image\":{\"@id\":\"https:\/\/onlinelotto365.com\/no\/spille\/el-gordo\/#primaryimage\"},\"thumbnailUrl\":\"https:\/\/redfoxlotto.com\/image?size=8&amp;lottery=el-gordo-primitiva\",\"datePublished\":\"2020-12-21T13:20:51+00:00\",\"dateModified\":\"2021-03-04T16:22:16+00:00\",\"description\":\"Spill El Gordo Lotto her - Spanias st\u00f8rste lotteri, tilgjengelig online fra Norge\",\"breadcrumb\":{\"@id\":\"https:\/\/onlinelotto365.com\/no\/spille\/el-gordo\/#breadcrumb\"},\"inLanguage\":\"nb-NO\",\"potentialAction\":[{\"@type\":\"ReadAction\",\"target\":[\"https:\/\/onlinelotto365.com\/no\/spille\/el-gordo\/\"]}]},{\"@type\":\"ImageObject\",\"inLanguage\":\"nb-NO\",\"@id\":\"https:\/\/onlinelotto365.com\/no\/spille\/el-gordo\/#primaryimage\",\"url\":\"https:\/\/redfoxlotto.com\/image?size=8&amp;lottery=el-gordo-primitiva\",\"contentUrl\":\"https:\/\/redfoxlotto.com\/image?size=8&amp;lottery=el-gordo-primitiva\"},{\"@type\":\"BreadcrumbList\",\"@id\":\"https:\/\/onlinelotto365.com\/no\/spille\/el-gordo\/#breadcrumb\",\"itemListElement\":[{\"@type\":\"ListItem\",\"position\":1,\"name\":\"Home\",\"item\":\"https:\/\/onlinelotto365.com\/no\/\"},{\"@type\":\"ListItem\",\"position\":2,\"name\":\"Spill hvilket som helst internasjonal lotteri du vil, uansett hvor du bor\",\"item\":\"https:\/\/onlinelotto365.com\/no\/play\/\"},{\"@type\":\"ListItem\",\"position\":3,\"name\":\"Hvordan kan innbyggere i Norge delta i El Gordo?\"}]},{\"@type\":\"WebSite\",\"@id\":\"https:\/\/onlinelotto365.com\/no\/#website\",\"url\":\"https:\/\/onlinelotto365.com\/no\/\",\"name\":\"OnlineLotto365\",\"description\":\"\",\"potentialAction\":[{\"@type\":\"SearchAction\",\"target\":{\"@type\":\"EntryPoint\",\"urlTemplate\":\"https:\/\/onlinelotto365.com\/no\/?s={search_term_string}\"},\"query-input\":{\"@type\":\"PropertyValueSpecification\",\"valueRequired\":true,\"valueName\":\"search_term_string\"}}],\"inLanguage\":\"nb-NO\"}]}<\/script>\n<!-- \/ Yoast SEO plugin. -->","yoast_head_json":{"title":"Spill El Gordo online fra Norge | Kan jeg delta i El Gordo hvis jeg bor i Norge","description":"Spill El Gordo Lotto her - Spanias st\u00f8rste lotteri, tilgjengelig online fra Norge","robots":{"index":"index","follow":"follow","max-snippet":"max-snippet:-1","max-image-preview":"max-image-preview:large","max-video-preview":"max-video-preview:-1"},"canonical":"https:\/\/onlinelotto365.com\/no\/spille\/el-gordo\/","og_locale":"nb_NO","og_type":"article","og_title":"Spill El Gordo online fra Norge | Kan jeg delta i El Gordo hvis jeg bor i Norge","og_description":"Spill El Gordo Lotto her - Spanias st\u00f8rste lotteri, tilgjengelig online fra Norge","og_url":"https:\/\/onlinelotto365.com\/no\/spille\/el-gordo\/","og_site_name":"OnlineLotto365","article_modified_time":"2021-03-04T16:22:16+00:00","og_image":[{"url":"https:\/\/redfoxlotto.com\/image?size=8&amp;lottery=el-gordo-primitiva"}],"twitter_card":"summary_large_image","twitter_misc":{"Ansl. lesetid":"4 minutter"},"schema":{"@context":"https:\/\/schema.org","@graph":[{"@type":"WebPage","@id":"https:\/\/onlinelotto365.com\/no\/spille\/el-gordo\/","url":"https:\/\/onlinelotto365.com\/no\/spille\/el-gordo\/","name":"Spill El Gordo online fra Norge | Kan jeg delta i El Gordo hvis jeg bor i Norge","isPartOf":{"@id":"https:\/\/onlinelotto365.com\/no\/#website"},"primaryImageOfPage":{"@id":"https:\/\/onlinelotto365.com\/no\/spille\/el-gordo\/#primaryimage"},"image":{"@id":"https:\/\/onlinelotto365.com\/no\/spille\/el-gordo\/#primaryimage"},"thumbnailUrl":"https:\/\/redfoxlotto.com\/image?size=8&amp;lottery=el-gordo-primitiva","datePublished":"2020-12-21T13:20:51+00:00","dateModified":"2021-03-04T16:22:16+00:00","description":"Spill El Gordo Lotto her - Spanias st\u00f8rste lotteri, tilgjengelig online fra Norge","breadcrumb":{"@id":"https:\/\/onlinelotto365.com\/no\/spille\/el-gordo\/#breadcrumb"},"inLanguage":"nb-NO","potentialAction":[{"@type":"ReadAction","target":["https:\/\/onlinelotto365.com\/no\/spille\/el-gordo\/"]}]},{"@type":"ImageObject","inLanguage":"nb-NO","@id":"https:\/\/onlinelotto365.com\/no\/spille\/el-gordo\/#primaryimage","url":"https:\/\/redfoxlotto.com\/image?size=8&amp;lottery=el-gordo-primitiva","contentUrl":"https:\/\/redfoxlotto.com\/image?size=8&amp;lottery=el-gordo-primitiva"},{"@type":"BreadcrumbList","@id":"https:\/\/onlinelotto365.com\/no\/spille\/el-gordo\/#breadcrumb","itemListElement":[{"@type":"ListItem","position":1,"name":"Home","item":"https:\/\/onlinelotto365.com\/no\/"},{"@type":"ListItem","position":2,"name":"Spill hvilket som helst internasjonal lotteri du vil, uansett hvor du bor","item":"https:\/\/onlinelotto365.com\/no\/play\/"},{"@type":"ListItem","position":3,"name":"Hvordan kan innbyggere i Norge delta i El Gordo?"}]},{"@type":"WebSite","@id":"https:\/\/onlinelotto365.com\/no\/#website","url":"https:\/\/onlinelotto365.com\/no\/","name":"OnlineLotto365","description":"","potentialAction":[{"@type":"SearchAction","target":{"@type":"EntryPoint","urlTemplate":"https:\/\/onlinelotto365.com\/no\/?s={search_term_string}"},"query-input":{"@type":"PropertyValueSpecification","valueRequired":true,"valueName":"search_term_string"}}],"inLanguage":"nb-NO"}]}},"_links":{"self":[{"href":"https:\/\/onlinelotto365.com\/no\/wp-json\/wp\/v2\/pages\/12159","targetHints":{"allow":["GET"]}}],"collection":[{"href":"https:\/\/onlinelotto365.com\/no\/wp-json\/wp\/v2\/pages"}],"about":[{"href":"https:\/\/onlinelotto365.com\/no\/wp-json\/wp\/v2\/types\/page"}],"author":[{"embeddable":true,"href":"https:\/\/onlinelotto365.com\/no\/wp-json\/wp\/v2\/users\/1"}],"replies":[{"embeddable":true,"href":"https:\/\/onlinelotto365.com\/no\/wp-json\/wp\/v2\/comments?post=12159"}],"version-history":[{"count":0,"href":"https:\/\/onlinelotto365.com\/no\/wp-json\/wp\/v2\/pages\/12159\/revisions"}],"up":[{"embeddable":true,"href":"https:\/\/onlinelotto365.com\/no\/wp-json\/wp\/v2\/pages\/5028"}],"wp:attachment":[{"href":"https:\/\/onlinelotto365.com\/no\/wp-json\/wp\/v2\/media?parent=12159"}],"curies":[{"name":"wp","href":"https:\/\/api.w.org\/{rel}","templated":true}]}}