{"id":12181,"date":"2020-12-21T14:33:49","date_gmt":"2020-12-21T13:33:49","guid":{"rendered":"http:\/\/onlinelotto365.net\/?page_id=12181"},"modified":"2021-03-07T12:01:33","modified_gmt":"2021-03-07T11:01:33","slug":"powerball","status":"publish","type":"page","link":"https:\/\/onlinelotto365.com\/no\/kjope-billetter\/powerball\/","title":{"rendered":"Kuponger for Powerball lottereriet over hele verden"},"content":{"rendered":"<h2>Powerball Lotteriet Er USA&#8217;s St\u00f8rste Lotteri<\/h2>\n<p>Powerball Lotto tilbys av lotteri forhandlere i 41 ulike stater i USA. Med et s\u00e5 stort befolkningsgrunnlag for \u00e5 trekke p\u00e5, og med tanke p\u00e5 hvor popul\u00e6re lotterier er i USA, er det ikke rart at dette lotteriet er s\u00e5 stort, med slike store premier.<\/p>\n<p>Dette lotteriet er s\u00e5 stor at andre premien er en million dollar, med flere folk som vanligvis vinner under hver trekning, som finner sted to ganger i uken. Men bare \u00e5 vinne en million dollar er ikke grunnen til at folk flest spiller det, de dr\u00f8mmer mye st\u00f8rre enn det.<\/p>\n<p>Uansett hvor store dr\u00f8mmene dine er har Powerball Lotto makt til \u00e5 tilfredsstille dem alle, og litt til. Med jackpotter regelmessig oppe i titalls og hundrevis av millioner av dollar, er dette definitivt det du vil kalle en gigantisk sum penger som kan vinnes.<\/p>\n<p><a href=\"https:\/\/redfoxlotto.com\/play\/powerball\/?ref=a8564250a2&amp;medium=ol365\" target=\"_blank\" rel=\"noopener noreferrer\"><img loading=\"lazy\" decoding=\"async\" class=\"aligncenter\" src=\"https:\/\/redfoxlotto.com\/image?size=8&amp;lottery=powerball\" alt=\"powerball\" width=\"793\" height=\"98\" \/><\/a><\/p>\n<h2>Powerball Jackpotten Er Alltid Stor<\/h2>\n<p>Jackpotter for Powerball Lotto startet historisk sett p\u00e5 20 millioner dollar, og selv om dette definitivt er en veldig fin del av endringen, nylig har de trappet opp minimum til en enda mer spennende sum, 40 millioner dollar. S\u00e5 selv f\u00f8r ting blir bygget opp til noen spr\u00f8 tall, som ofte er tilfellet med dette mega lotteri, er den laveste jackpotten allerede den typen sum som vi \u00f8nsker \u00e5 stille opp for.<\/p>\n<p>Hver gang det er ikke en jackpot vinner, vokser jackpotten, ofte til hundre millioner, to hundre millioner, og selv tre hundre millioner til tider. Jeg tror at de fleste av oss vil v\u00e6re enige i at selv den minste, p\u00e5 40 millioner dollar ville v\u00e6re nok for oss til \u00e5 leve ut alle v\u00e5re fantasier, men n\u00e5r det kommer til lotterier, jo st\u00f8rre, jo bedre. S\u00e5 hvis du er som folk flest og elsker st\u00f8rre, er dette definitivt for deg.<\/p>\n<h2>Mer informasjon om Powerball<\/h2>\n<p><img loading=\"lazy\" decoding=\"async\" class=\"size-medium wp-image-1356 alignright\" src=\"https:\/\/onlinelotto365.com\/wp-content\/uploads\/2020\/11\/online_lottery-117-300x217.jpg\" alt=\"kj\u00f8pe powerball online\" width=\"300\" height=\"217\" \/><\/p>\n<ul>\n<li>Lotteri holdes der: USA<\/li>\n<li>Hvor mange hovedtall \u00e5 velge mellom: 69<\/li>\n<li>Du m\u00e5 velge: 5<\/li>\n<li>Hvor mange ekstra tall \u00e5 velge mellom: 26<\/li>\n<li>Du m\u00e5 velge: 1<\/li>\n<li>Tegnedager, timer: onsdag, l\u00f8rdag, 21:00 EST, + 1 dag 3:00 CET<\/li>\n<li>Minimum jackpot: $ 40 millioner<\/li>\n<li>Maksimum jackpotbel\u00f8p: ingen<\/li>\n<li>Mulig tallkombinasjon for en jackpotgevinst: 1 p\u00e5 175.223.510<\/li>\n<li>Mulig tallkombinasjon for en seier i niv\u00e5 2: 1 p\u00e5 5.006.386<\/li>\n<li> Sannsynligheten for \u00e5 vinne  i et hvilket som helst niv\u00e5: 1 av 24,87<\/li>\n<li>Hvor mange premieniv\u00e5er: 9<\/li>\n<\/ul>\n<h2>Hvordan Det Er \u00c5 Spille Powerball, Og Prisene Som Tilbys<\/h2>\n<p>For \u00e5 spille Powerball lotteri, velger spillerne f\u00f8rst ut 5 tall blant 59 hvite baller, og deretter velger de en r\u00f8d Powerball blant 35 baller. Du kan velge dine egne tall eller la maskinen plukke dem for deg. Hvis du kan matche minst 3 av de 5 hvite ballene eller matche den r\u00f8de Powerballen, vinner du en premie.<\/p>\n<p>Matching Powerball , eller ett matchende nummer pluss Powerball, gir deg en premie p\u00e5 $ 4 millioner. 2 tall pluss Powerball eller tre tall uten Powerball gir deg en premie p\u00e5 $ 7 millioner. 3 numre pluss Powerball eller fire tall uten Powerball gir 100 kr. 4 tall pluss Powerball er verdt $ 10.000. 5 tall og ingen Powerball er verdt $ 1,000,000. Hvis du f\u00e5r alle 5 tall pluss Powerball, har du truffet jackpot!<br \/>\nN\u00e5r du spiller Powerball online, kan du selv la datamaskinen generere vinnende tall for deg!<\/p>\n<h2>RedFoxLotto Bringer PowerballLotteri Gleden Hjem Til Din Husstand<\/h2>\n<p>N\u00e5 trenger du ikke og leve i en av USAs 50 stater for \u00e5 delta i dette storslagne lotteriet. RedFoxLotto har n\u00e5 brakt Powerball Lotto og alle de andre store lotterier i verden rett til din datamaskin. N\u00e5 kan du kj\u00f8pe s\u00e5 mange kuponger online for Powerball som du vil, til dette og alle de andre store lotteriene i hele verden, online.<\/p>\n<p>RedFoxLotto tar vare p\u00e5 deg hvert steg p\u00e5 veien, alt du trenger \u00e5 gj\u00f8re er \u00e5 sette opp en gratis brukerkonto, gj\u00f8re valgene, velge en av deres mange praktiske betalingsm\u00e5ter, og de gj\u00f8r alt det andre for deg.<\/p>\n<p>RedFoxLotto har virkelig brakt lotterispill inn i det 21. \u00e5rhundre ved \u00e5 tilby en kupongservice for Powerball p\u00e5 nett, og dette er det st\u00f8rste som har hendt med lotterier siden billettene f\u00f8rst kom i salg. Hvis du ikke tar nytte av denne tjenesten, g\u00e5r du virkelig glipp av all gleden lotterier tilbyr.<\/p>\n<p>S\u00e5 det er ingen grunn til \u00e5 vente lenger med \u00e5 oppleve gleden i det lotteriet du velger, n\u00e5r som helst, hvor som helst.<\/p>\n<p><a href=\"https:\/\/redfoxlotto.com\/?ref=A8564250A2\" target=\"_blank\" rel=\"noopener\"><strong><span style=\"text-decoration: underline;\">Klik Her For \u00c5 Bes\u00f8ke RedFoxLotto Hjemmeside For \u00c5 Spille Powerball Og Andre Lotterier<\/span><\/strong><\/a><\/p>\n<h2>Ta Pengene N\u00e5 Eller F\u00e5 En Mannsalder Med Utbetalinger<\/h2>\n<p><img loading=\"lazy\" decoding=\"async\" class=\"size-medium wp-image-1521 alignright\" src=\"https:\/\/onlinelotto365.com\/wp-content\/uploads\/2020\/11\/online_lottery-133-300x212.jpg\" alt=\"powerball usa\" width=\"300\" height=\"212\" \/><\/p>\n<p>Powerball tilbyr jackpotvinnere to m\u00e5ter \u00e5 f\u00e5 utbetalt sine gevinster. Du kan enten ta et engangsbel\u00f8p n\u00e5, eller du kan g\u00e5 for mye mer penger ved \u00e5 motta den i 30 \u00e5rlige avdrag. Hver termin er uteksaminert \u00e5 justere for inflasjon, noe som betyr at din enorme betaling i \u00e5r 1 vil fortsette \u00e5 holde sin verdi i \u00e5rene som kommer.<\/p>\n<p>Gitt at disse \u00e5rlige utbetalingene veldig ofte er i overkant av \u00e9n million dollar, og utbetalingene framover vil v\u00e6re s\u00e5 store eller st\u00f8rre etter at inflasjon blir gjort rede for, er dette et veldig fint alternativ. Snakk om \u00e5 bli satt for livet! Mange vinnere velge kontanter alternativet er at du kan g\u00e5 av og investere det selv p\u00e5 den m\u00e5ten, eller gj\u00f8re hva du vil med den.<\/p>\n<p>Hvis du vinner, m\u00e5 du bestemme hvilken betalingsm\u00e5te du \u00f8nsker \u00e5 g\u00e5 med, men en ting er sikkert, dette bil v\u00e6re den klart mest behagelige avgj\u00f8relsen du noen gang vil gj\u00f8re i livet ditt. De gir deg 60 dager \u00e5 velge p\u00e5, noe som vil gi deg god tid til \u00e5 f\u00e5 det beste faglige r\u00e5d der ute, samt masse til til \u00e5 tenke, og dr\u00f8mme om hva du vil gj\u00f8re med alle disse pengene.<\/p>\n","protected":false},"excerpt":{"rendered":"<p>Powerball Lotteriet Er USA&#8217;s St\u00f8rste Lotteri Powerball Lotto tilbys av lotteri forhandlere i 41 ulike stater i USA. Med et s\u00e5 stort befolkningsgrunnlag for \u00e5 trekke p\u00e5, og med tanke p\u00e5 hvor popul\u00e6re lotterier er i USA, er det ikke rart at dette lotteriet er s\u00e5 stort, med slike store premier. Dette lotteriet er s\u00e5 [&hellip;]<\/p>\n","protected":false},"author":1,"featured_media":0,"parent":5668,"menu_order":0,"comment_status":"closed","ping_status":"closed","template":"powerball-usa-info.php","meta":{"_et_pb_use_builder":"","_et_pb_old_content":"","_et_gb_content_width":"","exclude_from_search":false,"footnotes":""},"class_list":["post-12181","page","type-page","status-publish","hentry"],"yoast_head":"<!-- This site is optimized with the Yoast SEO plugin v23.4 - https:\/\/yoast.com\/wordpress\/plugins\/seo\/ -->\n<title>Mega Millions Lotteri Online | F\u00e5 En Billett for Mega Millions n\u00e5<\/title>\n<meta name=\"description\" content=\"\u00c5 kj\u00f8pe billetter til det ber\u00f8mte Powerball-lotteriet er n\u00e5 enkelt, f\u00e5 dem online fra Norge og andre steder\" \/>\n<meta name=\"robots\" content=\"index, follow, max-snippet:-1, max-image-preview:large, max-video-preview:-1\" \/>\n<link rel=\"canonical\" href=\"https:\/\/onlinelotto365.com\/no\/kjope-billetter\/powerball\/\" \/>\n<meta property=\"og:locale\" content=\"nb_NO\" \/>\n<meta property=\"og:type\" content=\"article\" \/>\n<meta property=\"og:title\" content=\"Mega Millions Lotteri Online | F\u00e5 En Billett for Mega Millions n\u00e5\" \/>\n<meta property=\"og:description\" content=\"\u00c5 kj\u00f8pe billetter til det ber\u00f8mte Powerball-lotteriet er n\u00e5 enkelt, f\u00e5 dem online fra Norge og andre steder\" \/>\n<meta property=\"og:url\" content=\"https:\/\/onlinelotto365.com\/no\/kjope-billetter\/powerball\/\" \/>\n<meta property=\"og:site_name\" content=\"OnlineLotto365\" \/>\n<meta property=\"article:modified_time\" content=\"2021-03-07T11:01:33+00:00\" \/>\n<meta property=\"og:image\" content=\"https:\/\/redfoxlotto.com\/image?size=8&amp;lottery=powerball\" \/>\n<meta name=\"twitter:card\" content=\"summary_large_image\" \/>\n<meta name=\"twitter:label1\" content=\"Ansl. lesetid\" \/>\n\t<meta name=\"twitter:data1\" content=\"5 minutter\" \/>\n<script type=\"application\/ld+json\" class=\"yoast-schema-graph\">{\"@context\":\"https:\/\/schema.org\",\"@graph\":[{\"@type\":\"WebPage\",\"@id\":\"https:\/\/onlinelotto365.com\/no\/kjope-billetter\/powerball\/\",\"url\":\"https:\/\/onlinelotto365.com\/no\/kjope-billetter\/powerball\/\",\"name\":\"Mega Millions Lotteri Online | F\u00e5 En Billett for Mega Millions n\u00e5\",\"isPartOf\":{\"@id\":\"https:\/\/onlinelotto365.com\/no\/#website\"},\"primaryImageOfPage\":{\"@id\":\"https:\/\/onlinelotto365.com\/no\/kjope-billetter\/powerball\/#primaryimage\"},\"image\":{\"@id\":\"https:\/\/onlinelotto365.com\/no\/kjope-billetter\/powerball\/#primaryimage\"},\"thumbnailUrl\":\"https:\/\/redfoxlotto.com\/image?size=8&amp;lottery=powerball\",\"datePublished\":\"2020-12-21T13:33:49+00:00\",\"dateModified\":\"2021-03-07T11:01:33+00:00\",\"description\":\"\u00c5 kj\u00f8pe billetter til det ber\u00f8mte Powerball-lotteriet er n\u00e5 enkelt, f\u00e5 dem online fra Norge og andre steder\",\"breadcrumb\":{\"@id\":\"https:\/\/onlinelotto365.com\/no\/kjope-billetter\/powerball\/#breadcrumb\"},\"inLanguage\":\"nb-NO\",\"potentialAction\":[{\"@type\":\"ReadAction\",\"target\":[\"https:\/\/onlinelotto365.com\/no\/kjope-billetter\/powerball\/\"]}]},{\"@type\":\"ImageObject\",\"inLanguage\":\"nb-NO\",\"@id\":\"https:\/\/onlinelotto365.com\/no\/kjope-billetter\/powerball\/#primaryimage\",\"url\":\"https:\/\/redfoxlotto.com\/image?size=8&amp;lottery=powerball\",\"contentUrl\":\"https:\/\/redfoxlotto.com\/image?size=8&amp;lottery=powerball\"},{\"@type\":\"BreadcrumbList\",\"@id\":\"https:\/\/onlinelotto365.com\/no\/kjope-billetter\/powerball\/#breadcrumb\",\"itemListElement\":[{\"@type\":\"ListItem\",\"position\":1,\"name\":\"Home\",\"item\":\"https:\/\/onlinelotto365.com\/no\/\"},{\"@type\":\"ListItem\",\"position\":2,\"name\":\"Hvorfor det er mer fornuftig \u00e5 kj\u00f8pe lodd p\u00e5 nettet\",\"item\":\"https:\/\/onlinelotto365.com\/no\/kjope-billetter\/\"},{\"@type\":\"ListItem\",\"position\":3,\"name\":\"Kuponger for Powerball lottereriet over hele verden\"}]},{\"@type\":\"WebSite\",\"@id\":\"https:\/\/onlinelotto365.com\/no\/#website\",\"url\":\"https:\/\/onlinelotto365.com\/no\/\",\"name\":\"OnlineLotto365\",\"description\":\"\",\"potentialAction\":[{\"@type\":\"SearchAction\",\"target\":{\"@type\":\"EntryPoint\",\"urlTemplate\":\"https:\/\/onlinelotto365.com\/no\/?s={search_term_string}\"},\"query-input\":{\"@type\":\"PropertyValueSpecification\",\"valueRequired\":true,\"valueName\":\"search_term_string\"}}],\"inLanguage\":\"nb-NO\"}]}<\/script>\n<!-- \/ Yoast SEO plugin. -->","yoast_head_json":{"title":"Mega Millions Lotteri Online | F\u00e5 En Billett for Mega Millions n\u00e5","description":"\u00c5 kj\u00f8pe billetter til det ber\u00f8mte Powerball-lotteriet er n\u00e5 enkelt, f\u00e5 dem online fra Norge og andre steder","robots":{"index":"index","follow":"follow","max-snippet":"max-snippet:-1","max-image-preview":"max-image-preview:large","max-video-preview":"max-video-preview:-1"},"canonical":"https:\/\/onlinelotto365.com\/no\/kjope-billetter\/powerball\/","og_locale":"nb_NO","og_type":"article","og_title":"Mega Millions Lotteri Online | F\u00e5 En Billett for Mega Millions n\u00e5","og_description":"\u00c5 kj\u00f8pe billetter til det ber\u00f8mte Powerball-lotteriet er n\u00e5 enkelt, f\u00e5 dem online fra Norge og andre steder","og_url":"https:\/\/onlinelotto365.com\/no\/kjope-billetter\/powerball\/","og_site_name":"OnlineLotto365","article_modified_time":"2021-03-07T11:01:33+00:00","og_image":[{"url":"https:\/\/redfoxlotto.com\/image?size=8&amp;lottery=powerball"}],"twitter_card":"summary_large_image","twitter_misc":{"Ansl. lesetid":"5 minutter"},"schema":{"@context":"https:\/\/schema.org","@graph":[{"@type":"WebPage","@id":"https:\/\/onlinelotto365.com\/no\/kjope-billetter\/powerball\/","url":"https:\/\/onlinelotto365.com\/no\/kjope-billetter\/powerball\/","name":"Mega Millions Lotteri Online | F\u00e5 En Billett for Mega Millions n\u00e5","isPartOf":{"@id":"https:\/\/onlinelotto365.com\/no\/#website"},"primaryImageOfPage":{"@id":"https:\/\/onlinelotto365.com\/no\/kjope-billetter\/powerball\/#primaryimage"},"image":{"@id":"https:\/\/onlinelotto365.com\/no\/kjope-billetter\/powerball\/#primaryimage"},"thumbnailUrl":"https:\/\/redfoxlotto.com\/image?size=8&amp;lottery=powerball","datePublished":"2020-12-21T13:33:49+00:00","dateModified":"2021-03-07T11:01:33+00:00","description":"\u00c5 kj\u00f8pe billetter til det ber\u00f8mte Powerball-lotteriet er n\u00e5 enkelt, f\u00e5 dem online fra Norge og andre steder","breadcrumb":{"@id":"https:\/\/onlinelotto365.com\/no\/kjope-billetter\/powerball\/#breadcrumb"},"inLanguage":"nb-NO","potentialAction":[{"@type":"ReadAction","target":["https:\/\/onlinelotto365.com\/no\/kjope-billetter\/powerball\/"]}]},{"@type":"ImageObject","inLanguage":"nb-NO","@id":"https:\/\/onlinelotto365.com\/no\/kjope-billetter\/powerball\/#primaryimage","url":"https:\/\/redfoxlotto.com\/image?size=8&amp;lottery=powerball","contentUrl":"https:\/\/redfoxlotto.com\/image?size=8&amp;lottery=powerball"},{"@type":"BreadcrumbList","@id":"https:\/\/onlinelotto365.com\/no\/kjope-billetter\/powerball\/#breadcrumb","itemListElement":[{"@type":"ListItem","position":1,"name":"Home","item":"https:\/\/onlinelotto365.com\/no\/"},{"@type":"ListItem","position":2,"name":"Hvorfor det er mer fornuftig \u00e5 kj\u00f8pe lodd p\u00e5 nettet","item":"https:\/\/onlinelotto365.com\/no\/kjope-billetter\/"},{"@type":"ListItem","position":3,"name":"Kuponger for Powerball lottereriet over hele verden"}]},{"@type":"WebSite","@id":"https:\/\/onlinelotto365.com\/no\/#website","url":"https:\/\/onlinelotto365.com\/no\/","name":"OnlineLotto365","description":"","potentialAction":[{"@type":"SearchAction","target":{"@type":"EntryPoint","urlTemplate":"https:\/\/onlinelotto365.com\/no\/?s={search_term_string}"},"query-input":{"@type":"PropertyValueSpecification","valueRequired":true,"valueName":"search_term_string"}}],"inLanguage":"nb-NO"}]}},"_links":{"self":[{"href":"https:\/\/onlinelotto365.com\/no\/wp-json\/wp\/v2\/pages\/12181","targetHints":{"allow":["GET"]}}],"collection":[{"href":"https:\/\/onlinelotto365.com\/no\/wp-json\/wp\/v2\/pages"}],"about":[{"href":"https:\/\/onlinelotto365.com\/no\/wp-json\/wp\/v2\/types\/page"}],"author":[{"embeddable":true,"href":"https:\/\/onlinelotto365.com\/no\/wp-json\/wp\/v2\/users\/1"}],"replies":[{"embeddable":true,"href":"https:\/\/onlinelotto365.com\/no\/wp-json\/wp\/v2\/comments?post=12181"}],"version-history":[{"count":0,"href":"https:\/\/onlinelotto365.com\/no\/wp-json\/wp\/v2\/pages\/12181\/revisions"}],"up":[{"embeddable":true,"href":"https:\/\/onlinelotto365.com\/no\/wp-json\/wp\/v2\/pages\/5668"}],"wp:attachment":[{"href":"https:\/\/onlinelotto365.com\/no\/wp-json\/wp\/v2\/media?parent=12181"}],"curies":[{"name":"wp","href":"https:\/\/api.w.org\/{rel}","templated":true}]}}