{"id":12183,"date":"2020-12-21T14:35:15","date_gmt":"2020-12-21T13:35:15","guid":{"rendered":"http:\/\/onlinelotto365.net\/?page_id=12183"},"modified":"2021-03-04T16:43:03","modified_gmt":"2021-03-04T15:43:03","slug":"mega-millions","status":"publish","type":"page","link":"https:\/\/onlinelotto365.com\/no\/kjope-billetter\/mega-millions\/","title":{"rendered":"F\u00e5 En Billett for Mega Millions n\u00e5"},"content":{"rendered":"<h2>Navnet Mega Millions Har En Mening<\/h2>\n<p>MegaMillioner startet kanskje med en mindre sum penger en sitt tvillingselskap U.S. lottery Powerball, men jackpoten kan fortsatt n\u00e5 uante h\u00f8yder, den kan enkelt konkurrere med andre amerikanske lotterier.<\/p>\n<p>Mega Millions holder rekorden for den st\u00f8rste jackpot noen sinne i USA. I mars 2012 vant tre ekstremt heldige finalisteren en delt jackpot p\u00e5 hele 656 millioner dollar. Mega Millions har utbetalt de tre st\u00f8rste pengepremiene I hele USAs. historie, og premiene ligger h\u00f8yt oppe p\u00e5 listen sammen med andre lotterier.<\/p>\n<p><a href=\"https:\/\/redfoxlotto.com\/?ref=A8564250A2\" target=\"_blank\" rel=\"noopener\"><span style=\"text-decoration: underline;\"><strong>Dette Er En Link Til Nettsiden Hvor Du Kan F\u00e5 Kj\u00f8pt Mega Millions Kuponger<\/strong><\/span><\/a><\/p>\n<h2>Mega Millions Formatet<\/h2>\n<p>Mega Millions har to trekninger hver uke, p\u00e5 Torsdager Og Fredager. Ganske likt Powerball, spillerne velger 5 hovednummere, Imotsetning til Powerball Lotteriet hvor deltakerne har 59 baller, har Mega Millions bare 56, som gj\u00f8r din sjanse for \u00e5 f\u00e5 alle 5 nummrene enda st\u00f8rre.<\/p>\n<p>Det er en ekstra ball med i spillet ogs\u00e5, den s\u00e5kalte Mega Ballen, som du velger fra 46 andre nummere. Hvis du har alle fem tall riktig, pluss Mega ballen, Vinner du den store jackpoten som Mega Millions alltid tilbyr.<\/p>\n<p>Som med alle andre lotterier, hvis ingen tar jackpotten, gror den seg st\u00f8rre til neste trekning. S\u00e5 det gj\u00f8r alt bare enda mer spennende, samtidig som den gj\u00f8r at jackpotten stiger. Det koster den samme mengden penger for hvert spill, men jo mer penger som er til spille, jo bedre blir dealen for deg.<\/p>\n<p>S\u00e5 dette er en av grunnen til at folk flest spiller mer n\u00e5r premiene er skyh\u00f8ye. Den andre grunnen er jo selvf\u00f8lgelig all spenningen ved \u00e5 spille om en st\u00f8rre sum penger. S\u00e5 lotterier som Mega Millions og Powerball gj\u00f8r slik at selv den minste premie er gigantisk stor, s\u00e5 spiller ikke blir n\u00f8dt til \u00e5 vente p\u00e5 gleden og spenningen lotterier tilbyr.<br \/>\n<a href=\"https:\/\/redfoxlotto.com\/play\/mega-millions\/?ref=a8564250a2&amp;medium=ol365\" target=\"_blank\" rel=\"noopener noreferrer\"><img decoding=\"async\" class=\"aligncenter\" src=\"https:\/\/redfoxlotto.com\/image?size=8&amp;lottery=mega-millions\" alt=\"mega millions\" \/><\/a><\/p>\n<h2>Mer informasjon om Mega Millions<\/h2>\n<ul>\n<li>Lotteri holdes der: USA<\/li>\n<li>Hvor mange hovedtall \u00e5 velge mellom: 70<\/li>\n<li>Du m\u00e5 velge: 5<\/li>\n<li>Hvor mange ekstra tall \u00e5 velge mellom: 25<\/li>\n<li>Du m\u00e5 velge: 1<\/li>\n<li>Tegnedager, timer: tirsdag, fredag, 21:00 EST, + 1 dag 3:00 CET<\/li>\n<li>Minimum jackpot: $ 40 millioner<\/li>\n<li>Maksimum jackpotbel\u00f8p: ingen<\/li>\n<li>Mulig tallkombinasjon for en jackpotgevinst: 1 p\u00e5 175.711.536<\/li>\n<li>Mulig tallkombinasjon for en seier i tier 2: 1 p\u00e5 3.819.816<\/li>\n<li>Sannsynligheten for \u00e5 vinne i et hvilket som helst niv\u00e5: 1 av 24,12<\/li>\n<li>Hvor mange premieniv\u00e5er: 9<\/li>\n<\/ul>\n<h2>Du Kan N\u00e5 Kj\u00f8pe Mega Millions Kupnger Online<\/h2>\n<p><img loading=\"lazy\" decoding=\"async\" class=\" wp-image-1785 alignright\" src=\"https:\/\/onlinelotto365.com\/wp-content\/uploads\/2020\/11\/online_lottery-159-300x300.jpg\" alt=\"Kj\u00f8p billetter mega millions online\" width=\"204\" height=\"204\" \/><\/p>\n<p>N\u00e5 trenger du ikke lenger \u00e5 g\u00e5 utefor husets fire vegger for \u00e5 v\u00e6re med I Mega Millions trekningen, takket v\u00e6re internettet. Du kan simpelten kj\u00f8pe s\u00e5 mange billetter for Mega Millions som du \u00f8nsker, akkurat n\u00e5r det passer deg, rett fra din datamaskin.<\/p>\n<p>Du trenger ikke engang \u00e5 bp I USA lengere, n\u00e5 som innbyggere fra hele verden kan ta del i, og oppleve denne servicen. Etter \u00e5r hvor man m\u00e5tte ha g\u00e5tt ned p\u00e5 sin lokale lotterikiosk, er det endelig blitt enda enklere takket v\u00e6re internettet, Det er definitivt en ide som er klar for \u00e5 se dagens lys.<\/p>\n<p>RedFoxLotto gir oss ikke bare muligheten til \u00e5 kj\u00f8pe kuponger hos Mega Millions, men ogs\u00e5 til alle de andre st\u00f8rste og mest ekslusive lotteriene. Alt du trenger \u00e5 gj\u00f8re er \u00e5 lage en gratis brukerkonto hos dem, velg hvilke lotterier du vil delta p\u00e5, og plukk lykkenummrene dine, eller la datamaskinen gj\u00f8re det for deg. Betal for dine tippekuponger gjennom flere av deres enkle og brukbare betalingsmetoder. Og vips s\u00e5 er du med i spillet.<\/p>\n<h2>RedFoxLotto Assisterer Deg Steg For Steg<\/h2>\n<p>Etter at du har kj\u00f8pt kuponger til et valgfritt lotteri, kan RedFoxLotto kj\u00f8pe billetter for deg, med ditt navn om du selv \u00f8nsker, og passer p\u00e5 dem for deg, for sikkerhets skyld sender de deg en skanning av dem som referanse.<\/p>\n<p>Du trenger ikke engang \u00e5 holde styr p\u00e5 tallene som blir trukket trukket, til og med dette gj\u00f8r RedFoxLotto for deg. Selvom en stor del av gleden sjekke sine egne tall, trenger du ikke \u00e5 bry deg med dette om du ikke vil, siden de vil fortelle deg om du har vunnet, og hvor mye.<\/p>\n<p>N\u00e5r du har vunnet, gir RedFoxLotto ogs\u00e5 bistand til innsamlingsprosessen. Hvis det er et mindre bel\u00f8p, trenger du ikke engang \u00e5 gj\u00f8re noe hvis du ikke vil, og de vil bare sette pengene rett inn p\u00e5 kontoen din. Ved st\u00f8rre premier, vil de hjelpe deg \u00e5 fullf\u00f8re papirarbeidet, og for de st\u00f8rste premiene, m\u00e5 du kanskje ta deg en tur for \u00e5 hente premien, men jeg er sikker p\u00e5 at det ikke vil \u00f8delegge vinnergleden.<\/p>\n<h2>Vil Du Bli En Stor Mega Millions Vinner?<\/h2>\n<p>Det er bare en mate \u00e5 v\u00e6re sikker p\u00e5, og det er \u00e5 spille Mega Millions lotteriet online, likes\u00e5 godt som de andre store lotteriene. Bare sjansen for at du stikker av med potten er grunn nok til \u00e5 spille. Hvis du ikke spiller, kan du v\u00e6re sikker p\u00e5 du ikke kommer til \u00e5 vinne, men hvis du pr\u00f8ver. Hvem vet vel hva som kan skje?<\/p>\n<p>S\u00e5 hvis du ikke har spilt Mega Millions f\u00f8r, hvem vet hvor mye penger du kunne ha vunnet all den tiden du ikke har spilt det? Tiden for \u00e5 under seg over dette, er over! Ballen er n\u00e5 i dine hender, og med tanke p\u00e5 hvor enkelt det er \u00e5 kj\u00f8pe lotterikuponger p\u00e5 nett, er det ikke et under at flere og flere finner dette spennende.<\/p>\n","protected":false},"excerpt":{"rendered":"<p>Navnet Mega Millions Har En Mening MegaMillioner startet kanskje med en mindre sum penger en sitt tvillingselskap U.S. lottery Powerball, men jackpoten kan fortsatt n\u00e5 uante h\u00f8yder, den kan enkelt konkurrere med andre amerikanske lotterier. Mega Millions holder rekorden for den st\u00f8rste jackpot noen sinne i USA. I mars 2012 vant tre ekstremt heldige finalisteren [&hellip;]<\/p>\n","protected":false},"author":1,"featured_media":0,"parent":5668,"menu_order":2,"comment_status":"closed","ping_status":"closed","template":"megamillion-info.php","meta":{"_et_pb_use_builder":"","_et_pb_old_content":"","_et_gb_content_width":"","exclude_from_search":false,"footnotes":""},"class_list":["post-12183","page","type-page","status-publish","hentry"],"yoast_head":"<!-- This site is optimized with the Yoast SEO plugin v23.4 - https:\/\/yoast.com\/wordpress\/plugins\/seo\/ -->\n<title>Mega Millions Lotteri Online | F\u00e5 En Billett for Mega Millions n\u00e5<\/title>\n<meta name=\"description\" content=\"Mega Millions Lotto n\u00e5 klar for innbyggere i Norge - kj\u00f8p lovlige Mega Millions online-billetter her\" \/>\n<meta name=\"robots\" content=\"index, follow, max-snippet:-1, max-image-preview:large, max-video-preview:-1\" \/>\n<link rel=\"canonical\" href=\"https:\/\/onlinelotto365.com\/no\/kjope-billetter\/mega-millions\/\" \/>\n<meta property=\"og:locale\" content=\"nb_NO\" \/>\n<meta property=\"og:type\" content=\"article\" \/>\n<meta property=\"og:title\" content=\"Mega Millions Lotteri Online | F\u00e5 En Billett for Mega Millions n\u00e5\" \/>\n<meta property=\"og:description\" content=\"Mega Millions Lotto n\u00e5 klar for innbyggere i Norge - kj\u00f8p lovlige Mega Millions online-billetter her\" \/>\n<meta property=\"og:url\" content=\"https:\/\/onlinelotto365.com\/no\/kjope-billetter\/mega-millions\/\" \/>\n<meta property=\"og:site_name\" content=\"OnlineLotto365\" \/>\n<meta property=\"article:modified_time\" content=\"2021-03-04T15:43:03+00:00\" \/>\n<meta property=\"og:image\" content=\"https:\/\/redfoxlotto.com\/image?size=8&amp;lottery=mega-millions\" \/>\n<meta name=\"twitter:card\" content=\"summary_large_image\" \/>\n<meta name=\"twitter:label1\" content=\"Ansl. lesetid\" \/>\n\t<meta name=\"twitter:data1\" content=\"5 minutter\" \/>\n<script type=\"application\/ld+json\" class=\"yoast-schema-graph\">{\"@context\":\"https:\/\/schema.org\",\"@graph\":[{\"@type\":\"WebPage\",\"@id\":\"https:\/\/onlinelotto365.com\/no\/kjope-billetter\/mega-millions\/\",\"url\":\"https:\/\/onlinelotto365.com\/no\/kjope-billetter\/mega-millions\/\",\"name\":\"Mega Millions Lotteri Online | F\u00e5 En Billett for Mega Millions n\u00e5\",\"isPartOf\":{\"@id\":\"https:\/\/onlinelotto365.com\/no\/#website\"},\"primaryImageOfPage\":{\"@id\":\"https:\/\/onlinelotto365.com\/no\/kjope-billetter\/mega-millions\/#primaryimage\"},\"image\":{\"@id\":\"https:\/\/onlinelotto365.com\/no\/kjope-billetter\/mega-millions\/#primaryimage\"},\"thumbnailUrl\":\"https:\/\/redfoxlotto.com\/image?size=8&amp;lottery=mega-millions\",\"datePublished\":\"2020-12-21T13:35:15+00:00\",\"dateModified\":\"2021-03-04T15:43:03+00:00\",\"description\":\"Mega Millions Lotto n\u00e5 klar for innbyggere i Norge - kj\u00f8p lovlige Mega Millions online-billetter her\",\"breadcrumb\":{\"@id\":\"https:\/\/onlinelotto365.com\/no\/kjope-billetter\/mega-millions\/#breadcrumb\"},\"inLanguage\":\"nb-NO\",\"potentialAction\":[{\"@type\":\"ReadAction\",\"target\":[\"https:\/\/onlinelotto365.com\/no\/kjope-billetter\/mega-millions\/\"]}]},{\"@type\":\"ImageObject\",\"inLanguage\":\"nb-NO\",\"@id\":\"https:\/\/onlinelotto365.com\/no\/kjope-billetter\/mega-millions\/#primaryimage\",\"url\":\"https:\/\/redfoxlotto.com\/image?size=8&amp;lottery=mega-millions\",\"contentUrl\":\"https:\/\/redfoxlotto.com\/image?size=8&amp;lottery=mega-millions\"},{\"@type\":\"BreadcrumbList\",\"@id\":\"https:\/\/onlinelotto365.com\/no\/kjope-billetter\/mega-millions\/#breadcrumb\",\"itemListElement\":[{\"@type\":\"ListItem\",\"position\":1,\"name\":\"Home\",\"item\":\"https:\/\/onlinelotto365.com\/no\/\"},{\"@type\":\"ListItem\",\"position\":2,\"name\":\"Hvorfor det er mer fornuftig \u00e5 kj\u00f8pe lodd p\u00e5 nettet\",\"item\":\"https:\/\/onlinelotto365.com\/no\/kjope-billetter\/\"},{\"@type\":\"ListItem\",\"position\":3,\"name\":\"F\u00e5 En Billett for Mega Millions n\u00e5\"}]},{\"@type\":\"WebSite\",\"@id\":\"https:\/\/onlinelotto365.com\/no\/#website\",\"url\":\"https:\/\/onlinelotto365.com\/no\/\",\"name\":\"OnlineLotto365\",\"description\":\"\",\"potentialAction\":[{\"@type\":\"SearchAction\",\"target\":{\"@type\":\"EntryPoint\",\"urlTemplate\":\"https:\/\/onlinelotto365.com\/no\/?s={search_term_string}\"},\"query-input\":{\"@type\":\"PropertyValueSpecification\",\"valueRequired\":true,\"valueName\":\"search_term_string\"}}],\"inLanguage\":\"nb-NO\"}]}<\/script>\n<!-- \/ Yoast SEO plugin. -->","yoast_head_json":{"title":"Mega Millions Lotteri Online | F\u00e5 En Billett for Mega Millions n\u00e5","description":"Mega Millions Lotto n\u00e5 klar for innbyggere i Norge - kj\u00f8p lovlige Mega Millions online-billetter her","robots":{"index":"index","follow":"follow","max-snippet":"max-snippet:-1","max-image-preview":"max-image-preview:large","max-video-preview":"max-video-preview:-1"},"canonical":"https:\/\/onlinelotto365.com\/no\/kjope-billetter\/mega-millions\/","og_locale":"nb_NO","og_type":"article","og_title":"Mega Millions Lotteri Online | F\u00e5 En Billett for Mega Millions n\u00e5","og_description":"Mega Millions Lotto n\u00e5 klar for innbyggere i Norge - kj\u00f8p lovlige Mega Millions online-billetter her","og_url":"https:\/\/onlinelotto365.com\/no\/kjope-billetter\/mega-millions\/","og_site_name":"OnlineLotto365","article_modified_time":"2021-03-04T15:43:03+00:00","og_image":[{"url":"https:\/\/redfoxlotto.com\/image?size=8&amp;lottery=mega-millions"}],"twitter_card":"summary_large_image","twitter_misc":{"Ansl. lesetid":"5 minutter"},"schema":{"@context":"https:\/\/schema.org","@graph":[{"@type":"WebPage","@id":"https:\/\/onlinelotto365.com\/no\/kjope-billetter\/mega-millions\/","url":"https:\/\/onlinelotto365.com\/no\/kjope-billetter\/mega-millions\/","name":"Mega Millions Lotteri Online | F\u00e5 En Billett for Mega Millions n\u00e5","isPartOf":{"@id":"https:\/\/onlinelotto365.com\/no\/#website"},"primaryImageOfPage":{"@id":"https:\/\/onlinelotto365.com\/no\/kjope-billetter\/mega-millions\/#primaryimage"},"image":{"@id":"https:\/\/onlinelotto365.com\/no\/kjope-billetter\/mega-millions\/#primaryimage"},"thumbnailUrl":"https:\/\/redfoxlotto.com\/image?size=8&amp;lottery=mega-millions","datePublished":"2020-12-21T13:35:15+00:00","dateModified":"2021-03-04T15:43:03+00:00","description":"Mega Millions Lotto n\u00e5 klar for innbyggere i Norge - kj\u00f8p lovlige Mega Millions online-billetter her","breadcrumb":{"@id":"https:\/\/onlinelotto365.com\/no\/kjope-billetter\/mega-millions\/#breadcrumb"},"inLanguage":"nb-NO","potentialAction":[{"@type":"ReadAction","target":["https:\/\/onlinelotto365.com\/no\/kjope-billetter\/mega-millions\/"]}]},{"@type":"ImageObject","inLanguage":"nb-NO","@id":"https:\/\/onlinelotto365.com\/no\/kjope-billetter\/mega-millions\/#primaryimage","url":"https:\/\/redfoxlotto.com\/image?size=8&amp;lottery=mega-millions","contentUrl":"https:\/\/redfoxlotto.com\/image?size=8&amp;lottery=mega-millions"},{"@type":"BreadcrumbList","@id":"https:\/\/onlinelotto365.com\/no\/kjope-billetter\/mega-millions\/#breadcrumb","itemListElement":[{"@type":"ListItem","position":1,"name":"Home","item":"https:\/\/onlinelotto365.com\/no\/"},{"@type":"ListItem","position":2,"name":"Hvorfor det er mer fornuftig \u00e5 kj\u00f8pe lodd p\u00e5 nettet","item":"https:\/\/onlinelotto365.com\/no\/kjope-billetter\/"},{"@type":"ListItem","position":3,"name":"F\u00e5 En Billett for Mega Millions n\u00e5"}]},{"@type":"WebSite","@id":"https:\/\/onlinelotto365.com\/no\/#website","url":"https:\/\/onlinelotto365.com\/no\/","name":"OnlineLotto365","description":"","potentialAction":[{"@type":"SearchAction","target":{"@type":"EntryPoint","urlTemplate":"https:\/\/onlinelotto365.com\/no\/?s={search_term_string}"},"query-input":{"@type":"PropertyValueSpecification","valueRequired":true,"valueName":"search_term_string"}}],"inLanguage":"nb-NO"}]}},"_links":{"self":[{"href":"https:\/\/onlinelotto365.com\/no\/wp-json\/wp\/v2\/pages\/12183","targetHints":{"allow":["GET"]}}],"collection":[{"href":"https:\/\/onlinelotto365.com\/no\/wp-json\/wp\/v2\/pages"}],"about":[{"href":"https:\/\/onlinelotto365.com\/no\/wp-json\/wp\/v2\/types\/page"}],"author":[{"embeddable":true,"href":"https:\/\/onlinelotto365.com\/no\/wp-json\/wp\/v2\/users\/1"}],"replies":[{"embeddable":true,"href":"https:\/\/onlinelotto365.com\/no\/wp-json\/wp\/v2\/comments?post=12183"}],"version-history":[{"count":0,"href":"https:\/\/onlinelotto365.com\/no\/wp-json\/wp\/v2\/pages\/12183\/revisions"}],"up":[{"embeddable":true,"href":"https:\/\/onlinelotto365.com\/no\/wp-json\/wp\/v2\/pages\/5668"}],"wp:attachment":[{"href":"https:\/\/onlinelotto365.com\/no\/wp-json\/wp\/v2\/media?parent=12183"}],"curies":[{"name":"wp","href":"https:\/\/api.w.org\/{rel}","templated":true}]}}