{"id":12185,"date":"2020-12-21T14:36:31","date_gmt":"2020-12-21T13:36:31","guid":{"rendered":"http:\/\/onlinelotto365.net\/?page_id=12185"},"modified":"2021-03-04T16:50:13","modified_gmt":"2021-03-04T15:50:13","slug":"euromillions","status":"publish","type":"page","link":"https:\/\/onlinelotto365.com\/no\/kjope-billetter\/euromillions\/","title":{"rendered":"Billetter til EuroMillions via internasjonale online-tjeneste"},"content":{"rendered":"<h2>EuroMillions Er Et Av Verdens St\u00f8rste Lotterier<\/h2>\n<p>EuroMillions begynte i 2004 som et samarbeid mellom de nasjonale lotterieoperat\u00f8rene i Frankrike, Spania og Storbritannia Det tok ti \u00e5r \u00e5 hamre ut avtalen mellom landene, s\u00e5 n\u00e5r det begynte, var det definitivt veldig godt organisert, som enda forblir tilfelle.<\/p>\n<p>Planen var \u00e5 tilby lotterispillere i disse tre landene muligheten til \u00e5 spille for mye st\u00f8rre jackpotter enn tidligere. Siden store jackpotter har en tendens til \u00e5 virkelig kj\u00f8re spenningen her, var en forventning om at dette nye lotteriet ville v\u00e6re en stor hit og generere noen fantastiske jackpotter uke etter uke. Det er n\u00f8yaktig hva som skjedde.<\/p>\n<p><a href=\"https:\/\/redfoxlotto.com\/play\/euromillions\/?ref=a8564250a2&amp;medium=ol365\" target=\"_blank\" rel=\"noopener noreferrer\"><img decoding=\"async\" class=\"aligncenter\" src=\"https:\/\/redfoxlotto.com\/image?size=8&amp;lottery=euromillions\" alt=\"euromillions\" \/><\/a><\/p>\n<p>Som suksessraten av lotteriet vokste, ble flere land lagt til partnerskapet, og i dag er det totalt ni forskjellige land som deltar i det. Jackpottene er alltid blant de st\u00f8rste tilgjengelige hvor som helst i verden, de starter p\u00e5 15 millioner Euro og vokser derfra.<\/p>\n<p>N\u00e5r jackpotten n\u00e5r 190 millioner Euro, blir den avkortet og ytterligere \u00f8kninger blir lagt til andre premier. Lotteri arrang\u00f8rene vurderer denne st\u00f8rrelsen, og det er definitivt mer enn nok penger til \u00e5 tilfredsstille oss. De tenker at de ogs\u00e5 skal bygge opp spenningen blant de andre premiene.<\/p>\n<h2>Mer informasjon om EuroMillions<\/h2>\n<ul>\n<li>Land: diverse Europa<\/li>\n<li>Hovednummeromr\u00e5det: 50<\/li>\n<li>Du velger: 5<\/li>\n<li>Ekstra tall: 12<\/li>\n<li>Du velger: 2<\/li>\n<li>Tegnedager, timer: tirsdag, fredag, 19.30 GMT, 20.30 CET<\/li>\n<li>Minimum jackpot: \u20ac 17 millioner<\/li>\n<li>Maksimal jackpot: \u20ac 190 millioner<\/li>\n<li>Sannsynligheten for \u00e5 vinne jackpotten: 1 i 186450880<\/li>\n<li>Sannsynlighet for seier i tier 2: 1 i 2118760<\/li>\n<li>Sannsynligheten for \u00e5 vinne i et hvilket som helst niv\u00e5: 1 p\u00e5 12,98<\/li>\n<li>Antall premieniv\u00e5er: 13<\/li>\n<\/ul>\n<h2>Du Trenger Ikke \u00c5 Leve I Noen Av Disse Landene Lengere For \u00c5 Spille<\/h2>\n<p>Siden EuroMillions historisksett bare blitt tilbudt i ni utvalgte europeiske land, har de fleste av oss blitt utelatt i kulden uten mulighet til \u00e5 kunne spille det. Spillet har ikke, f\u00f8r det siste som er.<\/p>\n<p>Kunnskapsrike lotteri spillere, de av oss innser n\u00e5 at fysiske barrierer i verden av lotterier ikke lenger eksisterer. De fortsatt gj\u00f8r fortsatt det p\u00e5 en m\u00e5te, siden du fortsatt trenger \u00e5 fysisk kj\u00f8pe lodd for EuroMillions og andre lotterier fra hele verden. Selvf\u00f8lgelig kommer du ikke til \u00e5 reise dit to ganger i uken for \u00e5 kj\u00f8pe billetter, da dette ville ta en latterlig mengde tid og penger.<\/p>\n<p>Du kan leie noen som bor i de landene du \u00f8nsker \u00e5 kj\u00f8pe lodd fra, men det ville ta mer kunnskap og innsats enn folk flest ville aldri tenke p\u00e5 \u00e5 beg\u00e5. S\u00e5 hvordan kan du kj\u00f8pe billetter til EuroMillions da?<\/p>\n<p>Svaret er kj\u00f8pe dem p\u00e5 nettet, rett fra hjemmet, og ha en aktet og p\u00e5litelige tjeneste ta seg av alle dine behov, inkludert \u00e5 kj\u00f8pe billetter i ditt navn, du f\u00e5r en e-post med en skannet kopi, vi holder kupnger for deg for, sikkerhets skyld, sjekke dine tall og varsler deg hvis du vinner, og hjelper deg innkassering av gevinstene dine<br \/>\nDenne nye tjenesten kalles RedFoxLotto, og dr\u00f8mmen om at folk skal kunne kj\u00f8pe sine lodd p\u00e5 nettet og har alt tatt vare p\u00e5 for dem har n\u00e5 blitt en realitet. Ikke bare kan du sv\u00e6rt enkelt kj\u00f8pe alle EuroMillions kupongene du \u00f8nsker, de tilbyr ogs\u00e5 online kj\u00f8p av billetter til alle verdens st\u00f8rste og mest popul\u00e6re lotterier.<\/p>\n<p><a href=\"https:\/\/redfoxlotto.com\/nn\/?ref=A8564250A2&amp;campaign=ol\" target=\"_blank\" rel=\"noopener\"><strong><span style=\"text-decoration: underline;\">Klikk Her For \u00c5 Bes\u00f8ke Deres Nettside Og For \u00c5 Kj\u00f8pe Kuponger<\/span><\/strong><\/a><\/p>\n<h2>Hvordan EuroMillions Fungerer<\/h2>\n<p><img loading=\"lazy\" decoding=\"async\" class=\"alignright size-medium wp-image-3672\" src=\"https:\/\/onlinelotto365.com\/wp-content\/uploads\/2020\/11\/online_lottery-161-300x207.jpg\" alt=\"Kj\u00f8p billetter Euromillions\" width=\"300\" height=\"207\" srcset=\"https:\/\/onlinelotto365.com\/wp-content\/uploads\/2020\/11\/online_lottery-161-300x207.jpg 300w, https:\/\/onlinelotto365.com\/wp-content\/uploads\/2020\/11\/online_lottery-161.jpg 320w\" sizes=\"auto, (max-width: 300px) 100vw, 300px\" \/><\/p>\n<p>Det er totalt 13 forskjellige gevinstutbetalinger i dette lottoarrangementet, Start med \u00e5 matche bare to av de fem viktigste til \u00e5 matche alle de fem viktigste pluss begge lykkestjernenummrene for \u00e5 vinne jackpotten. Bortsett fra deres gigantiske jackpotbel\u00f8p, tilbyr EuroMillions ogs\u00e5 sine spillere en st\u00f8rre sjanse til \u00e5 vinne noen som helst form for utbetaling som du vanligvis ikke ser i store lotterier.<\/p>\n<p>Trekninger er to ganger i uken, tirsdager og fredager, p\u00e5 21:00 britisk tid. RedFoxLotto kj\u00f8rer en nedtelling for denne og alle sine andre lotterier p\u00e5 deres hjemmeside slik at spillerne alltid vet n\u00f8yaktig hvor mye tid som er igjen til neste trekning. Spillerne velger fem tall fra 1 til 50, samt to heldig stjerne nummer 1-11. Akkurat som lotto boder, tilbyr RedFoxLotto spillerne muligheten til \u00e5 enten plukke sine egne tall eller la deres datamaskin velge tilfeldig.<\/p>\n<p>Du kan kj\u00f8pe s\u00e5 mange kuponger til hver trekning som du vil. Deretter kan du bes\u00f8ke RedFoxLotto &#8216;nettsted for \u00e5 sjekke kupongene, eller hvis du foretrekker det, kan du bare vente p\u00e5 at RedFoxLotto sender en e-mail til deg n\u00e5r du vinner. Avhengig av hvor mye du vinner, vil de da gi deg r\u00e5d og hjelpe deg med \u00e5 samle det.<\/p>\n<h2>N\u00e5 Som Du Har Viten, Har Du Muligheten<\/h2>\n<p>Ikke lenger holder vi d\u00f8rene stengt for store lotterier S\u00e5nn som EuroMillions, bare p\u00e5 grunnlag av hvor vi bor, Vi Kan n\u00e5 kj\u00f8pe hvilke kuponger vi m\u00e5tte \u00f8nske,, og ingen kan stoppe oss. Internettet har virkelig \u00e5pnet opp verden, og n\u00e5 gjelder dette ogs\u00e5 for lotterier. Ventetiden er over!<\/p>\n","protected":false},"excerpt":{"rendered":"<p>EuroMillions Er Et Av Verdens St\u00f8rste Lotterier EuroMillions begynte i 2004 som et samarbeid mellom de nasjonale lotterieoperat\u00f8rene i Frankrike, Spania og Storbritannia Det tok ti \u00e5r \u00e5 hamre ut avtalen mellom landene, s\u00e5 n\u00e5r det begynte, var det definitivt veldig godt organisert, som enda forblir tilfelle. Planen var \u00e5 tilby lotterispillere i disse tre [&hellip;]<\/p>\n","protected":false},"author":1,"featured_media":0,"parent":5668,"menu_order":3,"comment_status":"closed","ping_status":"closed","template":"euromillions-info.php","meta":{"_et_pb_use_builder":"","_et_pb_old_content":"","_et_gb_content_width":"","exclude_from_search":false,"footnotes":""},"class_list":["post-12185","page","type-page","status-publish","hentry"],"yoast_head":"<!-- This site is optimized with the Yoast SEO plugin v23.4 - https:\/\/yoast.com\/wordpress\/plugins\/seo\/ -->\n<title>EuroMillions Lotto Online | Billetter til EuroMillions via internasjonale online-tjeneste<\/title>\n<meta name=\"description\" content=\"Lotto-fans fra alle land inkludert Norge kan n\u00e5 kj\u00f8pe Euromillions-billetter her\" \/>\n<meta name=\"robots\" content=\"index, follow, max-snippet:-1, max-image-preview:large, max-video-preview:-1\" \/>\n<link rel=\"canonical\" href=\"https:\/\/onlinelotto365.com\/no\/kjope-billetter\/euromillions\/\" \/>\n<meta property=\"og:locale\" content=\"nb_NO\" \/>\n<meta property=\"og:type\" content=\"article\" \/>\n<meta property=\"og:title\" content=\"EuroMillions Lotto Online | Billetter til EuroMillions via internasjonale online-tjeneste\" \/>\n<meta property=\"og:description\" content=\"Lotto-fans fra alle land inkludert Norge kan n\u00e5 kj\u00f8pe Euromillions-billetter her\" \/>\n<meta property=\"og:url\" content=\"https:\/\/onlinelotto365.com\/no\/kjope-billetter\/euromillions\/\" \/>\n<meta property=\"og:site_name\" content=\"OnlineLotto365\" \/>\n<meta property=\"article:modified_time\" content=\"2021-03-04T15:50:13+00:00\" \/>\n<meta property=\"og:image\" content=\"https:\/\/redfoxlotto.com\/image?size=8&amp;lottery=euromillions\" \/>\n<meta name=\"twitter:card\" content=\"summary_large_image\" \/>\n<meta name=\"twitter:label1\" content=\"Ansl. lesetid\" \/>\n\t<meta name=\"twitter:data1\" content=\"4 minutter\" \/>\n<script type=\"application\/ld+json\" class=\"yoast-schema-graph\">{\"@context\":\"https:\/\/schema.org\",\"@graph\":[{\"@type\":\"WebPage\",\"@id\":\"https:\/\/onlinelotto365.com\/no\/kjope-billetter\/euromillions\/\",\"url\":\"https:\/\/onlinelotto365.com\/no\/kjope-billetter\/euromillions\/\",\"name\":\"EuroMillions Lotto Online | Billetter til EuroMillions via internasjonale online-tjeneste\",\"isPartOf\":{\"@id\":\"https:\/\/onlinelotto365.com\/no\/#website\"},\"primaryImageOfPage\":{\"@id\":\"https:\/\/onlinelotto365.com\/no\/kjope-billetter\/euromillions\/#primaryimage\"},\"image\":{\"@id\":\"https:\/\/onlinelotto365.com\/no\/kjope-billetter\/euromillions\/#primaryimage\"},\"thumbnailUrl\":\"https:\/\/redfoxlotto.com\/image?size=8&amp;lottery=euromillions\",\"datePublished\":\"2020-12-21T13:36:31+00:00\",\"dateModified\":\"2021-03-04T15:50:13+00:00\",\"description\":\"Lotto-fans fra alle land inkludert Norge kan n\u00e5 kj\u00f8pe Euromillions-billetter her\",\"breadcrumb\":{\"@id\":\"https:\/\/onlinelotto365.com\/no\/kjope-billetter\/euromillions\/#breadcrumb\"},\"inLanguage\":\"nb-NO\",\"potentialAction\":[{\"@type\":\"ReadAction\",\"target\":[\"https:\/\/onlinelotto365.com\/no\/kjope-billetter\/euromillions\/\"]}]},{\"@type\":\"ImageObject\",\"inLanguage\":\"nb-NO\",\"@id\":\"https:\/\/onlinelotto365.com\/no\/kjope-billetter\/euromillions\/#primaryimage\",\"url\":\"https:\/\/redfoxlotto.com\/image?size=8&amp;lottery=euromillions\",\"contentUrl\":\"https:\/\/redfoxlotto.com\/image?size=8&amp;lottery=euromillions\"},{\"@type\":\"BreadcrumbList\",\"@id\":\"https:\/\/onlinelotto365.com\/no\/kjope-billetter\/euromillions\/#breadcrumb\",\"itemListElement\":[{\"@type\":\"ListItem\",\"position\":1,\"name\":\"Home\",\"item\":\"https:\/\/onlinelotto365.com\/no\/\"},{\"@type\":\"ListItem\",\"position\":2,\"name\":\"Hvorfor det er mer fornuftig \u00e5 kj\u00f8pe lodd p\u00e5 nettet\",\"item\":\"https:\/\/onlinelotto365.com\/no\/kjope-billetter\/\"},{\"@type\":\"ListItem\",\"position\":3,\"name\":\"Billetter til EuroMillions via internasjonale online-tjeneste\"}]},{\"@type\":\"WebSite\",\"@id\":\"https:\/\/onlinelotto365.com\/no\/#website\",\"url\":\"https:\/\/onlinelotto365.com\/no\/\",\"name\":\"OnlineLotto365\",\"description\":\"\",\"potentialAction\":[{\"@type\":\"SearchAction\",\"target\":{\"@type\":\"EntryPoint\",\"urlTemplate\":\"https:\/\/onlinelotto365.com\/no\/?s={search_term_string}\"},\"query-input\":{\"@type\":\"PropertyValueSpecification\",\"valueRequired\":true,\"valueName\":\"search_term_string\"}}],\"inLanguage\":\"nb-NO\"}]}<\/script>\n<!-- \/ Yoast SEO plugin. -->","yoast_head_json":{"title":"EuroMillions Lotto Online | Billetter til EuroMillions via internasjonale online-tjeneste","description":"Lotto-fans fra alle land inkludert Norge kan n\u00e5 kj\u00f8pe Euromillions-billetter her","robots":{"index":"index","follow":"follow","max-snippet":"max-snippet:-1","max-image-preview":"max-image-preview:large","max-video-preview":"max-video-preview:-1"},"canonical":"https:\/\/onlinelotto365.com\/no\/kjope-billetter\/euromillions\/","og_locale":"nb_NO","og_type":"article","og_title":"EuroMillions Lotto Online | Billetter til EuroMillions via internasjonale online-tjeneste","og_description":"Lotto-fans fra alle land inkludert Norge kan n\u00e5 kj\u00f8pe Euromillions-billetter her","og_url":"https:\/\/onlinelotto365.com\/no\/kjope-billetter\/euromillions\/","og_site_name":"OnlineLotto365","article_modified_time":"2021-03-04T15:50:13+00:00","og_image":[{"url":"https:\/\/redfoxlotto.com\/image?size=8&amp;lottery=euromillions"}],"twitter_card":"summary_large_image","twitter_misc":{"Ansl. lesetid":"4 minutter"},"schema":{"@context":"https:\/\/schema.org","@graph":[{"@type":"WebPage","@id":"https:\/\/onlinelotto365.com\/no\/kjope-billetter\/euromillions\/","url":"https:\/\/onlinelotto365.com\/no\/kjope-billetter\/euromillions\/","name":"EuroMillions Lotto Online | Billetter til EuroMillions via internasjonale online-tjeneste","isPartOf":{"@id":"https:\/\/onlinelotto365.com\/no\/#website"},"primaryImageOfPage":{"@id":"https:\/\/onlinelotto365.com\/no\/kjope-billetter\/euromillions\/#primaryimage"},"image":{"@id":"https:\/\/onlinelotto365.com\/no\/kjope-billetter\/euromillions\/#primaryimage"},"thumbnailUrl":"https:\/\/redfoxlotto.com\/image?size=8&amp;lottery=euromillions","datePublished":"2020-12-21T13:36:31+00:00","dateModified":"2021-03-04T15:50:13+00:00","description":"Lotto-fans fra alle land inkludert Norge kan n\u00e5 kj\u00f8pe Euromillions-billetter her","breadcrumb":{"@id":"https:\/\/onlinelotto365.com\/no\/kjope-billetter\/euromillions\/#breadcrumb"},"inLanguage":"nb-NO","potentialAction":[{"@type":"ReadAction","target":["https:\/\/onlinelotto365.com\/no\/kjope-billetter\/euromillions\/"]}]},{"@type":"ImageObject","inLanguage":"nb-NO","@id":"https:\/\/onlinelotto365.com\/no\/kjope-billetter\/euromillions\/#primaryimage","url":"https:\/\/redfoxlotto.com\/image?size=8&amp;lottery=euromillions","contentUrl":"https:\/\/redfoxlotto.com\/image?size=8&amp;lottery=euromillions"},{"@type":"BreadcrumbList","@id":"https:\/\/onlinelotto365.com\/no\/kjope-billetter\/euromillions\/#breadcrumb","itemListElement":[{"@type":"ListItem","position":1,"name":"Home","item":"https:\/\/onlinelotto365.com\/no\/"},{"@type":"ListItem","position":2,"name":"Hvorfor det er mer fornuftig \u00e5 kj\u00f8pe lodd p\u00e5 nettet","item":"https:\/\/onlinelotto365.com\/no\/kjope-billetter\/"},{"@type":"ListItem","position":3,"name":"Billetter til EuroMillions via internasjonale online-tjeneste"}]},{"@type":"WebSite","@id":"https:\/\/onlinelotto365.com\/no\/#website","url":"https:\/\/onlinelotto365.com\/no\/","name":"OnlineLotto365","description":"","potentialAction":[{"@type":"SearchAction","target":{"@type":"EntryPoint","urlTemplate":"https:\/\/onlinelotto365.com\/no\/?s={search_term_string}"},"query-input":{"@type":"PropertyValueSpecification","valueRequired":true,"valueName":"search_term_string"}}],"inLanguage":"nb-NO"}]}},"_links":{"self":[{"href":"https:\/\/onlinelotto365.com\/no\/wp-json\/wp\/v2\/pages\/12185","targetHints":{"allow":["GET"]}}],"collection":[{"href":"https:\/\/onlinelotto365.com\/no\/wp-json\/wp\/v2\/pages"}],"about":[{"href":"https:\/\/onlinelotto365.com\/no\/wp-json\/wp\/v2\/types\/page"}],"author":[{"embeddable":true,"href":"https:\/\/onlinelotto365.com\/no\/wp-json\/wp\/v2\/users\/1"}],"replies":[{"embeddable":true,"href":"https:\/\/onlinelotto365.com\/no\/wp-json\/wp\/v2\/comments?post=12185"}],"version-history":[{"count":0,"href":"https:\/\/onlinelotto365.com\/no\/wp-json\/wp\/v2\/pages\/12185\/revisions"}],"up":[{"embeddable":true,"href":"https:\/\/onlinelotto365.com\/no\/wp-json\/wp\/v2\/pages\/5668"}],"wp:attachment":[{"href":"https:\/\/onlinelotto365.com\/no\/wp-json\/wp\/v2\/media?parent=12185"}],"curies":[{"name":"wp","href":"https:\/\/api.w.org\/{rel}","templated":true}]}}