{"id":4480,"date":"2020-11-30T12:01:04","date_gmt":"2020-11-30T11:01:04","guid":{"rendered":"http:\/\/onlinelotto365.net\/velkommen-til-onlinelotto365"},"modified":"2023-10-04T09:17:19","modified_gmt":"2023-10-04T08:17:19","slug":"home","status":"publish","type":"page","link":"https:\/\/onlinelotto365.com\/no\/","title":{"rendered":"Velkommen til OnlineLotto365!"},"content":{"rendered":"<p>Inntil n\u00e5 nylig har lottofans v\u00e6rt begrenset til spill av lotteri fra eget hjemland eller region. Vi h\u00f8rte sikkert om disse store, spennende jackpottene andre steder, men ti- eller til og med hundrevis av millioner dollar eller Euro p\u00e5 spill, med \u00f8nske om at vi bodde p\u00e5 steder hvor man kan kj\u00f8pe billetter til disse gigantiske lotteribonanzaene.<\/p>\n<p>Jeg vet at du har \u00f8nsket deg \u00e5 f\u00e5 v\u00e6re med p\u00e5 disse flotte tilbudene like ofte som meg. Vi har ikke en gang hatt tilgang til \u00e5 spille gjennom, og v\u00e6rtfall ikke vinne.<br \/>\n<a href=\"https:\/\/redfoxlotto.com\/?ref=a8564250a2&amp;medium=ol365\" target=\"_blank\" rel=\"noopener noreferrer\"><img loading=\"lazy\" decoding=\"async\" class=\"aligncenter\" src=\"https:\/\/redfoxlotto.com\/image?size=8&amp;lottery=mega-millions\" alt=\"Mega Millions\" width=\"728\" height=\"90\" \/><\/a><br \/>\nHeldigvis er dette i ferd med \u00e5 endres. N\u00e5 spiller det absolutt ingen rolle om du bor i landet lotteriet avholdes eller ikke, p\u00e5 grunn av v\u00e5r nye nettbaserte lottobillettjeneste.<\/p>\n<h2>Bestill nettbaserte lottobilletter n\u00e5<\/h2>\n<p>Dette er ikke gamle dager som vi vet, og internettet har n\u00e5 \u00e5pnet opp hele verden hvor nesten hva som helst er tilgjengelig for oss. S\u00e5 hvorfor ikke f\u00e5 tilgang til alle de store jackpottene som finnes der ute? Dette er noe tiden virkelig er inne for, og ventetiden for dette alternativet er n\u00e5 over.<\/p>\n<p>Vi har gjort nettbasert tilgang til alt dette s\u00e5 enkelt som overhodet mulig. Alt du m\u00e5 gj\u00f8re er \u00e5 trykke p\u00e5 et av lotteriene for \u00e5 f\u00e5 umiddelbar tilgang til utrolig mange store jackpots. Deretter er alt du m\u00e5 gj\u00f8re \u00e5 f\u00f8lge de enkle instruksene som gis til deg, f\u00f8r du velger sifre og betaler for billetten din.<\/p>\n<h2>Sikker lottobetaling p\u00e5 nett<\/h2>\n<p>Denne fantastiske nye tjenesten tilbyr flere lettvinte nettbetalingsalternativer gjennom en nyskapende betalingsbehandler som er 100% sikker. N\u00e5r du har betalt for billettene dine, vil du motta e-postbekreftelse, og du vil f\u00e5 se billetten din p\u00e5 kundekontoen din. Vi vil ogs\u00e5 tilby gratis hjelp med \u00e5 kreve inn gevinstene dine, noe du trenger siden du ikke bor i landet hvor lotteriet avholdes. Vi trenger ikke bekymre deg eller oss med noe, fordi vi dekker alt som beh\u00f8ves for klientene v\u00e5re.<\/p>\n<h2>Jo h\u00f8yere jackpots, jo bedre er vinnersjansene dine<\/h2>\n<p>Det er ingen hemmelighet at verdien av \u00e5 spille lotteri g\u00e5r h\u00f8yere opp n\u00e5r jackpottene \u00f8ker ogs\u00e5. S\u00e5 om du sitter fast med ventingen p\u00e5 den store lottokonkurransen i hjemlandet ditt, vil du nok bli ventende lenge. Det er sikkert morsomt \u00e5 spille p\u00e5 midnre jackpots ogs\u00e5, men det er aboslutt ikke som \u00e5 spille p\u00e5 de st\u00f8rre gevinstene p\u00e5 nett. Det er ikke bare mye morsommere \u00e5 forestille oss selv som vinnere av de gigantiske gevinstene, vinnersjansene er ogs\u00e5 mye mer p\u00e5 v\u00e5r side med de st\u00f8rre pottene ogs\u00e5.<\/p>\n<p>N\u00e5 har du tilgang til alle de store der ute, inkludert de amerikanske Powerball og Mega Millions, Spanias\u2019 El Gordo, Italias\u2019 Superenalotto, EuroMillions, Eurojackpot, det Britiske lotteriet, mange forskjellige Australske lotterier og mye, mye mer.<\/p>\n<p>Uansett om du bare er en avslappet lottofan, b\u00f8r du ikke begrense deg selv til lottospill du kun kan betale for p\u00e5 fysiske steder n\u00e5r du kan utvide horisontene dine s\u00e5 den inkluderer hele verden gjennom denne fantastiske nettbaserte tjenesten. Selvf\u00f8lgelig tilbys dette for oss for en viss kostnad, men kostnadene vil ikke trekke noe som helst fra gevinstene v\u00e5re.<\/p>\n<h2>De st\u00f8rste utbetalingene i historien<\/h2>\n<p><img loading=\"lazy\" decoding=\"async\" class=\" wp-image-1840 alignright\" src=\"https:\/\/onlinelotto365.com\/wp-content\/uploads\/2023\/10\/online_lottery-164-300x250-1.jpg\" alt=\"Nettbasert lottotjeneste\" width=\"250\" height=\"200\" \/><br \/>\nHer er en oversikt over de st\u00f8rste jackpottene som har blitt vunnet de siste \u00e5rene. De st\u00f8rre amerikanske lotteriene kalt Powerball og Mega Millions utbetaler gigantiske bel\u00f8p p\u00e5 regelmessig basis. Derfor overrasker det ikke at de fleste nettbserte kj\u00f8p utf\u00f8res for Powerball og Mega Millions billetter.<\/p>\n<ul>\n<li>$ 1568 millioner, Powerball jackpot vunnet 13 Januar, 2016. Denne jackpotten ble delt mellom 3 personer.<\/li>\n<li>$ 1537 millioner, Mega Millions jackpot vunnet av en person 23 Oktober, 2018<\/li>\n<li>$ 1000 millioner, Mega Millions jackpot vunnet av en person 22 Januar, 2021<\/li>\n<li>$ 768 millioner, vunnet p\u00e5 Powerball 27 Mars, 2019<\/li>\n<li>$ 758 millioner, vunnet p\u00e5 Powerball av en person i August 2017<\/li>\n<li>$ 730 millioner, vunnet p\u00e5 Powerball av en person 20 Januar, 2021<\/li>\n<li>$ 687 millioner, delt av to Powerball-vinnere 27 Oktober, 2018<\/li>\n<li>$ 656 million, Mega Millions jackpot delt mellom 3 vinnere i Mars 2016<\/li>\n<\/ul>\n<p>N\u00e5 har du muligheten til \u00e5 vinne stort p\u00e5 ett av disse lotteriene. Forbered deg til \u00e5 utsette deg for det beste verden har \u00e5 tilby, og enda viktigere, en \u00f8kning i vinnersjansene dine mens du spiller lotto p\u00e5 nett!<\/p>\n<h2>Lottoens utvikling<\/h2>\n<p><img loading=\"lazy\" decoding=\"async\" class=\" wp-image-1840 alignright\" src=\"https:\/\/onlinelotto365.com\/wp-content\/uploads\/2021\/02\/international-lottery.jpg\" alt=\"Internasjonale lotterier\" width=\"250\" height=\"200\" \/><br \/>\nOppigjennom historien virker det som at de f\u00f8rste lotteriene ble avholdt i Kina, og til og med da ble disse lotteriene brukt for \u00e5 finansiere offentlige prosjekter. Selv den Kinesiske Muren ble finansiert via et av disse prosjektene. Gjennom tidene har lotteriene for det meste blitt sanksjonert og styrt av stater eller regjeringer for \u00e5 tjene inn penger.<\/p>\n<h2>Lotteriet i moderne tider<\/h2>\n<p>Siden internettet har gjort ting enklere for mange av oss, tilbyr de fleste nasjonale lotterier nettbaserte billettkj\u00f8p. Men kj\u00f8p av lottobilletter p\u00e5 nett via nettsidene til de nasjonale lotteriene var begrenset til spillere med nasjonalitet i lottolandet. Den begrensningen er n\u00e5 fjernet p\u00e5 grunn av neste steg innen lottoens evolusjon.<\/p>\n<h2>Flere lotterivalg gir deg bedre odds<\/h2>\n<p>Ideen bak en nettbasert tjeneste som v\u00e5r er at den lar lottofans delta i lotterier fra andre jurisdinksjoner, som utgj\u00f8r det neste logiske steget i lotteriets utvikling. N\u00e5 kan lottospillere velge blant mange forskjellige lotterier. Ved \u00e5 sikte etter den h\u00f8yeste jackpotten, kan de forbedre vinnersjansene sine betydelig. For lotterier som Mega Millions, Powerball og Euromillions vokser antallet lotterikj\u00f8p p\u00e5 nett fra spillere over hele verden fra m\u00e5ned til m\u00e5ned.<\/p>\n","protected":false},"excerpt":{"rendered":"<p>Inntil n\u00e5 nylig har lottofans v\u00e6rt begrenset til spill av lotteri fra eget hjemland eller region. Vi h\u00f8rte sikkert om disse store, spennende jackpottene andre steder, men ti- eller til og med hundrevis av millioner dollar eller Euro p\u00e5 spill, med \u00f8nske om at vi bodde p\u00e5 steder hvor man kan kj\u00f8pe billetter til disse [&hellip;]<\/p>\n","protected":false},"author":1,"featured_media":0,"parent":0,"menu_order":1,"comment_status":"closed","ping_status":"closed","template":"lotto.php","meta":{"_et_pb_use_builder":"","_et_pb_old_content":"","_et_gb_content_width":"","exclude_from_search":false,"footnotes":""},"class_list":["post-4480","page","type-page","status-publish","hentry"],"yoast_head":"<!-- This site is optimized with the Yoast SEO plugin v23.4 - https:\/\/yoast.com\/wordpress\/plugins\/seo\/ -->\n<title>Lotto p\u00e5 Nett | Alle lotterijackpottene i hele verden, tilgjengelig p\u00e5 nett<\/title>\n<meta name=\"description\" content=\"Nettbasert lottobillettjeneste for alle internasjonale jackpots. Skaff billetter til et hvilket som helst lotteri i verden, uansett hvor du bor\" \/>\n<meta name=\"robots\" content=\"index, follow, max-snippet:-1, max-image-preview:large, max-video-preview:-1\" \/>\n<link rel=\"canonical\" href=\"https:\/\/onlinelotto365.com\/no\/\" \/>\n<meta property=\"og:locale\" content=\"nb_NO\" \/>\n<meta property=\"og:type\" content=\"article\" \/>\n<meta property=\"og:title\" content=\"Lotto p\u00e5 Nett | Alle lotterijackpottene i hele verden, tilgjengelig p\u00e5 nett\" \/>\n<meta property=\"og:description\" content=\"Nettbasert lottobillettjeneste for alle internasjonale jackpots. Skaff billetter til et hvilket som helst lotteri i verden, uansett hvor du bor\" \/>\n<meta property=\"og:url\" content=\"https:\/\/onlinelotto365.com\/no\/\" \/>\n<meta property=\"og:site_name\" content=\"OnlineLotto365\" \/>\n<meta property=\"article:modified_time\" content=\"2023-10-04T08:17:19+00:00\" \/>\n<meta property=\"og:image\" content=\"https:\/\/redfoxlotto.com\/image?size=8&amp;lottery=mega-millions\" \/>\n<meta name=\"twitter:card\" content=\"summary_large_image\" \/>\n<meta name=\"twitter:label1\" content=\"Ansl. lesetid\" \/>\n\t<meta name=\"twitter:data1\" content=\"5 minutter\" \/>\n<script type=\"application\/ld+json\" class=\"yoast-schema-graph\">{\"@context\":\"https:\/\/schema.org\",\"@graph\":[{\"@type\":\"WebPage\",\"@id\":\"https:\/\/onlinelotto365.com\/no\/\",\"url\":\"https:\/\/onlinelotto365.com\/no\/\",\"name\":\"Lotto p\u00e5 Nett | Alle lotterijackpottene i hele verden, tilgjengelig p\u00e5 nett\",\"isPartOf\":{\"@id\":\"https:\/\/onlinelotto365.com\/no\/#website\"},\"primaryImageOfPage\":{\"@id\":\"https:\/\/onlinelotto365.com\/no\/#primaryimage\"},\"image\":{\"@id\":\"https:\/\/onlinelotto365.com\/no\/#primaryimage\"},\"thumbnailUrl\":\"https:\/\/redfoxlotto.com\/image?size=8&amp;lottery=mega-millions\",\"datePublished\":\"2020-11-30T11:01:04+00:00\",\"dateModified\":\"2023-10-04T08:17:19+00:00\",\"description\":\"Nettbasert lottobillettjeneste for alle internasjonale jackpots. Skaff billetter til et hvilket som helst lotteri i verden, uansett hvor du bor\",\"breadcrumb\":{\"@id\":\"https:\/\/onlinelotto365.com\/no\/#breadcrumb\"},\"inLanguage\":\"nb-NO\",\"potentialAction\":[{\"@type\":\"ReadAction\",\"target\":[\"https:\/\/onlinelotto365.com\/no\/\"]}]},{\"@type\":\"ImageObject\",\"inLanguage\":\"nb-NO\",\"@id\":\"https:\/\/onlinelotto365.com\/no\/#primaryimage\",\"url\":\"https:\/\/redfoxlotto.com\/image?size=8&amp;lottery=mega-millions\",\"contentUrl\":\"https:\/\/redfoxlotto.com\/image?size=8&amp;lottery=mega-millions\"},{\"@type\":\"BreadcrumbList\",\"@id\":\"https:\/\/onlinelotto365.com\/no\/#breadcrumb\",\"itemListElement\":[{\"@type\":\"ListItem\",\"position\":1,\"name\":\"Home\",\"item\":\"https:\/\/onlinelotto365.com\/no\/\"},{\"@type\":\"ListItem\",\"position\":2,\"name\":\"Velkommen til OnlineLotto365!\"}]},{\"@type\":\"WebSite\",\"@id\":\"https:\/\/onlinelotto365.com\/no\/#website\",\"url\":\"https:\/\/onlinelotto365.com\/no\/\",\"name\":\"OnlineLotto365\",\"description\":\"\",\"potentialAction\":[{\"@type\":\"SearchAction\",\"target\":{\"@type\":\"EntryPoint\",\"urlTemplate\":\"https:\/\/onlinelotto365.com\/no\/?s={search_term_string}\"},\"query-input\":{\"@type\":\"PropertyValueSpecification\",\"valueRequired\":true,\"valueName\":\"search_term_string\"}}],\"inLanguage\":\"nb-NO\"}]}<\/script>\n<!-- \/ Yoast SEO plugin. -->","yoast_head_json":{"title":"Lotto p\u00e5 Nett | Alle lotterijackpottene i hele verden, tilgjengelig p\u00e5 nett","description":"Nettbasert lottobillettjeneste for alle internasjonale jackpots. Skaff billetter til et hvilket som helst lotteri i verden, uansett hvor du bor","robots":{"index":"index","follow":"follow","max-snippet":"max-snippet:-1","max-image-preview":"max-image-preview:large","max-video-preview":"max-video-preview:-1"},"canonical":"https:\/\/onlinelotto365.com\/no\/","og_locale":"nb_NO","og_type":"article","og_title":"Lotto p\u00e5 Nett | Alle lotterijackpottene i hele verden, tilgjengelig p\u00e5 nett","og_description":"Nettbasert lottobillettjeneste for alle internasjonale jackpots. Skaff billetter til et hvilket som helst lotteri i verden, uansett hvor du bor","og_url":"https:\/\/onlinelotto365.com\/no\/","og_site_name":"OnlineLotto365","article_modified_time":"2023-10-04T08:17:19+00:00","og_image":[{"url":"https:\/\/redfoxlotto.com\/image?size=8&amp;lottery=mega-millions"}],"twitter_card":"summary_large_image","twitter_misc":{"Ansl. lesetid":"5 minutter"},"schema":{"@context":"https:\/\/schema.org","@graph":[{"@type":"WebPage","@id":"https:\/\/onlinelotto365.com\/no\/","url":"https:\/\/onlinelotto365.com\/no\/","name":"Lotto p\u00e5 Nett | Alle lotterijackpottene i hele verden, tilgjengelig p\u00e5 nett","isPartOf":{"@id":"https:\/\/onlinelotto365.com\/no\/#website"},"primaryImageOfPage":{"@id":"https:\/\/onlinelotto365.com\/no\/#primaryimage"},"image":{"@id":"https:\/\/onlinelotto365.com\/no\/#primaryimage"},"thumbnailUrl":"https:\/\/redfoxlotto.com\/image?size=8&amp;lottery=mega-millions","datePublished":"2020-11-30T11:01:04+00:00","dateModified":"2023-10-04T08:17:19+00:00","description":"Nettbasert lottobillettjeneste for alle internasjonale jackpots. Skaff billetter til et hvilket som helst lotteri i verden, uansett hvor du bor","breadcrumb":{"@id":"https:\/\/onlinelotto365.com\/no\/#breadcrumb"},"inLanguage":"nb-NO","potentialAction":[{"@type":"ReadAction","target":["https:\/\/onlinelotto365.com\/no\/"]}]},{"@type":"ImageObject","inLanguage":"nb-NO","@id":"https:\/\/onlinelotto365.com\/no\/#primaryimage","url":"https:\/\/redfoxlotto.com\/image?size=8&amp;lottery=mega-millions","contentUrl":"https:\/\/redfoxlotto.com\/image?size=8&amp;lottery=mega-millions"},{"@type":"BreadcrumbList","@id":"https:\/\/onlinelotto365.com\/no\/#breadcrumb","itemListElement":[{"@type":"ListItem","position":1,"name":"Home","item":"https:\/\/onlinelotto365.com\/no\/"},{"@type":"ListItem","position":2,"name":"Velkommen til OnlineLotto365!"}]},{"@type":"WebSite","@id":"https:\/\/onlinelotto365.com\/no\/#website","url":"https:\/\/onlinelotto365.com\/no\/","name":"OnlineLotto365","description":"","potentialAction":[{"@type":"SearchAction","target":{"@type":"EntryPoint","urlTemplate":"https:\/\/onlinelotto365.com\/no\/?s={search_term_string}"},"query-input":{"@type":"PropertyValueSpecification","valueRequired":true,"valueName":"search_term_string"}}],"inLanguage":"nb-NO"}]}},"_links":{"self":[{"href":"https:\/\/onlinelotto365.com\/no\/wp-json\/wp\/v2\/pages\/4480","targetHints":{"allow":["GET"]}}],"collection":[{"href":"https:\/\/onlinelotto365.com\/no\/wp-json\/wp\/v2\/pages"}],"about":[{"href":"https:\/\/onlinelotto365.com\/no\/wp-json\/wp\/v2\/types\/page"}],"author":[{"embeddable":true,"href":"https:\/\/onlinelotto365.com\/no\/wp-json\/wp\/v2\/users\/1"}],"replies":[{"embeddable":true,"href":"https:\/\/onlinelotto365.com\/no\/wp-json\/wp\/v2\/comments?post=4480"}],"version-history":[{"count":0,"href":"https:\/\/onlinelotto365.com\/no\/wp-json\/wp\/v2\/pages\/4480\/revisions"}],"wp:attachment":[{"href":"https:\/\/onlinelotto365.com\/no\/wp-json\/wp\/v2\/media?parent=4480"}],"curies":[{"name":"wp","href":"https:\/\/api.w.org\/{rel}","templated":true}]}}