{"id":5028,"date":"2020-12-03T09:35:56","date_gmt":"2020-12-03T08:35:56","guid":{"rendered":"http:\/\/onlinelotto365.net\/?page_id=5028"},"modified":"2021-03-04T16:53:55","modified_gmt":"2021-03-04T15:53:55","slug":"spille","status":"publish","type":"page","link":"https:\/\/onlinelotto365.com\/no\/spille\/","title":{"rendered":"Spill hvilket som helst internasjonal lotteri du vil, uansett hvor du bor"},"content":{"rendered":"<p>Det \u00e5 spille ved de st\u00f8rste lotteriene fra hele verden har v\u00e6rt noe lotto spillere har \u00f8nsket over mange \u00e5r. Helt fram til i dag, m\u00e5tte man leie et nettverk av agenter i ange land som skulle kj\u00f8pe loddene dine og penger til din fordel.<\/p>\n<p>Dette ville selvf\u00f8lgelig v\u00e6rt langt fra praktisk. Det var i hvert fall det fram til nylig. N\u00e5, gjennom en online tjeneste som heter RedFoxLotto, har denne dr\u00f8mmen blitt en virkelighet.<br \/>\n<a href=\"https:\/\/redfoxlotto.com\/play\/mega-millions\/?ref=a8564250a2&amp;medium=ol365\" target=\"_blank\" rel=\"noopener noreferrer\"> <img decoding=\"async\" class=\"aligncenter\" src=\" https:\/\/redfoxlotto.com\/image?size=7&amp;lottery=mega-millions \" alt=\" play mega millions \" width=\" 841 \" height=\" 108 \" \/><\/a><\/p>\n<p>S\u00e5 n\u00e5, ved \u00e5 sette opp en konto hos RedFoxLotto, kan du spille internasjonal lotto rett fra ditt eget hjem, og faktisk rett fra dataen som du leser dette fra akkurat n\u00e5. N\u00e5r som helst du har tilgang til internett, kan du kj\u00f8pe lotteri lodd online gjennom denne fantastiske tjenesten.<\/p>\n<h2>N\u00e5 Velg Hvilket Som Helst Land Du Vil<\/h2>\n<p>Siden dette er en internasjonal lotto tjeneste, kan du velge fra et stort utvalg av internasjonale lotterier fra mange forskjellige land og regioner i verden som er tilbudt av RedFoxLotto.<\/p>\n<p>Selv det \u00e5 kj\u00f8pe et lodd for det store lotteriet i ditt eget land inneb\u00e6rer at du m\u00e5 ut til butikken og kj\u00f8pe det. Med RedFoxLotto derimot, trenger du ikke g\u00e5 ut av d\u00f8ra en gang, og den eneste gangen du vil trenge det er hvis du vinner jackpot, da m\u00e5 du reise til landet du vant jackpoten og motta det i egen person. Med alle millionene du kommer til \u00e5 f\u00e5 etter denne turen, vil dette bare v\u00e6re en ekstrem nytelse.<\/p>\n<h2>Du Kan Velge Blant Alle De Store Internasjonale Lotteriene<\/h2>\n<p>Blir du spent av konseptet om \u00e5 spille lotto for titalls eller hundretalls millioner? F\u00e5r du blandede f\u00f8lelser av \u00e5 se store lottovinnere fra andre land og omr\u00e5der som f\u00e5r store jackpoter, n\u00e5r du ville likt \u00e5 f\u00e5 muligheten til \u00e5 kj\u00f8pe lodd for disse store verdensomspennende trekkene, men s\u00e5 kan du ikke fordi du ikke bor der?<\/p>\n<p>Vel den tiden er n\u00e5 forbi. N\u00e5, kan du bestille s\u00e5 mange lodd du vil fra hvilket lotteri du m\u00e5tte \u00f8nske, online. Noe som er enda viktigere er at du kan f\u00e5 informasjon om hvor stor hver jackpot er fra samme side som du bestiller lodd.<\/p>\n<p>Blant de internasjonale lotteriene som er tilgjengelig fra RedFoxLotto are USAs Powerball, The U.S. Mega Millions, EuroMillions, EuroMillions U.K., Powerball Australia, Euro Jackpot, El Gordo, SuperEnalotto, Mega Sena, Oz Lotto, La Primitiva, U.K. National Lottery, Thunderball Lotto, German Lotto og mer.<\/p>\n<h2>RedFoxLotto Gj\u00f8r Alt Veldig Enkelt For Oss<\/h2>\n<p><img loading=\"lazy\" decoding=\"async\" class=\"alignright wp-image-1862\" src=\"https:\/\/onlinelotto365.com\/wp-content\/uploads\/2020\/11\/online_lottery-166-200x300.jpg\" alt=\"spill lotto online\" width=\"178\" height=\"269\" \/><\/p>\n<p>N\u00e5r du har satt opp en konto med RedFoxLotto, noe som kun inneb\u00e6rer at du skriver inn informasjonen din online, s\u00e5 kan du bla i alle lotteriene som blir tilbudt til deg. Du kan se akkurat hvor stor den kommende jackpoten er, og hvor lenge det er til neste trekk.<\/p>\n<p>En god strategi som mange spillere bruker er \u00e5 velge lotterier som har b\u00e5de store jackpoter og som har trekk som kommer snart, slik at de ikke trenger \u00e5 vente s\u00e5 lenge til at noe skjer. Uansett, kan du spille s\u00e5 mange forskjellige lotterier du m\u00e5tte \u00f8nske, og det er faktisk ikke en d\u00e5rlig id\u00e9 \u00e5 ha et bredt spillerom, for \u00e5 \u00f8ke antall store jackpoter du kan vinne.<\/p>\n<p>S\u00e5, n\u00e5r du har bestemt hvilke lotterier du skal spille, trenger du bare \u00e5 bestemme deg for hvor mange lodd du skal kj\u00f8pe, kom enten opp med egne nummer, eller la maskinen velge det for deg, og vips, er du klar til \u00e5 kj\u00f8pe lodd online.<\/p>\n<p>Alt du trenger for \u00e5 betale for dine online lotteri lodd er \u00e5 velge et av mange betalingsmetoder som er tilbudt av RedFoxLotto. Det er totalt 25 forskjellige betalingsmetoder, inkludert Visa, Mastercard, debet kort, og andre, og selv overf\u00f8ring rett fra din bankkonto, blant andre metoder.<\/p>\n<h2>Hvordan f\u00e5r jeg gevinstene mine?<\/h2>\n<p>V\u00e5r loddtjeneste inkluderer v\u00e5r hjelp n\u00e5r det gjelder \u00e5 innl\u00f8se <a href=\"https:\/\/onlinelotto365.com\/no\/vinnende-lotteritall\"> gevinster <\/a> dine. Det er to forskjellige prosedyrer for dette:<\/p>\n<ul>\n<li>Gevinster p\u00e5 <strong> under \u20ac 2500: <\/strong> Det vant bel\u00f8pet vil bli kreditert din brukerbalanse p\u00e5 nettstedet v\u00e5rt. Du kan ta ut penger derfra, for eksempel til kredittkortet eller bankkontoen.<\/li>\n<li>Gevinster p\u00e5 <strong>mer enn \u20ac 2500: <\/strong> Betalinger av h\u00f8yere bel\u00f8p vil bli gjort direkte av lotteriet selv. Vi vil gi deg et skjema som du m\u00e5 fylle ut og sende tilbake til oss. Skjemaet inneholder instruksjonene for utbetalingen, som enten kan v\u00e6re en bankoverf\u00f8ring eller en sjekk. Alt dette vil bli gjort online. Vi sender skjemaet til lotteriet, og de vil overf\u00f8re pengene til bankkontoen din, eller sende deg en sjekk &#8211; i henhold til dine preferanser.<\/li>\n<\/ul>\n","protected":false},"excerpt":{"rendered":"<p>Det \u00e5 spille ved de st\u00f8rste lotteriene fra hele verden har v\u00e6rt noe lotto spillere har \u00f8nsket over mange \u00e5r. Helt fram til i dag, m\u00e5tte man leie et nettverk av agenter i ange land som skulle kj\u00f8pe loddene dine og penger til din fordel. Dette ville selvf\u00f8lgelig v\u00e6rt langt fra praktisk. Det var i [&hellip;]<\/p>\n","protected":false},"author":1,"featured_media":0,"parent":0,"menu_order":2,"comment_status":"closed","ping_status":"closed","template":"Play-all.php","meta":{"_et_pb_use_builder":"","_et_pb_old_content":"","_et_gb_content_width":"","exclude_from_search":false,"footnotes":""},"class_list":["post-5028","page","type-page","status-publish","hentry"],"yoast_head":"<!-- This site is optimized with the Yoast SEO plugin v23.4 - https:\/\/yoast.com\/wordpress\/plugins\/seo\/ -->\n<title>Spill internasjonal lotto online<\/title>\n<meta name=\"description\" content=\"Vi gj\u00f8r det enkelt for deg \u00e5 spille utenlandske lotterier online - alle de store jackpottene er her\" \/>\n<meta name=\"robots\" content=\"index, follow, max-snippet:-1, max-image-preview:large, max-video-preview:-1\" \/>\n<link rel=\"canonical\" href=\"https:\/\/onlinelotto365.com\/no\/spille\/\" \/>\n<meta property=\"og:locale\" content=\"nb_NO\" \/>\n<meta property=\"og:type\" content=\"article\" \/>\n<meta property=\"og:title\" content=\"Spill internasjonal lotto online\" \/>\n<meta property=\"og:description\" content=\"Vi gj\u00f8r det enkelt for deg \u00e5 spille utenlandske lotterier online - alle de store jackpottene er her\" \/>\n<meta property=\"og:url\" content=\"https:\/\/onlinelotto365.com\/no\/spille\/\" \/>\n<meta property=\"og:site_name\" content=\"OnlineLotto365\" \/>\n<meta property=\"article:modified_time\" content=\"2021-03-04T15:53:55+00:00\" \/>\n<meta property=\"og:image\" content=\"https:\/\/onlinelotto365.com\/wp-content\/uploads\/2020\/11\/online_lottery-166-200x300.jpg\" \/>\n<meta name=\"twitter:card\" content=\"summary_large_image\" \/>\n<meta name=\"twitter:label1\" content=\"Ansl. lesetid\" \/>\n\t<meta name=\"twitter:data1\" content=\"4 minutter\" \/>\n<script type=\"application\/ld+json\" class=\"yoast-schema-graph\">{\"@context\":\"https:\/\/schema.org\",\"@graph\":[{\"@type\":\"WebPage\",\"@id\":\"https:\/\/onlinelotto365.com\/no\/spille\/\",\"url\":\"https:\/\/onlinelotto365.com\/no\/spille\/\",\"name\":\"Spill internasjonal lotto online\",\"isPartOf\":{\"@id\":\"https:\/\/onlinelotto365.com\/no\/#website\"},\"primaryImageOfPage\":{\"@id\":\"https:\/\/onlinelotto365.com\/no\/spille\/#primaryimage\"},\"image\":{\"@id\":\"https:\/\/onlinelotto365.com\/no\/spille\/#primaryimage\"},\"thumbnailUrl\":\"https:\/\/onlinelotto365.com\/wp-content\/uploads\/2020\/11\/online_lottery-166-200x300.jpg\",\"datePublished\":\"2020-12-03T08:35:56+00:00\",\"dateModified\":\"2021-03-04T15:53:55+00:00\",\"description\":\"Vi gj\u00f8r det enkelt for deg \u00e5 spille utenlandske lotterier online - alle de store jackpottene er her\",\"breadcrumb\":{\"@id\":\"https:\/\/onlinelotto365.com\/no\/spille\/#breadcrumb\"},\"inLanguage\":\"nb-NO\",\"potentialAction\":[{\"@type\":\"ReadAction\",\"target\":[\"https:\/\/onlinelotto365.com\/no\/spille\/\"]}]},{\"@type\":\"ImageObject\",\"inLanguage\":\"nb-NO\",\"@id\":\"https:\/\/onlinelotto365.com\/no\/spille\/#primaryimage\",\"url\":\"https:\/\/onlinelotto365.com\/wp-content\/uploads\/2020\/11\/online_lottery-166-200x300.jpg\",\"contentUrl\":\"https:\/\/onlinelotto365.com\/wp-content\/uploads\/2020\/11\/online_lottery-166-200x300.jpg\"},{\"@type\":\"BreadcrumbList\",\"@id\":\"https:\/\/onlinelotto365.com\/no\/spille\/#breadcrumb\",\"itemListElement\":[{\"@type\":\"ListItem\",\"position\":1,\"name\":\"Home\",\"item\":\"https:\/\/onlinelotto365.com\/no\/\"},{\"@type\":\"ListItem\",\"position\":2,\"name\":\"Spill hvilket som helst internasjonal lotteri du vil, uansett hvor du bor\"}]},{\"@type\":\"WebSite\",\"@id\":\"https:\/\/onlinelotto365.com\/no\/#website\",\"url\":\"https:\/\/onlinelotto365.com\/no\/\",\"name\":\"OnlineLotto365\",\"description\":\"\",\"potentialAction\":[{\"@type\":\"SearchAction\",\"target\":{\"@type\":\"EntryPoint\",\"urlTemplate\":\"https:\/\/onlinelotto365.com\/no\/?s={search_term_string}\"},\"query-input\":{\"@type\":\"PropertyValueSpecification\",\"valueRequired\":true,\"valueName\":\"search_term_string\"}}],\"inLanguage\":\"nb-NO\"}]}<\/script>\n<!-- \/ Yoast SEO plugin. -->","yoast_head_json":{"title":"Spill internasjonal lotto online","description":"Vi gj\u00f8r det enkelt for deg \u00e5 spille utenlandske lotterier online - alle de store jackpottene er her","robots":{"index":"index","follow":"follow","max-snippet":"max-snippet:-1","max-image-preview":"max-image-preview:large","max-video-preview":"max-video-preview:-1"},"canonical":"https:\/\/onlinelotto365.com\/no\/spille\/","og_locale":"nb_NO","og_type":"article","og_title":"Spill internasjonal lotto online","og_description":"Vi gj\u00f8r det enkelt for deg \u00e5 spille utenlandske lotterier online - alle de store jackpottene er her","og_url":"https:\/\/onlinelotto365.com\/no\/spille\/","og_site_name":"OnlineLotto365","article_modified_time":"2021-03-04T15:53:55+00:00","og_image":[{"url":"https:\/\/onlinelotto365.com\/wp-content\/uploads\/2020\/11\/online_lottery-166-200x300.jpg"}],"twitter_card":"summary_large_image","twitter_misc":{"Ansl. lesetid":"4 minutter"},"schema":{"@context":"https:\/\/schema.org","@graph":[{"@type":"WebPage","@id":"https:\/\/onlinelotto365.com\/no\/spille\/","url":"https:\/\/onlinelotto365.com\/no\/spille\/","name":"Spill internasjonal lotto online","isPartOf":{"@id":"https:\/\/onlinelotto365.com\/no\/#website"},"primaryImageOfPage":{"@id":"https:\/\/onlinelotto365.com\/no\/spille\/#primaryimage"},"image":{"@id":"https:\/\/onlinelotto365.com\/no\/spille\/#primaryimage"},"thumbnailUrl":"https:\/\/onlinelotto365.com\/wp-content\/uploads\/2020\/11\/online_lottery-166-200x300.jpg","datePublished":"2020-12-03T08:35:56+00:00","dateModified":"2021-03-04T15:53:55+00:00","description":"Vi gj\u00f8r det enkelt for deg \u00e5 spille utenlandske lotterier online - alle de store jackpottene er her","breadcrumb":{"@id":"https:\/\/onlinelotto365.com\/no\/spille\/#breadcrumb"},"inLanguage":"nb-NO","potentialAction":[{"@type":"ReadAction","target":["https:\/\/onlinelotto365.com\/no\/spille\/"]}]},{"@type":"ImageObject","inLanguage":"nb-NO","@id":"https:\/\/onlinelotto365.com\/no\/spille\/#primaryimage","url":"https:\/\/onlinelotto365.com\/wp-content\/uploads\/2020\/11\/online_lottery-166-200x300.jpg","contentUrl":"https:\/\/onlinelotto365.com\/wp-content\/uploads\/2020\/11\/online_lottery-166-200x300.jpg"},{"@type":"BreadcrumbList","@id":"https:\/\/onlinelotto365.com\/no\/spille\/#breadcrumb","itemListElement":[{"@type":"ListItem","position":1,"name":"Home","item":"https:\/\/onlinelotto365.com\/no\/"},{"@type":"ListItem","position":2,"name":"Spill hvilket som helst internasjonal lotteri du vil, uansett hvor du bor"}]},{"@type":"WebSite","@id":"https:\/\/onlinelotto365.com\/no\/#website","url":"https:\/\/onlinelotto365.com\/no\/","name":"OnlineLotto365","description":"","potentialAction":[{"@type":"SearchAction","target":{"@type":"EntryPoint","urlTemplate":"https:\/\/onlinelotto365.com\/no\/?s={search_term_string}"},"query-input":{"@type":"PropertyValueSpecification","valueRequired":true,"valueName":"search_term_string"}}],"inLanguage":"nb-NO"}]}},"_links":{"self":[{"href":"https:\/\/onlinelotto365.com\/no\/wp-json\/wp\/v2\/pages\/5028","targetHints":{"allow":["GET"]}}],"collection":[{"href":"https:\/\/onlinelotto365.com\/no\/wp-json\/wp\/v2\/pages"}],"about":[{"href":"https:\/\/onlinelotto365.com\/no\/wp-json\/wp\/v2\/types\/page"}],"author":[{"embeddable":true,"href":"https:\/\/onlinelotto365.com\/no\/wp-json\/wp\/v2\/users\/1"}],"replies":[{"embeddable":true,"href":"https:\/\/onlinelotto365.com\/no\/wp-json\/wp\/v2\/comments?post=5028"}],"version-history":[{"count":0,"href":"https:\/\/onlinelotto365.com\/no\/wp-json\/wp\/v2\/pages\/5028\/revisions"}],"wp:attachment":[{"href":"https:\/\/onlinelotto365.com\/no\/wp-json\/wp\/v2\/media?parent=5028"}],"curies":[{"name":"wp","href":"https:\/\/api.w.org\/{rel}","templated":true}]}}