{"id":5668,"date":"2020-12-04T18:52:25","date_gmt":"2020-12-04T17:52:25","guid":{"rendered":"http:\/\/onlinelotto365.net\/?page_id=5668"},"modified":"2021-03-04T16:56:31","modified_gmt":"2021-03-04T15:56:31","slug":"kjope-billetter","status":"publish","type":"page","link":"https:\/\/onlinelotto365.com\/no\/kjope-billetter\/","title":{"rendered":"Hvorfor det er mer fornuftig \u00e5 kj\u00f8pe lodd p\u00e5 nettet"},"content":{"rendered":"<p>Det fins massevis av folk som gambler p\u00e5 online casinoer, og noen av disse tilbyr ogs\u00e5 simulerte lottotrekninger. Du velger dine numre p\u00e5 samme m\u00e5te som i et vanlig lottotrekning, og en datamaskin trekker numrene for deg.<\/p>\n<p>Vil du ikke heller spille p\u00e5 ordentlig? Selvf\u00f8lgelig vil du det. Disse nettlotteriene er sm\u00e5greier, og de er ikke engang strukturert som en ekte lottotrekning. Hvordan kan du engang vite at det virkelig fungerer. Det som er sikkert er at online lotto kun er en billig kopi av en ekte lottotrekning.<br \/>\n<a href=\"https:\/\/redfoxlotto.com\/?ref=a8564250a2&amp;medium=ol365\" target=\"_blank\" rel=\"noopener noreferrer\"><img loading=\"lazy\" decoding=\"async\" class=\"aligncenter\" src=\"https:\/\/redfoxlotto.com\/image?size=8&amp;lottery=euromillions\" alt=\"Euromillions\" width=\"720\" height=\"90\" \/><\/a><\/p>\n<p>Til tross for at online gambling har blitt uhyre popul\u00e6rt er det fortsatt de ekte lotteriene som dominerer. Det er mye mer penger i potten i ekte lotterier enn i noen andre former for gambling tilsammen. Det er ikke p\u00e5 grunn av tilfeldigheter heller, siden gleden og spenningen i ekte lotterier ikke kan matches, uansett hvor god onlineteknologien blir.<\/p>\n<h2>Kunne du tenke deg \u00e5 spille i en hvilket som helst lottotreking?<\/h2>\n<p>Inntil n\u00e5 har dine muligheter v\u00e6rt begrenset til \u00e5 kun spille p\u00e5 de lotteriene som er tilgjengelig der du bor i verden. Avhengig av hvor det er kan det hende at det noen ganger er gedigne jackpotter \u00e5 vinne, jackpotter som skaper spenninger og f\u00e5r folk til \u00e5 st\u00e5 i k\u00f8 f\u00e5r \u00e5 levere en kupong.<\/p>\n<p>For \u00e5 kj\u00f8pe lottokuponger i andre land m\u00e5tte du faktisk fysisk dra dit og kj\u00f8pe dem personlig. Med mindre du er dratt p\u00e5 ferie til landet eller lignende fra f\u00f8r av, s\u00e5 vil du ikke ha muligheten til dette (eller det ville v\u00e6re ugunstig med tanke p\u00e5 tid og penger).<\/p>\n<p>De fleste har ikke engang vurdert \u00e5 spille lotto i et annet land. Noen har dr\u00f8mt om det, men det har v\u00e6rt en dr\u00f8m som har v\u00e6rt vanskelig \u00e5 sette ut i livet, frem til n\u00e5.<\/p>\n<p>Derfor er det med stor glede vi kan annonsere at det er kommet en ny tjeneste p\u00e5 banen, en tjeneste som lar deg spille p\u00e5 alle de st\u00f8rste lotteriene i verden fra ditt eget hjem. Vi gj\u00f8r alt arbeidet for deg.<\/p>\n<h2>Hvordan prosessen funker<\/h2>\n<p>Det f\u00f8rste du m\u00e5 gj\u00f8re er \u00e5 velge hvilke lottotrekninger du \u00f8nsker \u00e5 spille p\u00e5, og du kan velge blant alle de st\u00f8rste og mest popul\u00e6re lottotrekningene i verden. Deretter velger du hvor mange kuponger du vil levere, og du kan enten velger numre selv, eller la maskinen velge for deg.<\/p>\n<p>S\u00e5 \u00e5pner du en konto og legger inn alle dine personlige detaljer, i tillegg til \u00e5 velge et brukernavn og et passord slik at du kan logge inn p\u00e5 lottosiden n\u00e5r som helst.<\/p>\n<p>Til slutt velger du en betalingsmetoder for \u00e5 betale for kupongene dine. De fleste velger \u00e5 bruke kredittkort, men det fins flere andre betalingsmetoder dersom du \u00f8nsker. Alle transaksjoner er selvf\u00f8lgelig helt trygge. Siden bruker den nyeste sikkerhetsprogramvaren, s\u00e5 du trenger ikke bekymre deg for noe som helst.<\/p>\n<p>F\u00f8r hver trekning er det klokke som teller ned slik at du alltid vet hvor lenge det er til neste trekning, slik at du enkelt kan velge hvilken lottotrekning du vil kj\u00f8pe kuponger til.<\/p>\n<h2>Systemet kj\u00f8per og registrerer billetten for deg<\/h2>\n<p><img loading=\"lazy\" decoding=\"async\" class=\" wp-image-729 alignright\" src=\"https:\/\/onlinelotto365.com\/wp-content\/uploads\/2020\/11\/online_lottery-52-300x169.jpg\" alt=\"Kj\u00f8p lottokuponger online\" width=\"210\" height=\"119\" \/><\/p>\n<p>Tjeneste kj\u00f8per og registrerer billetten for deg. Den vil ha ditt navn p\u00e5 seg, slik at ingen andre kan innkassere den. Deretter sender de deg en email med en fotokopi av billetten slik at du har den tilgjengelig.<\/p>\n<p>Resultatene fra hvert lotteri blir publisert p\u00e5 siden, og selv om det er g\u00f8y og spennende \u00e5 sjekke selv trenger du ikke \u00e5 bry deg med det hvis du ikke vil. Hver gang du vinner vil du bli varslet per email, slik at du aldri g\u00e5r glipp av en eneste gevinst.<\/p>\n<p>Sp\u00f8r din lokale lottoforhandler om de er villige til \u00e5 gj\u00f8re alt dette for deg. De vil tro at du er spik spenne g\u00e6rn. Det viser hvilken f\u00f8rsteklasses tjeneste dette er, og de gir deg ogs\u00e5 all hjelp du trenger underveis.<\/p>\n<h2>Slik innkasserer du gevinstene dine<\/h2>\n<p>Avhengig av hvor mye du vinner fins det ulike fremgangsm\u00e5ter for \u00e5 innkassere gevinsten din. Hvis gevinsten er p\u00e5 under \u20ac2500 kan du beholde pengene p\u00e5 din spillkonto dersom du \u00f8nsker \u00e5 kj\u00f8pe nye kuponger, eller du kan f\u00e5 dem tilsendt. N\u00e5r du vinner st\u00f8rre summer vil du bli tilsendt et skjema som du fyller ut og returnerer, og s\u00e5 f\u00e5r du pengene tilsendt via sjekk, og du kan sette pengene rett inn p\u00e5 din egen bruks- eller sparekonto.<\/p>\n<p>N\u00e5r du vinner en stor gevinst vil kanskje lotteriet kreve at du m\u00f8ter opp personlig for \u00e5 innkassere den. N\u00e5r du har vunnet s\u00e5 mye penger vil det derimot v\u00e6re en veldig forn\u00f8yelig tur. Din kupong har akkurat skaffet deg en jackpott, og du kan liks\u00e5godt starte feiringen med en ferie. N\u00e5r du kommer hjem igjen kan du ta permanent ferie og nyte et liv fullt av ren nytelse. Valget vil v\u00e6re ditt!<\/p>\n<p><a href=\"https:\/\/redfoxlotto.com\/?ref=A8564250A2&amp;medium=ol365\">Klikk her for \u00e5 starte moroa!<\/a><\/p>\n","protected":false},"excerpt":{"rendered":"<p>Det fins massevis av folk som gambler p\u00e5 online casinoer, og noen av disse tilbyr ogs\u00e5 simulerte lottotrekninger. Du velger dine numre p\u00e5 samme m\u00e5te som i et vanlig lottotrekning, og en datamaskin trekker numrene for deg. Vil du ikke heller spille p\u00e5 ordentlig? Selvf\u00f8lgelig vil du det. Disse nettlotteriene er sm\u00e5greier, og de er [&hellip;]<\/p>\n","protected":false},"author":1,"featured_media":0,"parent":0,"menu_order":3,"comment_status":"closed","ping_status":"closed","template":"Information.php","meta":{"_et_pb_use_builder":"","_et_pb_old_content":"","_et_gb_content_width":"","exclude_from_search":false,"footnotes":""},"class_list":["post-5668","page","type-page","status-publish","hentry"],"yoast_head":"<!-- This site is optimized with the Yoast SEO plugin v23.4 - https:\/\/yoast.com\/wordpress\/plugins\/seo\/ -->\n<title>Kj\u00f8p lottokuponger online, online loddtjeneste for internasjonale lotterier<\/title>\n<meta name=\"description\" content=\"\u00c5 kj\u00f8pe lottokuponger online p\u00e5 alle verdens mest popul\u00e6re lotterier har n\u00e5 blitt morsomt og enkelt med denne tjenesten. Vi har all informasjonen du trenger for \u00e5 komme i gang\" \/>\n<meta name=\"robots\" content=\"index, follow, max-snippet:-1, max-image-preview:large, max-video-preview:-1\" \/>\n<link rel=\"canonical\" href=\"https:\/\/onlinelotto365.com\/no\/kjope-billetter\/\" \/>\n<meta property=\"og:locale\" content=\"nb_NO\" \/>\n<meta property=\"og:type\" content=\"article\" \/>\n<meta property=\"og:title\" content=\"Kj\u00f8p lottokuponger online, online loddtjeneste for internasjonale lotterier\" \/>\n<meta property=\"og:description\" content=\"\u00c5 kj\u00f8pe lottokuponger online p\u00e5 alle verdens mest popul\u00e6re lotterier har n\u00e5 blitt morsomt og enkelt med denne tjenesten. Vi har all informasjonen du trenger for \u00e5 komme i gang\" \/>\n<meta property=\"og:url\" content=\"https:\/\/onlinelotto365.com\/no\/kjope-billetter\/\" \/>\n<meta property=\"og:site_name\" content=\"OnlineLotto365\" \/>\n<meta property=\"article:modified_time\" content=\"2021-03-04T15:56:31+00:00\" \/>\n<meta property=\"og:image\" content=\"https:\/\/redfoxlotto.com\/image?size=8&amp;lottery=euromillions\" \/>\n<meta name=\"twitter:card\" content=\"summary_large_image\" \/>\n<meta name=\"twitter:label1\" content=\"Ansl. lesetid\" \/>\n\t<meta name=\"twitter:data1\" content=\"4 minutter\" \/>\n<script type=\"application\/ld+json\" class=\"yoast-schema-graph\">{\"@context\":\"https:\/\/schema.org\",\"@graph\":[{\"@type\":\"WebPage\",\"@id\":\"https:\/\/onlinelotto365.com\/no\/kjope-billetter\/\",\"url\":\"https:\/\/onlinelotto365.com\/no\/kjope-billetter\/\",\"name\":\"Kj\u00f8p lottokuponger online, online loddtjeneste for internasjonale lotterier\",\"isPartOf\":{\"@id\":\"https:\/\/onlinelotto365.com\/no\/#website\"},\"primaryImageOfPage\":{\"@id\":\"https:\/\/onlinelotto365.com\/no\/kjope-billetter\/#primaryimage\"},\"image\":{\"@id\":\"https:\/\/onlinelotto365.com\/no\/kjope-billetter\/#primaryimage\"},\"thumbnailUrl\":\"https:\/\/redfoxlotto.com\/image?size=8&amp;lottery=euromillions\",\"datePublished\":\"2020-12-04T17:52:25+00:00\",\"dateModified\":\"2021-03-04T15:56:31+00:00\",\"description\":\"\u00c5 kj\u00f8pe lottokuponger online p\u00e5 alle verdens mest popul\u00e6re lotterier har n\u00e5 blitt morsomt og enkelt med denne tjenesten. Vi har all informasjonen du trenger for \u00e5 komme i gang\",\"breadcrumb\":{\"@id\":\"https:\/\/onlinelotto365.com\/no\/kjope-billetter\/#breadcrumb\"},\"inLanguage\":\"nb-NO\",\"potentialAction\":[{\"@type\":\"ReadAction\",\"target\":[\"https:\/\/onlinelotto365.com\/no\/kjope-billetter\/\"]}]},{\"@type\":\"ImageObject\",\"inLanguage\":\"nb-NO\",\"@id\":\"https:\/\/onlinelotto365.com\/no\/kjope-billetter\/#primaryimage\",\"url\":\"https:\/\/redfoxlotto.com\/image?size=8&amp;lottery=euromillions\",\"contentUrl\":\"https:\/\/redfoxlotto.com\/image?size=8&amp;lottery=euromillions\"},{\"@type\":\"BreadcrumbList\",\"@id\":\"https:\/\/onlinelotto365.com\/no\/kjope-billetter\/#breadcrumb\",\"itemListElement\":[{\"@type\":\"ListItem\",\"position\":1,\"name\":\"Home\",\"item\":\"https:\/\/onlinelotto365.com\/no\/\"},{\"@type\":\"ListItem\",\"position\":2,\"name\":\"Hvorfor det er mer fornuftig \u00e5 kj\u00f8pe lodd p\u00e5 nettet\"}]},{\"@type\":\"WebSite\",\"@id\":\"https:\/\/onlinelotto365.com\/no\/#website\",\"url\":\"https:\/\/onlinelotto365.com\/no\/\",\"name\":\"OnlineLotto365\",\"description\":\"\",\"potentialAction\":[{\"@type\":\"SearchAction\",\"target\":{\"@type\":\"EntryPoint\",\"urlTemplate\":\"https:\/\/onlinelotto365.com\/no\/?s={search_term_string}\"},\"query-input\":{\"@type\":\"PropertyValueSpecification\",\"valueRequired\":true,\"valueName\":\"search_term_string\"}}],\"inLanguage\":\"nb-NO\"}]}<\/script>\n<!-- \/ Yoast SEO plugin. -->","yoast_head_json":{"title":"Kj\u00f8p lottokuponger online, online loddtjeneste for internasjonale lotterier","description":"\u00c5 kj\u00f8pe lottokuponger online p\u00e5 alle verdens mest popul\u00e6re lotterier har n\u00e5 blitt morsomt og enkelt med denne tjenesten. Vi har all informasjonen du trenger for \u00e5 komme i gang","robots":{"index":"index","follow":"follow","max-snippet":"max-snippet:-1","max-image-preview":"max-image-preview:large","max-video-preview":"max-video-preview:-1"},"canonical":"https:\/\/onlinelotto365.com\/no\/kjope-billetter\/","og_locale":"nb_NO","og_type":"article","og_title":"Kj\u00f8p lottokuponger online, online loddtjeneste for internasjonale lotterier","og_description":"\u00c5 kj\u00f8pe lottokuponger online p\u00e5 alle verdens mest popul\u00e6re lotterier har n\u00e5 blitt morsomt og enkelt med denne tjenesten. Vi har all informasjonen du trenger for \u00e5 komme i gang","og_url":"https:\/\/onlinelotto365.com\/no\/kjope-billetter\/","og_site_name":"OnlineLotto365","article_modified_time":"2021-03-04T15:56:31+00:00","og_image":[{"url":"https:\/\/redfoxlotto.com\/image?size=8&amp;lottery=euromillions"}],"twitter_card":"summary_large_image","twitter_misc":{"Ansl. lesetid":"4 minutter"},"schema":{"@context":"https:\/\/schema.org","@graph":[{"@type":"WebPage","@id":"https:\/\/onlinelotto365.com\/no\/kjope-billetter\/","url":"https:\/\/onlinelotto365.com\/no\/kjope-billetter\/","name":"Kj\u00f8p lottokuponger online, online loddtjeneste for internasjonale lotterier","isPartOf":{"@id":"https:\/\/onlinelotto365.com\/no\/#website"},"primaryImageOfPage":{"@id":"https:\/\/onlinelotto365.com\/no\/kjope-billetter\/#primaryimage"},"image":{"@id":"https:\/\/onlinelotto365.com\/no\/kjope-billetter\/#primaryimage"},"thumbnailUrl":"https:\/\/redfoxlotto.com\/image?size=8&amp;lottery=euromillions","datePublished":"2020-12-04T17:52:25+00:00","dateModified":"2021-03-04T15:56:31+00:00","description":"\u00c5 kj\u00f8pe lottokuponger online p\u00e5 alle verdens mest popul\u00e6re lotterier har n\u00e5 blitt morsomt og enkelt med denne tjenesten. Vi har all informasjonen du trenger for \u00e5 komme i gang","breadcrumb":{"@id":"https:\/\/onlinelotto365.com\/no\/kjope-billetter\/#breadcrumb"},"inLanguage":"nb-NO","potentialAction":[{"@type":"ReadAction","target":["https:\/\/onlinelotto365.com\/no\/kjope-billetter\/"]}]},{"@type":"ImageObject","inLanguage":"nb-NO","@id":"https:\/\/onlinelotto365.com\/no\/kjope-billetter\/#primaryimage","url":"https:\/\/redfoxlotto.com\/image?size=8&amp;lottery=euromillions","contentUrl":"https:\/\/redfoxlotto.com\/image?size=8&amp;lottery=euromillions"},{"@type":"BreadcrumbList","@id":"https:\/\/onlinelotto365.com\/no\/kjope-billetter\/#breadcrumb","itemListElement":[{"@type":"ListItem","position":1,"name":"Home","item":"https:\/\/onlinelotto365.com\/no\/"},{"@type":"ListItem","position":2,"name":"Hvorfor det er mer fornuftig \u00e5 kj\u00f8pe lodd p\u00e5 nettet"}]},{"@type":"WebSite","@id":"https:\/\/onlinelotto365.com\/no\/#website","url":"https:\/\/onlinelotto365.com\/no\/","name":"OnlineLotto365","description":"","potentialAction":[{"@type":"SearchAction","target":{"@type":"EntryPoint","urlTemplate":"https:\/\/onlinelotto365.com\/no\/?s={search_term_string}"},"query-input":{"@type":"PropertyValueSpecification","valueRequired":true,"valueName":"search_term_string"}}],"inLanguage":"nb-NO"}]}},"_links":{"self":[{"href":"https:\/\/onlinelotto365.com\/no\/wp-json\/wp\/v2\/pages\/5668","targetHints":{"allow":["GET"]}}],"collection":[{"href":"https:\/\/onlinelotto365.com\/no\/wp-json\/wp\/v2\/pages"}],"about":[{"href":"https:\/\/onlinelotto365.com\/no\/wp-json\/wp\/v2\/types\/page"}],"author":[{"embeddable":true,"href":"https:\/\/onlinelotto365.com\/no\/wp-json\/wp\/v2\/users\/1"}],"replies":[{"embeddable":true,"href":"https:\/\/onlinelotto365.com\/no\/wp-json\/wp\/v2\/comments?post=5668"}],"version-history":[{"count":0,"href":"https:\/\/onlinelotto365.com\/no\/wp-json\/wp\/v2\/pages\/5668\/revisions"}],"wp:attachment":[{"href":"https:\/\/onlinelotto365.com\/no\/wp-json\/wp\/v2\/media?parent=5668"}],"curies":[{"name":"wp","href":"https:\/\/api.w.org\/{rel}","templated":true}]}}