{"id":5856,"date":"2020-12-05T09:58:57","date_gmt":"2020-12-05T08:58:57","guid":{"rendered":"http:\/\/onlinelotto365.net\/?page_id=5856"},"modified":"2021-03-04T17:18:43","modified_gmt":"2021-03-04T16:18:43","slug":"vinnende-lotteritall","status":"publish","type":"page","link":"https:\/\/onlinelotto365.com\/no\/vinnende-lotteritall\/","title":{"rendered":"Leter du etter internasjonale lotto resultater?"},"content":{"rendered":"<p>Finn de vinnende tallene for verdens st\u00f8rste internasjonale lotterier her. Vi oppdaterer denne siden permanent, s\u00e5 kom tilbake for de nyeste resultatene n\u00e5r du trenger dem. Hvis du har spilt i noen av de internasjonale lotteriene, h\u00e5per vi at billetten din har de vinnende tallene! Og forresten &#8211; er du klar over det faktum at flere ganger i historien har spillerne vunnet store ved \u00e5 bruke de vinnende tallene til et utenlandsk lotteri for \u00e5 spille dem i sitt eget lokale lotteri?<br \/>\n<a href=\"https:\/\/redfoxlotto.com\/?ref=a8564250a2&amp;medium=ol365\" target=\"_blank\" rel=\"noopener noreferrer\"><img loading=\"lazy\" decoding=\"async\" class=\"aligncenter\" src=\"https:\/\/redfoxlotto.com\/image?size=8&amp;lottery=eurojackpot\" alt=\"eurojackpot\" width=\"720\" height=\"90\" \/><\/a><\/p>\n<p>Men viktigst, vet du nok ikke at du n\u00e5 har valget til \u00e5 delta i ALLE lotterier p\u00e5 planeten &#8211; til og med lotterier i andre land enn deg selv! Enten du er interessert i Powerball, Mega Millions, Euromillions eller andre av lotteriene nedenfor, kan du f\u00e5 billetter online n\u00e5. For \u00e5 delta m\u00e5 du bare klikke p\u00e5 &laquo;Play&raquo; knappen for favorittloteren din ved siden av resultatene nedenfor. Om noen minutter vil du ha din billett. Personlig anbefaler vi at du ser p\u00e5 st\u00f8rrelsen p\u00e5 jackpotene og velger lotteriet som for tiden har den h\u00f8yeste jackpotten!<\/p>\n","protected":false},"excerpt":{"rendered":"<p>Finn de vinnende tallene for verdens st\u00f8rste internasjonale lotterier her. Vi oppdaterer denne siden permanent, s\u00e5 kom tilbake for de nyeste resultatene n\u00e5r du trenger dem. Hvis du har spilt i noen av de internasjonale lotteriene, h\u00e5per vi at billetten din har de vinnende tallene! Og forresten &#8211; er du klar over det faktum at [&hellip;]<\/p>\n","protected":false},"author":1,"featured_media":0,"parent":0,"menu_order":4,"comment_status":"closed","ping_status":"closed","template":"Results.php","meta":{"_et_pb_use_builder":"","_et_pb_old_content":"","_et_gb_content_width":"","exclude_from_search":false,"footnotes":""},"class_list":["post-5856","page","type-page","status-publish","hentry"],"yoast_head":"<!-- This site is optimized with the Yoast SEO plugin v23.4 - https:\/\/yoast.com\/wordpress\/plugins\/seo\/ -->\n<title>Vinnende lotteritall og resultater for de st\u00f8rste jackpottene i verden<\/title>\n<meta name=\"description\" content=\"Finn ukens lotto-resultater og vinnertall for de st\u00f8rste lotteriene her\" \/>\n<meta name=\"robots\" content=\"index, follow, max-snippet:-1, max-image-preview:large, max-video-preview:-1\" \/>\n<link rel=\"canonical\" href=\"https:\/\/onlinelotto365.com\/no\/vinnende-lotteritall\/\" \/>\n<meta property=\"og:locale\" content=\"nb_NO\" \/>\n<meta property=\"og:type\" content=\"article\" \/>\n<meta property=\"og:title\" content=\"Vinnende lotteritall og resultater for de st\u00f8rste jackpottene i verden\" \/>\n<meta property=\"og:description\" content=\"Finn ukens lotto-resultater og vinnertall for de st\u00f8rste lotteriene her\" \/>\n<meta property=\"og:url\" content=\"https:\/\/onlinelotto365.com\/no\/vinnende-lotteritall\/\" \/>\n<meta property=\"og:site_name\" content=\"OnlineLotto365\" \/>\n<meta property=\"article:modified_time\" content=\"2021-03-04T16:18:43+00:00\" \/>\n<meta property=\"og:image\" content=\"https:\/\/redfoxlotto.com\/image?size=8&amp;lottery=eurojackpot\" \/>\n<meta name=\"twitter:card\" content=\"summary_large_image\" \/>\n<meta name=\"twitter:label1\" content=\"Ansl. lesetid\" \/>\n\t<meta name=\"twitter:data1\" content=\"1 minutt\" \/>\n<script type=\"application\/ld+json\" class=\"yoast-schema-graph\">{\"@context\":\"https:\/\/schema.org\",\"@graph\":[{\"@type\":\"WebPage\",\"@id\":\"https:\/\/onlinelotto365.com\/no\/vinnende-lotteritall\/\",\"url\":\"https:\/\/onlinelotto365.com\/no\/vinnende-lotteritall\/\",\"name\":\"Vinnende lotteritall og resultater for de st\u00f8rste jackpottene i verden\",\"isPartOf\":{\"@id\":\"https:\/\/onlinelotto365.com\/no\/#website\"},\"primaryImageOfPage\":{\"@id\":\"https:\/\/onlinelotto365.com\/no\/vinnende-lotteritall\/#primaryimage\"},\"image\":{\"@id\":\"https:\/\/onlinelotto365.com\/no\/vinnende-lotteritall\/#primaryimage\"},\"thumbnailUrl\":\"https:\/\/redfoxlotto.com\/image?size=8&amp;lottery=eurojackpot\",\"datePublished\":\"2020-12-05T08:58:57+00:00\",\"dateModified\":\"2021-03-04T16:18:43+00:00\",\"description\":\"Finn ukens lotto-resultater og vinnertall for de st\u00f8rste lotteriene her\",\"breadcrumb\":{\"@id\":\"https:\/\/onlinelotto365.com\/no\/vinnende-lotteritall\/#breadcrumb\"},\"inLanguage\":\"nb-NO\",\"potentialAction\":[{\"@type\":\"ReadAction\",\"target\":[\"https:\/\/onlinelotto365.com\/no\/vinnende-lotteritall\/\"]}]},{\"@type\":\"ImageObject\",\"inLanguage\":\"nb-NO\",\"@id\":\"https:\/\/onlinelotto365.com\/no\/vinnende-lotteritall\/#primaryimage\",\"url\":\"https:\/\/redfoxlotto.com\/image?size=8&amp;lottery=eurojackpot\",\"contentUrl\":\"https:\/\/redfoxlotto.com\/image?size=8&amp;lottery=eurojackpot\"},{\"@type\":\"BreadcrumbList\",\"@id\":\"https:\/\/onlinelotto365.com\/no\/vinnende-lotteritall\/#breadcrumb\",\"itemListElement\":[{\"@type\":\"ListItem\",\"position\":1,\"name\":\"Home\",\"item\":\"https:\/\/onlinelotto365.com\/no\/\"},{\"@type\":\"ListItem\",\"position\":2,\"name\":\"Leter du etter internasjonale lotto resultater?\"}]},{\"@type\":\"WebSite\",\"@id\":\"https:\/\/onlinelotto365.com\/no\/#website\",\"url\":\"https:\/\/onlinelotto365.com\/no\/\",\"name\":\"OnlineLotto365\",\"description\":\"\",\"potentialAction\":[{\"@type\":\"SearchAction\",\"target\":{\"@type\":\"EntryPoint\",\"urlTemplate\":\"https:\/\/onlinelotto365.com\/no\/?s={search_term_string}\"},\"query-input\":{\"@type\":\"PropertyValueSpecification\",\"valueRequired\":true,\"valueName\":\"search_term_string\"}}],\"inLanguage\":\"nb-NO\"}]}<\/script>\n<!-- \/ Yoast SEO plugin. -->","yoast_head_json":{"title":"Vinnende lotteritall og resultater for de st\u00f8rste jackpottene i verden","description":"Finn ukens lotto-resultater og vinnertall for de st\u00f8rste lotteriene her","robots":{"index":"index","follow":"follow","max-snippet":"max-snippet:-1","max-image-preview":"max-image-preview:large","max-video-preview":"max-video-preview:-1"},"canonical":"https:\/\/onlinelotto365.com\/no\/vinnende-lotteritall\/","og_locale":"nb_NO","og_type":"article","og_title":"Vinnende lotteritall og resultater for de st\u00f8rste jackpottene i verden","og_description":"Finn ukens lotto-resultater og vinnertall for de st\u00f8rste lotteriene her","og_url":"https:\/\/onlinelotto365.com\/no\/vinnende-lotteritall\/","og_site_name":"OnlineLotto365","article_modified_time":"2021-03-04T16:18:43+00:00","og_image":[{"url":"https:\/\/redfoxlotto.com\/image?size=8&amp;lottery=eurojackpot"}],"twitter_card":"summary_large_image","twitter_misc":{"Ansl. lesetid":"1 minutt"},"schema":{"@context":"https:\/\/schema.org","@graph":[{"@type":"WebPage","@id":"https:\/\/onlinelotto365.com\/no\/vinnende-lotteritall\/","url":"https:\/\/onlinelotto365.com\/no\/vinnende-lotteritall\/","name":"Vinnende lotteritall og resultater for de st\u00f8rste jackpottene i verden","isPartOf":{"@id":"https:\/\/onlinelotto365.com\/no\/#website"},"primaryImageOfPage":{"@id":"https:\/\/onlinelotto365.com\/no\/vinnende-lotteritall\/#primaryimage"},"image":{"@id":"https:\/\/onlinelotto365.com\/no\/vinnende-lotteritall\/#primaryimage"},"thumbnailUrl":"https:\/\/redfoxlotto.com\/image?size=8&amp;lottery=eurojackpot","datePublished":"2020-12-05T08:58:57+00:00","dateModified":"2021-03-04T16:18:43+00:00","description":"Finn ukens lotto-resultater og vinnertall for de st\u00f8rste lotteriene her","breadcrumb":{"@id":"https:\/\/onlinelotto365.com\/no\/vinnende-lotteritall\/#breadcrumb"},"inLanguage":"nb-NO","potentialAction":[{"@type":"ReadAction","target":["https:\/\/onlinelotto365.com\/no\/vinnende-lotteritall\/"]}]},{"@type":"ImageObject","inLanguage":"nb-NO","@id":"https:\/\/onlinelotto365.com\/no\/vinnende-lotteritall\/#primaryimage","url":"https:\/\/redfoxlotto.com\/image?size=8&amp;lottery=eurojackpot","contentUrl":"https:\/\/redfoxlotto.com\/image?size=8&amp;lottery=eurojackpot"},{"@type":"BreadcrumbList","@id":"https:\/\/onlinelotto365.com\/no\/vinnende-lotteritall\/#breadcrumb","itemListElement":[{"@type":"ListItem","position":1,"name":"Home","item":"https:\/\/onlinelotto365.com\/no\/"},{"@type":"ListItem","position":2,"name":"Leter du etter internasjonale lotto resultater?"}]},{"@type":"WebSite","@id":"https:\/\/onlinelotto365.com\/no\/#website","url":"https:\/\/onlinelotto365.com\/no\/","name":"OnlineLotto365","description":"","potentialAction":[{"@type":"SearchAction","target":{"@type":"EntryPoint","urlTemplate":"https:\/\/onlinelotto365.com\/no\/?s={search_term_string}"},"query-input":{"@type":"PropertyValueSpecification","valueRequired":true,"valueName":"search_term_string"}}],"inLanguage":"nb-NO"}]}},"_links":{"self":[{"href":"https:\/\/onlinelotto365.com\/no\/wp-json\/wp\/v2\/pages\/5856","targetHints":{"allow":["GET"]}}],"collection":[{"href":"https:\/\/onlinelotto365.com\/no\/wp-json\/wp\/v2\/pages"}],"about":[{"href":"https:\/\/onlinelotto365.com\/no\/wp-json\/wp\/v2\/types\/page"}],"author":[{"embeddable":true,"href":"https:\/\/onlinelotto365.com\/no\/wp-json\/wp\/v2\/users\/1"}],"replies":[{"embeddable":true,"href":"https:\/\/onlinelotto365.com\/no\/wp-json\/wp\/v2\/comments?post=5856"}],"version-history":[{"count":0,"href":"https:\/\/onlinelotto365.com\/no\/wp-json\/wp\/v2\/pages\/5856\/revisions"}],"wp:attachment":[{"href":"https:\/\/onlinelotto365.com\/no\/wp-json\/wp\/v2\/media?parent=5856"}],"curies":[{"name":"wp","href":"https:\/\/api.w.org\/{rel}","templated":true}]}}