{"id":81570,"date":"2023-08-31T07:46:04","date_gmt":"2023-08-31T06:46:04","guid":{"rendered":"https:\/\/onlinelotto365.com\/spille\/fa-superenalotto-loddene-dine-hvor-som-helst"},"modified":"2023-08-31T07:46:04","modified_gmt":"2023-08-31T06:46:04","slug":"fa-superenalotto-loddene-dine-hvor-som-helst","status":"publish","type":"page","link":"https:\/\/onlinelotto365.com\/no\/spille\/fa-superenalotto-loddene-dine-hvor-som-helst\/","title":{"rendered":"F\u00e5 Superenalotto-loddene dine hvor som helst"},"content":{"rendered":"<p>I \u00e5revis har folk lengtet etter \u00e5 spille lotterier i andre deler av verden. Utfordringen har egentlig ikke v\u00e6rt at de ulike lotteriene ikke har v\u00e6rt villige til \u00e5 ta imot internasjonale lotterispillere. Utfordringen har v\u00e6rt at du fysisk m\u00e5 befinne deg i landet eller regionen der lotteriet arrangeres for \u00e5 kunne spille.<\/p>\n<p>For det f\u00f8rste m\u00e5 du bes\u00f8ke en lottoforhandler som selger lottoen du \u00f8nsker \u00e5 kj\u00f8pe lodd til. Det betyr at du m\u00e5 v\u00e6re i landet, ikke bare \u00e9n gang, men hver gang du vil kj\u00f8pe lodd. Det betyr at du m\u00e5 reise fra Storbritannia til Italia for \u00e5 kj\u00f8pe lodd til de tre trekningene i Superenalotto hver uke.<\/p>\n<p>S\u00e5 du m\u00e5 enten flytte dit eller ansette noen i Italia til \u00e5 gj\u00f8re det for deg. Det er ikke noe vi er i stand til \u00e5 gj\u00f8re. N\u00e5r du f\u00f8rst er i gang, m\u00e5 du ansette folk i alle de andre landene som har store lotterier til \u00e5 gj\u00f8re jobben for deg. Det ville koste en formue.<img decoding=\"async\" class=\"aligncenter\" src=\"https:\/\/redfoxlotto.com\/image?size=8&amp;lottery=superenalotto\" alt=\"superenalotto\" \/><\/p>\n<p>Men det finnes et flott alternativ n\u00e5 &#8211; bare spill online her p\u00e5 siden v\u00e5r!<\/p>\n<h2>\nVi dekker alle lotto-behovene dine<\/h2>\n<p>Vi har funnet ut hvordan du kan spille Superenalotto i tillegg til alle de andre store lotteriene i verden. Du kj\u00f8per ganske enkelt de loddene du \u00f8nsker fra oss p\u00e5 nettet og fra Norge, og vi gj\u00f8r resten for deg.<\/p>\n<p>Vi kj\u00f8per loddene p\u00e5 dine vegne, og i motsetning til vanlige lodd som kan innl\u00f8ses av den som har dem, oppbevarer vi dem for deg. Deretter overv\u00e5ker vi trekningene for deg, slik at du slipper \u00e5 gj\u00f8re det hvis du ikke vil, og gir deg beskjed hver gang du vinner.<\/p>\n<h2>Mer informasjon om Superenalotto<\/h2>\n<ul><img loading=\"lazy\" decoding=\"async\" class=\" wp-image-1334 alignright\" src=\"https:\/\/onlinelotto365.com\/wp-content\/uploads\/2020\/11\/online_lottery-115.jpg\" alt=\"kj\u00f8p superenalotto-billetter online\" width=\"452\" height=\"172\" \/><\/p>\n<li>Lotteriet holdes hvor: Italia<\/li>\n<li>Hvor mange hovedtall \u00e5 velge mellom: 90<\/li>\n<li>Du m\u00e5 velge: 6<\/li>\n<li>Hvor mange ekstra tall \u00e5 velge mellom: ingen<\/li>\n<li>Du m\u00e5 velge: ingen<\/li>\n<li>Trekningsdager, timer: Tirsdag, torsdag, l\u00f8rdag, 19:00 GMT, 21:00 CET<\/li>\n<li>Minimum jackpot: \u20ac 2 millioner<\/li>\n<li>Maksimum jackpotbel\u00f8p: ingen<\/li>\n<li>Mulig tallkombinasjon for en jackpotgevinst: 1 i 622.614.630<\/li>\n<li>Mulig tallkombinasjon for en tier 2-gevinst: 1 i 103.769.105<\/li>\n<li>Sannsynlighet for \u00e5 vinne i et hvilket som helst niv\u00e5: 1 i 20,58<\/li>\n<li>Hvor mange premieniv\u00e5er: v<\/li>\n<\/ul>\n<p>For \u00e5 spille Superenalotto velger du 6 tall av totalt 90 mulige tall. Du m\u00e5 ogs\u00e5 velge det de kaller et Jolly-nummer blant de 90.<\/p>\n<p>For \u00e5 vinne jackpotten m\u00e5 du matche alle de 6 vanlige tallene dine. Hvis du treffer 5 pluss Jolly-nummeret, vinner du andrepremien. 5 tall uten Jolly-nummeret gir deg tredjepremie, 4 riktige tall gir deg fjerdepremie, og bare 3 tall gir deg ogs\u00e5 premie.<\/p>\n<p>Trekningene avholdes 3 ganger i uken, p\u00e5 tirsdager, torsdager og l\u00f8rdager kl. 20.00 italiensk tid. Vi gir deg en l\u00f8pende nedtelling til neste trekning for Superenalotto i tillegg til alle de andre store lotteriene de tilbyr billetter online, slik at du alltid vet hvor mye tid du har igjen.<\/p>\n<h2>Fordeler med \u00e5 spille Superenalotto online<\/h2>\n<p>Mange globale lotterispillere liker \u00e5 velge flere lotterier \u00e5 spille p\u00e5, spesielt siden hvert av dem regelmessig tilbyr store jackpotter. Faktisk er det slik at jo flere trekninger du deltar i, jo bedre.<\/p>\n<p>S\u00e5 selv om jackpottene i Superenalotto kanskje ikke kan sammenlignes med noen av de st\u00f8rre lotteriene der ute, for eksempel EuroMillions, Powerball eller Mega Millions, vil du uansett \u00f8nske \u00e5 spille p\u00e5 disse ogs\u00e5. Superenalotto er imidlertid ingen liten potet, med typiske jackpotter p\u00e5 titalls millioner euro. S\u00e5 med de tre ekstra trekningene i uken som Superenalotto tilbyr, er det tre ekstra trekninger i uken som er verdt mer moro enn om du ikke spiller.<\/p>\n<p>Med tre ekstra sjanser til \u00e5 vinne en stor premie er det ikke vanskelig \u00e5 forst\u00e5 hvorfor s\u00e5 mange nordmenn liker dette lotteriet. Med tanke p\u00e5 at du enkelt kan kj\u00f8pe loddene dine p\u00e5 nettet n\u00e5, er det faktisk ingen god grunn til ikke \u00e5 spille. Det handler om \u00e5 spre pengene dine p\u00e5 flere lotterier, noe som gj\u00f8r det enda mer spennende \u00e5 spille lotterier n\u00e5.<\/p>\n<p>S\u00e5 hvis du har lyst til \u00e5 spille mer moro i lotto, og det vet jeg at du har, kan du komme i gang med en gang.<\/p>\n<h2>Hvordan f\u00e5r jeg betalt hvis jeg vinner i Superenalotto p\u00e5 nett?<\/h2>\n<p>Vi gir deg all den hjelpen du trenger for \u00e5 innl\u00f8se loddene dine, fra \u00e5 hente de mindre premiene dine og umiddelbart sette dem inn p\u00e5 kontoen din hos oss, til \u00e5 hente og sende deg de skjemaene du trenger for st\u00f8rre premier eller til og med jackpotter. S\u00e5 her er det ingen grunn til bekymring, for dette er en fullserviceavtale med f\u00f8rsteklasses service og behandling for v\u00e5re kunder fra Storbritannia og andre steder.<\/p>\n","protected":false},"excerpt":{"rendered":"<p>I \u00e5revis har folk lengtet etter \u00e5 spille lotterier i andre deler av verden. Utfordringen har egentlig ikke v\u00e6rt at de ulike lotteriene ikke har v\u00e6rt villige til \u00e5 ta imot internasjonale lotterispillere. Utfordringen har v\u00e6rt at du fysisk m\u00e5 befinne deg i landet eller regionen der lotteriet arrangeres for \u00e5 kunne spille. For det [&hellip;]<\/p>\n","protected":false},"author":1,"featured_media":0,"parent":5028,"menu_order":5,"comment_status":"closed","ping_status":"closed","template":"superenalotto.php","meta":{"_et_pb_use_builder":"","_et_pb_old_content":"","_et_gb_content_width":"","exclude_from_search":false,"footnotes":""},"class_list":["post-81570","page","type-page","status-publish","hentry"],"yoast_head":"<!-- This site is optimized with the Yoast SEO plugin v23.4 - https:\/\/yoast.com\/wordpress\/plugins\/seo\/ -->\n<title>Spill Superenalotto Italia online fra Storbritannia | Hvordan kj\u00f8pe Superena-billetter online<\/title>\n<meta name=\"description\" content=\"Spill Superenalotto Italia online fra Storbritannia | Hvordan kj\u00f8pe Superena-billetter online\" \/>\n<meta name=\"robots\" content=\"index, follow, max-snippet:-1, max-image-preview:large, max-video-preview:-1\" \/>\n<link rel=\"canonical\" href=\"https:\/\/onlinelotto365.com\/no\/spille\/fa-superenalotto-loddene-dine-hvor-som-helst\/\" \/>\n<meta property=\"og:locale\" content=\"nb_NO\" \/>\n<meta property=\"og:type\" content=\"article\" \/>\n<meta property=\"og:title\" content=\"Spill Superenalotto Italia online fra Storbritannia | Hvordan kj\u00f8pe Superena-billetter online\" \/>\n<meta property=\"og:description\" content=\"Spill Superenalotto Italia online fra Storbritannia | Hvordan kj\u00f8pe Superena-billetter online\" \/>\n<meta property=\"og:url\" content=\"https:\/\/onlinelotto365.com\/no\/spille\/fa-superenalotto-loddene-dine-hvor-som-helst\/\" \/>\n<meta property=\"og:site_name\" content=\"OnlineLotto365\" \/>\n<meta property=\"og:image\" content=\"https:\/\/redfoxlotto.com\/image?size=8&amp;lottery=superenalotto\" \/>\n<meta name=\"twitter:card\" content=\"summary_large_image\" \/>\n<meta name=\"twitter:label1\" content=\"Ansl. lesetid\" \/>\n\t<meta name=\"twitter:data1\" content=\"4 minutter\" \/>\n<script type=\"application\/ld+json\" class=\"yoast-schema-graph\">{\"@context\":\"https:\/\/schema.org\",\"@graph\":[{\"@type\":\"WebPage\",\"@id\":\"https:\/\/onlinelotto365.com\/no\/spille\/fa-superenalotto-loddene-dine-hvor-som-helst\/\",\"url\":\"https:\/\/onlinelotto365.com\/no\/spille\/fa-superenalotto-loddene-dine-hvor-som-helst\/\",\"name\":\"Spill Superenalotto Italia online fra Storbritannia | Hvordan kj\u00f8pe Superena-billetter online\",\"isPartOf\":{\"@id\":\"https:\/\/onlinelotto365.com\/no\/#website\"},\"primaryImageOfPage\":{\"@id\":\"https:\/\/onlinelotto365.com\/no\/spille\/fa-superenalotto-loddene-dine-hvor-som-helst\/#primaryimage\"},\"image\":{\"@id\":\"https:\/\/onlinelotto365.com\/no\/spille\/fa-superenalotto-loddene-dine-hvor-som-helst\/#primaryimage\"},\"thumbnailUrl\":\"https:\/\/redfoxlotto.com\/image?size=8&amp;lottery=superenalotto\",\"datePublished\":\"2023-08-31T06:46:04+00:00\",\"dateModified\":\"2023-08-31T06:46:04+00:00\",\"description\":\"Spill Superenalotto Italia online fra Storbritannia | Hvordan kj\u00f8pe Superena-billetter online\",\"breadcrumb\":{\"@id\":\"https:\/\/onlinelotto365.com\/no\/spille\/fa-superenalotto-loddene-dine-hvor-som-helst\/#breadcrumb\"},\"inLanguage\":\"nb-NO\",\"potentialAction\":[{\"@type\":\"ReadAction\",\"target\":[\"https:\/\/onlinelotto365.com\/no\/spille\/fa-superenalotto-loddene-dine-hvor-som-helst\/\"]}]},{\"@type\":\"ImageObject\",\"inLanguage\":\"nb-NO\",\"@id\":\"https:\/\/onlinelotto365.com\/no\/spille\/fa-superenalotto-loddene-dine-hvor-som-helst\/#primaryimage\",\"url\":\"https:\/\/redfoxlotto.com\/image?size=8&amp;lottery=superenalotto\",\"contentUrl\":\"https:\/\/redfoxlotto.com\/image?size=8&amp;lottery=superenalotto\"},{\"@type\":\"BreadcrumbList\",\"@id\":\"https:\/\/onlinelotto365.com\/no\/spille\/fa-superenalotto-loddene-dine-hvor-som-helst\/#breadcrumb\",\"itemListElement\":[{\"@type\":\"ListItem\",\"position\":1,\"name\":\"Home\",\"item\":\"https:\/\/onlinelotto365.com\/no\/\"},{\"@type\":\"ListItem\",\"position\":2,\"name\":\"Spill hvilket som helst internasjonal lotteri du vil, uansett hvor du bor\",\"item\":\"https:\/\/onlinelotto365.com\/no\/play\/\"},{\"@type\":\"ListItem\",\"position\":3,\"name\":\"F\u00e5 Superenalotto-loddene dine hvor som helst\"}]},{\"@type\":\"WebSite\",\"@id\":\"https:\/\/onlinelotto365.com\/no\/#website\",\"url\":\"https:\/\/onlinelotto365.com\/no\/\",\"name\":\"OnlineLotto365\",\"description\":\"\",\"potentialAction\":[{\"@type\":\"SearchAction\",\"target\":{\"@type\":\"EntryPoint\",\"urlTemplate\":\"https:\/\/onlinelotto365.com\/no\/?s={search_term_string}\"},\"query-input\":{\"@type\":\"PropertyValueSpecification\",\"valueRequired\":true,\"valueName\":\"search_term_string\"}}],\"inLanguage\":\"nb-NO\"}]}<\/script>\n<!-- \/ Yoast SEO plugin. -->","yoast_head_json":{"title":"Spill Superenalotto Italia online fra Storbritannia | Hvordan kj\u00f8pe Superena-billetter online","description":"Spill Superenalotto Italia online fra Storbritannia | Hvordan kj\u00f8pe Superena-billetter online","robots":{"index":"index","follow":"follow","max-snippet":"max-snippet:-1","max-image-preview":"max-image-preview:large","max-video-preview":"max-video-preview:-1"},"canonical":"https:\/\/onlinelotto365.com\/no\/spille\/fa-superenalotto-loddene-dine-hvor-som-helst\/","og_locale":"nb_NO","og_type":"article","og_title":"Spill Superenalotto Italia online fra Storbritannia | Hvordan kj\u00f8pe Superena-billetter online","og_description":"Spill Superenalotto Italia online fra Storbritannia | Hvordan kj\u00f8pe Superena-billetter online","og_url":"https:\/\/onlinelotto365.com\/no\/spille\/fa-superenalotto-loddene-dine-hvor-som-helst\/","og_site_name":"OnlineLotto365","og_image":[{"url":"https:\/\/redfoxlotto.com\/image?size=8&amp;lottery=superenalotto"}],"twitter_card":"summary_large_image","twitter_misc":{"Ansl. lesetid":"4 minutter"},"schema":{"@context":"https:\/\/schema.org","@graph":[{"@type":"WebPage","@id":"https:\/\/onlinelotto365.com\/no\/spille\/fa-superenalotto-loddene-dine-hvor-som-helst\/","url":"https:\/\/onlinelotto365.com\/no\/spille\/fa-superenalotto-loddene-dine-hvor-som-helst\/","name":"Spill Superenalotto Italia online fra Storbritannia | Hvordan kj\u00f8pe Superena-billetter online","isPartOf":{"@id":"https:\/\/onlinelotto365.com\/no\/#website"},"primaryImageOfPage":{"@id":"https:\/\/onlinelotto365.com\/no\/spille\/fa-superenalotto-loddene-dine-hvor-som-helst\/#primaryimage"},"image":{"@id":"https:\/\/onlinelotto365.com\/no\/spille\/fa-superenalotto-loddene-dine-hvor-som-helst\/#primaryimage"},"thumbnailUrl":"https:\/\/redfoxlotto.com\/image?size=8&amp;lottery=superenalotto","datePublished":"2023-08-31T06:46:04+00:00","dateModified":"2023-08-31T06:46:04+00:00","description":"Spill Superenalotto Italia online fra Storbritannia | Hvordan kj\u00f8pe Superena-billetter online","breadcrumb":{"@id":"https:\/\/onlinelotto365.com\/no\/spille\/fa-superenalotto-loddene-dine-hvor-som-helst\/#breadcrumb"},"inLanguage":"nb-NO","potentialAction":[{"@type":"ReadAction","target":["https:\/\/onlinelotto365.com\/no\/spille\/fa-superenalotto-loddene-dine-hvor-som-helst\/"]}]},{"@type":"ImageObject","inLanguage":"nb-NO","@id":"https:\/\/onlinelotto365.com\/no\/spille\/fa-superenalotto-loddene-dine-hvor-som-helst\/#primaryimage","url":"https:\/\/redfoxlotto.com\/image?size=8&amp;lottery=superenalotto","contentUrl":"https:\/\/redfoxlotto.com\/image?size=8&amp;lottery=superenalotto"},{"@type":"BreadcrumbList","@id":"https:\/\/onlinelotto365.com\/no\/spille\/fa-superenalotto-loddene-dine-hvor-som-helst\/#breadcrumb","itemListElement":[{"@type":"ListItem","position":1,"name":"Home","item":"https:\/\/onlinelotto365.com\/no\/"},{"@type":"ListItem","position":2,"name":"Spill hvilket som helst internasjonal lotteri du vil, uansett hvor du bor","item":"https:\/\/onlinelotto365.com\/no\/play\/"},{"@type":"ListItem","position":3,"name":"F\u00e5 Superenalotto-loddene dine hvor som helst"}]},{"@type":"WebSite","@id":"https:\/\/onlinelotto365.com\/no\/#website","url":"https:\/\/onlinelotto365.com\/no\/","name":"OnlineLotto365","description":"","potentialAction":[{"@type":"SearchAction","target":{"@type":"EntryPoint","urlTemplate":"https:\/\/onlinelotto365.com\/no\/?s={search_term_string}"},"query-input":{"@type":"PropertyValueSpecification","valueRequired":true,"valueName":"search_term_string"}}],"inLanguage":"nb-NO"}]}},"_links":{"self":[{"href":"https:\/\/onlinelotto365.com\/no\/wp-json\/wp\/v2\/pages\/81570","targetHints":{"allow":["GET"]}}],"collection":[{"href":"https:\/\/onlinelotto365.com\/no\/wp-json\/wp\/v2\/pages"}],"about":[{"href":"https:\/\/onlinelotto365.com\/no\/wp-json\/wp\/v2\/types\/page"}],"author":[{"embeddable":true,"href":"https:\/\/onlinelotto365.com\/no\/wp-json\/wp\/v2\/users\/1"}],"replies":[{"embeddable":true,"href":"https:\/\/onlinelotto365.com\/no\/wp-json\/wp\/v2\/comments?post=81570"}],"version-history":[{"count":0,"href":"https:\/\/onlinelotto365.com\/no\/wp-json\/wp\/v2\/pages\/81570\/revisions"}],"up":[{"embeddable":true,"href":"https:\/\/onlinelotto365.com\/no\/wp-json\/wp\/v2\/pages\/5028"}],"wp:attachment":[{"href":"https:\/\/onlinelotto365.com\/no\/wp-json\/wp\/v2\/media?parent=81570"}],"curies":[{"name":"wp","href":"https:\/\/api.w.org\/{rel}","templated":true}]}}