{"id":81576,"date":"2023-08-31T08:39:47","date_gmt":"2023-08-31T07:39:47","guid":{"rendered":"https:\/\/onlinelotto365.com\/spille\/hvordan-spille-det-spanske-la-primitiva-lotteriet"},"modified":"2023-08-31T08:39:47","modified_gmt":"2023-08-31T07:39:47","slug":"hvordan-spille-det-spanske-la-primitiva-lotteriet","status":"publish","type":"page","link":"https:\/\/onlinelotto365.com\/no\/spille\/hvordan-spille-det-spanske-la-primitiva-lotteriet\/","title":{"rendered":"Hvordan spille det spanske La Primitiva-lotteriet"},"content":{"rendered":"<h2>Om La Primitiva<\/h2>\n<p>Dette lotteriet fra Spania er ogs\u00e5 kjent som El Gordo, selv om dette er misvisende. Faktisk er El Gordo kallenavnet p\u00e5 juleutgaven av La Primitiva-lotteriet. Mens du kan spille La Primitiva hele \u00e5ret, tilbys El Gordo bare til jul. Du kan spille La Primitiva p\u00e5 nettet via nettstedet v\u00e5rt.<\/p>\n<p>Det er to trekninger per uke i La Primitiva. Sjansene for \u00e5 vinne jackpoten er relativt h\u00f8ye fordi det ikke er noen ekstra tall.<\/p>\n<ul><img decoding=\"async\" class=\"aligncenter\" src=\"https:\/\/redfoxlotto.com\/image?size=8&amp;lottery=la-primitiva\" alt=\"La Primitiva\" \/><\/p>\n<li>Land: Spania<\/li>\n<li>Hovedtallsrekkevidde: 49<\/li>\n<li>Du m\u00e5 velge: 6<\/li>\n<li>Ekstra nummerserie:<\/li>\n<li>Du m\u00e5 velge: 1<\/li>\n<li>Dager, timer for trekning: Torsdag, L\u00f8rdag, 21:30 CET &#8211; 21:30 CET<\/li>\n<li>Jackpot starter p\u00e5: 2 millioner euro<\/li>\n<li>Jackpot er begrenset til: ingen<\/li>\n<li>Sjanse til \u00e5 vinne jackpotten: 1 i 15537573<\/li>\n<li>Sjanse for \u00e5 vinne en andrepremie: 1 av 542008<\/li>\n<li>Sjanse til \u00e5 vinne en hvilken som helst premie: 1 i 8,43<\/li>\n<li>Antall premiekategorier: 9<\/li>\n<\/ul>\n<h2>De beste funksjonene i La Primitiva<\/h2>\n<p><img loading=\"lazy\" decoding=\"async\" class=\"alignright size-full wp-image-905\" src=\"https:\/\/onlinelotto365.com\/wp-content\/uploads\/2020\/11\/online_lottery-71.jpg\" alt=\"spill la primitiva\" width=\"302\" height=\"100\" \/><br \/>\nSom allerede nevnt, det faktum at du bare trenger \u00e5 spille 6 tall av 49, og ingen ekstra tall, betyr at oddsen for \u00e5 vinne jackpotten faktisk er ganske god.<\/p>\n<h2>Hvordan sjekke La Primitiva-resultatene<\/h2>\n<p>Hvis du har kj\u00f8pt kupongen din p\u00e5 nettet fra Storbritannia eller et annet land utenfor Spania, kan det v\u00e6re vanskelig \u00e5 finne vinnertallene og premiebel\u00f8pene. Men her p\u00e5 nettstedet v\u00e5rt publiserer vi resultatene rett etter at La Primitiva-lotteritallene er trukket. Du kan til og med se p\u00e5 loddet ditt p\u00e5 spillerkontoen din, der du umiddelbart kan se hvilke tall fra loddet ditt som samsvarer med trekningsresultatet.<\/p>\n<h2>Du har spilt La Primitiva online og vunnet &#8211; hva skjer videre?<\/h2>\n<p>Hvis loddet ditt har vunnet en premie p\u00e5 under \u20ac2500, vil premiebel\u00f8pet st\u00e5 p\u00e5 spillerkontoen din rett etter trekningen. Hvis du vinner en h\u00f8yere premie, kan du kontakte v\u00e5rt serviceteam. De vil hjelpe deg med \u00e5 sette opp en betaling, enten direkte til bankkontoen din eller med sjekk.<\/p>\n","protected":false},"excerpt":{"rendered":"<p>Om La Primitiva Dette lotteriet fra Spania er ogs\u00e5 kjent som El Gordo, selv om dette er misvisende. Faktisk er El Gordo kallenavnet p\u00e5 juleutgaven av La Primitiva-lotteriet. Mens du kan spille La Primitiva hele \u00e5ret, tilbys El Gordo bare til jul. Du kan spille La Primitiva p\u00e5 nettet via nettstedet v\u00e5rt. Det er to [&hellip;]<\/p>\n","protected":false},"author":1,"featured_media":0,"parent":5028,"menu_order":7,"comment_status":"closed","ping_status":"closed","template":"la-primitiva.php","meta":{"_et_pb_use_builder":"","_et_pb_old_content":"","_et_gb_content_width":"","exclude_from_search":false,"footnotes":""},"class_list":["post-81576","page","type-page","status-publish","hentry"],"yoast_head":"<!-- This site is optimized with the Yoast SEO plugin v23.4 - https:\/\/yoast.com\/wordpress\/plugins\/seo\/ -->\n<title>Spill La Primitiva Spania online | La Primitiva fra Norge<\/title>\n<meta name=\"description\" content=\"Spill La Primitiva Spania online | La Primitiva fra Norge\" \/>\n<meta name=\"robots\" content=\"index, follow, max-snippet:-1, max-image-preview:large, max-video-preview:-1\" \/>\n<link rel=\"canonical\" href=\"https:\/\/onlinelotto365.com\/no\/spille\/hvordan-spille-det-spanske-la-primitiva-lotteriet\/\" \/>\n<meta property=\"og:locale\" content=\"nb_NO\" \/>\n<meta property=\"og:type\" content=\"article\" \/>\n<meta property=\"og:title\" content=\"Spill La Primitiva Spania online | La Primitiva fra Norge\" \/>\n<meta property=\"og:description\" content=\"Spill La Primitiva Spania online | La Primitiva fra Norge\" \/>\n<meta property=\"og:url\" content=\"https:\/\/onlinelotto365.com\/no\/spille\/hvordan-spille-det-spanske-la-primitiva-lotteriet\/\" \/>\n<meta property=\"og:site_name\" content=\"OnlineLotto365\" \/>\n<meta property=\"og:image\" content=\"https:\/\/redfoxlotto.com\/image?size=8&amp;lottery=la-primitiva\" \/>\n<meta name=\"twitter:card\" content=\"summary_large_image\" \/>\n<meta name=\"twitter:label1\" content=\"Ansl. lesetid\" \/>\n\t<meta name=\"twitter:data1\" content=\"1 minutt\" \/>\n<script type=\"application\/ld+json\" class=\"yoast-schema-graph\">{\"@context\":\"https:\/\/schema.org\",\"@graph\":[{\"@type\":\"WebPage\",\"@id\":\"https:\/\/onlinelotto365.com\/no\/spille\/hvordan-spille-det-spanske-la-primitiva-lotteriet\/\",\"url\":\"https:\/\/onlinelotto365.com\/no\/spille\/hvordan-spille-det-spanske-la-primitiva-lotteriet\/\",\"name\":\"Spill La Primitiva Spania online | La Primitiva fra Norge\",\"isPartOf\":{\"@id\":\"https:\/\/onlinelotto365.com\/no\/#website\"},\"primaryImageOfPage\":{\"@id\":\"https:\/\/onlinelotto365.com\/no\/spille\/hvordan-spille-det-spanske-la-primitiva-lotteriet\/#primaryimage\"},\"image\":{\"@id\":\"https:\/\/onlinelotto365.com\/no\/spille\/hvordan-spille-det-spanske-la-primitiva-lotteriet\/#primaryimage\"},\"thumbnailUrl\":\"https:\/\/redfoxlotto.com\/image?size=8&amp;lottery=la-primitiva\",\"datePublished\":\"2023-08-31T07:39:47+00:00\",\"dateModified\":\"2023-08-31T07:39:47+00:00\",\"description\":\"Spill La Primitiva Spania online | La Primitiva fra Norge\",\"breadcrumb\":{\"@id\":\"https:\/\/onlinelotto365.com\/no\/spille\/hvordan-spille-det-spanske-la-primitiva-lotteriet\/#breadcrumb\"},\"inLanguage\":\"nb-NO\",\"potentialAction\":[{\"@type\":\"ReadAction\",\"target\":[\"https:\/\/onlinelotto365.com\/no\/spille\/hvordan-spille-det-spanske-la-primitiva-lotteriet\/\"]}]},{\"@type\":\"ImageObject\",\"inLanguage\":\"nb-NO\",\"@id\":\"https:\/\/onlinelotto365.com\/no\/spille\/hvordan-spille-det-spanske-la-primitiva-lotteriet\/#primaryimage\",\"url\":\"https:\/\/redfoxlotto.com\/image?size=8&amp;lottery=la-primitiva\",\"contentUrl\":\"https:\/\/redfoxlotto.com\/image?size=8&amp;lottery=la-primitiva\"},{\"@type\":\"BreadcrumbList\",\"@id\":\"https:\/\/onlinelotto365.com\/no\/spille\/hvordan-spille-det-spanske-la-primitiva-lotteriet\/#breadcrumb\",\"itemListElement\":[{\"@type\":\"ListItem\",\"position\":1,\"name\":\"Home\",\"item\":\"https:\/\/onlinelotto365.com\/no\/\"},{\"@type\":\"ListItem\",\"position\":2,\"name\":\"Spill hvilket som helst internasjonal lotteri du vil, uansett hvor du bor\",\"item\":\"https:\/\/onlinelotto365.com\/no\/play\/\"},{\"@type\":\"ListItem\",\"position\":3,\"name\":\"Hvordan spille det spanske La Primitiva-lotteriet\"}]},{\"@type\":\"WebSite\",\"@id\":\"https:\/\/onlinelotto365.com\/no\/#website\",\"url\":\"https:\/\/onlinelotto365.com\/no\/\",\"name\":\"OnlineLotto365\",\"description\":\"\",\"potentialAction\":[{\"@type\":\"SearchAction\",\"target\":{\"@type\":\"EntryPoint\",\"urlTemplate\":\"https:\/\/onlinelotto365.com\/no\/?s={search_term_string}\"},\"query-input\":{\"@type\":\"PropertyValueSpecification\",\"valueRequired\":true,\"valueName\":\"search_term_string\"}}],\"inLanguage\":\"nb-NO\"}]}<\/script>\n<!-- \/ Yoast SEO plugin. -->","yoast_head_json":{"title":"Spill La Primitiva Spania online | La Primitiva fra Norge","description":"Spill La Primitiva Spania online | La Primitiva fra Norge","robots":{"index":"index","follow":"follow","max-snippet":"max-snippet:-1","max-image-preview":"max-image-preview:large","max-video-preview":"max-video-preview:-1"},"canonical":"https:\/\/onlinelotto365.com\/no\/spille\/hvordan-spille-det-spanske-la-primitiva-lotteriet\/","og_locale":"nb_NO","og_type":"article","og_title":"Spill La Primitiva Spania online | La Primitiva fra Norge","og_description":"Spill La Primitiva Spania online | La Primitiva fra Norge","og_url":"https:\/\/onlinelotto365.com\/no\/spille\/hvordan-spille-det-spanske-la-primitiva-lotteriet\/","og_site_name":"OnlineLotto365","og_image":[{"url":"https:\/\/redfoxlotto.com\/image?size=8&amp;lottery=la-primitiva"}],"twitter_card":"summary_large_image","twitter_misc":{"Ansl. lesetid":"1 minutt"},"schema":{"@context":"https:\/\/schema.org","@graph":[{"@type":"WebPage","@id":"https:\/\/onlinelotto365.com\/no\/spille\/hvordan-spille-det-spanske-la-primitiva-lotteriet\/","url":"https:\/\/onlinelotto365.com\/no\/spille\/hvordan-spille-det-spanske-la-primitiva-lotteriet\/","name":"Spill La Primitiva Spania online | La Primitiva fra Norge","isPartOf":{"@id":"https:\/\/onlinelotto365.com\/no\/#website"},"primaryImageOfPage":{"@id":"https:\/\/onlinelotto365.com\/no\/spille\/hvordan-spille-det-spanske-la-primitiva-lotteriet\/#primaryimage"},"image":{"@id":"https:\/\/onlinelotto365.com\/no\/spille\/hvordan-spille-det-spanske-la-primitiva-lotteriet\/#primaryimage"},"thumbnailUrl":"https:\/\/redfoxlotto.com\/image?size=8&amp;lottery=la-primitiva","datePublished":"2023-08-31T07:39:47+00:00","dateModified":"2023-08-31T07:39:47+00:00","description":"Spill La Primitiva Spania online | La Primitiva fra Norge","breadcrumb":{"@id":"https:\/\/onlinelotto365.com\/no\/spille\/hvordan-spille-det-spanske-la-primitiva-lotteriet\/#breadcrumb"},"inLanguage":"nb-NO","potentialAction":[{"@type":"ReadAction","target":["https:\/\/onlinelotto365.com\/no\/spille\/hvordan-spille-det-spanske-la-primitiva-lotteriet\/"]}]},{"@type":"ImageObject","inLanguage":"nb-NO","@id":"https:\/\/onlinelotto365.com\/no\/spille\/hvordan-spille-det-spanske-la-primitiva-lotteriet\/#primaryimage","url":"https:\/\/redfoxlotto.com\/image?size=8&amp;lottery=la-primitiva","contentUrl":"https:\/\/redfoxlotto.com\/image?size=8&amp;lottery=la-primitiva"},{"@type":"BreadcrumbList","@id":"https:\/\/onlinelotto365.com\/no\/spille\/hvordan-spille-det-spanske-la-primitiva-lotteriet\/#breadcrumb","itemListElement":[{"@type":"ListItem","position":1,"name":"Home","item":"https:\/\/onlinelotto365.com\/no\/"},{"@type":"ListItem","position":2,"name":"Spill hvilket som helst internasjonal lotteri du vil, uansett hvor du bor","item":"https:\/\/onlinelotto365.com\/no\/play\/"},{"@type":"ListItem","position":3,"name":"Hvordan spille det spanske La Primitiva-lotteriet"}]},{"@type":"WebSite","@id":"https:\/\/onlinelotto365.com\/no\/#website","url":"https:\/\/onlinelotto365.com\/no\/","name":"OnlineLotto365","description":"","potentialAction":[{"@type":"SearchAction","target":{"@type":"EntryPoint","urlTemplate":"https:\/\/onlinelotto365.com\/no\/?s={search_term_string}"},"query-input":{"@type":"PropertyValueSpecification","valueRequired":true,"valueName":"search_term_string"}}],"inLanguage":"nb-NO"}]}},"_links":{"self":[{"href":"https:\/\/onlinelotto365.com\/no\/wp-json\/wp\/v2\/pages\/81576","targetHints":{"allow":["GET"]}}],"collection":[{"href":"https:\/\/onlinelotto365.com\/no\/wp-json\/wp\/v2\/pages"}],"about":[{"href":"https:\/\/onlinelotto365.com\/no\/wp-json\/wp\/v2\/types\/page"}],"author":[{"embeddable":true,"href":"https:\/\/onlinelotto365.com\/no\/wp-json\/wp\/v2\/users\/1"}],"replies":[{"embeddable":true,"href":"https:\/\/onlinelotto365.com\/no\/wp-json\/wp\/v2\/comments?post=81576"}],"version-history":[{"count":0,"href":"https:\/\/onlinelotto365.com\/no\/wp-json\/wp\/v2\/pages\/81576\/revisions"}],"up":[{"embeddable":true,"href":"https:\/\/onlinelotto365.com\/no\/wp-json\/wp\/v2\/pages\/5028"}],"wp:attachment":[{"href":"https:\/\/onlinelotto365.com\/no\/wp-json\/wp\/v2\/media?parent=81576"}],"curies":[{"name":"wp","href":"https:\/\/api.w.org\/{rel}","templated":true}]}}