{"id":81991,"date":"2023-09-03T10:11:23","date_gmt":"2023-09-03T09:11:23","guid":{"rendered":"https:\/\/onlinelotto365.com\/spille\/bonoloto-na-tilgjengelig-fra-overalt"},"modified":"2023-09-03T10:11:23","modified_gmt":"2023-09-03T09:11:23","slug":"bonoloto-na-tilgjengelig-fra-overalt","status":"publish","type":"page","link":"https:\/\/onlinelotto365.com\/no\/spille\/bonoloto-na-tilgjengelig-fra-overalt\/","title":{"rendered":"Bonoloto n\u00e5 tilgjengelig fra overalt"},"content":{"rendered":"<h2>Hvordan spille BonoLoto online<\/h2>\n<p>\u00c5 spille BonoLoto er enklere enn du kanskje tror. Alt du trenger \u00e5 gj\u00f8re er \u00e5 vite hvor du skal begynne og hvor du skal kj\u00f8pe billettene dine. Og det beste stedet du kan gj\u00f8re akkurat det er hos oss, og noen f\u00e5 enkle trinn.<\/p>\n<p>Systemet v\u00e5rt s\u00f8rger for at du blir tatt h\u00e5nd om hele veien fra begynnelse til slutt. Alt du trenger \u00e5 gj\u00f8re er \u00e5 opprette en helt gratis konto, s\u00e5 er du i gang. Du kan velge mellom alle de forskjellige lottospillene vi har tilgjengelig, og velge de kupongene og spesifikke tallene du \u00f8nsker. Deretter kan du betale med din foretrukne betalingsm\u00e5te, og du er ferdig.<\/p>\n<p>Alt du trenger \u00e5 gj\u00f8re er \u00e5 ta en titt p\u00e5 de forskjellige lottospillene vi har tilgjengelig og velge det riktige (BonoLoto). Derfra plukker du ut tallene du vil spille. Hvis du velger for mange eller for f\u00e5, spiller det ingen rolle, systemet v\u00e5rt vil varsle deg om hva du m\u00e5 gj\u00f8re, slik at du kan korrigere kupongen din. Eller du kan velge \u00e5 la datamaskinen tilfeldig tildele deg tall.<\/p>\n<p>N\u00e5r du har f\u00e5tt billettene du vil ha til BonoLoto, kan du velge \u00e5 legge til billetter fra andre spill ogs\u00e5. Det kommer til \u00e5 v\u00e6re superenkelt, og det tar bare noen f\u00e5 minutter. Du venter p\u00e5 at bekreftelses-e-posten din kommer gjennom i e-posten du gir oss, og du klikker p\u00e5 lenken. Det er alt som trengs, og kontoen din blir opprettet. P\u00e5 den m\u00e5ten kan du fortsette \u00e5 kj\u00f8pe billetter.<\/p>\n<p>S\u00f8rg for \u00e5 se etter bekreftelseslenken i den vanlige innboksen din og i s\u00f8ppelpostmappen for sikkerhets skyld. Hvis vi ikke er i adresseboken din, kan det hende at du ikke ser e-posten i den vanlige kontomappen din.<\/p>\n<h2>\nOm BonoLoto<\/h2>\n<p><img decoding=\"async\" class=\"aligncenter\" src=\"https:\/\/redfoxlotto.com\/image?size=8&amp;lottery=bonoloto\" alt=\"Bono Lotto\" \/><\/p>\n<ul>\n<li>Land: Spania<\/li>\n<li>Hovednummeromr\u00e5de: 49<\/li>\n<li>Du m\u00e5 velge: 6<\/li>\n<li>Dager, timer med trekning: daglig unntatt s\u00f8ndager, 21:30 CET &#8211; 21:30 CET<\/li>\n<li>Jackpot starter p\u00e5: \u20ac400.000<\/li>\n<li>Jackpot er begrenset til: ingen<\/li>\n<li>Sjanse til \u00e5 vinne jackpotten: 1 i 13983816<\/li>\n<li>Sjanse til \u00e5 vinne andrepremie: 1 av 2330636<\/li>\n<li>Sjanse til \u00e5 vinne hvilken som helst premie: 1 i 8,43<\/li>\n<li>Antall premiekategorier: 6<\/li>\n<\/ul>\n<h2>De beste funksjonene i BonoLoto<\/h2>\n<p>BonoLoto har eksistert en god stund, og det har gitt ut en hel del premier i l\u00f8pet av den tiden. Enda bedre, det har fire forskjellige tegninger hver uke og ble opprinnelig opprettet for \u00e5 v\u00e6re et rimelig alternativ. Det er det fortsatt, og du kan vinne en andel p\u00e5 55% av inntekten i totale premier.<\/p>\n<h2>Hvordan sjekke BonoLoto-resultatene<\/h2>\n<p><img loading=\"lazy\" decoding=\"async\" class=\"alignright wp-image-3656\" src=\"https:\/\/onlinelotto365.com\/wp-content\/uploads\/2020\/11\/online_lottery-16-300x200.jpg\" alt=\"spill bonoloto online\" width=\"215\" height=\"143\" srcset=\"https:\/\/onlinelotto365.com\/wp-content\/uploads\/2020\/11\/online_lottery-16-300x200.jpg 300w, https:\/\/onlinelotto365.com\/wp-content\/uploads\/2020\/11\/online_lottery-16.jpg 320w\" sizes=\"auto, (max-width: 215px) 100vw, 215px\" \/><br \/>\nEr du klar til \u00e5 se hva vinnertallene er for BonoLoto? Vi vil, det er faktisk ganske enkelt fordi alt du trenger \u00e5 gj\u00f8re er \u00e5 g\u00e5 til BonoLotos offisielle nettside. Eller du kan velge \u00e5 sjekke ut dine lokale aviser og tv-stasjoner. Disse stedene rapporterer alle vinnertallene.<br \/>\nMen det beste stedet \u00e5 g\u00e5 er definitivt stedet du kj\u00f8pte billetten din, som er akkurat her. Du vil kunne se vinnertallene samt dine egne tall og hvordan de sammenlignes. P\u00e5 den m\u00e5ten, du kan ogs\u00e5 se gevinstene dine umiddelbart.<\/p>\n<h2>Du har spilt BonoLoto online og vunnet &#8211; hva skjer videre?<\/h2>\n<ul>\n<li>Hvis du vinner mindre enn 2 500 kr, trenger du ikke \u00e5 gj\u00f8re noe. Det er fordi vi krever pengene for deg og setter dem direkte inn p\u00e5 kontoen din. Du kan bruke dem som du vil og n\u00e5r du vil. Eller du kan ta dem ut til din vanlige bankkonto hvis du har minst 100 kr.<\/li>\n<li>Hvis du har vunnet mer enn 2 500 kr, m\u00e5 du vente p\u00e5 \u00e5 h\u00f8re fra kundest\u00f8tteteamet v\u00e5rt, for det er litt mer komplisert \u00e5 f\u00e5 ut gevinsten din. Heldigvis hjelper vi deg med prosessen og f\u00e5r deg i gang med en gang, slik at du kan f\u00e5 pengene dine sendt med sjekk eller direkte til kontoen din.<\/li>\n<\/ul>\n","protected":false},"excerpt":{"rendered":"<p>Hvordan spille BonoLoto online \u00c5 spille BonoLoto er enklere enn du kanskje tror. Alt du trenger \u00e5 gj\u00f8re er \u00e5 vite hvor du skal begynne og hvor du skal kj\u00f8pe billettene dine. Og det beste stedet du kan gj\u00f8re akkurat det er hos oss, og noen f\u00e5 enkle trinn. Systemet v\u00e5rt s\u00f8rger for at du [&hellip;]<\/p>\n","protected":false},"author":1,"featured_media":0,"parent":5028,"menu_order":8,"comment_status":"closed","ping_status":"closed","template":"","meta":{"_et_pb_use_builder":"","_et_pb_old_content":"","_et_gb_content_width":"","exclude_from_search":false,"footnotes":""},"class_list":["post-81991","page","type-page","status-publish","hentry"],"yoast_head":"<!-- This site is optimized with the Yoast SEO plugin v23.4 - https:\/\/yoast.com\/wordpress\/plugins\/seo\/ -->\n<title>Hvordan spille BonoLoto hvis du bor i Storbritannia<\/title>\n<meta name=\"description\" content=\"Bestill lovlig billetter for \u00e5 spille Bonoloto her p\u00e5 nettstedet v\u00e5rt\" \/>\n<meta name=\"robots\" content=\"index, follow, max-snippet:-1, max-image-preview:large, max-video-preview:-1\" \/>\n<link rel=\"canonical\" href=\"https:\/\/onlinelotto365.com\/no\/spille\/bonoloto-na-tilgjengelig-fra-overalt\/\" \/>\n<meta property=\"og:locale\" content=\"nb_NO\" \/>\n<meta property=\"og:type\" content=\"article\" \/>\n<meta property=\"og:title\" content=\"Hvordan spille BonoLoto hvis du bor i Storbritannia\" \/>\n<meta property=\"og:description\" content=\"Bestill lovlig billetter for \u00e5 spille Bonoloto her p\u00e5 nettstedet v\u00e5rt\" \/>\n<meta property=\"og:url\" content=\"https:\/\/onlinelotto365.com\/no\/spille\/bonoloto-na-tilgjengelig-fra-overalt\/\" \/>\n<meta property=\"og:site_name\" content=\"OnlineLotto365\" \/>\n<meta property=\"og:image\" content=\"https:\/\/redfoxlotto.com\/image?size=8&amp;lottery=bonoloto\" \/>\n<meta name=\"twitter:card\" content=\"summary_large_image\" \/>\n<meta name=\"twitter:label1\" content=\"Ansl. lesetid\" \/>\n\t<meta name=\"twitter:data1\" content=\"3 minutter\" \/>\n<script type=\"application\/ld+json\" class=\"yoast-schema-graph\">{\"@context\":\"https:\/\/schema.org\",\"@graph\":[{\"@type\":\"WebPage\",\"@id\":\"https:\/\/onlinelotto365.com\/no\/spille\/bonoloto-na-tilgjengelig-fra-overalt\/\",\"url\":\"https:\/\/onlinelotto365.com\/no\/spille\/bonoloto-na-tilgjengelig-fra-overalt\/\",\"name\":\"Hvordan spille BonoLoto hvis du bor i Storbritannia\",\"isPartOf\":{\"@id\":\"https:\/\/onlinelotto365.com\/no\/#website\"},\"primaryImageOfPage\":{\"@id\":\"https:\/\/onlinelotto365.com\/no\/spille\/bonoloto-na-tilgjengelig-fra-overalt\/#primaryimage\"},\"image\":{\"@id\":\"https:\/\/onlinelotto365.com\/no\/spille\/bonoloto-na-tilgjengelig-fra-overalt\/#primaryimage\"},\"thumbnailUrl\":\"https:\/\/redfoxlotto.com\/image?size=8&amp;lottery=bonoloto\",\"datePublished\":\"2023-09-03T09:11:23+00:00\",\"dateModified\":\"2023-09-03T09:11:23+00:00\",\"description\":\"Bestill lovlig billetter for \u00e5 spille Bonoloto her p\u00e5 nettstedet v\u00e5rt\",\"breadcrumb\":{\"@id\":\"https:\/\/onlinelotto365.com\/no\/spille\/bonoloto-na-tilgjengelig-fra-overalt\/#breadcrumb\"},\"inLanguage\":\"nb-NO\",\"potentialAction\":[{\"@type\":\"ReadAction\",\"target\":[\"https:\/\/onlinelotto365.com\/no\/spille\/bonoloto-na-tilgjengelig-fra-overalt\/\"]}]},{\"@type\":\"ImageObject\",\"inLanguage\":\"nb-NO\",\"@id\":\"https:\/\/onlinelotto365.com\/no\/spille\/bonoloto-na-tilgjengelig-fra-overalt\/#primaryimage\",\"url\":\"https:\/\/redfoxlotto.com\/image?size=8&amp;lottery=bonoloto\",\"contentUrl\":\"https:\/\/redfoxlotto.com\/image?size=8&amp;lottery=bonoloto\"},{\"@type\":\"BreadcrumbList\",\"@id\":\"https:\/\/onlinelotto365.com\/no\/spille\/bonoloto-na-tilgjengelig-fra-overalt\/#breadcrumb\",\"itemListElement\":[{\"@type\":\"ListItem\",\"position\":1,\"name\":\"Home\",\"item\":\"https:\/\/onlinelotto365.com\/no\/\"},{\"@type\":\"ListItem\",\"position\":2,\"name\":\"Spill hvilket som helst internasjonal lotteri du vil, uansett hvor du bor\",\"item\":\"https:\/\/onlinelotto365.com\/no\/play\/\"},{\"@type\":\"ListItem\",\"position\":3,\"name\":\"Bonoloto n\u00e5 tilgjengelig fra overalt\"}]},{\"@type\":\"WebSite\",\"@id\":\"https:\/\/onlinelotto365.com\/no\/#website\",\"url\":\"https:\/\/onlinelotto365.com\/no\/\",\"name\":\"OnlineLotto365\",\"description\":\"\",\"potentialAction\":[{\"@type\":\"SearchAction\",\"target\":{\"@type\":\"EntryPoint\",\"urlTemplate\":\"https:\/\/onlinelotto365.com\/no\/?s={search_term_string}\"},\"query-input\":{\"@type\":\"PropertyValueSpecification\",\"valueRequired\":true,\"valueName\":\"search_term_string\"}}],\"inLanguage\":\"nb-NO\"}]}<\/script>\n<!-- \/ Yoast SEO plugin. -->","yoast_head_json":{"title":"Hvordan spille BonoLoto hvis du bor i Storbritannia","description":"Bestill lovlig billetter for \u00e5 spille Bonoloto her p\u00e5 nettstedet v\u00e5rt","robots":{"index":"index","follow":"follow","max-snippet":"max-snippet:-1","max-image-preview":"max-image-preview:large","max-video-preview":"max-video-preview:-1"},"canonical":"https:\/\/onlinelotto365.com\/no\/spille\/bonoloto-na-tilgjengelig-fra-overalt\/","og_locale":"nb_NO","og_type":"article","og_title":"Hvordan spille BonoLoto hvis du bor i Storbritannia","og_description":"Bestill lovlig billetter for \u00e5 spille Bonoloto her p\u00e5 nettstedet v\u00e5rt","og_url":"https:\/\/onlinelotto365.com\/no\/spille\/bonoloto-na-tilgjengelig-fra-overalt\/","og_site_name":"OnlineLotto365","og_image":[{"url":"https:\/\/redfoxlotto.com\/image?size=8&amp;lottery=bonoloto"}],"twitter_card":"summary_large_image","twitter_misc":{"Ansl. lesetid":"3 minutter"},"schema":{"@context":"https:\/\/schema.org","@graph":[{"@type":"WebPage","@id":"https:\/\/onlinelotto365.com\/no\/spille\/bonoloto-na-tilgjengelig-fra-overalt\/","url":"https:\/\/onlinelotto365.com\/no\/spille\/bonoloto-na-tilgjengelig-fra-overalt\/","name":"Hvordan spille BonoLoto hvis du bor i Storbritannia","isPartOf":{"@id":"https:\/\/onlinelotto365.com\/no\/#website"},"primaryImageOfPage":{"@id":"https:\/\/onlinelotto365.com\/no\/spille\/bonoloto-na-tilgjengelig-fra-overalt\/#primaryimage"},"image":{"@id":"https:\/\/onlinelotto365.com\/no\/spille\/bonoloto-na-tilgjengelig-fra-overalt\/#primaryimage"},"thumbnailUrl":"https:\/\/redfoxlotto.com\/image?size=8&amp;lottery=bonoloto","datePublished":"2023-09-03T09:11:23+00:00","dateModified":"2023-09-03T09:11:23+00:00","description":"Bestill lovlig billetter for \u00e5 spille Bonoloto her p\u00e5 nettstedet v\u00e5rt","breadcrumb":{"@id":"https:\/\/onlinelotto365.com\/no\/spille\/bonoloto-na-tilgjengelig-fra-overalt\/#breadcrumb"},"inLanguage":"nb-NO","potentialAction":[{"@type":"ReadAction","target":["https:\/\/onlinelotto365.com\/no\/spille\/bonoloto-na-tilgjengelig-fra-overalt\/"]}]},{"@type":"ImageObject","inLanguage":"nb-NO","@id":"https:\/\/onlinelotto365.com\/no\/spille\/bonoloto-na-tilgjengelig-fra-overalt\/#primaryimage","url":"https:\/\/redfoxlotto.com\/image?size=8&amp;lottery=bonoloto","contentUrl":"https:\/\/redfoxlotto.com\/image?size=8&amp;lottery=bonoloto"},{"@type":"BreadcrumbList","@id":"https:\/\/onlinelotto365.com\/no\/spille\/bonoloto-na-tilgjengelig-fra-overalt\/#breadcrumb","itemListElement":[{"@type":"ListItem","position":1,"name":"Home","item":"https:\/\/onlinelotto365.com\/no\/"},{"@type":"ListItem","position":2,"name":"Spill hvilket som helst internasjonal lotteri du vil, uansett hvor du bor","item":"https:\/\/onlinelotto365.com\/no\/play\/"},{"@type":"ListItem","position":3,"name":"Bonoloto n\u00e5 tilgjengelig fra overalt"}]},{"@type":"WebSite","@id":"https:\/\/onlinelotto365.com\/no\/#website","url":"https:\/\/onlinelotto365.com\/no\/","name":"OnlineLotto365","description":"","potentialAction":[{"@type":"SearchAction","target":{"@type":"EntryPoint","urlTemplate":"https:\/\/onlinelotto365.com\/no\/?s={search_term_string}"},"query-input":{"@type":"PropertyValueSpecification","valueRequired":true,"valueName":"search_term_string"}}],"inLanguage":"nb-NO"}]}},"_links":{"self":[{"href":"https:\/\/onlinelotto365.com\/no\/wp-json\/wp\/v2\/pages\/81991","targetHints":{"allow":["GET"]}}],"collection":[{"href":"https:\/\/onlinelotto365.com\/no\/wp-json\/wp\/v2\/pages"}],"about":[{"href":"https:\/\/onlinelotto365.com\/no\/wp-json\/wp\/v2\/types\/page"}],"author":[{"embeddable":true,"href":"https:\/\/onlinelotto365.com\/no\/wp-json\/wp\/v2\/users\/1"}],"replies":[{"embeddable":true,"href":"https:\/\/onlinelotto365.com\/no\/wp-json\/wp\/v2\/comments?post=81991"}],"version-history":[{"count":0,"href":"https:\/\/onlinelotto365.com\/no\/wp-json\/wp\/v2\/pages\/81991\/revisions"}],"up":[{"embeddable":true,"href":"https:\/\/onlinelotto365.com\/no\/wp-json\/wp\/v2\/pages\/5028"}],"wp:attachment":[{"href":"https:\/\/onlinelotto365.com\/no\/wp-json\/wp\/v2\/media?parent=81991"}],"curies":[{"name":"wp","href":"https:\/\/api.w.org\/{rel}","templated":true}]}}