{"id":81997,"date":"2023-09-04T05:37:17","date_gmt":"2023-09-04T04:37:17","guid":{"rendered":"https:\/\/onlinelotto365.com\/spille\/er-det-mulig-a-spille-set-for-life-lotto-online"},"modified":"2023-09-04T05:40:48","modified_gmt":"2023-09-04T04:40:48","slug":"er-det-mulig-a-spille-set-for-life-lotto-online","status":"publish","type":"page","link":"https:\/\/onlinelotto365.com\/no\/spille\/er-det-mulig-a-spille-set-for-life-lotto-online\/","title":{"rendered":"Er det mulig \u00e5 spille Set for life lotto online"},"content":{"rendered":"<p>Visste du at Set for Life-lotteriet kan gi deg sjansen til \u00e5 vinne 10 000 pund hver m\u00e5ned? Hvis du er interessert i \u00e5 pr\u00f8ve lykken i et lotteri, er Set for Life en fantastisk m\u00e5te \u00e5 starte p\u00e5. Set for Life-lotteriet er mest kjent for \u00e5 v\u00e6re det eneste spillet som lar deg spille tall i syv daglige trekninger p\u00e5 rad. Det betyr ganske enkelt at du har mange sjanser til \u00e5 vinne jackpoten hver eneste dag i uken.<\/p>\n<p>Her f\u00e5r du vite mer om Set for Life og hvorfor mange fortsetter \u00e5 spille dette lotteriet.<\/p>\n<p>Set for Life ble organisert av National Lottery og fikk tittelen som Storbritannias f\u00f8rste livrentelotterispill. Lotteriet gir spillerne en sjanse til \u00e5 vinne en m\u00e5nedlig utbetaling p\u00e5 10 000 pund i en periode p\u00e5 30 \u00e5r.<\/p>\n<p>Og selv om det er et britisk lotteri, kan du spille Set for life online fra Australia. V\u00e5r online loddtjeneste for globale lotterier gj\u00f8r det mulig for spillere fra hele verden \u00e5 delta i de beste lotteriene med de st\u00f8rste jackpottene.<\/p>\n<h2>Om Set for life lotto<\/h2>\n<p><img decoding=\"async\" class=\"aligncenter\" src=\"https:\/\/redfoxlotto.com\/image?size=8&amp;lottery=set-for-life-uk\" alt=\"&quot;Set\" \/><\/p>\n<ul>\n<li>Land: Storbritannia<\/li>\n<li>Hovednumre rekkevidde: 45<\/li>\n<li>Du velger: 5<\/li>\n<li>Ekstra tall rekkevidde: 10<\/li>\n<li>Du velger: 1<\/li>\n<li>Trekningsdager, timer: Mandag, torsdag, 20:00 GMT, 21:00 CET<\/li>\n<li>Minimum jackpot: ingen<\/li>\n<li>Maksimal jackpot: ingen<\/li>\n<li>Sannsynlighet for \u00e5 vinne jackpotten: 1 i 15.339.390<\/li>\n<li>Sannsynligheten for \u00e5 vinne p\u00e5 niv\u00e5 2: 1 i 1.704.377<\/li>\n<li>Sannsynlighet for \u00e5 vinne i et hvilket som helst niv\u00e5: 1 i 12,4<\/li>\n<li>Antall premieniv\u00e5er: 8<\/li>\n<\/ul>\n<p>Som andre lotterier i Storbritannia, Set for Life er et trekningsspill. Hvis du spiller i lotteriet, m\u00e5 du velge fem tall fra tippeomr\u00e5det 1 til 47, inkludert et &laquo;livsballnummer&raquo; fra 1 &#8211; 10. N\u00e5r de fem tallene og livsballnummeret er valgt, har du sjansen til \u00e5 vinne en total jackpot p\u00e5 10 000 pund hver m\u00e5ned.<\/p>\n<h2>Trekning av Set for Life<\/h2>\n<p><img loading=\"lazy\" decoding=\"async\" class=\"size-full wp-image-1477 alignright\" src=\"https:\/\/onlinelotto365.com\/wp-content\/uploads\/2020\/11\/online_lottery-128.jpg\" alt=\"spille sett for livet lotto\" width=\"212\" height=\"142\" \/><br \/>\nSet for Life-lotteriet g\u00e5r hver mandag og torsdag, og i Storbritannia kan spillere kj\u00f8pe lottokuponger i sin lokale lottobutikk. Trekningen avsluttes kl. 21.00 \u00d8ST hver kveld. De siste resultatene av Set for Life er vanligvis tilgjengelige p\u00e5 trekningsdagen, som er kl. 21:45 GMT. V\u00e6r oppmerksom p\u00e5 at utbyttet for hvert spill oppdateres kort tid etter trekningen. Dessuten er utbytteoppdateringer vanligvis tilgjengelige for publikum morgenen etter lottotrekningen.<\/p>\n<h2>Hvordan vinne Set for Life Lottery<\/h2>\n<p>Set for Life-lotteriets f\u00f8rstepremie tilbyr en m\u00e5nedlig utbetaling p\u00e5 \u00a3 10,000 XNUMX, og fire spillere har sjansen til \u00e5 vinne premien i hver trekning. For at du skal vinne jackpotpremien, m\u00e5 tallene dine matche de \u00e5tte vinnertallene i l\u00f8pet av det enkelte settet. Det betyr at det er totalt \u00e5tte premiekategorier i Set for Life-lotteriet. Du har en sjanse til \u00e5 vinne en premie med fire vinnertall, inkludert ett bonusnummer i hvert sett.<\/p>\n<p>Set for Life tilbyr gunstige odds for \u00e5 vinne jackpotten. Andre premier som krever at ett eller flere tall stemmer overens, gir deg for eksempel en vinnersjanse p\u00e5 1 av 12, selv om det bare er 5 pund.<\/p>\n<p>S\u00e5, hvis du kan f\u00f8le lykken, det vil v\u00e6re verdt \u00e5 g\u00e5 for en Set for Life-billett! Vi gir deg et bredt utvalg av internasjonale lotterier som du kan spille fra Norge, for jackpotter med hundrevis av millioner i gevinster.<\/p>\n","protected":false},"excerpt":{"rendered":"<p>Visste du at Set for Life-lotteriet kan gi deg sjansen til \u00e5 vinne 10 000 pund hver m\u00e5ned? Hvis du er interessert i \u00e5 pr\u00f8ve lykken i et lotteri, er Set for Life en fantastisk m\u00e5te \u00e5 starte p\u00e5. Set for Life-lotteriet er mest kjent for \u00e5 v\u00e6re det eneste spillet som lar deg spille [&hellip;]<\/p>\n","protected":false},"author":1,"featured_media":0,"parent":5028,"menu_order":10,"comment_status":"closed","ping_status":"closed","template":"set-for-life.php","meta":{"_et_pb_use_builder":"","_et_pb_old_content":"","_et_gb_content_width":"","exclude_from_search":false,"footnotes":""},"class_list":["post-81997","page","type-page","status-publish","hentry"],"yoast_head":"<!-- This site is optimized with the Yoast SEO plugin v23.4 - https:\/\/yoast.com\/wordpress\/plugins\/seo\/ -->\n<title>Hvordan spille Set for life lotto online fra Norge<\/title>\n<meta name=\"description\" content=\"Hvordan spille Set for life lotto online fra Norge\" \/>\n<meta name=\"robots\" content=\"index, follow, max-snippet:-1, max-image-preview:large, max-video-preview:-1\" \/>\n<link rel=\"canonical\" href=\"https:\/\/onlinelotto365.com\/no\/spille\/er-det-mulig-a-spille-set-for-life-lotto-online\/\" \/>\n<meta property=\"og:locale\" content=\"nb_NO\" \/>\n<meta property=\"og:type\" content=\"article\" \/>\n<meta property=\"og:title\" content=\"Hvordan spille Set for life lotto online fra Norge\" \/>\n<meta property=\"og:description\" content=\"Hvordan spille Set for life lotto online fra Norge\" \/>\n<meta property=\"og:url\" content=\"https:\/\/onlinelotto365.com\/no\/spille\/er-det-mulig-a-spille-set-for-life-lotto-online\/\" \/>\n<meta property=\"og:site_name\" content=\"OnlineLotto365\" \/>\n<meta property=\"article:modified_time\" content=\"2023-09-04T04:40:48+00:00\" \/>\n<meta property=\"og:image\" content=\"https:\/\/redfoxlotto.com\/image?size=8&amp;lottery=set-for-life-uk\" \/>\n<meta name=\"twitter:card\" content=\"summary_large_image\" \/>\n<meta name=\"twitter:label1\" content=\"Ansl. lesetid\" \/>\n\t<meta name=\"twitter:data1\" content=\"3 minutter\" \/>\n<script type=\"application\/ld+json\" class=\"yoast-schema-graph\">{\"@context\":\"https:\/\/schema.org\",\"@graph\":[{\"@type\":\"WebPage\",\"@id\":\"https:\/\/onlinelotto365.com\/no\/spille\/er-det-mulig-a-spille-set-for-life-lotto-online\/\",\"url\":\"https:\/\/onlinelotto365.com\/no\/spille\/er-det-mulig-a-spille-set-for-life-lotto-online\/\",\"name\":\"Hvordan spille Set for life lotto online fra Norge\",\"isPartOf\":{\"@id\":\"https:\/\/onlinelotto365.com\/no\/#website\"},\"primaryImageOfPage\":{\"@id\":\"https:\/\/onlinelotto365.com\/no\/spille\/er-det-mulig-a-spille-set-for-life-lotto-online\/#primaryimage\"},\"image\":{\"@id\":\"https:\/\/onlinelotto365.com\/no\/spille\/er-det-mulig-a-spille-set-for-life-lotto-online\/#primaryimage\"},\"thumbnailUrl\":\"https:\/\/redfoxlotto.com\/image?size=8&amp;lottery=set-for-life-uk\",\"datePublished\":\"2023-09-04T04:37:17+00:00\",\"dateModified\":\"2023-09-04T04:40:48+00:00\",\"description\":\"Hvordan spille Set for life lotto online fra Norge\",\"breadcrumb\":{\"@id\":\"https:\/\/onlinelotto365.com\/no\/spille\/er-det-mulig-a-spille-set-for-life-lotto-online\/#breadcrumb\"},\"inLanguage\":\"nb-NO\",\"potentialAction\":[{\"@type\":\"ReadAction\",\"target\":[\"https:\/\/onlinelotto365.com\/no\/spille\/er-det-mulig-a-spille-set-for-life-lotto-online\/\"]}]},{\"@type\":\"ImageObject\",\"inLanguage\":\"nb-NO\",\"@id\":\"https:\/\/onlinelotto365.com\/no\/spille\/er-det-mulig-a-spille-set-for-life-lotto-online\/#primaryimage\",\"url\":\"https:\/\/redfoxlotto.com\/image?size=8&amp;lottery=set-for-life-uk\",\"contentUrl\":\"https:\/\/redfoxlotto.com\/image?size=8&amp;lottery=set-for-life-uk\"},{\"@type\":\"BreadcrumbList\",\"@id\":\"https:\/\/onlinelotto365.com\/no\/spille\/er-det-mulig-a-spille-set-for-life-lotto-online\/#breadcrumb\",\"itemListElement\":[{\"@type\":\"ListItem\",\"position\":1,\"name\":\"Home\",\"item\":\"https:\/\/onlinelotto365.com\/no\/\"},{\"@type\":\"ListItem\",\"position\":2,\"name\":\"Spill hvilket som helst internasjonal lotteri du vil, uansett hvor du bor\",\"item\":\"https:\/\/onlinelotto365.com\/no\/play\/\"},{\"@type\":\"ListItem\",\"position\":3,\"name\":\"Er det mulig \u00e5 spille Set for life lotto online\"}]},{\"@type\":\"WebSite\",\"@id\":\"https:\/\/onlinelotto365.com\/no\/#website\",\"url\":\"https:\/\/onlinelotto365.com\/no\/\",\"name\":\"OnlineLotto365\",\"description\":\"\",\"potentialAction\":[{\"@type\":\"SearchAction\",\"target\":{\"@type\":\"EntryPoint\",\"urlTemplate\":\"https:\/\/onlinelotto365.com\/no\/?s={search_term_string}\"},\"query-input\":{\"@type\":\"PropertyValueSpecification\",\"valueRequired\":true,\"valueName\":\"search_term_string\"}}],\"inLanguage\":\"nb-NO\"}]}<\/script>\n<!-- \/ Yoast SEO plugin. -->","yoast_head_json":{"title":"Hvordan spille Set for life lotto online fra Norge","description":"Hvordan spille Set for life lotto online fra Norge","robots":{"index":"index","follow":"follow","max-snippet":"max-snippet:-1","max-image-preview":"max-image-preview:large","max-video-preview":"max-video-preview:-1"},"canonical":"https:\/\/onlinelotto365.com\/no\/spille\/er-det-mulig-a-spille-set-for-life-lotto-online\/","og_locale":"nb_NO","og_type":"article","og_title":"Hvordan spille Set for life lotto online fra Norge","og_description":"Hvordan spille Set for life lotto online fra Norge","og_url":"https:\/\/onlinelotto365.com\/no\/spille\/er-det-mulig-a-spille-set-for-life-lotto-online\/","og_site_name":"OnlineLotto365","article_modified_time":"2023-09-04T04:40:48+00:00","og_image":[{"url":"https:\/\/redfoxlotto.com\/image?size=8&amp;lottery=set-for-life-uk"}],"twitter_card":"summary_large_image","twitter_misc":{"Ansl. lesetid":"3 minutter"},"schema":{"@context":"https:\/\/schema.org","@graph":[{"@type":"WebPage","@id":"https:\/\/onlinelotto365.com\/no\/spille\/er-det-mulig-a-spille-set-for-life-lotto-online\/","url":"https:\/\/onlinelotto365.com\/no\/spille\/er-det-mulig-a-spille-set-for-life-lotto-online\/","name":"Hvordan spille Set for life lotto online fra Norge","isPartOf":{"@id":"https:\/\/onlinelotto365.com\/no\/#website"},"primaryImageOfPage":{"@id":"https:\/\/onlinelotto365.com\/no\/spille\/er-det-mulig-a-spille-set-for-life-lotto-online\/#primaryimage"},"image":{"@id":"https:\/\/onlinelotto365.com\/no\/spille\/er-det-mulig-a-spille-set-for-life-lotto-online\/#primaryimage"},"thumbnailUrl":"https:\/\/redfoxlotto.com\/image?size=8&amp;lottery=set-for-life-uk","datePublished":"2023-09-04T04:37:17+00:00","dateModified":"2023-09-04T04:40:48+00:00","description":"Hvordan spille Set for life lotto online fra Norge","breadcrumb":{"@id":"https:\/\/onlinelotto365.com\/no\/spille\/er-det-mulig-a-spille-set-for-life-lotto-online\/#breadcrumb"},"inLanguage":"nb-NO","potentialAction":[{"@type":"ReadAction","target":["https:\/\/onlinelotto365.com\/no\/spille\/er-det-mulig-a-spille-set-for-life-lotto-online\/"]}]},{"@type":"ImageObject","inLanguage":"nb-NO","@id":"https:\/\/onlinelotto365.com\/no\/spille\/er-det-mulig-a-spille-set-for-life-lotto-online\/#primaryimage","url":"https:\/\/redfoxlotto.com\/image?size=8&amp;lottery=set-for-life-uk","contentUrl":"https:\/\/redfoxlotto.com\/image?size=8&amp;lottery=set-for-life-uk"},{"@type":"BreadcrumbList","@id":"https:\/\/onlinelotto365.com\/no\/spille\/er-det-mulig-a-spille-set-for-life-lotto-online\/#breadcrumb","itemListElement":[{"@type":"ListItem","position":1,"name":"Home","item":"https:\/\/onlinelotto365.com\/no\/"},{"@type":"ListItem","position":2,"name":"Spill hvilket som helst internasjonal lotteri du vil, uansett hvor du bor","item":"https:\/\/onlinelotto365.com\/no\/play\/"},{"@type":"ListItem","position":3,"name":"Er det mulig \u00e5 spille Set for life lotto online"}]},{"@type":"WebSite","@id":"https:\/\/onlinelotto365.com\/no\/#website","url":"https:\/\/onlinelotto365.com\/no\/","name":"OnlineLotto365","description":"","potentialAction":[{"@type":"SearchAction","target":{"@type":"EntryPoint","urlTemplate":"https:\/\/onlinelotto365.com\/no\/?s={search_term_string}"},"query-input":{"@type":"PropertyValueSpecification","valueRequired":true,"valueName":"search_term_string"}}],"inLanguage":"nb-NO"}]}},"_links":{"self":[{"href":"https:\/\/onlinelotto365.com\/no\/wp-json\/wp\/v2\/pages\/81997","targetHints":{"allow":["GET"]}}],"collection":[{"href":"https:\/\/onlinelotto365.com\/no\/wp-json\/wp\/v2\/pages"}],"about":[{"href":"https:\/\/onlinelotto365.com\/no\/wp-json\/wp\/v2\/types\/page"}],"author":[{"embeddable":true,"href":"https:\/\/onlinelotto365.com\/no\/wp-json\/wp\/v2\/users\/1"}],"replies":[{"embeddable":true,"href":"https:\/\/onlinelotto365.com\/no\/wp-json\/wp\/v2\/comments?post=81997"}],"version-history":[{"count":0,"href":"https:\/\/onlinelotto365.com\/no\/wp-json\/wp\/v2\/pages\/81997\/revisions"}],"up":[{"embeddable":true,"href":"https:\/\/onlinelotto365.com\/no\/wp-json\/wp\/v2\/pages\/5028"}],"wp:attachment":[{"href":"https:\/\/onlinelotto365.com\/no\/wp-json\/wp\/v2\/media?parent=81997"}],"curies":[{"name":"wp","href":"https:\/\/api.w.org\/{rel}","templated":true}]}}