{"id":83133,"date":"2023-09-06T17:12:00","date_gmt":"2023-09-06T16:12:00","guid":{"rendered":"https:\/\/onlinelotto365.com\/spille\/hvordan-kan-innbyggere-i-norge-spille-uk-lottery-online"},"modified":"2023-09-06T17:12:00","modified_gmt":"2023-09-06T16:12:00","slug":"hvordan-kan-innbyggere-i-norge-spille-uk-lottery-online","status":"publish","type":"page","link":"https:\/\/onlinelotto365.com\/no\/spille\/hvordan-kan-innbyggere-i-norge-spille-uk-lottery-online\/","title":{"rendered":"Hvordan kan innbyggere i Norge spille UK Lottery online?"},"content":{"rendered":"<h2>Om UK Lottery<\/h2>\n<p>Med seks tall \u00e5 velge av 59 og ingen tilleggstall, er vinnersjansene ok sammenlignet med Powerball eller Mega Millions. Hvis du har 5 av 6 tall riktig, er du garantert 2,5 millioner britiske pund, og med alle seks er du en jackpotvinner. Med mindre du bor i Storbritannia, er det eneste alternativet \u00e5 spille online via v\u00e5r tjeneste.<\/p>\n<p><img loading=\"lazy\" decoding=\"async\" class=\"aligncenter\" src=\"https:\/\/redfoxlotto.com\/image?size=8&amp;lottery=lotto-uk\" alt=\"Britisk lotteri \" width=\"720\" height=\"90\" \/><\/p>\n<ul>\n<li>Land: STORBRITANNIA<\/li>\n<li>Hovednumre rekkevidde: 59<\/li>\n<li>Du velger: 6<\/li>\n<li>Ekstra nummerserie: ingen<\/li>\n<li>Du velger: ingen<\/li>\n<li>Trekningsdager, timer: Onsdag, l\u00f8rdag 19:30 UTC, 19:30 CET<\/li>\n<li>Minimum jackpot: 2,5 millioner GBP<\/li>\n<li>Maksimal jackpot: 22 millioner GBP<\/li>\n<li>Sannsynligheten for \u00e5 vinne jackpotten: 1 i 45.057.474<\/li>\n<li>Sannsynlighet for gevinst p\u00e5 niv\u00e5 2: 1 i 7.509.579<\/li>\n<li>Sannsynlighet for \u00e5 vinne p\u00e5 et hvilket som helst niv\u00e5: 1 i 9,27<\/li>\n<li>Antall premieniv\u00e5er: 6<\/li>\n<\/ul>\n<h2>Hvorfor er britiske lotteri jackpotter vanligvis ganske lave?<\/h2>\n<p><img loading=\"lazy\" decoding=\"async\" class=\"alignright wp-image-1961\" src=\"https:\/\/onlinelotto365.com\/wp-content\/uploads\/2020\/11\/online_lottery-175-300x300.jpg\" alt=\"spill britisk lotteri Norge \" width=\"208\" height=\"208\" \/><br \/>\nVel, p\u00e5 grunn av det enkle faktum at jackpotten for det britiske lotteriet bare kan rulles over 5 ganger. Etter det kan jackpotten vinnes bare ved \u00e5 ha 5 av seks tall p\u00e5 lottokupongen. Med tanke p\u00e5 denne regelen vil det v\u00e6re fornuftig \u00e5 spille dette lotteriet hver gang jackpotten ikke har blitt vunnet fem ganger p\u00e5 rad. P\u00e5 det tidspunktet f\u00e5r du mye bedre odds for \u00e5 vinne toppremien. Toppgevinsten b\u00f8r v\u00e6re stor nok til at du ikke trenger \u00e5 bekymre deg for penger resten av livet.<\/p>\n<p>Det er imidlertid en god sjanse for at jackpoten m\u00e5 deles mellom flere vinnere etter fem omsetninger. Med lavere odds og flere som spiller, kan det bli mer enn \u00e9n vinner av andrepremieniv\u00e5et.<\/p>\n<h2>Vil du ikke dele jackpoten?<\/h2>\n<p>Det finnes \u00e9n lottostrategi for \u00e5 unng\u00e5 \u00e5 dele toppgevinsten: Velg en tallkombinasjon som det er mindre sannsynlig at andre spillere ogs\u00e5 velger. Bruk for eksempel f\u00e6rre tall mellom 1 og 31 (det er for mange spillere som bruker f\u00f8dselsdatoer som lykketall), eller bruk 3 tall mellom 30 og 40 og tre tall mellom 50 og 56. Bruk fantasien til \u00e5 finne p\u00e5 flere &laquo;rare&raquo; tall.<\/p>\n","protected":false},"excerpt":{"rendered":"<p>Om UK Lottery Med seks tall \u00e5 velge av 59 og ingen tilleggstall, er vinnersjansene ok sammenlignet med Powerball eller Mega Millions. Hvis du har 5 av 6 tall riktig, er du garantert 2,5 millioner britiske pund, og med alle seks er du en jackpotvinner. Med mindre du bor i Storbritannia, er det eneste alternativet [&hellip;]<\/p>\n","protected":false},"author":1,"featured_media":0,"parent":5028,"menu_order":9,"comment_status":"closed","ping_status":"closed","template":"lotto-uk.php","meta":{"_et_pb_use_builder":"","_et_pb_old_content":"","_et_gb_content_width":"","exclude_from_search":false,"footnotes":""},"class_list":["post-83133","page","type-page","status-publish","hentry"],"yoast_head":"<!-- This site is optimized with the Yoast SEO plugin v23.4 - https:\/\/yoast.com\/wordpress\/plugins\/seo\/ -->\n<title>Spill UK Lottery online fra Norge| Kan jeg delta i UK Lotto hvis jeg bor i Norge?<\/title>\n<meta name=\"description\" content=\"Spill UK Lottery online fra Norge| Kan jeg delta i UK Lotto hvis jeg bor i Norge?\" \/>\n<meta name=\"robots\" content=\"index, follow, max-snippet:-1, max-image-preview:large, max-video-preview:-1\" \/>\n<link rel=\"canonical\" href=\"https:\/\/onlinelotto365.com\/no\/spille\/hvordan-kan-innbyggere-i-norge-spille-uk-lottery-online\/\" \/>\n<meta property=\"og:locale\" content=\"nb_NO\" \/>\n<meta property=\"og:type\" content=\"article\" \/>\n<meta property=\"og:title\" content=\"Spill UK Lottery online fra Norge| Kan jeg delta i UK Lotto hvis jeg bor i Norge?\" \/>\n<meta property=\"og:description\" content=\"Spill UK Lottery online fra Norge| Kan jeg delta i UK Lotto hvis jeg bor i Norge?\" \/>\n<meta property=\"og:url\" content=\"https:\/\/onlinelotto365.com\/no\/spille\/hvordan-kan-innbyggere-i-norge-spille-uk-lottery-online\/\" \/>\n<meta property=\"og:site_name\" content=\"OnlineLotto365\" \/>\n<meta property=\"og:image\" content=\"https:\/\/redfoxlotto.com\/image?size=8&amp;lottery=lotto-uk\" \/>\n<meta name=\"twitter:card\" content=\"summary_large_image\" \/>\n<meta name=\"twitter:label1\" content=\"Ansl. lesetid\" \/>\n\t<meta name=\"twitter:data1\" content=\"1 minutt\" \/>\n<script type=\"application\/ld+json\" class=\"yoast-schema-graph\">{\"@context\":\"https:\/\/schema.org\",\"@graph\":[{\"@type\":\"WebPage\",\"@id\":\"https:\/\/onlinelotto365.com\/no\/spille\/hvordan-kan-innbyggere-i-norge-spille-uk-lottery-online\/\",\"url\":\"https:\/\/onlinelotto365.com\/no\/spille\/hvordan-kan-innbyggere-i-norge-spille-uk-lottery-online\/\",\"name\":\"Spill UK Lottery online fra Norge| Kan jeg delta i UK Lotto hvis jeg bor i Norge?\",\"isPartOf\":{\"@id\":\"https:\/\/onlinelotto365.com\/no\/#website\"},\"primaryImageOfPage\":{\"@id\":\"https:\/\/onlinelotto365.com\/no\/spille\/hvordan-kan-innbyggere-i-norge-spille-uk-lottery-online\/#primaryimage\"},\"image\":{\"@id\":\"https:\/\/onlinelotto365.com\/no\/spille\/hvordan-kan-innbyggere-i-norge-spille-uk-lottery-online\/#primaryimage\"},\"thumbnailUrl\":\"https:\/\/redfoxlotto.com\/image?size=8&amp;lottery=lotto-uk\",\"datePublished\":\"2023-09-06T16:12:00+00:00\",\"dateModified\":\"2023-09-06T16:12:00+00:00\",\"description\":\"Spill UK Lottery online fra Norge| Kan jeg delta i UK Lotto hvis jeg bor i Norge?\",\"breadcrumb\":{\"@id\":\"https:\/\/onlinelotto365.com\/no\/spille\/hvordan-kan-innbyggere-i-norge-spille-uk-lottery-online\/#breadcrumb\"},\"inLanguage\":\"nb-NO\",\"potentialAction\":[{\"@type\":\"ReadAction\",\"target\":[\"https:\/\/onlinelotto365.com\/no\/spille\/hvordan-kan-innbyggere-i-norge-spille-uk-lottery-online\/\"]}]},{\"@type\":\"ImageObject\",\"inLanguage\":\"nb-NO\",\"@id\":\"https:\/\/onlinelotto365.com\/no\/spille\/hvordan-kan-innbyggere-i-norge-spille-uk-lottery-online\/#primaryimage\",\"url\":\"https:\/\/redfoxlotto.com\/image?size=8&amp;lottery=lotto-uk\",\"contentUrl\":\"https:\/\/redfoxlotto.com\/image?size=8&amp;lottery=lotto-uk\"},{\"@type\":\"BreadcrumbList\",\"@id\":\"https:\/\/onlinelotto365.com\/no\/spille\/hvordan-kan-innbyggere-i-norge-spille-uk-lottery-online\/#breadcrumb\",\"itemListElement\":[{\"@type\":\"ListItem\",\"position\":1,\"name\":\"Home\",\"item\":\"https:\/\/onlinelotto365.com\/no\/\"},{\"@type\":\"ListItem\",\"position\":2,\"name\":\"Spill hvilket som helst internasjonal lotteri du vil, uansett hvor du bor\",\"item\":\"https:\/\/onlinelotto365.com\/no\/play\/\"},{\"@type\":\"ListItem\",\"position\":3,\"name\":\"Hvordan kan innbyggere i Norge spille UK Lottery online?\"}]},{\"@type\":\"WebSite\",\"@id\":\"https:\/\/onlinelotto365.com\/no\/#website\",\"url\":\"https:\/\/onlinelotto365.com\/no\/\",\"name\":\"OnlineLotto365\",\"description\":\"\",\"potentialAction\":[{\"@type\":\"SearchAction\",\"target\":{\"@type\":\"EntryPoint\",\"urlTemplate\":\"https:\/\/onlinelotto365.com\/no\/?s={search_term_string}\"},\"query-input\":{\"@type\":\"PropertyValueSpecification\",\"valueRequired\":true,\"valueName\":\"search_term_string\"}}],\"inLanguage\":\"nb-NO\"}]}<\/script>\n<!-- \/ Yoast SEO plugin. -->","yoast_head_json":{"title":"Spill UK Lottery online fra Norge| Kan jeg delta i UK Lotto hvis jeg bor i Norge?","description":"Spill UK Lottery online fra Norge| Kan jeg delta i UK Lotto hvis jeg bor i Norge?","robots":{"index":"index","follow":"follow","max-snippet":"max-snippet:-1","max-image-preview":"max-image-preview:large","max-video-preview":"max-video-preview:-1"},"canonical":"https:\/\/onlinelotto365.com\/no\/spille\/hvordan-kan-innbyggere-i-norge-spille-uk-lottery-online\/","og_locale":"nb_NO","og_type":"article","og_title":"Spill UK Lottery online fra Norge| Kan jeg delta i UK Lotto hvis jeg bor i Norge?","og_description":"Spill UK Lottery online fra Norge| Kan jeg delta i UK Lotto hvis jeg bor i Norge?","og_url":"https:\/\/onlinelotto365.com\/no\/spille\/hvordan-kan-innbyggere-i-norge-spille-uk-lottery-online\/","og_site_name":"OnlineLotto365","og_image":[{"url":"https:\/\/redfoxlotto.com\/image?size=8&amp;lottery=lotto-uk"}],"twitter_card":"summary_large_image","twitter_misc":{"Ansl. lesetid":"1 minutt"},"schema":{"@context":"https:\/\/schema.org","@graph":[{"@type":"WebPage","@id":"https:\/\/onlinelotto365.com\/no\/spille\/hvordan-kan-innbyggere-i-norge-spille-uk-lottery-online\/","url":"https:\/\/onlinelotto365.com\/no\/spille\/hvordan-kan-innbyggere-i-norge-spille-uk-lottery-online\/","name":"Spill UK Lottery online fra Norge| Kan jeg delta i UK Lotto hvis jeg bor i Norge?","isPartOf":{"@id":"https:\/\/onlinelotto365.com\/no\/#website"},"primaryImageOfPage":{"@id":"https:\/\/onlinelotto365.com\/no\/spille\/hvordan-kan-innbyggere-i-norge-spille-uk-lottery-online\/#primaryimage"},"image":{"@id":"https:\/\/onlinelotto365.com\/no\/spille\/hvordan-kan-innbyggere-i-norge-spille-uk-lottery-online\/#primaryimage"},"thumbnailUrl":"https:\/\/redfoxlotto.com\/image?size=8&amp;lottery=lotto-uk","datePublished":"2023-09-06T16:12:00+00:00","dateModified":"2023-09-06T16:12:00+00:00","description":"Spill UK Lottery online fra Norge| Kan jeg delta i UK Lotto hvis jeg bor i Norge?","breadcrumb":{"@id":"https:\/\/onlinelotto365.com\/no\/spille\/hvordan-kan-innbyggere-i-norge-spille-uk-lottery-online\/#breadcrumb"},"inLanguage":"nb-NO","potentialAction":[{"@type":"ReadAction","target":["https:\/\/onlinelotto365.com\/no\/spille\/hvordan-kan-innbyggere-i-norge-spille-uk-lottery-online\/"]}]},{"@type":"ImageObject","inLanguage":"nb-NO","@id":"https:\/\/onlinelotto365.com\/no\/spille\/hvordan-kan-innbyggere-i-norge-spille-uk-lottery-online\/#primaryimage","url":"https:\/\/redfoxlotto.com\/image?size=8&amp;lottery=lotto-uk","contentUrl":"https:\/\/redfoxlotto.com\/image?size=8&amp;lottery=lotto-uk"},{"@type":"BreadcrumbList","@id":"https:\/\/onlinelotto365.com\/no\/spille\/hvordan-kan-innbyggere-i-norge-spille-uk-lottery-online\/#breadcrumb","itemListElement":[{"@type":"ListItem","position":1,"name":"Home","item":"https:\/\/onlinelotto365.com\/no\/"},{"@type":"ListItem","position":2,"name":"Spill hvilket som helst internasjonal lotteri du vil, uansett hvor du bor","item":"https:\/\/onlinelotto365.com\/no\/play\/"},{"@type":"ListItem","position":3,"name":"Hvordan kan innbyggere i Norge spille UK Lottery online?"}]},{"@type":"WebSite","@id":"https:\/\/onlinelotto365.com\/no\/#website","url":"https:\/\/onlinelotto365.com\/no\/","name":"OnlineLotto365","description":"","potentialAction":[{"@type":"SearchAction","target":{"@type":"EntryPoint","urlTemplate":"https:\/\/onlinelotto365.com\/no\/?s={search_term_string}"},"query-input":{"@type":"PropertyValueSpecification","valueRequired":true,"valueName":"search_term_string"}}],"inLanguage":"nb-NO"}]}},"_links":{"self":[{"href":"https:\/\/onlinelotto365.com\/no\/wp-json\/wp\/v2\/pages\/83133","targetHints":{"allow":["GET"]}}],"collection":[{"href":"https:\/\/onlinelotto365.com\/no\/wp-json\/wp\/v2\/pages"}],"about":[{"href":"https:\/\/onlinelotto365.com\/no\/wp-json\/wp\/v2\/types\/page"}],"author":[{"embeddable":true,"href":"https:\/\/onlinelotto365.com\/no\/wp-json\/wp\/v2\/users\/1"}],"replies":[{"embeddable":true,"href":"https:\/\/onlinelotto365.com\/no\/wp-json\/wp\/v2\/comments?post=83133"}],"version-history":[{"count":0,"href":"https:\/\/onlinelotto365.com\/no\/wp-json\/wp\/v2\/pages\/83133\/revisions"}],"up":[{"embeddable":true,"href":"https:\/\/onlinelotto365.com\/no\/wp-json\/wp\/v2\/pages\/5028"}],"wp:attachment":[{"href":"https:\/\/onlinelotto365.com\/no\/wp-json\/wp\/v2\/media?parent=83133"}],"curies":[{"name":"wp","href":"https:\/\/api.w.org\/{rel}","templated":true}]}}