{"id":83168,"date":"2023-09-07T06:41:26","date_gmt":"2023-09-07T05:41:26","guid":{"rendered":"https:\/\/onlinelotto365.com\/spille\/spill-german-lotto-i-andre-land"},"modified":"2023-09-07T06:41:26","modified_gmt":"2023-09-07T05:41:26","slug":"spill-german-lotto-i-andre-land","status":"publish","type":"page","link":"https:\/\/onlinelotto365.com\/no\/spille\/spill-german-lotto-i-andre-land\/","title":{"rendered":"Spill German Lotto i andre land"},"content":{"rendered":"<p>Tyske Lotto er et av de eldste lotteriene i verden og har eksistert i mer enn 50 \u00e5r. All denne erfaringen m\u00e5 ha tjent dem godt, og de er et av de europeiske landene som har sitt eget nasjonale lotteri i stedet for \u00e5 samarbeide med Euromillions. S\u00e5 tyskerne er stolte av det tyske lotteriet.<\/p>\n<p>Men hvis du bor i Norge og \u00f8nsker \u00e5 spille tysk lotto, eller et hvilket som helst annet stort lotteri rundt om i verden, er det ingenting som hindrer deg lenger &#8211; i disse dager er det bare \u00e5 kj\u00f8pe en kupong p\u00e5 nettet. Selv om du er fra Norge, kan du kj\u00f8pe tyske Lotto-lodd p\u00e5 nettet.<\/p>\n<p>Selvf\u00f8lgelig m\u00e5 du vite hvor du kan kj\u00f8pe lodd p\u00e5 denne m\u00e5ten, og vi er her for \u00e5 hjelpe deg. Vi har drevet denne online lotteritjenesten en god stund n\u00e5, og som du kan forestille deg, er det det st\u00f8rste som har skjedd med lotterispill siden lotteriene ble oppfunnet<img decoding=\"async\" class=\"aligncenter\" src=\"https:\/\/redfoxlotto.com\/image?size=8&amp;lottery=lotto-6aus49\" alt=\"German 6aus49\" \/><\/p>\n<h2>Du er ikke lenger begrenset til det lokale lotteriet.<\/h2>\n<p>Hvis du er som de fleste lotterispillere, vil du spille p\u00e5 de store lotteriene, og f\u00e5r du valget, vil du spille p\u00e5 mer enn ett lotteri. Men inntil nylig var ikke dette mulig. Folk lurte for eksempel p\u00e5 hvorfor de ikke kunne kj\u00f8pe nesten alt annet enn lodd p\u00e5 nettet.<\/p>\n<p>For \u00e5 f\u00e5 til dette trengte vi et nettverk som kunne drive budgivningen for kundene v\u00e5re, noe som innebar at vi m\u00e5tte reise rundt til alle som skulle kj\u00f8pe lodd i ulike land. Det betydde ogs\u00e5 at vi m\u00e5tte h\u00e5ndtere kundeopplevelsen fra salgsstedet og tilby den gode servicen som folk forventer.<\/p>\n<h2>Om tyske Lotto<\/h2>\n<ul><img loading=\"lazy\" decoding=\"async\" class=\" wp-image-1543 alignright\" src=\"https:\/\/onlinelotto365.com\/wp-content\/uploads\/2020\/11\/online_lottery-135.jpg\" alt=\"Spill German Lotto online\" width=\"305\" height=\"204\" \/><\/p>\n<li>Land: Tyskland<\/li>\n<li>Hovednummeromr\u00e5de: 49<\/li>\n<li>Utvalgstall: 6<\/li>\n<li>Ekstra nummerserie: Ingen<\/li>\n<li>Utvalg: Ingen<\/li>\n<li>Dag, klokkeslett Trekning: L\u00f8rdag, 20:25 CET, 20:25 CET<\/li>\n<li>Minimum jackpot: 1 million euro<\/li>\n<li>Maksimum jackpot-grense: Ingen begrensning<\/li>\n<li>Oddsen for \u00e5 vinne jackpotten: 1 i 125.854.344<\/li>\n<li>Oddsen for \u00e5 vinne niv\u00e5 2: 1 av 13 983 816<\/li>\n<li>Sjansen for \u00e5 vinne alle niv\u00e5er: 1 i 31<\/li>\n<li>Antall premieniv\u00e5er: 9<\/li>\n<\/ul>\n<p>Alle lotteriene vi tilbyr er store Tier 1-lotterier, inkludert det tyske Lotto. For \u00e5 spille German Lotto m\u00e5 du velge 6 tall av 49 mulige tall og et bonusnummer fra 1 til 9. Hvis du treffer riktig p\u00e5 alle 6 tall og bonusnummeret, kan du snart reise til Tyskland for \u00e5 hente ut en gevinst p\u00e5 flere millioner euro eller mer.<\/p>\n<p>Oddsen for \u00e5 treffe jackpotten i det tyske Lotto er definitivt h\u00f8yere p\u00e5 grunn av det mindre antallet baller i trommelen sammenlignet med mange andre store lotterier. I likhet med alle andre lotterier tilbyr selvf\u00f8lgelig ogs\u00e5 det tyske Lotto andre premier i tillegg til jackpotten, og det er totalt sju sekund\u00e6rpremier i tillegg til jackpotten. Du trenger bare \u00e5 treffe tre av tallene for \u00e5 vinne en premie.<\/p>\n<h2>La oss v\u00e6re din guide til det tyske lotteriet og mer til.<\/h2>\n<p>Med tanke p\u00e5 hvor popul\u00e6re lotterier er over hele verden, er det en lottospillers dr\u00f8m \u00e5 ha tilgang til alle de gode lotteriene. Hvorfor bare spille p\u00e5 ett n\u00e5r du kan spille p\u00e5 s\u00e5 mange du vil? Hvorfor n\u00f8ye seg med \u00e9n eller to trekninger i uken n\u00e5r du kan spille dusinvis hvis du vil? Hvorfor g\u00e5 til en butikk for \u00e5 kj\u00f8pe lodd n\u00e5r du kan kj\u00f8pe alle loddene du vil p\u00e5 nettet?<\/p>\n<h2>Jeg har spilt Lotto p\u00e5 nettet og vunnet, hva er neste skritt?<\/h2>\n<p>Vi hjelper deg hele veien, fra \u00e5 sende deg en e-post for \u00e5 bekrefte kj\u00f8pet, til \u00e5 varsle deg via e-post n\u00e5r du vinner, til \u00e5 hjelpe deg med \u00e5 ta ut gevinsten. Alt er veldig enkelt.<\/p>\n","protected":false},"excerpt":{"rendered":"<p>Tyske Lotto er et av de eldste lotteriene i verden og har eksistert i mer enn 50 \u00e5r. All denne erfaringen m\u00e5 ha tjent dem godt, og de er et av de europeiske landene som har sitt eget nasjonale lotteri i stedet for \u00e5 samarbeide med Euromillions. S\u00e5 tyskerne er stolte av det tyske lotteriet. [&hellip;]<\/p>\n","protected":false},"author":1,"featured_media":0,"parent":5028,"menu_order":11,"comment_status":"closed","ping_status":"closed","template":"lotto-german.php","meta":{"_et_pb_use_builder":"","_et_pb_old_content":"","_et_gb_content_width":"","exclude_from_search":false,"footnotes":""},"class_list":["post-83168","page","type-page","status-publish","hentry"],"yoast_head":"<!-- This site is optimized with the Yoast SEO plugin v23.4 - https:\/\/yoast.com\/wordpress\/plugins\/seo\/ -->\n<title>Spill German Lotto online fra Norge | Kan jeg spille German Lotto hvis jeg bor i Norge?<\/title>\n<meta name=\"description\" content=\"Spill German Lotto online fra Norge | Kan jeg spille German Lotto hvis jeg bor i Norge?\" \/>\n<meta name=\"robots\" content=\"index, follow, max-snippet:-1, max-image-preview:large, max-video-preview:-1\" \/>\n<link rel=\"canonical\" href=\"https:\/\/onlinelotto365.com\/no\/spille\/spill-german-lotto-i-andre-land\/\" \/>\n<meta property=\"og:locale\" content=\"nb_NO\" \/>\n<meta property=\"og:type\" content=\"article\" \/>\n<meta property=\"og:title\" content=\"Spill German Lotto online fra Norge | Kan jeg spille German Lotto hvis jeg bor i Norge?\" \/>\n<meta property=\"og:description\" content=\"Spill German Lotto online fra Norge | Kan jeg spille German Lotto hvis jeg bor i Norge?\" \/>\n<meta property=\"og:url\" content=\"https:\/\/onlinelotto365.com\/no\/spille\/spill-german-lotto-i-andre-land\/\" \/>\n<meta property=\"og:site_name\" content=\"OnlineLotto365\" \/>\n<meta property=\"og:image\" content=\"https:\/\/redfoxlotto.com\/image?size=8&amp;lottery=lotto-6aus49\" \/>\n<meta name=\"twitter:card\" content=\"summary_large_image\" \/>\n<meta name=\"twitter:label1\" content=\"Ansl. lesetid\" \/>\n\t<meta name=\"twitter:data1\" content=\"3 minutter\" \/>\n<script type=\"application\/ld+json\" class=\"yoast-schema-graph\">{\"@context\":\"https:\/\/schema.org\",\"@graph\":[{\"@type\":\"WebPage\",\"@id\":\"https:\/\/onlinelotto365.com\/no\/spille\/spill-german-lotto-i-andre-land\/\",\"url\":\"https:\/\/onlinelotto365.com\/no\/spille\/spill-german-lotto-i-andre-land\/\",\"name\":\"Spill German Lotto online fra Norge | Kan jeg spille German Lotto hvis jeg bor i Norge?\",\"isPartOf\":{\"@id\":\"https:\/\/onlinelotto365.com\/no\/#website\"},\"primaryImageOfPage\":{\"@id\":\"https:\/\/onlinelotto365.com\/no\/spille\/spill-german-lotto-i-andre-land\/#primaryimage\"},\"image\":{\"@id\":\"https:\/\/onlinelotto365.com\/no\/spille\/spill-german-lotto-i-andre-land\/#primaryimage\"},\"thumbnailUrl\":\"https:\/\/redfoxlotto.com\/image?size=8&amp;lottery=lotto-6aus49\",\"datePublished\":\"2023-09-07T05:41:26+00:00\",\"dateModified\":\"2023-09-07T05:41:26+00:00\",\"description\":\"Spill German Lotto online fra Norge | Kan jeg spille German Lotto hvis jeg bor i Norge?\",\"breadcrumb\":{\"@id\":\"https:\/\/onlinelotto365.com\/no\/spille\/spill-german-lotto-i-andre-land\/#breadcrumb\"},\"inLanguage\":\"nb-NO\",\"potentialAction\":[{\"@type\":\"ReadAction\",\"target\":[\"https:\/\/onlinelotto365.com\/no\/spille\/spill-german-lotto-i-andre-land\/\"]}]},{\"@type\":\"ImageObject\",\"inLanguage\":\"nb-NO\",\"@id\":\"https:\/\/onlinelotto365.com\/no\/spille\/spill-german-lotto-i-andre-land\/#primaryimage\",\"url\":\"https:\/\/redfoxlotto.com\/image?size=8&amp;lottery=lotto-6aus49\",\"contentUrl\":\"https:\/\/redfoxlotto.com\/image?size=8&amp;lottery=lotto-6aus49\"},{\"@type\":\"BreadcrumbList\",\"@id\":\"https:\/\/onlinelotto365.com\/no\/spille\/spill-german-lotto-i-andre-land\/#breadcrumb\",\"itemListElement\":[{\"@type\":\"ListItem\",\"position\":1,\"name\":\"Home\",\"item\":\"https:\/\/onlinelotto365.com\/no\/\"},{\"@type\":\"ListItem\",\"position\":2,\"name\":\"Spill hvilket som helst internasjonal lotteri du vil, uansett hvor du bor\",\"item\":\"https:\/\/onlinelotto365.com\/no\/play\/\"},{\"@type\":\"ListItem\",\"position\":3,\"name\":\"Spill German Lotto i andre land\"}]},{\"@type\":\"WebSite\",\"@id\":\"https:\/\/onlinelotto365.com\/no\/#website\",\"url\":\"https:\/\/onlinelotto365.com\/no\/\",\"name\":\"OnlineLotto365\",\"description\":\"\",\"potentialAction\":[{\"@type\":\"SearchAction\",\"target\":{\"@type\":\"EntryPoint\",\"urlTemplate\":\"https:\/\/onlinelotto365.com\/no\/?s={search_term_string}\"},\"query-input\":{\"@type\":\"PropertyValueSpecification\",\"valueRequired\":true,\"valueName\":\"search_term_string\"}}],\"inLanguage\":\"nb-NO\"}]}<\/script>\n<!-- \/ Yoast SEO plugin. -->","yoast_head_json":{"title":"Spill German Lotto online fra Norge | Kan jeg spille German Lotto hvis jeg bor i Norge?","description":"Spill German Lotto online fra Norge | Kan jeg spille German Lotto hvis jeg bor i Norge?","robots":{"index":"index","follow":"follow","max-snippet":"max-snippet:-1","max-image-preview":"max-image-preview:large","max-video-preview":"max-video-preview:-1"},"canonical":"https:\/\/onlinelotto365.com\/no\/spille\/spill-german-lotto-i-andre-land\/","og_locale":"nb_NO","og_type":"article","og_title":"Spill German Lotto online fra Norge | Kan jeg spille German Lotto hvis jeg bor i Norge?","og_description":"Spill German Lotto online fra Norge | Kan jeg spille German Lotto hvis jeg bor i Norge?","og_url":"https:\/\/onlinelotto365.com\/no\/spille\/spill-german-lotto-i-andre-land\/","og_site_name":"OnlineLotto365","og_image":[{"url":"https:\/\/redfoxlotto.com\/image?size=8&amp;lottery=lotto-6aus49"}],"twitter_card":"summary_large_image","twitter_misc":{"Ansl. lesetid":"3 minutter"},"schema":{"@context":"https:\/\/schema.org","@graph":[{"@type":"WebPage","@id":"https:\/\/onlinelotto365.com\/no\/spille\/spill-german-lotto-i-andre-land\/","url":"https:\/\/onlinelotto365.com\/no\/spille\/spill-german-lotto-i-andre-land\/","name":"Spill German Lotto online fra Norge | Kan jeg spille German Lotto hvis jeg bor i Norge?","isPartOf":{"@id":"https:\/\/onlinelotto365.com\/no\/#website"},"primaryImageOfPage":{"@id":"https:\/\/onlinelotto365.com\/no\/spille\/spill-german-lotto-i-andre-land\/#primaryimage"},"image":{"@id":"https:\/\/onlinelotto365.com\/no\/spille\/spill-german-lotto-i-andre-land\/#primaryimage"},"thumbnailUrl":"https:\/\/redfoxlotto.com\/image?size=8&amp;lottery=lotto-6aus49","datePublished":"2023-09-07T05:41:26+00:00","dateModified":"2023-09-07T05:41:26+00:00","description":"Spill German Lotto online fra Norge | Kan jeg spille German Lotto hvis jeg bor i Norge?","breadcrumb":{"@id":"https:\/\/onlinelotto365.com\/no\/spille\/spill-german-lotto-i-andre-land\/#breadcrumb"},"inLanguage":"nb-NO","potentialAction":[{"@type":"ReadAction","target":["https:\/\/onlinelotto365.com\/no\/spille\/spill-german-lotto-i-andre-land\/"]}]},{"@type":"ImageObject","inLanguage":"nb-NO","@id":"https:\/\/onlinelotto365.com\/no\/spille\/spill-german-lotto-i-andre-land\/#primaryimage","url":"https:\/\/redfoxlotto.com\/image?size=8&amp;lottery=lotto-6aus49","contentUrl":"https:\/\/redfoxlotto.com\/image?size=8&amp;lottery=lotto-6aus49"},{"@type":"BreadcrumbList","@id":"https:\/\/onlinelotto365.com\/no\/spille\/spill-german-lotto-i-andre-land\/#breadcrumb","itemListElement":[{"@type":"ListItem","position":1,"name":"Home","item":"https:\/\/onlinelotto365.com\/no\/"},{"@type":"ListItem","position":2,"name":"Spill hvilket som helst internasjonal lotteri du vil, uansett hvor du bor","item":"https:\/\/onlinelotto365.com\/no\/play\/"},{"@type":"ListItem","position":3,"name":"Spill German Lotto i andre land"}]},{"@type":"WebSite","@id":"https:\/\/onlinelotto365.com\/no\/#website","url":"https:\/\/onlinelotto365.com\/no\/","name":"OnlineLotto365","description":"","potentialAction":[{"@type":"SearchAction","target":{"@type":"EntryPoint","urlTemplate":"https:\/\/onlinelotto365.com\/no\/?s={search_term_string}"},"query-input":{"@type":"PropertyValueSpecification","valueRequired":true,"valueName":"search_term_string"}}],"inLanguage":"nb-NO"}]}},"_links":{"self":[{"href":"https:\/\/onlinelotto365.com\/no\/wp-json\/wp\/v2\/pages\/83168","targetHints":{"allow":["GET"]}}],"collection":[{"href":"https:\/\/onlinelotto365.com\/no\/wp-json\/wp\/v2\/pages"}],"about":[{"href":"https:\/\/onlinelotto365.com\/no\/wp-json\/wp\/v2\/types\/page"}],"author":[{"embeddable":true,"href":"https:\/\/onlinelotto365.com\/no\/wp-json\/wp\/v2\/users\/1"}],"replies":[{"embeddable":true,"href":"https:\/\/onlinelotto365.com\/no\/wp-json\/wp\/v2\/comments?post=83168"}],"version-history":[{"count":0,"href":"https:\/\/onlinelotto365.com\/no\/wp-json\/wp\/v2\/pages\/83168\/revisions"}],"up":[{"embeddable":true,"href":"https:\/\/onlinelotto365.com\/no\/wp-json\/wp\/v2\/pages\/5028"}],"wp:attachment":[{"href":"https:\/\/onlinelotto365.com\/no\/wp-json\/wp\/v2\/media?parent=83168"}],"curies":[{"name":"wp","href":"https:\/\/api.w.org\/{rel}","templated":true}]}}