{"id":83488,"date":"2023-09-10T17:29:57","date_gmt":"2023-09-10T16:29:57","guid":{"rendered":"https:\/\/onlinelotto365.com\/spille\/hvordan-kan-innbyggere-i-norge-spille-mega-sena-online"},"modified":"2023-09-10T17:29:57","modified_gmt":"2023-09-10T16:29:57","slug":"hvordan-kan-innbyggere-i-norge-spille-mega-sena-online","status":"publish","type":"page","link":"https:\/\/onlinelotto365.com\/no\/spille\/hvordan-kan-innbyggere-i-norge-spille-mega-sena-online\/","title":{"rendered":"Hvordan kan innbyggere i Norge spille Mega-Sena online?"},"content":{"rendered":"<p>V\u00e5r tjeneste lar deg for \u00f8yeblikket kj\u00f8pe lodd til 15 forskjellige store lotterier fra hele verden. Vi er stolte av \u00e5 kunne tilby spillerne v\u00e5re muligheten til \u00e5 spille det brasilianske Mega Sena-lotteriet p\u00e5 nettet. I likhet med alle andre store lotterier m\u00e5tte du tidligere bo i landet eller omr\u00e5det der et gitt lotteri ble arrangert, og reise til en lottoforhandler der for \u00e5 kj\u00f8pe loddene dine.<\/p>\n<p>Slik er det ikke lenger, for n\u00e5 kan du spille fra Norge og kj\u00f8pe s\u00e5 mange lodd du vil p\u00e5 nettet, og til s\u00e5 mange forskjellige lotterier du vil, rett fra din egen datamaskin.<\/p>\n<p>S\u00e5 n\u00e5 som denne nye dagen har inntatt lotteriverdenen, har spillerne talt, og det de har bedt om, er et stort utvalg av forskjellige lotterier. S\u00e5 vi gir deg det beste av det hjemme hos deg. Blant disse er Mega-Sena Lotto, Brasils st\u00f8rste lotteri.<\/p>\n<h2>Om Mega-Sena<\/h2>\n<ul><img decoding=\"async\" class=\"aligncenter\" src=\"https:\/\/redfoxlotto.com\/image?size=8&amp;lottery=mega-sena\" alt=\"mega-sena\" \/><\/p>\n<li>Land: Brasil<\/li>\n<li>Hovedtallsrekkevidde: 60<\/li>\n<li>Du velger: 6<\/li>\n<li>Ekstra nummerserie: ingen<\/li>\n<li>Du velger: ingen<\/li>\n<li>Trekningsdager, timer: Onsdag, l\u00f8rdag, 20:00 GMT -3, 24:00 CET<\/li>\n<li>Minimum jackpot: R$ 2 millioner<\/li>\n<li>Maksimal jackpot: ingen begrensning<\/li>\n<li>Sannsynligheten for \u00e5 vinne jackpotten: 1 i 50.063.860<\/li>\n<li>Sannsynligheten for \u00e5 vinne p\u00e5 niv\u00e5 2: 1 i 15.451.809<\/li>\n<li>Sannsynlighet for \u00e5 vinne i et hvilket som helst niv\u00e5: 1 i 2297,56<\/li>\n<li>Antall premieniv\u00e5er: 3<\/li>\n<\/ul>\n<p>Trekningene i Mega-Sena finner sted p\u00e5 onsdager og l\u00f8rdager, noe som gir deg to ekstra vinnersjanser blant alle de andre lotteriene du spiller n\u00e5. Vi gir deg et stort utvalg \u00e5 velge mellom, og alle er verdt \u00e5 spille, inkludert Mega Sena.<img loading=\"lazy\" decoding=\"async\" class=\"size-medium wp-image-1136 alignright\" src=\"https:\/\/onlinelotto365.com\/wp-content\/uploads\/2020\/11\/online_lottery-96-300x212.jpg\" alt=\"spill mega-sena online\n\" width=\"300\" height=\"212\" \/><\/p>\n<p>For \u00e5 spille Mega-Sena Lotto velger spillerne 6 tall fra 1 til 60. Hvis du treffer alle 6 tallene, vinner du jackpoten, som alltid er p\u00e5 minst flere millioner dollar og ofte mye h\u00f8yere enn det.<\/p>\n<p>Mega-Sena er imidlertid unik i forhold til alle andre lotterier i verden, ettersom de ikke bare har 60 baller med forskjellige tall p\u00e5. Det er to forskjellige trommer, en fra 0 til 5 og den andre fra 0 til 9. Deretter trekker de sifrene ett om gangen.<\/p>\n<p>Hvis de for eksempel trekker en 2 fra den f\u00f8rste trommelen og deretter trekker en 9 fra den andre, blir tallet 29. N\u00e5r et ensifret tall er trukket, legges det ikke tilbake i trommelen. S\u00e5 n\u00e5 vet vi at det vil v\u00e6re n\u00f8yaktig ett ensifret tall, med mindre det trekkes 00, som regnes som 60, ett som begynner med 1, ett som begynner med 2, og s\u00e5 videre. S\u00e5 dette er en interessant vri og gj\u00f8r det faktisk lettere \u00e5 vinne, forutsatt at du f\u00f8lger denne strategien.<\/p>\n<p>Hvis du treffer alle 6 tallene, vinner du jackpotten, mens du vinner en sekund\u00e6r premie hvis du treffer 4 eller 5 tall. Som det ofte er tilfelle med nasjonale lotterier, g\u00e5r overskuddet fra Mega-Sena Lotto til \u00e5 st\u00f8tte sosiale programmer, og det brasilianske folket er faktisk sv\u00e6rt avhengig av disse donasjonene. S\u00e5 selv om vi kanskje ikke er fra Brasil og derfor ikke drar direkte nytte av dette, er det godt \u00e5 vite at vi definitivt gj\u00f8r noe godt ved \u00e5 spille Mega Sena i tillegg til all moroa vi har ved \u00e5 gj\u00f8re det.<\/p>\n<h2>Lotterier er verdens favorittform for pengespill<\/h2>\n<p>Det er ikke s\u00e5 vanskelig \u00e5 skj\u00f8nne hvorfor lotterier er verdens mest popul\u00e6re form for pengespill. Det er ikke engang fordi det er s\u00e5 lett tilgjengelig, selv om det absolutt hjelper. Den virkelige grunnen er spenningen som muligheten til \u00e5 vinne enorme pengebel\u00f8p gir.<\/p>\n<p>Det ser ogs\u00e5 ut til at v\u00e5r appetitt p\u00e5 disse enorme jackpottene er ganske stor. Hvis du noen gang har v\u00e6rt vitne til spenningen som oppst\u00e5r n\u00e5r jackpottene vokser til enorme bel\u00f8p, og hvor mange flere lodd som selges for disse, med de mye lengre k\u00f8ene som f\u00f8lger med, vet du at dette stemmer.<\/p>\n<p>Men hvorfor skulle ikke folk bli begeistret over \u00e5 ha sjansen til \u00e5 vinne nok penger til et liv i luksus og overflod? For de aller fleste av oss er dette den eneste sjansen vi noensinne vil f\u00e5 til \u00e5 leve denne livsstilen. Vanlige folk som oss vinner imidlertid disse gigantiske bel\u00f8pene, og du vet aldri om og n\u00e5r det er din tur.<\/p>\n<p>Bare det \u00e5 spille gir folk mye glede, og selv om sjansene for \u00e5 vinne mye penger p\u00e5 denne m\u00e5ten er sv\u00e6rt sm\u00e5, er sjansen der likevel. Hvis du ikke spiller, f\u00e5r du ikke dr\u00f8mme, og du f\u00e5r ikke glede deg over tanken p\u00e5 at alt dette kan skje med deg.<\/p>\n<p>Du trenger selvsagt ikke \u00e5 vinne jackpotten for \u00e5 vinne penger i lotterier, og spillere vinner stadig mindre premier. Noen av disse mindre premiene er faktisk ikke s\u00e5 sm\u00e5 i det hele tatt. Det er mange forskjellige m\u00e5ter \u00e5 vinne penger p\u00e5 ved \u00e5 spille lotterier, og det er alltid veldig hyggelig hver gang du vinner penger.<\/p>\n","protected":false},"excerpt":{"rendered":"<p>V\u00e5r tjeneste lar deg for \u00f8yeblikket kj\u00f8pe lodd til 15 forskjellige store lotterier fra hele verden. Vi er stolte av \u00e5 kunne tilby spillerne v\u00e5re muligheten til \u00e5 spille det brasilianske Mega Sena-lotteriet p\u00e5 nettet. I likhet med alle andre store lotterier m\u00e5tte du tidligere bo i landet eller omr\u00e5det der et gitt lotteri ble [&hellip;]<\/p>\n","protected":false},"author":1,"featured_media":0,"parent":5028,"menu_order":12,"comment_status":"closed","ping_status":"closed","template":"megasena.php","meta":{"_et_pb_use_builder":"","_et_pb_old_content":"","_et_gb_content_width":"","exclude_from_search":false,"footnotes":""},"class_list":["post-83488","page","type-page","status-publish","hentry"],"yoast_head":"<!-- This site is optimized with the Yoast SEO plugin v23.4 - https:\/\/yoast.com\/wordpress\/plugins\/seo\/ -->\n<title>Spill Mega-Sena online fra Norge| Kan jeg delta i Mega-Sena hvis jeg bor i Norge?<\/title>\n<meta name=\"description\" content=\"V\u00e5r online billettjeneste gj\u00f8r det enkelt for deg \u00e5 spille Mega-Sena p\u00e5 nettet.\" \/>\n<meta name=\"robots\" content=\"index, follow, max-snippet:-1, max-image-preview:large, max-video-preview:-1\" \/>\n<link rel=\"canonical\" href=\"https:\/\/onlinelotto365.com\/no\/spille\/hvordan-kan-innbyggere-i-norge-spille-mega-sena-online\/\" \/>\n<meta property=\"og:locale\" content=\"nb_NO\" \/>\n<meta property=\"og:type\" content=\"article\" \/>\n<meta property=\"og:title\" content=\"Spill Mega-Sena online fra Norge| Kan jeg delta i Mega-Sena hvis jeg bor i Norge?\" \/>\n<meta property=\"og:description\" content=\"V\u00e5r online billettjeneste gj\u00f8r det enkelt for deg \u00e5 spille Mega-Sena p\u00e5 nettet.\" \/>\n<meta property=\"og:url\" content=\"https:\/\/onlinelotto365.com\/no\/spille\/hvordan-kan-innbyggere-i-norge-spille-mega-sena-online\/\" \/>\n<meta property=\"og:site_name\" content=\"OnlineLotto365\" \/>\n<meta property=\"og:image\" content=\"https:\/\/redfoxlotto.com\/image?size=8&amp;lottery=mega-sena\" \/>\n<meta name=\"twitter:card\" content=\"summary_large_image\" \/>\n<meta name=\"twitter:label1\" content=\"Ansl. lesetid\" \/>\n\t<meta name=\"twitter:data1\" content=\"4 minutter\" \/>\n<script type=\"application\/ld+json\" class=\"yoast-schema-graph\">{\"@context\":\"https:\/\/schema.org\",\"@graph\":[{\"@type\":\"WebPage\",\"@id\":\"https:\/\/onlinelotto365.com\/no\/spille\/hvordan-kan-innbyggere-i-norge-spille-mega-sena-online\/\",\"url\":\"https:\/\/onlinelotto365.com\/no\/spille\/hvordan-kan-innbyggere-i-norge-spille-mega-sena-online\/\",\"name\":\"Spill Mega-Sena online fra Norge| Kan jeg delta i Mega-Sena hvis jeg bor i Norge?\",\"isPartOf\":{\"@id\":\"https:\/\/onlinelotto365.com\/no\/#website\"},\"primaryImageOfPage\":{\"@id\":\"https:\/\/onlinelotto365.com\/no\/spille\/hvordan-kan-innbyggere-i-norge-spille-mega-sena-online\/#primaryimage\"},\"image\":{\"@id\":\"https:\/\/onlinelotto365.com\/no\/spille\/hvordan-kan-innbyggere-i-norge-spille-mega-sena-online\/#primaryimage\"},\"thumbnailUrl\":\"https:\/\/redfoxlotto.com\/image?size=8&amp;lottery=mega-sena\",\"datePublished\":\"2023-09-10T16:29:57+00:00\",\"dateModified\":\"2023-09-10T16:29:57+00:00\",\"description\":\"V\u00e5r online billettjeneste gj\u00f8r det enkelt for deg \u00e5 spille Mega-Sena p\u00e5 nettet.\",\"breadcrumb\":{\"@id\":\"https:\/\/onlinelotto365.com\/no\/spille\/hvordan-kan-innbyggere-i-norge-spille-mega-sena-online\/#breadcrumb\"},\"inLanguage\":\"nb-NO\",\"potentialAction\":[{\"@type\":\"ReadAction\",\"target\":[\"https:\/\/onlinelotto365.com\/no\/spille\/hvordan-kan-innbyggere-i-norge-spille-mega-sena-online\/\"]}]},{\"@type\":\"ImageObject\",\"inLanguage\":\"nb-NO\",\"@id\":\"https:\/\/onlinelotto365.com\/no\/spille\/hvordan-kan-innbyggere-i-norge-spille-mega-sena-online\/#primaryimage\",\"url\":\"https:\/\/redfoxlotto.com\/image?size=8&amp;lottery=mega-sena\",\"contentUrl\":\"https:\/\/redfoxlotto.com\/image?size=8&amp;lottery=mega-sena\"},{\"@type\":\"BreadcrumbList\",\"@id\":\"https:\/\/onlinelotto365.com\/no\/spille\/hvordan-kan-innbyggere-i-norge-spille-mega-sena-online\/#breadcrumb\",\"itemListElement\":[{\"@type\":\"ListItem\",\"position\":1,\"name\":\"Home\",\"item\":\"https:\/\/onlinelotto365.com\/no\/\"},{\"@type\":\"ListItem\",\"position\":2,\"name\":\"Spill hvilket som helst internasjonal lotteri du vil, uansett hvor du bor\",\"item\":\"https:\/\/onlinelotto365.com\/no\/play\/\"},{\"@type\":\"ListItem\",\"position\":3,\"name\":\"Hvordan kan innbyggere i Norge spille Mega-Sena online?\"}]},{\"@type\":\"WebSite\",\"@id\":\"https:\/\/onlinelotto365.com\/no\/#website\",\"url\":\"https:\/\/onlinelotto365.com\/no\/\",\"name\":\"OnlineLotto365\",\"description\":\"\",\"potentialAction\":[{\"@type\":\"SearchAction\",\"target\":{\"@type\":\"EntryPoint\",\"urlTemplate\":\"https:\/\/onlinelotto365.com\/no\/?s={search_term_string}\"},\"query-input\":{\"@type\":\"PropertyValueSpecification\",\"valueRequired\":true,\"valueName\":\"search_term_string\"}}],\"inLanguage\":\"nb-NO\"}]}<\/script>\n<!-- \/ Yoast SEO plugin. -->","yoast_head_json":{"title":"Spill Mega-Sena online fra Norge| Kan jeg delta i Mega-Sena hvis jeg bor i Norge?","description":"V\u00e5r online billettjeneste gj\u00f8r det enkelt for deg \u00e5 spille Mega-Sena p\u00e5 nettet.","robots":{"index":"index","follow":"follow","max-snippet":"max-snippet:-1","max-image-preview":"max-image-preview:large","max-video-preview":"max-video-preview:-1"},"canonical":"https:\/\/onlinelotto365.com\/no\/spille\/hvordan-kan-innbyggere-i-norge-spille-mega-sena-online\/","og_locale":"nb_NO","og_type":"article","og_title":"Spill Mega-Sena online fra Norge| Kan jeg delta i Mega-Sena hvis jeg bor i Norge?","og_description":"V\u00e5r online billettjeneste gj\u00f8r det enkelt for deg \u00e5 spille Mega-Sena p\u00e5 nettet.","og_url":"https:\/\/onlinelotto365.com\/no\/spille\/hvordan-kan-innbyggere-i-norge-spille-mega-sena-online\/","og_site_name":"OnlineLotto365","og_image":[{"url":"https:\/\/redfoxlotto.com\/image?size=8&amp;lottery=mega-sena"}],"twitter_card":"summary_large_image","twitter_misc":{"Ansl. lesetid":"4 minutter"},"schema":{"@context":"https:\/\/schema.org","@graph":[{"@type":"WebPage","@id":"https:\/\/onlinelotto365.com\/no\/spille\/hvordan-kan-innbyggere-i-norge-spille-mega-sena-online\/","url":"https:\/\/onlinelotto365.com\/no\/spille\/hvordan-kan-innbyggere-i-norge-spille-mega-sena-online\/","name":"Spill Mega-Sena online fra Norge| Kan jeg delta i Mega-Sena hvis jeg bor i Norge?","isPartOf":{"@id":"https:\/\/onlinelotto365.com\/no\/#website"},"primaryImageOfPage":{"@id":"https:\/\/onlinelotto365.com\/no\/spille\/hvordan-kan-innbyggere-i-norge-spille-mega-sena-online\/#primaryimage"},"image":{"@id":"https:\/\/onlinelotto365.com\/no\/spille\/hvordan-kan-innbyggere-i-norge-spille-mega-sena-online\/#primaryimage"},"thumbnailUrl":"https:\/\/redfoxlotto.com\/image?size=8&amp;lottery=mega-sena","datePublished":"2023-09-10T16:29:57+00:00","dateModified":"2023-09-10T16:29:57+00:00","description":"V\u00e5r online billettjeneste gj\u00f8r det enkelt for deg \u00e5 spille Mega-Sena p\u00e5 nettet.","breadcrumb":{"@id":"https:\/\/onlinelotto365.com\/no\/spille\/hvordan-kan-innbyggere-i-norge-spille-mega-sena-online\/#breadcrumb"},"inLanguage":"nb-NO","potentialAction":[{"@type":"ReadAction","target":["https:\/\/onlinelotto365.com\/no\/spille\/hvordan-kan-innbyggere-i-norge-spille-mega-sena-online\/"]}]},{"@type":"ImageObject","inLanguage":"nb-NO","@id":"https:\/\/onlinelotto365.com\/no\/spille\/hvordan-kan-innbyggere-i-norge-spille-mega-sena-online\/#primaryimage","url":"https:\/\/redfoxlotto.com\/image?size=8&amp;lottery=mega-sena","contentUrl":"https:\/\/redfoxlotto.com\/image?size=8&amp;lottery=mega-sena"},{"@type":"BreadcrumbList","@id":"https:\/\/onlinelotto365.com\/no\/spille\/hvordan-kan-innbyggere-i-norge-spille-mega-sena-online\/#breadcrumb","itemListElement":[{"@type":"ListItem","position":1,"name":"Home","item":"https:\/\/onlinelotto365.com\/no\/"},{"@type":"ListItem","position":2,"name":"Spill hvilket som helst internasjonal lotteri du vil, uansett hvor du bor","item":"https:\/\/onlinelotto365.com\/no\/play\/"},{"@type":"ListItem","position":3,"name":"Hvordan kan innbyggere i Norge spille Mega-Sena online?"}]},{"@type":"WebSite","@id":"https:\/\/onlinelotto365.com\/no\/#website","url":"https:\/\/onlinelotto365.com\/no\/","name":"OnlineLotto365","description":"","potentialAction":[{"@type":"SearchAction","target":{"@type":"EntryPoint","urlTemplate":"https:\/\/onlinelotto365.com\/no\/?s={search_term_string}"},"query-input":{"@type":"PropertyValueSpecification","valueRequired":true,"valueName":"search_term_string"}}],"inLanguage":"nb-NO"}]}},"_links":{"self":[{"href":"https:\/\/onlinelotto365.com\/no\/wp-json\/wp\/v2\/pages\/83488","targetHints":{"allow":["GET"]}}],"collection":[{"href":"https:\/\/onlinelotto365.com\/no\/wp-json\/wp\/v2\/pages"}],"about":[{"href":"https:\/\/onlinelotto365.com\/no\/wp-json\/wp\/v2\/types\/page"}],"author":[{"embeddable":true,"href":"https:\/\/onlinelotto365.com\/no\/wp-json\/wp\/v2\/users\/1"}],"replies":[{"embeddable":true,"href":"https:\/\/onlinelotto365.com\/no\/wp-json\/wp\/v2\/comments?post=83488"}],"version-history":[{"count":0,"href":"https:\/\/onlinelotto365.com\/no\/wp-json\/wp\/v2\/pages\/83488\/revisions"}],"up":[{"embeddable":true,"href":"https:\/\/onlinelotto365.com\/no\/wp-json\/wp\/v2\/pages\/5028"}],"wp:attachment":[{"href":"https:\/\/onlinelotto365.com\/no\/wp-json\/wp\/v2\/media?parent=83488"}],"curies":[{"name":"wp","href":"https:\/\/api.w.org\/{rel}","templated":true}]}}