{"id":83761,"date":"2023-09-13T09:57:44","date_gmt":"2023-09-13T08:57:44","guid":{"rendered":"https:\/\/onlinelotto365.com\/spille\/powerball-australia-du-er-ikke-lenger-begrenset-til-norske-lotterier"},"modified":"2023-09-13T09:57:44","modified_gmt":"2023-09-13T08:57:44","slug":"powerball-australia-du-er-ikke-lenger-begrenset-til-norske-lotterier","status":"publish","type":"page","link":"https:\/\/onlinelotto365.com\/no\/spille\/powerball-australia-du-er-ikke-lenger-begrenset-til-norske-lotterier\/","title":{"rendered":"Powerball Australia &#8211; du er ikke lenger begrenset til norske lotterier"},"content":{"rendered":"<h2>Hvordan spille Powerball Australia online<\/h2>\n<p>Det er faktisk ganske enkelt \u00e5 spille Powerball Australia online, selv om du befinner deg i Norge. Og det er ganske praktisk ogs\u00e5, for du er allerede her hvor du kan hente loddene dine med bare noen f\u00e5 museklikk.<\/p>\n<p>Du vil bli tatt h\u00e5nd om deg hele veien, der alt du trenger \u00e5 gj\u00f8re er \u00e5 opprette en gratis konto, gj\u00f8re dine valg, velge et av de mange praktiske betalingsalternativene, og vi gj\u00f8r resten.<\/p>\n<p>S\u00f8rg for at du klikker p\u00e5 riktig lotteri, nemlig Powerball Australia. Deretter velger du tallene dine. Hvis du pr\u00f8ver \u00e5 velge for mange tall eller ikke har valgt nok tall, vil systemet be deg om \u00e5 velge f\u00e6rre eller flere tall. Du kan ogs\u00e5 klikke p\u00e5 hurtigvalgknappen, s\u00e5 velger nettstedet noen tall tilfeldig for deg. Du kan fortsatt redigere disse tallene manuelt hvis du ikke liker dem.<\/p>\n<p>Det er ogs\u00e5 en metode som mange spillere liker \u00e5 bruke &#8211; hurtigvalgfunksjonen. Eller du kan bruke noen av favorittnumrene dine manuelt og la tilfeldig tallgenerator velge resten for deg.<\/p>\n<p>Deretter kan du velge et annet lotteri, spille flere lottokuponger og legge dem til i bestillingen din. Klikk deretter for \u00e5 sjekke ut og betale for billettene dine p\u00e5 en trygg m\u00e5te. P\u00e5 dette tidspunktet m\u00e5 du opprette en konto hos oss. Selvf\u00f8lgelig kan du ogs\u00e5 opprette kontoen din f\u00f8rst og deretter starte prosessen med \u00e5 bestille billettene dine.<\/p>\n<p>Etter at du har opprettet kontoen din, sender vi deg en bekreftelses-e-post med en lenke som du m\u00e5 klikke p\u00e5. Husk \u00e5 sjekke s\u00f8ppelpostmappen din for denne e-posten. Det er lurt \u00e5 merke e-postadressen v\u00e5r som en p\u00e5litelig avsender. Dette sikrer at viktige meldinger som varsler om gevinster faktisk n\u00e5r frem til deg.<\/p>\n<h2>Om Powerball Australia<\/h2>\n<ul><img decoding=\"async\" class=\"aligncenter\" src=\"https:\/\/redfoxlotto.com\/image?size=8&amp;lottery=powerball-au\" alt=\"Powerball Australia\" \/><\/p>\n<li>Land: Australiaplay powerball australia online<\/li>\n<li>Hovednumre rekkevidde: 35<\/li>\n<li>Du m\u00e5 velge: 7<\/li>\n<li>Ekstra tall rekkevidde: 20<\/li>\n<li>Du m\u00e5 velge: 1<\/li>\n<li>Dager, timer for trekning: Torsdag, 21:30 GMT+11, 10:30 CET<\/li>\n<li>Jackpot starter p\u00e5: 3 millioner australske dollar<\/li>\n<li>Jackpot er begrenset til: 150 millioner australske dollar<\/li>\n<li>Sjanse til \u00e5 vinne jackpotten: 1 i 134.490.400<\/li>\n<li>Sjanse til \u00e5 vinne en andrepremie: 1 i 7.078.443<\/li>\n<li>Sjanse til \u00e5 vinne en hvilken som helst premie: 1 i 24,87<\/li>\n<li>Antall premiekategorier: 7<\/li>\n<\/ul>\n<h2>Hvordan sjekke Powerball Australia-resultatene<\/h2>\n<p>Du kan bruke en rekke metoder for \u00e5 sjekke resultatene dine. Du finner dem p\u00e5 den offisielle nettsiden til lotteriet. For noen lotterier kan du finne vinnertallene i lokalavisen din, eller en tv-kanal kan sende dem. Men den enkleste m\u00e5ten er \u00e5 komme tilbake til siden v\u00e5r og sjekke de siste vinnertallene her. N\u00e5r du er logget inn p\u00e5 kontoen din, kan du sammenligne tallene du spilte med tallene fra trekningen. Og du kan se hvor mye du vant med en gang.<img loading=\"lazy\" decoding=\"async\" class=\"alignright wp-image-1653\" src=\"https:\/\/onlinelotto365.com\/wp-content\/uploads\/2020\/11\/online_lottery-145-300x143.jpg\" alt=\"spill powerball australia online\n\" width=\"413\" height=\"197\" \/><\/p>\n<h2>Du har spilt Powerball Australia online og vunnet &#8211; hva skjer n\u00e5?<\/h2>\n<p>F\u00f8rst b\u00f8r du sjekke hvor mye du har vunnet. Hvis gevinsten er mindre enn \u20ac2500, finner du bel\u00f8pet kreditert spillerkontoen din. Du kan velge om du vil bruke bel\u00f8pet til \u00e5 kj\u00f8pe flere lodd, eller om du foretrekker det, kan du ta det ut. V\u00e6r oppmerksom p\u00e5 at uttaksalternativet bare er synlig hvis kontosaldoen din er p\u00e5 minst 100 kr.<\/p>\n<p>For gevinster over 2 500 kr vil kundest\u00f8tten v\u00e5r kontakte deg. Du m\u00e5 fylle ut et kravskjema, som vi deretter sender til lotterikommisjonen. Deretter vil du enten motta gevinsten din via bankoverf\u00f8ring eller sjekk, avhengig av hva du \u00f8nsker.<\/p>\n","protected":false},"excerpt":{"rendered":"<p>Hvordan spille Powerball Australia online Det er faktisk ganske enkelt \u00e5 spille Powerball Australia online, selv om du befinner deg i Norge. Og det er ganske praktisk ogs\u00e5, for du er allerede her hvor du kan hente loddene dine med bare noen f\u00e5 museklikk. Du vil bli tatt h\u00e5nd om deg hele veien, der alt [&hellip;]<\/p>\n","protected":false},"author":1,"featured_media":0,"parent":5028,"menu_order":13,"comment_status":"closed","ping_status":"closed","template":"powerball-au.php","meta":{"_et_pb_use_builder":"","_et_pb_old_content":"","_et_gb_content_width":"","exclude_from_search":false,"footnotes":""},"class_list":["post-83761","page","type-page","status-publish","hentry"],"yoast_head":"<!-- This site is optimized with the Yoast SEO plugin v23.4 - https:\/\/yoast.com\/wordpress\/plugins\/seo\/ -->\n<title>Spill Powerball Australia online fra Norge| Kan jeg delta i Powerball Australia hvis jeg bor i Norge?<\/title>\n<meta name=\"description\" content=\"Spill Powerball Australia online fra Norge| Kan jeg delta i Powerball Australia hvis jeg bor i Norge?\" \/>\n<meta name=\"robots\" content=\"index, follow, max-snippet:-1, max-image-preview:large, max-video-preview:-1\" \/>\n<link rel=\"canonical\" href=\"https:\/\/onlinelotto365.com\/no\/spille\/powerball-australia-du-er-ikke-lenger-begrenset-til-norske-lotterier\/\" \/>\n<meta property=\"og:locale\" content=\"nb_NO\" \/>\n<meta property=\"og:type\" content=\"article\" \/>\n<meta property=\"og:title\" content=\"Spill Powerball Australia online fra Norge| Kan jeg delta i Powerball Australia hvis jeg bor i Norge?\" \/>\n<meta property=\"og:description\" content=\"Spill Powerball Australia online fra Norge| Kan jeg delta i Powerball Australia hvis jeg bor i Norge?\" \/>\n<meta property=\"og:url\" content=\"https:\/\/onlinelotto365.com\/no\/spille\/powerball-australia-du-er-ikke-lenger-begrenset-til-norske-lotterier\/\" \/>\n<meta property=\"og:site_name\" content=\"OnlineLotto365\" \/>\n<meta property=\"og:image\" content=\"https:\/\/redfoxlotto.com\/image?size=8&amp;lottery=powerball-au\" \/>\n<meta name=\"twitter:card\" content=\"summary_large_image\" \/>\n<meta name=\"twitter:label1\" content=\"Ansl. lesetid\" \/>\n\t<meta name=\"twitter:data1\" content=\"3 minutter\" \/>\n<script type=\"application\/ld+json\" class=\"yoast-schema-graph\">{\"@context\":\"https:\/\/schema.org\",\"@graph\":[{\"@type\":\"WebPage\",\"@id\":\"https:\/\/onlinelotto365.com\/no\/spille\/powerball-australia-du-er-ikke-lenger-begrenset-til-norske-lotterier\/\",\"url\":\"https:\/\/onlinelotto365.com\/no\/spille\/powerball-australia-du-er-ikke-lenger-begrenset-til-norske-lotterier\/\",\"name\":\"Spill Powerball Australia online fra Norge| Kan jeg delta i Powerball Australia hvis jeg bor i Norge?\",\"isPartOf\":{\"@id\":\"https:\/\/onlinelotto365.com\/no\/#website\"},\"primaryImageOfPage\":{\"@id\":\"https:\/\/onlinelotto365.com\/no\/spille\/powerball-australia-du-er-ikke-lenger-begrenset-til-norske-lotterier\/#primaryimage\"},\"image\":{\"@id\":\"https:\/\/onlinelotto365.com\/no\/spille\/powerball-australia-du-er-ikke-lenger-begrenset-til-norske-lotterier\/#primaryimage\"},\"thumbnailUrl\":\"https:\/\/redfoxlotto.com\/image?size=8&amp;lottery=powerball-au\",\"datePublished\":\"2023-09-13T08:57:44+00:00\",\"dateModified\":\"2023-09-13T08:57:44+00:00\",\"description\":\"Spill Powerball Australia online fra Norge| Kan jeg delta i Powerball Australia hvis jeg bor i Norge?\",\"breadcrumb\":{\"@id\":\"https:\/\/onlinelotto365.com\/no\/spille\/powerball-australia-du-er-ikke-lenger-begrenset-til-norske-lotterier\/#breadcrumb\"},\"inLanguage\":\"nb-NO\",\"potentialAction\":[{\"@type\":\"ReadAction\",\"target\":[\"https:\/\/onlinelotto365.com\/no\/spille\/powerball-australia-du-er-ikke-lenger-begrenset-til-norske-lotterier\/\"]}]},{\"@type\":\"ImageObject\",\"inLanguage\":\"nb-NO\",\"@id\":\"https:\/\/onlinelotto365.com\/no\/spille\/powerball-australia-du-er-ikke-lenger-begrenset-til-norske-lotterier\/#primaryimage\",\"url\":\"https:\/\/redfoxlotto.com\/image?size=8&amp;lottery=powerball-au\",\"contentUrl\":\"https:\/\/redfoxlotto.com\/image?size=8&amp;lottery=powerball-au\"},{\"@type\":\"BreadcrumbList\",\"@id\":\"https:\/\/onlinelotto365.com\/no\/spille\/powerball-australia-du-er-ikke-lenger-begrenset-til-norske-lotterier\/#breadcrumb\",\"itemListElement\":[{\"@type\":\"ListItem\",\"position\":1,\"name\":\"Home\",\"item\":\"https:\/\/onlinelotto365.com\/no\/\"},{\"@type\":\"ListItem\",\"position\":2,\"name\":\"Spill hvilket som helst internasjonal lotteri du vil, uansett hvor du bor\",\"item\":\"https:\/\/onlinelotto365.com\/no\/play\/\"},{\"@type\":\"ListItem\",\"position\":3,\"name\":\"Powerball Australia &#8211; du er ikke lenger begrenset til norske lotterier\"}]},{\"@type\":\"WebSite\",\"@id\":\"https:\/\/onlinelotto365.com\/no\/#website\",\"url\":\"https:\/\/onlinelotto365.com\/no\/\",\"name\":\"OnlineLotto365\",\"description\":\"\",\"potentialAction\":[{\"@type\":\"SearchAction\",\"target\":{\"@type\":\"EntryPoint\",\"urlTemplate\":\"https:\/\/onlinelotto365.com\/no\/?s={search_term_string}\"},\"query-input\":{\"@type\":\"PropertyValueSpecification\",\"valueRequired\":true,\"valueName\":\"search_term_string\"}}],\"inLanguage\":\"nb-NO\"}]}<\/script>\n<!-- \/ Yoast SEO plugin. -->","yoast_head_json":{"title":"Spill Powerball Australia online fra Norge| Kan jeg delta i Powerball Australia hvis jeg bor i Norge?","description":"Spill Powerball Australia online fra Norge| Kan jeg delta i Powerball Australia hvis jeg bor i Norge?","robots":{"index":"index","follow":"follow","max-snippet":"max-snippet:-1","max-image-preview":"max-image-preview:large","max-video-preview":"max-video-preview:-1"},"canonical":"https:\/\/onlinelotto365.com\/no\/spille\/powerball-australia-du-er-ikke-lenger-begrenset-til-norske-lotterier\/","og_locale":"nb_NO","og_type":"article","og_title":"Spill Powerball Australia online fra Norge| Kan jeg delta i Powerball Australia hvis jeg bor i Norge?","og_description":"Spill Powerball Australia online fra Norge| Kan jeg delta i Powerball Australia hvis jeg bor i Norge?","og_url":"https:\/\/onlinelotto365.com\/no\/spille\/powerball-australia-du-er-ikke-lenger-begrenset-til-norske-lotterier\/","og_site_name":"OnlineLotto365","og_image":[{"url":"https:\/\/redfoxlotto.com\/image?size=8&amp;lottery=powerball-au"}],"twitter_card":"summary_large_image","twitter_misc":{"Ansl. lesetid":"3 minutter"},"schema":{"@context":"https:\/\/schema.org","@graph":[{"@type":"WebPage","@id":"https:\/\/onlinelotto365.com\/no\/spille\/powerball-australia-du-er-ikke-lenger-begrenset-til-norske-lotterier\/","url":"https:\/\/onlinelotto365.com\/no\/spille\/powerball-australia-du-er-ikke-lenger-begrenset-til-norske-lotterier\/","name":"Spill Powerball Australia online fra Norge| Kan jeg delta i Powerball Australia hvis jeg bor i Norge?","isPartOf":{"@id":"https:\/\/onlinelotto365.com\/no\/#website"},"primaryImageOfPage":{"@id":"https:\/\/onlinelotto365.com\/no\/spille\/powerball-australia-du-er-ikke-lenger-begrenset-til-norske-lotterier\/#primaryimage"},"image":{"@id":"https:\/\/onlinelotto365.com\/no\/spille\/powerball-australia-du-er-ikke-lenger-begrenset-til-norske-lotterier\/#primaryimage"},"thumbnailUrl":"https:\/\/redfoxlotto.com\/image?size=8&amp;lottery=powerball-au","datePublished":"2023-09-13T08:57:44+00:00","dateModified":"2023-09-13T08:57:44+00:00","description":"Spill Powerball Australia online fra Norge| Kan jeg delta i Powerball Australia hvis jeg bor i Norge?","breadcrumb":{"@id":"https:\/\/onlinelotto365.com\/no\/spille\/powerball-australia-du-er-ikke-lenger-begrenset-til-norske-lotterier\/#breadcrumb"},"inLanguage":"nb-NO","potentialAction":[{"@type":"ReadAction","target":["https:\/\/onlinelotto365.com\/no\/spille\/powerball-australia-du-er-ikke-lenger-begrenset-til-norske-lotterier\/"]}]},{"@type":"ImageObject","inLanguage":"nb-NO","@id":"https:\/\/onlinelotto365.com\/no\/spille\/powerball-australia-du-er-ikke-lenger-begrenset-til-norske-lotterier\/#primaryimage","url":"https:\/\/redfoxlotto.com\/image?size=8&amp;lottery=powerball-au","contentUrl":"https:\/\/redfoxlotto.com\/image?size=8&amp;lottery=powerball-au"},{"@type":"BreadcrumbList","@id":"https:\/\/onlinelotto365.com\/no\/spille\/powerball-australia-du-er-ikke-lenger-begrenset-til-norske-lotterier\/#breadcrumb","itemListElement":[{"@type":"ListItem","position":1,"name":"Home","item":"https:\/\/onlinelotto365.com\/no\/"},{"@type":"ListItem","position":2,"name":"Spill hvilket som helst internasjonal lotteri du vil, uansett hvor du bor","item":"https:\/\/onlinelotto365.com\/no\/play\/"},{"@type":"ListItem","position":3,"name":"Powerball Australia &#8211; du er ikke lenger begrenset til norske lotterier"}]},{"@type":"WebSite","@id":"https:\/\/onlinelotto365.com\/no\/#website","url":"https:\/\/onlinelotto365.com\/no\/","name":"OnlineLotto365","description":"","potentialAction":[{"@type":"SearchAction","target":{"@type":"EntryPoint","urlTemplate":"https:\/\/onlinelotto365.com\/no\/?s={search_term_string}"},"query-input":{"@type":"PropertyValueSpecification","valueRequired":true,"valueName":"search_term_string"}}],"inLanguage":"nb-NO"}]}},"_links":{"self":[{"href":"https:\/\/onlinelotto365.com\/no\/wp-json\/wp\/v2\/pages\/83761","targetHints":{"allow":["GET"]}}],"collection":[{"href":"https:\/\/onlinelotto365.com\/no\/wp-json\/wp\/v2\/pages"}],"about":[{"href":"https:\/\/onlinelotto365.com\/no\/wp-json\/wp\/v2\/types\/page"}],"author":[{"embeddable":true,"href":"https:\/\/onlinelotto365.com\/no\/wp-json\/wp\/v2\/users\/1"}],"replies":[{"embeddable":true,"href":"https:\/\/onlinelotto365.com\/no\/wp-json\/wp\/v2\/comments?post=83761"}],"version-history":[{"count":0,"href":"https:\/\/onlinelotto365.com\/no\/wp-json\/wp\/v2\/pages\/83761\/revisions"}],"up":[{"embeddable":true,"href":"https:\/\/onlinelotto365.com\/no\/wp-json\/wp\/v2\/pages\/5028"}],"wp:attachment":[{"href":"https:\/\/onlinelotto365.com\/no\/wp-json\/wp\/v2\/media?parent=83761"}],"curies":[{"name":"wp","href":"https:\/\/api.w.org\/{rel}","templated":true}]}}