{"id":83770,"date":"2023-09-14T09:19:10","date_gmt":"2023-09-14T08:19:10","guid":{"rendered":"https:\/\/onlinelotto365.com\/spille\/a-spille-oz-lotto-er-bare-ett-av-alternativene-for-lotterifans-fra-norge"},"modified":"2023-09-14T09:19:10","modified_gmt":"2023-09-14T08:19:10","slug":"a-spille-oz-lotto-er-bare-ett-av-alternativene-for-lotterifans-fra-norge","status":"publish","type":"page","link":"https:\/\/onlinelotto365.com\/no\/spille\/a-spille-oz-lotto-er-bare-ett-av-alternativene-for-lotterifans-fra-norge\/","title":{"rendered":"\u00c5 spille Oz Lotto er bare ett av alternativene for lotterifans fra Norge"},"content":{"rendered":"<h2>Hvordan spille Oz Lotto online<\/h2>\n<p>Enten du bor i Norge eller ikke, kan du enkelt spille Oz Lotto online. Det er fordi alt du trenger \u00e5 gj\u00f8re er \u00e5 finne riktig side p\u00e5 nettstedet v\u00e5rt, klikke p\u00e5 noen f\u00e5 knapper, og f\u00f8r du vet ordet av det har du billettene du vil ha.<\/p>\n<p>Enda bedre, du oppretter bare en helt gratis konto, velger de billettene og tallene du vil ha, velger det betalingsalternativet som passer best for deg, og du er ferdig. S\u00e5 enkelt er det egentlig.<\/p>\n<p>Hvis du er klar til \u00e5 g\u00e5, er det f\u00f8rste du trenger \u00e5 gj\u00f8re \u00e5 velge lotto du vil ha. I dette tilfellet ser du p\u00e5 Oz Lotto. N\u00e5r du er inne, velger du bare tallene du vil spille. Du trenger ikke engang \u00e5 bekymre deg for \u00e5 velge tallene dine feil fordi systemet vil fortelle deg hva du trenger.<\/p>\n<p>Det betyr ogs\u00e5 antall tall. I tillegg kan du velge et hurtigvalg for \u00e5 f\u00e5 datamaskinen til \u00e5 velge tallene dine tilfeldig og deretter redigere disse tallene ogs\u00e5.<\/p>\n<p>N\u00e5r du har f\u00e5tt billettene du vil ha til Oz Lotto, kan du velge \u00e5 legge til enda flere billetter, velge et annet spill og legge til disse billettene eller bare legge til billettene dine i en bestilling for \u00e5 kj\u00f8pe. Sjekk ut og betal med din foretrukne betalingsm\u00e5te, og du kommer til \u00e5 v\u00e6re klar. Men du m\u00e5 selvf\u00f8lgelig opprette en konto for \u00e5 komme hele veien gjennom kassen.<\/p>\n<p>Det er enkelt \u00e5 opprette en konto, og du f\u00e5r en bekreftelses-e-post og en lenke med en gang. P\u00e5 den m\u00e5ten kan du g\u00e5 rett til \u00e5 kj\u00f8pe billetter uten \u00e5 m\u00e5tte vente. Bare pass p\u00e5 at du sjekker innboksen og s\u00f8ppelpostmappen din, for du kan ikke f\u00e5 billettene dine f\u00f8r du har bekreftet. Du vil v\u00e6re klar til \u00e5 g\u00e5 p\u00e5 kort tid.<\/p>\n<h2>Om Oz Lotto<\/h2>\n<p><img decoding=\"async\" class=\"aligncenter\" src=\"https:\/\/redfoxlotto.com\/image?size=8&amp;lottery=oz-lotto\" alt=\"Oz Lotto\" \/><\/p>\n<ul>\n<li>Land: Australia<\/li>\n<li>Hovedtallsrekkevidde: 45<\/li>\n<li>Du m\u00e5 velge: 7<\/li>\n<li>Dager, timer med trekning: Tirsdag, 21:30 GMT + 11 &#8211; 10:30 CET<\/li>\n<li>Jackpot starter p\u00e5: 2 millioner australske dollar<\/li>\n<li>Jackpot er begrenset til: ingen<\/li>\n<li>Sjanse til \u00e5 vinne jackpotten: 1 i 45379620<\/li>\n<li>Sjanse til \u00e5 vinne andrepremie: 1 i 3241401<\/li>\n<li>Sjanse til \u00e5 vinne hvilken som helst premie: 1 i 54,59<\/li>\n<li>Antall premiekategorier: 7<\/li>\n<\/ul>\n<p><img loading=\"lazy\" decoding=\"async\" class=\"wp-image-3635 alignright\" src=\"https:\/\/onlinelotto365.com\/wp-content\/uploads\/2020\/11\/online_lottery-123-300x300.jpg\" alt=\"spill oz lotto online \" width=\"228\" height=\"228\" srcset=\"https:\/\/onlinelotto365.com\/wp-content\/uploads\/2020\/11\/online_lottery-123-300x300.jpg 300w, https:\/\/onlinelotto365.com\/wp-content\/uploads\/2020\/11\/online_lottery-123-100x100.jpg 100w, https:\/\/onlinelotto365.com\/wp-content\/uploads\/2020\/11\/online_lottery-123-150x150.jpg 150w, https:\/\/onlinelotto365.com\/wp-content\/uploads\/2020\/11\/online_lottery-123.jpg 320w\" sizes=\"auto, (max-width: 228px) 100vw, 228px\" \/><\/p>\n<h2>De beste funksjonene i Oz Lotto<\/h2>\n<p>Oz Lotto gir deg muligheten til \u00e5 vinne i syv forskjellige divisjoner, noe som \u00f8ker sjansene dine for \u00e5 vinne en stor premie. Ikke bare det, men hvis du vinner i divisjon 1, er du garantert \u00e5 dele en premie p\u00e5 2 millioner dollar, og ofte mye h\u00f8yere. Det betyr at du ikke kommer til \u00e5 ha noe problem med \u00e5 vinne noe stort, eller i det minste f\u00e5 en andel av en av de flotte premiealternativene.<\/p>\n<h2>Hvordan sjekke Oz Lotto-resultatene<\/h2>\n<p>Det er mange m\u00e5ter \u00e5 sjekke vinnertallene for Oz Lotto. Den f\u00f8rste er \u00e5 g\u00e5 til det offisielle nettstedet eller sjekke lokale lotterier gjennom din egen avis eller din favoritt nyhetskanal. Men det fungerer bare hvis spillet er lokalt. Og den beste m\u00e5ten du kan f\u00e5 lottotallene dine p\u00e5 er \u00e5 komme rett tilbake til nettstedet v\u00e5rt.<\/p>\n<p>Du har tross alt kj\u00f8pt loddene dine her, s\u00e5 hvorfor ikke? Du kan logge deg rett inn p\u00e5 kontoen din og sammenligne tallene dine med vinnertallene for \u00e5 se hvor mye du har vunnet.<\/p>\n<h2>Du er en Oz Lotto-vinner! &#8211; Hva n\u00e5?<\/h2>\n<p>Det f\u00f8rste du vil vite er hvor mye du kommer til \u00e5 f\u00e5. N\u00e5r alt kommer til alt, vil jo alle vite hvor mye de har vunnet, ikke sant? Hvis du har vunnet mindre enn \u20ac2500, trenger du ikke \u00e5 gj\u00f8re noe. Vi tar oss av innkrevingen av premien og setter den direkte inn p\u00e5 nettkontoen din. Derfra kan du velge om du vil ta den ut, kj\u00f8pe nye lodd eller hva du vil, s\u00e5 lenge du har vunnet over 100 kr.<\/p>\n<p>Hvis du har vunnet over 2 500 kr, er det litt mer involvert i prosessen, men ikke bekymre deg, for vi hjelper deg gjennom det hele. Vi tar kontakt med deg og skaffer deg en kopi av kravskjemaet som m\u00e5 sendes til lotterikommisjonen. N\u00e5r du har fylt det ut, vil du kunne f\u00e5 gevinsten din i henhold til det du sendte inn p\u00e5 papiret. Du kan f\u00e5 en sjekk eller en bankoverf\u00f8ring.<\/p>\n","protected":false},"excerpt":{"rendered":"<p>Hvordan spille Oz Lotto online Enten du bor i Norge eller ikke, kan du enkelt spille Oz Lotto online. Det er fordi alt du trenger \u00e5 gj\u00f8re er \u00e5 finne riktig side p\u00e5 nettstedet v\u00e5rt, klikke p\u00e5 noen f\u00e5 knapper, og f\u00f8r du vet ordet av det har du billettene du vil ha. Enda bedre, [&hellip;]<\/p>\n","protected":false},"author":1,"featured_media":0,"parent":5028,"menu_order":14,"comment_status":"closed","ping_status":"closed","template":"template-rightsidebar.php","meta":{"_et_pb_use_builder":"","_et_pb_old_content":"","_et_gb_content_width":"","exclude_from_search":false,"footnotes":""},"class_list":["post-83770","page","type-page","status-publish","hentry"],"yoast_head":"<!-- This site is optimized with the Yoast SEO plugin v23.4 - https:\/\/yoast.com\/wordpress\/plugins\/seo\/ -->\n<title>Spill Oz Lotto akkurat her - de st\u00f8rste lotteriene p\u00e5 planeten, tilgjengelig online fra Norge<\/title>\n<meta name=\"description\" content=\"Spill Oz Lotto akkurat her - de st\u00f8rste lotteriene p\u00e5 planeten, tilgjengelig online fra Norge\" \/>\n<meta name=\"robots\" content=\"index, follow, max-snippet:-1, max-image-preview:large, max-video-preview:-1\" \/>\n<link rel=\"canonical\" href=\"https:\/\/onlinelotto365.com\/no\/spille\/a-spille-oz-lotto-er-bare-ett-av-alternativene-for-lotterifans-fra-norge\/\" \/>\n<meta property=\"og:locale\" content=\"nb_NO\" \/>\n<meta property=\"og:type\" content=\"article\" \/>\n<meta property=\"og:title\" content=\"Spill Oz Lotto akkurat her - de st\u00f8rste lotteriene p\u00e5 planeten, tilgjengelig online fra Norge\" \/>\n<meta property=\"og:description\" content=\"Spill Oz Lotto akkurat her - de st\u00f8rste lotteriene p\u00e5 planeten, tilgjengelig online fra Norge\" \/>\n<meta property=\"og:url\" content=\"https:\/\/onlinelotto365.com\/no\/spille\/a-spille-oz-lotto-er-bare-ett-av-alternativene-for-lotterifans-fra-norge\/\" \/>\n<meta property=\"og:site_name\" content=\"OnlineLotto365\" \/>\n<meta property=\"og:image\" content=\"https:\/\/redfoxlotto.com\/image?size=8&amp;lottery=oz-lotto\" \/>\n<meta name=\"twitter:card\" content=\"summary_large_image\" \/>\n<meta name=\"twitter:label1\" content=\"Ansl. lesetid\" \/>\n\t<meta name=\"twitter:data1\" content=\"3 minutter\" \/>\n<script type=\"application\/ld+json\" class=\"yoast-schema-graph\">{\"@context\":\"https:\/\/schema.org\",\"@graph\":[{\"@type\":\"WebPage\",\"@id\":\"https:\/\/onlinelotto365.com\/no\/spille\/a-spille-oz-lotto-er-bare-ett-av-alternativene-for-lotterifans-fra-norge\/\",\"url\":\"https:\/\/onlinelotto365.com\/no\/spille\/a-spille-oz-lotto-er-bare-ett-av-alternativene-for-lotterifans-fra-norge\/\",\"name\":\"Spill Oz Lotto akkurat her - de st\u00f8rste lotteriene p\u00e5 planeten, tilgjengelig online fra Norge\",\"isPartOf\":{\"@id\":\"https:\/\/onlinelotto365.com\/no\/#website\"},\"primaryImageOfPage\":{\"@id\":\"https:\/\/onlinelotto365.com\/no\/spille\/a-spille-oz-lotto-er-bare-ett-av-alternativene-for-lotterifans-fra-norge\/#primaryimage\"},\"image\":{\"@id\":\"https:\/\/onlinelotto365.com\/no\/spille\/a-spille-oz-lotto-er-bare-ett-av-alternativene-for-lotterifans-fra-norge\/#primaryimage\"},\"thumbnailUrl\":\"https:\/\/redfoxlotto.com\/image?size=8&amp;lottery=oz-lotto\",\"datePublished\":\"2023-09-14T08:19:10+00:00\",\"dateModified\":\"2023-09-14T08:19:10+00:00\",\"description\":\"Spill Oz Lotto akkurat her - de st\u00f8rste lotteriene p\u00e5 planeten, tilgjengelig online fra Norge\",\"breadcrumb\":{\"@id\":\"https:\/\/onlinelotto365.com\/no\/spille\/a-spille-oz-lotto-er-bare-ett-av-alternativene-for-lotterifans-fra-norge\/#breadcrumb\"},\"inLanguage\":\"nb-NO\",\"potentialAction\":[{\"@type\":\"ReadAction\",\"target\":[\"https:\/\/onlinelotto365.com\/no\/spille\/a-spille-oz-lotto-er-bare-ett-av-alternativene-for-lotterifans-fra-norge\/\"]}]},{\"@type\":\"ImageObject\",\"inLanguage\":\"nb-NO\",\"@id\":\"https:\/\/onlinelotto365.com\/no\/spille\/a-spille-oz-lotto-er-bare-ett-av-alternativene-for-lotterifans-fra-norge\/#primaryimage\",\"url\":\"https:\/\/redfoxlotto.com\/image?size=8&amp;lottery=oz-lotto\",\"contentUrl\":\"https:\/\/redfoxlotto.com\/image?size=8&amp;lottery=oz-lotto\"},{\"@type\":\"BreadcrumbList\",\"@id\":\"https:\/\/onlinelotto365.com\/no\/spille\/a-spille-oz-lotto-er-bare-ett-av-alternativene-for-lotterifans-fra-norge\/#breadcrumb\",\"itemListElement\":[{\"@type\":\"ListItem\",\"position\":1,\"name\":\"Home\",\"item\":\"https:\/\/onlinelotto365.com\/no\/\"},{\"@type\":\"ListItem\",\"position\":2,\"name\":\"Spill hvilket som helst internasjonal lotteri du vil, uansett hvor du bor\",\"item\":\"https:\/\/onlinelotto365.com\/no\/play\/\"},{\"@type\":\"ListItem\",\"position\":3,\"name\":\"\u00c5 spille Oz Lotto er bare ett av alternativene for lotterifans fra Norge\"}]},{\"@type\":\"WebSite\",\"@id\":\"https:\/\/onlinelotto365.com\/no\/#website\",\"url\":\"https:\/\/onlinelotto365.com\/no\/\",\"name\":\"OnlineLotto365\",\"description\":\"\",\"potentialAction\":[{\"@type\":\"SearchAction\",\"target\":{\"@type\":\"EntryPoint\",\"urlTemplate\":\"https:\/\/onlinelotto365.com\/no\/?s={search_term_string}\"},\"query-input\":{\"@type\":\"PropertyValueSpecification\",\"valueRequired\":true,\"valueName\":\"search_term_string\"}}],\"inLanguage\":\"nb-NO\"}]}<\/script>\n<!-- \/ Yoast SEO plugin. -->","yoast_head_json":{"title":"Spill Oz Lotto akkurat her - de st\u00f8rste lotteriene p\u00e5 planeten, tilgjengelig online fra Norge","description":"Spill Oz Lotto akkurat her - de st\u00f8rste lotteriene p\u00e5 planeten, tilgjengelig online fra Norge","robots":{"index":"index","follow":"follow","max-snippet":"max-snippet:-1","max-image-preview":"max-image-preview:large","max-video-preview":"max-video-preview:-1"},"canonical":"https:\/\/onlinelotto365.com\/no\/spille\/a-spille-oz-lotto-er-bare-ett-av-alternativene-for-lotterifans-fra-norge\/","og_locale":"nb_NO","og_type":"article","og_title":"Spill Oz Lotto akkurat her - de st\u00f8rste lotteriene p\u00e5 planeten, tilgjengelig online fra Norge","og_description":"Spill Oz Lotto akkurat her - de st\u00f8rste lotteriene p\u00e5 planeten, tilgjengelig online fra Norge","og_url":"https:\/\/onlinelotto365.com\/no\/spille\/a-spille-oz-lotto-er-bare-ett-av-alternativene-for-lotterifans-fra-norge\/","og_site_name":"OnlineLotto365","og_image":[{"url":"https:\/\/redfoxlotto.com\/image?size=8&amp;lottery=oz-lotto"}],"twitter_card":"summary_large_image","twitter_misc":{"Ansl. lesetid":"3 minutter"},"schema":{"@context":"https:\/\/schema.org","@graph":[{"@type":"WebPage","@id":"https:\/\/onlinelotto365.com\/no\/spille\/a-spille-oz-lotto-er-bare-ett-av-alternativene-for-lotterifans-fra-norge\/","url":"https:\/\/onlinelotto365.com\/no\/spille\/a-spille-oz-lotto-er-bare-ett-av-alternativene-for-lotterifans-fra-norge\/","name":"Spill Oz Lotto akkurat her - de st\u00f8rste lotteriene p\u00e5 planeten, tilgjengelig online fra Norge","isPartOf":{"@id":"https:\/\/onlinelotto365.com\/no\/#website"},"primaryImageOfPage":{"@id":"https:\/\/onlinelotto365.com\/no\/spille\/a-spille-oz-lotto-er-bare-ett-av-alternativene-for-lotterifans-fra-norge\/#primaryimage"},"image":{"@id":"https:\/\/onlinelotto365.com\/no\/spille\/a-spille-oz-lotto-er-bare-ett-av-alternativene-for-lotterifans-fra-norge\/#primaryimage"},"thumbnailUrl":"https:\/\/redfoxlotto.com\/image?size=8&amp;lottery=oz-lotto","datePublished":"2023-09-14T08:19:10+00:00","dateModified":"2023-09-14T08:19:10+00:00","description":"Spill Oz Lotto akkurat her - de st\u00f8rste lotteriene p\u00e5 planeten, tilgjengelig online fra Norge","breadcrumb":{"@id":"https:\/\/onlinelotto365.com\/no\/spille\/a-spille-oz-lotto-er-bare-ett-av-alternativene-for-lotterifans-fra-norge\/#breadcrumb"},"inLanguage":"nb-NO","potentialAction":[{"@type":"ReadAction","target":["https:\/\/onlinelotto365.com\/no\/spille\/a-spille-oz-lotto-er-bare-ett-av-alternativene-for-lotterifans-fra-norge\/"]}]},{"@type":"ImageObject","inLanguage":"nb-NO","@id":"https:\/\/onlinelotto365.com\/no\/spille\/a-spille-oz-lotto-er-bare-ett-av-alternativene-for-lotterifans-fra-norge\/#primaryimage","url":"https:\/\/redfoxlotto.com\/image?size=8&amp;lottery=oz-lotto","contentUrl":"https:\/\/redfoxlotto.com\/image?size=8&amp;lottery=oz-lotto"},{"@type":"BreadcrumbList","@id":"https:\/\/onlinelotto365.com\/no\/spille\/a-spille-oz-lotto-er-bare-ett-av-alternativene-for-lotterifans-fra-norge\/#breadcrumb","itemListElement":[{"@type":"ListItem","position":1,"name":"Home","item":"https:\/\/onlinelotto365.com\/no\/"},{"@type":"ListItem","position":2,"name":"Spill hvilket som helst internasjonal lotteri du vil, uansett hvor du bor","item":"https:\/\/onlinelotto365.com\/no\/play\/"},{"@type":"ListItem","position":3,"name":"\u00c5 spille Oz Lotto er bare ett av alternativene for lotterifans fra Norge"}]},{"@type":"WebSite","@id":"https:\/\/onlinelotto365.com\/no\/#website","url":"https:\/\/onlinelotto365.com\/no\/","name":"OnlineLotto365","description":"","potentialAction":[{"@type":"SearchAction","target":{"@type":"EntryPoint","urlTemplate":"https:\/\/onlinelotto365.com\/no\/?s={search_term_string}"},"query-input":{"@type":"PropertyValueSpecification","valueRequired":true,"valueName":"search_term_string"}}],"inLanguage":"nb-NO"}]}},"_links":{"self":[{"href":"https:\/\/onlinelotto365.com\/no\/wp-json\/wp\/v2\/pages\/83770","targetHints":{"allow":["GET"]}}],"collection":[{"href":"https:\/\/onlinelotto365.com\/no\/wp-json\/wp\/v2\/pages"}],"about":[{"href":"https:\/\/onlinelotto365.com\/no\/wp-json\/wp\/v2\/types\/page"}],"author":[{"embeddable":true,"href":"https:\/\/onlinelotto365.com\/no\/wp-json\/wp\/v2\/users\/1"}],"replies":[{"embeddable":true,"href":"https:\/\/onlinelotto365.com\/no\/wp-json\/wp\/v2\/comments?post=83770"}],"version-history":[{"count":0,"href":"https:\/\/onlinelotto365.com\/no\/wp-json\/wp\/v2\/pages\/83770\/revisions"}],"up":[{"embeddable":true,"href":"https:\/\/onlinelotto365.com\/no\/wp-json\/wp\/v2\/pages\/5028"}],"wp:attachment":[{"href":"https:\/\/onlinelotto365.com\/no\/wp-json\/wp\/v2\/media?parent=83770"}],"curies":[{"name":"wp","href":"https:\/\/api.w.org\/{rel}","templated":true}]}}